{"id":9830,"date":"2022-12-01T07:00:00","date_gmt":"2022-12-01T06:00:00","guid":{"rendered":"https:\/\/rockyourgoal.de\/?page_id=9830"},"modified":"2025-01-10T10:39:11","modified_gmt":"2025-01-10T09:39:11","slug":"grip-strength-challenge","status":"publish","type":"page","link":"https:\/\/rockyourgoal.de\/sv\/timeless-challenge\/sport-challenge\/grip-strength-challenge\/","title":{"rendered":"Grip Strength Challenge"},"content":{"rendered":"\n<p>Kletterer, Turner und Hindernisl\u00e4ufer wissen genau wie wichtig eine gute Griffkraft ist. Doch ein fester H\u00e4ndedruck ist auch sexy, denn er zeugt von Selbstvertrauen. Man muss es sicherlich nicht gleich \u00fcbertreiben wie so mancher ehemaliger US-Pr\u00e4sident, aber niemand will eine halbtote &#8222;Gummihand&#8220; sch\u00fctteln. <\/p>\n\n\n\n<p>Du siehst, es wird Zeit etwas f\u00fcr seine Griffkraft zu tun! Und das ist nicht schwer. Mit unserer &#8222;Grip Strength Challenge&#8220; verbesserst Du Deine Griffkraft in nur 30 Tagen, aber sie macht vor allem Spa\u00df!<\/p>\n\n\n<div class=\"wp-block-image\">\n<figure class=\"aligncenter size-full\"><a href=\"https:\/\/rockyourgoal.de\/timeless-challenge\/#Anmeldung_und_Leistungsumfang\"><img loading=\"lazy\" decoding=\"async\" width=\"300\" height=\"145\" src=\"https:\/\/rockyourgoal.de\/wp-content\/uploads\/2022\/11\/image-2.png\" alt=\"\" class=\"wp-image-9840\" srcset=\"https:\/\/rockyourgoal.de\/wp-content\/uploads\/2022\/11\/image-2.png 300w, https:\/\/rockyourgoal.de\/wp-content\/uploads\/2022\/11\/image-2-18x9.png 18w\" sizes=\"auto, (max-width: 300px) 100vw, 300px\" \/><\/a><figcaption class=\"wp-element-caption\">Die Gripstrength Challenge ist Teil der Timeless Challenge. Mach mit!<\/figcaption><\/figure>\n<\/div>\n\n\n<p><strong><em>Jeden Montag eine neue Challenge!<\/em><\/strong>&nbsp;<strong><em>Folge uns und bleib informiert!<\/em><\/strong><\/p>\n\n\n\n<ul class=\"wp-block-list\">\n<li><strong>Instagram<\/strong>:&nbsp;<a rel=\"noreferrer noopener\" href=\"https:\/\/www.instagram.com\/timeless_challenge\" target=\"_blank\">@timeless_challenge<\/a><\/li>\n\n\n\n<li><strong>Facebook<\/strong>:&nbsp;<a rel=\"noreferrer noopener\" href=\"https:\/\/www.facebook.com\/rockyourgoal\" target=\"_blank\">Rockyourgoal<\/a><\/li>\n\n\n\n<li><strong>Twitter<\/strong>:&nbsp;<a rel=\"noreferrer noopener\" href=\"https:\/\/www.twitter.com\/goal_rock\" target=\"_blank\">@goal_rock<\/a><\/li>\n<\/ul>\n\n\n\n<blockquote class=\"wp-block-quote is-layout-flow wp-block-quote-is-layout-flow\">\n<p><strong><em>Wir wollen&nbsp;<a rel=\"noreferrer noopener\" href=\"https:\/\/rockyourgoal.de\/big5forlife\/trees4breeze\/\" target=\"_blank\">eine Million B\u00e4ume weltweit pflanzen<\/a>&nbsp;ohne um Spenden zu betteln!<\/em><\/strong><\/p>\n<cite>Uwe Kauntz<\/cite><\/blockquote>\n\n\n<div class=\"wp-block-image\">\n<figure class=\"aligncenter size-full\"><img loading=\"lazy\" decoding=\"async\" width=\"576\" height=\"397\" src=\"https:\/\/rockyourgoal.de\/wp-content\/uploads\/2022\/11\/grip-strength-challenge.jpg\" alt=\"\" class=\"wp-image-9834\" srcset=\"https:\/\/rockyourgoal.de\/wp-content\/uploads\/2022\/11\/grip-strength-challenge.jpg 576w, https:\/\/rockyourgoal.de\/wp-content\/uploads\/2022\/11\/grip-strength-challenge-300x207.jpg 300w, https:\/\/rockyourgoal.de\/wp-content\/uploads\/2022\/11\/grip-strength-challenge-18x12.jpg 18w\" sizes=\"auto, (max-width: 576px) 100vw, 576px\" \/><figcaption class=\"wp-element-caption\">Hier ist eine gute Griffkraft unverzichtbar<\/figcaption><\/figure>\n<\/div>\n\n\n<h2 class=\"wp-block-heading\">Regeln der Gripstrength Challenge<\/h2>\n\n\n\n<p>Du wirst 30 Tage lang Deine Griffkraft nach dem unten stehenden Plan trainieren. Wenn Du konsequent trainierst, dann verdienst Du Dir nicht nur den Grip-strength &#8211; Coin der Timeless Challenge aus dem Bereich &#8222;Gesundheit \/ Sport&#8220; sondern hast auch die M\u00f6glichkeit eine von zwei Karten des <a href=\"https:\/\/hotfootrun.de\/\" target=\"_blank\" rel=\"noreferrer noopener\">Hotfoot Run<\/a> zu gewinnen. Wie Du die Karten gewinnen kannst, erf\u00e4hrst Du weiter unten. <\/p>\n\n\n\n<p>Die Gripstrength Challenge besteht aus einer t\u00e4glichen Einheit mit Deadhangs, Pullups und Chinups. Du brauchst lediglich eine Klimmzugstange, einen Ast, ein Spielplatzger\u00fcst oder irgend etwas an dem Du Dich h\u00e4ngen lassen oder an dem Du Dich hochziehen kannst. Wenn Du noch keinen Klimmzug kannst, dann kannst Du ein Gummiband zur Unterst\u00fctzung nutzen oder passive Klimmz\u00fcge (von oben nach unten langsam absenken) machen. <\/p>\n\n\n\n<p>Es beginnt ganz harmlos, nimmt dann Fahrt auf und &#8230;&#8230;ach lass Dich \u00fcberraschen!<\/p>\n\n\n\n<h2 class=\"wp-block-heading\">30 Tage Gripstrength Challenge<\/h2>\n\n\n\n<figure class=\"wp-block-table\"><table><tbody><tr><td><strong>Tag<\/strong><\/td><td><strong>Deine heutigen \u00dcbungen der Grip Strength Challenge<\/strong><\/td><\/tr><tr><td>01<\/td><td><em>Deadhangs<\/em>: 10 Sekunden (am St\u00fcck), 2 S\u00e4tze, dazwischen 30 Sekunden Pause<\/td><\/tr><tr><td>02<\/td><td><em>Pullups<\/em>: 1 Pullup, zwei S\u00e4tze, dazwischen 30 Sekunden Pause<br><em>Chinups<\/em>: 1 Chinup, zwei S\u00e4tze, dazwischen 30 Sekunden Pause<\/td><\/tr><tr><td>03<\/td><td><em>Deadhangs<\/em>: 20 Sekunden (am St\u00fcck), 2 S\u00e4tze, dazwischen 30 Sekunden Pause<\/td><\/tr><tr><td>04<\/td><td><em>Pullups<\/em>: 2 Pullups, zwei S\u00e4tze, dazwischen 30 Sekunden Pause<br><em>Chinups<\/em>: 2 Chinups, zwei S\u00e4tze, dazwischen 30 Sekunden Pause<\/td><\/tr><tr><td>05<\/td><td><em>Deadhangs<\/em>: 30 Sekunden (am St\u00fcck), 2 S\u00e4tze, dazwischen 30 Sekunden Pause<\/td><\/tr><tr><td>06<\/td><td><em>Pullups<\/em>: 3 Pullups, zwei S\u00e4tze, dazwischen ca. 30 Sekunden Pause<br><em>Chinups<\/em>: 3 Chinups, zwei S\u00e4tze, dazwischen ca. 30 Sekunden Pause<\/td><\/tr><tr><td>07<\/td><td>PAUSE<\/td><\/tr><tr><td>08<\/td><td><em>Deadhangs<\/em>: 40 Sekunden (am St\u00fcck), Du kannst die 40 Sekunden auch auf 2 S\u00e4tze mit jeweils 20 Sekunden aufteilen und dazwischen ca. 30 Sekunden Pause machen. <\/td><\/tr><tr><td>09<\/td><td><em>Pullups<\/em>: 5 Pullups, aufgeteilt in zwei S\u00e4tze (z.B. 3 und 2), dazwischen ca. 30 Sekunden Pause<br><em>Chinups<\/em>: 5 Chinups, aufgeteilt in zwei S\u00e4tze (z.B. 3 und 2), dazwischen ca. 30 Sekunden Pause<\/td><\/tr><tr><td>10<\/td><td><em>Deadhangs<\/em>: 50 Sekunden. Du kannst sie auch auf 2 S\u00e4tze mit jeweils 30 Sekunden und 20 Sekunden aufteilen und dazwischen ca. 30 Sekunden Pause machen. <\/td><\/tr><tr><td>11<\/td><td><em>Pullups<\/em>: 6 Pullups, aufgeteilt in beliebig viele S\u00e4tze, dazwischen ca. 30 Sekunden Pause<br><em>Chinups<\/em>: 6 Chinups, aufgeteilt in beliebig viele S\u00e4tze, dazwischen ca. 30 Sekunden Pause<\/td><\/tr><tr><td>12<\/td><td><em>Deadhangs<\/em>: 60 Sekunden. Du kannst sie auch auf 2 S\u00e4tze mit jeweils 30 Sekunden und 30 Sekunden aufteilen und dazwischen ca. 30 Sekunden Pause machen. <\/td><\/tr><tr><td>13<\/td><td><em>Pullups<\/em>: 7 Pullups, aufgeteilt in beliebig viele S\u00e4tze, dazwischen ca. 30 Sekunden Pause<br><em>Chinups<\/em>: 7 Chinups, aufgeteilt in beliebig viele S\u00e4tze, dazwischen ca. 30 Sekunden Pause<\/td><\/tr><tr><td>14<\/td><td>PAUSE<\/td><\/tr><tr><td>15<\/td><td><em>Deadhangs<\/em>: 70 Sekunden (am St\u00fcck oder aufgeteilt) &#8211; Du kannst sie auf 2 S\u00e4tze mit jeweils 40 Sekunden und 30 Sekunden aufteilen und dazwischen ca. 30 Sekunden Pause machen. <\/td><\/tr><tr><td>16<\/td><td><em>Pullups<\/em>: 8 Pullups, aufgeteilt in beliebig viele S\u00e4tze, Pause nach Belieben<br><em>Chinups<\/em>: 8 Chinups, aufgeteilt in beliebig viele S\u00e4tze, Pause nach Belieben<\/td><\/tr><tr><td>17<\/td><td><em>Deadhangs<\/em>: 80 Sekunden (am St\u00fcck oder aufgeteilt)<\/td><\/tr><tr><td>18<\/td><td><em>Pullups<\/em>: 9 Pullups, aufgeteilt in beliebig viele S\u00e4tze, Pause nach Belieben<br><em>Chinups<\/em>: 9 Chinups, aufgeteilt in beliebig viele S\u00e4tze, Pause nach Belieben<\/td><\/tr><tr><td>19<\/td><td><em>Deadhangs<\/em>: 90 Sekunden (am St\u00fcck oder aufgeteilt)<\/td><\/tr><tr><td>20<\/td><td><em>Pullups<\/em>: 10 Pullups, aufgeteilt in beliebig viele S\u00e4tze, Pause nach Belieben<br><em>Chinups<\/em>: 10 Chinups, aufgeteilt in beliebig viele S\u00e4tze, Pause nach Belieben<\/td><\/tr><tr><td>21<\/td><td>PAUSE<\/td><\/tr><tr><td>22<\/td><td><em>Deadhangs<\/em>: 100 Sekunden (am St\u00fcck oder aufgeteilt)<\/td><\/tr><tr><td>23<\/td><td><em>Pullups<\/em>: 11 Pullups, aufgeteilt in beliebig viele S\u00e4tze, Pause nach Belieben<br><em>Chinups<\/em>: 11 Chinups, aufgeteilt in beliebig viele S\u00e4tze, Pause nach Belieben<\/td><\/tr><tr><td>24<\/td><td><em>Deadhangs<\/em>: 110 Sekunden (am St\u00fcck oder aufgeteilt)<\/td><\/tr><tr><td>25<\/td><td><em>Pullups<\/em>: 12 Pullups, aufgeteilt in beliebig viele S\u00e4tze, Pause nach Belieben<br><em>Chinups<\/em>: 12 Chinups, aufgeteilt in beliebig viele S\u00e4tze, Pause nach Belieben<\/td><\/tr><tr><td>26<\/td><td><em>Deadhangs<\/em>: 120 Sekunden (am St\u00fcck oder aufgeteilt)<\/td><\/tr><tr><td>27<\/td><td><em>Pullups<\/em>: 13 Pullups, aufgeteilt in beliebig viele S\u00e4tze, Pause nach Belieben<br><em>Chinups<\/em>: 13 Chinups, aufgeteilt in beliebig viele S\u00e4tze, Pause nach Belieben<\/td><\/tr><tr><td>28<\/td><td>PAUSE<\/td><\/tr><tr><td>29<\/td><td><em>Deadhangs<\/em>: 130 Sekunden (am St\u00fcck oder aufgeteilt)<br><em>Pullups<\/em>: 14 Pullups, aufgeteilt in beliebig viele S\u00e4tze, Pause nach Belieben<br><em>Chinups<\/em>: 14 Chinups, aufgeteilt in beliebig viele S\u00e4tze, Pause nach Belieben<\/td><\/tr><tr><td>30<\/td><td><em>Deadhangs<\/em>: 140 Sekunden (am St\u00fcck oder aufgeteilt)<br><em>Pullups<\/em>: 15 Pullups, aufgeteilt in beliebig viele S\u00e4tze, Pause nach Belieben<br><em>Chinups<\/em>: 15 Chinups, aufgeteilt in beliebig viele S\u00e4tze, Pause nach Belieben<\/td><\/tr><\/tbody><\/table><\/figure>\n\n\n\n<h3 class=\"wp-block-heading\">M\u00fcnze und Life-Score Punkte f\u00fcr die Grip Strength Challenge<\/h3>\n\n\n<div class=\"wp-block-image\">\n<figure class=\"aligncenter size-full\"><img loading=\"lazy\" decoding=\"async\" width=\"397\" height=\"202\" src=\"http:\/\/rockyourgoal.de\/wp-content\/uploads\/2024\/04\/gripstrength-challenge-coins.jpg\" alt=\"\" class=\"wp-image-16577\"\/><figcaption class=\"wp-element-caption\">Hol Dir die Grip-Strength M\u00fcnze in gr\u00fcn und die wertvollen Life-Score Punkte <\/figcaption><\/figure>\n<\/div>\n\n\n<p>F\u00fcr die <em>Grip Strength Challenge<\/em> kannst Du die wundersch\u00f6ne &#8222;Grip-Strength M\u00fcnze&#8220; der Iron Lake Challenge in gr\u00fcn in einem Durchmesser von 3 cm sowie 5 Life-Score Punkte f\u00fcr unser Life Museum bekommen. Aber Du musst sie Dir nat\u00fcrlich erst verdienen!<\/p>\n\n\n\n<h2 class=\"wp-block-heading\">Wie kannst Du mitmachen?<\/h2>\n\n\n\n<ul class=\"wp-block-list\">\n<li><a href=\"https:\/\/rockyourgoal.de\/wb-admin\/?action=register\">Melde Dich auf dieser Seite an<\/a>! Einmal angemeldet, kannst Du bei allen unserer Challenges mit diesem Account mitmachen. <\/li>\n\n\n\n<li>Nun hei\u00dft es jeden Tag Griffkraft zu trainieren! <\/li>\n\n\n\n<li>Wenn Du das 30-Tage-Griffkraft-Programm geschafft hast, f\u00fcll bitte das Formular unten aus und Du bekommst von uns (kostenlos) die M\u00fcnze und die Life-Score Punkte gutgeschrieben. Easy, oder?<\/li>\n<\/ul>\n\n\n\n<p class=\"has-text-align-center\"><a href=\"http:\/\/rockyourgoal.de\/wp-content\/uploads\/2024\/03\/Booklet-Challenge-Tool-1.pdf\">Eine genaue Beschreibung des Tools findest Du in unserem Booklet<\/a><\/p>\n\n\n\n<h3 class=\"wp-block-heading\">Erfasse Dein Ergebnis<\/h3>\n\n\n\n\n\n\n<h2 class=\"wp-block-heading\">Die Grip Strength Challenge Ehrentabelle<\/h2>\n\n\n\n        <a id=\"table-top-anchor\"><\/a>\n        <div class=\"table\">\n          <div class=\"row header-row\">\n            <div class=\"cell header num-col\">Rank<\/div>\n            <div class=\"cell header\">Athlet<\/div>\n            <div class=\"cell header num-col\">Teilgenommene Challenge<\/div>\n            <div class=\"cell header num-col\">Life Score<\/br>Points<\/div>\n          <\/div>\n          <div class=\"row\">   <div class=\"cell num-col\">1.<\/div>   <div class=\"cell left\">ML <div class='hide-on-desktop'>Summits: ML<br \/>Teilgenommene Challenge:  Grip-Strength Challenge<br \/>Lifescore Points: 5<\/div><\/div>   <div class=\"cell num-col\"> Grip-Strength Challenge<\/div>   <div class=\"cell num-col\">5<\/div><\/div><div class=\"row\">   <div class=\"cell num-col\">2.<\/div>   <div class=\"cell left\">Nicole Runge <div class='hide-on-desktop'>Summits: Nicole Runge<br \/>Teilgenommene Challenge:  Grip-Strength Challenge<br \/>Lifescore Points: 5<\/div><\/div>   <div class=\"cell num-col\"> Grip-Strength Challenge<\/div>   <div class=\"cell num-col\">5<\/div><\/div><div class=\"row\">   <div class=\"cell num-col\">3.<\/div>   <div class=\"cell left\">Mirko Dressler <div class='hide-on-desktop'>Summits: Mirko Dressler<br \/>Teilgenommene Challenge:  Grip-Strength Challenge<br \/>Lifescore Points: 10<\/div><\/div>   <div class=\"cell num-col\"> Grip-Strength Challenge<\/div>   <div class=\"cell num-col\">10<\/div><\/div><div class=\"row\">   <div class=\"cell num-col\">4.<\/div>   <div class=\"cell left\">Dani D. <div class='hide-on-desktop'>Summits: Dani D.<br \/>Teilgenommene Challenge:  Grip-Strength Challenge<br \/>Lifescore Points: 5<\/div><\/div>   <div class=\"cell num-col\"> Grip-Strength Challenge<\/div>   <div class=\"cell num-col\">5<\/div><\/div>\n          <div class=\"row footer-row\">\n            <div class=\"cell footer no-border hide-mobile\"><a href=\"javascript:void(0);\" class=\"first-page\">&lt;&lt;Erste<\/a><\/div>\n            <div class=\"cell footer no-border hide-mobile\"><a href=\"javascript:void(0);\" class=\"prev\">&lt;Vorherige<\/a><\/div>\n            <div class=\"cell footer no-border hide-mobile\"><a href=\"javascript:void(0);\" class=\"next\">N\u00e4chste&gt;<\/a><\/div>\n            <div class=\"cell footer no-border hide-mobile\"><a href=\"javascript:void(0);\" class=\"last-page\">Letzte&gt;&gt;<\/a><\/div>\n          <\/div>\n          <div class=\"row footer-row hide-on-desktop\">\n            <div class=\"cell footer no-border hide-on-desktop\">Seite:<br \/><span class=\"page-count\">1 \/ 2<\/span><\/div>\n            <div class=\"cell footer no-border hide-on-desktop\"><a class=\"first-page\">&lt;&lt;Erste<\/a><br \/>\n                <a class=\"last-page\">Letzte&gt;&gt;<\/a><\/div>\n            <div class=\"cell footer no-border hide-on-desktop\"><a class=\"prev\">&lt;Vorherige<\/a><br \/>\n                <a class=\"next\">N\u00e4chste&gt;<\/a><\/div>\n          <\/div>\n        <\/div>\n      \n      <style>\n      a.next:hover,a.prev:hover,a.first-page:hover,a.last-page:hover {\n        cursor: pointer;\n      }\n      div.header {\n        text-align: center;\n        background-color: #efbf99;\n        font-weight: 500;\n      }\n      div.footer {\n        background-color: #efbf99;\n        text-align: left;\n      }\n      div.left {\n        text-align: left;\n      }\n      div.center {\n        text-align: center;\n      }\n      div.right {\n        text-align: right;\n      }\n      div.rank {\n        text-align: right;\n      }\n      .cell.no-border {\n        border: none;\n      }\n      @media only screen and (max-width: 767px) {\n        div.hide-mobile {\n          display: none !important;\n        }\n        .show-mobile {\n          display: block !important;\n        }\n      }\n\n      @media only screen and (min-width: 768px) {\n        div.hide-on-desktop {\n          display: none !important;\n        }\n        .show-on-mobile {\n          display: block !important;\n        }\n      }\n\n      .table {\n        display: table;\n        width: 100%;\n        border-collapse: collapse;\n        border: 1px solid black;\n      }\n  \n      .row {\n        display: table-row;\n      }\n  \n      .cell {\n        display: table-cell;\n        padding: 10px;\n        border: 1px solid black;\n        text-align: center;\n      }\n\n      @media (max-width: 768px) {\n        .cell:nth-child(4),\n        .cell:nth-child(5),\n        .cell:nth-child(6),\n        .cell:nth-child(7),\n        .cell:nth-child(8),\n        .cell:nth-child(9) {\n          display: none;\n        }\n      }\n\n      .next-button {\n        display: none;\n        margin-top: 10px;\n        text-align: center;\n      }\n  \n      @media (max-width: 768px) {\n        .next-button {\n          display: block;\n        }\n      }\n      \n      .hidden {\n        display: none;\n      }\n      \n      .num-col {\n        text-align: right;\n      }\n      <\/style>\n\n      <script>\n        document.addEventListener(\"DOMContentLoaded\", function () {\n          var currentPage = 1;\n          var entriesPerPage = 10;\n          var totalEntries = 4\n          var totalPages = Math.ceil(totalEntries \/ entriesPerPage);\n\n          function showPage(page) {\n            var start = (page - 1) * entriesPerPage;\n            var end = start + entriesPerPage;\n\n            var rows = document.querySelectorAll(\".table .row:not(.header-row):not(.footer-row)\");\n            for (var i = 0; i < rows.length; i++) {\n              rows[i].style.display = i >= start && i < end ? \"table-row\" : \"none\";\n            }\n          }\n\n          function updatePageCount() {\n            var pageCountElement = document.querySelector(\".page-count\");\n            pageCountElement.textContent = currentPage + \" \/ \" + totalPages;\n          }\n\n          function handleNavigationClick(event) {\n            event.preventDefault();\n            var action = event.target.getAttribute(\"class\");\n            switch (action) {\n              case \"first-page\":\n                currentPage = 1;\n                break;\n              case \"prev\":\n                if (currentPage > 1) {\n                  currentPage--;\n                }\n                break;\n              case \"next\":\n                if (currentPage < totalPages) {\n                  currentPage++;\n                }\n                break;\n              case \"last-page\":\n                currentPage = totalPages;\n                break;\n            }\n\n            showPage(currentPage);\n            updatePageCount();\n          }\n\n          var navigationLinks = document.querySelectorAll(\".first-page, .prev, .next, .last-page\");\n          for (var i = 0; i < navigationLinks.length; i++) {\n            navigationLinks[i].addEventListener(\"click\", handleNavigationClick);\n          }\n\n          \/\/ Initial page display\n          showPage(currentPage);\n          updatePageCount();\n        });\n      <\/script>\n        \n        <script>\n        document.getElementById(\"select_challenge_summit\").addEventListener(\"change\", (evt) => {\n            const urlParts = document.location.href.split(\"?\");\n            const cleanUrl = urlParts[0];\n            if (urlParts.length > 1 && urlParts[1].indexOf(\"page_id=\") !== -1) {\n                const urlParts2 = document.location.href.split(\"page_id=\");\n                const endId = urlParts2[1].indexOf(\"&\") === -1 ? urlParts2[1].length : urlParts2[1].indexOf(\"&\");\n                const pageId = urlParts2[1].substring(0,endId);\n                window.location.href = cleanUrl + \"?page_id=\" + pageId + \"&c_id=\" + evt.target.value;\n            } else {\n                window.location.href = cleanUrl + \"?c_id=\" + evt.target.value;\n            }\n        });\n      <\/script>\n      \n\n\n\n<h2 class=\"wp-block-heading\">Die Grip Strength Challenge in Social Media<\/h2>\n\n\n\n<p>Du kannst Deine Griffkraft \u00dcbungen zu Hause oder an ausgefallenen Orten machen und dr\u00fcber in Social Media berichten und vielleicht weitere Menschen dazu animieren.<\/p>\n\n\n\n<h3 class=\"wp-block-heading\">Die Grip Strength Challenge auf Facebook<\/h3>\n\n\n\n<p>Wir laden Dich herzlich zum zwanglosen Austausch \u00fcber diese Challenge in unsere Gruppe&nbsp;<em>Sport und Gesundheit<\/em>&nbsp;in Facebook ein.<\/p>\n\n\n\n<h3 class=\"wp-block-heading\">Unsere Hashtags<\/h3>\n\n\n\n<ul class=\"wp-block-list\">\n<li><em>#timelesschallenge<\/em>&nbsp;(zeig, dass Du diese Challenge gut findest)<\/li>\n\n\n\n<li>#tcgripstrengthchallenge<\/li>\n<\/ul>\n\n\n\n<h2 class=\"wp-block-heading\">Weitere Infos und Trainingspl\u00e4ne zum Griffkrafttraining<\/h2>\n\n\n\n<p>Wenn Du genauere Informationen zum Griffkrafttraining m\u00f6chtest, dann empfehle ich Dir mein eBook zu dem Thema Griffkrafttraining. <\/p>\n\n\n<div class=\"wp-block-image\">\n<figure class=\"aligncenter size-thumbnail\"><a href=\"https:\/\/www.digistore24.com\/product\/315225\"><img loading=\"lazy\" decoding=\"async\" width=\"150\" height=\"150\" src=\"https:\/\/rockyourgoal.de\/wp-content\/uploads\/2020\/03\/grip-wins-races-150x150.jpg\" alt=\"\" class=\"wp-image-1374\"\/><\/a><\/figure>\n<\/div>","protected":false},"excerpt":{"rendered":"<p>Kletterer, Turner und Hindernisl\u00e4ufer wissen genau wie wichtig eine gute Griffkraft ist. Doch ein fester H\u00e4ndedruck ist auch sexy, denn er zeugt von Selbstvertrauen. Man muss es sicherlich nicht gleich \u00fcbertreiben wie so mancher ehemaliger US-Pr\u00e4sident, aber niemand will eine halbtote &#8222;Gummihand&#8220; sch\u00fctteln. Du siehst, es wird Zeit etwas f\u00fcr&hellip;<\/p>\n<p> <a class=\"more-link\" href=\"https:\/\/rockyourgoal.de\/sv\/timeless-challenge\/sport-challenge\/grip-strength-challenge\/\">L\u00e4s mer<\/a><\/p>","protected":false},"author":2,"featured_media":9862,"parent":7499,"menu_order":0,"comment_status":"open","ping_status":"closed","template":"","meta":{"pgc_sgb_lightbox_settings":"","_glsr_average":0,"_glsr_ranking":0,"_glsr_reviews":0,"footnotes":""},"class_list":["post-9830","page","type-page","status-publish","has-post-thumbnail"],"_links":{"self":[{"href":"https:\/\/rockyourgoal.de\/sv\/wp-json\/wp\/v2\/pages\/9830","targetHints":{"allow":["GET"]}}],"collection":[{"href":"https:\/\/rockyourgoal.de\/sv\/wp-json\/wp\/v2\/pages"}],"about":[{"href":"https:\/\/rockyourgoal.de\/sv\/wp-json\/wp\/v2\/types\/page"}],"author":[{"embeddable":true,"href":"https:\/\/rockyourgoal.de\/sv\/wp-json\/wp\/v2\/users\/2"}],"replies":[{"embeddable":true,"href":"https:\/\/rockyourgoal.de\/sv\/wp-json\/wp\/v2\/comments?post=9830"}],"version-history":[{"count":42,"href":"https:\/\/rockyourgoal.de\/sv\/wp-json\/wp\/v2\/pages\/9830\/revisions"}],"predecessor-version":[{"id":18253,"href":"https:\/\/rockyourgoal.de\/sv\/wp-json\/wp\/v2\/pages\/9830\/revisions\/18253"}],"up":[{"embeddable":true,"href":"https:\/\/rockyourgoal.de\/sv\/wp-json\/wp\/v2\/pages\/7499"}],"wp:featuredmedia":[{"embeddable":true,"href":"https:\/\/rockyourgoal.de\/sv\/wp-json\/wp\/v2\/media\/9862"}],"wp:attachment":[{"href":"https:\/\/rockyourgoal.de\/sv\/wp-json\/wp\/v2\/media?parent=9830"}],"curies":[{"name":"wp","href":"https:\/\/api.w.org\/{rel}","templated":true}]}}