{"id":7100,"date":"2023-02-13T07:00:00","date_gmt":"2023-02-13T06:00:00","guid":{"rendered":"https:\/\/rockyourgoal.de\/?page_id=7100"},"modified":"2025-01-08T15:12:07","modified_gmt":"2025-01-08T14:12:07","slug":"15-minutes-foreign-words","status":"publish","type":"page","link":"https:\/\/rockyourgoal.de\/sv\/timeless-challenge\/15-minutes-foreign-words\/","title":{"rendered":"15 Minutes foreign words &#8211; 15 Minuten Fremdsprache"},"content":{"rendered":"<p>Wir alle haben in der Schule mindestens Englisch als Fremdsprache gelernt. Auf h\u00f6heren Schulen kamen meistens noch Franz\u00f6sisch, Spanisch, Latein oder eine andere, zweite Fremdsprache hinzu. <\/p>\n\n\n\n<p>Aber kannst Du diese Sprachen noch auf dem Niveau sprechen wie damals? Nicht? Dann geht es Dir wie den meisten Menschen die nicht zuf\u00e4llig beruflich oder privat die erlernte Sprache regelm\u00e4\u00dfig sprechen m\u00fcssen. <\/p>\n\n\n\n<p>Wir denken, dass es schade ist eine Sprache zu verlernen. Vor allem, weil es so einfach w\u00e4re das zu verhindern. Wir m\u00fcssten uns nur jeden Tag 15 Minuten mit der Fremdsprache unserer Wahl besch\u00e4ftigen. <\/p>\n\n\n\n<p>Studien zeigen, dass 15 Minuten gen\u00fcgen um das Erlernte in einer Fremdsprache zu behalten und sogar auszubauen. <\/p>\n\n\n\n<p>Und die 15 Minuten m\u00fcssen nicht &#8222;on top&#8220; kommen, denn Du kannst diese Zeit gleich doppelt nutzen. Wenn Du Dich z.B. \u00fcber ein bestimmtes Produkt oder Reiseziel informierst, dann mach das doch in der Fremdsprache. Warum nicht z.B. englischsprachige Berichte \u00fcber eine bestimmte Urlaubsregion auf Youtube anschauen? Warum nicht ein H\u00f6rbuch im Auto in der Fremdsprache h\u00f6ren?<\/p>\n\n\n<div class=\"wp-block-image\">\n<figure class=\"aligncenter size-full is-resized\"><a href=\"https:\/\/rockyourgoal.de\/wp-content\/uploads\/2022\/05\/15-minutes-foreign-words-challenge.jpg\"><img loading=\"lazy\" decoding=\"async\" width=\"960\" height=\"720\" src=\"http:\/\/rockyourgoal.de\/wp-content\/uploads\/2022\/05\/15-minutes-foreign-words-challenge.jpg\" alt=\"\" class=\"wp-image-7104\" style=\"width:-371px;height:-278px\" srcset=\"https:\/\/rockyourgoal.de\/wp-content\/uploads\/2022\/05\/15-minutes-foreign-words-challenge.jpg 960w, https:\/\/rockyourgoal.de\/wp-content\/uploads\/2022\/05\/15-minutes-foreign-words-challenge-300x225.jpg 300w, https:\/\/rockyourgoal.de\/wp-content\/uploads\/2022\/05\/15-minutes-foreign-words-challenge-768x576.jpg 768w, https:\/\/rockyourgoal.de\/wp-content\/uploads\/2022\/05\/15-minutes-foreign-words-challenge-16x12.jpg 16w, https:\/\/rockyourgoal.de\/wp-content\/uploads\/2022\/05\/15-minutes-foreign-words-challenge-850x638.jpg 850w\" sizes=\"auto, (max-width: 960px) 100vw, 960px\" \/><\/a><\/figure>\n<\/div>\n\n\n<p>Warum nicht mal mit einem Freund in dessen (und uns bekannten) Muttersprache sprechen? Es geht nicht ums K\u00f6nnen, es geht ums Wollen! Wenn Du das willst, dann sind die 15 Minuten pro Tag kein Problem. <\/p>\n\n\n\n<p>Aber auch hier gilt, probier\u00b4s doch einfach mal aus! Und genau deshalb haben wir die &#8222;15 Minutes foreign words&#8220; Challenge geschaffen. <\/p>\n\n\n<div class=\"wp-block-image\">\n<figure class=\"aligncenter\"><a href=\"https:\/\/rockyourgoal.de\/sv\/timeless-challenge\/#Anmeldung_und_Leistungsumfang\"><img loading=\"lazy\" decoding=\"async\" width=\"300\" height=\"145\" src=\"https:\/\/rockyourgoal.de\/wp-content\/uploads\/2022\/11\/image.png\" alt=\"\" class=\"wp-image-9693\" srcset=\"https:\/\/rockyourgoal.de\/wp-content\/uploads\/2022\/11\/image.png 300w, https:\/\/rockyourgoal.de\/wp-content\/uploads\/2022\/11\/image-18x9.png 18w\" sizes=\"auto, (max-width: 300px) 100vw, 300px\" \/><\/a><figcaption class=\"wp-element-caption\"><a href=\"https:\/\/rockyourgoal.de\/sv\/timeless-challenge\/#Anmeldung_und_Leistungsumfang\">Die 15 Minutes foreign words Challenge ist Teil der Timeless Challenge. Mach mit!<\/a><\/figcaption><\/figure>\n<\/div>\n\n\n<p><strong><em>Folge uns und bleib informiert!<\/em><\/strong><\/p>\n\n\n\n<ul class=\"wp-block-list\">\n<li><strong>Instagram<\/strong>:&nbsp;<a rel=\"noreferrer noopener\" href=\"https:\/\/www.instagram.com\/timeless_challenge\" target=\"_blank\">@timeless_challenge<\/a><\/li>\n\n\n\n<li><strong>Facebook<\/strong>:&nbsp;<a rel=\"noreferrer noopener\" href=\"https:\/\/www.facebook.com\/rockyourgoal\" target=\"_blank\">Rockyourgoal<\/a><\/li>\n\n\n\n<li><strong>Twitter<\/strong>:&nbsp;<a rel=\"noreferrer noopener\" href=\"https:\/\/www.twitter.com\/goal_rock\" target=\"_blank\">@goal_rock<\/a><\/li>\n<\/ul>\n\n\n\n<h2 class=\"wp-block-heading\">Wie funktoniert die &#8222;1<em>5 Minutes foreign words<\/em>&#8220; Challenge?<\/h2>\n\n\n\n<p>Du besch\u00e4ftigst Dich 30 Tage lang jeweils <strong>15 Minuten pro Tag<\/strong> mit Deiner Fremdsprache. Du kannst in der Sprache sprechen, Filme in der Sprache schauen oder auch H\u00f6rb\u00fccher h\u00f6ren. Nat\u00fcrlich auch lesen. Es z\u00e4hlt einfach alles, solange Du das Erlernte beibeh\u00e4ltst oder sogar ausbaust.<\/p>\n\n\n\n<p>Nach 30 Tagen bekommst Du von uns die wohlverdienten Life-Score Punkte. <\/p>\n\n\n\n<h2 class=\"wp-block-heading\">Life-Score Punkte f\u00fcr die 15 minutes foreign Words Challenge<\/h2>\n\n\n<div class=\"wp-block-image\">\n<figure class=\"aligncenter size-full is-resized\"><a href=\"http:\/\/rockyourgoal.de\/wp-content\/uploads\/2022\/08\/LSP-Persoenlichkeit.png\"><img loading=\"lazy\" decoding=\"async\" width=\"1000\" height=\"1001\" src=\"http:\/\/rockyourgoal.de\/wp-content\/uploads\/2022\/08\/LSP-Persoenlichkeit.png\" alt=\"\" class=\"wp-image-8297\" style=\"width:250px;height:250px\" srcset=\"https:\/\/rockyourgoal.de\/wp-content\/uploads\/2022\/08\/LSP-Persoenlichkeit.png 1000w, https:\/\/rockyourgoal.de\/wp-content\/uploads\/2022\/08\/LSP-Persoenlichkeit-300x300.png 300w, https:\/\/rockyourgoal.de\/wp-content\/uploads\/2022\/08\/LSP-Persoenlichkeit-150x150.png 150w, https:\/\/rockyourgoal.de\/wp-content\/uploads\/2022\/08\/LSP-Persoenlichkeit-768x769.png 768w, https:\/\/rockyourgoal.de\/wp-content\/uploads\/2022\/08\/LSP-Persoenlichkeit-12x12.png 12w, https:\/\/rockyourgoal.de\/wp-content\/uploads\/2022\/08\/LSP-Persoenlichkeit-850x851.png 850w\" sizes=\"auto, (max-width: 1000px) 100vw, 1000px\" \/><\/a><\/figure>\n<\/div>\n\n\n<p>Wenn Du es schaffst, 30 Tage lang jeden Tag 15 Minuten mit einer Fremdsprache zu verbringen, dann hast Du Dir 10 Life-Score Punkte verdient.<\/p>\n\n\n\n<h3 class=\"wp-block-heading\">Murmel f\u00fcr die 15 minutes foreign words Challenge<\/h3>\n\n\n\n<p>Als Timeless Challenger kannst Du f\u00fcr diese Challenge Du die wundersch\u00f6ne(n) Murmel(n) in gelb bekommen. Diese haben die folgende Gr\u00f6\u00dfe:<\/p>\n\n\n\n<ul class=\"wp-block-list\">\n<li>10 Life-Score Punkte &#8211; Eine gelbe Murmel mit einem Durchmesser von 16mm<\/li>\n<\/ul>\n\n\n\n<p>Wenn Du die Murmel(n) haben m\u00f6chtest, dann lies bitte weiter &#8230;.<\/p>\n\n\n\n<h2 class=\"wp-block-heading\">Wie kannst Du mitmachen?<\/h2>\n\n\n\n<ul class=\"wp-block-list\">\n<li><a href=\"https:\/\/rockyourgoal.de\/sv\/timeless-challenge\/#Anmeldung_und_Leistungsumfang\">Melde Dich bei der Timeless Challenge an!<\/a><\/li>\n\n\n\n<li><a href=\"https:\/\/rockyourgoal.de\/sv\/wb-admin\/?action=register\">Registriere Dich (falls noch nicht geschehen) bei dieser Seite (klick auf diesen Satz)<\/a><\/li>\n\n\n\n<li>Jetzt hei\u00dft es flei\u00dfig sein! Lerne mindestens 30 Tage lang eine Fremdsprache f\u00fcr 15 Minuten pro Tag. Du wirst sehen wie viel Spa\u00df das eigentlich macht. <\/li>\n\n\n\n<li>Wenn Du 30 Tage lang 15 Minuten eine fremde Sprache gelernt hast, dann f\u00fcll bitte das untere Formular (nur sichtbar wenn Du registriert und angemeldet bist) aus. Wir schicken Dir die Murmel zu. Die Life Score Points werden Dir automatisch gutgeschrieben und im <a href=\"https:\/\/rockyourgoal.de\/sv\/timeless-challenge\/#Life_Museum\">Life Museum<\/a> erg\u00e4nzt. Bitte schreibe Deine Lieferadresse in die &#8222;Notes&#8220; im Formular. <\/li>\n<\/ul>\n\n\n\n\n\n\n<h2 class=\"wp-block-heading\">Die 15 minutes foreign Words Challenge auf Social Media<\/h2>\n\n\n\n<p>Wir laden Dich ein, dich mit Anderen auf unseren Social Media Kan\u00e4len auszutauschen. <\/p>\n\n\n\n<h3 class=\"wp-block-heading\">Die 15 minutes foreign Words Challenge auf Facebook<\/h3>\n\n\n\n<p>Wir freuen uns, wenn Du Dich \u00fcber diese Challenge in unserer Facebook Gruppe &#8222;Pers\u00f6nlichkeit&#8220; austauschst. <\/p>\n\n\n\n<h3 class=\"wp-block-heading\">Hashtags<\/h3>\n\n\n\n<ul class=\"wp-block-list\">\n<li>#15minutesforeignwords<\/li>\n\n\n\n<li>#timelesschallenge<\/li>\n\n\n\n<li>#timelesschallenger<\/li>\n<\/ul>","protected":false},"excerpt":{"rendered":"<p>Wir alle haben in der Schule mindestens Englisch als Fremdsprache gelernt. Auf h\u00f6heren Schulen kamen meistens noch Franz\u00f6sisch, Spanisch, Latein oder eine andere, zweite Fremdsprache hinzu. Aber kannst Du diese Sprachen noch auf dem Niveau sprechen wie damals? Nicht? Dann geht es Dir wie den meisten Menschen die nicht zuf\u00e4llig&hellip;<\/p>\n<p> <a class=\"more-link\" href=\"https:\/\/rockyourgoal.de\/sv\/timeless-challenge\/15-minutes-foreign-words\/\">L\u00e4s mer<\/a><\/p>","protected":false},"author":2,"featured_media":7124,"parent":5417,"menu_order":0,"comment_status":"open","ping_status":"closed","template":"","meta":{"pgc_sgb_lightbox_settings":"","_glsr_average":0,"_glsr_ranking":0,"_glsr_reviews":0,"footnotes":""},"class_list":["post-7100","page","type-page","status-publish","has-post-thumbnail"],"_links":{"self":[{"href":"https:\/\/rockyourgoal.de\/sv\/wp-json\/wp\/v2\/pages\/7100","targetHints":{"allow":["GET"]}}],"collection":[{"href":"https:\/\/rockyourgoal.de\/sv\/wp-json\/wp\/v2\/pages"}],"about":[{"href":"https:\/\/rockyourgoal.de\/sv\/wp-json\/wp\/v2\/types\/page"}],"author":[{"embeddable":true,"href":"https:\/\/rockyourgoal.de\/sv\/wp-json\/wp\/v2\/users\/2"}],"replies":[{"embeddable":true,"href":"https:\/\/rockyourgoal.de\/sv\/wp-json\/wp\/v2\/comments?post=7100"}],"version-history":[{"count":15,"href":"https:\/\/rockyourgoal.de\/sv\/wp-json\/wp\/v2\/pages\/7100\/revisions"}],"predecessor-version":[{"id":18118,"href":"https:\/\/rockyourgoal.de\/sv\/wp-json\/wp\/v2\/pages\/7100\/revisions\/18118"}],"up":[{"embeddable":true,"href":"https:\/\/rockyourgoal.de\/sv\/wp-json\/wp\/v2\/pages\/5417"}],"wp:featuredmedia":[{"embeddable":true,"href":"https:\/\/rockyourgoal.de\/sv\/wp-json\/wp\/v2\/media\/7124"}],"wp:attachment":[{"href":"https:\/\/rockyourgoal.de\/sv\/wp-json\/wp\/v2\/media?parent=7100"}],"curies":[{"name":"wp","href":"https:\/\/api.w.org\/{rel}","templated":true}]}}