{"id":6744,"date":"2023-03-27T07:00:00","date_gmt":"2023-03-27T05:00:00","guid":{"rendered":"https:\/\/rockyourgoal.de\/?page_id=6744"},"modified":"2025-01-15T14:35:49","modified_gmt":"2025-01-15T13:35:49","slug":"resting-hands","status":"publish","type":"page","link":"https:\/\/rockyourgoal.de\/sv\/timeless-challenge\/emotionen\/resting-hands\/","title":{"rendered":"Resting Hands"},"content":{"rendered":"<p>Was macht der laufende Konsum von Pornos mit Menschen? Was macht er mit Dir? Vielleicht nichts, vielleicht aber doch! Wann hast Du das letzte Mal einen Monat komplett ohne Pornokonsum verbracht?<\/p>\n\n\n\n<p>Die Resting Hands Challenge soll Dich dazu ermutigen einen Monat komplett auf Pornos zu verzichten und Dir damit die M\u00f6glichkeit bieten auszuprobieren ob Pornos auf dich eine Auswirkung haben oder nicht. <\/p>\n\n\n\n<p>International gibt es bereits tausende Websiten, Videos und Erfahrungsberichte von Menschen die einen sehr positive Erfahrungen durch den Verzicht auf Pornos gemacht haben. Aber probier\u00b4s doch aus!<\/p>\n\n\n<div class=\"wp-block-image\">\n<figure class=\"aligncenter size-full is-resized\"><a href=\"https:\/\/rockyourgoal.de\/wp-content\/uploads\/2022\/04\/resting-hands-challenge.png\"><img loading=\"lazy\" decoding=\"async\" width=\"640\" height=\"609\" src=\"https:\/\/rockyourgoal.de\/wp-content\/uploads\/2022\/04\/resting-hands-challenge.png\" alt=\"\" class=\"wp-image-6747\" style=\"width:480px;height:457px\" srcset=\"https:\/\/rockyourgoal.de\/wp-content\/uploads\/2022\/04\/resting-hands-challenge.png 640w, https:\/\/rockyourgoal.de\/wp-content\/uploads\/2022\/04\/resting-hands-challenge-300x285.png 300w, https:\/\/rockyourgoal.de\/wp-content\/uploads\/2022\/04\/resting-hands-challenge-13x12.png 13w\" sizes=\"auto, (max-width: 640px) 100vw, 640px\" \/><\/a><\/figure>\n<\/div>\n\n\n<h2 class=\"wp-block-heading\">So funktioniert die <em>Resting Hands<\/em> Challenge<\/h2>\n\n\n\n<p>Du kannst sofort starten und die n\u00e4chsten 30 Tage komplett auf Pornos verzichten. Wenn es Dir schwer f\u00e4llt dann lass Dir durch technische Hilfsmittel (Contentfilter etc.) helfen. Achte dabei genau darauf wie Du Dich f\u00fchlst. Geht es Dir besser? Falls ja, dann behalte dieses Verhalten bei!<\/p>\n\n\n\n<p>Sobald Du 30 Tage erfolgreich auf Pornos verzichtet hast, kannst Du uns schreiben und wir \u00fcbersenden Dir die verdienten Life-Score Punkte<\/p>\n\n\n<div class=\"wp-block-image\">\n<figure class=\"aligncenter\"><a href=\"https:\/\/rockyourgoal.de\/sv\/timeless-challenge\/#Anmeldung_und_Leistungsumfang\"><img loading=\"lazy\" decoding=\"async\" width=\"300\" height=\"145\" src=\"https:\/\/rockyourgoal.de\/wp-content\/uploads\/2022\/11\/image.png\" alt=\"\" class=\"wp-image-9693\" srcset=\"https:\/\/rockyourgoal.de\/wp-content\/uploads\/2022\/11\/image.png 300w, https:\/\/rockyourgoal.de\/wp-content\/uploads\/2022\/11\/image-18x9.png 18w\" sizes=\"auto, (max-width: 300px) 100vw, 300px\" \/><\/a><figcaption class=\"wp-element-caption\"><a href=\"https:\/\/rockyourgoal.de\/sv\/timeless-challenge\/#Anmeldung_und_Leistungsumfang\">Resting Hands ist Teil der Timeless Challenge. Mach mit!<\/a><\/figcaption><\/figure>\n<\/div>\n\n\n<blockquote class=\"wp-block-quote is-layout-flow wp-block-quote-is-layout-flow\">\n<p><em>Ich glaube daran, dass jeder Mensch mit seinen Handlungen die Welt ver\u00e4ndern kann! Mach Dein Leben durch sinnvolle Aktionen (Challenges) zu etwas Besonderem und Dauerhaftem! Mach Dich unsterblich!<\/em><\/p>\n\n\n\n<p><em>Wir wollen&nbsp;<a rel=\"noreferrer noopener\" href=\"https:\/\/rockyourgoal.de\/sv\/big5forlife\/trees4breeze\/\" target=\"_blank\">eine Million B\u00e4ume weltweit pflanzen<\/a>&nbsp;ohne um Spenden zu betteln!<\/em><\/p>\n\n\n\n<p>Uwe Kauntz<\/p>\n<\/blockquote>\n\n\n\n<h2 class=\"wp-block-heading\">Life-Score Punkte f\u00fcr die Resting Hands Challenge<\/h2>\n\n\n<div class=\"wp-block-image\">\n<figure class=\"aligncenter size-medium\"><img loading=\"lazy\" decoding=\"async\" width=\"300\" height=\"300\" src=\"https:\/\/rockyourgoal.de\/wp-content\/uploads\/2022\/08\/LSP-Emotionen-300x300.png\" alt=\"\" class=\"wp-image-8295\" srcset=\"https:\/\/rockyourgoal.de\/wp-content\/uploads\/2022\/08\/LSP-Emotionen-300x300.png 300w, https:\/\/rockyourgoal.de\/wp-content\/uploads\/2022\/08\/LSP-Emotionen-150x150.png 150w, https:\/\/rockyourgoal.de\/wp-content\/uploads\/2022\/08\/LSP-Emotionen-768x769.png 768w, https:\/\/rockyourgoal.de\/wp-content\/uploads\/2022\/08\/LSP-Emotionen-12x12.png 12w, https:\/\/rockyourgoal.de\/wp-content\/uploads\/2022\/08\/LSP-Emotionen-850x851.png 850w, https:\/\/rockyourgoal.de\/wp-content\/uploads\/2022\/08\/LSP-Emotionen.png 1000w\" sizes=\"auto, (max-width: 300px) 100vw, 300px\" \/><figcaption class=\"wp-element-caption\">Hol Dir die sch\u00f6ne, durchsichtige Murmel<\/figcaption><\/figure>\n<\/div>\n\n\n<p>F\u00fcr jeden Monat Verzicht auf Pornos erh\u00e4ltst Du <strong>10 Life-Score Punkte<\/strong>.<\/p>\n\n\n\n<h2 class=\"wp-block-heading\" id=\"so-kannst-du-bei-der-annual-focus-challenge-mitmachen\">So kannst Du bei der \u201cResting Hands\u201d Challenge mitmachen<\/h2>\n\n\n\n<ul class=\"wp-block-list\">\n<li><a href=\"https:\/\/rockyourgoal.de\/sv\/timeless-challenge\/#Anmeldung_und_Leistungsumfang\">Melde Dich bei der Timeless Challenge an!<\/a><\/li>\n\n\n\n<li><a href=\"https:\/\/rockyourgoal.de\/sv\/wb-admin\/?action=register\">Registriere Dich (falls noch nicht geschehen) bei dieser Seite (klick auf diesen Satz)<\/a><\/li>\n\n\n\n<li>Einen Monat komplett ohne Pornos!<\/li>\n\n\n\n<li>Wenn Du das 30 Tage lang geschafft hast, dann f\u00fcll bitte das untere Formular (nur sichtbar wenn Du registriert und angemeldet bist) aus. Wir schicken Dir die Murmel zu. Die Life Score Points werden Dir automatisch gutgeschrieben und im&nbsp;<a href=\"https:\/\/rockyourgoal.de\/sv\/timeless-challenge\/#Life_Museum\">Life Museum<\/a>&nbsp;erg\u00e4nzt. Bitte schreibe Deine Lieferadresse in die \u201eNotes\u201c im Formular.<\/li>\n<\/ul>\n\n\n\n\n\n\n<h2 class=\"wp-block-heading\">Die Resting Hands Challenge in Social Media<\/h2>\n\n\n\n<p>Willst Du das Thema wirklich thematisieren? Naja, wieso eigentlich nicht, das machen ja tausende andere Menschen auch. Aber \u00fcberleg es Dir gut!<\/p>\n\n\n\n<h3 class=\"wp-block-heading\">Die Resting Hands Challenge auf Facebook<\/h3>\n\n\n\n<p>Du kannst Dich \u00fcber diese Challenge auf unserer Facebook Seite in der Gruppe Emotionen austauschen. <\/p>\n\n\n\n<h3 class=\"wp-block-heading\">Hashtags<\/h3>\n\n\n\n<ul class=\"wp-block-list\">\n<li>#timelesschallenge<\/li>\n\n\n\n<li>#tcrestinghands<\/li>\n\n\n\n<li>#timelesstraveller<\/li>\n<\/ul>","protected":false},"excerpt":{"rendered":"<p>Was macht der laufende Konsum von Pornos mit Menschen? Was macht er mit Dir? Vielleicht nichts, vielleicht aber doch! Wann hast Du das letzte Mal einen Monat komplett ohne Pornokonsum verbracht? Die Resting Hands Challenge soll Dich dazu ermutigen einen Monat komplett auf Pornos zu verzichten und Dir damit die&hellip;<\/p>\n<p> <a class=\"more-link\" href=\"https:\/\/rockyourgoal.de\/sv\/timeless-challenge\/emotionen\/resting-hands\/\">L\u00e4s mer<\/a><\/p>","protected":false},"author":2,"featured_media":6823,"parent":13005,"menu_order":0,"comment_status":"open","ping_status":"closed","template":"","meta":{"pgc_sgb_lightbox_settings":"","_glsr_average":0,"_glsr_ranking":0,"_glsr_reviews":0,"footnotes":""},"class_list":["post-6744","page","type-page","status-publish","has-post-thumbnail"],"_links":{"self":[{"href":"https:\/\/rockyourgoal.de\/sv\/wp-json\/wp\/v2\/pages\/6744","targetHints":{"allow":["GET"]}}],"collection":[{"href":"https:\/\/rockyourgoal.de\/sv\/wp-json\/wp\/v2\/pages"}],"about":[{"href":"https:\/\/rockyourgoal.de\/sv\/wp-json\/wp\/v2\/types\/page"}],"author":[{"embeddable":true,"href":"https:\/\/rockyourgoal.de\/sv\/wp-json\/wp\/v2\/users\/2"}],"replies":[{"embeddable":true,"href":"https:\/\/rockyourgoal.de\/sv\/wp-json\/wp\/v2\/comments?post=6744"}],"version-history":[{"count":10,"href":"https:\/\/rockyourgoal.de\/sv\/wp-json\/wp\/v2\/pages\/6744\/revisions"}],"predecessor-version":[{"id":18375,"href":"https:\/\/rockyourgoal.de\/sv\/wp-json\/wp\/v2\/pages\/6744\/revisions\/18375"}],"up":[{"embeddable":true,"href":"https:\/\/rockyourgoal.de\/sv\/wp-json\/wp\/v2\/pages\/13005"}],"wp:featuredmedia":[{"embeddable":true,"href":"https:\/\/rockyourgoal.de\/sv\/wp-json\/wp\/v2\/media\/6823"}],"wp:attachment":[{"href":"https:\/\/rockyourgoal.de\/sv\/wp-json\/wp\/v2\/media?parent=6744"}],"curies":[{"name":"wp","href":"https:\/\/api.w.org\/{rel}","templated":true}]}}