{"id":65,"date":"2021-11-13T14:48:00","date_gmt":"2021-11-13T13:48:00","guid":{"rendered":"http:\/\/rockyourgoal.de\/?page_id=65"},"modified":"2025-12-19T12:48:28","modified_gmt":"2025-12-19T11:48:28","slug":"save-your-life-performance","status":"publish","type":"page","link":"https:\/\/rockyourgoal.de\/sv\/big5forlife\/save-your-life-performance\/","title":{"rendered":"Save your Life Performance"},"content":{"rendered":"<p><strong><em>Big5forLife1<\/em><\/strong><\/p>\n\n\n\n<h2 class=\"wp-block-heading\">Familie<\/h2>\n\n\n\n<p>Ich bin davon \u00fcberzeugt, dass in der letzten Stunde unseres Lebens nur zwei Dinge wirklich z\u00e4hlen. Zum Einen das Wissen, dass man SEIN eigenes, individuelles Leben gelebt hat, also dass man selbst der Regisseur seines Lebens war und zum Zweiten ob man mitgeholfen hat den Menschen die man lieb hatte, vor allem der eigenen Familie, das Leben zu bereichern. Und genau darum geht es bei meinem ersten Big5forLife. F\u00fcr mich ist das wichtigste Lebensziel, mein Leben sinnvoll und gl\u00fccklich mit meinen Liebsten zu leben. Das ist f\u00fcr mich die eigentliche &#8222;Lebensleistung&#8220;. Diese m\u00f6chte ich absichern und sie unterliegt gewissen Kriterien. <\/p>\n\n\n\n<h2 class=\"wp-block-heading\">Integrit\u00e4t und Lebensleistung<\/h2>\n\n\n\n<p>&#8222;<em>Performance in der Lebensleistung<\/em>&#8220; bedeutet f\u00fcr mich ein aktives Leben im Kreise meiner Familie, welches nat\u00fcrlich auch Ergebnisse bringt. Aber diese konkreten Ergebnisse sind eigentlich zweitrangig, denn mein Leben ist der Weg dorthin und diesen m\u00f6chte ich genie\u00dfen. Mit meinem Weg und meinen Ergebnissen, also meinem Leben, m\u00f6chte ich einen Mehrwert f\u00fcr mich, meine Familie und andere stiften. Ich bin da aber auch etwas egoistisch, denn ich will mein Leben so f\u00fchren, dass alle meine Handlungen und Ergebnisse zu meinen inneren Werten passen und ich nur das mache was ich auch wirklich will. Das nennt man allgemeinhin &#8222;Integrit\u00e4t&#8220;. Auch wenn der Begriff ziemlich sperrig ist, nutze ich ihn.<\/p>\n\n\n\n<h2 class=\"wp-block-heading\">Potentiale, Visionen und Ziele<\/h2>\n\n\n\n<p>Ich bin der festen Meinung, dass ein Mensch seine Potentiale nur dann aussch\u00f6pfen kann, wenn er seinen Lebenssinn erkannt hat. Ich muss f\u00fcr mich selbst das &#8222;<em>WARUM?<\/em>&#8220; kl\u00e4ren, denn das gibt Kraft und Motivation um daraus seine pers\u00f6nlichen Visionen und Ziele zu entwickeln. <\/p>\n\n\n<div class=\"wp-block-image\">\n<figure class=\"aligncenter size-large is-resized\"><a href=\"http:\/\/rockyourgoal.de\/wp-content\/uploads\/2021\/11\/visionen.png\"><img loading=\"lazy\" decoding=\"async\" width=\"1024\" height=\"690\" src=\"http:\/\/rockyourgoal.de\/wp-content\/uploads\/2021\/11\/visionen-1024x690.png\" alt=\"\" class=\"wp-image-4423\" style=\"width:429px;height:289px\" srcset=\"https:\/\/rockyourgoal.de\/wp-content\/uploads\/2021\/11\/visionen-1024x690.png 1024w, https:\/\/rockyourgoal.de\/wp-content\/uploads\/2021\/11\/visionen-300x202.png 300w, https:\/\/rockyourgoal.de\/wp-content\/uploads\/2021\/11\/visionen-768x518.png 768w, https:\/\/rockyourgoal.de\/wp-content\/uploads\/2021\/11\/visionen-850x573.png 850w, https:\/\/rockyourgoal.de\/wp-content\/uploads\/2021\/11\/visionen.png 1280w\" sizes=\"auto, (max-width: 1024px) 100vw, 1024px\" \/><\/a><figcaption class=\"wp-element-caption\">\u00dcber pers\u00f6nliche Visionen zu den Lebenszielen<\/figcaption><\/figure>\n<\/div>\n\n\n<p>Sind die Ziele erst einmal definiert, sind diese der Kompass f\u00fcr das eigene Leben, denn man f\u00fchlt bei jeder Entscheidung ganz genau ob man sich seinem eigentlichen Ziel n\u00e4hert oder eher entfernt. Damit bekommt man ein starkes Instrument zum Gl\u00fccklich sein an die Hand, denn jede richtige Entscheidung macht zufrieden, gibt Selbstvertrauen und bringt Dich n\u00e4her an Dein Ziel. Und da dieses Ziel zu Dir und Deinem individuellen Wesen passt, machen dich richtige Entscheidungen gl\u00fccklich. <\/p>\n\n\n\n<h2 class=\"wp-block-heading\">Gewohnheiten<\/h2>\n\n\n\n<p>Auf der Basis von meinen Lebenszielen m\u00f6chte ich aber noch einen Schritt weiter gehen. Ich mache mir mein Leben leichter und gl\u00fccklicher wenn ich gar nicht nachdenken muss ob etwas richtig oder falsch ist. Und das funktioniert, indem ich an meinen Gewohnheiten arbeite. Je mehr Gewohnheiten ich so setze (manchmal muss ich bestehende Gewohnheiten auch \u00e4ndern), dass mich diese meinem Ziel automatisch n\u00e4her bringen, umso weniger Energie muss ich daf\u00fcr aufwenden um das Richtige zu tun. Wenn ich den neuen, richtigen Gewohnheiten freien Lauf lasse, dann bringen mich diese automatisch n\u00e4her an meine Ziele. Es geht sich leichter, wenn man auf dem richtigen Weg ist!<\/p>\n\n\n\n<h2 class=\"wp-block-heading\">Lebensleistung und Nachhaltigkeit<\/h2>\n\n\n\n<p>Die Sicherung der Lebensleistung hei\u00dft f\u00fcr mich pers\u00f6nlich noch mehr.<\/p>\n\n\n\n<p>Stell Dir vor, Du und Deine Familie arbeitet mit Begeisterung, Leidenschaft und enormem pers\u00f6nlichem Einsatz an einem bestimmten Ziel, eurem Lebensziel. Du erreicht es und wei\u00dft, dass Du damit das Leben von Dir, Deinen Liebsten und vielleicht sogar das Leben von Anderen verbessert hast. Du hast vielleicht sogar die Welt zu einem besseren Ort gemacht. Aber ist das von Dauer?<\/p>\n\n\n\n<p>Du musst irgendwann das Zepter aus der Hand geben und nun besteht die reale Gefahr, dass Deine Nachfolger alles wieder zu Nichte machen. Ist das erstrebenswert? Nein! Ist es nicht vielmehr so, dass jedes Ziel so aufgebaut abgesichert werden muss, dass es auch nachhaltig ist? Ich denke schon.<\/p>\n\n\n\n<h3 class=\"wp-block-heading\">Nachhaltigkeit ist m\u00f6glich<\/h3>\n\n\n\n<p>Vor vielen Jahren hat Norwegen seinen Staatsfond mit einem Teil der Einnahmen aus dem \u00d6lgesch\u00e4ft aufgebaut. Die Einnahmen h\u00e4tten als Zuwendungen an die Gesellschaft ausgezahlt werden k\u00f6nnen, aber das w\u00e4re nicht nachhaltig gewesen. Kluge Leute hatten damals einen anderen Weg gew\u00e4hlt. Der Fond wurde vergr\u00f6\u00dfert und die generierten Zinsen helfen den Norwegern nun nachhaltig, denn sie verringern die Substanz des Fonds nicht. Das ist ein Beispiel f\u00fcr das was ich meine. <\/p>\n\n\n\n<p>Alles Andere als &#8222;nachhaltig&#8220; ist meiner Meinung nach &#8222;vergebene M\u00fche&#8220;, denn wenn nicht sichergestellt ist, dass es von Dauer ist, dann motiviert mich das nicht. &#8222;<em>Ein Menschenleben ist nur ein Wimpernschlag des Universums<\/em>&#8222;. Ich m\u00f6chte, dass dieser Wimpernschlag lange und positiv und unvergessen bleibt. Das meine ich nicht eitel, sondern als Versprechen, denn ich bin davon \u00fcberzeugt, dass manche meiner Lebensziele die Welt zu einem besseren Ort machen k\u00f6nnen und sie es verdienen auch dann weiter zu existieren, wenn ich l\u00e4ngst nicht mehr da bin!<\/p>\n\n\n\n<p>Das muss nat\u00fcrlich nicht f\u00fcr alle Ziele gelten.<\/p>\n\n\n<div class=\"wp-block-image\">\n<figure class=\"aligncenter size-large is-resized\"><a href=\"http:\/\/rockyourgoal.de\/wp-content\/uploads\/2020\/01\/alfred-nobel.jpg\"><img loading=\"lazy\" decoding=\"async\" width=\"1024\" height=\"768\" src=\"http:\/\/rockyourgoal.de\/wp-content\/uploads\/2020\/01\/alfred-nobel-1024x768.jpg\" alt=\"\" class=\"wp-image-953\" style=\"width:415px;height:311px\" srcset=\"https:\/\/rockyourgoal.de\/wp-content\/uploads\/2020\/01\/alfred-nobel-1024x768.jpg 1024w, https:\/\/rockyourgoal.de\/wp-content\/uploads\/2020\/01\/alfred-nobel-300x225.jpg 300w, https:\/\/rockyourgoal.de\/wp-content\/uploads\/2020\/01\/alfred-nobel-768x576.jpg 768w, https:\/\/rockyourgoal.de\/wp-content\/uploads\/2020\/01\/alfred-nobel-850x638.jpg 850w, https:\/\/rockyourgoal.de\/wp-content\/uploads\/2020\/01\/alfred-nobel.jpg 1280w\" sizes=\"auto, (max-width: 1024px) 100vw, 1024px\" \/><\/a><figcaption class=\"wp-element-caption\">Alfred Nobel hat sein Lebenswerk mit einer Stiftung f\u00fcr immer gesichert und dadurch nachhaltig gemacht<\/figcaption><\/figure>\n<\/div>\n\n\n<h2 class=\"wp-block-heading\"><strong>Lebensleistung konkret definiert<\/strong><\/h2>\n\n\n\n<p>F\u00fcr mich pers\u00f6nlich habe ich relativ einfach beantwortet was Lebensleistung genau ist. Unter &#8222;<em>Lebensleistung<\/em>&#8220; verstehe ich all die besonderen Momente, Erlebnisse aber auch Erfolge und Errungenschaften die meine Familie und ich in unserem Leben erreicht haben. Diese k\u00f6nnen materieller aber auch immaterieller Art sein. <\/p>\n\n\n\n<h3 class=\"wp-block-heading\">Materielle Lebensleistung<\/h3>\n\n\n\n<p>&#8222;<em>Materieller Art<\/em>&#8220; ist f\u00fcr mich vor allem die finanzielle Freiheit! Bei der finanziellen Freiheit denke ich an die M\u00f6glichkeit mein Leben so zu leben wie es meinen Talenten und W\u00fcnschen entspricht, ohne dass mich die Finanzen ausbremsen. Ich m\u00f6chte, dass meine Familie und ich nicht aufgrund finanzieller Engp\u00e4sse in unserer Entwicklung eingeschr\u00e4nkt werden. Das ist ein ganz wichtiger Punkt. Es geht nicht um das Geld. Es geht um die Freiheit die Geld erm\u00f6glicht! <\/p>\n\n\n\n<p>Ich m\u00f6chte, dass unser erarbeitetes Kapital mitarbeitet, so dass wir unserer &#8222;Berufung&#8220; folgen k\u00f6nnen. Warum arbeiten immer weniger Menschen in sozialen und pflegenden Berufen obwohl dies ihre Berufung w\u00e4re? Weil sie davon nicht mehr leben k\u00f6nnen! Egal wie sehr sie sich dazu berufen f\u00fchlen, am Monatsende m\u00fcssen sie ihre Miete und Rechnungen bezahlen. Was w\u00e4re aber, wenn genug Geld da w\u00e4re zum Leben und das im Beruf verdiente Geld nur noch dazukommen w\u00fcrde? Mich motiviert dieser Gedanke! <\/p>\n\n\n\n<p>Ich bin der festen \u00dcberzeugung, dass ein Mensch nur dann sein Gl\u00fcck findet, wenn die inneren Einstellungen und \u00dcberzeugungen&nbsp;mit dem tats\u00e4chlichen &#8222;Tun&#8220; zusammen passen. Dann ist man mit sich im Reinen. Das gilt nat\u00fcrlich auch f\u00fcr die t\u00e4gliche Arbeit! <\/p>\n\n\n<div class=\"wp-block-image\">\n<figure class=\"aligncenter\"><img loading=\"lazy\" decoding=\"async\" width=\"288\" height=\"175\" src=\"http:\/\/rockyourgoal.de\/wp-content\/uploads\/2019\/07\/berufung.png\" alt=\"\" class=\"wp-image-194\"\/><figcaption class=\"wp-element-caption\">Finanzielle Freiheit bedeutet, seiner Berufung folgen zu k\u00f6nnen<\/figcaption><\/figure>\n<\/div>\n\n\n<p>Das hei\u00dft aber auch, dass das&nbsp;Geld&nbsp; nicht das Ziel, sondern die Freiheit ohne Geldsorgen das Ziel ist. Deshalb habe ich dieses Ziel f\u00fcr mich selbst definiert.<\/p>\n\n\n\n<p>F\u00fcr mich habe ich mir einen Betrag von xxxx EUR (das behalte ich f\u00fcr mich) an monatlichem Zusatzeinkommen zum Arbeitsentgelt als Ziel gesetzt. F\u00fcr reiche Menschen sind das Peanuts, f\u00fcr arme Menschen ist das ein unvorstellbar hoher Betrag. Ich bin der Meinung, dass es ein ehrgeiziges, aber machbares Ziel ist!<\/p>\n\n\n\n<p>Es ist wichtig, dass ich mir dieses Ziel gesetzt habe und einen Weg definiert habe wie ich es erreichen kann. <\/p>\n\n\n\n<h3 class=\"wp-block-heading\">Immaterielle Lebensleistungen<\/h3>\n\n\n\n<p>Wenn nur die ber\u00fchmte &#8222;<em>finanzielle Freiheit<\/em>&#8220; mein Lebensziel w\u00e4re, so w\u00e4re das sehr unausgeglichen. Ihr seht ja schon bei meinen anderen &#8222;Big5ForLife&#8220;, dass die meisten meiner Ziele nichts mit Geld zu tun haben, also immateriell sind.<\/p>\n\n\n\n<p>Aber ganz egal ob ich etwas f\u00fcr die Allgemeinheit, f\u00fcr meine Familie oder f\u00fcr mich mache&#8230;.. ich m\u00f6chte es nachhaltig und mit Sinn tun. Deshalb ist mein oberstes Ziel &#8222;<em>Save your life Performance<\/em>&#8222;. Diese Phrase ist f\u00fcr mich nichts Anderes als &#8222;Nachhaltigkeit&#8220; der erreichten Lebensleistungen.<\/p>","protected":false},"excerpt":{"rendered":"<p>Big5forLife1 Familie Ich bin davon \u00fcberzeugt, dass in der letzten Stunde unseres Lebens nur zwei Dinge wirklich z\u00e4hlen. Zum Einen das Wissen, dass man SEIN eigenes, individuelles Leben gelebt hat, also dass man selbst der Regisseur seines Lebens war und zum Zweiten ob man mitgeholfen hat den Menschen die man&hellip;<\/p>\n<p> <a class=\"more-link\" href=\"https:\/\/rockyourgoal.de\/sv\/big5forlife\/save-your-life-performance\/\">L\u00e4s mer<\/a><\/p>","protected":false},"author":2,"featured_media":21070,"parent":37,"menu_order":1,"comment_status":"closed","ping_status":"closed","template":"","meta":{"pgc_sgb_lightbox_settings":"","_glsr_average":0,"_glsr_ranking":0,"_glsr_reviews":0,"footnotes":""},"class_list":["post-65","page","type-page","status-publish","has-post-thumbnail"],"_links":{"self":[{"href":"https:\/\/rockyourgoal.de\/sv\/wp-json\/wp\/v2\/pages\/65","targetHints":{"allow":["GET"]}}],"collection":[{"href":"https:\/\/rockyourgoal.de\/sv\/wp-json\/wp\/v2\/pages"}],"about":[{"href":"https:\/\/rockyourgoal.de\/sv\/wp-json\/wp\/v2\/types\/page"}],"author":[{"embeddable":true,"href":"https:\/\/rockyourgoal.de\/sv\/wp-json\/wp\/v2\/users\/2"}],"replies":[{"embeddable":true,"href":"https:\/\/rockyourgoal.de\/sv\/wp-json\/wp\/v2\/comments?post=65"}],"version-history":[{"count":25,"href":"https:\/\/rockyourgoal.de\/sv\/wp-json\/wp\/v2\/pages\/65\/revisions"}],"predecessor-version":[{"id":19874,"href":"https:\/\/rockyourgoal.de\/sv\/wp-json\/wp\/v2\/pages\/65\/revisions\/19874"}],"up":[{"embeddable":true,"href":"https:\/\/rockyourgoal.de\/sv\/wp-json\/wp\/v2\/pages\/37"}],"wp:featuredmedia":[{"embeddable":true,"href":"https:\/\/rockyourgoal.de\/sv\/wp-json\/wp\/v2\/media\/21070"}],"wp:attachment":[{"href":"https:\/\/rockyourgoal.de\/sv\/wp-json\/wp\/v2\/media?parent=65"}],"curies":[{"name":"wp","href":"https:\/\/api.w.org\/{rel}","templated":true}]}}