{"id":6459,"date":"2022-11-24T07:00:00","date_gmt":"2022-11-24T06:00:00","guid":{"rendered":"https:\/\/rockyourgoal.de\/?page_id=6459"},"modified":"2025-01-15T13:13:15","modified_gmt":"2025-01-15T12:13:15","slug":"pushup-your-life","status":"publish","type":"page","link":"https:\/\/rockyourgoal.de\/sv\/timeless-challenge\/sport-challenge\/pushup-your-life\/","title":{"rendered":"Pushup your Life &#8211; Liegest\u00fctze f\u00fcr Deinen Shape"},"content":{"rendered":"\n<p>Du hast bestimmt schon hunderte Liegest\u00fctze in Deinem Leben gemacht. Aber was passiert, wenn Du diese Fitness\u00fcbung t\u00e4glich in Dein Leben einbaust? Finde es raus und mach mit bei unserer Challenge &#8222;<em>Pushup your Life<\/em>&#8222;. <\/p>\n\n\n\n<p>Es gibt sehr viele Pushup-Challenges und auch wir bieten Dir zwei verschiedene Stufen an, denn Du k\u00f6nntest ein Einsteiger sein oder jemand der bereits regelm\u00e4\u00dfig trainiert. <\/p>\n\n\n<div class=\"wp-block-image\">\n<figure class=\"aligncenter size-medium\"><a href=\"https:\/\/rockyourgoal.de\/wp-content\/uploads\/2022\/03\/pushup-challenge.jpg\"><img loading=\"lazy\" decoding=\"async\" width=\"300\" height=\"201\" src=\"https:\/\/rockyourgoal.de\/wp-content\/uploads\/2022\/03\/pushup-challenge-300x201.jpg\" alt=\"\" class=\"wp-image-6464\" srcset=\"https:\/\/rockyourgoal.de\/wp-content\/uploads\/2022\/03\/pushup-challenge-300x201.jpg 300w, https:\/\/rockyourgoal.de\/wp-content\/uploads\/2022\/03\/pushup-challenge-768x514.jpg 768w, https:\/\/rockyourgoal.de\/wp-content\/uploads\/2022\/03\/pushup-challenge-18x12.jpg 18w, https:\/\/rockyourgoal.de\/wp-content\/uploads\/2022\/03\/pushup-challenge-850x569.jpg 850w, https:\/\/rockyourgoal.de\/wp-content\/uploads\/2022\/03\/pushup-challenge.jpg 960w\" sizes=\"auto, (max-width: 300px) 100vw, 300px\" \/><\/a><\/figure>\n<\/div>\n\n\n<h2 class=\"wp-block-heading\">Regeln der Pushup your Life Challenge<\/h2>\n\n\n\n<p>In der <em>Pushup your Life &#8222;BASIC&#8220; edition<\/em> trainierst Du 30 Tage lang Pushups. Du f\u00e4ngst mit zehn Pushups an und steigerst Dich jeden Tag um einen Pushup. Du musst die Pushups nicht zusammenh\u00e4ngend machen und Du kannst auf den Knien beginnen, was etwas leichter ist. Am Ende des Monats machst Du t\u00e4glich 30 Pushups und wirst deutliche Ver\u00e4nderungen an Dir selbst sp\u00fcren. <\/p>\n\n\n\n<p>Wenn Du schon regelm\u00e4\u00dfig Sport machst, dann mach die &#8222;ADVANCED&#8220; Version. Hier beginnst Du am ersten der 30 Tage mit 10 Pushups und steigerst Dich um jeweils 2 Pushups pro Tag. Somit machst Du am letzten Tag des Monats ca. 60 Pushups. <\/p>\n\n\n\n<h2 class=\"wp-block-heading\">Life-Score Punkte f\u00fcr die Pushup your Life Challenge<\/h2>\n\n\n<div class=\"wp-block-image\">\n<figure class=\"aligncenter size-full\"><a href=\"https:\/\/rockyourgoal.de\/timeless-challenge\/\"><img loading=\"lazy\" decoding=\"async\" width=\"300\" height=\"300\" src=\"https:\/\/rockyourgoal.de\/wp-content\/uploads\/2022\/11\/image-5.png\" alt=\"\" class=\"wp-image-9981\" srcset=\"https:\/\/rockyourgoal.de\/wp-content\/uploads\/2022\/11\/image-5.png 300w, https:\/\/rockyourgoal.de\/wp-content\/uploads\/2022\/11\/image-5-150x150.png 150w, https:\/\/rockyourgoal.de\/wp-content\/uploads\/2022\/11\/image-5-12x12.png 12w\" sizes=\"auto, (max-width: 300px) 100vw, 300px\" \/><\/a><figcaption class=\"wp-element-caption\">Hol Dir die wertvollen Life-Score Punkte und die Murmel in gr\u00fcn!<\/figcaption><\/figure>\n<\/div>\n\n\n<figure class=\"wp-block-table\"><table><tbody><tr><td><strong>Logo<\/strong><\/td><td><strong>Name<\/strong><\/td><td><strong>Life-Score Punkte<\/strong><\/td><td><strong>Anmerkung<\/strong><\/td><\/tr><tr><td><img loading=\"lazy\" decoding=\"async\" width=\"150\" height=\"95\" class=\"wp-image-9624\" style=\"width: 150px;\" src=\"http:\/\/rockyourgoal.de\/wp-content\/uploads\/2022\/11\/pushup-yor-life-logo.jpg\" alt=\"\" srcset=\"https:\/\/rockyourgoal.de\/wp-content\/uploads\/2022\/11\/pushup-yor-life-logo.jpg 730w, https:\/\/rockyourgoal.de\/wp-content\/uploads\/2022\/11\/pushup-yor-life-logo-300x190.jpg 300w, https:\/\/rockyourgoal.de\/wp-content\/uploads\/2022\/11\/pushup-yor-life-logo-18x12.jpg 18w\" sizes=\"auto, (max-width: 150px) 100vw, 150px\" \/><\/td><td>Pushup your life &#8211; Basic<\/td><td>10<\/td><td>30 Tage Pushup, jeden Tag einen mehr<\/td><\/tr><tr><td><img loading=\"lazy\" decoding=\"async\" width=\"150\" height=\"95\" class=\"wp-image-9624\" style=\"width: 150px;\" src=\"http:\/\/rockyourgoal.de\/wp-content\/uploads\/2022\/11\/pushup-yor-life-logo.jpg\" alt=\"\" srcset=\"https:\/\/rockyourgoal.de\/wp-content\/uploads\/2022\/11\/pushup-yor-life-logo.jpg 730w, https:\/\/rockyourgoal.de\/wp-content\/uploads\/2022\/11\/pushup-yor-life-logo-300x190.jpg 300w, https:\/\/rockyourgoal.de\/wp-content\/uploads\/2022\/11\/pushup-yor-life-logo-18x12.jpg 18w\" sizes=\"auto, (max-width: 150px) 100vw, 150px\" \/><\/td><td>Pushup your life &#8211; Advanced<\/td><td>15<\/td><td>30 Tage Pushups, jeden Tag zwei mehr<\/td><\/tr><\/tbody><\/table><\/figure>\n\n\n\n<h2 class=\"wp-block-heading\" id=\"so-kannst-du-bei-der-bike-to-work-challenge-mitmachen\">So kannst Du bei der \u201cPushup Your Life\u201d CHALLENGE mitmachen<\/h2>\n\n\n\n<ul class=\"wp-block-list\">\n<li>Entscheide Dich welche der beiden Pushup Your Life Challenges Du machen m\u00f6chtest. Basic oder Advanced? Wir raten Dir mit Basic zu beginnen und nach einem Monat auf Advanced umzusteigen.<\/li>\n\n\n\n<li>Dokumentier Deine gemachten Pushups in einem Kalender. Wir vertrauen Dir, denn Du machst das f\u00fcr Dich. Aber trotzdem w\u00fcrden wir uns \u00fcber ein Foto oder eine Bildschirmkopie Deines Kalenders freuen. <\/li>\n\n\n\n<li>Sobald Du 30 Tage lang die vorgegebene Anzahl an Pushups gemacht hast, und die Life-Score Punkte und Murmeln haben m\u00f6chtest, dann f\u00fclle das unten stehende Formular aus.<\/li>\n\n\n\n<li>Nun sind wir dran&nbsp;<\/li>\n<\/ul>\n\n\n\n<h2 class=\"wp-block-heading\">Dokumentation der &#8222;Pushup Your Life Challenge &#8211; &#8222;BASIC&#8220;<\/h2>\n\n\n\n<p>Beginne am ersten Tag mit 10 Pushups und steigere die Anzahl jeden Tag um einen Pushup. Sobald Du diese Challenge 30 Tage lang gemacht hast (und am letzten Tag 40 Pushups gemacht hast), kannst Du Dein Ergebnis hier erfassen. Die Life-Score-Punkte werden Dir automatisch gutgeschrieben. <\/p>\n\n\n\n\n\n\n<h2 class=\"wp-block-heading\">Dokumentation der &#8222;Pushup Your Life Challenge &#8211; &#8222;ADVANCED&#8220;<\/h2>\n\n\n\n<p>Beginne am ersten Tag mit 10 Pushups und steigere die Anzahl jeden Tag um zwei Pushups. Sobald Du diese Challenge 30 Tage lang gemacht hast (und am letzten Tag 60 Pushups gemacht hast), kannst Du Dein Ergebnis hier erfassen. Die Life-Score-Punkte werden Dir automatisch gutgeschrieben. <\/p>\n\n\n\n\n\n\n<h2 class=\"wp-block-heading\">Ehrentabelle Pushup Your Life &#8222;BASIC&#8220;<\/h2>\n\n\n\n        <a id=\"table-top-anchor\"><\/a>\n        <div class=\"table\">\n          <div class=\"row header-row\">\n            <div class=\"cell header num-col\">Rank<\/div>\n            <div class=\"cell header\">Athlet<\/div>\n            <div class=\"cell header num-col\">Teilgenommene Challenge<\/div>\n            <div class=\"cell header num-col\">Life Score<\/br>Points<\/div>\n          <\/div>\n          <div class=\"row\">   <div class=\"cell num-col\">1.<\/div>   <div class=\"cell left\">Nicole Runge <div class='hide-on-desktop'>Summits: Nicole Runge<br \/>Teilgenommene Challenge:  Pushup Your Life Challenge - BASIC<br \/>Lifescore Points: 10<\/div><\/div>   <div class=\"cell num-col\"> Pushup Your Life Challenge - BASIC<\/div>   <div class=\"cell num-col\">10<\/div><\/div><div class=\"row\">   <div class=\"cell num-col\">2.<\/div>   <div class=\"cell left\">Mirko Dressler <div class='hide-on-desktop'>Summits: Mirko Dressler<br \/>Teilgenommene Challenge:  Pushup Your Life Challenge - BASIC<br \/>Lifescore Points: 20<\/div><\/div>   <div class=\"cell num-col\"> Pushup Your Life Challenge - BASIC<\/div>   <div class=\"cell num-col\">20<\/div><\/div><div class=\"row\">   <div class=\"cell num-col\">3.<\/div>   <div class=\"cell left\">J\u00f6rg Sch\u00f6nbeck <div class='hide-on-desktop'>Summits: J\u00f6rg Sch\u00f6nbeck<br \/>Teilgenommene Challenge:  Pushup Your Life Challenge - BASIC<br \/>Lifescore Points: 10<\/div><\/div>   <div class=\"cell num-col\"> Pushup Your Life Challenge - BASIC<\/div>   <div class=\"cell num-col\">10<\/div><\/div>\n          <div class=\"row footer-row\">\n            <div class=\"cell footer no-border hide-mobile\"><a href=\"javascript:void(0);\" class=\"first-page\">&lt;&lt;Erste<\/a><\/div>\n            <div class=\"cell footer no-border hide-mobile\"><a href=\"javascript:void(0);\" class=\"prev\">&lt;Vorherige<\/a><\/div>\n            <div class=\"cell footer no-border hide-mobile\"><a href=\"javascript:void(0);\" class=\"next\">N\u00e4chste&gt;<\/a><\/div>\n            <div class=\"cell footer no-border hide-mobile\"><a href=\"javascript:void(0);\" class=\"last-page\">Letzte&gt;&gt;<\/a><\/div>\n          <\/div>\n          <div class=\"row footer-row hide-on-desktop\">\n            <div class=\"cell footer no-border hide-on-desktop\">Seite:<br \/><span class=\"page-count\">1 \/ 2<\/span><\/div>\n            <div class=\"cell footer no-border hide-on-desktop\"><a class=\"first-page\">&lt;&lt;Erste<\/a><br \/>\n                <a class=\"last-page\">Letzte&gt;&gt;<\/a><\/div>\n            <div class=\"cell footer no-border hide-on-desktop\"><a class=\"prev\">&lt;Vorherige<\/a><br \/>\n                <a class=\"next\">N\u00e4chste&gt;<\/a><\/div>\n          <\/div>\n        <\/div>\n      \n      <style>\n      a.next:hover,a.prev:hover,a.first-page:hover,a.last-page:hover {\n        cursor: pointer;\n      }\n      div.header {\n        text-align: center;\n        background-color: #efbf99;\n        font-weight: 500;\n      }\n      div.footer {\n        background-color: #efbf99;\n        text-align: left;\n      }\n      div.left {\n        text-align: left;\n      }\n      div.center {\n        text-align: center;\n      }\n      div.right {\n        text-align: right;\n      }\n      div.rank {\n        text-align: right;\n      }\n      .cell.no-border {\n        border: none;\n      }\n      @media only screen and (max-width: 767px) {\n        div.hide-mobile {\n          display: none !important;\n        }\n        .show-mobile {\n          display: block !important;\n        }\n      }\n\n      @media only screen and (min-width: 768px) {\n        div.hide-on-desktop {\n          display: none !important;\n        }\n        .show-on-mobile {\n          display: block !important;\n        }\n      }\n\n      .table {\n        display: table;\n        width: 100%;\n        border-collapse: collapse;\n        border: 1px solid black;\n      }\n  \n      .row {\n        display: table-row;\n      }\n  \n      .cell {\n        display: table-cell;\n        padding: 10px;\n        border: 1px solid black;\n        text-align: center;\n      }\n\n      @media (max-width: 768px) {\n        .cell:nth-child(4),\n        .cell:nth-child(5),\n        .cell:nth-child(6),\n        .cell:nth-child(7),\n        .cell:nth-child(8),\n        .cell:nth-child(9) {\n          display: none;\n        }\n      }\n\n      .next-button {\n        display: none;\n        margin-top: 10px;\n        text-align: center;\n      }\n  \n      @media (max-width: 768px) {\n        .next-button {\n          display: block;\n        }\n      }\n      \n      .hidden {\n        display: none;\n      }\n      \n      .num-col {\n        text-align: right;\n      }\n      <\/style>\n\n      <script>\n        document.addEventListener(\"DOMContentLoaded\", function () {\n          var currentPage = 1;\n          var entriesPerPage = 10;\n          var totalEntries = 3\n          var totalPages = Math.ceil(totalEntries \/ entriesPerPage);\n\n          function showPage(page) {\n            var start = (page - 1) * entriesPerPage;\n            var end = start + entriesPerPage;\n\n            var rows = document.querySelectorAll(\".table .row:not(.header-row):not(.footer-row)\");\n            for (var i = 0; i < rows.length; i++) {\n              rows[i].style.display = i >= start && i < end ? \"table-row\" : \"none\";\n            }\n          }\n\n          function updatePageCount() {\n            var pageCountElement = document.querySelector(\".page-count\");\n            pageCountElement.textContent = currentPage + \" \/ \" + totalPages;\n          }\n\n          function handleNavigationClick(event) {\n            event.preventDefault();\n            var action = event.target.getAttribute(\"class\");\n            switch (action) {\n              case \"first-page\":\n                currentPage = 1;\n                break;\n              case \"prev\":\n                if (currentPage > 1) {\n                  currentPage--;\n                }\n                break;\n              case \"next\":\n                if (currentPage < totalPages) {\n                  currentPage++;\n                }\n                break;\n              case \"last-page\":\n                currentPage = totalPages;\n                break;\n            }\n\n            showPage(currentPage);\n            updatePageCount();\n          }\n\n          var navigationLinks = document.querySelectorAll(\".first-page, .prev, .next, .last-page\");\n          for (var i = 0; i < navigationLinks.length; i++) {\n            navigationLinks[i].addEventListener(\"click\", handleNavigationClick);\n          }\n\n          \/\/ Initial page display\n          showPage(currentPage);\n          updatePageCount();\n        });\n      <\/script>\n        \n        <script>\n        document.getElementById(\"select_challenge_summit\").addEventListener(\"change\", (evt) => {\n            const urlParts = document.location.href.split(\"?\");\n            const cleanUrl = urlParts[0];\n            if (urlParts.length > 1 && urlParts[1].indexOf(\"page_id=\") !== -1) {\n                const urlParts2 = document.location.href.split(\"page_id=\");\n                const endId = urlParts2[1].indexOf(\"&\") === -1 ? urlParts2[1].length : urlParts2[1].indexOf(\"&\");\n                const pageId = urlParts2[1].substring(0,endId);\n                window.location.href = cleanUrl + \"?page_id=\" + pageId + \"&c_id=\" + evt.target.value;\n            } else {\n                window.location.href = cleanUrl + \"?c_id=\" + evt.target.value;\n            }\n        });\n      <\/script>\n      \n\n\n\n<h2 class=\"wp-block-heading\">Ehrentabelle Pushups Your Life &#8222;ADVANCED&#8220;<\/h2>\n\n\n\n        <a id=\"table-top-anchor\"><\/a>\n        <div class=\"table\">\n          <div class=\"row header-row\">\n            <div class=\"cell header num-col\">Rank<\/div>\n            <div class=\"cell header\">Athlet<\/div>\n            <div class=\"cell header num-col\">Teilgenommene Challenge<\/div>\n            <div class=\"cell header num-col\">Life Score<\/br>Points<\/div>\n          <\/div>\n          <div class=\"row\">   <div class=\"cell num-col\">1.<\/div>   <div class=\"cell left\">Walter Kurzmann <div class='hide-on-desktop'>Summits: Walter Kurzmann<br \/>Teilgenommene Challenge:  Pushup Your Life Challenge - ADVANCED<br \/>Lifescore Points: 15<\/div><\/div>   <div class=\"cell num-col\"> Pushup Your Life Challenge - ADVANCED<\/div>   <div class=\"cell num-col\">15<\/div><\/div><div class=\"row\">   <div class=\"cell num-col\">2.<\/div>   <div class=\"cell left\">Mirko Dressler <div class='hide-on-desktop'>Summits: Mirko Dressler<br \/>Teilgenommene Challenge:  Pushup Your Life Challenge - ADVANCED<br \/>Lifescore Points: 45<\/div><\/div>   <div class=\"cell num-col\"> Pushup Your Life Challenge - ADVANCED<\/div>   <div class=\"cell num-col\">45<\/div><\/div>\n          <div class=\"row footer-row\">\n            <div class=\"cell footer no-border hide-mobile\"><a href=\"javascript:void(0);\" class=\"first-page\">&lt;&lt;Erste<\/a><\/div>\n            <div class=\"cell footer no-border hide-mobile\"><a href=\"javascript:void(0);\" class=\"prev\">&lt;Vorherige<\/a><\/div>\n            <div class=\"cell footer no-border hide-mobile\"><a href=\"javascript:void(0);\" class=\"next\">N\u00e4chste&gt;<\/a><\/div>\n            <div class=\"cell footer no-border hide-mobile\"><a href=\"javascript:void(0);\" class=\"last-page\">Letzte&gt;&gt;<\/a><\/div>\n          <\/div>\n          <div class=\"row footer-row hide-on-desktop\">\n            <div class=\"cell footer no-border hide-on-desktop\">Seite:<br \/><span class=\"page-count\">1 \/ 2<\/span><\/div>\n            <div class=\"cell footer no-border hide-on-desktop\"><a class=\"first-page\">&lt;&lt;Erste<\/a><br \/>\n                <a class=\"last-page\">Letzte&gt;&gt;<\/a><\/div>\n            <div class=\"cell footer no-border hide-on-desktop\"><a class=\"prev\">&lt;Vorherige<\/a><br \/>\n                <a class=\"next\">N\u00e4chste&gt;<\/a><\/div>\n          <\/div>\n        <\/div>\n      \n      <style>\n      a.next:hover,a.prev:hover,a.first-page:hover,a.last-page:hover {\n        cursor: pointer;\n      }\n      div.header {\n        text-align: center;\n        background-color: #efbf99;\n        font-weight: 500;\n      }\n      div.footer {\n        background-color: #efbf99;\n        text-align: left;\n      }\n      div.left {\n        text-align: left;\n      }\n      div.center {\n        text-align: center;\n      }\n      div.right {\n        text-align: right;\n      }\n      div.rank {\n        text-align: right;\n      }\n      .cell.no-border {\n        border: none;\n      }\n      @media only screen and (max-width: 767px) {\n        div.hide-mobile {\n          display: none !important;\n        }\n        .show-mobile {\n          display: block !important;\n        }\n      }\n\n      @media only screen and (min-width: 768px) {\n        div.hide-on-desktop {\n          display: none !important;\n        }\n        .show-on-mobile {\n          display: block !important;\n        }\n      }\n\n      .table {\n        display: table;\n        width: 100%;\n        border-collapse: collapse;\n        border: 1px solid black;\n      }\n  \n      .row {\n        display: table-row;\n      }\n  \n      .cell {\n        display: table-cell;\n        padding: 10px;\n        border: 1px solid black;\n        text-align: center;\n      }\n\n      @media (max-width: 768px) {\n        .cell:nth-child(4),\n        .cell:nth-child(5),\n        .cell:nth-child(6),\n        .cell:nth-child(7),\n        .cell:nth-child(8),\n        .cell:nth-child(9) {\n          display: none;\n        }\n      }\n\n      .next-button {\n        display: none;\n        margin-top: 10px;\n        text-align: center;\n      }\n  \n      @media (max-width: 768px) {\n        .next-button {\n          display: block;\n        }\n      }\n      \n      .hidden {\n        display: none;\n      }\n      \n      .num-col {\n        text-align: right;\n      }\n      <\/style>\n\n      <script>\n        document.addEventListener(\"DOMContentLoaded\", function () {\n          var currentPage = 1;\n          var entriesPerPage = 10;\n          var totalEntries = 2\n          var totalPages = Math.ceil(totalEntries \/ entriesPerPage);\n\n          function showPage(page) {\n            var start = (page - 1) * entriesPerPage;\n            var end = start + entriesPerPage;\n\n            var rows = document.querySelectorAll(\".table .row:not(.header-row):not(.footer-row)\");\n            for (var i = 0; i < rows.length; i++) {\n              rows[i].style.display = i >= start && i < end ? \"table-row\" : \"none\";\n            }\n          }\n\n          function updatePageCount() {\n            var pageCountElement = document.querySelector(\".page-count\");\n            pageCountElement.textContent = currentPage + \" \/ \" + totalPages;\n          }\n\n          function handleNavigationClick(event) {\n            event.preventDefault();\n            var action = event.target.getAttribute(\"class\");\n            switch (action) {\n              case \"first-page\":\n                currentPage = 1;\n                break;\n              case \"prev\":\n                if (currentPage > 1) {\n                  currentPage--;\n                }\n                break;\n              case \"next\":\n                if (currentPage < totalPages) {\n                  currentPage++;\n                }\n                break;\n              case \"last-page\":\n                currentPage = totalPages;\n                break;\n            }\n\n            showPage(currentPage);\n            updatePageCount();\n          }\n\n          var navigationLinks = document.querySelectorAll(\".first-page, .prev, .next, .last-page\");\n          for (var i = 0; i < navigationLinks.length; i++) {\n            navigationLinks[i].addEventListener(\"click\", handleNavigationClick);\n          }\n\n          \/\/ Initial page display\n          showPage(currentPage);\n          updatePageCount();\n        });\n      <\/script>\n        \n        <script>\n        document.getElementById(\"select_challenge_summit\").addEventListener(\"change\", (evt) => {\n            const urlParts = document.location.href.split(\"?\");\n            const cleanUrl = urlParts[0];\n            if (urlParts.length > 1 && urlParts[1].indexOf(\"page_id=\") !== -1) {\n                const urlParts2 = document.location.href.split(\"page_id=\");\n                const endId = urlParts2[1].indexOf(\"&\") === -1 ? urlParts2[1].length : urlParts2[1].indexOf(\"&\");\n                const pageId = urlParts2[1].substring(0,endId);\n                window.location.href = cleanUrl + \"?page_id=\" + pageId + \"&c_id=\" + evt.target.value;\n            } else {\n                window.location.href = cleanUrl + \"?c_id=\" + evt.target.value;\n            }\n        });\n      <\/script>\n      \n\n\n\n<p>Diese Challenge ist ebenfalls ein Teil der Timeless Challenge!<\/p>\n\n\n<div class=\"wp-block-image\">\n<figure class=\"aligncenter\"><a href=\"https:\/\/rockyourgoal.de\/timeless-challenge\/#Anmeldung_und_Leistungsumfang\"><img loading=\"lazy\" decoding=\"async\" width=\"300\" height=\"145\" src=\"https:\/\/rockyourgoal.de\/wp-content\/uploads\/2022\/11\/image.png\" alt=\"\" class=\"wp-image-9693\" srcset=\"https:\/\/rockyourgoal.de\/wp-content\/uploads\/2022\/11\/image.png 300w, https:\/\/rockyourgoal.de\/wp-content\/uploads\/2022\/11\/image-18x9.png 18w\" sizes=\"auto, (max-width: 300px) 100vw, 300px\" \/><\/a><figcaption class=\"wp-element-caption\">Die Pushup your Life Challenge ist Teil der Timeless Challenge. Mach mit!<\/figcaption><\/figure>\n<\/div>\n\n\n<blockquote class=\"wp-block-quote is-layout-flow wp-block-quote-is-layout-flow\">\n<p><em>Ich glaube daran, dass jeder Mensch mit seinen Handlungen die Welt ver\u00e4ndern kann! Mach Dein Leben durch sinnvolle Aktionen (Challenges) zu etwas Besonderem und Dauerhaftem! Mach Dich unsterblich!<\/em><\/p>\n\n\n\n<p><em>Wir wollen&nbsp;<a rel=\"noreferrer noopener\" href=\"https:\/\/rockyourgoal.de\/big5forlife\/trees4breeze\/\" target=\"_blank\">eine Million B\u00e4ume weltweit pflanzen<\/a>&nbsp;ohne um Spenden zu betteln!<\/em>Uwe Kauntz<\/p>\n<\/blockquote>\n\n\n\n<p><strong><em>Jeden Montag und Donnerstag eine neue Challenge!<\/em><\/strong>&nbsp;<strong><em>Folge uns und bleib informiert!<\/em><\/strong><\/p>\n\n\n\n<ul class=\"wp-block-list\">\n<li><strong>Instagram<\/strong>:&nbsp;<a rel=\"noreferrer noopener\" href=\"https:\/\/www.instagram.com\/timeless_challenge\" target=\"_blank\">@timeless_challenge<\/a><\/li>\n\n\n\n<li><strong>Facebook<\/strong>:&nbsp;<a rel=\"noreferrer noopener\" href=\"https:\/\/www.facebook.com\/rockyourgoal\" target=\"_blank\">Rockyourgoal<\/a><\/li>\n\n\n\n<li><strong>Twitter<\/strong>:&nbsp;<a rel=\"noreferrer noopener\" href=\"https:\/\/www.twitter.com\/goal_rock\" target=\"_blank\">@goal_rock<\/a><\/li>\n<\/ul>\n\n\n\n<h2 class=\"wp-block-heading\">Die Pushup your Life Challenge in Social Media<\/h2>\n\n\n\n<p>Wenn Du \u00fcber Deine Fortschritte in Social Media berichten m\u00f6chtest, dann bieten wir Dir nat\u00fcrlich dazu die M\u00f6glichkeit. <\/p>\n\n\n\n<h3 class=\"wp-block-heading\">Die Pushup your Life Challenge auf Facebook<\/h3>\n\n\n\n<p>Wir laden Dich herzlich zum zwanglosen Austausch \u00fcber diese Challenge in unsere Gruppe <em>Sport und Gesundheit<\/em> in Facebook ein.<\/p>\n\n\n\n<h3 class=\"wp-block-heading\"># Unsere Hashtags<\/h3>\n\n\n\n<ul class=\"wp-block-list\">\n<li><em>#timelesschallenge<\/em> (zeig, dass Du diese Challenge gut findest)<\/li>\n\n\n\n<li>#tcpushupyourlife<br>#timelesschallenger<\/li>\n\n\n\n<li><\/li>\n<\/ul>\n","protected":false},"excerpt":{"rendered":"<p>Du hast bestimmt schon hunderte Liegest\u00fctze in Deinem Leben gemacht. Aber was passiert, wenn Du diese Fitness\u00fcbung t\u00e4glich in Dein Leben einbaust? Finde es raus und mach mit bei unserer Challenge &#8222;Pushup your Life&#8222;. Es gibt sehr viele Pushup-Challenges und auch wir bieten Dir zwei verschiedene Stufen an, denn Du&hellip;<\/p>\n<p> <a class=\"more-link\" href=\"https:\/\/rockyourgoal.de\/sv\/timeless-challenge\/sport-challenge\/pushup-your-life\/\">L\u00e4s mer<\/a><\/p>","protected":false},"author":2,"featured_media":9624,"parent":7499,"menu_order":0,"comment_status":"open","ping_status":"closed","template":"","meta":{"pgc_sgb_lightbox_settings":"","_glsr_average":0,"_glsr_ranking":0,"_glsr_reviews":0,"footnotes":""},"class_list":["post-6459","page","type-page","status-publish","has-post-thumbnail"],"_links":{"self":[{"href":"https:\/\/rockyourgoal.de\/sv\/wp-json\/wp\/v2\/pages\/6459","targetHints":{"allow":["GET"]}}],"collection":[{"href":"https:\/\/rockyourgoal.de\/sv\/wp-json\/wp\/v2\/pages"}],"about":[{"href":"https:\/\/rockyourgoal.de\/sv\/wp-json\/wp\/v2\/types\/page"}],"author":[{"embeddable":true,"href":"https:\/\/rockyourgoal.de\/sv\/wp-json\/wp\/v2\/users\/2"}],"replies":[{"embeddable":true,"href":"https:\/\/rockyourgoal.de\/sv\/wp-json\/wp\/v2\/comments?post=6459"}],"version-history":[{"count":21,"href":"https:\/\/rockyourgoal.de\/sv\/wp-json\/wp\/v2\/pages\/6459\/revisions"}],"predecessor-version":[{"id":18370,"href":"https:\/\/rockyourgoal.de\/sv\/wp-json\/wp\/v2\/pages\/6459\/revisions\/18370"}],"up":[{"embeddable":true,"href":"https:\/\/rockyourgoal.de\/sv\/wp-json\/wp\/v2\/pages\/7499"}],"wp:featuredmedia":[{"embeddable":true,"href":"https:\/\/rockyourgoal.de\/sv\/wp-json\/wp\/v2\/media\/9624"}],"wp:attachment":[{"href":"https:\/\/rockyourgoal.de\/sv\/wp-json\/wp\/v2\/media?parent=6459"}],"curies":[{"name":"wp","href":"https:\/\/api.w.org\/{rel}","templated":true}]}}