{"id":5861,"date":"2022-12-15T07:00:00","date_gmt":"2022-12-15T06:00:00","guid":{"rendered":"https:\/\/rockyourgoal.de\/?page_id=5861"},"modified":"2025-01-14T10:28:20","modified_gmt":"2025-01-14T09:28:20","slug":"reise-challenge","status":"publish","type":"page","link":"https:\/\/rockyourgoal.de\/sv\/timeless-challenge\/reise-challenge\/","title":{"rendered":"Have you ever been&#8230;? &#8211; Challenge"},"content":{"rendered":"\n<p>Andere L\u00e4nder, andere Kulturen, andere Menschen und viele neue Erfahrungen. Reisen bildet und weitet pers\u00f6nliche Horizonte. Du wirst w\u00e4hrend jeder Reise innerhalb kurzer Zeit neue Sichtweisen und Erlebnisse gewinnen. Reisen macht Deine Pers\u00f6nlichkeit fester und gibt Dir konkrete Hintergrundinformationen die erlebt werden und nicht anderweitig erworben werden k\u00f6nnen. <\/p>\n\n\n\n<p>Aus diesem Grund haben wir die Challenge &#8222;<em>Have you ever been&#8230;?<\/em>&#8220; gestartet. Wir sind der Meinung, dass Menschen die viel reisen als Mensch wachsen und dadurch passt dieses Kriterium perfekt zu dem Bereich &#8222;Pers\u00f6nlichkeit&#8220;. Deshalb kannst Du durch das Reisen in verschiedene L\u00e4nder wertvolle Life-Score Punkte im Bereich Pers\u00f6nlichkeit sammeln. <\/p>\n\n\n\n<p>Reisen ist eine Challenge f\u00fcr mehr Offenheit und f\u00fcr viele tolle Momente f\u00fcr das pers\u00f6nliche Lebensmuseum eines Menschen!<\/p>\n\n\n<div class=\"wp-block-image\">\n<figure class=\"aligncenter size-full is-resized\"><img loading=\"lazy\" decoding=\"async\" width=\"960\" height=\"640\" src=\"https:\/\/rockyourgoal.de\/wp-content\/uploads\/2022\/02\/reisen-bildet.jpg\" alt=\"\" class=\"wp-image-5864\" style=\"width:597px;height:398px\" srcset=\"https:\/\/rockyourgoal.de\/wp-content\/uploads\/2022\/02\/reisen-bildet.jpg 960w, https:\/\/rockyourgoal.de\/wp-content\/uploads\/2022\/02\/reisen-bildet-300x200.jpg 300w, https:\/\/rockyourgoal.de\/wp-content\/uploads\/2022\/02\/reisen-bildet-768x512.jpg 768w, https:\/\/rockyourgoal.de\/wp-content\/uploads\/2022\/02\/reisen-bildet-850x567.jpg 850w\" sizes=\"auto, (max-width: 960px) 100vw, 960px\" \/><\/figure>\n<\/div>\n\n\n<h2 class=\"wp-block-heading\" id=\"regeln\">Regeln<\/h2>\n\n\n\n<p>Du reist in verschiedene L\u00e4nder und jedes neue Land bringt Dir Life-Score Punkte. Jedes Land z\u00e4hlt jedoch nur einmal und Du musst mindestens drei Tage in dem Land verbracht haben. Nur &#8222;umsteigen&#8220; am Flughafen reicht also nicht \ud83d\ude09 Es geht hier nicht um protzen, sondern es geht um die Erfahrung und das Erleben von anderen L\u00e4ndern. Immer wenn Du 10 L\u00e4nder &#8222;gesammelt&#8220; hast, kannst Du neue Life-Score Punkte erreichen. <\/p>\n\n\n<div class=\"wp-block-image\">\n<figure class=\"aligncenter size-full\"><a href=\"https:\/\/rockyourgoal.de\/timeless-challenge\/#Anmeldung_und_Leistungsumfang\"><img loading=\"lazy\" decoding=\"async\" width=\"300\" height=\"145\" src=\"https:\/\/rockyourgoal.de\/wp-content\/uploads\/2022\/12\/image-2.png\" alt=\"\" class=\"wp-image-10136\" srcset=\"https:\/\/rockyourgoal.de\/wp-content\/uploads\/2022\/12\/image-2.png 300w, https:\/\/rockyourgoal.de\/wp-content\/uploads\/2022\/12\/image-2-18x9.png 18w\" sizes=\"auto, (max-width: 300px) 100vw, 300px\" \/><\/a><figcaption class=\"wp-element-caption\"><a href=\"https:\/\/rockyourgoal.de\/timeless-challenge\/#Anmeldung_und_Leistungsumfang\">Die have you ever been&#8230; challenge ist selbstverst\u00e4ndlich Teil der Timeless Challenge. Mach mit!<\/a><\/figcaption><\/figure>\n<\/div>\n\n\n<p><strong><em>Jeden Montag eine neue Challenge!<\/em><\/strong>&nbsp;<strong><em>Folge uns und bleib informiert!<\/em><\/strong><\/p>\n\n\n\n<ul class=\"wp-block-list\">\n<li><strong>Instagram<\/strong>:&nbsp;<a rel=\"noreferrer noopener\" href=\"https:\/\/www.instagram.com\/timeless_challenge\" target=\"_blank\">@timeless_challenge<\/a><\/li>\n\n\n\n<li><strong>Facebook<\/strong>:&nbsp;<a rel=\"noreferrer noopener\" href=\"https:\/\/www.facebook.com\/rockyourgoal\" target=\"_blank\">Rockyourgoal<\/a><\/li>\n\n\n\n<li><strong>Twitter<\/strong>:&nbsp;<a rel=\"noreferrer noopener\" href=\"https:\/\/www.twitter.com\/goal_rock\" target=\"_blank\">@goal_rock<\/a><\/li>\n<\/ul>\n\n\n\n<blockquote class=\"wp-block-quote is-layout-flow wp-block-quote-is-layout-flow\">\n<p><strong><em>Wir wollen eine Million B\u00e4ume weltweit pflanzen ohne um Spenden zu betteln!<\/em><\/strong><\/p>\n\n\n\n<p>Uwe (Initiator)<\/p>\n<\/blockquote>\n\n\n\n<h2 class=\"wp-block-heading\" id=\"life-score-punkte-fur-die-have-you-ever-been-challenge\">Life Score Punkte f\u00fcr die &#8222;<em>have you ever been&#8230;?&#8220;<\/em> challenge<\/h2>\n\n\n\n<figure class=\"wp-block-table\"><table><tbody><tr><td><strong>Logo<\/strong><\/td><td><strong>Name<\/strong><\/td><td><strong>Life-Score Punkte<\/strong><\/td><td><strong>Anmerkung<\/strong><\/td><\/tr><tr><td><img loading=\"lazy\" decoding=\"async\" width=\"150\" height=\"54\" class=\"wp-image-5890\" style=\"width: 150px;\" src=\"http:\/\/rockyourgoal.de\/wp-content\/uploads\/2022\/02\/have-you-ever-been-logo.png\" alt=\"\" srcset=\"https:\/\/rockyourgoal.de\/wp-content\/uploads\/2022\/02\/have-you-ever-been-logo.png 2802w, https:\/\/rockyourgoal.de\/wp-content\/uploads\/2022\/02\/have-you-ever-been-logo-300x109.png 300w, https:\/\/rockyourgoal.de\/wp-content\/uploads\/2022\/02\/have-you-ever-been-logo-1024x371.png 1024w, https:\/\/rockyourgoal.de\/wp-content\/uploads\/2022\/02\/have-you-ever-been-logo-768x278.png 768w, https:\/\/rockyourgoal.de\/wp-content\/uploads\/2022\/02\/have-you-ever-been-logo-1536x556.png 1536w, https:\/\/rockyourgoal.de\/wp-content\/uploads\/2022\/02\/have-you-ever-been-logo-2048x741.png 2048w, https:\/\/rockyourgoal.de\/wp-content\/uploads\/2022\/02\/have-you-ever-been-logo-850x308.png 850w\" sizes=\"auto, (max-width: 150px) 100vw, 150px\" \/><\/td><td><em>have you ever been &#8211; 10<\/em><\/td><td>50<\/td><td>Du warst in 10 L\u00e4ndern<\/td><\/tr><tr><td><img loading=\"lazy\" decoding=\"async\" width=\"150\" height=\"54\" class=\"wp-image-5890\" style=\"width: 150px;\" src=\"http:\/\/rockyourgoal.de\/wp-content\/uploads\/2022\/02\/have-you-ever-been-logo.png\" alt=\"\" srcset=\"https:\/\/rockyourgoal.de\/wp-content\/uploads\/2022\/02\/have-you-ever-been-logo.png 2802w, https:\/\/rockyourgoal.de\/wp-content\/uploads\/2022\/02\/have-you-ever-been-logo-300x109.png 300w, https:\/\/rockyourgoal.de\/wp-content\/uploads\/2022\/02\/have-you-ever-been-logo-1024x371.png 1024w, https:\/\/rockyourgoal.de\/wp-content\/uploads\/2022\/02\/have-you-ever-been-logo-768x278.png 768w, https:\/\/rockyourgoal.de\/wp-content\/uploads\/2022\/02\/have-you-ever-been-logo-1536x556.png 1536w, https:\/\/rockyourgoal.de\/wp-content\/uploads\/2022\/02\/have-you-ever-been-logo-2048x741.png 2048w, https:\/\/rockyourgoal.de\/wp-content\/uploads\/2022\/02\/have-you-ever-been-logo-850x308.png 850w\" sizes=\"auto, (max-width: 150px) 100vw, 150px\" \/><\/td><td><em>have you ever been &#8211; 20<\/em><\/td><td>100<\/td><td>Du warst in 20 L\u00e4ndern<\/td><\/tr><tr><td><img loading=\"lazy\" decoding=\"async\" width=\"150\" height=\"54\" class=\"wp-image-5890\" style=\"width: 150px;\" src=\"http:\/\/rockyourgoal.de\/wp-content\/uploads\/2022\/02\/have-you-ever-been-logo.png\" alt=\"\" srcset=\"https:\/\/rockyourgoal.de\/wp-content\/uploads\/2022\/02\/have-you-ever-been-logo.png 2802w, https:\/\/rockyourgoal.de\/wp-content\/uploads\/2022\/02\/have-you-ever-been-logo-300x109.png 300w, https:\/\/rockyourgoal.de\/wp-content\/uploads\/2022\/02\/have-you-ever-been-logo-1024x371.png 1024w, https:\/\/rockyourgoal.de\/wp-content\/uploads\/2022\/02\/have-you-ever-been-logo-768x278.png 768w, https:\/\/rockyourgoal.de\/wp-content\/uploads\/2022\/02\/have-you-ever-been-logo-1536x556.png 1536w, https:\/\/rockyourgoal.de\/wp-content\/uploads\/2022\/02\/have-you-ever-been-logo-2048x741.png 2048w, https:\/\/rockyourgoal.de\/wp-content\/uploads\/2022\/02\/have-you-ever-been-logo-850x308.png 850w\" sizes=\"auto, (max-width: 150px) 100vw, 150px\" \/><\/td><td><em>have you ever been &#8211; 30<\/em><\/td><td>150<\/td><td>Du warst in 30 L\u00e4ndern<\/td><\/tr><tr><td><img loading=\"lazy\" decoding=\"async\" width=\"150\" height=\"54\" class=\"wp-image-5890\" style=\"width: 150px;\" src=\"http:\/\/rockyourgoal.de\/wp-content\/uploads\/2022\/02\/have-you-ever-been-logo.png\" alt=\"\" srcset=\"https:\/\/rockyourgoal.de\/wp-content\/uploads\/2022\/02\/have-you-ever-been-logo.png 2802w, https:\/\/rockyourgoal.de\/wp-content\/uploads\/2022\/02\/have-you-ever-been-logo-300x109.png 300w, https:\/\/rockyourgoal.de\/wp-content\/uploads\/2022\/02\/have-you-ever-been-logo-1024x371.png 1024w, https:\/\/rockyourgoal.de\/wp-content\/uploads\/2022\/02\/have-you-ever-been-logo-768x278.png 768w, https:\/\/rockyourgoal.de\/wp-content\/uploads\/2022\/02\/have-you-ever-been-logo-1536x556.png 1536w, https:\/\/rockyourgoal.de\/wp-content\/uploads\/2022\/02\/have-you-ever-been-logo-2048x741.png 2048w, https:\/\/rockyourgoal.de\/wp-content\/uploads\/2022\/02\/have-you-ever-been-logo-850x308.png 850w\" sizes=\"auto, (max-width: 150px) 100vw, 150px\" \/><\/td><td><em>have you ever been &#8211; 40<\/em><\/td><td>200 etc.<\/td><td>Du warst in 40 L\u00e4ndern<\/td><\/tr><\/tbody><\/table><\/figure>\n\n\n\n<h3 class=\"wp-block-heading\">Murmeln f\u00fcr die have you ever been&#8230;? Challenge<\/h3>\n\n\n<div class=\"wp-block-image\">\n<figure class=\"aligncenter size-medium\"><a href=\"https:\/\/rockyourgoal.de\/wp-content\/uploads\/2022\/08\/LSP-Persoenlichkeit.png\"><img loading=\"lazy\" decoding=\"async\" width=\"300\" height=\"300\" src=\"https:\/\/rockyourgoal.de\/wp-content\/uploads\/2022\/08\/LSP-Persoenlichkeit-300x300.png\" alt=\"\" class=\"wp-image-8297\" srcset=\"https:\/\/rockyourgoal.de\/wp-content\/uploads\/2022\/08\/LSP-Persoenlichkeit-300x300.png 300w, https:\/\/rockyourgoal.de\/wp-content\/uploads\/2022\/08\/LSP-Persoenlichkeit-150x150.png 150w, https:\/\/rockyourgoal.de\/wp-content\/uploads\/2022\/08\/LSP-Persoenlichkeit-768x769.png 768w, https:\/\/rockyourgoal.de\/wp-content\/uploads\/2022\/08\/LSP-Persoenlichkeit-12x12.png 12w, https:\/\/rockyourgoal.de\/wp-content\/uploads\/2022\/08\/LSP-Persoenlichkeit-850x851.png 850w, https:\/\/rockyourgoal.de\/wp-content\/uploads\/2022\/08\/LSP-Persoenlichkeit.png 1000w\" sizes=\"auto, (max-width: 300px) 100vw, 300px\" \/><\/a><figcaption class=\"wp-element-caption\">Hol Dir die wertvolle(n) Murmel(n) in gelb (Pers\u00f6nlichkeit) mit Reisen in ferne L\u00e4nder<\/figcaption><\/figure>\n<\/div>\n\n\n<h2 class=\"wp-block-heading\" id=\"so-kannst-du-bei-der-have-you-ever-been-challenge-mitmachen\">So kannst Du bei der <em>have you ever been&#8230;?<\/em> Challenge mitmachen <\/h2>\n\n\n\n<ul class=\"wp-block-list\">\n<li><a href=\"https:\/\/rockyourgoal.de\/timeless-challenge\/#Anmeldung_und_Leistungsumfang\">Melde Dich bei der Timeless Challenge an!<\/a><\/li>\n\n\n\n<li><a href=\"https:\/\/rockyourgoal.de\/wb-admin\/?action=register\">Registriere Dich (falls noch nicht geschehen) bei dieser Seite (klick auf diesen Satz)<\/a><\/li>\n\n\n\n<li>Du solltest Deine Zeit nutzen und reisen! Schau Dir ferne L\u00e4nder an und sei offen. Du wirst diese Zeit nicht vergessen.<\/li>\n\n\n\n<li>Wenn Du zehn L\u00e4nder gesehen hast, dann hast Du wertvolle Erfahrungen gemacht! Aber nicht nur das. F\u00fcll bitte das untere Formular (nur sichtbar wenn Du registriert und angemeldet bist) aus. Einen Nachweis brauchen wir nicht, denn diese Challenge hast Du nur f\u00fcr Dich gemacht! Wir schicken Dir die Murmel zu. Die Life Score Points werden Dir automatisch gutgeschrieben und im&nbsp;<a href=\"https:\/\/rockyourgoal.de\/timeless-challenge\/#Life_Museum\">Life Museum<\/a>&nbsp;erg\u00e4nzt. Bitte schreibe Deine Lieferadresse f\u00fcr die Murmel in die \u201eNotes\u201c im Formular.<\/li>\n<\/ul>\n\n\n\n<p class=\"has-text-align-center\"><a href=\"http:\/\/rockyourgoal.de\/wp-content\/uploads\/2024\/03\/Booklet-Challenge-Tool-1.pdf\">Eine genaue Beschreibung des Tools findest Du in unserem Booklet<\/a><\/p>\n\n\n\n<h3 class=\"wp-block-heading\">Eingabe Deiner bereisten L\u00e4nder<\/h3>\n\n\n\n<p>Immer wenn Du 10 L\u00e4nder bereist hast, dann kannst Du diese in unserem Formular erfassen und die Life-Score-Punkte bekommen. <\/p>\n\n\n\n\n\n\n<h3 class=\"wp-block-heading\">Ehrentabelle &#8222;have you ever been &#8230;..&#8220; Challenge<\/h3>\n\n\n\n        <a id=\"table-top-anchor\"><\/a>\n        <div class=\"table\">\n          <div class=\"row header-row\">\n            <div class=\"cell header num-col\">Rank<\/div>\n            <div class=\"cell header\">Athlet<\/div>\n            <div class=\"cell header num-col\">Teilgenommene Challenge<\/div>\n            <div class=\"cell header num-col\">Life Score<\/br>Points<\/div>\n          <\/div>\n          <div class=\"row\">   <div class=\"cell num-col\">1.<\/div>   <div class=\"cell left\">Uwe  <div class='hide-on-desktop'>Summits: Uwe <br \/>Teilgenommene Challenge:  have you ever been ...<br \/>Lifescore Points: 50<\/div><\/div>   <div class=\"cell num-col\"> have you ever been ...<\/div>   <div class=\"cell num-col\">50<\/div><\/div><div class=\"row\">   <div class=\"cell num-col\">2.<\/div>   <div class=\"cell left\">Rene_the_mudshiner <div class='hide-on-desktop'>Summits: Rene_the_mudshiner<br \/>Teilgenommene Challenge:  have you ever been ...<br \/>Lifescore Points: 50<\/div><\/div>   <div class=\"cell num-col\"> have you ever been ...<\/div>   <div class=\"cell num-col\">50<\/div><\/div><div class=\"row\">   <div class=\"cell num-col\">3.<\/div>   <div class=\"cell left\">Nicole Runge <div class='hide-on-desktop'>Summits: Nicole Runge<br \/>Teilgenommene Challenge:  have you ever been ...<br \/>Lifescore Points: 100<\/div><\/div>   <div class=\"cell num-col\"> have you ever been ...<\/div>   <div class=\"cell num-col\">100<\/div><\/div><div class=\"row\">   <div class=\"cell num-col\">4.<\/div>   <div class=\"cell left\">Brick Brian <div class='hide-on-desktop'>Summits: Brick Brian<br \/>Teilgenommene Challenge:  have you ever been ...<br \/>Lifescore Points: 50<\/div><\/div>   <div class=\"cell num-col\"> have you ever been ...<\/div>   <div class=\"cell num-col\">50<\/div><\/div><div class=\"row\">   <div class=\"cell num-col\">5.<\/div>   <div class=\"cell left\">G\u00fcnter Meinhard <div class='hide-on-desktop'>Summits: G\u00fcnter Meinhard<br \/>Teilgenommene Challenge:  have you ever been ...<br \/>Lifescore Points: 100<\/div><\/div>   <div class=\"cell num-col\"> have you ever been ...<\/div>   <div class=\"cell num-col\">100<\/div><\/div><div class=\"row\">   <div class=\"cell num-col\">6.<\/div>   <div class=\"cell left\">sanni83 <div class='hide-on-desktop'>Summits: sanni83<br \/>Teilgenommene Challenge:  have you ever been ...<br \/>Lifescore Points: 150<\/div><\/div>   <div class=\"cell num-col\"> have you ever been ...<\/div>   <div class=\"cell num-col\">150<\/div><\/div><div class=\"row\">   <div class=\"cell num-col\">7.<\/div>   <div class=\"cell left\">Jasmin Rosenberger <div class='hide-on-desktop'>Summits: Jasmin Rosenberger<br \/>Teilgenommene Challenge:  have you ever been ...<br \/>Lifescore Points: 50<\/div><\/div>   <div class=\"cell num-col\"> have you ever been ...<\/div>   <div class=\"cell num-col\">50<\/div><\/div>\n          <div class=\"row footer-row\">\n            <div class=\"cell footer no-border hide-mobile\"><a href=\"javascript:void(0);\" class=\"first-page\">&lt;&lt;Erste<\/a><\/div>\n            <div class=\"cell footer no-border hide-mobile\"><a href=\"javascript:void(0);\" class=\"prev\">&lt;Vorherige<\/a><\/div>\n            <div class=\"cell footer no-border hide-mobile\"><a href=\"javascript:void(0);\" class=\"next\">N\u00e4chste&gt;<\/a><\/div>\n            <div class=\"cell footer no-border hide-mobile\"><a href=\"javascript:void(0);\" class=\"last-page\">Letzte&gt;&gt;<\/a><\/div>\n          <\/div>\n          <div class=\"row footer-row hide-on-desktop\">\n            <div class=\"cell footer no-border hide-on-desktop\">Seite:<br \/><span class=\"page-count\">1 \/ 2<\/span><\/div>\n            <div class=\"cell footer no-border hide-on-desktop\"><a class=\"first-page\">&lt;&lt;Erste<\/a><br \/>\n                <a class=\"last-page\">Letzte&gt;&gt;<\/a><\/div>\n            <div class=\"cell footer no-border hide-on-desktop\"><a class=\"prev\">&lt;Vorherige<\/a><br \/>\n                <a class=\"next\">N\u00e4chste&gt;<\/a><\/div>\n          <\/div>\n        <\/div>\n      \n      <style>\n      a.next:hover,a.prev:hover,a.first-page:hover,a.last-page:hover {\n        cursor: pointer;\n      }\n      div.header {\n        text-align: center;\n        background-color: #efbf99;\n        font-weight: 500;\n      }\n      div.footer {\n        background-color: #efbf99;\n        text-align: left;\n      }\n      div.left {\n        text-align: left;\n      }\n      div.center {\n        text-align: center;\n      }\n      div.right {\n        text-align: right;\n      }\n      div.rank {\n        text-align: right;\n      }\n      .cell.no-border {\n        border: none;\n      }\n      @media only screen and (max-width: 767px) {\n        div.hide-mobile {\n          display: none !important;\n        }\n        .show-mobile {\n          display: block !important;\n        }\n      }\n\n      @media only screen and (min-width: 768px) {\n        div.hide-on-desktop {\n          display: none !important;\n        }\n        .show-on-mobile {\n          display: block !important;\n        }\n      }\n\n      .table {\n        display: table;\n        width: 100%;\n        border-collapse: collapse;\n        border: 1px solid black;\n      }\n  \n      .row {\n        display: table-row;\n      }\n  \n      .cell {\n        display: table-cell;\n        padding: 10px;\n        border: 1px solid black;\n        text-align: center;\n      }\n\n      @media (max-width: 768px) {\n        .cell:nth-child(4),\n        .cell:nth-child(5),\n        .cell:nth-child(6),\n        .cell:nth-child(7),\n        .cell:nth-child(8),\n        .cell:nth-child(9) {\n          display: none;\n        }\n      }\n\n      .next-button {\n        display: none;\n        margin-top: 10px;\n        text-align: center;\n      }\n  \n      @media (max-width: 768px) {\n        .next-button {\n          display: block;\n        }\n      }\n      \n      .hidden {\n        display: none;\n      }\n      \n      .num-col {\n        text-align: right;\n      }\n      <\/style>\n\n      <script>\n        document.addEventListener(\"DOMContentLoaded\", function () {\n          var currentPage = 1;\n          var entriesPerPage = 10;\n          var totalEntries = 7\n          var totalPages = Math.ceil(totalEntries \/ entriesPerPage);\n\n          function showPage(page) {\n            var start = (page - 1) * entriesPerPage;\n            var end = start + entriesPerPage;\n\n            var rows = document.querySelectorAll(\".table .row:not(.header-row):not(.footer-row)\");\n            for (var i = 0; i < rows.length; i++) {\n              rows[i].style.display = i >= start && i < end ? \"table-row\" : \"none\";\n            }\n          }\n\n          function updatePageCount() {\n            var pageCountElement = document.querySelector(\".page-count\");\n            pageCountElement.textContent = currentPage + \" \/ \" + totalPages;\n          }\n\n          function handleNavigationClick(event) {\n            event.preventDefault();\n            var action = event.target.getAttribute(\"class\");\n            switch (action) {\n              case \"first-page\":\n                currentPage = 1;\n                break;\n              case \"prev\":\n                if (currentPage > 1) {\n                  currentPage--;\n                }\n                break;\n              case \"next\":\n                if (currentPage < totalPages) {\n                  currentPage++;\n                }\n                break;\n              case \"last-page\":\n                currentPage = totalPages;\n                break;\n            }\n\n            showPage(currentPage);\n            updatePageCount();\n          }\n\n          var navigationLinks = document.querySelectorAll(\".first-page, .prev, .next, .last-page\");\n          for (var i = 0; i < navigationLinks.length; i++) {\n            navigationLinks[i].addEventListener(\"click\", handleNavigationClick);\n          }\n\n          \/\/ Initial page display\n          showPage(currentPage);\n          updatePageCount();\n        });\n      <\/script>\n        \n        <script>\n        document.getElementById(\"select_challenge_summit\").addEventListener(\"change\", (evt) => {\n            const urlParts = document.location.href.split(\"?\");\n            const cleanUrl = urlParts[0];\n            if (urlParts.length > 1 && urlParts[1].indexOf(\"page_id=\") !== -1) {\n                const urlParts2 = document.location.href.split(\"page_id=\");\n                const endId = urlParts2[1].indexOf(\"&\") === -1 ? urlParts2[1].length : urlParts2[1].indexOf(\"&\");\n                const pageId = urlParts2[1].substring(0,endId);\n                window.location.href = cleanUrl + \"?page_id=\" + pageId + \"&c_id=\" + evt.target.value;\n            } else {\n                window.location.href = cleanUrl + \"?c_id=\" + evt.target.value;\n            }\n        });\n      <\/script>\n      \n\n\n\n<h2 class=\"wp-block-heading\" id=\"die-have-you-ever-been-challenge-in-social-media\">Die <em>have you ever been&#8230;?<\/em> challenge in Social Media<\/h2>\n\n\n\n<p>Du wirst w\u00e4hrend Deiner Reisen viele Fotos und Videos machen die Du nat\u00fcrlich gerne in Social Media teilen kannst. Wir unterst\u00fctzen Dich nat\u00fcrlich gerne dabei. <\/p>\n\n\n\n<h3 class=\"wp-block-heading\" id=\"facebook-gruppe-fur-die-have-you-ever-been-challenge\">Facebook Gruppe f\u00fcr die <em>have you ever been&#8230;?<\/em> challenge<\/h3>\n\n\n\n<p>Wir laden Dich herzlich zum zwanglosen Austausch \u00fcber diese Challenge in unsere Gruppe &#8222;<em>Pers\u00f6nlichkeit<\/em>&#8220; in Facebook ein.<\/p>\n\n\n\n<h3 class=\"wp-block-heading\" id=\"unsere-hashtags\"># Unsere Hashtags<\/h3>\n\n\n\n<ul class=\"wp-block-list\">\n<li>#timelesschallenge<\/li>\n\n\n\n<li>#tchaveyoueverbeen<\/li>\n\n\n\n<li>#timelesschallenger<\/li>\n<\/ul>\n","protected":false},"excerpt":{"rendered":"<p>Andere L\u00e4nder, andere Kulturen, andere Menschen und viele neue Erfahrungen. Reisen bildet und weitet pers\u00f6nliche Horizonte. Du wirst w\u00e4hrend jeder Reise innerhalb kurzer Zeit neue Sichtweisen und Erlebnisse gewinnen. Reisen macht Deine Pers\u00f6nlichkeit fester und gibt Dir konkrete Hintergrundinformationen die erlebt werden und nicht anderweitig erworben werden k\u00f6nnen. Aus diesem&hellip;<\/p>\n<p> <a class=\"more-link\" href=\"https:\/\/rockyourgoal.de\/sv\/timeless-challenge\/reise-challenge\/\">L\u00e4s mer<\/a><\/p>","protected":false},"author":2,"featured_media":5890,"parent":5417,"menu_order":0,"comment_status":"open","ping_status":"closed","template":"","meta":{"pgc_sgb_lightbox_settings":"","_glsr_average":0,"_glsr_ranking":0,"_glsr_reviews":0,"footnotes":""},"class_list":["post-5861","page","type-page","status-publish","has-post-thumbnail"],"_links":{"self":[{"href":"https:\/\/rockyourgoal.de\/sv\/wp-json\/wp\/v2\/pages\/5861","targetHints":{"allow":["GET"]}}],"collection":[{"href":"https:\/\/rockyourgoal.de\/sv\/wp-json\/wp\/v2\/pages"}],"about":[{"href":"https:\/\/rockyourgoal.de\/sv\/wp-json\/wp\/v2\/types\/page"}],"author":[{"embeddable":true,"href":"https:\/\/rockyourgoal.de\/sv\/wp-json\/wp\/v2\/users\/2"}],"replies":[{"embeddable":true,"href":"https:\/\/rockyourgoal.de\/sv\/wp-json\/wp\/v2\/comments?post=5861"}],"version-history":[{"count":28,"href":"https:\/\/rockyourgoal.de\/sv\/wp-json\/wp\/v2\/pages\/5861\/revisions"}],"predecessor-version":[{"id":18260,"href":"https:\/\/rockyourgoal.de\/sv\/wp-json\/wp\/v2\/pages\/5861\/revisions\/18260"}],"up":[{"embeddable":true,"href":"https:\/\/rockyourgoal.de\/sv\/wp-json\/wp\/v2\/pages\/5417"}],"wp:featuredmedia":[{"embeddable":true,"href":"https:\/\/rockyourgoal.de\/sv\/wp-json\/wp\/v2\/media\/5890"}],"wp:attachment":[{"href":"https:\/\/rockyourgoal.de\/sv\/wp-json\/wp\/v2\/media?parent=5861"}],"curies":[{"name":"wp","href":"https:\/\/api.w.org\/{rel}","templated":true}]}}