{"id":3363,"date":"2021-06-08T15:35:11","date_gmt":"2021-06-08T13:35:11","guid":{"rendered":"http:\/\/rockyourgoal.de\/?page_id=3363"},"modified":"2021-06-08T15:48:45","modified_gmt":"2021-06-08T13:48:45","slug":"hindernislauf-trainingsplan-langistanz-fortgeschrittene","status":"publish","type":"page","link":"https:\/\/rockyourgoal.de\/sv\/meine-angebote\/ocr-und-spartanrace\/ocr-trainingsplan\/hindernislauf-trainingsplan-langistanz-fortgeschrittene\/","title":{"rendered":"12 Wochen Hindernislauf Trainingsplan &#8222;Langdistanz f\u00fcr Fortgeschrittene&#8220;"},"content":{"rendered":"<p>Mein erstes Spartanrace auf die &#8222;Beast&#8220;-Distanz war ein echtes Erlebnis. Viel zu blau\u00e4ugig bin ich damals in Tirol an den Start gegangen und bin mit Kr\u00e4mpfen und meiner letzten Kraft ins Ziel gekommen. Sp\u00e4ter musste ich mir anh\u00f6ren, dass ich im Gesicht wei\u00df wie eine Wand war. Ein Jahr mit systematischem Training sp\u00e4ter konnte ich beim Beast in Rum\u00e4nien in meiner Altersgruppe den zweiten Platz auf die Beast-Distanz erreichen und war am Folgetag ohne Muskelkater Schwimmen im Schwarzen Meer. <\/p>\n\n\n\n<p>Und genau dieses Ziel hat dieser 12 Wochen Hindernislauf Trainingsplan f\u00fcr Fortgeschrittene mit der Langdistanz als Ziel. Er soll Dich (der schon ein paar Hindernisl\u00e4ufe absolviert hat) auf eine erfolgreiche OCR Langdistanz vorbereiten. <\/p>\n\n\n\n<p>Die Laufeinheiten sind so geplant, dass Du Deine Laufzeiten erheblich verbessern kannst. Doch auch Deine Griffkraft und funktionelle Fitness wird sich mit diesem Plan erheblich verbessern.<\/p>\n\n\n\n<div class=\"wp-block-image\"><figure class=\"aligncenter size-large\"><a href=\"https:\/\/www.digistore24.com\/product\/393399\"><img loading=\"lazy\" decoding=\"async\" width=\"557\" height=\"733\" src=\"http:\/\/rockyourgoal.de\/wp-content\/uploads\/2021\/05\/ocr-trainingsplan-fortgeschrittene-langdistanz-3d-cover.png\" alt=\"\" class=\"wp-image-3179\" srcset=\"https:\/\/rockyourgoal.de\/wp-content\/uploads\/2021\/05\/ocr-trainingsplan-fortgeschrittene-langdistanz-3d-cover.png 557w, https:\/\/rockyourgoal.de\/wp-content\/uploads\/2021\/05\/ocr-trainingsplan-fortgeschrittene-langdistanz-3d-cover-228x300.png 228w, https:\/\/rockyourgoal.de\/wp-content\/uploads\/2021\/05\/ocr-trainingsplan-fortgeschrittene-langdistanz-3d-cover-300x395.png 300w\" sizes=\"auto, (max-width: 557px) 100vw, 557px\" \/><\/a><figcaption>1<a href=\"https:\/\/www.digistore24.com\/product\/393399\" target=\"_blank\" rel=\"noreferrer noopener\">2 Wochen Hindernislauf Trainingsplan f\u00fcr Fortgeschrittene &#8211; 15,- EUR<\/a><\/figcaption><\/figure><\/div>\n\n\n\n<p>Wenn Du Dir noch unsicher bist, ob dies genau der richtige Trainingsplan f\u00fcr Dich ist, dann versuche ich Dir mit einem konkreten Beispiel zu helfen.<\/p>\n\n\n\n<p>Du hast bereits mehrere Hindernisl\u00e4ufe auf die Kurz- und Mitteldistanz absolviert, vielleicht hast Du auch schon mal eine Langdistanz absolviert, aber eben ohne gro\u00dfe Ambitionen. &#8222;Ankommen war Dein Ziel bisher&#8220;.  Das soll sich nun aber \u00e4ndern, denn Du willst OCR als Sport betreiben und bist bereit Dein Training zu intensivieren, weil Du Deine Leistung weiter systematisch steigern m\u00f6chtest. Du brauchst einen Weg der Dir zeigt wie Du Dich den schnellen L\u00e4ufern weiter n\u00e4herst und wie Du Dich gezielt auf gute Ergebnisse auf die Langdistanz vorbereiten kannst.<\/p>\n\n\n\n<p>Der Plan ist aber NICHT f\u00fcr L\u00e4ufer gedacht die bereits vorne in ihrer Altersgruppe in der Mitteldistanz mitlaufen und nun auf das Podest m\u00f6chten. Dazu empfehle ich Dir den Plan von <a rel=\"noreferrer noopener\" href=\"http:\/\/rockyourgoal.de\/sv\/hindernislauf-trainingsplan\/lucas-kempe\/\" target=\"_blank\">Lucas Kempe \u201eAmbitionierte L\u00e4ufer\u201c<\/a>.<\/p>\n\n\n\n<h2 class=\"wp-block-heading\">Preis und Inhalt des 12 Wochen Hindernislauf Trainingsplans f\u00fcr Fortgeschrittene Langdistanz<\/h2>\n\n\n\n<p>Dieser 12 Wochen OCR Trainingsplan kostet Dich <a href=\"https:\/\/www.digistore24.com\/product\/393399\" target=\"_blank\" rel=\"noreferrer noopener\">15,- EUR<\/a><\/p>\n\n\n\n<p>Du erh\u00e4ltst daf\u00fcr ein 30 Seiten eBook (.pdf) mit folgenden Inhalten:<\/p>\n\n\n\n<ul class=\"wp-block-list\"><li><em>Anleitung zum Umgang mit dem Trainingsplan<\/em><\/li><li><em>Laufplan&nbsp;<\/em>\u201ePerformance\u201c \u2013 Langdistanz: Der Plan ist so aufgebaut, dass Du in 12 Wochen Deine Laufzeiten auf eine Strecke von zehn bis \u00fcber 20 Kilometer steigerst und wertvolle Erfahrungen f\u00fcr Dein Lauftraining sammelst. Du bekommst eine Systematik mit der Du Dein Lauftraining auch f\u00fcr die Zukunft laufend verbessern kannst.<\/li><li><em>Funktionelles Training<\/em>: Dein K\u00f6rper wird durch ein systematisches, funktionelles Training gest\u00e4rkt. Dabei spielt Deine K\u00f6rperstabilit\u00e4t, Kraftausdauer und Koordination eine entscheidende Rolle.<\/li><li>G<em>riffkrafttraining f\u00fcr Hindernisl\u00e4ufer:<\/em>&nbsp;Griffkrafttraining spielt in diesem Plan eine zentrale Rolle. Du baust die notwendige Griffkraft auf um die vor Dir liegenden Hindernisse sicher bew\u00e4ltigen zu k\u00f6nnen und auch Hindernisse wie Rigs, Olympus etc. ohne Probleme besiegst.<\/li><li><em>4-Wochen-Mental-Tipps<\/em>: Alle vier Wochen erh\u00e4ltst Du eine Aufgabe die Deine Gewohnheiten verbessern wird und Dich fitter und selbstsicherer macht<\/li><li><em>Laufende Betreuung \u00fcber eine eigene Facebook-Gruppe<\/em><\/li><\/ul>\n\n\n\n<h2 class=\"wp-block-heading\">Dein Coach<\/h2>\n\n\n\n<div class=\"wp-block-image\"><figure class=\"aligncenter size-large is-resized\"><img loading=\"lazy\" decoding=\"async\" src=\"http:\/\/rockyourgoal.de\/wp-content\/uploads\/2020\/03\/hurricane-heat-uwe-kauntz.jpg\" alt=\"\" class=\"wp-image-1212\" width=\"267\" height=\"310\" srcset=\"https:\/\/rockyourgoal.de\/wp-content\/uploads\/2020\/03\/hurricane-heat-uwe-kauntz.jpg 435w, https:\/\/rockyourgoal.de\/wp-content\/uploads\/2020\/03\/hurricane-heat-uwe-kauntz-258x300.jpg 258w, https:\/\/rockyourgoal.de\/wp-content\/uploads\/2020\/03\/hurricane-heat-uwe-kauntz-300x349.jpg 300w\" sizes=\"auto, (max-width: 267px) 100vw, 267px\" \/><figcaption>Als ausgebildeter Ausdauer-, Fitness- und OCR-Trainer betreue ich Hindernisl\u00e4ufer seit \u00fcber sechs Jahren<\/figcaption><\/figure><\/div>\n\n\n\n<p>Weitere Details \u00fcber mich und meine Qualifikationen findest Du unter \u201e<a rel=\"noreferrer noopener\" href=\"http:\/\/rockyourgoal.de\/sv\/meine-angebote\/ocr-und-spartanrace\/ocr-trainingsplan\/#Dein_Coach_und_seine_Qualifikationen\" target=\"_blank\">Dein Coach und seine Qualifikationen<\/a>.<\/p>\n\n\n\n<h2 class=\"wp-block-heading\">Hast Du noch Fragen?<\/h2>\n\n\n\n<p>Du kannst mich gerne jederzeit unter den folgenden Kontaktdaten erreichen:<\/p>\n\n\n\n<p>Uwe Kauntz, Ludwigstr. 28, 85551 Kirchheim, Mobil: 0152\/01877946, Email: uwe@rockyourgoal.de<\/p>\n\n\n\n<p>Nach den vielen Wochen Arbeit w\u00fcrde ich mich sehr \u00fcber Dein Feedback freuen. Was ist gut, was fehlt Dir? \u00dcber einen Kommentar w\u00fcrde ich mich freuen!<\/p>","protected":false},"excerpt":{"rendered":"<p>Mein erstes Spartanrace auf die &#8222;Beast&#8220;-Distanz war ein echtes Erlebnis. Viel zu blau\u00e4ugig bin ich damals in Tirol an den Start gegangen und bin mit Kr\u00e4mpfen und meiner letzten Kraft ins Ziel gekommen. Sp\u00e4ter musste ich mir anh\u00f6ren, dass ich im Gesicht wei\u00df wie eine Wand war. Ein Jahr mit&hellip;<\/p>\n<p> <a class=\"more-link\" href=\"https:\/\/rockyourgoal.de\/sv\/meine-angebote\/ocr-und-spartanrace\/ocr-trainingsplan\/hindernislauf-trainingsplan-langistanz-fortgeschrittene\/\">L\u00e4s mer<\/a><\/p>","protected":false},"author":2,"featured_media":0,"parent":132,"menu_order":6,"comment_status":"open","ping_status":"closed","template":"","meta":{"pgc_sgb_lightbox_settings":"","_glsr_average":0,"_glsr_ranking":0,"_glsr_reviews":0,"footnotes":""},"class_list":["post-3363","page","type-page","status-publish"],"_links":{"self":[{"href":"https:\/\/rockyourgoal.de\/sv\/wp-json\/wp\/v2\/pages\/3363","targetHints":{"allow":["GET"]}}],"collection":[{"href":"https:\/\/rockyourgoal.de\/sv\/wp-json\/wp\/v2\/pages"}],"about":[{"href":"https:\/\/rockyourgoal.de\/sv\/wp-json\/wp\/v2\/types\/page"}],"author":[{"embeddable":true,"href":"https:\/\/rockyourgoal.de\/sv\/wp-json\/wp\/v2\/users\/2"}],"replies":[{"embeddable":true,"href":"https:\/\/rockyourgoal.de\/sv\/wp-json\/wp\/v2\/comments?post=3363"}],"version-history":[{"count":8,"href":"https:\/\/rockyourgoal.de\/sv\/wp-json\/wp\/v2\/pages\/3363\/revisions"}],"predecessor-version":[{"id":3372,"href":"https:\/\/rockyourgoal.de\/sv\/wp-json\/wp\/v2\/pages\/3363\/revisions\/3372"}],"up":[{"embeddable":true,"href":"https:\/\/rockyourgoal.de\/sv\/wp-json\/wp\/v2\/pages\/132"}],"wp:attachment":[{"href":"https:\/\/rockyourgoal.de\/sv\/wp-json\/wp\/v2\/media?parent=3363"}],"curies":[{"name":"wp","href":"https:\/\/api.w.org\/{rel}","templated":true}]}}