{"id":2686,"date":"2020-12-27T15:23:21","date_gmt":"2020-12-27T14:23:21","guid":{"rendered":"http:\/\/rockyourgoal.de\/?page_id=2686"},"modified":"2020-12-27T15:23:22","modified_gmt":"2020-12-27T14:23:22","slug":"50-prozent-einsteiger-langdistanz","status":"publish","type":"page","link":"https:\/\/rockyourgoal.de\/sv\/meine-angebote\/ocr-und-spartanrace\/ocr-trainingsplan\/12-wochen-ocr-trainingsplan-einsteiger-langdistanz\/50-prozent-einsteiger-langdistanz\/","title":{"rendered":"50 Prozent Provision f\u00fcr Dich"},"content":{"rendered":"<p>Wie auch bei dem 12 Wochen OCR Einsteiger Trainingsplan f\u00fcr die Kurz- und Mitteldistanz m\u00f6chte ich auch, dass m\u00f6glichst viele Menschen meinen OCR Einsteiger Trainingsplan f\u00fcr die Langdistanz nutzen. <\/p>\n\n\n\n<p>Ich habe mir viel M\u00fche bei der Erstellung gegeben und m\u00f6chte, dass viele neue OCR Athleten einen Mehrwert bekommen. Dieser Trainingsplan f\u00fchrt Sportler zum Finish auf die OCR Langdistanz und ist ein sicherer Weg zur Erreichung dieses gro\u00dfen Ziels. <\/p>\n\n\n\n<p>Ich will von Deiner Reichweite profitieren und \u00a0<strong>biete Dir 50% (die H\u00e4lfte) der Einnahmen hinter jedem, \u00fcber Dich verkauften Trainingsplan an<\/strong>!<\/p>\n\n\n\n<p>Ich verlange f\u00fcr diesen Trainingsplan 12,- EUR. Digistore24 (mein Partner) zieht von jedem Verkauf ca. 2,00 EUR an Geb\u00fchren ab.\u00a0<strong>Somit bleiben Dir ca. 5,00 EUR an Provision hinter jedem Verkauf!<\/strong> (50% von 10,- EUR). <\/p>\n\n\n\n<p>Ich habe den Plan geschrieben, Du bewirbst ihn weiter und wir teilen uns den Umsatz gleichwertig. Ich denke, das ist mehr als fair. Auch hier entsteht f\u00fcr alle Seiten ein Mehrwert. <\/p>\n\n\n\n<h2 class=\"wp-block-heading\">Wie kannst Du mitmachen?<\/h2>\n\n\n\n<p>So kannst Du Deinen pers\u00f6nlichen Affiliate Link bekommen:<\/p>\n\n\n\n<ol class=\"wp-block-list\" id=\"block-5fc2d2cf-5a3d-4978-9eed-73009fe02c89\"><li>Melde Dich kostenlos bei Digistore24 an (falls Du es noch nicht bist)!\u00a0<a rel=\"noreferrer noopener\" href=\"https:\/\/www.digistore24.com\/signup\/315225\/\" target=\"_blank\">https:\/\/www.digistore24.com\/signup\/355914,360829,315225,358492,317414\/<\/a><\/li><li>Kopiere den Promotion Link.\u00a0<a rel=\"noreferrer noopener\" href=\"https:\/\/www.digistore24.com\/redir\/360829\/AFFILIATE\/CAMPAIGNKEY\" target=\"_blank\">https:\/\/www.digistore24.com\/redir\/360829\/AFFILIATE\/CAMPAIGNKEY<\/a><\/li><li>Bitte ersetze \u201eAFFILIATE\u201c durch deine DigiStore24 ID<\/li><li>Solltest Du eine eigene Kampagne daf\u00fcr eingerichtet haben, so gib den CAMPAIGNKEY an. Ansonsten lass dieses Feld bitte einfach leer.<\/li><li>Wenn du deine ID einsetzt hast, ist keine zus\u00e4tzliche Anmeldung f\u00fcr das Produkt als Affiliate notwendig! Teile nun Deinen Link auf beliebige Art und verdien f\u00fcr jeden Verkauf 50% des Nettoverkaufspreises (ca. 5,00 EUR).<\/li><\/ol>\n\n\n\n<h2 class=\"wp-block-heading\">Hintergr\u00fcnde zu dem Partnerprogramm<\/h2>\n\n\n\n<p>Ich wollte mit diesem Trainingsplan Sportlern die ihre erste OCR Langdistanz (z.B. Spartanrace Beast oder eine \u00e4hnliche Distanz) bestreiten m\u00f6chten ein optimales Training zu einem fairen Preis bieten. So ist dieser Plan entstanden.<\/p>\n\n\n\n<p>Wenn Du einen eigenen Blog hast oder eine gro\u00dfe Zahl an Social Media Followern, dann werde einfach ein Affiliate f\u00fcr diesen Trainingsplan, sprich \u00fcber diesen Plan und verdiene hinter jedem Verkauf hinter Deinem Empfehlungslink (Affiliate-Link) die H\u00e4lfte des Umsatzes!<\/p>\n\n\n\n<p>Du kannst mit wenig Aufwand ein passives Einkommen erzielen. Wie gesagt, ich teile br\u00fcderlich (50% der Einnahmen).<\/p>\n\n\n\n<h2 class=\"wp-block-heading\">Werbemittel die Du nutzen darfst<\/h2>\n\n\n\n<p>F\u00fcr die Werbung f\u00fcr dieses Produkt stelle ich Dir folgende Bilddateien zur Verf\u00fcgung:<\/p>\n\n\n\n<figure class=\"wp-block-gallery columns-2 is-cropped wp-block-gallery-1 is-layout-flex wp-block-gallery-is-layout-flex\"><ul class=\"blocks-gallery-grid\"><li class=\"blocks-gallery-item\"><figure><img loading=\"lazy\" decoding=\"async\" width=\"683\" height=\"1024\" src=\"http:\/\/rockyourgoal.de\/wp-content\/uploads\/2020\/12\/Zero-to-HeroV3-683x1024.jpg\" alt=\"\" data-id=\"2692\" data-full-url=\"http:\/\/rockyourgoal.de\/wp-content\/uploads\/2020\/12\/Zero-to-HeroV3-scaled.jpg\" data-link=\"http:\/\/rockyourgoal.de\/?attachment_id=2692\" class=\"wp-image-2692\" srcset=\"https:\/\/rockyourgoal.de\/wp-content\/uploads\/2020\/12\/Zero-to-HeroV3-683x1024.jpg 683w, https:\/\/rockyourgoal.de\/wp-content\/uploads\/2020\/12\/Zero-to-HeroV3-200x300.jpg 200w, https:\/\/rockyourgoal.de\/wp-content\/uploads\/2020\/12\/Zero-to-HeroV3-768x1152.jpg 768w, https:\/\/rockyourgoal.de\/wp-content\/uploads\/2020\/12\/Zero-to-HeroV3-1024x1536.jpg 1024w, https:\/\/rockyourgoal.de\/wp-content\/uploads\/2020\/12\/Zero-to-HeroV3-1365x2048.jpg 1365w, https:\/\/rockyourgoal.de\/wp-content\/uploads\/2020\/12\/Zero-to-HeroV3-300x450.jpg 300w, https:\/\/rockyourgoal.de\/wp-content\/uploads\/2020\/12\/Zero-to-HeroV3-850x1275.jpg 850w, https:\/\/rockyourgoal.de\/wp-content\/uploads\/2020\/12\/Zero-to-HeroV3-scaled.jpg 1707w\" sizes=\"auto, (max-width: 683px) 100vw, 683px\" \/><figcaption class=\"blocks-gallery-item__caption\">12 Wochen OCR Trainingsplan Langdistanz Cover<\/figcaption><\/figure><\/li><li class=\"blocks-gallery-item\"><figure><img loading=\"lazy\" decoding=\"async\" width=\"915\" height=\"845\" src=\"http:\/\/rockyourgoal.de\/wp-content\/uploads\/2020\/12\/ocr-trainingsplan-langdistanz-einsteiger.png\" alt=\"\" data-id=\"2492\" data-full-url=\"http:\/\/rockyourgoal.de\/wp-content\/uploads\/2020\/12\/ocr-trainingsplan-langdistanz-einsteiger.png\" data-link=\"http:\/\/rockyourgoal.de\/meine-angebote\/ocr-und-spartanrace\/ocr-trainingsplan\/12-wochen-ocr-trainingsplan-einsteiger-langdistanz\/ocr-trainingsplan-langdistanz-einsteiger\/\" class=\"wp-image-2492\" srcset=\"https:\/\/rockyourgoal.de\/wp-content\/uploads\/2020\/12\/ocr-trainingsplan-langdistanz-einsteiger.png 915w, https:\/\/rockyourgoal.de\/wp-content\/uploads\/2020\/12\/ocr-trainingsplan-langdistanz-einsteiger-300x277.png 300w, https:\/\/rockyourgoal.de\/wp-content\/uploads\/2020\/12\/ocr-trainingsplan-langdistanz-einsteiger-768x709.png 768w, https:\/\/rockyourgoal.de\/wp-content\/uploads\/2020\/12\/ocr-trainingsplan-langdistanz-einsteiger-850x785.png 850w\" sizes=\"auto, (max-width: 915px) 100vw, 915px\" \/><figcaption class=\"blocks-gallery-item__caption\">12 Wochen OCR Trainingsplan Einsteiger &#8211; Langdistanz<\/figcaption><\/figure><\/li><\/ul><figcaption class=\"blocks-gallery-caption\">Diese Bilder darfst Du gerne verwenden<\/figcaption><\/figure>\n\n\n\n<p><\/p>","protected":false},"excerpt":{"rendered":"<p>Wie auch bei dem 12 Wochen OCR Einsteiger Trainingsplan f\u00fcr die Kurz- und Mitteldistanz m\u00f6chte ich auch, dass m\u00f6glichst viele Menschen meinen OCR Einsteiger Trainingsplan f\u00fcr die Langdistanz nutzen. Ich habe mir viel M\u00fche bei der Erstellung gegeben und m\u00f6chte, dass viele neue OCR Athleten einen Mehrwert bekommen. Dieser Trainingsplan&hellip;<\/p>\n<p> <a class=\"more-link\" href=\"https:\/\/rockyourgoal.de\/sv\/meine-angebote\/ocr-und-spartanrace\/ocr-trainingsplan\/12-wochen-ocr-trainingsplan-einsteiger-langdistanz\/50-prozent-einsteiger-langdistanz\/\">L\u00e4s mer<\/a><\/p>","protected":false},"author":2,"featured_media":0,"parent":2489,"menu_order":0,"comment_status":"closed","ping_status":"closed","template":"","meta":{"pgc_sgb_lightbox_settings":"","_glsr_average":0,"_glsr_ranking":0,"_glsr_reviews":0,"footnotes":""},"class_list":["post-2686","page","type-page","status-publish"],"_links":{"self":[{"href":"https:\/\/rockyourgoal.de\/sv\/wp-json\/wp\/v2\/pages\/2686","targetHints":{"allow":["GET"]}}],"collection":[{"href":"https:\/\/rockyourgoal.de\/sv\/wp-json\/wp\/v2\/pages"}],"about":[{"href":"https:\/\/rockyourgoal.de\/sv\/wp-json\/wp\/v2\/types\/page"}],"author":[{"embeddable":true,"href":"https:\/\/rockyourgoal.de\/sv\/wp-json\/wp\/v2\/users\/2"}],"replies":[{"embeddable":true,"href":"https:\/\/rockyourgoal.de\/sv\/wp-json\/wp\/v2\/comments?post=2686"}],"version-history":[{"count":6,"href":"https:\/\/rockyourgoal.de\/sv\/wp-json\/wp\/v2\/pages\/2686\/revisions"}],"predecessor-version":[{"id":2693,"href":"https:\/\/rockyourgoal.de\/sv\/wp-json\/wp\/v2\/pages\/2686\/revisions\/2693"}],"up":[{"embeddable":true,"href":"https:\/\/rockyourgoal.de\/sv\/wp-json\/wp\/v2\/pages\/2489"}],"wp:attachment":[{"href":"https:\/\/rockyourgoal.de\/sv\/wp-json\/wp\/v2\/media?parent=2686"}],"curies":[{"name":"wp","href":"https:\/\/api.w.org\/{rel}","templated":true}]}}