{"id":2668,"date":"2020-12-26T09:17:20","date_gmt":"2020-12-26T08:17:20","guid":{"rendered":"http:\/\/rockyourgoal.de\/?page_id=2668"},"modified":"2023-03-03T10:33:22","modified_gmt":"2023-03-03T09:33:22","slug":"presse","status":"publish","type":"page","link":"https:\/\/rockyourgoal.de\/sv\/big5forlife\/das-bin-ich\/presse\/","title":{"rendered":"Presse"},"content":{"rendered":"<p>Ich freue mich, dass die Presse in der Vergangenheit bereits h\u00e4ufiger \u00fcber mich berichtet hat. Im Folgenden findet ihr eine Auswahl an Presseberichten \u00fcber mich. <\/p>\n\n\n\n<h2 class=\"wp-block-heading\">Aktion &#8222;Iron Lake Challenge Bavaria&#8220; &#8211; 2023<\/h2>\n\n\n\n<p>Im Jahr 2023 m\u00f6chte ich (vorbereitend f\u00fcr den Transalpin Run) um die zehn gr\u00f6\u00dften Seen Bayerns laufen und damit die Iron Lake Challenge Bavaria bew\u00e4ltigen. Ich freue mich sehr, dass dieses Vorhaben auch in der Presse auf Interesse st\u00f6\u00dft und bin dankbar f\u00fcr die positive Berichterstattung. <\/p>\n\n\n\n<p>Februar 2023 &#8211; HALLO Nachbar! &#8222;<a href=\"https:\/\/www.svh.at\/wp-content\/uploads\/epaper\/swhnts.pdf\" target=\"_blank\" rel=\"noreferrer noopener\">Mit vielen Schritten ans Ziel<\/a>&#8222;<\/p>\n\n\n<div class=\"wp-block-image\">\n<figure class=\"aligncenter size-medium\"><a href=\"https:\/\/rockyourgoal.de\/wp-content\/uploads\/2023\/03\/ilc-bavaria-medienbericht-hallo-nachbar.png\"><img loading=\"lazy\" decoding=\"async\" width=\"230\" height=\"300\" src=\"https:\/\/rockyourgoal.de\/wp-content\/uploads\/2023\/03\/ilc-bavaria-medienbericht-hallo-nachbar-230x300.png\" alt=\"\" class=\"wp-image-11050\" srcset=\"https:\/\/rockyourgoal.de\/wp-content\/uploads\/2023\/03\/ilc-bavaria-medienbericht-hallo-nachbar-230x300.png 230w, https:\/\/rockyourgoal.de\/wp-content\/uploads\/2023\/03\/ilc-bavaria-medienbericht-hallo-nachbar-9x12.png 9w, https:\/\/rockyourgoal.de\/wp-content\/uploads\/2023\/03\/ilc-bavaria-medienbericht-hallo-nachbar-300x391.png 300w, https:\/\/rockyourgoal.de\/wp-content\/uploads\/2023\/03\/ilc-bavaria-medienbericht-hallo-nachbar.png 741w\" sizes=\"auto, (max-width: 230px) 100vw, 230px\" \/><\/a><\/figure>\n<\/div>\n\n\n<h2 class=\"wp-block-heading\">Aktion &#8222;100Summits2022&#8220;<\/h2>\n\n\n\n<p>Im Jahr 2022 steht f\u00fcr mich die Aktion &#8222;100Summits2022&#8220; im Vordergrund. Ich m\u00f6chte 100 Gipfel in einem Jahr besteigen und jeder kann mitmachen. Ich m\u00f6chte damit sowohl Menschen bewegen als auch f\u00fcr mein Wiederaufforstungsprojekt &#8222;Trees4Breeze&#8220; werben. Hier findest Du die Medienberichte dazu:<\/p>\n\n\n\n<h3 class=\"wp-block-heading\">Berichte in der digitalen Presse<\/h3>\n\n\n\n<p>November 2022 &#8211; M\u00fcnchner Merkur &#8222;<a href=\"https:\/\/www.merkur.de\/sport\/lokalsport\/muenchen-lk\/kirchheim-trailrunner-uwe-kauntz-der-100-gipfel-stuermer-ist-am-ziel-91906429.html\" target=\"_blank\" rel=\"noreferrer noopener\">Der 100 Gipfel St\u00fcrmer ist am Ziel<\/a>&#8222;<\/p>\n\n\n<div class=\"wp-block-image\">\n<figure class=\"aligncenter size-medium\"><a href=\"https:\/\/www.merkur.de\/sport\/lokalsport\/muenchen-lk\/kirchheim-trailrunner-uwe-kauntz-der-100-gipfel-stuermer-ist-am-ziel-91906429.html\"><img loading=\"lazy\" decoding=\"async\" width=\"300\" height=\"292\" src=\"https:\/\/rockyourgoal.de\/wp-content\/uploads\/2022\/11\/100-gipfel-muenchner-merkur-300x292.png\" alt=\"\" class=\"wp-image-9601\" srcset=\"https:\/\/rockyourgoal.de\/wp-content\/uploads\/2022\/11\/100-gipfel-muenchner-merkur-300x292.png 300w, https:\/\/rockyourgoal.de\/wp-content\/uploads\/2022\/11\/100-gipfel-muenchner-merkur-768x746.png 768w, https:\/\/rockyourgoal.de\/wp-content\/uploads\/2022\/11\/100-gipfel-muenchner-merkur-12x12.png 12w, https:\/\/rockyourgoal.de\/wp-content\/uploads\/2022\/11\/100-gipfel-muenchner-merkur-850x826.png 850w, https:\/\/rockyourgoal.de\/wp-content\/uploads\/2022\/11\/100-gipfel-muenchner-merkur.png 964w\" sizes=\"auto, (max-width: 300px) 100vw, 300px\" \/><\/a><\/figure>\n<\/div>\n\n\n<p> 14. Januar 2022 &#8211; M\u00fcnchner Merkur &#8222;<a rel=\"noreferrer noopener\" href=\"https:\/\/www.merkur.de\/sport\/lokalsport\/muenchen-lk\/kirchheim-uwe-kauntz-der-100-gipfel-stuermer-91237331.html\" target=\"_blank\">Der 100-Gipfel-St\u00fcrmer<\/a>&#8220; <\/p>\n\n\n\n<h3 class=\"wp-block-heading\">Berichte in der Printausgabe<\/h3>\n\n\n\n<figure class=\"wp-block-gallery has-nested-images columns-default is-cropped wp-block-gallery-1 is-layout-flex wp-block-gallery-is-layout-flex\">\n<figure class=\"wp-block-image size-large\"><a href=\"https:\/\/rockyourgoal.de\/wp-content\/uploads\/2022\/01\/100-Summits-2022-Muenchner-Merkur.png\"><img loading=\"lazy\" decoding=\"async\" width=\"1024\" height=\"749\" data-id=\"5430\" src=\"https:\/\/rockyourgoal.de\/wp-content\/uploads\/2022\/01\/100-Summits-2022-Muenchner-Merkur-1024x749.png\" alt=\"\" class=\"wp-image-5430\" srcset=\"https:\/\/rockyourgoal.de\/wp-content\/uploads\/2022\/01\/100-Summits-2022-Muenchner-Merkur-1024x749.png 1024w, https:\/\/rockyourgoal.de\/wp-content\/uploads\/2022\/01\/100-Summits-2022-Muenchner-Merkur-300x220.png 300w, https:\/\/rockyourgoal.de\/wp-content\/uploads\/2022\/01\/100-Summits-2022-Muenchner-Merkur-768x562.png 768w, https:\/\/rockyourgoal.de\/wp-content\/uploads\/2022\/01\/100-Summits-2022-Muenchner-Merkur-850x622.png 850w, https:\/\/rockyourgoal.de\/wp-content\/uploads\/2022\/01\/100-Summits-2022-Muenchner-Merkur.png 1313w\" sizes=\"auto, (max-width: 1024px) 100vw, 1024px\" \/><\/a><figcaption class=\"wp-element-caption\">M\u00fcnchner Merkur, 14.01.2022<\/figcaption><\/figure>\n<\/figure>\n\n\n\n<h2 class=\"wp-block-heading\">Aktion &#8222;1000 Hindernisse statt der Couch&#8220;<\/h2>\n\n\n\n<p>Im Jahr 2016 war mein vierzigster Geburtstag. Ich wollte Couchpotatoes dazu animieren sich aufzuraffen und sich mehr zu bewegen. Deshalb startete ich die pers\u00f6nliche Challenge &#8222;<em>1000 Hindernisse statt der Couch<\/em>&#8222;. <\/p>\n\n\n\n<p>Ich habe mich sehr gefreut, dass die Presse flei\u00dfig \u00fcber diese Aktion berichtet hat. <\/p>\n\n\n\n<h3 class=\"wp-block-heading\">Berichte in der digitalen Presse<\/h3>\n\n\n\n<p>14. Januar 2016 &#8211; M\u00fcnchner Merkur &#8222;<a rel=\"noreferrer noopener\" href=\"https:\/\/www.merkur.de\/lokales\/muenchen-lk\/kirchheim-extrem-hindernislaeufer-will-1000-hindernisse-ueberwinden-6032060.html\" target=\"_blank\">Extrem Hindernisl\u00e4ufer will 1000 Hindernisse \u00fcberwinden<\/a>&#8222;<\/p>\n\n\n\n<p>12. April 2016 &#8211; Sauerland Kurier &#8222;<a rel=\"noreferrer noopener\" href=\"https:\/\/www.sauerlandkurier.de\/hochsauerlandkreis\/winterberg\/kauntz-startet-seiner-aktion-1000-hindernisse-einem-jahr-beim-hindernislauf-runterra-winterberg-6303152.html\" target=\"_blank\">Uwe Kauntz startet mit besonderem Anliegen beim Hindernislauf Runterra<\/a>&#8222;<\/p>\n\n\n\n<p>24. Dezember 2016 &#8211; M\u00fcnchner Merkur &#8222;<a rel=\"noreferrer noopener\" href=\"https:\/\/www.merkur.de\/sport\/lokalsport\/muenchen-lk\/obstacle-uwe-kauntz-braucht-noch-sechs-hindernisse-bis-zur-1000er-marke-7167188.html\" target=\"_blank\">Nur noch 6 Hindernisse bis zur 1000er Marke<\/a>&#8222;<\/p>\n\n\n\n<h3 class=\"wp-block-heading\">Berichte in der Printausgabe<\/h3>\n\n\n\n<figure class=\"wp-block-gallery has-nested-images columns-default is-cropped wp-block-gallery-2 is-layout-flex wp-block-gallery-is-layout-flex\">\n<figure class=\"wp-block-image size-large\"><img loading=\"lazy\" decoding=\"async\" width=\"717\" height=\"1024\" data-id=\"2676\" src=\"https:\/\/rockyourgoal.de\/wp-content\/uploads\/2020\/12\/1000-Hindernisse-Muenchner-Merkur-24-12-2016-717x1024.gif\" alt=\"\" class=\"wp-image-2676\" srcset=\"https:\/\/rockyourgoal.de\/wp-content\/uploads\/2020\/12\/1000-Hindernisse-Muenchner-Merkur-24-12-2016-717x1024.gif 717w, https:\/\/rockyourgoal.de\/wp-content\/uploads\/2020\/12\/1000-Hindernisse-Muenchner-Merkur-24-12-2016-210x300.gif 210w, https:\/\/rockyourgoal.de\/wp-content\/uploads\/2020\/12\/1000-Hindernisse-Muenchner-Merkur-24-12-2016-300x429.gif 300w\" sizes=\"auto, (max-width: 717px) 100vw, 717px\" \/><\/figure>\n\n\n\n<figure class=\"wp-block-image size-large\"><img loading=\"lazy\" decoding=\"async\" width=\"1024\" height=\"817\" data-id=\"2677\" src=\"https:\/\/rockyourgoal.de\/wp-content\/uploads\/2020\/12\/Fraenkische-Zeitung-25.-Mai-2016-1024x817.gif\" alt=\"\" class=\"wp-image-2677\" srcset=\"https:\/\/rockyourgoal.de\/wp-content\/uploads\/2020\/12\/Fraenkische-Zeitung-25.-Mai-2016-1024x817.gif 1024w, https:\/\/rockyourgoal.de\/wp-content\/uploads\/2020\/12\/Fraenkische-Zeitung-25.-Mai-2016-300x239.gif 300w, https:\/\/rockyourgoal.de\/wp-content\/uploads\/2020\/12\/Fraenkische-Zeitung-25.-Mai-2016-768x613.gif 768w, https:\/\/rockyourgoal.de\/wp-content\/uploads\/2020\/12\/Fraenkische-Zeitung-25.-Mai-2016-850x678.gif 850w\" sizes=\"auto, (max-width: 1024px) 100vw, 1024px\" \/><\/figure>\n\n\n\n<figure class=\"wp-block-image size-large\"><img loading=\"lazy\" decoding=\"async\" width=\"1024\" height=\"741\" data-id=\"2678\" src=\"https:\/\/rockyourgoal.de\/wp-content\/uploads\/2020\/12\/1000-Hindernisse-Bericht-Sauerlandkurrier-1024x741.jpg\" alt=\"\" class=\"wp-image-2678\" srcset=\"https:\/\/rockyourgoal.de\/wp-content\/uploads\/2020\/12\/1000-Hindernisse-Bericht-Sauerlandkurrier-1024x741.jpg 1024w, https:\/\/rockyourgoal.de\/wp-content\/uploads\/2020\/12\/1000-Hindernisse-Bericht-Sauerlandkurrier-300x217.jpg 300w, https:\/\/rockyourgoal.de\/wp-content\/uploads\/2020\/12\/1000-Hindernisse-Bericht-Sauerlandkurrier-768x556.jpg 768w, https:\/\/rockyourgoal.de\/wp-content\/uploads\/2020\/12\/1000-Hindernisse-Bericht-Sauerlandkurrier-850x615.jpg 850w, https:\/\/rockyourgoal.de\/wp-content\/uploads\/2020\/12\/1000-Hindernisse-Bericht-Sauerlandkurrier.jpg 1391w\" sizes=\"auto, (max-width: 1024px) 100vw, 1024px\" \/><\/figure>\n\n\n\n<figure class=\"wp-block-image size-large\"><img loading=\"lazy\" decoding=\"async\" width=\"1024\" height=\"613\" data-id=\"2679\" src=\"https:\/\/rockyourgoal.de\/wp-content\/uploads\/2020\/12\/1000Hindernisse-Kreisbote-Fuessen-1024x613.gif\" alt=\"\" class=\"wp-image-2679\" srcset=\"https:\/\/rockyourgoal.de\/wp-content\/uploads\/2020\/12\/1000Hindernisse-Kreisbote-Fuessen-1024x613.gif 1024w, https:\/\/rockyourgoal.de\/wp-content\/uploads\/2020\/12\/1000Hindernisse-Kreisbote-Fuessen-300x180.gif 300w, https:\/\/rockyourgoal.de\/wp-content\/uploads\/2020\/12\/1000Hindernisse-Kreisbote-Fuessen-768x460.gif 768w, https:\/\/rockyourgoal.de\/wp-content\/uploads\/2020\/12\/1000Hindernisse-Kreisbote-Fuessen-1536x919.gif 1536w, https:\/\/rockyourgoal.de\/wp-content\/uploads\/2020\/12\/1000Hindernisse-Kreisbote-Fuessen-850x509.gif 850w\" sizes=\"auto, (max-width: 1024px) 100vw, 1024px\" \/><\/figure>\n\n\n\n<figure class=\"wp-block-image size-large\"><img loading=\"lazy\" decoding=\"async\" width=\"1024\" height=\"1024\" data-id=\"2680\" src=\"https:\/\/rockyourgoal.de\/wp-content\/uploads\/2020\/12\/bericht-hallo-muenchen-Februar-2016-1024x1024.jpg\" alt=\"\" class=\"wp-image-2680\" srcset=\"https:\/\/rockyourgoal.de\/wp-content\/uploads\/2020\/12\/bericht-hallo-muenchen-Februar-2016-1024x1024.jpg 1024w, https:\/\/rockyourgoal.de\/wp-content\/uploads\/2020\/12\/bericht-hallo-muenchen-Februar-2016-300x300.jpg 300w, https:\/\/rockyourgoal.de\/wp-content\/uploads\/2020\/12\/bericht-hallo-muenchen-Februar-2016-150x150.jpg 150w, https:\/\/rockyourgoal.de\/wp-content\/uploads\/2020\/12\/bericht-hallo-muenchen-Februar-2016-768x768.jpg 768w, https:\/\/rockyourgoal.de\/wp-content\/uploads\/2020\/12\/bericht-hallo-muenchen-Februar-2016-850x850.jpg 850w, https:\/\/rockyourgoal.de\/wp-content\/uploads\/2020\/12\/bericht-hallo-muenchen-Februar-2016.jpg 1305w\" sizes=\"auto, (max-width: 1024px) 100vw, 1024px\" \/><\/figure>\n<\/figure>","protected":false},"excerpt":{"rendered":"<p>Ich freue mich, dass die Presse in der Vergangenheit bereits h\u00e4ufiger \u00fcber mich berichtet hat. Im Folgenden findet ihr eine Auswahl an Presseberichten \u00fcber mich. Aktion &#8222;Iron Lake Challenge Bavaria&#8220; &#8211; 2023 Im Jahr 2023 m\u00f6chte ich (vorbereitend f\u00fcr den Transalpin Run) um die zehn gr\u00f6\u00dften Seen Bayerns laufen und&hellip;<\/p>\n<p> <a class=\"more-link\" href=\"https:\/\/rockyourgoal.de\/sv\/big5forlife\/das-bin-ich\/presse\/\">L\u00e4s mer<\/a><\/p>","protected":false},"author":2,"featured_media":0,"parent":139,"menu_order":1,"comment_status":"closed","ping_status":"closed","template":"","meta":{"pgc_sgb_lightbox_settings":"","_glsr_average":0,"_glsr_ranking":0,"_glsr_reviews":0,"footnotes":""},"class_list":["post-2668","page","type-page","status-publish"],"_links":{"self":[{"href":"https:\/\/rockyourgoal.de\/sv\/wp-json\/wp\/v2\/pages\/2668","targetHints":{"allow":["GET"]}}],"collection":[{"href":"https:\/\/rockyourgoal.de\/sv\/wp-json\/wp\/v2\/pages"}],"about":[{"href":"https:\/\/rockyourgoal.de\/sv\/wp-json\/wp\/v2\/types\/page"}],"author":[{"embeddable":true,"href":"https:\/\/rockyourgoal.de\/sv\/wp-json\/wp\/v2\/users\/2"}],"replies":[{"embeddable":true,"href":"https:\/\/rockyourgoal.de\/sv\/wp-json\/wp\/v2\/comments?post=2668"}],"version-history":[{"count":13,"href":"https:\/\/rockyourgoal.de\/sv\/wp-json\/wp\/v2\/pages\/2668\/revisions"}],"predecessor-version":[{"id":11051,"href":"https:\/\/rockyourgoal.de\/sv\/wp-json\/wp\/v2\/pages\/2668\/revisions\/11051"}],"up":[{"embeddable":true,"href":"https:\/\/rockyourgoal.de\/sv\/wp-json\/wp\/v2\/pages\/139"}],"wp:attachment":[{"href":"https:\/\/rockyourgoal.de\/sv\/wp-json\/wp\/v2\/media?parent=2668"}],"curies":[{"name":"wp","href":"https:\/\/api.w.org\/{rel}","templated":true}]}}