{"id":7210,"date":"2023-09-04T07:00:00","date_gmt":"2023-09-04T05:00:00","guid":{"rendered":"https:\/\/rockyourgoal.de\/?page_id=7210"},"modified":"2025-04-01T15:42:38","modified_gmt":"2025-04-01T13:42:38","slug":"weekly-savings","status":"publish","type":"page","link":"https:\/\/rockyourgoal.de\/pt\/timeless-challenge\/persoenlichkeit\/weekly-savings\/","title":{"rendered":"Weekly Savings &#8211; Sparen auf Wochenbasis"},"content":{"rendered":"<p>Hast Du Lust auf eine kleine Spar-Challenge die echt Spa\u00df macht? Dann mach mit bei &#8222;Weekly Savings&#8220;. Es geht darum, kleine Zeitr\u00e4ume (in diesem Fall eine Woche) zum konsequenten Sparen zu nutzen, aber gleichzeitig das &#8222;Gro\u00dfe Ganze&#8220; im Blick zu behalten. <\/p>\n\n\n\n<p>Bei der Weekly Savings Challenge geht es darum, an einem kleinen, \u00fcberschaubaren Zeitraum die Auswirkungen von regelm\u00e4\u00dfigem Sparen zu lernen. Es geht aber auch darum, dass Du lernst Deine Finanzen realistisch zu planen. <\/p>\n\n\n\n<p>Dein erstes Ziel sollte bei dieser Challenge sein, Dein Wochensparziel zu erreichen. Je mehr Wochen Du diese Challenge durchf\u00fchrst, desto gr\u00f6\u00dfer wird der ersparte Betrag und vielleicht kannst Du Dir damit einen Traum erf\u00fcllen oder die Basis f\u00fcr Deine Finanzielle Freiheit legen. Allerdings wird es Wochen geben in denen es Dir nicht m\u00f6glich sein wird, die Wochensparsumme zu erreichen. Das kann z.B. die Zeit Deines Urlaubs sein. Aber das kannst Du planen. Es geht also um Durchhaltewillen, finanzielle Planung und Konsequenz, und es geht um Spa\u00df. <\/p>\n\n\n<div class=\"wp-block-image\">\n<figure class=\"aligncenter size-full is-resized\"><a href=\"https:\/\/rockyourgoal.de\/wp-content\/uploads\/2022\/05\/weekly-savings-challenge.jpg\"><img loading=\"lazy\" decoding=\"async\" width=\"768\" height=\"512\" src=\"https:\/\/rockyourgoal.de\/wp-content\/uploads\/2022\/05\/weekly-savings-challenge.jpg\" alt=\"\" class=\"wp-image-7213\" style=\"width:356px;height:237px\" srcset=\"https:\/\/rockyourgoal.de\/wp-content\/uploads\/2022\/05\/weekly-savings-challenge.jpg 768w, https:\/\/rockyourgoal.de\/wp-content\/uploads\/2022\/05\/weekly-savings-challenge-300x200.jpg 300w, https:\/\/rockyourgoal.de\/wp-content\/uploads\/2022\/05\/weekly-savings-challenge-18x12.jpg 18w\" sizes=\"auto, (max-width: 768px) 100vw, 768px\" \/><\/a><\/figure>\n<\/div>\n\n\n<h2 class=\"wp-block-heading\">Wie funktioniert die Weekly Savings Challenge?<\/h2>\n\n\n\n<ol class=\"wp-block-list\">\n<li>Du m\u00f6chtest gerne jede Woche etwas Geld sparen. Der Betrag soll nicht riesig sein, aber Du wei\u00dft, dass sich das Ersparte sammelt und Zinsen bringen wird. Aber Du wei\u00dft auch, dass es Wochen geben wird (z.B: Urlaub, Wochen mit absehbaren Sonderausgaben etc.) in denen es unrealistisch ist zu sparen. Nimm Dir also einen Wochenkalender und streich all die Wochen mit rot an, in denen Du nicht sparen kannst. Das kannst Du f\u00fcr einen Monat im Voraus, aber auch f\u00fcr ein Quartal oder sogar ein halbes Jahr machen. Es geht darum, dass Du lernst realistisch einzusch\u00e4tzen wann Du sparen kannst und dass Du Dir Ziele realistisch setzt. <\/li>\n\n\n\n<li><strong><em>Weekly Savings Challenge<\/em><\/strong>: Die Weekly Savings Challenge beginnt an einem Montag und Du brauchst ein Sparschwein daf\u00fcr. Am Montag wirfst Du einen Euro in das Sparschwein, am Dienstag zwei, Mittwoch drei etc. bis die Woche vorbei ist. Am Ende der Woche befinden sich 28,- EUR in Deinem Sparschwein. Jetzt ist Deine Konsequenz gefordert. Die Betr\u00e4ge sind nicht sehr hoch, aber Du musst lernen dass das Sparen oberste Priorit\u00e4t f\u00fcr Dich hat. <\/li>\n<\/ol>\n\n\n\n<p>Diese Challenge ist ebenfalls ein Teil der Timeless Challenge!<\/p>\n\n\n<div class=\"wp-block-image\">\n<figure class=\"aligncenter\"><a href=\"https:\/\/rockyourgoal.de\/pt\/timeless-challenge\/#Anmeldung_und_Leistungsumfang\"><img loading=\"lazy\" decoding=\"async\" width=\"300\" height=\"145\" src=\"https:\/\/rockyourgoal.de\/wp-content\/uploads\/2022\/11\/image.png\" alt=\"\" class=\"wp-image-9693\" srcset=\"https:\/\/rockyourgoal.de\/wp-content\/uploads\/2022\/11\/image.png 300w, https:\/\/rockyourgoal.de\/wp-content\/uploads\/2022\/11\/image-18x9.png 18w\" sizes=\"auto, (max-width: 300px) 100vw, 300px\" \/><\/a><figcaption class=\"wp-element-caption\"><a href=\"https:\/\/rockyourgoal.de\/pt\/timeless-challenge\/#Anmeldung_und_Leistungsumfang\">Die &#8222;Weekly Savings&#8220; Challenge ist Teil der Timeless Challenge. Mach mit!<\/a><\/figcaption><\/figure>\n<\/div>\n\n\n<blockquote class=\"wp-block-quote is-layout-flow wp-block-quote-is-layout-flow\">\n<p><em>Ich glaube daran, dass jeder Mensch mit seinen Handlungen die Welt ver\u00e4ndern kann! Mach Dein Leben durch sinnvolle Aktionen (Challenges) zu etwas Besonderem und Dauerhaftem! Mach Dich unsterblich!<\/em><\/p>\n\n\n\n<p><em>Wir wollen&nbsp;<a rel=\"noreferrer noopener\" href=\"https:\/\/rockyourgoal.de\/pt\/big5forlife\/trees4breeze\/\" target=\"_blank\">eine Million B\u00e4ume weltweit pflanzen<\/a>&nbsp;ohne um Spenden zu betteln!<\/em><\/p>\n\n\n\n<p>Uwe Kauntz<\/p>\n<\/blockquote>\n\n\n\n<p><strong><em>Folge uns und bleib informiert!<\/em><\/strong><\/p>\n\n\n\n<ul class=\"wp-block-list\">\n<li><strong>Instagram<\/strong>:&nbsp;<a rel=\"noreferrer noopener\" href=\"https:\/\/www.instagram.com\/timeless_challenge\" target=\"_blank\">@timeless_challenge<\/a><\/li>\n\n\n\n<li><strong>Facebook<\/strong>:&nbsp;<a rel=\"noreferrer noopener\" href=\"https:\/\/www.facebook.com\/rockyourgoal\" target=\"_blank\">Rockyourgoal<\/a><\/li>\n\n\n\n<li><strong>Twitter<\/strong>:&nbsp;<a rel=\"noreferrer noopener\" href=\"https:\/\/www.twitter.com\/goal_rock\" target=\"_blank\">@goal_rock<\/a><\/li>\n<\/ul>\n\n\n\n<figure class=\"wp-block-table\"><table><tbody><tr><td><strong>Wochentag<\/strong><\/td><td><strong>Sparbetrag<\/strong><\/td><\/tr><tr><td>Montag<\/td><td>1,- EUR<\/td><\/tr><tr><td>Dienstag<\/td><td>2,- EUR<\/td><\/tr><tr><td>Mittwoch<\/td><td>3,- EUR<\/td><\/tr><tr><td>Donnerstag<\/td><td>4,- EUR<\/td><\/tr><tr><td>Freitag<\/td><td>5,- EUR<\/td><\/tr><tr><td>Samstag<\/td><td>6,- EUR<\/td><\/tr><tr><td>Sonntag<\/td><td>7,- EUR<\/td><\/tr><\/tbody><\/table><\/figure>\n\n\n\n<p>W\u00fcrdest Du ein ganzes Jahr lang jede Woche 28,- EUR sparen, dann w\u00fcrden sich am Jahresende 1.456,- EUR in Deinem Sparschwein befinden. Ein wirklich ansehnlicher Betrag, findest Du nicht?<\/p>\n\n\n\n<p>Diesen Betrag kannst Du nun investieren, Dir damit eine kleine Notfallreserve aufbauen oder einen Traum erf\u00fcllen. Und Du verdienst Dir jede Woche in der Du die Challenge erf\u00fcllt hast Life-Score Punkte. <\/p>\n\n\n\n<h2 class=\"wp-block-heading\">Life-Score Punkte f\u00fcr die Weekly Savings Challenge<\/h2>\n\n\n<div class=\"wp-block-image\">\n<figure class=\"aligncenter size-medium\"><img loading=\"lazy\" decoding=\"async\" width=\"300\" height=\"300\" src=\"https:\/\/rockyourgoal.de\/wp-content\/uploads\/2022\/08\/LSP-Persoenlichkeit-300x300.png\" alt=\"\" class=\"wp-image-8297\" srcset=\"https:\/\/rockyourgoal.de\/wp-content\/uploads\/2022\/08\/LSP-Persoenlichkeit-300x300.png 300w, https:\/\/rockyourgoal.de\/wp-content\/uploads\/2022\/08\/LSP-Persoenlichkeit-150x150.png 150w, https:\/\/rockyourgoal.de\/wp-content\/uploads\/2022\/08\/LSP-Persoenlichkeit-768x769.png 768w, https:\/\/rockyourgoal.de\/wp-content\/uploads\/2022\/08\/LSP-Persoenlichkeit-12x12.png 12w, https:\/\/rockyourgoal.de\/wp-content\/uploads\/2022\/08\/LSP-Persoenlichkeit-850x851.png 850w, https:\/\/rockyourgoal.de\/wp-content\/uploads\/2022\/08\/LSP-Persoenlichkeit.png 1000w\" sizes=\"auto, (max-width: 300px) 100vw, 300px\" \/><\/figure>\n<\/div>\n\n\n<p>F\u00fcr eine erfolgreiche Sparwoche verdienst Du <strong>2 Life-Score<\/strong> Punkte. Schau wie viele Wochen Du in einem Jahr sparen kannst und schreib uns das Ergebnis. Wir schicken Dir dann die Life-Score Punte zu. <\/p>\n\n\n\n<h3 class=\"wp-block-heading\">MURMEL F\u00dcR DIE Weekly Savings CHALLENGE<\/h3>\n\n\n\n<p>F\u00fcr die &#8222;Weekly Savings&#8220; Challenge kannst Du (einmalig) die wundersch\u00f6ne Murmel in gelb bekommen. <\/p>\n\n\n\n<h2 class=\"wp-block-heading\">WIE KANNST DU MITMACHEN?<\/h2>\n\n\n\n<ul class=\"wp-block-list\">\n<li><a href=\"https:\/\/rockyourgoal.de\/pt\/timeless-challenge\/#Anmeldung_und_Leistungsumfang\">Melde Dich bei der Timeless Challenge an!<\/a><\/li>\n\n\n\n<li><a href=\"https:\/\/rockyourgoal.de\/pt\/wb-admin\/?action=register\">Registriere Dich (falls noch nicht geschehen) bei dieser Seite (klick auf diesen Satz)<\/a><\/li>\n\n\n\n<li>Spare eine Woche wie oben dargestellt<\/li>\n\n\n\n<li>Wenn Du es geschafft hast, dann f\u00fcll bitte das untere Formular (nur sichtbar wenn Du registriert und angemeldet bist) aus. Wir schicken Dir die Murmel zu. Die Life Score Points werden Dir automatisch gutgeschrieben und im&nbsp;<a href=\"https:\/\/rockyourgoal.de\/pt\/timeless-challenge\/#Life_Museum\">Life Museum<\/a>&nbsp;erg\u00e4nzt. Bitte schreibe Deine Lieferadresse in die \u201eNotes\u201c im Formular.<\/li>\n<\/ul>\n\n\n\n\n\n\n<h2 class=\"wp-block-heading\">Die Weekly Savings Challenge in Social Media<\/h2>\n\n\n\n<p>Wenn Dir diese Challenge geholfen hat, oder Du Anregungen, Fragen oder auch Tipps hast, dann kannst Du unsere Social Media Kan\u00e4le gerne nutzen. <\/p>\n\n\n\n<h3 class=\"wp-block-heading\">Die Weekly Savings Challenge auf Facebook<\/h3>\n\n\n\n<p>Du bist herzlich eingeladen zum Austausch in unserer Facebook Gruppe &#8222;Pers\u00f6nlichkeit&#8220;<\/p>\n\n\n\n<h3 class=\"wp-block-heading\">Hashtags<\/h3>\n\n\n\n<ul class=\"wp-block-list\">\n<li>#timelesschallenge<\/li>\n\n\n\n<li>#tcweeklysavings<\/li>\n\n\n\n<li>#timelesschallenger<\/li>\n<\/ul>","protected":false},"excerpt":{"rendered":"<p>Hast Du Lust auf eine kleine Spar-Challenge die echt Spa\u00df macht? Dann mach mit bei &#8222;Weekly Savings&#8220;. Es geht darum, kleine Zeitr\u00e4ume (in diesem Fall eine Woche) zum konsequenten Sparen zu nutzen, aber gleichzeitig das &#8222;Gro\u00dfe Ganze&#8220; im Blick zu behalten. Bei der Weekly Savings Challenge geht es darum, an&hellip;<\/p>\n<p> <a class=\"more-link\" href=\"https:\/\/rockyourgoal.de\/pt\/timeless-challenge\/persoenlichkeit\/weekly-savings\/\">Read more<\/a><\/p>","protected":false},"author":2,"featured_media":7294,"parent":12691,"menu_order":0,"comment_status":"open","ping_status":"closed","template":"","meta":{"pgc_sgb_lightbox_settings":"","_glsr_average":0,"_glsr_ranking":0,"_glsr_reviews":0,"footnotes":""},"class_list":["post-7210","page","type-page","status-publish","has-post-thumbnail"],"_links":{"self":[{"href":"https:\/\/rockyourgoal.de\/pt\/wp-json\/wp\/v2\/pages\/7210","targetHints":{"allow":["GET"]}}],"collection":[{"href":"https:\/\/rockyourgoal.de\/pt\/wp-json\/wp\/v2\/pages"}],"about":[{"href":"https:\/\/rockyourgoal.de\/pt\/wp-json\/wp\/v2\/types\/page"}],"author":[{"embeddable":true,"href":"https:\/\/rockyourgoal.de\/pt\/wp-json\/wp\/v2\/users\/2"}],"replies":[{"embeddable":true,"href":"https:\/\/rockyourgoal.de\/pt\/wp-json\/wp\/v2\/comments?post=7210"}],"version-history":[{"count":12,"href":"https:\/\/rockyourgoal.de\/pt\/wp-json\/wp\/v2\/pages\/7210\/revisions"}],"predecessor-version":[{"id":19207,"href":"https:\/\/rockyourgoal.de\/pt\/wp-json\/wp\/v2\/pages\/7210\/revisions\/19207"}],"up":[{"embeddable":true,"href":"https:\/\/rockyourgoal.de\/pt\/wp-json\/wp\/v2\/pages\/12691"}],"wp:featuredmedia":[{"embeddable":true,"href":"https:\/\/rockyourgoal.de\/pt\/wp-json\/wp\/v2\/media\/7294"}],"wp:attachment":[{"href":"https:\/\/rockyourgoal.de\/pt\/wp-json\/wp\/v2\/media?parent=7210"}],"curies":[{"name":"wp","href":"https:\/\/api.w.org\/{rel}","templated":true}]}}