{"id":7114,"date":"2023-06-19T07:00:00","date_gmt":"2023-06-19T05:00:00","guid":{"rendered":"https:\/\/rockyourgoal.de\/?page_id=7114"},"modified":"2025-01-15T09:54:41","modified_gmt":"2025-01-15T08:54:41","slug":"movie-maker","status":"publish","type":"page","link":"https:\/\/rockyourgoal.de\/pt\/timeless-challenge\/persoenlichkeit\/movie-maker\/","title":{"rendered":"Movie Maker Challenge &#8211; Lerne Filme zu produzieren"},"content":{"rendered":"<p>Unser Smartphone, Go Pro\u00b4s und andere, winzig kleine Kameras erm\u00f6glichen uns jederzeit unsere eigenen Videos zu filmen. Aber sei mal ganz ehrlich, sch\u00f6pfst Du die M\u00f6glichkeiten die Dir diese Gadgets er\u00f6ffnen voll aus oder filmst Du so, wie Du es immer schon getan hast?<\/p>\n\n\n\n<p>Das ist sehr schade, denn mit etwas mehr Know How kannst Du besser filmen und Deine Filme besser bearbeiten. Das Ergebnis sind Filme die wirklich beeindrucken und Dir, Deinen Liebsten und anderen Menschen Freude beim Anschauen bereiten. <\/p>\n\n\n\n<p>Warum also nicht mal 30 Tage lang jeden Tag eine halbe Stunde &#8222;investieren&#8220; um bessere Filme zu produzieren?<\/p>\n\n\n<div class=\"wp-block-image\">\n<figure class=\"aligncenter size-full is-resized\"><a href=\"https:\/\/rockyourgoal.de\/wp-content\/uploads\/2022\/05\/movie-maker-challenge.jpg\"><img loading=\"lazy\" decoding=\"async\" width=\"960\" height=\"640\" src=\"http:\/\/rockyourgoal.de\/wp-content\/uploads\/2022\/05\/movie-maker-challenge.jpg\" alt=\"\" class=\"wp-image-7121\" style=\"width:-349px;height:-233px\" srcset=\"https:\/\/rockyourgoal.de\/wp-content\/uploads\/2022\/05\/movie-maker-challenge.jpg 960w, https:\/\/rockyourgoal.de\/wp-content\/uploads\/2022\/05\/movie-maker-challenge-300x200.jpg 300w, https:\/\/rockyourgoal.de\/wp-content\/uploads\/2022\/05\/movie-maker-challenge-768x512.jpg 768w, https:\/\/rockyourgoal.de\/wp-content\/uploads\/2022\/05\/movie-maker-challenge-18x12.jpg 18w, https:\/\/rockyourgoal.de\/wp-content\/uploads\/2022\/05\/movie-maker-challenge-850x567.jpg 850w\" sizes=\"auto, (max-width: 960px) 100vw, 960px\" \/><\/a><\/figure>\n<\/div>\n\n\n<p>Werde ein perfekter &#8222;Movie Maker&#8220;, denn schlechte Filme sind unn\u00f6tig. <\/p>\n\n\n\n<h2 class=\"wp-block-heading\">Wie funktioniert die Movie Maker Challenge?<\/h2>\n\n\n\n<p>Du nimmst Dir 30 Tage lang Zeit um Videos zu drehen, zu lernen wie Du Dich beim Filmdreh verbessern kannst und wie Du die Filme nachbearbeiten und schneiden kannst. Das sollte Dir t\u00e4glich mindestens 30 Minuten wert sein. Mehr muss es nicht sein, aber nach oben hin bist du offen. <\/p>\n\n\n\n<p>Du wirst sehen wie Du mit Deiner neuen Qualit\u00e4t beeindruckst. Und Du bekommst von uns die wohlverdienten Life-Score Punkte. <\/p>\n\n\n<div class=\"wp-block-image\">\n<figure class=\"aligncenter\"><a href=\"https:\/\/rockyourgoal.de\/pt\/timeless-challenge\/#Anmeldung_und_Leistungsumfang\"><img loading=\"lazy\" decoding=\"async\" width=\"300\" height=\"145\" src=\"https:\/\/rockyourgoal.de\/wp-content\/uploads\/2022\/12\/image-1.png\" alt=\"\" class=\"wp-image-10083\" srcset=\"https:\/\/rockyourgoal.de\/wp-content\/uploads\/2022\/12\/image-1.png 300w, https:\/\/rockyourgoal.de\/wp-content\/uploads\/2022\/12\/image-1-18x9.png 18w\" sizes=\"auto, (max-width: 300px) 100vw, 300px\" \/><\/a><figcaption class=\"wp-element-caption\"><a href=\"https:\/\/rockyourgoal.de\/pt\/timeless-challenge\/#Anmeldung_und_Leistungsumfang\">Die Movie Maker Challenge geh\u00f6rt zur Timeless Challenge. Mach mit!<\/a><\/figcaption><\/figure>\n<\/div>\n\n\n<p><strong><em>Folge uns und bleib informiert!<\/em><\/strong><\/p>\n\n\n\n<ul class=\"wp-block-list\">\n<li><strong>Instagram<\/strong>:&nbsp;<a rel=\"noreferrer noopener\" href=\"https:\/\/www.instagram.com\/timeless_challenge\" target=\"_blank\">@timeless_challenge<\/a><\/li>\n\n\n\n<li><strong>Facebook<\/strong>:&nbsp;<a rel=\"noreferrer noopener\" href=\"https:\/\/www.facebook.com\/rockyourgoal\" target=\"_blank\">Rockyourgoal<\/a><\/li>\n\n\n\n<li><strong>Twitter<\/strong>:&nbsp;<a rel=\"noreferrer noopener\" href=\"https:\/\/www.twitter.com\/goal_rock\" target=\"_blank\">@goal_rock<\/a><\/li>\n<\/ul>\n\n\n\n<h2 class=\"wp-block-heading\">WIE KANN ICH BEI DER MOVIE MAKER CHALLENGE MITMACHEN?<\/h2>\n\n\n\n<ul class=\"wp-block-list\">\n<li><a href=\"https:\/\/rockyourgoal.de\/pt\/timeless-challenge\/#Anmeldung_und_Leistungsumfang\">Melde Dich bei der Timeless Challenge an!<\/a><\/li>\n\n\n\n<li><a href=\"https:\/\/rockyourgoal.de\/pt\/wb-admin\/?action=register\">Registriere Dich (falls noch nicht geschehen) bei dieser Seite (klick auf diesen Satz)<\/a><\/li>\n\n\n\n<li>Jetzt hei\u00dft es flei\u00dfig sein! Lerne 30 Tage lang wie man ein Video macht!<\/li>\n\n\n\n<li>Wenn Du 30 Tage lang konsequent gelernt hast, dann f\u00fcll bitte das untere Formular (nur sichtbar wenn Du registriert und angemeldet bist) aus. Wir schicken Dir die Murmel zu. Die Life Score Points werden Dir automatisch gutgeschrieben und im\u00a0<a href=\"https:\/\/rockyourgoal.de\/pt\/timeless-challenge\/#Life_Museum\">Life Museum<\/a>\u00a0erg\u00e4nzt. Bitte schreibe Deine Lieferadresse in die \u201eNotes\u201c im Formular.<\/li>\n<\/ul>\n\n\n\n\n\n\n<h2 class=\"wp-block-heading\">Life-Score Punkte f\u00fcr die Movie Maker Challenge<\/h2>\n\n\n<div class=\"wp-block-image\">\n<figure class=\"aligncenter size-medium\"><img loading=\"lazy\" decoding=\"async\" width=\"300\" height=\"300\" src=\"https:\/\/rockyourgoal.de\/wp-content\/uploads\/2022\/08\/LSP-Persoenlichkeit-300x300.png\" alt=\"\" class=\"wp-image-8297\" srcset=\"https:\/\/rockyourgoal.de\/wp-content\/uploads\/2022\/08\/LSP-Persoenlichkeit-300x300.png 300w, https:\/\/rockyourgoal.de\/wp-content\/uploads\/2022\/08\/LSP-Persoenlichkeit-150x150.png 150w, https:\/\/rockyourgoal.de\/wp-content\/uploads\/2022\/08\/LSP-Persoenlichkeit-768x769.png 768w, https:\/\/rockyourgoal.de\/wp-content\/uploads\/2022\/08\/LSP-Persoenlichkeit-12x12.png 12w, https:\/\/rockyourgoal.de\/wp-content\/uploads\/2022\/08\/LSP-Persoenlichkeit-850x851.png 850w, https:\/\/rockyourgoal.de\/wp-content\/uploads\/2022\/08\/LSP-Persoenlichkeit.png 1000w\" sizes=\"auto, (max-width: 300px) 100vw, 300px\" \/><\/figure>\n<\/div>\n\n\n<p>Wir belohnen dich f\u00fcr Deine Initiative und Deine Konsequenz mit <strong>10 Life-Score Punkten<\/strong>.<\/p>\n\n\n\n<h2 class=\"wp-block-heading\">Die Movie Maker Challenge auf Social Media<\/h2>\n\n\n\n<p>Du kannst auf Social Media wunderbar berichten und Dir Feedbacks zu Deinen Projekten geben lassen. Wir laden Dich ein, das auch \u00fcber unsere Kan\u00e4le zu tun. <\/p>\n\n\n\n<h3 class=\"wp-block-heading\">Die Movie Maker Challenge auf Facebook<\/h3>\n\n\n\n<p>Du bist herzlich eingeladen Dich mit anderen Gleichgesinnten in unserer Facebook Gruppe &#8222;<em>Pers\u00f6nlichkeit<\/em>&#8220; auszutauschen. <\/p>\n\n\n\n<h3 class=\"wp-block-heading\">Hashtags<\/h3>\n\n\n\n<ul class=\"wp-block-list\">\n<li>#timelesschallenge<\/li>\n\n\n\n<li>#tcmoviemaker<\/li>\n\n\n\n<li>#timelesschallenger<\/li>\n<\/ul>","protected":false},"excerpt":{"rendered":"<p>Unser Smartphone, Go Pro\u00b4s und andere, winzig kleine Kameras erm\u00f6glichen uns jederzeit unsere eigenen Videos zu filmen. Aber sei mal ganz ehrlich, sch\u00f6pfst Du die M\u00f6glichkeiten die Dir diese Gadgets er\u00f6ffnen voll aus oder filmst Du so, wie Du es immer schon getan hast? Das ist sehr schade, denn mit&hellip;<\/p>\n<p> <a class=\"more-link\" href=\"https:\/\/rockyourgoal.de\/pt\/timeless-challenge\/persoenlichkeit\/movie-maker\/\">Read more<\/a><\/p>","protected":false},"author":2,"featured_media":7127,"parent":12691,"menu_order":0,"comment_status":"open","ping_status":"closed","template":"","meta":{"pgc_sgb_lightbox_settings":"","_glsr_average":0,"_glsr_ranking":0,"_glsr_reviews":0,"footnotes":""},"class_list":["post-7114","page","type-page","status-publish","has-post-thumbnail"],"_links":{"self":[{"href":"https:\/\/rockyourgoal.de\/pt\/wp-json\/wp\/v2\/pages\/7114","targetHints":{"allow":["GET"]}}],"collection":[{"href":"https:\/\/rockyourgoal.de\/pt\/wp-json\/wp\/v2\/pages"}],"about":[{"href":"https:\/\/rockyourgoal.de\/pt\/wp-json\/wp\/v2\/types\/page"}],"author":[{"embeddable":true,"href":"https:\/\/rockyourgoal.de\/pt\/wp-json\/wp\/v2\/users\/2"}],"replies":[{"embeddable":true,"href":"https:\/\/rockyourgoal.de\/pt\/wp-json\/wp\/v2\/comments?post=7114"}],"version-history":[{"count":15,"href":"https:\/\/rockyourgoal.de\/pt\/wp-json\/wp\/v2\/pages\/7114\/revisions"}],"predecessor-version":[{"id":18327,"href":"https:\/\/rockyourgoal.de\/pt\/wp-json\/wp\/v2\/pages\/7114\/revisions\/18327"}],"up":[{"embeddable":true,"href":"https:\/\/rockyourgoal.de\/pt\/wp-json\/wp\/v2\/pages\/12691"}],"wp:featuredmedia":[{"embeddable":true,"href":"https:\/\/rockyourgoal.de\/pt\/wp-json\/wp\/v2\/media\/7127"}],"wp:attachment":[{"href":"https:\/\/rockyourgoal.de\/pt\/wp-json\/wp\/v2\/media?parent=7114"}],"curies":[{"name":"wp","href":"https:\/\/api.w.org\/{rel}","templated":true}]}}