{"id":5835,"date":"2022-12-26T07:00:00","date_gmt":"2022-12-26T06:00:00","guid":{"rendered":"https:\/\/rockyourgoal.de\/?page_id=5835"},"modified":"2022-12-16T10:18:53","modified_gmt":"2022-12-16T09:18:53","slug":"annual-focus","status":"publish","type":"page","link":"https:\/\/rockyourgoal.de\/pt\/timeless-challenge\/annual-focus\/","title":{"rendered":"Annual Focus"},"content":{"rendered":"\n<p>Du hast jeden Tag so viele offensichtlich dringende Dinge zu erledigen die unbedingt gemacht werden m\u00fcssen. Du stehst beruflich unter Stress, die Familie fordert ihr Recht, Du musst etwas Sport machen und Dich gesund halten, Du sollst Dich ab und zu bei Freunden melden, im Haushalt hilfst Du auch mit und dann kommen noch die ganzen \u00dcberraschungen des Lebens auf die du reagieren musst. <\/p>\n\n\n\n<p>Abends bist du dann m\u00fcde und freust Dich auf etwas Entspannung. Du wei\u00dft eigentlich, dass es f\u00fcr Dich eine oder mehrere Projekte und Vorhaben gibt, die Du gerne machen m\u00f6chtest. <\/p>\n\n\n\n<p>Vielleicht ist es ein eigenes Feierabend-Startup, ein eigenes eBook, ein sportliches Ziel, eine neue Sprache, ein Sparziel oder auch ein berufliches Ziel. Das w\u00e4re eigentlich wichtig, das w\u00fcrde Dir am Herzen liegen. W\u00e4re da nicht die Zeit&#8230;.. Du ertappst Dich ab und zu wenn Du im Freundeskreis erz\u00e4hlst &#8222;irgendwann mach ich &#8230;..&#8220;. Dieses &#8222;irgendwann&#8220; wird aber niemals kommen, sei realistisch! Au\u00dfer, Du k\u00fcmmerst dich aktiv darum. Du musst klar zwischen den &#8222;<em>dringenden<\/em>&#8220; und &#8222;<em>wichtigen<\/em>&#8220; Dingen in Deinem Leben unterscheiden, sonst wird das nix!<\/p>\n\n\n<div class=\"wp-block-image\">\n<figure class=\"aligncenter size-full is-resized\"><a href=\"https:\/\/rockyourgoal.de\/wp-content\/uploads\/2022\/02\/ziel-annual-challenge.jpg\"><img loading=\"lazy\" decoding=\"async\" src=\"https:\/\/rockyourgoal.de\/wp-content\/uploads\/2022\/02\/ziel-annual-challenge.jpg\" alt=\"Was ist Dir wirklich wichtig und nicht nur dringend)\" class=\"wp-image-5844\" width=\"540\" height=\"303\" srcset=\"https:\/\/rockyourgoal.de\/wp-content\/uploads\/2022\/02\/ziel-annual-challenge.jpg 960w, https:\/\/rockyourgoal.de\/wp-content\/uploads\/2022\/02\/ziel-annual-challenge-300x169.jpg 300w, https:\/\/rockyourgoal.de\/wp-content\/uploads\/2022\/02\/ziel-annual-challenge-768x432.jpg 768w, https:\/\/rockyourgoal.de\/wp-content\/uploads\/2022\/02\/ziel-annual-challenge-850x478.jpg 850w\" sizes=\"auto, (max-width: 540px) 100vw, 540px\" \/><\/a><\/figure>\n<\/div>\n\n\n<p>Und genau darum geht es bei der Challenge &#8222;<em>annual focus<\/em>&#8222;. Hier geht es darum, dass Du die f\u00fcr Dich  <strong>wichtigen<\/strong> (nicht dringenden) Dinge f\u00fcr ein Jahr ganz klar festlegst. Solltest Du nun auf Deinem Zettel mehr als nur ein Vorhaben stehen haben, dann musst Du davon das Wichtigste (oder maximal die zwei Wichtigsten) definieren und ein ganzes Jahr lang konsequent an diesen Dingen arbeiten. <\/p>\n\n\n\n<p>Der Sinn dieser Challenge besteht darin, dass Du jeden Tag ein paar Minuten fokussiert an den ein oder zwei wirklich WICHTIGEN, nicht dringenden Dingen arbeitest. Diese sind schlie\u00dflich entscheidend in welche Richtung sich Dein Leben entwickelt. <\/p>\n\n\n<div class=\"wp-block-image\">\n<figure class=\"aligncenter\"><a href=\"https:\/\/rockyourgoal.de\/timeless-challenge\/\"><img loading=\"lazy\" decoding=\"async\" width=\"300\" height=\"145\" src=\"https:\/\/rockyourgoal.de\/wp-content\/uploads\/2022\/11\/image.png\" alt=\"\" class=\"wp-image-9693\" srcset=\"https:\/\/rockyourgoal.de\/wp-content\/uploads\/2022\/11\/image.png 300w, https:\/\/rockyourgoal.de\/wp-content\/uploads\/2022\/11\/image-18x9.png 18w\" sizes=\"auto, (max-width: 300px) 100vw, 300px\" \/><\/a><figcaption class=\"wp-element-caption\">Die Annual Focus Challenge ist Teil der Timeless Challenge<\/figcaption><\/figure>\n<\/div>\n\n\n<blockquote class=\"wp-block-quote is-layout-flow wp-block-quote-is-layout-flow\">\n<p><em>Ich glaube daran, dass jeder Mensch mit seinen Handlungen die Welt ver\u00e4ndern kann! Mach Dein Leben durch sinnvolle Aktionen (Challenges) zu etwas Besonderem und Dauerhaftem! Mach Dich unsterblich!<\/em><\/p>\n\n\n\n<p><em>Wir wollen\u00a0<a rel=\"noreferrer noopener\" href=\"https:\/\/rockyourgoal.de\/big5forlife\/trees4breeze\/\" target=\"_blank\">eine Million B\u00e4ume weltweit pflanzen<\/a>\u00a0ohne um Spenden zu betteln!<\/em> <\/p>\n<cite>Uwe Kauntz<\/cite><\/blockquote>\n\n\n\n<p>Weiter unten findest Du ein Beispiel wie ich das mache. <\/p>\n\n\n\n<h2 class=\"wp-block-heading\" id=\"regeln-der-challenge-so-mache-ich-das\">Regeln der Challenge &#8211; So mache ich das!<\/h2>\n\n\n\n<p>Als Erstes brauchst Du eine kleine Auszeit f\u00fcr Dich und Deine Gedanken. Ich pers\u00f6nlich nehme mir einen Tag im Jahr frei, wandere auf eine H\u00fctte, bewaffnet mit einem Notizblock und einem Bleistift. Bereits auf dem Weg zur H\u00fctte fallen mir viele Dinge ein die ich gerne machen w\u00fcrde und meistens identifiziere ich die wirklich wichtigen Dinge noch bevor ich die H\u00fctte erreiche. Nun schreibe ich diese in meinen Notizblock untereinander auf. <\/p>\n\n\n\n<p>Wenn ich die kurzen S\u00e4tze (bei mir sind es meistens \u00dcberschriften) so lese, dann stelle ich mir alles bildlich vor und merke schnell bei welchen Dingen meine Emotionen und meine Leidenschaft ausschl\u00e4gt. Diese Dinge markiere ich mit einem &#8222;+&#8220;. <\/p>\n\n\n\n<p>Dieses Prozedere wiederhole ich so oft, bis nur noch ein oder maximal zwei Punkte auf meiner Liste \u00fcbrig bleiben. <\/p>\n\n\n\n<p>Nun wei\u00df ich woran ich ein Jahr lang arbeiten m\u00f6chte und ich wei\u00df &#8222;<em>warum<\/em>?&#8220;. W\u00fcrde mich jetzt jemand fragen, dann k\u00f6nnte ich mit aufgeregten Worten genau beschreiben was ich machen m\u00f6chte und warum. <\/p>\n\n\n\n<p>Aber ich bin noch nicht fertig! Ich habe die Erfahrung gemacht, dass ein Jahr viel zu lang ist um eine Sache konsequent und mit gleichbleibender Motivation zu bearbeiten. Also teile ich mein Jahr in vier 12-Wochen-Perioden ein. Zw\u00f6lf Wochen ist greifbar und \u00fcberschaubar und planbar. Ich \u00fcberlege, ob ich mein Jahresziel in vier kleinere Zwischenziele teilen kann und ordne diese Zwischenziele den jeweiligen 12-Wochen-Zeitr\u00e4umen zu.<\/p>\n\n\n\n<p>Ich m\u00f6chte Dir das an dem Beispiel meines Griffkrafttutorials (eBook) beispielhaft darstellen. Mein Jahresziel war es, anhand eines konkreten Beispiels (Griffkrafttutorial) ein eigenes eBook zu erstellen, zu ver\u00f6ffentlichen und damit mein erstes Geld im Internet zu verdienen. Meine 12-Wochen-Planung war damals die Folgende:<\/p>\n\n\n\n<ul class=\"wp-block-list\">\n<li>Erster Block: <em>Experte werden bei der Erstellung eines eBooks<\/em>: Jeden Tag eine halbe Stunde \u00fcber die Erstellung und Ver\u00f6ffentlichung von eBooks informieren und die wichtigsten Punkte aufschreiben. Damals habe ich B\u00fccher gelesen, VHS-Kurse besucht, Video-Tutorials angeschaut und mit Menschen telefoniert die sowas schon gemacht haben. Nach diesen 12 Wochen wusste ich genau wie ich vorgehen muss!<\/li>\n\n\n\n<li>Zweiter Block: &#8222;<em>Experte werden in Sachen Griffkraft<\/em>&#8222;: Ich habe 12 Wochen lang Artikel und B\u00fccher gelesen, habe dutzende Videos angeschaut, habe mit vielen Kletterern und OCR-Sportlern die besser  sind als ich \u00fcber Griffkraft gesprochen und mir Notizen gemacht und alles in der Praxis selbst ausprobiert. Nach zw\u00f6lf intensiven Wochen hatte ich so viel \u00fcber Griffkraft gelernt, dass ich genau wusste wie diese entsteht und wie man sie systematisch aufbauen kann. Undich hatte mir wertvolle Notizen gemacht. <\/li>\n\n\n\n<li>Dritter Block: &#8222;<em>eBook schreibe<\/em>n&#8220;: Dieser Block war f\u00fcr mich am Einfachsten, denn hierf\u00fcr hatte ich mir die letzten 12 Wochen intensive Notizen gemacht die ich nun nur noch in Worte fassen und bebildern musste. Nach diesen zw\u00f6lf Wochen hatte ich ein fertiges eBook<\/li>\n\n\n\n<li>Vierter (und letzter) Block: &#8222;<em>Ver\u00f6ffentlichung und Monetarisierung<\/em>&#8222;: Nun hatte ich 12 Wochen Zeit um mein eBook zu ver\u00f6ffentlichen und den Menschen zu sagen, dass es ein hochwertiges eBook zum Thema Griffkrafttraining f\u00fcr OCR\u00b4ler gibt. <\/li>\n<\/ul>\n\n\n\n<p>Ich war mega stolz! Und Du hast bestimmt gemerkt, dass Du bei 4&#215;12 Wochen noch vier weitere Wochen f\u00fcr Urlaub hast. Und diese freie Zeit solltest du auch genie\u00dfen!<\/p>\n\n\n\n<h3 class=\"wp-block-heading\" id=\"und-was-heisst-das-nun-konkret\">Und was hei\u00dft das nun konkret?<\/h3>\n\n\n\n<p>Das hei\u00dft, dass Du Life-Score Punkte f\u00fcr die folgenden Dinge bekommst:<\/p>\n\n\n\n<ul class=\"wp-block-list\">\n<li>Definieren und Planen Deines Jahresziels, also dieser EINEN Sache die Du unbedingt machen m\u00f6chtest. <\/li>\n\n\n\n<li>Umsetzen  Deines Vorhabens<\/li>\n<\/ul>\n\n\n\n<h2 class=\"wp-block-heading\" id=\"life-score-punkte-fur-die-annual-focus-challenge\">Life Score Punkte f\u00fcr die &#8222;<em>annual focus&#8220;<\/em> challenge<\/h2>\n\n\n<div class=\"wp-block-image\">\n<figure class=\"aligncenter size-medium\"><img loading=\"lazy\" decoding=\"async\" width=\"300\" height=\"300\" src=\"https:\/\/rockyourgoal.de\/wp-content\/uploads\/2022\/08\/LSP-Persoenlichkeit-300x300.png\" alt=\"\" class=\"wp-image-8297\" srcset=\"https:\/\/rockyourgoal.de\/wp-content\/uploads\/2022\/08\/LSP-Persoenlichkeit-300x300.png 300w, https:\/\/rockyourgoal.de\/wp-content\/uploads\/2022\/08\/LSP-Persoenlichkeit-150x150.png 150w, https:\/\/rockyourgoal.de\/wp-content\/uploads\/2022\/08\/LSP-Persoenlichkeit-768x769.png 768w, https:\/\/rockyourgoal.de\/wp-content\/uploads\/2022\/08\/LSP-Persoenlichkeit-12x12.png 12w, https:\/\/rockyourgoal.de\/wp-content\/uploads\/2022\/08\/LSP-Persoenlichkeit-850x851.png 850w, https:\/\/rockyourgoal.de\/wp-content\/uploads\/2022\/08\/LSP-Persoenlichkeit.png 1000w\" sizes=\"auto, (max-width: 300px) 100vw, 300px\" \/><figcaption class=\"wp-element-caption\">Hol Dir die wundersch\u00f6nen Murmeln in gelb (Pers\u00f6nlichkeit) und die unten angegebenen Life-Score-Punkte<\/figcaption><\/figure>\n<\/div>\n\n\n<figure class=\"wp-block-table\"><table><tbody><tr><td><strong>Logo<\/strong><\/td><td><strong>Name<\/strong><\/td><td><strong>Life-Score Punkte<\/strong><\/td><td><strong>Anmerkung<\/strong><\/td><\/tr><tr><td><img loading=\"lazy\" decoding=\"async\" width=\"150\" height=\"52\" class=\"wp-image-5891\" style=\"width: 150px;\" src=\"http:\/\/rockyourgoal.de\/wp-content\/uploads\/2022\/02\/annual-focus-logo1.png\" alt=\"\" srcset=\"https:\/\/rockyourgoal.de\/wp-content\/uploads\/2022\/02\/annual-focus-logo1.png 2060w, https:\/\/rockyourgoal.de\/wp-content\/uploads\/2022\/02\/annual-focus-logo1-300x105.png 300w, https:\/\/rockyourgoal.de\/wp-content\/uploads\/2022\/02\/annual-focus-logo1-1024x357.png 1024w, https:\/\/rockyourgoal.de\/wp-content\/uploads\/2022\/02\/annual-focus-logo1-768x268.png 768w, https:\/\/rockyourgoal.de\/wp-content\/uploads\/2022\/02\/annual-focus-logo1-1536x535.png 1536w, https:\/\/rockyourgoal.de\/wp-content\/uploads\/2022\/02\/annual-focus-logo1-2048x714.png 2048w, https:\/\/rockyourgoal.de\/wp-content\/uploads\/2022\/02\/annual-focus-logo1-850x296.png 850w\" sizes=\"auto, (max-width: 150px) 100vw, 150px\" \/><\/td><td>annual focus &#8211; Zieldefinition<\/td><td>50<\/td><td>ein bis zwei Ziele definieren und planen (Murmel gelb, 20mm Durchmesser)<\/td><\/tr><tr><td><img loading=\"lazy\" decoding=\"async\" width=\"150\" height=\"52\" class=\"wp-image-5891\" style=\"width: 150px;\" src=\"http:\/\/rockyourgoal.de\/wp-content\/uploads\/2022\/02\/annual-focus-logo1.png\" alt=\"\" srcset=\"https:\/\/rockyourgoal.de\/wp-content\/uploads\/2022\/02\/annual-focus-logo1.png 2060w, https:\/\/rockyourgoal.de\/wp-content\/uploads\/2022\/02\/annual-focus-logo1-300x105.png 300w, https:\/\/rockyourgoal.de\/wp-content\/uploads\/2022\/02\/annual-focus-logo1-1024x357.png 1024w, https:\/\/rockyourgoal.de\/wp-content\/uploads\/2022\/02\/annual-focus-logo1-768x268.png 768w, https:\/\/rockyourgoal.de\/wp-content\/uploads\/2022\/02\/annual-focus-logo1-1536x535.png 1536w, https:\/\/rockyourgoal.de\/wp-content\/uploads\/2022\/02\/annual-focus-logo1-2048x714.png 2048w, https:\/\/rockyourgoal.de\/wp-content\/uploads\/2022\/02\/annual-focus-logo1-850x296.png 850w\" sizes=\"auto, (max-width: 150px) 100vw, 150px\" \/><\/td><td>annual focus &#8211; Umsetzung<\/td><td>100<\/td><td>Umsetzen der Planung und Zielerreichung (Murmel gelb, 25mm)<\/td><\/tr><\/tbody><\/table><\/figure>\n\n\n\n<h2 class=\"wp-block-heading\" id=\"so-kannst-du-bei-der-annual-focus-challenge-mitmachen\">So kannst Du bei der &#8222;annual focus&#8220; challenge mitmachen<\/h2>\n\n\n\n<p>Schreib uns einfach kurz (wenn Du willst) was Du Dir vorgenommen hast und wie Du es Dir grob geplant hast. Nat\u00fcrlich fiebern wir mit Dir mit und freuen uns, wenn Du Dein Ziel nach einem Jahr erf\u00fcllt hast. <\/p>\n\n\n\n<ul class=\"wp-block-list\">\n<li>Melde Dich kurz mit dem unteren Formular an (zumindest wenn Du Interesse an den Murmeln hast), ansonsten kannst Du einfach so mitmachen. Die Anmeldung motiviert dran zu bleiben!<\/li>\n\n\n\n<li>Nun musst Du die Sache finden die Dir f\u00fcr das kommende Jahr am Wichtigsten ist! Sobald Du dies geschafft hast, mach gleich den ersten Schritt der f\u00fcr Deine Zielerf\u00fcllung notwendig ist. <\/li>\n\n\n\n<li>F\u00fcll bitte das untere Formular nochmal aus, diesmal jedoch mit der Mitteilung, dass Du die Challenge geschafft hast. Das kannst Du gleich nach Deiner Fokus-Definition machen und Dir die Murmel und 50 Life-Score-Punkte holen. Oder Du wartest bis Du Dein Vorhaben umgesetzt hast und Du beide Murmeln bekommst. Wir schicken Dir die wohlverdienten Life-Score Punkte und die Murmel zu.<\/li>\n\n\n\n<li>Wenn Du \u00fcber die Challenge in Social Media berichten m\u00f6chtest, dann markiere uns\u00a0<a rel=\"noreferrer noopener\" href=\"https:\/\/www.instagram.com\/timeless_challenge\" target=\"_blank\">@timeless_challenge<\/a>\u00a0und f\u00fcge den passenden Hashtag (siehe weiter unten) hinzu.<\/li>\n<\/ul>\n\n\n\n<!-- Begin Mailchimp Signup Form -->\n<link href=\"\/\/cdn-images.mailchimp.com\/embedcode\/classic-071822.css\" rel=\"stylesheet\" type=\"text\/css\">\n<style type=\"text\/css\">\n\t#mc_embed_signup{background:#fff; clear:left; font:14px Helvetica,Arial,sans-serif;  width:600px;}\n\t\/* Add your own Mailchimp form style overrides in your site stylesheet or in this style block.\n\t   We recommend moving this block and the preceding CSS link to the HEAD of your HTML file. *\/\n<\/style>\n<div id=\"mc_embed_signup\">\n    <form action=\"https:\/\/rockyourgoal.us19.list-manage.com\/subscribe\/post?u=f454dcf6e86d0bb21083e6f7a&amp;id=13ea8ab3d2&amp;f_id=00cda1e4f0\" method=\"post\" id=\"mc-embedded-subscribe-form\" name=\"mc-embedded-subscribe-form\" class=\"validate\" target=\"_blank\" novalidate=\"\">\n        <div id=\"mc_embed_signup_scroll\">\n        <h2>Bestellformular<\/h2>\n        <div class=\"indicates-required\"><span class=\"asterisk\">*<\/span> indicates required<\/div>\n<div class=\"mc-field-group\">\n\t<label for=\"mce-MMERGE7\">Bei welcher Challenge machst Du mit?  <span class=\"asterisk\">*<\/span>\n<\/label>\n\t<input type=\"text\" value=\"\" name=\"MMERGE7\" class=\"required\" id=\"mce-MMERGE7\" required=\"\">\n\t<span id=\"mce-MMERGE7-HELPERTEXT\" class=\"helper_text\">Bitte nur eine Challenge pro Anmeldung angeben<\/span>\n<\/div>\n<div class=\"mc-field-group\">\n\t<label for=\"mce-MMERGE8\">Falls Du diese Challenge schon geschafft hast&#8230;. <\/label>\n\t<input type=\"text\" value=\"\" name=\"MMERGE8\" class=\"\" id=\"mce-MMERGE8\">\n\t<span id=\"mce-MMERGE8-HELPERTEXT\" class=\"helper_text\">dann schreib bitte ob Du die Murmel haben m\u00f6chtest<\/span>\n<\/div>\n<div class=\"mc-field-group\">\n\t<label for=\"mce-EMAIL\">Email Address  <span class=\"asterisk\">*<\/span>\n<\/label>\n\t<input type=\"email\" value=\"\" name=\"EMAIL\" class=\"required email\" id=\"mce-EMAIL\" required=\"\">\n\t<span id=\"mce-EMAIL-HELPERTEXT\" class=\"helper_text\"><\/span>\n<\/div>\n<div class=\"mc-field-group\">\n\t<label for=\"mce-FNAME\">First Name  <span class=\"asterisk\">*<\/span>\n<\/label>\n\t<input type=\"text\" value=\"\" name=\"FNAME\" class=\"required\" id=\"mce-FNAME\" required=\"\">\n\t<span id=\"mce-FNAME-HELPERTEXT\" class=\"helper_text\"><\/span>\n<\/div>\n<div class=\"mc-field-group\">\n\t<label for=\"mce-LNAME\">Last Name  <span class=\"asterisk\">*<\/span>\n<\/label>\n\t<input type=\"text\" value=\"\" name=\"LNAME\" class=\"required\" id=\"mce-LNAME\" required=\"\">\n\t<span id=\"mce-LNAME-HELPERTEXT\" class=\"helper_text\"><\/span>\n<\/div>\n<div hidden=\"true\"><input type=\"hidden\" name=\"tags\" value=\"6241290\"><\/div>\n\t<div id=\"mce-responses\" class=\"clear foot\">\n\t\t<div class=\"response\" id=\"mce-error-response\" style=\"display:none\"><\/div>\n\t\t<div class=\"response\" id=\"mce-success-response\" style=\"display:none\"><\/div>\n\t<\/div>    <!-- real people should not fill this in and expect good things - do not remove this or risk form bot signups-->\n    <div style=\"position: absolute; left: -5000px;\" aria-hidden=\"true\"><input type=\"text\" name=\"b_f454dcf6e86d0bb21083e6f7a_13ea8ab3d2\" tabindex=\"-1\" value=\"\"><\/div>\n        <div class=\"optionalParent\">\n            <div class=\"clear foot\">\n                <input type=\"submit\" value=\"Subscribe\" name=\"subscribe\" id=\"mc-embedded-subscribe\" class=\"button\">\n                <p class=\"brandingLogo\"><a href=\"http:\/\/eepurl.com\/h9AohP\" title=\"Mailchimp - email marketing made easy and fun\"><img decoding=\"async\" src=\"https:\/\/eep.io\/mc-cdn-images\/template_images\/branding_logo_text_dark_dtp.svg\"><\/a><\/p>\n            <\/div>\n        <\/div>\n    <\/div>\n<\/form>\n<\/div>\n<script type=\"text\/javascript\" src=\"\/\/s3.amazonaws.com\/downloads.mailchimp.com\/js\/mc-validate.js\"><\/script><script type=\"text\/javascript\">(function($) {window.fnames = new Array(); window.ftypes = new Array();fnames[7]='MMERGE7';ftypes[7]='text';fnames[8]='MMERGE8';ftypes[8]='text';fnames[9]='MMERGE9';ftypes[9]='text';fnames[0]='EMAIL';ftypes[0]='email';fnames[1]='FNAME';ftypes[1]='text';fnames[2]='LNAME';ftypes[2]='text';fnames[3]='ADDRESS';ftypes[3]='address';fnames[4]='PHONE';ftypes[4]='phone';fnames[5]='BIRTHDAY';ftypes[5]='birthday';fnames[6]='MMERGE6';ftypes[6]='birthday';}(jQuery));var $mcj = jQuery.noConflict(true);<\/script>\n<!--End mc_embed_signup-->\n\n\n\n<h2 class=\"wp-block-heading\" id=\"annual-focus-in-social-media\">Annual Focus in Social Media<\/h2>\n\n\n\n<p>Manchmal ist es motivierend seine kleinen Teilerfolge mit anderen Menschen zu teilen. Das muss nicht Social Media sein, aber Facebook, Twitter und Co sind eine M\u00f6glichkeit. Die Entscheidung liegt bei Dir!<\/p>\n\n\n\n<h3 class=\"wp-block-heading\" id=\"facebook-gruppe-fur-annual-focus\">Facebook Gruppe f\u00fcr &#8222;annual focus&#8220;<\/h3>\n\n\n\n<p>Wir laden Dich herzlich zum zwanglosen Austausch \u00fcber diese Challenge in unsere Gruppe &#8222;<em>Pers\u00f6nlichkeit<\/em>&#8220; in Facebook ein.<\/p>\n\n\n\n<h3 class=\"wp-block-heading\" id=\"unsere-hashtags\"># Unsere Hashtags<\/h3>\n\n\n\n<ul class=\"wp-block-list\">\n<li>#timelesschallenge<\/li>\n\n\n\n<li>#tcannualfocus<\/li>\n<\/ul>\n\n\n\n<h2 class=\"wp-block-heading\">B\u00fccher rund um Fokus und Zielerreichung<\/h2>\n\n\n\n<figure class=\"wp-block-table\"><table><tbody><tr><td><a href=\"https:\/\/www.amazon.de\/Erfolgsjournal-Selbstreflexion-Produktivit%C3%A4t-pers%C3%B6nliche-Entwicklung\/dp\/B0BMDKS37X?crid=1AF7ZQRYAEBQD&amp;keywords=fokus+planer&amp;qid=1671182089&amp;sprefix=fokus%2Caps%2C185&amp;sr=8-15&amp;linkCode=li2&amp;tag=biggamfisboa-21&amp;linkId=d33f7fe153e846e34d8da5b0a0341cdb&amp;language=de_DE&amp;ref_=as_li_ss_il\" target=\"_blank\" rel=\"noopener\"><img decoding=\"async\" border=\"0\" src=\"\/\/ws-eu.amazon-adsystem.com\/widgets\/q?_encoding=UTF8&amp;ASIN=B0BMDKS37X&amp;Format=_SL160_&amp;ID=AsinImage&amp;MarketPlace=DE&amp;ServiceVersion=20070822&amp;WS=1&amp;tag=biggamfisboa-21&amp;language=de_DE\"><\/a><img loading=\"lazy\" decoding=\"async\" src=\"https:\/\/ir-de.amazon-adsystem.com\/e\/ir?t=biggamfisboa-21&amp;language=de_DE&amp;l=li2&amp;o=3&amp;a=B0BMDKS37X\" width=\"1\" height=\"1\" border=\"0\" alt=\"\" style=\"border:none !important; margin:0px !important;\"><\/td><td><a href=\"https:\/\/www.amazon.de\/Intelligent-Change-Best-Year-Journal\/dp\/B08Q7MP551?crid=1AF7ZQRYAEBQD&amp;keywords=fokus+planer&amp;qid=1671182226&amp;sprefix=fokus%2Caps%2C185&amp;sr=8-34-spons&amp;sp_csd=d2lkZ2V0TmFtZT1zcF9tdGY&amp;psc=1&amp;smid=A9SR1DR3R9EYB&amp;linkCode=li2&amp;tag=biggamfisboa-21&amp;linkId=fb68d7c102b2b4641337e3590fc417b4&amp;language=de_DE&amp;ref_=as_li_ss_il\" target=\"_blank\" rel=\"noopener\"><img decoding=\"async\" border=\"0\" src=\"\/\/ws-eu.amazon-adsystem.com\/widgets\/q?_encoding=UTF8&amp;ASIN=B08Q7MP551&amp;Format=_SL160_&amp;ID=AsinImage&amp;MarketPlace=DE&amp;ServiceVersion=20070822&amp;WS=1&amp;tag=biggamfisboa-21&amp;language=de_DE\"><\/a><img loading=\"lazy\" decoding=\"async\" src=\"https:\/\/ir-de.amazon-adsystem.com\/e\/ir?t=biggamfisboa-21&amp;language=de_DE&amp;l=li2&amp;o=3&amp;a=B08Q7MP551\" width=\"1\" height=\"1\" border=\"0\" alt=\"\" style=\"border:none !important; margin:0px !important;\"><\/td><td><a href=\"https:\/\/www.amazon.de\/Erfolg-durch-Fokus-Konzentration-H%C3%B6pker\/dp\/1520421036?__mk_de_DE=%C3%85M%C3%85%C5%BD%C3%95%C3%91&amp;crid=2BJ6TOWUHWIUQ&amp;keywords=fokus+behalten&amp;qid=1671182294&amp;sprefix=fokus+behalten%2Caps%2C105&amp;sr=8-5&amp;linkCode=li2&amp;tag=biggamfisboa-21&amp;linkId=3678154100c71262df850d5e022f67a1&amp;language=de_DE&amp;ref_=as_li_ss_il\" target=\"_blank\" rel=\"noopener\"><img decoding=\"async\" border=\"0\" src=\"\/\/ws-eu.amazon-adsystem.com\/widgets\/q?_encoding=UTF8&amp;ASIN=1520421036&amp;Format=_SL160_&amp;ID=AsinImage&amp;MarketPlace=DE&amp;ServiceVersion=20070822&amp;WS=1&amp;tag=biggamfisboa-21&amp;language=de_DE\"><\/a><img loading=\"lazy\" decoding=\"async\" src=\"https:\/\/ir-de.amazon-adsystem.com\/e\/ir?t=biggamfisboa-21&amp;language=de_DE&amp;l=li2&amp;o=3&amp;a=1520421036\" width=\"1\" height=\"1\" border=\"0\" alt=\"\" style=\"border:none !important; margin:0px !important;\"><\/td><\/tr><\/tbody><\/table><\/figure>\n","protected":false},"excerpt":{"rendered":"<p>Du hast jeden Tag so viele offensichtlich dringende Dinge zu erledigen die unbedingt gemacht werden m\u00fcssen. Du stehst beruflich unter Stress, die Familie fordert ihr Recht, Du musst etwas Sport machen und Dich gesund halten, Du sollst Dich ab und zu bei Freunden melden, im Haushalt hilfst Du auch mit&hellip;<\/p>\n<p> <a class=\"more-link\" href=\"https:\/\/rockyourgoal.de\/pt\/timeless-challenge\/annual-focus\/\">Read more<\/a><\/p>","protected":false},"author":2,"featured_media":5891,"parent":5417,"menu_order":0,"comment_status":"open","ping_status":"closed","template":"","meta":{"pgc_sgb_lightbox_settings":"","_glsr_average":0,"_glsr_ranking":0,"_glsr_reviews":0,"footnotes":""},"class_list":["post-5835","page","type-page","status-publish","has-post-thumbnail"],"_links":{"self":[{"href":"https:\/\/rockyourgoal.de\/pt\/wp-json\/wp\/v2\/pages\/5835","targetHints":{"allow":["GET"]}}],"collection":[{"href":"https:\/\/rockyourgoal.de\/pt\/wp-json\/wp\/v2\/pages"}],"about":[{"href":"https:\/\/rockyourgoal.de\/pt\/wp-json\/wp\/v2\/types\/page"}],"author":[{"embeddable":true,"href":"https:\/\/rockyourgoal.de\/pt\/wp-json\/wp\/v2\/users\/2"}],"replies":[{"embeddable":true,"href":"https:\/\/rockyourgoal.de\/pt\/wp-json\/wp\/v2\/comments?post=5835"}],"version-history":[{"count":18,"href":"https:\/\/rockyourgoal.de\/pt\/wp-json\/wp\/v2\/pages\/5835\/revisions"}],"predecessor-version":[{"id":10328,"href":"https:\/\/rockyourgoal.de\/pt\/wp-json\/wp\/v2\/pages\/5835\/revisions\/10328"}],"up":[{"embeddable":true,"href":"https:\/\/rockyourgoal.de\/pt\/wp-json\/wp\/v2\/pages\/5417"}],"wp:featuredmedia":[{"embeddable":true,"href":"https:\/\/rockyourgoal.de\/pt\/wp-json\/wp\/v2\/media\/5891"}],"wp:attachment":[{"href":"https:\/\/rockyourgoal.de\/pt\/wp-json\/wp\/v2\/media?parent=5835"}],"curies":[{"name":"wp","href":"https:\/\/api.w.org\/{rel}","templated":true}]}}