{"id":5818,"date":"2023-08-07T07:00:00","date_gmt":"2023-08-07T05:00:00","guid":{"rendered":"https:\/\/rockyourgoal.de\/?page_id=5818"},"modified":"2025-01-10T10:25:52","modified_gmt":"2025-01-10T09:25:52","slug":"finanzielle-sicherheit","status":"publish","type":"page","link":"https:\/\/rockyourgoal.de\/pt\/timeless-challenge\/persoenlichkeit\/finanzielle-sicherheit\/","title":{"rendered":"Finanzielle Sicherheit"},"content":{"rendered":"<p>Du w\u00e4lzt dich im Bett und kannst nicht einschlafen. Die Bettdecke f\u00fchlt sich tonnenschwer an. Dein Herz rennt und schl\u00e4gt wie ein Dampfhammer, Deine F\u00fc\u00dfe schwitzen obwohl du sie rausgestreckt hast. Deine Gedanken drehen sich nur noch um Geld, um Geld das fehlt. Du wei\u00dft nicht wie Du alles bezahlen sollst. Schon wieder ist heute eine Rechnung eingetrudelt. Was denken die sich eigentlich alle, wo soll das ganze Geld herkommen? Dein Konto ist sowieso schon tief rot und das Gehalt reicht nicht einmal um dieses wieder, zumindest kurzfristig, ins Soll zu bringen. Wie konnte es soweit kommen? Was kannst Du tun? Wie kommst Du aus diesem tiefen Graben wieder heraus? Wie sagst Du es Deinen Liebsten, dass Du finanziell versagt hast?<\/p>\n\n\n\n<h2 class=\"wp-block-heading\" id=\"warum-eine-challenge-zur-finanziellen-sicherheit\">Warum eine Challenge zur finanziellen Sicherheit?<\/h2>\n\n\n\n<p>Im deutschsprachigen Raum sind wir es nicht gewohnt, offen \u00fcber unsere Finanzen zu sprechen. Geld &#8222;hat man einfach&#8220;, da wird nicht dr\u00fcber geredet. Die Folge ist, dass uns oft selbst eine finanzielle Grundbildung fehlt, da wir uns nicht \u00fcber Finanzen austauschen. <\/p>\n\n\n\n<p>Die Folgen sind fatal f\u00fcr Dein Leben! Du verzichtest aus Geldmangel auf Fortbildungen, mit Freunden ausgehen ist nicht drin, die Familie hat seit Jahren keinen gemeinsamen Urlaub mehr gemacht und Du hast vor jedem Werkstattbesuch Angst vor der Rechnung. Die Waschmaschine darf bitte nicht kaputt gehen, denn das w\u00e4re der finanzielle Genickschlag. <\/p>\n\n\n\n<p>Entschuldige bitte, wenn ich Dir durch meine Schilderungen die Haare am Nacken aufgestellt habe! Ich bin mir sicher, dass auch Du dieses negative Gef\u00fchl kennst. <\/p>\n\n\n<div class=\"wp-block-image\">\n<figure class=\"aligncenter size-full is-resized\"><a href=\"https:\/\/rockyourgoal.de\/wp-content\/uploads\/2022\/02\/finanzielle-sicherheit.jpg\"><img loading=\"lazy\" decoding=\"async\" width=\"960\" height=\"649\" src=\"https:\/\/rockyourgoal.de\/wp-content\/uploads\/2022\/02\/finanzielle-sicherheit.jpg\" alt=\"\" class=\"wp-image-5829\" style=\"width:472px;height:318px\" srcset=\"https:\/\/rockyourgoal.de\/wp-content\/uploads\/2022\/02\/finanzielle-sicherheit.jpg 960w, https:\/\/rockyourgoal.de\/wp-content\/uploads\/2022\/02\/finanzielle-sicherheit-300x203.jpg 300w, https:\/\/rockyourgoal.de\/wp-content\/uploads\/2022\/02\/finanzielle-sicherheit-768x519.jpg 768w, https:\/\/rockyourgoal.de\/wp-content\/uploads\/2022\/02\/finanzielle-sicherheit-850x575.jpg 850w\" sizes=\"auto, (max-width: 960px) 100vw, 960px\" \/><\/a><\/figure>\n<\/div>\n\n\n<p>Tatsache ist, dass gesunde Finanzen zu einem erf\u00fcllten Leben geh\u00f6ren. &#8222;<em>Finanzielle Sicherheit<\/em>&#8220; soll Dich vor genau diesen, beschriebenen Situationen besch\u00fctzen. Um diese zu erreichen gibt es &#8222;Werkzeuge&#8220; wie z.B. eine Challenge. Das sch\u00f6ne an einer Challenge ist, dass sie Dich zwingt, Dich mit Deinen Finanzen zu besch\u00e4ftigen und Dir ganz klar zeigt wo du finanziell stehst. Auf dieser Basis kannst Du ab sofort anfangen Deine Situation zu verbessern. In kleinen Schritten, aber verbessern!<\/p>\n\n\n<div class=\"wp-block-image\">\n<figure class=\"aligncenter\"><a href=\"https:\/\/rockyourgoal.de\/pt\/timeless-challenge\/#Anmeldung_und_Leistungsumfang\"><img loading=\"lazy\" decoding=\"async\" width=\"300\" height=\"145\" src=\"https:\/\/rockyourgoal.de\/wp-content\/uploads\/2022\/11\/image.png\" alt=\"\" class=\"wp-image-9693\" srcset=\"https:\/\/rockyourgoal.de\/wp-content\/uploads\/2022\/11\/image.png 300w, https:\/\/rockyourgoal.de\/wp-content\/uploads\/2022\/11\/image-18x9.png 18w\" sizes=\"auto, (max-width: 300px) 100vw, 300px\" \/><\/a><figcaption class=\"wp-element-caption\"><a href=\"https:\/\/rockyourgoal.de\/pt\/timeless-challenge\/#Anmeldung_und_Leistungsumfang\">Die Finanzielle Sicherheit Challenge ist Teil der Timeless Challenge<\/a><\/figcaption><\/figure>\n<\/div>\n\n\n<blockquote class=\"wp-block-quote is-layout-flow wp-block-quote-is-layout-flow\">\n<p><em>Ich glaube daran, dass jeder Mensch mit seinen Handlungen die Welt ver\u00e4ndern kann! Mach Dein Leben durch sinnvolle Aktionen (Challenges) zu etwas Besonderem und Dauerhaftem! Mach Dich unsterblich!<\/em><\/p>\n\n\n\n<p><em>Wir wollen&nbsp;<a rel=\"noreferrer noopener\" href=\"https:\/\/rockyourgoal.de\/pt\/big5forlife\/trees4breeze\/\" target=\"_blank\">eine Million B\u00e4ume weltweit pflanzen<\/a>&nbsp;ohne um Spenden zu betteln!<\/em><\/p>\n\n\n\n<p>Uwe Kauntz<\/p>\n<\/blockquote>\n\n\n\n<p><strong><em>Folge uns und bleib informiert!<\/em><\/strong><\/p>\n\n\n\n<ul class=\"wp-block-list\">\n<li><strong>Instagram<\/strong>:&nbsp;<a rel=\"noreferrer noopener\" href=\"https:\/\/www.instagram.com\/timeless_challenge\" target=\"_blank\">@timeless_challenge<\/a><\/li>\n\n\n\n<li><strong>Facebook<\/strong>:&nbsp;<a rel=\"noreferrer noopener\" href=\"https:\/\/www.facebook.com\/rockyourgoal\" target=\"_blank\">Rockyourgoal<\/a><\/li>\n\n\n\n<li><strong>Twitter<\/strong>:&nbsp;<a rel=\"noreferrer noopener\" href=\"https:\/\/www.twitter.com\/goal_rock\" target=\"_blank\">@goal_rock<\/a><\/li>\n<\/ul>\n\n\n\n<h2 class=\"wp-block-heading\" id=\"regeln-was-genau-ist-finanzielle-sicherheit\">Regeln &#8211; Was genau ist Finanzielle Sicherheit?<\/h2>\n\n\n\n<p>Du wirst im Internet und diversen Coaching-B\u00fcchern dutzende Definitionen zur finanziellen Sicherheit finden. Wir haben hier eine extrem klare Definition:<\/p>\n\n\n\n<p>Finanzielle Sicherheit bedeutet, dass Du <strong>sechs Monate ohne einen einzigen Euro Einnahmen Deine allt\u00e4glichen Lebenskosten decken kannst<\/strong>, weil Du dieses Geld als R\u00fccklage hast!<\/p>\n\n\n\n<p>Diese &#8222;eiserne Reserve&#8220; soll Deine Liquidit\u00e4t sichern. Auch wenn Du diese mal angreifen musst, sie wird Dich vor unvorhergesehenen, finanziellen Belastungen sch\u00fctzen und Dich gut und sicher schlafen lassen.<\/p>\n\n\n\n<p>Bei Finanzieller Sicherheit geht es NICHT um Reichtum! Es geht um einen beruhigenden finanziellen Grundschutz f\u00fcr die Zeiten in denen Dein Leben ein Arschloch ist!<\/p>\n\n\n\n<h3 class=\"wp-block-heading\" id=\"von-welchem-betrag-sprechen-wir-konkret\">Von welchem Betrag sprechen wir konkret?<\/h3>\n\n\n\n<p>Das kommt ganz auf Deine Lebenssituation an. Aber lass uns diese Frage einfach halten:<\/p>\n\n\n\n<ul class=\"wp-block-list\">\n<li><strong><em>Monatliche Fixkosten<\/em><\/strong>: Es geht also um Miete, Auto, Steuern, Versicherungen, Urlaub etc. (hierzu werden die j\u00e4hrlich einmaligen Kosten wie Versicherungen, Autosteuer, Urlaub etc. auf den Monat umgerechnet, also durch 12 geteilt) <strong>plus<\/strong><\/li>\n\n\n\n<li><strong><em>Monatliche variable Kosten als Durchschnitt<\/em><\/strong> (Nahrung und Kosten f\u00fcr andere Grundbed\u00fcrfnisse)<\/li>\n<\/ul>\n\n\n\n<h2 class=\"wp-block-heading\" id=\"life-score-punkte-fur-die-challenge-finanzielle-sicherheit\">Life Score Punkte f\u00fcr die Challenge &#8222;Finanzielle Sicherheit&#8220;<\/h2>\n\n\n<div class=\"wp-block-image\">\n<figure class=\"aligncenter size-medium\"><img loading=\"lazy\" decoding=\"async\" width=\"300\" height=\"300\" src=\"https:\/\/rockyourgoal.de\/wp-content\/uploads\/2022\/08\/LSP-Persoenlichkeit-300x300.png\" alt=\"\" class=\"wp-image-8297\" srcset=\"https:\/\/rockyourgoal.de\/wp-content\/uploads\/2022\/08\/LSP-Persoenlichkeit-300x300.png 300w, https:\/\/rockyourgoal.de\/wp-content\/uploads\/2022\/08\/LSP-Persoenlichkeit-150x150.png 150w, https:\/\/rockyourgoal.de\/wp-content\/uploads\/2022\/08\/LSP-Persoenlichkeit-768x769.png 768w, https:\/\/rockyourgoal.de\/wp-content\/uploads\/2022\/08\/LSP-Persoenlichkeit-12x12.png 12w, https:\/\/rockyourgoal.de\/wp-content\/uploads\/2022\/08\/LSP-Persoenlichkeit-850x851.png 850w, https:\/\/rockyourgoal.de\/wp-content\/uploads\/2022\/08\/LSP-Persoenlichkeit.png 1000w\" sizes=\"auto, (max-width: 300px) 100vw, 300px\" \/><\/figure>\n<\/div>\n\n\n<p>An Deiner finanziellen Sicherheit h\u00e4ngt Deine wirtschaftliche Existienz! Aus diesem Grund werden wir diese sehr hoch bewerten. Du erh\u00e4ltst <strong>500 Life-Score Punkte<\/strong> wenn Du Dir das beschriebene &#8222;finanzielle Polster&#8220; aufgebaut hast.<\/p>\n\n\n\n<p>Aber Vorsicht! Du musst es besch\u00fctzen und ausbauen, sonst ist es schnell wieder weg!<\/p>\n\n\n\n<h3 class=\"wp-block-heading\">MURMEL F\u00dcR DIE CHALLENGE &#8222;Finanzielle Sicherheit&#8220;<\/h3>\n\n\n\n<p>F\u00fcr diese Challenge kannst Du die wundersch\u00f6ne Murmel in gelb bekommen. Diese haben die folgende Gr\u00f6\u00dfe:<\/p>\n\n\n\n<ul class=\"wp-block-list\">\n<li>Eine gelbe Murmel mit einem Durchmesser von 20mm<\/li>\n<\/ul>\n\n\n\n<p>Wenn Du die Murmel(n) haben m\u00f6chtest, dann lies bitte weiter \u2026.<\/p>\n\n\n\n<h2 class=\"wp-block-heading\">WIE KANNST DU MITMACHEN?<\/h2>\n\n\n\n<p>Sei flei\u00dfig und finanziell klug. Gib jeden Monat weniger aus als Du k\u00f6nntest und spar das Geld. F\u00fchr ein genaues Ausgabenbuch und verschaff Dir Klarheit wie hoch Deine monatlichen Fixkosten sind (j\u00e4hrliche Einmalkosten werden auf den Monat umgerechnet).<\/p>\n\n\n\n<p>Wenn Du so viel Geld gespart hast, dass Du damit sechs Monate ohne einen Euro Einkommen Deine Kosten decken k\u00f6nntest, dann hast Du die 500 Life-Score-Punkte verdient. <\/p>\n\n\n\n<ul class=\"wp-block-list\">\n<li><a href=\"https:\/\/rockyourgoal.de\/pt\/timeless-challenge\/#Anmeldung_und_Leistungsumfang\">Melde Dich bei der Timeless Challenge an!<\/a><\/li>\n\n\n\n<li><a href=\"https:\/\/rockyourgoal.de\/pt\/wb-admin\/?action=register\">Registriere Dich (falls noch nicht geschehen) bei dieser Seite (klick auf diesen Satz)<\/a><\/li>\n\n\n\n<li>Wenn Du finanziell sechs Monate ohne Einnahmen auskommst, dann f\u00fcll bitte das untere Formular aus, einschlie\u00dflich der Mitteilung, dass Du die Challenge geschafft hast. Wir schicken Dir die wohlverdienten Life-Score Punkte und die Murmel zu.<\/li>\n\n\n\n<li>Wenn die Challenge geschafft hast, dann f\u00fcll bitte das untere Formular (nur sichtbar wenn Du registriert und angemeldet bist) aus. Wir schicken Dir die Murmel zu. Die Life Score Points werden Dir automatisch gutgeschrieben und im\u00a0<a href=\"https:\/\/rockyourgoal.de\/pt\/timeless-challenge\/#Life_Museum\">Life Museum<\/a>\u00a0erg\u00e4nzt. Bitte schreibe Deine Lieferadresse in die \u201eNotes\u201c im Formular.<\/li>\n<\/ul>\n\n\n\n\n\n\n<h2 class=\"wp-block-heading\" id=\"die-challenge-finanzielle-sicherheit-in-social-media\">Die Challenge &#8222;Finanzielle Sicherheit&#8220; in Social Media<\/h2>\n\n\n\n<p>Wir sind der Meinung, dass gesunde Finanzen ein Grund zum Stolz sein sind. Ob sie in Social Media geh\u00f6ren m\u00f6chten wir nicht beurteilen. Wir sind der Meinung, dass diese jeder selbst entscheiden muss. W\u00e4hrend man sich \u00fcber Tipps zum Sparen, zur Geldanlage und \u00fcber Stolpersteine durchaus unverf\u00e4nglich austauschen kann, w\u00fcrden wir keine konkreten Betr\u00e4ge oder Vorhaben ver\u00f6ffentlichen. <\/p>\n\n\n\n<h3 class=\"wp-block-heading\" id=\"facebook-gruppe-fur-die-finanzielle-sicherheit-challenge\">Facebook Gruppe f\u00fcr die &#8222;Finanzielle Sicherheit&#8220; Challenge<\/h3>\n\n\n\n<p>Du kannst Dich mit Anderen zu Themen rund um Finanzen und Sparen in unserer Facebook-Gruppe im Bereich Pers\u00f6nlichkeit austauschen. <\/p>\n\n\n\n<h3 class=\"wp-block-heading\" id=\"unsere-hashtags\"># Unsere Hashtags<\/h3>\n\n\n\n<ul class=\"wp-block-list\">\n<li>#timelesschallenge<\/li>\n\n\n\n<li>#tcfinanziellesicherheit<\/li>\n\n\n\n<li>#timelesschallenger<\/li>\n<\/ul>","protected":false},"excerpt":{"rendered":"<p>Du w\u00e4lzt dich im Bett und kannst nicht einschlafen. Die Bettdecke f\u00fchlt sich tonnenschwer an. Dein Herz rennt und schl\u00e4gt wie ein Dampfhammer, Deine F\u00fc\u00dfe schwitzen obwohl du sie rausgestreckt hast. Deine Gedanken drehen sich nur noch um Geld, um Geld das fehlt. Du wei\u00dft nicht wie Du alles bezahlen&hellip;<\/p>\n<p> <a class=\"more-link\" href=\"https:\/\/rockyourgoal.de\/pt\/timeless-challenge\/persoenlichkeit\/finanzielle-sicherheit\/\">Read more<\/a><\/p>","protected":false},"author":2,"featured_media":5847,"parent":12691,"menu_order":0,"comment_status":"open","ping_status":"closed","template":"","meta":{"pgc_sgb_lightbox_settings":"","_glsr_average":0,"_glsr_ranking":0,"_glsr_reviews":0,"footnotes":""},"class_list":["post-5818","page","type-page","status-publish","has-post-thumbnail"],"_links":{"self":[{"href":"https:\/\/rockyourgoal.de\/pt\/wp-json\/wp\/v2\/pages\/5818","targetHints":{"allow":["GET"]}}],"collection":[{"href":"https:\/\/rockyourgoal.de\/pt\/wp-json\/wp\/v2\/pages"}],"about":[{"href":"https:\/\/rockyourgoal.de\/pt\/wp-json\/wp\/v2\/types\/page"}],"author":[{"embeddable":true,"href":"https:\/\/rockyourgoal.de\/pt\/wp-json\/wp\/v2\/users\/2"}],"replies":[{"embeddable":true,"href":"https:\/\/rockyourgoal.de\/pt\/wp-json\/wp\/v2\/comments?post=5818"}],"version-history":[{"count":21,"href":"https:\/\/rockyourgoal.de\/pt\/wp-json\/wp\/v2\/pages\/5818\/revisions"}],"predecessor-version":[{"id":18244,"href":"https:\/\/rockyourgoal.de\/pt\/wp-json\/wp\/v2\/pages\/5818\/revisions\/18244"}],"up":[{"embeddable":true,"href":"https:\/\/rockyourgoal.de\/pt\/wp-json\/wp\/v2\/pages\/12691"}],"wp:featuredmedia":[{"embeddable":true,"href":"https:\/\/rockyourgoal.de\/pt\/wp-json\/wp\/v2\/media\/5847"}],"wp:attachment":[{"href":"https:\/\/rockyourgoal.de\/pt\/wp-json\/wp\/v2\/media?parent=5818"}],"curies":[{"name":"wp","href":"https:\/\/api.w.org\/{rel}","templated":true}]}}