{"id":4598,"date":"2021-12-22T10:55:47","date_gmt":"2021-12-22T09:55:47","guid":{"rendered":"http:\/\/rockyourgoal.de\/?page_id=4598"},"modified":"2022-02-22T12:27:00","modified_gmt":"2022-02-22T11:27:00","slug":"trailrunning-rucksack","status":"publish","type":"page","link":"https:\/\/rockyourgoal.de\/pt\/meine-angebote\/trailrunning\/ausruestung\/trailrunning-rucksack\/","title":{"rendered":"Der passende Laufrucksack"},"content":{"rendered":"<p>Ich habe mich aus praktischem Interesse sehr intensiv mit Laufrucks\u00e4cken besch\u00e4ftigt, denn ohne diese praktischen Helfer w\u00e4ren viele meiner Unternehmungen erst gar nicht m\u00f6glich. Ein Laufrucksack ist erst einmal nur eine ein Rucksack den man zum Laufen anzieht um Dinge zu transportieren. Nat\u00fcrlich gibt es sie in den unterschiedlichsten Varianten, je nachdem was und wie Du laufen m\u00f6chtest. <\/p>\n\n\n\n<p>Der Markt bietet tausende verschiedener Modelle f\u00fcr die unterschiedlichsten Einsatzzwecke und ich denke, dass es unm\u00f6glich ist einen umfassenden \u00dcberblick \u00fcber alle Modelle zu geben. Deshalb werde ich den nachfolgenden Vergleich der verschiedenen Laufrucks\u00e4cke nach dem Einsatzzweck gliedern. Mein Ziel ist es, dass Du den passenden Laufrucksack f\u00fcr Deine angestrebte Unternehmung findest. Es ist ein Unterschied ob Du im Sommer eine Stunde in der Stadt l\u00e4ufst und w\u00e4hrenddessen etwas trinken m\u00f6chtest, oder ob Du einen dreit\u00e4gigen Trailrun in den Bergen von H\u00fctte zu H\u00fctte machst. <\/p>\n\n\n\n<p>Ich m\u00f6chte Dir hier also meine Erfahrungen weitergeben und versuchen objektiv zu bleiben, obwohl ich meine klaren Favoriten habe mit denen ich meine besten Erfahrungen gemacht habe. Diese werde ich Dir nat\u00fcrlich ganz klar als Solche benennen. <\/p>\n\n\n\n<p><em><strong>HINWEIS<\/strong>: Ich schlage Dir im Folgenden ab und zu konkrete Produkte vor die Du direkt bei AMAZON kaufen kannst. Ich  verdiene hinter jedem \u00fcber diesen Link verkauften Produkt ein paar Cent, ohne dass Du auch nur einen Cent mehr zahlen musst. Du unterst\u00fctzt mich und meine Arbeit damit und sorgst daf\u00fcr, dass ich das weiter machen kann.<\/em> <\/p>\n\n\n\n<h2 class=\"wp-block-heading\" id=\"trinksysteme-und-laufrucksacke-fur-laufe-bis-zu-drei-stunden\">Trinksysteme und Laufrucks\u00e4cke f\u00fcr L\u00e4ufe bis zu drei Stunden<\/h2>\n\n\n\n<p>Als Stra\u00dfenl\u00e4ufer, Traill\u00e4ufer oder Hindernisl\u00e4ufer wirst Du die meiste Zeit Einheiten bis zu drei Stunden laufen. Dabei ist es erst einmal egal wo Du l\u00e4ufst, denn gerade im Sommer wirst Du irgendwann durstig werden und trinken wollen. F\u00fcr diesen Zweck gibt es zahlreiche M\u00f6glichkeiten. <\/p>\n\n\n\n<h3 class=\"wp-block-heading\" id=\"soft-flask\">Soft Flask<\/h3>\n\n\n\n<p>Eigentlich kannst Du f\u00fcr Deine Alltagsl\u00e4ufe eine leere (Plastik) Flasche mit Wasser oder einer sonstigen Trinkfl\u00fcssigkeit f\u00fcllen, diese in die Hand nehmen und loslaufen. Das funktioniert wunderbar, ist aber etwas unpraktisch weil solch eine Flasche sehr sperrig ist und Du diese nirgends verstauen kannst. Sie st\u00f6rt Dich also eventuell beim Laufen. <\/p>\n\n\n\n<p>Aus diesem Grund wurden &#8222;Soft Flask&#8220; entwickelt. Es handelt sich dabei um kleine, zusammenrollbare Flaschen aus einer Art Gummigemisch in die man Fl\u00fcssigkeiten einf\u00fcllen kann. Du bekommst diese praktischen Helfer mit einem Fassungsverm\u00f6gen von 150ml, 250ml, 500ml oder auch gr\u00f6\u00dfer. Die kleineren Soft Flask werden von vielen L\u00e4ufern oft f\u00fcr die Energieaufnahme (Energiegels etc.) genutzt. <\/p>\n\n\n\n<p>Insbesondere Traill\u00e4ufer lieben Soft Flask. Die Dinger kannst Du einfach in die Hand nehmen und loslaufen. Sie passen aber auch in jede Laufjacke, in jeden Laufrucksack und sind an Wasserstationen und B\u00e4chen sehr leicht wieder aufzuf\u00fcllen.<\/p>\n\n\n\n<p>Es gibt sogar spezielle Halterungen f\u00fcr Soft Flask-Flaschen. Du kannst diese Halterungen an der Hand festmachen, die Soft Flask hineinstecken und loslaufen ohne dass sie Dich st\u00f6rt. <\/p>\n\n\n\n<center><a target=\"_blank\" href=\"https:\/\/www.amazon.de\/gp\/product\/B07V7J8R8F\/ref=as_li_tl?ie=UTF8&amp;camp=1638&amp;creative=6742&amp;creativeASIN=B07V7J8R8F&amp;linkCode=as2&amp;tag=biggamfisboa-21&amp;linkId=5fca9e3c0320fdb47d66106b052a12ef\" rel=\"noopener\"><img decoding=\"async\" border=\"0\" src=\"\/\/ws-eu.amazon-adsystem.com\/widgets\/q?_encoding=UTF8&amp;MarketPlace=DE&amp;ASIN=B07V7J8R8F&amp;ServiceVersion=20070822&amp;ID=AsinImage&amp;WS=1&amp;Format=_SL160_&amp;tag=biggamfisboa-21\"><\/a><\/center><br><br> <center>Eine 250ml Soft Flask von SALOMON<\/center>\n\n\n\n<h3 class=\"wp-block-heading\" id=\"laufgurtel\">Laufg\u00fcrtel<\/h3>\n\n\n\n<p>Ich habe meine H\u00e4nde w\u00e4hrend dem Laufen gerne frei. In den Bergen sowieso, da ich hier immer mit einem Sturz rechne oder ich mich irgendwo festhalten muss, aber auch beim Stra\u00dfenlauf weil ich das Gef\u00fchl habe, dass mich ein Zusatzgewicht in den H\u00e4nden in meiner Bewegungsdynamik st\u00f6rt. <\/p>\n\n\n\n<p>Aber genau daf\u00fcr gibt es Laufg\u00fcrtel. In diese praktischen Helferlein kannst Du (je nach Modell) eine Wasserflasche befestigen, eine Soft Flask hineinstecken und zus\u00e4tzlich Dein Telefon, Geldbeutel, Energiegel oder Schl\u00fcssel verstauen. Laufg\u00fcrtel st\u00f6ren nicht beim Laufen und sind f\u00fcr kurze Strecken optimal um Deine Grundversorgung zu sichern. <\/p>\n\n\n\n<center><a target=\"_blank\" href=\"https:\/\/www.amazon.de\/gp\/product\/B075L5WX4N\/ref=as_li_tl?ie=UTF8&amp;camp=1638&amp;creative=6742&amp;creativeASIN=B075L5WX4N&amp;linkCode=as2&amp;tag=biggamfisboa-21&amp;linkId=28dedefd85b6c7051be2d188d24fbdfc\" rel=\"noopener\"><img decoding=\"async\" border=\"0\" src=\"\/\/ws-eu.amazon-adsystem.com\/widgets\/q?_encoding=UTF8&amp;MarketPlace=DE&amp;ASIN=B075L5WX4N&amp;ServiceVersion=20070822&amp;ID=AsinImage&amp;WS=1&amp;Format=_SL160_&amp;tag=biggamfisboa-21\"><\/a><\/center><br><br> <center>Laufg\u00fcrtel von Guzack<\/center>\n\n\n\n<h3 class=\"wp-block-heading\" id=\"laufwesten\">Laufwesten<\/h3>\n\n\n\n<p>Laufwesten sind sehr leicht und minimal gehalten, damit sie Dich als L\u00e4ufer nicht st\u00f6ren. Wenn ich mit einer Laufweste unterwegs bin, dann sp\u00fcre ich diese nach einer gewissen Zeit nicht mehr, denn eine gute Laufweste liegt eng am K\u00f6rper und ist wie eine zweite Haut. Sie bietet Dir nicht viel mehr Platz als ein Laufg\u00fcrtel aber sie liegt sicherer am K\u00f6rper und da h\u00fcpft und schwabbelt nix. <\/p>\n\n\n\n<p>Laufwesten haben meistens ein Fassungsverm\u00f6gen von ca. vier Litern. Du kannst darin Deine Trinkblase verstauen, vorne zwei Flaschen (oder Soft Flask) und eine leichte Windjacke hat meist auch noch Platz. Eigentlich perfekt f\u00fcr Touren von bis zu vier Stunden. <\/p>\n\n\n\n<p>Die Preis- und Qualit\u00e4tsspanne ist bei Laufwesten enorm hoch. Du bekommst bereits f\u00fcr wenige Euro eine Laufweste, aber spar nicht an der falschen Stelle. Sp\u00e4testens wenn Du beim Laufen Stellen sp\u00fcrst die scheuern wirst Du Dich \u00e4rgern nicht ein paar Euro mehr ausgegeben zu haben. <\/p>\n\n\n\n<center><a target=\"_blank\" href=\"https:\/\/www.amazon.de\/gp\/product\/B06X6LK494\/ref=as_li_tl?ie=UTF8&amp;camp=1638&amp;creative=6742&amp;creativeASIN=B06X6LK494&amp;linkCode=as2&amp;tag=biggamfisboa-21&amp;linkId=9d1e9177e510d0ba998a02843b9c295a\" rel=\"noopener\"><img decoding=\"async\" border=\"0\" src=\"\/\/ws-eu.amazon-adsystem.com\/widgets\/q?_encoding=UTF8&amp;MarketPlace=DE&amp;ASIN=B06X6LK494&amp;ServiceVersion=20070822&amp;ID=AsinImage&amp;WS=1&amp;Format=_SL160_&amp;tag=biggamfisboa-21\"><\/a><\/center><br><br> <center>Einfach aber funktional &#8211; Laufweste von Atacama<\/center>\n\n\n\n<p>Wenn Du ein paar Euro mehr ausgeben m\u00f6chtest, dann gibt es bei Laufwesten sowohl von der Qualit\u00e4t aber auch vom Preis her kaum Grenzen. Ich pers\u00f6nlich habe sehr gute Erfahrungen mit der &#8222;<em>Dynafit Vert 3<\/em>&#8220; gemacht. Bei Dynafit kannst Du sogar Deine pers\u00f6nliche Gr\u00f6\u00dfe ber\u00fccksichtigen. Das ist manchmal sehr angenehm, denn die Laufweste passt  in der richtigen Gr\u00f6\u00dfe &#8222;wie angegossen&#8220;. <\/p>\n\n\n\n<center><a target=\"_blank\" href=\"https:\/\/www.amazon.de\/gp\/product\/B0868W8K87\/ref=as_li_tl?ie=UTF8&amp;camp=1638&amp;creative=6742&amp;creativeASIN=B0868W8K87&amp;linkCode=as2&amp;tag=biggamfisboa-21&amp;linkId=2334dc715e43088c132f163f55539ed0\" rel=\"noopener\"><img decoding=\"async\" border=\"0\" src=\"\/\/ws-eu.amazon-adsystem.com\/widgets\/q?_encoding=UTF8&amp;MarketPlace=DE&amp;ASIN=B0868W8K87&amp;ServiceVersion=20070822&amp;ID=AsinImage&amp;WS=1&amp;Format=_SL160_&amp;tag=biggamfisboa-21\"><\/a><\/center><br><br> <center>Die Dynafit Vert 3 &#8211; Hochwertig, aber auch etwas teurer<\/center>\n\n\n\n<p>Solche Laufwesten bekommst Du auch noch etwas gr\u00f6\u00dfer und \u00fcppiger ausgestattet, aber diese sind meiner Meinung nach dann doch eher schon f\u00fcr l\u00e4ngere Touren wie z.B. eine Tagestour gedacht. <\/p>\n\n\n\n<p>Ganz egal ob Dich f\u00fcr eine Laufweste mit 4 Liter oder 5 Liter Volumen entscheidest, das sind die Wettkampfwesten meiner Wahl. Hier passt Deine &#8222;Pflichtausr\u00fcstung&#8220; rein und Du kannst genug zu Trinken mitnehmen. Klar, f\u00fcr l\u00e4ngere Wettk\u00e4mpfe im Ultra-Bereich musst Du vor allem mit dem Wiederauff\u00fcllen Deiner Trinkvorr\u00e4te genauer planen. <\/p>\n\n\n\n<h2 class=\"wp-block-heading\" id=\"laufrucksacke-fur-lange-tagestouren\">Laufrucks\u00e4cke f\u00fcr lange Tagestouren<\/h2>\n\n\n\n<p>Die folgenden Laufrucks\u00e4cke sind f\u00fcr l\u00e4ngere Touren wie Ein- oder Zweitagestouren gedacht. Sie sind vom Fassungsverm\u00f6gen etwas gr\u00f6\u00dfer, so dass Du genug zu Trinken, ein paar Riegel und Ersatzklamotten f\u00fcr die H\u00fctte oder f\u00fcr schlechtes Wetter problemlos mitnehmen kannst. Klar, in dieser Kategorie sind die Unterschiede bereits gro\u00df, deshalb stelle ich Dir zwei unterschiedliche Laufrucks\u00e4cke und deren Sinn vor. <\/p>\n\n\n\n<p>Die &#8222;<em>Ultimate Direction Adventure Vest<\/em>&#8220; hat ein Fassungsverm\u00f6gen von 17 Litern und wiegt dabei trotzdem nur 269 Gramm. Damit kannst Du drei Liter Wasser in der Trinkblase und zus\u00e4tzlich noch zweimal einen halben Liter in den vorderen Flaschenhaltern mitnehmen. Trotzdem passen da Ersatzklamotten, Regenklamotten, Dein Smartphone, Geldbeutel, Schl\u00fcssel und andere Kleinigkeiten locker rein. Du erreichst alle vorderen Taschen w\u00e4hrend des Laufens, Du hast eine Stockhalterung und hast genug Stauraum f\u00fcr l\u00e4ngere Touren. <\/p>\n\n\n\n<center><a target=\"_blank\" href=\"https:\/\/www.amazon.de\/gp\/product\/B07TS8NCRT\/ref=as_li_tl?ie=UTF8&amp;camp=1638&amp;creative=6742&amp;creativeASIN=B07TS8NCRT&amp;linkCode=as2&amp;tag=biggamfisboa-21&amp;linkId=0cc41fbf6a98e3f49c7e716cbe035013\" rel=\"noopener\"><img decoding=\"async\" border=\"0\" src=\"\/\/ws-eu.amazon-adsystem.com\/widgets\/q?_encoding=UTF8&amp;MarketPlace=DE&amp;ASIN=B07TS8NCRT&amp;ServiceVersion=20070822&amp;ID=AsinImage&amp;WS=1&amp;Format=_SL160_&amp;tag=biggamfisboa-21\"><\/a><\/center><br><br> <center>Die &#8222;Adventure Vest&#8220; von Ultimate Direction<\/center>\n\n\n\n<h2 class=\"wp-block-heading\" id=\"laufrucksacke-fur-mehrtagige-lauftouren\">Laufrucks\u00e4cke f\u00fcr mehrt\u00e4gige Lauftouren<\/h2>\n\n\n\n<p>Als ich die Alpen\u00fcberquerung E5 gemacht habe war eines Abends ein Trailrunner mit uns auf der H\u00fctte der die E5 in der H\u00e4lfte unserer Zeit gelaufen ist. Er hat also drei \u00dcbernachtungen auf H\u00fctten gebucht und ist t\u00e4glich fast einen Marathon gelaufen. Daf\u00fcr brauchst Du nat\u00fcrlich etwas mehr als f\u00fcr eine k\u00fcrzere Tour, denn Du musst neben dem Trinken und Verpflegung auch Ersatzklamotten, Duschzeug, warme Klamotten, Regenjacke und sonstige Kleinigkeiten mitnehmen. Deshalb gibt es Laufrucks\u00e4cke die f\u00fcr l\u00e4ngere Abenteuer konzipiert wurden und teilweise mehr als 15 Liter Fassungsverm\u00f6gen haben. Trotzdem f\u00fchlen sie sich noch wie Laufrucks\u00e4cke an, so dass sie Dich beim Laufen nicht st\u00f6ren. <\/p>\n\n\n\n<p>In diese Kategorie fallen aber auch Laufrucks\u00e4cke die Du zum Laufen in die Arbeit verwenden kannst. Dort brauchst Du dann Deine Businessklamotten, Duschzeug, Deo etc. Du brauchst also Platz im Rucksack. <\/p>\n\n\n\n<p>Hier m\u00f6chte ich Dir den &#8222;<em>Scram (20 Liter) von Ultimate Direction<\/em>&#8220; vorstellen. Wie der Name schon sagt, handelt es sich dabei um einen Laufrucksack mit einem Fassungsverm\u00f6gen von 20 Litern, gedacht f\u00fcr l\u00e4ngere Touren. Dieser Sportrucksack wiegt knapp 500 Gramm und wird in den Gr\u00f6\u00dfen &#8222;S&#8220;, &#8222;M&#8220; und &#8222;L&#8220; angeboten. Wie bei allen Laufrucks\u00e4cken hast Du auch hier eine Getr\u00e4nkehalterung und Handyhalterung vorne. Er bietet Dir eine (abnehmbare) Halterung f\u00fcr Ski und hat oben eine wasserdichte Tasche, falls es mal regnet. <\/p>\n\n\n\n<p>Dieser Sportrucksack ist nicht nur zum Laufen geeignet, sondern auch f\u00fcr Klettertouren, Skitouren, zur t\u00e4glichen Radfahrt in die Arbeit und f\u00fcr alle Abenteuer die dann doch etwas l\u00e4nger dauern und f\u00fcr die Du eine gute Unterst\u00fctzung brauchst. <\/p>\n\n\n\n<center><a target=\"_blank\" href=\"https:\/\/www.amazon.de\/gp\/product\/B07GH33MY4\/ref=as_li_tl?ie=UTF8&amp;camp=1638&amp;creative=6742&amp;creativeASIN=B07GH33MY4&amp;linkCode=as2&amp;tag=biggamfisboa-21&amp;linkId=ae78f684af9aeca2ad4d5a600310076f\" rel=\"noopener\"><img decoding=\"async\" border=\"0\" src=\"\/\/ws-eu.amazon-adsystem.com\/widgets\/q?_encoding=UTF8&amp;MarketPlace=DE&amp;ASIN=B07GH33MY4&amp;ServiceVersion=20070822&amp;ID=AsinImage&amp;WS=1&amp;Format=_SL160_&amp;tag=biggamfisboa-21\"><\/a><\/center><br><br> <center>Der Scram von Ultimate Direction<\/center>\n\n\n\n<h2 class=\"wp-block-heading\" id=\"tipps-vor-dem-kauf-eines-laufrucksacks\">Tipps vor dem Kauf eines Laufrucksacks<\/h2>\n\n\n\n<p>Wenn Du einen passenden Laufrucksack kaufen m\u00f6chtest, dann achte unbedingt darauf ob es verschiedene Gr\u00f6\u00dfen von Deinem Wunschmodell gibt. Gerade ein Laufrucksack sollte gut passen und Dich nicht w\u00e4hrend des Laufens scheuern oder auf eine sonstige Art behindern. <\/p>\n\n\n\n<p>Am Besten ist es nat\u00fcrlich, wenn Du den Laufrucksack vor dem Kauf einfach mal im Fachhandel anprobierst. \u00dcberleg Dir, ob Du unter dem Laufrucksack Klamotten tr\u00e4gst oder welche Art von Klamotten Du tr\u00e4gst. Dann siehst du sehr schnell ob er f\u00fcr Dich passt. <\/p>\n\n\n\n<h2 class=\"wp-block-heading\" id=\"pflegetipps-fur-deinen-laufrucksack\">Pflegetipps f\u00fcr Deinen Laufrucksack<\/h2>\n\n\n\n<p>Du wirst schnell feststellen, dass Du Deinen Laufrucksack immer mal wieder reinigen musst. Er sitzt sehr nah am K\u00f6rper und bekommt Salz, Schwei\u00df und Dreck ab. Nat\u00fcrlich bilden sich da auch unangenehme Ger\u00fcche, wenn Du ihn nicht pflegst. <\/p>\n\n\n\n<p>Im Sommer kannst Du Deinen Laufrucksack direkt mit unter die Dusche nehmen. Diese sanfte Art der Reinigung sorgt daf\u00fcr, dass Du sehr lange Spa\u00df an Deinem Laufrucksack hast und dieser aber trotzdem sauber und rein ist. Es wird zwar nicht empfohlen, aber ich habe meine Laufrucks\u00e4cke bisher auch immer wieder mal in die Waschmaschine bei niedrigen Temperaturen (30 Grad) und ohne Schleudergang gewaschen, ohne dass diese einen Schaden genommen haben. Aber wie gesagt, eigentlich empfehlen das die Hersteller nicht. <\/p>\n\n\n\n<h2 class=\"wp-block-heading\" id=\"unterschiede-bei-laufrucksacken-zwischen-mannern-und-frauen\">Unterschiede bei Laufrucks\u00e4cken zwischen M\u00e4nnern und Frauen<\/h2>\n\n\n\n<p>Aufgrund der anatomischen Unterschiede zwischen den Oberk\u00f6rpern von M\u00e4nnern und Frauen gibt es mittlerweile spezielle Laufrucks\u00e4cke f\u00fcr Frauen. Diese solltest Du als Frau unbedingt mal ausprobieren, denn oft ist der Tragekomfort noch eine Stufe h\u00f6her. <\/p>\n\n\n\n<h2 class=\"wp-block-heading\" id=\"den-trailrunning-rucksack-richtig-packen\">Den Trailrunning Rucksack richtig packen<\/h2>\n\n\n\n<p>Durch den begrenzten Platz in einem Trailrunning Rucksack musst Du Wert auf das richtige Packen legen. Es geht also darum was Du reinpackst und wie Du Deine Sachen hineinpackst. <\/p>\n\n\n\n<p>Nur nochmal zur Sicherzeit&#8230;.. Deine Laufhose, Shirt, Socken, Trailschuhe, Buff, K\u00e4ppi, Sonnenbrille und Deine Laufuhr tr\u00e4gst Du direkt am K\u00f6rper. Diese geh\u00f6ren also nicht in Deinen Rucksack hinein. <\/p>\n\n\n\n<p>Wenn ich meinen Rucksack packe, dann ist es mir wichtig, dass der Schwerpunkt passt und die Inhalte praktisch angeordnet sind. Das hei\u00dft, dass die Sachen die ich tendenziell h\u00e4ufig brauche auch leicht erreichbar sind und schwere Sachen m\u00f6glichst nah am K\u00f6rper sind, damit sie nicht w\u00e4hrend des Laufens umherwippen. Au\u00dferdem geh\u00f6ren schwere Sachen m\u00f6glichst weit nach unten, damit der Schwerpunkt unten liegt. <\/p>\n\n\n\n<p>In das Hauptfach packe ich als Erstes das Erste Hilfe Kit ein. Das kommt ganz unten rein. Ich habe es bisher (zum Gl\u00fcck) nur sehr selten gebraucht, also ist es unten im Laufrucksack gut aufgehoben. Wenn Du Dein Smartphone nicht zur Navigation nutzt und auch keine Bilder damit machen m\u00f6chtest, dann kannst Du es nun in die wasserdichte Tasche Deines Rucksacks packen (sofern vorhanden). Gleiches gilt f\u00fcr den Personalausweis, EC-Karte und etwas Bargeld.<\/p>\n\n\n\n<p>MP3-Player, Kopfh\u00f6rer oder eine GoPro packe ich in die Seitentaschen. An diese komme ich gut hin und kann diese Ger\u00e4te bei Bedarf leicht erreichen. <\/p>\n\n\n\n<p>Zum Ende hin k\u00fcmmere ich mich um meine Getr\u00e4nkeversorgung und f\u00fclle meine beiden Soft Flasks mit Wasser (ggf. angereichert mit Elektrolyten) und packe sie in die Halterungen am Rucksack. Meine Kopflampe und eine Packung Taschent\u00fccher wird in einer T\u00fcte wasserdicht verpackt und zu dem Erste-Hilfe-Kit gegeben. <\/p>\n\n\n\n<p>Auch mein Long-Sleeve-Oberteil packe ich in einen Beutel und steck es in den Rucksack. Nun folgt die Wind- und\/oder Regenjacke, welche auch in das Hauptfach gestopft werden. Seitlich stecke ich nun meine Energieriegel (evt. Gels) in die seitlichen F\u00e4cher, damit ich diese leicht erreichen kann. <\/p>\n\n\n\n<p>Fehlen noch die St\u00f6cke (falls Du welche verwendest). Die St\u00f6cke kannst Du bei vielen Trailrunning Rucks\u00e4cken direkt in die daf\u00fcr vorgesehenen Schlaufen verstauen und bei Bedarf einfach hervorziehen und verwenden. <\/p>\n\n\n\n<p><\/p>\n\n\n\n<p><\/p>","protected":false},"excerpt":{"rendered":"<p>Ich habe mich aus praktischem Interesse sehr intensiv mit Laufrucks\u00e4cken besch\u00e4ftigt, denn ohne diese praktischen Helfer w\u00e4ren viele meiner Unternehmungen erst gar nicht m\u00f6glich. Ein Laufrucksack ist erst einmal nur eine ein Rucksack den man zum Laufen anzieht um Dinge zu transportieren. Nat\u00fcrlich gibt es sie in den unterschiedlichsten Varianten,&hellip;<\/p>\n<p> <a class=\"more-link\" href=\"https:\/\/rockyourgoal.de\/pt\/meine-angebote\/trailrunning\/ausruestung\/trailrunning-rucksack\/\">Read more<\/a><\/p>","protected":false},"author":2,"featured_media":0,"parent":4596,"menu_order":0,"comment_status":"open","ping_status":"closed","template":"","meta":{"pgc_sgb_lightbox_settings":"","_glsr_average":0,"_glsr_ranking":0,"_glsr_reviews":0,"footnotes":""},"class_list":["post-4598","page","type-page","status-publish"],"_links":{"self":[{"href":"https:\/\/rockyourgoal.de\/pt\/wp-json\/wp\/v2\/pages\/4598","targetHints":{"allow":["GET"]}}],"collection":[{"href":"https:\/\/rockyourgoal.de\/pt\/wp-json\/wp\/v2\/pages"}],"about":[{"href":"https:\/\/rockyourgoal.de\/pt\/wp-json\/wp\/v2\/types\/page"}],"author":[{"embeddable":true,"href":"https:\/\/rockyourgoal.de\/pt\/wp-json\/wp\/v2\/users\/2"}],"replies":[{"embeddable":true,"href":"https:\/\/rockyourgoal.de\/pt\/wp-json\/wp\/v2\/comments?post=4598"}],"version-history":[{"count":34,"href":"https:\/\/rockyourgoal.de\/pt\/wp-json\/wp\/v2\/pages\/4598\/revisions"}],"predecessor-version":[{"id":6043,"href":"https:\/\/rockyourgoal.de\/pt\/wp-json\/wp\/v2\/pages\/4598\/revisions\/6043"}],"up":[{"embeddable":true,"href":"https:\/\/rockyourgoal.de\/pt\/wp-json\/wp\/v2\/pages\/4596"}],"wp:attachment":[{"href":"https:\/\/rockyourgoal.de\/pt\/wp-json\/wp\/v2\/media?parent=4598"}],"curies":[{"name":"wp","href":"https:\/\/api.w.org\/{rel}","templated":true}]}}