{"id":7301,"date":"2022-10-13T07:00:00","date_gmt":"2022-10-13T05:00:00","guid":{"rendered":"https:\/\/rockyourgoal.de\/?page_id=7301"},"modified":"2025-01-15T11:32:01","modified_gmt":"2025-01-15T10:32:01","slug":"precious-time","status":"publish","type":"page","link":"https:\/\/rockyourgoal.de\/pl\/timeless-challenge\/beziehungen\/precious-time\/","title":{"rendered":"Precious Time Challenge &#8211; Wertvolle Zeit"},"content":{"rendered":"<p>Hast Du schon einmal einen Menschen verloren bei dem Du Dir w\u00fcnschst, mehr Zeit mit ihm verbracht zu haben? Ich schon. Irgendwann sind die Menschen weg die wir lieben. Das ist leider Fakt. <\/p>\n\n\n\n<p>Wir Menschen haben scheinbar so unglaublich viele, wichtige Termine. Immer auf dem Sprung, wir planen unsere Zeit bis ins letzte Detail und vergessen dabei Diejenigen, die uns wirklich wichtig sind. Und es reicht leider nicht, sich einfach nur vorzunehmen, dass man sich mehr Zeit f\u00fcr diese Menschen nimmt, denn der Alltag ist eine Sau. <\/p>\n\n\n\n<p>Man muss gemeinsam mit diesen Menschen feste Termine einplanen und diese so hoch priorisieren, dass normalerweise nichts dazwischen kommen kann. <\/p>\n\n\n\n<p>So habe ich vor etwa zwei Jahren angefangen, jeden Freitag zu meinen Eltern zu fahren und dort einen Kaffee sowie ein Glas Wein bei guten Gespr\u00e4chen zu trinken. Auf diese zwei Stunden freue ich mich die ganze Woche und meinen Eltern geht es genau so. Wir haben uns viel zu erz\u00e4hlen und die Zeit vergeht wie im Flug. <\/p>\n\n\n<div class=\"wp-block-image\">\n<figure class=\"aligncenter size-full is-resized\"><a href=\"https:\/\/rockyourgoal.de\/wp-content\/uploads\/2022\/05\/precious-time-challenge.jpg\"><img loading=\"lazy\" decoding=\"async\" width=\"960\" height=\"641\" src=\"https:\/\/rockyourgoal.de\/wp-content\/uploads\/2022\/05\/precious-time-challenge.jpg\" alt=\"\" class=\"wp-image-7305\" style=\"width:473px;height:315px\" srcset=\"https:\/\/rockyourgoal.de\/wp-content\/uploads\/2022\/05\/precious-time-challenge.jpg 960w, https:\/\/rockyourgoal.de\/wp-content\/uploads\/2022\/05\/precious-time-challenge-300x200.jpg 300w, https:\/\/rockyourgoal.de\/wp-content\/uploads\/2022\/05\/precious-time-challenge-768x513.jpg 768w, https:\/\/rockyourgoal.de\/wp-content\/uploads\/2022\/05\/precious-time-challenge-18x12.jpg 18w, https:\/\/rockyourgoal.de\/wp-content\/uploads\/2022\/05\/precious-time-challenge-850x568.jpg 850w\" sizes=\"auto, (max-width: 960px) 100vw, 960px\" \/><\/a><\/figure>\n<\/div>\n\n\n<p>Du ahnst es bereits, aber genau deshalb haben wir die Precious Time Challenge aufgesetzt. Sie soll Dir einen kleinen &#8222;Schubs&#8220; geben, fest geplant Zeit mit den Menschen zu verbringen die Dir wichtig sind. <\/p>\n\n\n<div class=\"wp-block-image\">\n<figure class=\"aligncenter\"><a href=\"https:\/\/rockyourgoal.de\/pl\/timeless-challenge\/#Anmeldung_und_Leistungsumfang\"><img loading=\"lazy\" decoding=\"async\" width=\"300\" height=\"145\" src=\"https:\/\/rockyourgoal.de\/wp-content\/uploads\/2022\/01\/timeless-challenge-durchsichtig-300x145.png\" alt=\"\" class=\"wp-image-5448\" srcset=\"https:\/\/rockyourgoal.de\/wp-content\/uploads\/2022\/01\/timeless-challenge-durchsichtig-300x145.png 300w, https:\/\/rockyourgoal.de\/wp-content\/uploads\/2022\/01\/timeless-challenge-durchsichtig-1024x495.png 1024w, https:\/\/rockyourgoal.de\/wp-content\/uploads\/2022\/01\/timeless-challenge-durchsichtig-768x371.png 768w, https:\/\/rockyourgoal.de\/wp-content\/uploads\/2022\/01\/timeless-challenge-durchsichtig-1536x742.png 1536w, https:\/\/rockyourgoal.de\/wp-content\/uploads\/2022\/01\/timeless-challenge-durchsichtig-2048x990.png 2048w, https:\/\/rockyourgoal.de\/wp-content\/uploads\/2022\/01\/timeless-challenge-durchsichtig-850x411.png 850w\" sizes=\"auto, (max-width: 300px) 100vw, 300px\" \/><\/a><figcaption class=\"wp-element-caption\"><a href=\"https:\/\/rockyourgoal.de\/pl\/timeless-challenge\/#Anmeldung_und_Leistungsumfang\">Die Precious Time Challenge geh\u00f6rt zur\u00a0Timeless Challenge. Mach mit!<\/a><\/figcaption><\/figure>\n<\/div>\n\n\n<p>\u00a0<strong><em>Folge uns und bleib informiert!<\/em><\/strong><\/p>\n\n\n\n<ul class=\"wp-block-list\">\n<li><strong>Instagram<\/strong>:&nbsp;<a rel=\"noreferrer noopener\" href=\"https:\/\/www.instagram.com\/timeless_challenge\" target=\"_blank\">@timeless_challenge<\/a><\/li>\n\n\n\n<li><strong>Facebook<\/strong>:&nbsp;<a rel=\"noreferrer noopener\" href=\"https:\/\/www.facebook.com\/rockyourgoal\" target=\"_blank\">Rockyourgoal<\/a><\/li>\n\n\n\n<li><strong>Twitter<\/strong>:&nbsp;<a rel=\"noreferrer noopener\" href=\"https:\/\/www.twitter.com\/goal_rock\" target=\"_blank\">@goal_rock<\/a><\/li>\n<\/ul>\n\n\n\n<blockquote class=\"wp-block-quote is-layout-flow wp-block-quote-is-layout-flow\">\n<p><strong><em>Wir wollen <a rel=\"noreferrer noopener\" href=\"https:\/\/rockyourgoal.de\/pl\/big5forlife\/trees4breeze\/\" target=\"_blank\">eine Million B\u00e4ume weltweit pflanzen<\/a> ohne um Spenden zu betteln!<\/em><\/strong> <\/p>\n<cite>Uwe<\/cite><\/blockquote>\n\n\n\n<h2 class=\"wp-block-heading\">Wie funktioniert die Precious Time Challenge?<\/h2>\n\n\n\n<p>\u00dcberleg mal ganz genau mit wem Du regelm\u00e4\u00dfig Zeit verbringen m\u00f6chtest? Das k\u00f6nnen Familienangeh\u00f6rige, Freunde, ehemalige Kollegen oder auch Nachbarn sein. Diese Menschen m\u00fcssen Dir aber so wichtig sein, dass Du gerne regelm\u00e4\u00dfig Zeit mit ihnen verbringen m\u00f6chtest. Das kann einmal pro Woche Woche sein, oder auch \u00f6fter. Aber ihr m\u00fcsst das gemeinsam planen und euch diese Zeit fest f\u00fcreinander blocken. <\/p>\n\n\n\n<p>Bei der Precious Time Challenge hast Du also die folgenden Aufgaben<\/p>\n\n\n\n<ul class=\"wp-block-list\">\n<li>Mit wem m\u00f6chtest Du regelm\u00e4\u00dfig Zeit verbringen? F\u00e4ll eine Entscheidung mit Deinem Herzen. <\/li>\n\n\n\n<li>Ruf diesen Menschen an und vereinbare einen ersten Termin. <\/li>\n\n\n\n<li>Nach dem ersten Termin zusammen, macht gleich einen Folgetermin (optimalerweise die gleiche Uhrzeit am gleichen Tag wie beim ersten Termin) aus. Nach wenigen Wochen habt ihr einen gemeinsamen &#8222;Precious Time&#8220; Slot gefunden auf den ihr euch beide freut. <\/li>\n<\/ul>\n\n\n\n<p>Die Life-Score Punkte f\u00fcr die Precious Time Challenge erh\u00e4ltst Du, sobald Du Dich mit mindestens einem Menschen regelm\u00e4\u00dfig mindestens vier Wochen am St\u00fcck als Folge des oben genannten Vorgehens triffst. Du wirst sehen wie ihr euch auf die gemeinsame Zeit freuen werdet!<\/p>\n\n\n\n<h2 class=\"wp-block-heading\">Life-Score Punkte f\u00fcr die Precious Time Challenge<\/h2>\n\n\n\n<p>Wenn Du die Initiative ergriffen hast und mit einem geliebten Menschen einen Time-Slot ausgesucht habt und ihr euch bereits mindestens vier mal regelm\u00e4\u00dfig getroffen habt, dann hast Du Dir <strong><em>10 Life-Score Punkte<\/em><\/strong> verdient.<\/p>\n\n\n<div class=\"wp-block-image\">\n<figure class=\"aligncenter size-medium\"><img loading=\"lazy\" decoding=\"async\" width=\"300\" height=\"300\" src=\"https:\/\/rockyourgoal.de\/wp-content\/uploads\/2022\/08\/LSP-Beziehungen-1-300x300.png\" alt=\"\" class=\"wp-image-8294\" srcset=\"https:\/\/rockyourgoal.de\/wp-content\/uploads\/2022\/08\/LSP-Beziehungen-1-300x300.png 300w, https:\/\/rockyourgoal.de\/wp-content\/uploads\/2022\/08\/LSP-Beziehungen-1-150x150.png 150w, https:\/\/rockyourgoal.de\/wp-content\/uploads\/2022\/08\/LSP-Beziehungen-1-768x769.png 768w, https:\/\/rockyourgoal.de\/wp-content\/uploads\/2022\/08\/LSP-Beziehungen-1-12x12.png 12w, https:\/\/rockyourgoal.de\/wp-content\/uploads\/2022\/08\/LSP-Beziehungen-1-850x851.png 850w, https:\/\/rockyourgoal.de\/wp-content\/uploads\/2022\/08\/LSP-Beziehungen-1.png 1000w\" sizes=\"auto, (max-width: 300px) 100vw, 300px\" \/><figcaption class=\"wp-element-caption\">Hol Dir die Life-Score Punkte und die Murmel in ROT<\/figcaption><\/figure>\n<\/div>\n\n\n<h3 class=\"wp-block-heading\">Murmeln f\u00fcr die Precious Time Challenge<\/h3>\n\n\n\n<p>F\u00fcr die Precious Time Challenge kannst Du die wundersch\u00f6ne Murmel in rot bekommen. Diese hat die folgenden Gr\u00f6\u00dfe:<\/p>\n\n\n\n<ul class=\"wp-block-list\">\n<li>Rote Murmel mit einem Durchmesser von 16mm<\/li>\n<\/ul>\n\n\n\n<h2 class=\"wp-block-heading\">So kannst Du bei der Precious Time Challenge mitmachen!<\/h2>\n\n\n\n<ul class=\"wp-block-list\">\n<li><a href=\"https:\/\/rockyourgoal.de\/pl\/timeless-challenge\/#Anmeldung_und_Leistungsumfang\">Melde Dich bei der Timeless Challenge an!<\/a><\/li>\n\n\n\n<li><a href=\"https:\/\/rockyourgoal.de\/pl\/wb-admin\/?action=register\">Registriere Dich (falls noch nicht geschehen) bei dieser Seite (klick auf diesen Satz)<\/a><\/li>\n\n\n\n<li>Nun musst Du die Challenge bew\u00e4ltigen. Du initiierst ein regelm\u00e4\u00dfiges Treffen mit einem geliebten Menschen und triffst Dich mindestens vier Wochen lang regelm\u00e4\u00dfig mit im!<\/li>\n\n\n\n<li>Wenn Du das geschafft hast, dann f\u00fcll bitte das untere Formular (nur sichtbar wenn Du registriert und angemeldet bist) aus. Wir schicken Dir die Murmel zu. Die Life Score Points werden Dir automatisch gutgeschrieben und im\u00a0<a href=\"https:\/\/rockyourgoal.de\/pl\/timeless-challenge\/#Life_Museum\">Life Museum<\/a>\u00a0erg\u00e4nzt. Bitte schreibe Deine Lieferadresse in die \u201eNotes\u201c im Formular.<\/li>\n<\/ul>\n\n\n\n\n\n\n<h2 class=\"wp-block-heading\">Die Precious Time Challenge in Social Media<\/h2>\n\n\n\n<p>Du kannst selbst entscheiden ob Du \u00fcber dieses Thema in Social Media schreiben m\u00f6chtest oder nicht. Solltest Du dich jedoch dazu entschlie\u00dfen, kannst Du unsere Kan\u00e4le gerne nutzen.<\/p>\n\n\n\n<h3 class=\"wp-block-heading\">Die Precious Time Challenge auf Faceook<\/h3>\n\n\n\n<p>Wir laden Dich herzlich zum Austausch in unsere Facebook Gruppe &#8222;<em>Beziehungen<\/em>&#8220; ein. <\/p>\n\n\n\n<h3 class=\"wp-block-heading\">Hashtags<\/h3>\n\n\n\n<ul class=\"wp-block-list\">\n<li>#timelesschallenge<\/li>\n\n\n\n<li>#tcprecioustime<\/li>\n\n\n\n<li>#timelesschallenger<\/li>\n<\/ul>\n\n\n\n<h2 class=\"wp-block-heading\">Nette Geschenk Ideen und kleine Hilfen f\u00fcr mehr Zeit mit Freunden und Familie<\/h2>\n\n\n\n<p>Um deine Liebsten \u00f6fter zu sehen und mit ihnen eine sch\u00f6ne Zeit zu verbringen brauchst du nichts au\u00dfer Zeit. Trotzdem gibt es ein paar kleine Ideen die Dir helfen diese Zeit besser zu planen oder kleine Aufmerksamkeiten die euch ein L\u00e4cheln auf die Lippen zaubern. <\/p>\n\n\n\n<p><strong>Familienplaner Kalender<\/strong><\/p>\n\n\n\n<p>Dieser Kalender ist eigentlich nichts Besonderes. Aber er beinhaltet einen Ferienkalender und ist daf\u00fcr konzipiert, bewusst Zeit mit seiner Familie zu blocken. Eine nette Idee..<\/p>\n\n\n\n<center><a href=\"https:\/\/www.amazon.de\/Familienplaner-Mehr-Zeit-2023-Zusatzinformationen\/dp\/B09PW6G8LP?__mk_de_DE=%C3%85M%C3%85%C5%BD%C3%95%C3%91&amp;crid=1I39SME0BQQQB&amp;keywords=zeit+f%C3%BCr+familie&amp;qid=1660118789&amp;sprefix=zeit+f%C3%BCr+familie%2Caps%2C93&amp;sr=8-10&amp;linkCode=li2&amp;tag=biggamfisboa-21&amp;linkId=04fdeb65fee32050738bad9358313daf&amp;language=de_DE&amp;ref_=as_li_ss_il\" target=\"_blank\" rel=\"noopener\"><img decoding=\"async\" border=\"0\" src=\"\/\/ws-eu.amazon-adsystem.com\/widgets\/q?_encoding=UTF8&amp;ASIN=B09PW6G8LP&amp;Format=_SL160_&amp;ID=AsinImage&amp;MarketPlace=DE&amp;ServiceVersion=20070822&amp;WS=1&amp;tag=biggamfisboa-21&amp;language=de_DE\"><\/a><img loading=\"lazy\" decoding=\"async\" src=\"https:\/\/ir-de.amazon-adsystem.com\/e\/ir?t=biggamfisboa-21&amp;language=de_DE&amp;l=li2&amp;o=3&amp;a=B09PW6G8LP\" width=\"1\" height=\"1\" border=\"0\" alt=\"\" style=\"border:none !important; margin:0px !important;\"><\/center>\n\n\n\n<p><strong>Ideen f\u00fcr gemeinsame Familienabenteuer die kostenlos sind<\/strong><\/p>\n\n\n\n<p>Damit Dir niemals wieder die Ideen f\u00fcr gemeinsame Unternehmungen ausgehen&#8230;<\/p>\n\n\n\n<center><a href=\"https:\/\/www.amazon.de\/Heute-ist-Familienzeit-kleine-Abenteuer\/dp\/3742316923?__mk_de_DE=%C3%85M%C3%85%C5%BD%C3%95%C3%91&amp;crid=IVY0SEVTU3TR&amp;keywords=zeit+f%C3%BCr+familie&amp;qid=1660119181&amp;sprefix=zeit+f%C3%BCr+familie%2Caps%2C140&amp;sr=8-20&amp;linkCode=li2&amp;tag=biggamfisboa-21&amp;linkId=fdbde64bcab10b8e6364e3b413da20e7&amp;language=de_DE&amp;ref_=as_li_ss_il\" target=\"_blank\" rel=\"noopener\"><img decoding=\"async\" border=\"0\" src=\"\/\/ws-eu.amazon-adsystem.com\/widgets\/q?_encoding=UTF8&amp;ASIN=3742316923&amp;Format=_SL160_&amp;ID=AsinImage&amp;MarketPlace=DE&amp;ServiceVersion=20070822&amp;WS=1&amp;tag=biggamfisboa-21&amp;language=de_DE\"><\/a><img loading=\"lazy\" decoding=\"async\" src=\"https:\/\/ir-de.amazon-adsystem.com\/e\/ir?t=biggamfisboa-21&amp;language=de_DE&amp;l=li2&amp;o=3&amp;a=3742316923\" width=\"1\" height=\"1\" border=\"0\" alt=\"\" style=\"border:none !important; margin:0px !important;\">   <a href=\"https:\/\/www.amazon.de\/Die-Bucket-List-f%C3%BCr-Eltern\/dp\/3742308548?__mk_de_DE=%C3%85M%C3%85%C5%BD%C3%95%C3%91&amp;crid=IVY0SEVTU3TR&amp;keywords=zeit+f%C3%BCr+familie&amp;qid=1660119332&amp;sprefix=zeit+f%C3%BCr+familie%2Caps%2C140&amp;sr=8-29-spons&amp;psc=1&amp;spLa=ZW5jcnlwdGVkUXVhbGlmaWVyPUExMlAxOTBZNDJKTFlXJmVuY3J5cHRlZElkPUEwMzY4ODA0MkgyMlZOMVhVUExVUSZlbmNyeXB0ZWRBZElkPUEwOTQ0NDk0MksyRExBQ1pUMkVZSyZ3aWRnZXROYW1lPXNwX210ZiZhY3Rpb249Y2xpY2tSZWRpcmVjdCZkb05vdExvZ0NsaWNrPXRydWU%3D&amp;linkCode=li2&amp;tag=biggamfisboa-21&amp;linkId=621bcddcc30a354791a0a8dc230eb14a&amp;language=de_DE&amp;ref_=as_li_ss_il\" target=\"_blank\" rel=\"noopener\"><img decoding=\"async\" border=\"0\" src=\"\/\/ws-eu.amazon-adsystem.com\/widgets\/q?_encoding=UTF8&amp;ASIN=3742308548&amp;Format=_SL160_&amp;ID=AsinImage&amp;MarketPlace=DE&amp;ServiceVersion=20070822&amp;WS=1&amp;tag=biggamfisboa-21&amp;language=de_DE\"><\/a><img loading=\"lazy\" decoding=\"async\" src=\"https:\/\/ir-de.amazon-adsystem.com\/e\/ir?t=biggamfisboa-21&amp;language=de_DE&amp;l=li2&amp;o=3&amp;a=3742308548\" width=\"1\" height=\"1\" border=\"0\" alt=\"\" style=\"border:none !important; margin:0px !important;\"><\/center>","protected":false},"excerpt":{"rendered":"<p>Hast Du schon einmal einen Menschen verloren bei dem Du Dir w\u00fcnschst, mehr Zeit mit ihm verbracht zu haben? Ich schon. Irgendwann sind die Menschen weg die wir lieben. Das ist leider Fakt. Wir Menschen haben scheinbar so unglaublich viele, wichtige Termine. Immer auf dem Sprung, wir planen unsere Zeit&hellip;<\/p>\n<p> <a class=\"more-link\" href=\"https:\/\/rockyourgoal.de\/pl\/timeless-challenge\/beziehungen\/precious-time\/\">Dowiedz si\u0119 wi\u0119cej<\/a><\/p>","protected":false},"author":2,"featured_media":7337,"parent":12936,"menu_order":3,"comment_status":"open","ping_status":"closed","template":"","meta":{"pgc_sgb_lightbox_settings":"","_glsr_average":0,"_glsr_ranking":0,"_glsr_reviews":0,"footnotes":""},"class_list":["post-7301","page","type-page","status-publish","has-post-thumbnail"],"_links":{"self":[{"href":"https:\/\/rockyourgoal.de\/pl\/wp-json\/wp\/v2\/pages\/7301","targetHints":{"allow":["GET"]}}],"collection":[{"href":"https:\/\/rockyourgoal.de\/pl\/wp-json\/wp\/v2\/pages"}],"about":[{"href":"https:\/\/rockyourgoal.de\/pl\/wp-json\/wp\/v2\/types\/page"}],"author":[{"embeddable":true,"href":"https:\/\/rockyourgoal.de\/pl\/wp-json\/wp\/v2\/users\/2"}],"replies":[{"embeddable":true,"href":"https:\/\/rockyourgoal.de\/pl\/wp-json\/wp\/v2\/comments?post=7301"}],"version-history":[{"count":20,"href":"https:\/\/rockyourgoal.de\/pl\/wp-json\/wp\/v2\/pages\/7301\/revisions"}],"predecessor-version":[{"id":18361,"href":"https:\/\/rockyourgoal.de\/pl\/wp-json\/wp\/v2\/pages\/7301\/revisions\/18361"}],"up":[{"embeddable":true,"href":"https:\/\/rockyourgoal.de\/pl\/wp-json\/wp\/v2\/pages\/12936"}],"wp:featuredmedia":[{"embeddable":true,"href":"https:\/\/rockyourgoal.de\/pl\/wp-json\/wp\/v2\/media\/7337"}],"wp:attachment":[{"href":"https:\/\/rockyourgoal.de\/pl\/wp-json\/wp\/v2\/media?parent=7301"}],"curies":[{"name":"wp","href":"https:\/\/api.w.org\/{rel}","templated":true}]}}