{"id":6905,"date":"2023-01-16T07:00:00","date_gmt":"2023-01-16T06:00:00","guid":{"rendered":"https:\/\/rockyourgoal.de\/?page_id=6905"},"modified":"2025-01-09T12:13:05","modified_gmt":"2025-01-09T11:13:05","slug":"captive-audience","status":"publish","type":"page","link":"https:\/\/rockyourgoal.de\/pl\/timeless-challenge\/beziehungen\/captive-audience\/","title":{"rendered":"Captive Audience &#8211; Fesselnde Kommunikation"},"content":{"rendered":"<p>Du kennst bestimmt Menschen auf die man sich jedes Mal wieder freut. Mit solchen Menschen genie\u00dft man jede Minute, denn Zeit mit diesen Menschen ist echte &#8222;Quality Time&#8220;. Die Zeit mit solchen Menschen ist interessant, spannend und angenehm. <\/p>\n\n\n\n<p>Aber woran liegt das? <\/p>\n\n\n\n<p>Paul Watzlawick sagte mal &#8222;<em>Du kannst nicht nicht kommunizieren!<\/em>&#8222;. Und genau dieser Umstand ist es, der einen Menschen interessant, sympathisch und die Zeit mit ihm begehrenswert macht. <\/p>\n\n\n\n<p>Ein Mensch kommuniziert aber nicht nur mit Worten. Auch die Mimik des Gesichtes, Gesten sowie die Haltung tragen zur Kommunikation bei. <\/p>\n\n\n<div class=\"wp-block-image\">\n<figure class=\"aligncenter size-full is-resized\"><a href=\"https:\/\/rockyourgoal.de\/wp-content\/uploads\/2022\/05\/captive-audience.jpg\"><img loading=\"lazy\" decoding=\"async\" width=\"960\" height=\"720\" src=\"https:\/\/rockyourgoal.de\/wp-content\/uploads\/2022\/05\/captive-audience.jpg\" alt=\"\" class=\"wp-image-6912\" style=\"width:407px;height:305px\" srcset=\"https:\/\/rockyourgoal.de\/wp-content\/uploads\/2022\/05\/captive-audience.jpg 960w, https:\/\/rockyourgoal.de\/wp-content\/uploads\/2022\/05\/captive-audience-300x225.jpg 300w, https:\/\/rockyourgoal.de\/wp-content\/uploads\/2022\/05\/captive-audience-768x576.jpg 768w, https:\/\/rockyourgoal.de\/wp-content\/uploads\/2022\/05\/captive-audience-16x12.jpg 16w, https:\/\/rockyourgoal.de\/wp-content\/uploads\/2022\/05\/captive-audience-850x638.jpg 850w\" sizes=\"auto, (max-width: 960px) 100vw, 960px\" \/><\/a><\/figure>\n<\/div>\n\n\n<p>Das bedeutet, dass eine gute Kommunikation von <\/p>\n\n\n\n<ul class=\"wp-block-list\">\n<li>dem Inhalt des Gesagten,<\/li>\n\n\n\n<li>dem Zuh\u00f6ren,<\/li>\n\n\n\n<li>einer offener, respektvollen Haltung,<\/li>\n\n\n\n<li>Innehalten bei Irritationen<\/li>\n\n\n\n<li>einer ehrlichen Mimik und<\/li>\n\n\n\n<li>authentischen Aussagen<\/li>\n<\/ul>\n\n\n\n<p>abh\u00e4ngt. <\/p>\n\n\n\n<p>Das bedeutet aber auch, dass jeder eine gute Kommunikation lernen kann. Und das ist der Grund und der Sinn der &#8222;Captive Audience Challenge&#8220;. Du sollst Deine Kommunikation verbessern, bis Du Deine Zuh\u00f6rer im positiven Sinne gefangen h\u00e4ltst. Das Ziel ist es, dass beide Parteien, also Du und Deine Zuh\u00f6rer eine interessante und werthaltige Zeit miteinander verbringt und die Zeit nicht mit langweiligen Phrasen tot schlagt. <\/p>\n\n\n<div class=\"wp-block-image\">\n<figure class=\"aligncenter\"><a href=\"https:\/\/rockyourgoal.de\/pl\/timeless-challenge\/#Anmeldung_und_Leistungsumfang\"><img loading=\"lazy\" decoding=\"async\" width=\"300\" height=\"145\" src=\"https:\/\/rockyourgoal.de\/wp-content\/uploads\/2022\/12\/image-1.png\" alt=\"\" class=\"wp-image-10083\" srcset=\"https:\/\/rockyourgoal.de\/wp-content\/uploads\/2022\/12\/image-1.png 300w, https:\/\/rockyourgoal.de\/wp-content\/uploads\/2022\/12\/image-1-18x9.png 18w\" sizes=\"auto, (max-width: 300px) 100vw, 300px\" \/><\/a><figcaption class=\"wp-element-caption\">Die Captive Audience Challenge geh\u00f6rt zur Timeless Challenge. Mach mit!<\/figcaption><\/figure>\n<\/div>\n\n\n<p><strong><em>Folge uns und bleib informiert!<\/em><\/strong><\/p>\n\n\n\n<ul class=\"wp-block-list\">\n<li><strong>Instagram<\/strong>:&nbsp;<a rel=\"noreferrer noopener\" href=\"https:\/\/www.instagram.com\/timeless_challenge\" target=\"_blank\">@timeless_challenge<\/a><\/li>\n\n\n\n<li><strong>Facebook<\/strong>:&nbsp;<a rel=\"noreferrer noopener\" href=\"https:\/\/www.facebook.com\/rockyourgoal\" target=\"_blank\">Rockyourgoal<\/a><\/li>\n\n\n\n<li><strong>Twitter<\/strong>:&nbsp;<a rel=\"noreferrer noopener\" href=\"https:\/\/www.twitter.com\/goal_rock\" target=\"_blank\">@goal_rock<\/a><\/li>\n<\/ul>\n\n\n\n<h2 class=\"wp-block-heading\">Wie funktioniert eine gute Kommunikation?<\/h2>\n\n\n\n<ul class=\"wp-block-list\">\n<li>Keine ungebetenen Ratschl\u00e4ge erteilen.<\/li>\n\n\n\n<li>Nicht von sich sich auf die Allgemeinheit schlie\u00dfen.<\/li>\n\n\n\n<li>Lass andere Menschen ausreden.<\/li>\n\n\n\n<li>Vermeide Monologe.<\/li>\n\n\n\n<li>Melde Redebedarf an.<\/li>\n\n\n\n<li>Triff pers\u00f6nliche Aussagen statt zu fragen.<\/li>\n\n\n\n<li>Sende Ich-Botschaften (z.B. &#8222;Ich konnte in letzter Zeit beobachten, dass&#8230;..&#8220;).<\/li>\n\n\n\n<li>Sprich andere direkt an.<\/li>\n\n\n\n<li>Sprich nur, wenn Du das Wort hast.<\/li>\n\n\n\n<li>R\u00fccksichtnahme \u00fcben.<\/li>\n<\/ul>\n\n\n\n<p>Dies sind ein paar Beispiele was Du an Deiner Kommunikation verbessern kannst, aber da gibt es so viel mehr!<\/p>\n\n\n\n<h2 class=\"wp-block-heading\">Wie funktioniert die Captive Audience Challenge?<\/h2>\n\n\n\n<p>Als ersten Schritt empfehlen wir Dir ein gutes Buch zu lesen \u00fcber eine gute Kommunikation. Du musst zuerst wissen wie das &#8222;Soll&#8220; ist, bevor Du Dich verbessern kannst. Beispiele f\u00fcr gute Kommunikationsb\u00fccher findest Du am Ende dieser Seite. <\/p>\n\n\n\n<p>Sobald Du wei\u00dft was Du in Deiner Kommunikation verbessern kannst, such Dir den wichtigsten Punkt raus. Arbeite an diesem 30 Tage lang bewusst und versuch jeden Tag etwas besser zu werden. <\/p>\n\n\n\n<p>Sobald Du dies geschafft hast, hast Du Dir die ersten Life-Score Punkte verdient. Aber jetzt hast Du eigentlich erst angefangen. Mach weiter! Wenn Du meinst, Du beherrschst Deinen ersten Punkt sehr gut, dann lerne und \u00fcbe die n\u00e4chsten 30 Tage die n\u00e4chste, kommunikative Fertigkeit. Und dann im n\u00e4chsten Monat nochmal eine neue usw. Du bekommst f\u00fcr jeden Monat Life-Score Punkte, bis zu einem Jahr. Dann m\u00fcsstest Du auf einem ganz anderen Level in Deiner Kommunikation angekommen sein. Und Dein Umfeld hat das bestimmt schon l\u00e4ngst bemerkt. <\/p>\n\n\n\n<h2 class=\"wp-block-heading\">So kannst Du bei der Captive Audience Challenge mitmachen<\/h2>\n\n\n\n<ul class=\"wp-block-list\">\n<li><a href=\"https:\/\/rockyourgoal.de\/pl\/timeless-challenge\/#Anmeldung_und_Leistungsumfang\">Melde Dich bei der Timeless Challenge an!<\/a><\/li>\n\n\n\n<li><a href=\"https:\/\/rockyourgoal.de\/pl\/wb-admin\/?action=register\">Registriere Dich (falls noch nicht geschehen) bei dieser Seite (klick auf diesen Satz)<\/a><\/li>\n\n\n\n<li>Jetzt hei\u00dft es flei\u00dfig sein! Lerne mindestens 30 Tage lang Deine Kommunikation zu verbessern.<\/li>\n\n\n\n<li>Wenn Du 30 Tage lang an Deinen kommunikativen F\u00e4higkeiten gearbeitet hast, dann f\u00fcll bitte das untere Formular (nur sichtbar wenn Du registriert und angemeldet bist) aus. Wir schicken Dir die Murmel zu. Die Life Score Points werden Dir automatisch gutgeschrieben und im\u00a0<a href=\"https:\/\/rockyourgoal.de\/pl\/timeless-challenge\/#Life_Museum\">Life Museum<\/a>\u00a0erg\u00e4nzt. Bitte schreibe Deine Lieferadresse in die \u201eNotes\u201c im Formular.<\/li>\n<\/ul>\n\n\n\n\n\n\n<h2 class=\"wp-block-heading\">Life-Score Punkte f\u00fcr die Captive Audience Challenge<\/h2>\n\n\n<div class=\"wp-block-image\">\n<figure class=\"aligncenter size-medium\"><a href=\"https:\/\/rockyourgoal.de\/wp-content\/uploads\/2022\/08\/LSP-Beziehungen-1.png\"><img loading=\"lazy\" decoding=\"async\" width=\"300\" height=\"300\" src=\"https:\/\/rockyourgoal.de\/wp-content\/uploads\/2022\/08\/LSP-Beziehungen-1-300x300.png\" alt=\"\" class=\"wp-image-8294\" srcset=\"https:\/\/rockyourgoal.de\/wp-content\/uploads\/2022\/08\/LSP-Beziehungen-1-300x300.png 300w, https:\/\/rockyourgoal.de\/wp-content\/uploads\/2022\/08\/LSP-Beziehungen-1-150x150.png 150w, https:\/\/rockyourgoal.de\/wp-content\/uploads\/2022\/08\/LSP-Beziehungen-1-768x769.png 768w, https:\/\/rockyourgoal.de\/wp-content\/uploads\/2022\/08\/LSP-Beziehungen-1-12x12.png 12w, https:\/\/rockyourgoal.de\/wp-content\/uploads\/2022\/08\/LSP-Beziehungen-1-850x851.png 850w, https:\/\/rockyourgoal.de\/wp-content\/uploads\/2022\/08\/LSP-Beziehungen-1.png 1000w\" sizes=\"auto, (max-width: 300px) 100vw, 300px\" \/><\/a><figcaption class=\"wp-element-caption\">Verdien Dir die sch\u00f6ne Murmel und Life-Score-Punkte in &#8222;rot&#8220;<\/figcaption><\/figure>\n<\/div>\n\n\n<p>F\u00fcr jeden Monat in dem Du Deine Kommunikation aktiv verbesserst (mit einem klaren Ziel), erh\u00e4ltst Du von uns 10 Life-Score Punkte und der sch\u00f6nen, roten Murmel (Bereich &#8222;Beziehungen&#8220;) mit einem Durchmesser von 16mm. Aber Du kannst nat\u00fcrlich viele Monate an Dir arbeiten und dann die Life Score Points bekommen. <\/p>\n\n\n\n<h2 class=\"wp-block-heading\">Die Captive Audience Challenge auf Social Media<\/h2>\n\n\n\n<p>Vielleicht m\u00f6chtest Du \u00fcber Deine Erfahrungen mit der Captive Audience Challenge berichten und andere inspirieren. Daf\u00fcr bieten wir Dir vielf\u00e4ltige M\u00f6glichkeiten. Die beste M\u00f6glichkeit ist aber die pers\u00f6nliche Kommunikation \ud83d\ude09<\/p>\n\n\n\n<h3 class=\"wp-block-heading\">Die Captive Audience Challenge auf Facebook<\/h3>\n\n\n\n<p>Du kannst Dich \u00fcber Kommunikation auf unserer Facebook Seite &#8222;Beziehungen&#8220; austauschen. <\/p>\n\n\n\n<h3 class=\"wp-block-heading\">Unsere Hashtags<\/h3>\n\n\n\n<ul class=\"wp-block-list\">\n<li>#timelesschallenge<\/li>\n\n\n\n<li>#tccaptiveaudience<\/li>\n\n\n\n<li>#timelesschallenger<\/li>\n<\/ul>","protected":false},"excerpt":{"rendered":"<p>Du kennst bestimmt Menschen auf die man sich jedes Mal wieder freut. Mit solchen Menschen genie\u00dft man jede Minute, denn Zeit mit diesen Menschen ist echte &#8222;Quality Time&#8220;. Die Zeit mit solchen Menschen ist interessant, spannend und angenehm. Aber woran liegt das? Paul Watzlawick sagte mal &#8222;Du kannst nicht nicht&hellip;<\/p>\n<p> <a class=\"more-link\" href=\"https:\/\/rockyourgoal.de\/pl\/timeless-challenge\/beziehungen\/captive-audience\/\">Dowiedz si\u0119 wi\u0119cej<\/a><\/p>","protected":false},"author":2,"featured_media":6923,"parent":12936,"menu_order":0,"comment_status":"open","ping_status":"closed","template":"","meta":{"pgc_sgb_lightbox_settings":"","_glsr_average":0,"_glsr_ranking":0,"_glsr_reviews":0,"footnotes":""},"class_list":["post-6905","page","type-page","status-publish","has-post-thumbnail"],"_links":{"self":[{"href":"https:\/\/rockyourgoal.de\/pl\/wp-json\/wp\/v2\/pages\/6905","targetHints":{"allow":["GET"]}}],"collection":[{"href":"https:\/\/rockyourgoal.de\/pl\/wp-json\/wp\/v2\/pages"}],"about":[{"href":"https:\/\/rockyourgoal.de\/pl\/wp-json\/wp\/v2\/types\/page"}],"author":[{"embeddable":true,"href":"https:\/\/rockyourgoal.de\/pl\/wp-json\/wp\/v2\/users\/2"}],"replies":[{"embeddable":true,"href":"https:\/\/rockyourgoal.de\/pl\/wp-json\/wp\/v2\/comments?post=6905"}],"version-history":[{"count":17,"href":"https:\/\/rockyourgoal.de\/pl\/wp-json\/wp\/v2\/pages\/6905\/revisions"}],"predecessor-version":[{"id":18200,"href":"https:\/\/rockyourgoal.de\/pl\/wp-json\/wp\/v2\/pages\/6905\/revisions\/18200"}],"up":[{"embeddable":true,"href":"https:\/\/rockyourgoal.de\/pl\/wp-json\/wp\/v2\/pages\/12936"}],"wp:featuredmedia":[{"embeddable":true,"href":"https:\/\/rockyourgoal.de\/pl\/wp-json\/wp\/v2\/media\/6923"}],"wp:attachment":[{"href":"https:\/\/rockyourgoal.de\/pl\/wp-json\/wp\/v2\/media?parent=6905"}],"curies":[{"name":"wp","href":"https:\/\/api.w.org\/{rel}","templated":true}]}}