{"id":6644,"date":"2022-10-31T07:00:00","date_gmt":"2022-10-31T06:00:00","guid":{"rendered":"https:\/\/rockyourgoal.de\/?page_id=6644"},"modified":"2025-01-09T10:44:28","modified_gmt":"2025-01-09T09:44:28","slug":"animal-shelter-angel","status":"publish","type":"page","link":"https:\/\/rockyourgoal.de\/pl\/timeless-challenge\/beziehungen\/animal-shelter-angel\/","title":{"rendered":"Animal Shelter Angel &#8211; Tierheime unterst\u00fctzen"},"content":{"rendered":"<p>In Tierheimen landen Tiere die sehr viel Leid mitgemacht haben. Hunde die noch wenige Tage davor ein zu Hause hatten und dann auf einer Autobahnrastst\u00e4tte angebunden wurden und zusehen mussten, wie ihr Herrchen ohne sie weg f\u00e4hrt. Katzen die zu Hause nicht mehr willkommen sind, aber auch viele verletzte Tiere die wieder aufgep\u00e4ppelt und gesund gepflegt werden. <\/p>\n\n\n\n<p>Tierheime brauchen Unterst\u00fctzung und sind \u00fcber Hilfe in jeglicher Form sehr dankbar. Jeder mit einem guten Herzen und etwas Willen findet eine M\u00f6glichkeit das Tierheim um die Ecke zu unterst\u00fctzen und wir wollen daf\u00fcr mit unseren Life-Score Punkten den Ausl\u00f6ser liefern. <\/p>\n\n\n\n<p>Diese Challenge ist ebenfalls ein Teil der Timeless Challenge!<\/p>\n\n\n<div class=\"wp-block-image\">\n<figure class=\"aligncenter\"><a href=\"https:\/\/rockyourgoal.de\/pl\/timeless-challenge\/#Anmeldung_und_Leistungsumfang\"><img loading=\"lazy\" decoding=\"async\" width=\"300\" height=\"145\" src=\"https:\/\/rockyourgoal.de\/wp-content\/uploads\/2022\/11\/image.png\" alt=\"\" class=\"wp-image-9693\" srcset=\"https:\/\/rockyourgoal.de\/wp-content\/uploads\/2022\/11\/image.png 300w, https:\/\/rockyourgoal.de\/wp-content\/uploads\/2022\/11\/image-18x9.png 18w\" sizes=\"auto, (max-width: 300px) 100vw, 300px\" \/><\/a><figcaption class=\"wp-element-caption\"><a href=\"https:\/\/rockyourgoal.de\/pl\/timeless-challenge\/#Anmeldung_und_Leistungsumfang\">Die Animal Shelter Angel Challenge ist Teil der Timeless Challenge. Mach mit!<\/a><\/figcaption><\/figure>\n<\/div>\n\n\n<blockquote class=\"wp-block-quote is-layout-flow wp-block-quote-is-layout-flow\">\n<p><em>Ich glaube daran, dass jeder Mensch mit seinen Handlungen die Welt ver\u00e4ndern kann! Mach Dein Leben durch sinnvolle Aktionen (Challenges) zu etwas Besonderem und Dauerhaftem! Mach Dich unsterblich!<\/em><\/p>\n\n\n\n<p><em>Wir wollen&nbsp;<a rel=\"noreferrer noopener\" href=\"https:\/\/rockyourgoal.de\/pl\/big5forlife\/trees4breeze\/\" target=\"_blank\">eine Million B\u00e4ume weltweit pflanzen<\/a>&nbsp;ohne um Spenden zu betteln!<\/em> Uwe Kauntz<\/p>\n<\/blockquote>\n\n\n\n<p><strong><em>Folge uns und bleib informiert!<\/em><\/strong><\/p>\n\n\n\n<ul class=\"wp-block-list\">\n<li><strong>Instagram<\/strong>:&nbsp;<a rel=\"noreferrer noopener\" href=\"https:\/\/www.instagram.com\/timeless_challenge\" target=\"_blank\">@timeless_challenge<\/a><\/li>\n\n\n\n<li><strong>Facebook<\/strong>:&nbsp;<a rel=\"noreferrer noopener\" href=\"https:\/\/www.facebook.com\/rockyourgoal\" target=\"_blank\">Rockyourgoal<\/a><\/li>\n\n\n\n<li><strong>Twitter<\/strong>:&nbsp;<a rel=\"noreferrer noopener\" href=\"https:\/\/www.twitter.com\/goal_rock\" target=\"_blank\">@goal_rock<\/a><\/li>\n<\/ul>\n\n\n\n<p>Wir wissen, dass tausende Menschen ehrenamtlich ohne irgendwelche Punkte oder Murmeln Tierheime unterst\u00fctzen, denn die Sache an sich steht bei diesen Menschen im Vordergrund. Wir sehen unsere Murmeln und Life-Score Punkte lediglich als kleinen Schubs und als Dankesch\u00f6n diese Aktion (eine Challenge ist es nicht) sowie als Idee die Tierheime zu unterst\u00fctzen und sind davon \u00fcberzeugt, dass wir damit ebenfalls die gute Sachen in den Vordergrund stellen!<\/p>\n\n\n<div class=\"wp-block-image\">\n<figure class=\"aligncenter size-full is-resized\"><a href=\"https:\/\/rockyourgoal.de\/wp-content\/uploads\/2022\/04\/tierheim-unterstuetzen.jpg\"><img loading=\"lazy\" decoding=\"async\" width=\"960\" height=\"643\" src=\"https:\/\/rockyourgoal.de\/wp-content\/uploads\/2022\/04\/tierheim-unterstuetzen.jpg\" alt=\"\" class=\"wp-image-6647\" style=\"width:482px;height:322px\" srcset=\"https:\/\/rockyourgoal.de\/wp-content\/uploads\/2022\/04\/tierheim-unterstuetzen.jpg 960w, https:\/\/rockyourgoal.de\/wp-content\/uploads\/2022\/04\/tierheim-unterstuetzen-300x201.jpg 300w, https:\/\/rockyourgoal.de\/wp-content\/uploads\/2022\/04\/tierheim-unterstuetzen-768x514.jpg 768w, https:\/\/rockyourgoal.de\/wp-content\/uploads\/2022\/04\/tierheim-unterstuetzen-18x12.jpg 18w, https:\/\/rockyourgoal.de\/wp-content\/uploads\/2022\/04\/tierheim-unterstuetzen-850x569.jpg 850w\" sizes=\"auto, (max-width: 960px) 100vw, 960px\" \/><\/a><\/figure>\n<\/div>\n\n\n<h2 class=\"wp-block-heading\">Wie kann man Tierheime unterst\u00fctzen?<\/h2>\n\n\n\n<ul class=\"wp-block-list\">\n<li>Du kannst in den Tierh\u00e4usern kr\u00e4ftig anpacken.  z. B. bei der allgemeinen Versorgung der Tiere oder beim Reinigen der Gehege und Stallungen<\/li>\n\n\n\n<li>Gassi Gehen mit den Hunden<\/li>\n\n\n\n<li>Nachkontrollen im Bereich der Tiervermittlung durchf\u00fchren<\/li>\n\n\n\n<li>Unterst\u00fctzung bei einem der vielen Tierheim-Feste<\/li>\n\n\n\n<li>Geldspenden<\/li>\n\n\n\n<li>Sachspenden<\/li>\n\n\n\n<li>u.v.m.<\/li>\n<\/ul>\n\n\n\n<h2 class=\"wp-block-heading\">Wie funktioniert <em>Animal Shelter Angel?<\/em><\/h2>\n\n\n\n<p>Du entschlie\u00dft Dich ein Tierheim zu unterst\u00fctzen? Du wirst f\u00fcr die Tiere damit ein Engel der an sie denkt und ihnen hilft. Du musst nicht reich sein, denn helfen kannst Du am Besten mit Deiner Zeit und Deinem Einsatz vor Ort. Du wirst sehen wie viel Gl\u00fcck Du in Augen von Tieren sehen kannst wenn Du Dich mit ihnen besch\u00e4ftigst. <\/p>\n\n\n\n<p>Aber auch Sachspenden wie z.B. Futterspenden, Decken etc. sind bei Tierheimen herzlich willkommen. Hierzu solltest Du jedoch zwingend R\u00fccksprache mit dem Tierheim halten, damit diese auch die Dinge erhalten die wirklich ben\u00f6tigt werden. <\/p>\n\n\n\n<p>Nat\u00fcrlich kannst Du auch mit Geldspenden helfen. <\/p>\n\n\n\n<p>Ganz egal wie Du hilfst, Du hast Dir Life-Score Punkte daf\u00fcr verdient. Uns ist bewusst, dass unsere Life-Score Punkte nicht dein Hauptlohn sein werden, denn Tiere sind vorbehaltlos dankbar und zeigen dies auch. Aber vielleicht sind die Life-Score Punkte und diese &#8222;Challenge&#8220; f\u00fcr Dich der Ausl\u00f6ser mal im Tierheim zu helfen. Dann haben wir alles richtig gemacht!<\/p>\n\n\n\n<h2 class=\"wp-block-heading\">Life-Score Punkte f\u00fcr <em>Animal Shelter Angel<\/em><\/h2>\n\n\n\n<p>Wir haben lange \u00fcberlegt wie wir Deinen Einsatz im und f\u00fcr ein Tierheim belohnen k\u00f6nnen und sind zu folgendem Ergebnis gekommen:<\/p>\n\n\n<div class=\"wp-block-image\">\n<figure class=\"aligncenter size-thumbnail\"><a href=\"https:\/\/rockyourgoal.de\/pl\/timeless-challenge\/\"><img loading=\"lazy\" decoding=\"async\" width=\"150\" height=\"150\" src=\"https:\/\/rockyourgoal.de\/wp-content\/uploads\/2022\/08\/LSP-Beziehungen-1-150x150.png\" alt=\"\" class=\"wp-image-8294\" srcset=\"https:\/\/rockyourgoal.de\/wp-content\/uploads\/2022\/08\/LSP-Beziehungen-1-150x150.png 150w, https:\/\/rockyourgoal.de\/wp-content\/uploads\/2022\/08\/LSP-Beziehungen-1-300x300.png 300w, https:\/\/rockyourgoal.de\/wp-content\/uploads\/2022\/08\/LSP-Beziehungen-1-768x769.png 768w, https:\/\/rockyourgoal.de\/wp-content\/uploads\/2022\/08\/LSP-Beziehungen-1-12x12.png 12w, https:\/\/rockyourgoal.de\/wp-content\/uploads\/2022\/08\/LSP-Beziehungen-1-850x851.png 850w, https:\/\/rockyourgoal.de\/wp-content\/uploads\/2022\/08\/LSP-Beziehungen-1.png 1000w\" sizes=\"auto, (max-width: 150px) 100vw, 150px\" \/><\/a><figcaption class=\"wp-element-caption\">Neben gl\u00fccklichen Tieren kannst Du mit dieser Aktion auch die Life-Score Punkte und Murmel in ROT erreichen<\/figcaption><\/figure>\n<\/div>\n\n\n<figure class=\"wp-block-table\"><table><tbody><tr><td><strong>Logo<\/strong><\/td><td><strong>Name<\/strong><\/td><td><strong>Life-Score Punkte<\/strong><\/td><td><strong>Anmerkung<\/strong><\/td><\/tr><tr><td><img loading=\"lazy\" decoding=\"async\" width=\"150\" height=\"111\" class=\"wp-image-6713\" style=\"width: 150px;\" src=\"http:\/\/rockyourgoal.de\/wp-content\/uploads\/2022\/04\/animal-shelter-angel-logo.png\" alt=\"\" srcset=\"https:\/\/rockyourgoal.de\/wp-content\/uploads\/2022\/04\/animal-shelter-angel-logo.png 4024w, https:\/\/rockyourgoal.de\/wp-content\/uploads\/2022\/04\/animal-shelter-angel-logo-300x222.png 300w, https:\/\/rockyourgoal.de\/wp-content\/uploads\/2022\/04\/animal-shelter-angel-logo-1024x757.png 1024w, https:\/\/rockyourgoal.de\/wp-content\/uploads\/2022\/04\/animal-shelter-angel-logo-768x568.png 768w, https:\/\/rockyourgoal.de\/wp-content\/uploads\/2022\/04\/animal-shelter-angel-logo-1536x1136.png 1536w, https:\/\/rockyourgoal.de\/wp-content\/uploads\/2022\/04\/animal-shelter-angel-logo-2048x1514.png 2048w, https:\/\/rockyourgoal.de\/wp-content\/uploads\/2022\/04\/animal-shelter-angel-logo-16x12.png 16w, https:\/\/rockyourgoal.de\/wp-content\/uploads\/2022\/04\/animal-shelter-angel-logo-850x628.png 850w\" sizes=\"auto, (max-width: 150px) 100vw, 150px\" \/><\/td><td>Animal Shelter Angel vor Ort Einsatz<\/td><td>5 Punkte pro Stunde<\/td><td><\/td><\/tr><tr><td><img loading=\"lazy\" decoding=\"async\" width=\"150\" height=\"111\" class=\"wp-image-6713\" style=\"width: 150px;\" src=\"http:\/\/rockyourgoal.de\/wp-content\/uploads\/2022\/04\/animal-shelter-angel-logo.png\" alt=\"\" srcset=\"https:\/\/rockyourgoal.de\/wp-content\/uploads\/2022\/04\/animal-shelter-angel-logo.png 4024w, https:\/\/rockyourgoal.de\/wp-content\/uploads\/2022\/04\/animal-shelter-angel-logo-300x222.png 300w, https:\/\/rockyourgoal.de\/wp-content\/uploads\/2022\/04\/animal-shelter-angel-logo-1024x757.png 1024w, https:\/\/rockyourgoal.de\/wp-content\/uploads\/2022\/04\/animal-shelter-angel-logo-768x568.png 768w, https:\/\/rockyourgoal.de\/wp-content\/uploads\/2022\/04\/animal-shelter-angel-logo-1536x1136.png 1536w, https:\/\/rockyourgoal.de\/wp-content\/uploads\/2022\/04\/animal-shelter-angel-logo-2048x1514.png 2048w, https:\/\/rockyourgoal.de\/wp-content\/uploads\/2022\/04\/animal-shelter-angel-logo-16x12.png 16w, https:\/\/rockyourgoal.de\/wp-content\/uploads\/2022\/04\/animal-shelter-angel-logo-850x628.png 850w\" sizes=\"auto, (max-width: 150px) 100vw, 150px\" \/><\/td><td>Animal Shelter Angel  &#8211; Sachspende<\/td><td>5 Punkte pro 10,- EUR Wert<\/td><td><\/td><\/tr><tr><td><img loading=\"lazy\" decoding=\"async\" width=\"150\" height=\"111\" class=\"wp-image-6713\" style=\"width: 150px;\" src=\"http:\/\/rockyourgoal.de\/wp-content\/uploads\/2022\/04\/animal-shelter-angel-logo.png\" alt=\"\" srcset=\"https:\/\/rockyourgoal.de\/wp-content\/uploads\/2022\/04\/animal-shelter-angel-logo.png 4024w, https:\/\/rockyourgoal.de\/wp-content\/uploads\/2022\/04\/animal-shelter-angel-logo-300x222.png 300w, https:\/\/rockyourgoal.de\/wp-content\/uploads\/2022\/04\/animal-shelter-angel-logo-1024x757.png 1024w, https:\/\/rockyourgoal.de\/wp-content\/uploads\/2022\/04\/animal-shelter-angel-logo-768x568.png 768w, https:\/\/rockyourgoal.de\/wp-content\/uploads\/2022\/04\/animal-shelter-angel-logo-1536x1136.png 1536w, https:\/\/rockyourgoal.de\/wp-content\/uploads\/2022\/04\/animal-shelter-angel-logo-2048x1514.png 2048w, https:\/\/rockyourgoal.de\/wp-content\/uploads\/2022\/04\/animal-shelter-angel-logo-16x12.png 16w, https:\/\/rockyourgoal.de\/wp-content\/uploads\/2022\/04\/animal-shelter-angel-logo-850x628.png 850w\" sizes=\"auto, (max-width: 150px) 100vw, 150px\" \/><\/td><td>Animal Shelter Angel &#8211; Geldspende<\/td><td>5 Punkte pro 10,- EUR Spende<\/td><td><\/td><\/tr><\/tbody><\/table><\/figure>\n\n\n\n<h3 class=\"wp-block-heading\">Murmeln f\u00fcr Animal Shelter Angel<\/h3>\n\n\n\n<p>F\u00fcr <em>Animal Shelter Angel<\/em> kannst Du die wundersch\u00f6nen Murmeln in rot bekommen. <\/p>\n\n\n\n<p>Eine rote Murmel mit einem Durchmesser von 16mm<\/p>\n\n\n\n<ul class=\"wp-block-list\"><\/ul>\n\n\n\n<p>Wenn Du die Murmel(n) haben m\u00f6chtest, dann lies bitte weiter<\/p>\n\n\n\n<h2 class=\"wp-block-heading\">Wie kannst Du bei der Animal Shelter Angel Aktion mitmachen?<\/h2>\n\n\n\n<ul class=\"wp-block-list\">\n<li>Wenn Du das Tierheim nach Deinen Vorlieben unterst\u00fctzt hast, dann f\u00fcll bitte das untere Formular aus, mit der Mitteilung, dass Du die Challenge geschafft hast. Wir schicken Dir die wohlverdienten Life-Score Punkte und die Murmel zu. <\/li>\n\n\n\n<li><a href=\"https:\/\/rockyourgoal.de\/pl\/timeless-challenge\/#Anmeldung_und_Leistungsumfang\">Melde Dich bei der Timeless Challenge an!<\/a><\/li>\n\n\n\n<li><a href=\"https:\/\/rockyourgoal.de\/pl\/wb-admin\/?action=register\">Registriere Dich (falls noch nicht geschehen) bei dieser Seite (klick auf diesen Satz)<\/a><\/li>\n\n\n\n<li>Wenn Du das Tierheim nach Deinen Vorlieben unterst\u00fctzt hast, dann..<\/li>\n\n\n\n<li>F\u00fcll bitte das untere Formular (nur sichtbar wenn Du registriert und angemeldet bist) aus. Wir schicken Dir die Murmel zu. Die Life Score Points werden Dir automatisch gutgeschrieben und im\u00a0<a href=\"https:\/\/rockyourgoal.de\/pl\/timeless-challenge\/#Life_Museum\">Life Museum<\/a>\u00a0erg\u00e4nzt. Bitte schreibe Deine Lieferadresse in die \u201eNotes\u201c im Formular.<\/li>\n<\/ul>\n\n\n\n\n\n\n<h2 class=\"wp-block-heading\">Animal Shelter Angel in Social Media<\/h2>\n\n\n\n<p>Tue Gutes und inspirier Andere es Dir gleich zu tun! Das kannst Du (wenn Du willst) hervorragend \u00fcber Social Media tun. <\/p>\n\n\n\n<h3 class=\"wp-block-heading\">Animal Shelter Angel auf Facebook<\/h3>\n\n\n\n<p>Wir laden Dich herzlich in unsere Facebook Gruppe &#8222;Beziehungen&#8220; ein. Hier kannst Du Dich mit Anderen austauschen. <\/p>\n\n\n\n<h3 class=\"wp-block-heading\">Unsere Hashtags<\/h3>\n\n\n\n<ul class=\"wp-block-list\">\n<li>#timelesschallenge<\/li>\n\n\n\n<li>#tcanimalshelterangel<\/li>\n\n\n\n<li>#timelesschallenger<\/li>\n<\/ul>","protected":false},"excerpt":{"rendered":"<p>In Tierheimen landen Tiere die sehr viel Leid mitgemacht haben. Hunde die noch wenige Tage davor ein zu Hause hatten und dann auf einer Autobahnrastst\u00e4tte angebunden wurden und zusehen mussten, wie ihr Herrchen ohne sie weg f\u00e4hrt. Katzen die zu Hause nicht mehr willkommen sind, aber auch viele verletzte Tiere&hellip;<\/p>\n<p> <a class=\"more-link\" href=\"https:\/\/rockyourgoal.de\/pl\/timeless-challenge\/beziehungen\/animal-shelter-angel\/\">Dowiedz si\u0119 wi\u0119cej<\/a><\/p>","protected":false},"author":2,"featured_media":6713,"parent":12936,"menu_order":0,"comment_status":"open","ping_status":"closed","template":"","meta":{"pgc_sgb_lightbox_settings":"","_glsr_average":0,"_glsr_ranking":0,"_glsr_reviews":0,"footnotes":""},"class_list":["post-6644","page","type-page","status-publish","has-post-thumbnail"],"_links":{"self":[{"href":"https:\/\/rockyourgoal.de\/pl\/wp-json\/wp\/v2\/pages\/6644","targetHints":{"allow":["GET"]}}],"collection":[{"href":"https:\/\/rockyourgoal.de\/pl\/wp-json\/wp\/v2\/pages"}],"about":[{"href":"https:\/\/rockyourgoal.de\/pl\/wp-json\/wp\/v2\/types\/page"}],"author":[{"embeddable":true,"href":"https:\/\/rockyourgoal.de\/pl\/wp-json\/wp\/v2\/users\/2"}],"replies":[{"embeddable":true,"href":"https:\/\/rockyourgoal.de\/pl\/wp-json\/wp\/v2\/comments?post=6644"}],"version-history":[{"count":22,"href":"https:\/\/rockyourgoal.de\/pl\/wp-json\/wp\/v2\/pages\/6644\/revisions"}],"predecessor-version":[{"id":18173,"href":"https:\/\/rockyourgoal.de\/pl\/wp-json\/wp\/v2\/pages\/6644\/revisions\/18173"}],"up":[{"embeddable":true,"href":"https:\/\/rockyourgoal.de\/pl\/wp-json\/wp\/v2\/pages\/12936"}],"wp:featuredmedia":[{"embeddable":true,"href":"https:\/\/rockyourgoal.de\/pl\/wp-json\/wp\/v2\/media\/6713"}],"wp:attachment":[{"href":"https:\/\/rockyourgoal.de\/pl\/wp-json\/wp\/v2\/media?parent=6644"}],"curies":[{"name":"wp","href":"https:\/\/api.w.org\/{rel}","templated":true}]}}