{"id":4629,"date":"2021-11-30T13:55:02","date_gmt":"2021-11-30T12:55:02","guid":{"rendered":"http:\/\/rockyourgoal.de\/?page_id=4629"},"modified":"2021-11-30T16:08:30","modified_gmt":"2021-11-30T15:08:30","slug":"gastartikel-advertorials-und-werbung","status":"publish","type":"page","link":"https:\/\/rockyourgoal.de\/pl\/deshalb-bist-du-hier\/gastartikel-advertorials-und-werbung\/","title":{"rendered":"Gastartikel, Advertorials und Werbung"},"content":{"rendered":"<p>Ich bekomme in letzter Zeit h\u00e4ufiger Anfragen zu Gastartikeln und Werbung auf diesem Blog. Das freut mich sehr, denn diese Anfragen zeigen mir, dass Rockyourgoal.de immer bekannter wird und damit auch f\u00fcr Werbetreibende immer interessanter. <\/p>\n\n\n\n<p>Trotzdem werde ich mit solchen Anfragen sehr defensiv umgehen. Zum Einen freue ich mich \u00fcber eine finanzielle Unterst\u00fctzung, denn dieser Blog fordert sehr viel Zeit und Geld. Zum anderen werde ich immer den Mehrwert f\u00fcr meine Leser als Basis f\u00fcr alle Anfragen nehmen und meine Reputation nicht &#8222;verkaufen&#8220;. <\/p>\n\n\n\n<p>Aus diesem Grund freue ich mich \u00fcber Anfragen, allerdings unumst\u00f6\u00dfliche Regeln f\u00fcr Gastartikel und Werbung auf dieser Seite:<\/p>\n\n\n\n<div class=\"wp-block-image\"><figure class=\"aligncenter size-full is-resized\"><img loading=\"lazy\" decoding=\"async\" src=\"http:\/\/rockyourgoal.de\/wp-content\/uploads\/2021\/11\/werbung-und-gastartikel-auf-rockyourgoal.jpg\" alt=\"\" class=\"wp-image-4631\" width=\"488\" height=\"325\" srcset=\"https:\/\/rockyourgoal.de\/wp-content\/uploads\/2021\/11\/werbung-und-gastartikel-auf-rockyourgoal.jpg 960w, https:\/\/rockyourgoal.de\/wp-content\/uploads\/2021\/11\/werbung-und-gastartikel-auf-rockyourgoal-300x200.jpg 300w, https:\/\/rockyourgoal.de\/wp-content\/uploads\/2021\/11\/werbung-und-gastartikel-auf-rockyourgoal-768x513.jpg 768w, https:\/\/rockyourgoal.de\/wp-content\/uploads\/2021\/11\/werbung-und-gastartikel-auf-rockyourgoal-850x568.jpg 850w\" sizes=\"auto, (max-width: 488px) 100vw, 488px\" \/><figcaption>Werbung und Gastartikel sind m\u00f6glich, aber nur unter festen Regeln<\/figcaption><\/figure><\/div>\n\n\n\n<h2 class=\"wp-block-heading\">Gastartikel und Advertorials<\/h2>\n\n\n\n<p>Ich schreibe selbst sehr gerne Gastartikel, allerdings gebe ich mir sehr viel M\u00fche damit. Im Lauf der Jahre habe ich f\u00fcr mich selbst Kriterien entwickelt die f\u00fcr mich als Autor von Gastartikeln selbstverst\u00e4ndlich sind und die ich auch von Gastartikeln <strong>und<\/strong> von Advertorials f\u00fcr diese Seite erwarte. Gastartikel sind bei mir kostenlos, Advertorials sind kostenpflichtig. <\/p>\n\n\n\n<h3 class=\"wp-block-heading\">Voraussetzungen f\u00fcr Gastartikel<\/h3>\n\n\n\n<p>Ich bitte hier um Dein Verst\u00e4ndnis bez\u00fcglich meiner hohen Anforderungen, aber jeder Gastartikel sollte die folgenden Regeln und Qualit\u00e4tskriterien erf\u00fcllen:<\/p>\n\n\n\n<ul class=\"wp-block-list\"><li><strong><em>Relevanz f\u00fcr meine Leser<\/em><\/strong>: Meine Leser sind aktive, abenteuerlustige und sportliche Menschen. Sie lesen gerne gut geschriebene Artikel \u00fcber Fitness, Sport und besondere Abenteuer. Dein Artikel sollte also interessant f\u00fcr meine Leser sein. Ist er das nicht, dann bitte ich Dich einen anderen Blogger anzuschreiben. <\/li><li><strong><em>Unique Content<\/em><\/strong>: Selbstverst\u00e4ndlich sollte Dein Artikel speziell f\u00fcr Rockyourgoal.de geschrieben sein und nur hier ver\u00f6ffentlicht werden. <\/li><li><strong><em>Wortanzahl und Lesbarkeit<\/em><\/strong>: Ich erwarte im Sinne meiner Leser von jedem Gastartikel oder Advertorial <strong>mindestens 1000 W\u00f6rter<\/strong> und eine klare Struktur mit \u00dcberschrift, Teil\u00fcberschriften und freue mich \u00fcber Bilder (an denen Du die Rechte h\u00e4ltst). <\/li><li><strong><em>Recht zur &#8222;Anpassung&#8220;<\/em><\/strong>: Damit die &#8222;Seele&#8220; dieses Blogs erhalten bleibt, behalte ich mir das Recht zur Anpassung Deines Artikels vor. Hier geht es um eventuelle Erg\u00e4nzungen oder kleinere Anpassungen. Ich werde den Sinn Deines Artikels nicht ver\u00e4ndern. <\/li><li><strong><em>Link zu deiner Seite<\/em><\/strong>: Gerne darfst Du einen Link zu Deiner Seite setzen. <\/li><li><strong>Abgelehnt werden<\/strong>: Verweise auf Seiten die gegen Sitte oder Gesetz versto\u00dfen sowie Gl\u00fccksspielseiten!<\/li><\/ul>\n\n\n\n<p>Preis: KOSTENLOS<\/p>\n\n\n\n<p>Wenn Du einen Vorschlag f\u00fcr einen Gastbeitrag hast, dann kontaktier mich bitte unter <em>uwe@rockyourgoal.de<\/em> !<\/p>\n\n\n\n<h3 class=\"wp-block-heading\">Voraussetzungen f\u00fcr Advertorials<\/h3>\n\n\n\n<p>Auch Advertorials sollen f\u00fcr meine Leser interessant sein. Deshalb bitte ich Dich hier erneut um Dein Verst\u00e4ndnis bez\u00fcglich meiner hohen Anforderungen, aber jedes Advertorial sollte die folgenden Regeln und Qualit\u00e4tskriterien erf\u00fcllen: <\/p>\n\n\n\n<p><li><strong><em>Relevanz f\u00fcr meine Leser<\/em><\/strong>: Meine Leser sind aktive, abenteuerlustige und sportliche Menschen. Sie lesen gerne gut geschriebene Artikel \u00fcber Fitness, Sport und besondere Abenteuer. Dein Artikel sollte also interessant f\u00fcr meine Leser sein. Ist er das nicht, dann bitte ich Dich einen anderen Blogger anzuschreiben. <\/li><\/p>\n\n\n\n<p><li><strong><em>Unique Content<\/em><\/strong>: Selbstverst\u00e4ndlich sollte Dein Artikel speziell f\u00fcr Rockyourgoal.de geschrieben sein und nur hier ver\u00f6ffentlicht werden. <\/li><\/p>\n\n\n\n<p><li><strong><em>Wortanzahl und Lesbarkeit<\/em><\/strong>: Ich erwarte im Sinne meiner Leser von jedem  Advertorial <strong>mindestens 500 W\u00f6rter<\/strong> und eine klare Struktur mit \u00dcberschrift, Teil\u00fcberschriften und freue mich \u00fcber Bilder (an denen Du die Rechte h\u00e4ltst). <\/li><\/p>\n\n\n\n<p><li><strong><em>Recht zur &#8222;Anpassung&#8220;<\/em><\/strong>: Damit die &#8222;Seele&#8220; dieses Blogs erhalten bleibt, behalte ich mir das Recht zur Anpassung Deines Artikels vor. Hier geht es um eventuelle Erg\u00e4nzungen oder kleinere Anpassungen. Ich werde den Sinn Deines Artikels nicht anpacken. <\/li><\/p>\n\n\n\n<ul class=\"wp-block-list\"><li><strong><em>Link zu Deiner Seite<\/em><\/strong>: Du darfst bis zu zwei Links auf Deine Seite setzen. <\/li><li><strong>Abgelehnt werden<\/strong>: Verweise auf Seiten die gegen Sitte oder Gesetz versto\u00dfen sowie Gl\u00fccksspielseiten!<\/li><\/ul>\n\n\n\n<p><strong>PREIS<\/strong>: 200,- EUR<\/p>\n\n\n\n<p>F\u00fcr die Platzierung eines Advertorials kontaktier mich bitte unter uwe@rockyourgoal.de <\/p>\n\n\n\n<h2 class=\"wp-block-heading\">Sonstige Werbung<\/h2>\n\n\n\n<p>Sprich mich bitte an. \u00dcber eine sonstige Zusammenarbeit k\u00f6nnen wir uns gerne unterhalten. <\/p>\n\n\n\n<p> <\/p>","protected":false},"excerpt":{"rendered":"<p>Ich bekomme in letzter Zeit h\u00e4ufiger Anfragen zu Gastartikeln und Werbung auf diesem Blog. Das freut mich sehr, denn diese Anfragen zeigen mir, dass Rockyourgoal.de immer bekannter wird und damit auch f\u00fcr Werbetreibende immer interessanter. Trotzdem werde ich mit solchen Anfragen sehr defensiv umgehen. Zum Einen freue ich mich \u00fcber&hellip;<\/p>\n<p> <a class=\"more-link\" href=\"https:\/\/rockyourgoal.de\/pl\/deshalb-bist-du-hier\/gastartikel-advertorials-und-werbung\/\">Dowiedz si\u0119 wi\u0119cej<\/a><\/p>","protected":false},"author":2,"featured_media":0,"parent":2,"menu_order":2,"comment_status":"closed","ping_status":"closed","template":"","meta":{"pgc_sgb_lightbox_settings":"","_glsr_average":0,"_glsr_ranking":0,"_glsr_reviews":0,"footnotes":""},"class_list":["post-4629","page","type-page","status-publish"],"_links":{"self":[{"href":"https:\/\/rockyourgoal.de\/pl\/wp-json\/wp\/v2\/pages\/4629","targetHints":{"allow":["GET"]}}],"collection":[{"href":"https:\/\/rockyourgoal.de\/pl\/wp-json\/wp\/v2\/pages"}],"about":[{"href":"https:\/\/rockyourgoal.de\/pl\/wp-json\/wp\/v2\/types\/page"}],"author":[{"embeddable":true,"href":"https:\/\/rockyourgoal.de\/pl\/wp-json\/wp\/v2\/users\/2"}],"replies":[{"embeddable":true,"href":"https:\/\/rockyourgoal.de\/pl\/wp-json\/wp\/v2\/comments?post=4629"}],"version-history":[{"count":9,"href":"https:\/\/rockyourgoal.de\/pl\/wp-json\/wp\/v2\/pages\/4629\/revisions"}],"predecessor-version":[{"id":4643,"href":"https:\/\/rockyourgoal.de\/pl\/wp-json\/wp\/v2\/pages\/4629\/revisions\/4643"}],"up":[{"embeddable":true,"href":"https:\/\/rockyourgoal.de\/pl\/wp-json\/wp\/v2\/pages\/2"}],"wp:attachment":[{"href":"https:\/\/rockyourgoal.de\/pl\/wp-json\/wp\/v2\/media?parent=4629"}],"curies":[{"name":"wp","href":"https:\/\/api.w.org\/{rel}","templated":true}]}}