{"id":12595,"date":"2023-05-15T15:22:41","date_gmt":"2023-05-15T13:22:41","guid":{"rendered":"https:\/\/rockyourgoal.de\/?page_id=12595"},"modified":"2023-05-16T09:13:56","modified_gmt":"2023-05-16T07:13:56","slug":"umwelt","status":"publish","type":"page","link":"https:\/\/rockyourgoal.de\/pl\/timeless-challenge\/umwelt\/","title":{"rendered":"Unser Planet (Umwelt Challenges)"},"content":{"rendered":"<blockquote class=\"wp-block-quote is-layout-flow wp-block-quote-is-layout-flow\">\n<p>Unser Planet ist unser Zuhause, unser einziges Zuhause. Wo sollen wir denn hingehen, wenn wir ihn zerst\u00f6ren?<\/p>\n<cite>Dalai Lama<\/cite><\/blockquote>\n\n\n\n<p>Uns allen ist bewusst, dass wir nur einen Planeten haben und die Erde einzigartig ist. Wir sind nicht nur unserer Zivilisation gegen\u00fcber verpflichtet diesen Planeten zu sch\u00fctzen, sondern auch den Pflanzen und Tieren, also unseren Mitbewohnern gegen\u00fcber. Es gibt keine Entschuldigung es nicht zu tun!<\/p>\n\n\n\n<p>Aber wie? Um Dir eine Antwort und ein paar Ideen zu geben laden wir Dich ein bei unseren Umweltschutz-Challenges mitzumachen. <\/p>\n\n\n\n<p>Dabei geh\u00f6rt zu einem wirksamen Schutz unserer Erde der Schutz<\/p>\n\n\n\n<ul class=\"wp-block-list\">\n<li>der Ressourcen der Erde (Nachhaltigkeit)<\/li>\n\n\n\n<li>der Meere (Wasser)<\/li>\n\n\n\n<li>der Landfl\u00e4che (W\u00e4lder, Wiesen, Moore etc.)<\/li>\n\n\n\n<li>der Luft<\/li>\n<\/ul>\n\n\n\n<figure class=\"wp-block-gallery has-nested-images columns-4 is-cropped wp-block-gallery-1 is-layout-flex wp-block-gallery-is-layout-flex\">\n<figure class=\"wp-block-image size-large\"><a href=\"https:\/\/rockyourgoal.de\/wp-content\/uploads\/2023\/05\/timeless-challenge-umwelt-land-schuetzen.jpg\"><img loading=\"lazy\" decoding=\"async\" width=\"1024\" height=\"507\" data-id=\"12599\" src=\"https:\/\/rockyourgoal.de\/wp-content\/uploads\/2023\/05\/timeless-challenge-umwelt-land-schuetzen-1024x507.jpg\" alt=\"\" class=\"wp-image-12599\" srcset=\"https:\/\/rockyourgoal.de\/wp-content\/uploads\/2023\/05\/timeless-challenge-umwelt-land-schuetzen-1024x507.jpg 1024w, https:\/\/rockyourgoal.de\/wp-content\/uploads\/2023\/05\/timeless-challenge-umwelt-land-schuetzen-300x148.jpg 300w, https:\/\/rockyourgoal.de\/wp-content\/uploads\/2023\/05\/timeless-challenge-umwelt-land-schuetzen-768x380.jpg 768w, https:\/\/rockyourgoal.de\/wp-content\/uploads\/2023\/05\/timeless-challenge-umwelt-land-schuetzen-18x9.jpg 18w, https:\/\/rockyourgoal.de\/wp-content\/uploads\/2023\/05\/timeless-challenge-umwelt-land-schuetzen.jpg 1152w\" sizes=\"auto, (max-width: 1024px) 100vw, 1024px\" \/><\/a><figcaption class=\"wp-element-caption\">Land<\/figcaption><\/figure>\n\n\n\n<figure class=\"wp-block-image size-large\"><a href=\"https:\/\/rockyourgoal.de\/wp-content\/uploads\/2023\/05\/timeless-challenge-umwelt-luft-schuetzen.jpg\"><img loading=\"lazy\" decoding=\"async\" width=\"1024\" height=\"683\" data-id=\"12602\" src=\"https:\/\/rockyourgoal.de\/wp-content\/uploads\/2023\/05\/timeless-challenge-umwelt-luft-schuetzen-1024x683.jpg\" alt=\"\" class=\"wp-image-12602\" srcset=\"https:\/\/rockyourgoal.de\/wp-content\/uploads\/2023\/05\/timeless-challenge-umwelt-luft-schuetzen-1024x683.jpg 1024w, https:\/\/rockyourgoal.de\/wp-content\/uploads\/2023\/05\/timeless-challenge-umwelt-luft-schuetzen-300x200.jpg 300w, https:\/\/rockyourgoal.de\/wp-content\/uploads\/2023\/05\/timeless-challenge-umwelt-luft-schuetzen-768x512.jpg 768w, https:\/\/rockyourgoal.de\/wp-content\/uploads\/2023\/05\/timeless-challenge-umwelt-luft-schuetzen-18x12.jpg 18w, https:\/\/rockyourgoal.de\/wp-content\/uploads\/2023\/05\/timeless-challenge-umwelt-luft-schuetzen.jpg 1152w\" sizes=\"auto, (max-width: 1024px) 100vw, 1024px\" \/><\/a><figcaption class=\"wp-element-caption\">Luft<\/figcaption><\/figure>\n\n\n\n<figure class=\"wp-block-image size-medium\"><a href=\"https:\/\/rockyourgoal.de\/wp-content\/uploads\/2023\/05\/timeless-challenge-umwelt-ozeane-saeubern.jpg\"><img loading=\"lazy\" decoding=\"async\" width=\"300\" height=\"200\" data-id=\"12601\" src=\"https:\/\/rockyourgoal.de\/wp-content\/uploads\/2023\/05\/timeless-challenge-umwelt-ozeane-saeubern-300x200.jpg\" alt=\"\" class=\"wp-image-12601\" srcset=\"https:\/\/rockyourgoal.de\/wp-content\/uploads\/2023\/05\/timeless-challenge-umwelt-ozeane-saeubern-300x200.jpg 300w, https:\/\/rockyourgoal.de\/wp-content\/uploads\/2023\/05\/timeless-challenge-umwelt-ozeane-saeubern-1024x683.jpg 1024w, https:\/\/rockyourgoal.de\/wp-content\/uploads\/2023\/05\/timeless-challenge-umwelt-ozeane-saeubern-768x512.jpg 768w, https:\/\/rockyourgoal.de\/wp-content\/uploads\/2023\/05\/timeless-challenge-umwelt-ozeane-saeubern-18x12.jpg 18w, https:\/\/rockyourgoal.de\/wp-content\/uploads\/2023\/05\/timeless-challenge-umwelt-ozeane-saeubern.jpg 1152w\" sizes=\"auto, (max-width: 300px) 100vw, 300px\" \/><\/a><figcaption class=\"wp-element-caption\">Wasser<\/figcaption><\/figure>\n\n\n\n<figure class=\"wp-block-image size-large\"><a href=\"https:\/\/rockyourgoal.de\/wp-content\/uploads\/2023\/05\/timeless-challenge-umwelt-nachhaltigkeit.png\"><img loading=\"lazy\" decoding=\"async\" width=\"768\" height=\"731\" data-id=\"12600\" src=\"https:\/\/rockyourgoal.de\/wp-content\/uploads\/2023\/05\/timeless-challenge-umwelt-nachhaltigkeit.png\" alt=\"\" class=\"wp-image-12600\" srcset=\"https:\/\/rockyourgoal.de\/wp-content\/uploads\/2023\/05\/timeless-challenge-umwelt-nachhaltigkeit.png 768w, https:\/\/rockyourgoal.de\/wp-content\/uploads\/2023\/05\/timeless-challenge-umwelt-nachhaltigkeit-300x286.png 300w, https:\/\/rockyourgoal.de\/wp-content\/uploads\/2023\/05\/timeless-challenge-umwelt-nachhaltigkeit-13x12.png 13w\" sizes=\"auto, (max-width: 768px) 100vw, 768px\" \/><\/a><figcaption class=\"wp-element-caption\">Nachhaltigkeit<\/figcaption><\/figure>\n<\/figure>\n\n\n\n<h2 class=\"wp-block-heading\">Nachhaltigkeits Challenges<\/h2>\n\n\n\n<p>Wir Menschen verbrauchen mehr Ressourcen als uns zustehen. Ein sinnvoller Umgang mit Ressourcen schont nicht nur Deine Gesundheit und Deinen Geldbeutel sondern auch unsere Erde. Aus diesem Grund haben wir ein paar Ideen f\u00fcr nachhaltige Challenges zusammengetragen. <\/p>\n\n\n\n<figure class=\"wp-block-table\"><table><tbody><tr><td><strong>Name<\/strong><\/td><td><strong>Logo<\/strong><\/td><td><strong>Kurze Beschreibung<\/strong><\/td><td><strong>Dauer in Tagen<\/strong><\/td><td><strong>Life Score Punkte<\/strong><\/td><\/tr><tr><td><a href=\"https:\/\/rockyourgoal.de\/pl\/timeless-challenge\/umwelt\/reusable-challenge\/\" target=\"_blank\" rel=\"noreferrer noopener\">Reusable Challenge<\/a><\/td><td><a href=\"https:\/\/rockyourgoal.de\/pl\/timeless-challenge\/umwelt\/reusable-challenge\/\" target=\"_blank\" rel=\"noreferrer noopener\"><img loading=\"lazy\" decoding=\"async\" width=\"150\" height=\"101\" class=\"wp-image-8584\" style=\"width: 150px;\" src=\"http:\/\/rockyourgoal.de\/wp-content\/uploads\/2022\/08\/reusable-challenge-logo.jpg\" alt=\"\" srcset=\"https:\/\/rockyourgoal.de\/wp-content\/uploads\/2022\/08\/reusable-challenge-logo.jpg 1100w, https:\/\/rockyourgoal.de\/wp-content\/uploads\/2022\/08\/reusable-challenge-logo-300x202.jpg 300w, https:\/\/rockyourgoal.de\/wp-content\/uploads\/2022\/08\/reusable-challenge-logo-1024x689.jpg 1024w, https:\/\/rockyourgoal.de\/wp-content\/uploads\/2022\/08\/reusable-challenge-logo-768x517.jpg 768w, https:\/\/rockyourgoal.de\/wp-content\/uploads\/2022\/08\/reusable-challenge-logo-18x12.jpg 18w, https:\/\/rockyourgoal.de\/wp-content\/uploads\/2022\/08\/reusable-challenge-logo-850x572.jpg 850w\" sizes=\"auto, (max-width: 150px) 100vw, 150px\" \/><\/a><\/td><td>Pass Dein Einkaufsverhalten an!<\/td><td>30<\/td><td>50<\/td><\/tr><\/tbody><\/table><\/figure>\n\n\n\n<h2 class=\"wp-block-heading\">Challenges zum Umweltschutz an Land<\/h2>\n\n\n\n<p>Ganz egal ob W\u00e4lder, Moore, Bergregionen oder Wiesenfl\u00e4chen, wir Menschen breiten uns immer weiter aus und verdr\u00e4ngen Tiere und Pflanzen. Aber es gibt vielf\u00e4ltige M\u00f6glichkeiten wie Du mit unseren Umwelt Challenges helfen kannst Umweltschutz an Land zu praktizieren!<\/p>\n\n\n\n<figure class=\"wp-block-table\"><table><tbody><tr><td><strong>Name<\/strong><\/td><td><strong>Logo<\/strong><\/td><td><strong>Kurze Beschreibung<\/strong><\/td><td><strong>Dauer in Tagen<\/strong><\/td><td><strong>Life Score Punkte<\/strong><\/td><\/tr><tr><td><a href=\"https:\/\/rockyourgoal.de\/pl\/big5forlife\/trees4breeze\/\" target=\"_blank\" rel=\"noreferrer noopener\">Trees4Breeze<\/a><\/td><td><a href=\"https:\/\/rockyourgoal.de\/pl\/big5forlife\/trees4breeze\/\" target=\"_blank\" rel=\"noreferrer noopener\"><img loading=\"lazy\" decoding=\"async\" width=\"150\" height=\"119\" class=\"wp-image-12166\" style=\"width: 150px;\" src=\"http:\/\/rockyourgoal.de\/wp-content\/uploads\/2021\/07\/cropped-cropped-Trees4Breeze-1.png\" alt=\"\" srcset=\"https:\/\/rockyourgoal.de\/wp-content\/uploads\/2021\/07\/cropped-cropped-Trees4Breeze-1.png 1136w, https:\/\/rockyourgoal.de\/wp-content\/uploads\/2021\/07\/cropped-cropped-Trees4Breeze-1-300x239.png 300w, https:\/\/rockyourgoal.de\/wp-content\/uploads\/2021\/07\/cropped-cropped-Trees4Breeze-1-1024x815.png 1024w, https:\/\/rockyourgoal.de\/wp-content\/uploads\/2021\/07\/cropped-cropped-Trees4Breeze-1-768x611.png 768w, https:\/\/rockyourgoal.de\/wp-content\/uploads\/2021\/07\/cropped-cropped-Trees4Breeze-1-15x12.png 15w\" sizes=\"auto, (max-width: 150px) 100vw, 150px\" \/><\/a><\/td><td><\/td><td><\/td><td><\/td><\/tr><tr><td><a href=\"https:\/\/rockyourgoal.de\/pl\/timeless-challenge\/umwelt\/garbage-grab\/\" target=\"_blank\" rel=\"noreferrer noopener\">Garbage Grab<\/a><\/td><td><a href=\"https:\/\/rockyourgoal.de\/pl\/timeless-challenge\/umwelt\/garbage-grab\/\" target=\"_blank\" rel=\"noreferrer noopener\"><img loading=\"lazy\" decoding=\"async\" width=\"150\" height=\"100\" class=\"wp-image-6086\" style=\"width: 150px;\" src=\"http:\/\/rockyourgoal.de\/wp-content\/uploads\/2022\/02\/garbage-grab-logo.png\" alt=\"\" srcset=\"https:\/\/rockyourgoal.de\/wp-content\/uploads\/2022\/02\/garbage-grab-logo.png 4004w, https:\/\/rockyourgoal.de\/wp-content\/uploads\/2022\/02\/garbage-grab-logo-300x200.png 300w, https:\/\/rockyourgoal.de\/wp-content\/uploads\/2022\/02\/garbage-grab-logo-1024x684.png 1024w, https:\/\/rockyourgoal.de\/wp-content\/uploads\/2022\/02\/garbage-grab-logo-768x513.png 768w, https:\/\/rockyourgoal.de\/wp-content\/uploads\/2022\/02\/garbage-grab-logo-1536x1025.png 1536w, https:\/\/rockyourgoal.de\/wp-content\/uploads\/2022\/02\/garbage-grab-logo-2048x1367.png 2048w, https:\/\/rockyourgoal.de\/wp-content\/uploads\/2022\/02\/garbage-grab-logo-350x230.png 350w, https:\/\/rockyourgoal.de\/wp-content\/uploads\/2022\/02\/garbage-grab-logo-850x567.png 850w\" sizes=\"auto, (max-width: 150px) 100vw, 150px\" \/><\/a><\/td><td>Sammle den M\u00fcll ein w\u00e4hrend einer offiziellen Aktion oder beim Laufen\/Wandern<\/td><td>unbegrenzt<\/td><td>20+<\/td><\/tr><tr><td><a href=\"https:\/\/rockyourgoal.de\/pl\/timeless-challenge\/umwelt\/100trees\/(\u00f6ffnet in neuem Tab)\/\" target=\"_blank\" rel=\"noreferrer noopener\">100 Trees<\/a><\/td><td><a href=\"https:\/\/rockyourgoal.de\/pl\/timeless-challenge\/umwelt\/100trees\/(\u00f6ffnet in neuem Tab)\/\" target=\"_blank\" rel=\"noreferrer noopener\"><img loading=\"lazy\" decoding=\"async\" width=\"150\" height=\"110\" class=\"wp-image-10173\" style=\"width: 150px;\" src=\"http:\/\/rockyourgoal.de\/wp-content\/uploads\/2022\/12\/100-trees-logo.png\" alt=\"\" srcset=\"https:\/\/rockyourgoal.de\/wp-content\/uploads\/2022\/12\/100-trees-logo.png 3962w, https:\/\/rockyourgoal.de\/wp-content\/uploads\/2022\/12\/100-trees-logo-300x221.png 300w, https:\/\/rockyourgoal.de\/wp-content\/uploads\/2022\/12\/100-trees-logo-1024x753.png 1024w, https:\/\/rockyourgoal.de\/wp-content\/uploads\/2022\/12\/100-trees-logo-768x565.png 768w, https:\/\/rockyourgoal.de\/wp-content\/uploads\/2022\/12\/100-trees-logo-1536x1130.png 1536w, https:\/\/rockyourgoal.de\/wp-content\/uploads\/2022\/12\/100-trees-logo-2048x1506.png 2048w, https:\/\/rockyourgoal.de\/wp-content\/uploads\/2022\/12\/100-trees-logo-16x12.png 16w, https:\/\/rockyourgoal.de\/wp-content\/uploads\/2022\/12\/100-trees-logo-850x625.png 850w\" sizes=\"auto, (max-width: 150px) 100vw, 150px\" \/><\/a><\/td><td>Pflanze mindestens 100 B\u00e4ume mit unseren Partnern. <\/td><td>unbegrenzt<\/td><td>100+<\/td><\/tr><\/tbody><\/table><\/figure>\n\n\n\n<h2 class=\"wp-block-heading\">Challenges zum Schutz des Wassers<\/h2>\n\n\n\n<p>Der &#8222;blaue Planet&#8220;, also unsere Erde ist deshalb so lebensfreundlich, weil wir fl\u00fcssiges Wasser haben, die Basis allen Lebens. Es ist unsere Pflicht unsere Fl\u00fcsse, Seen, Meere und Wasservorkommen zu sch\u00fctzen und zu bewahren. Und auch hierf\u00fcr bieten wir Dir die passenden Challenges. <\/p>\n\n\n\n<figure class=\"wp-block-table\"><table><tbody><tr><td><strong>Name<\/strong><\/td><td><strong>Logo<\/strong><\/td><td><strong>Kurze Beschreibung<\/strong><\/td><td><strong>Dauer in Tagen<\/strong><\/td><td><strong>Life Score Punkte<\/strong><\/td><\/tr><tr><td><a href=\"https:\/\/rockyourgoal.de\/pl\/timeless-challenge\/umwelt\/clean-oceans\/\" target=\"_blank\" rel=\"noreferrer noopener\">Clean Oceans Challenge<\/a><\/td><td><a href=\"https:\/\/rockyourgoal.de\/pl\/timeless-challenge\/umwelt\/clean-oceans\/\" target=\"_blank\" rel=\"noreferrer noopener\"><img loading=\"lazy\" decoding=\"async\" width=\"150\" height=\"80\" class=\"wp-image-7093\" style=\"width: 150px;\" src=\"http:\/\/rockyourgoal.de\/wp-content\/uploads\/2022\/05\/clean-oceans-logo.png\" alt=\"\" srcset=\"https:\/\/rockyourgoal.de\/wp-content\/uploads\/2022\/05\/clean-oceans-logo.png 4443w, https:\/\/rockyourgoal.de\/wp-content\/uploads\/2022\/05\/clean-oceans-logo-300x159.png 300w, https:\/\/rockyourgoal.de\/wp-content\/uploads\/2022\/05\/clean-oceans-logo-1024x543.png 1024w, https:\/\/rockyourgoal.de\/wp-content\/uploads\/2022\/05\/clean-oceans-logo-768x407.png 768w, https:\/\/rockyourgoal.de\/wp-content\/uploads\/2022\/05\/clean-oceans-logo-1536x814.png 1536w, https:\/\/rockyourgoal.de\/wp-content\/uploads\/2022\/05\/clean-oceans-logo-2048x1086.png 2048w, https:\/\/rockyourgoal.de\/wp-content\/uploads\/2022\/05\/clean-oceans-logo-18x10.png 18w, https:\/\/rockyourgoal.de\/wp-content\/uploads\/2022\/05\/clean-oceans-logo-850x451.png 850w\" sizes=\"auto, (max-width: 150px) 100vw, 150px\" \/><\/a><\/td><td>Befreie die Meere, Fl\u00fcsse und Seen von M\u00fcll oder engagiere Dich auf sonstige Art und Weise f\u00fcr den Schutz unseres Wassers<\/td><td>unbegrenzt<\/td><td>50, 100&#8230;.<\/td><\/tr><\/tbody><\/table><\/figure>\n\n\n\n<h2 class=\"wp-block-heading\">Challenges zum Schutz unserer Luft<\/h2>\n\n\n\n<p>Die Luft die wir atmen wird durch viele Faktoren belastet und gerade hier ist es f\u00fcr uns leicht etwas daf\u00fcr zu tun um unsere Lebensgrundlage zu erhalten. Deshalb haben wir Dir auch Challenges zum Schutz unserer Luft bereitgestellt. <\/p>\n\n\n\n<figure class=\"wp-block-table\"><table><tbody><tr><td><strong>Name<\/strong><\/td><td><strong>Logo<\/strong><\/td><td><strong>Kurze Beschreibung<\/strong><\/td><td><strong>Dauer in Tagen<\/strong><\/td><td><strong>Life Score Punkte<\/strong><\/td><\/tr><tr><td><a href=\"https:\/\/rockyourgoal.de\/pl\/timeless-challenge\/sport-challenge\/bike-to-work\/\" target=\"_blank\" rel=\"noreferrer noopener\">Bike to Work<\/a><\/td><td><a href=\"https:\/\/rockyourgoal.de\/pl\/timeless-challenge\/sport-challenge\/bike-to-work\/\" target=\"_blank\" rel=\"noreferrer noopener\"><img loading=\"lazy\" decoding=\"async\" width=\"150\" height=\"80\" class=\"wp-image-5808\" style=\"width: 150px;\" src=\"http:\/\/rockyourgoal.de\/wp-content\/uploads\/2022\/02\/bike-to-work-logo.png\" alt=\"\" srcset=\"https:\/\/rockyourgoal.de\/wp-content\/uploads\/2022\/02\/bike-to-work-logo.png 1988w, https:\/\/rockyourgoal.de\/wp-content\/uploads\/2022\/02\/bike-to-work-logo-300x160.png 300w, https:\/\/rockyourgoal.de\/wp-content\/uploads\/2022\/02\/bike-to-work-logo-1024x548.png 1024w, https:\/\/rockyourgoal.de\/wp-content\/uploads\/2022\/02\/bike-to-work-logo-768x411.png 768w, https:\/\/rockyourgoal.de\/wp-content\/uploads\/2022\/02\/bike-to-work-logo-1536x821.png 1536w, https:\/\/rockyourgoal.de\/wp-content\/uploads\/2022\/02\/bike-to-work-logo-850x455.png 850w\" sizes=\"auto, (max-width: 150px) 100vw, 150px\" \/><\/a><\/td><td>Fahre mit dem Fahrrad zur Arbeit und sammele Life Score Punkte<\/td><td>unbegrenzt<\/td><td>50 bis 150<\/td><\/tr><tr><td><a href=\"https:\/\/rockyourgoal.de\/pl\/timeless-challenge\/umwelt\/drahtesel-on-tour\/\" target=\"_blank\" rel=\"noreferrer noopener\">Drahtesel on Tour<\/a><\/td><td><a href=\"https:\/\/rockyourgoal.de\/pl\/timeless-challenge\/umwelt\/drahtesel-on-tour\/\" target=\"_blank\" rel=\"noreferrer noopener\"><img loading=\"lazy\" decoding=\"async\" width=\"150\" height=\"87\" class=\"wp-image-5767\" style=\"width: 150px;\" src=\"http:\/\/rockyourgoal.de\/wp-content\/uploads\/2022\/02\/drahtese-on-tour-logo.png\" alt=\"\" srcset=\"https:\/\/rockyourgoal.de\/wp-content\/uploads\/2022\/02\/drahtese-on-tour-logo.png 2153w, https:\/\/rockyourgoal.de\/wp-content\/uploads\/2022\/02\/drahtese-on-tour-logo-300x174.png 300w, https:\/\/rockyourgoal.de\/wp-content\/uploads\/2022\/02\/drahtese-on-tour-logo-1024x595.png 1024w, https:\/\/rockyourgoal.de\/wp-content\/uploads\/2022\/02\/drahtese-on-tour-logo-768x446.png 768w, https:\/\/rockyourgoal.de\/wp-content\/uploads\/2022\/02\/drahtese-on-tour-logo-1536x892.png 1536w, https:\/\/rockyourgoal.de\/wp-content\/uploads\/2022\/02\/drahtese-on-tour-logo-2048x1189.png 2048w, https:\/\/rockyourgoal.de\/wp-content\/uploads\/2022\/02\/drahtese-on-tour-logo-850x493.png 850w\" sizes=\"auto, (max-width: 150px) 100vw, 150px\" \/><\/a><\/td><td>Bereise die ber\u00fchmtesten Fahrradwege der Welt und sammele wertvolle Life-Score Punkte<\/td><td>unbegrenzt<\/td><td>50 bis 1000<\/td><\/tr><\/tbody><\/table><\/figure>","protected":false},"excerpt":{"rendered":"<p>Unser Planet ist unser Zuhause, unser einziges Zuhause. Wo sollen wir denn hingehen, wenn wir ihn zerst\u00f6ren? Dalai Lama Uns allen ist bewusst, dass wir nur einen Planeten haben und die Erde einzigartig ist. Wir sind nicht nur unserer Zivilisation gegen\u00fcber verpflichtet diesen Planeten zu sch\u00fctzen, sondern auch den Pflanzen&hellip;<\/p>\n<p> <a class=\"more-link\" href=\"https:\/\/rockyourgoal.de\/pl\/timeless-challenge\/umwelt\/\">Dowiedz si\u0119 wi\u0119cej<\/a><\/p>","protected":false},"author":2,"featured_media":8298,"parent":5417,"menu_order":0,"comment_status":"closed","ping_status":"closed","template":"","meta":{"pgc_sgb_lightbox_settings":"","_glsr_average":0,"_glsr_ranking":0,"_glsr_reviews":0,"footnotes":""},"class_list":["post-12595","page","type-page","status-publish","has-post-thumbnail"],"_links":{"self":[{"href":"https:\/\/rockyourgoal.de\/pl\/wp-json\/wp\/v2\/pages\/12595","targetHints":{"allow":["GET"]}}],"collection":[{"href":"https:\/\/rockyourgoal.de\/pl\/wp-json\/wp\/v2\/pages"}],"about":[{"href":"https:\/\/rockyourgoal.de\/pl\/wp-json\/wp\/v2\/types\/page"}],"author":[{"embeddable":true,"href":"https:\/\/rockyourgoal.de\/pl\/wp-json\/wp\/v2\/users\/2"}],"replies":[{"embeddable":true,"href":"https:\/\/rockyourgoal.de\/pl\/wp-json\/wp\/v2\/comments?post=12595"}],"version-history":[{"count":18,"href":"https:\/\/rockyourgoal.de\/pl\/wp-json\/wp\/v2\/pages\/12595\/revisions"}],"predecessor-version":[{"id":12624,"href":"https:\/\/rockyourgoal.de\/pl\/wp-json\/wp\/v2\/pages\/12595\/revisions\/12624"}],"up":[{"embeddable":true,"href":"https:\/\/rockyourgoal.de\/pl\/wp-json\/wp\/v2\/pages\/5417"}],"wp:featuredmedia":[{"embeddable":true,"href":"https:\/\/rockyourgoal.de\/pl\/wp-json\/wp\/v2\/media\/8298"}],"wp:attachment":[{"href":"https:\/\/rockyourgoal.de\/pl\/wp-json\/wp\/v2\/media?parent=12595"}],"curies":[{"name":"wp","href":"https:\/\/api.w.org\/{rel}","templated":true}]}}