{"id":7106,"date":"2025-05-28T09:36:17","date_gmt":"2025-05-28T07:36:17","guid":{"rendered":"https:\/\/rockyourgoal.de\/?page_id=7106"},"modified":"2025-05-28T09:36:28","modified_gmt":"2025-05-28T07:36:28","slug":"book-author","status":"publish","type":"page","link":"https:\/\/rockyourgoal.de\/nl\/timeless-challenge\/persoenlichkeit\/book-author\/","title":{"rendered":"Book Author &#8211; Dein eigenes Buch"},"content":{"rendered":"<p>Hast Du nicht schon einmal daran gedacht, dass Du in eine Buchhandlung gehst und dort Dein eigenes Buch siehst? Ich schon. <\/p>\n\n\n\n<p>Viele Menschen w\u00fcrden gerne ein eigenes Buch schreiben, aber entweder passt die Zeit gerade nicht, oder man will erst abwarten bis&#8230; und so vergehen die Jahre und das Buch wird niemals geschrieben. <\/p>\n\n\n\n<p>Das wollen wir mit dieser Challenge \u00e4ndern. Wir wollen Dir mit der &#8222;Book Autor&#8220; Challenge einen kleinen Schubs geben um anzufangen. <\/p>\n\n\n\n<p>Wer sein eignes Buch schreiben will muss nicht besonders klug, flei\u00dfig oder kreativ sein. Ein Autor muss eine Idee f\u00fcr ein Thema haben, etwas Leidenschaft zur Recherche und die Konsequenz jeden Tag ein paar Minuten an dem Buch zu schreiben. Es geht nicht darum besonders viel oder lange zu schreiben, sondern voranzukommen. Und wenn es mal an einem Tag nur ein paar S\u00e4tze sind, dann ist das eben so. <\/p>\n\n\n<div class=\"wp-block-image\">\n<figure class=\"aligncenter size-full is-resized\"><a href=\"https:\/\/rockyourgoal.de\/wp-content\/uploads\/2022\/05\/book-author-challenge.jpg\"><img loading=\"lazy\" decoding=\"async\" width=\"960\" height=\"640\" src=\"https:\/\/rockyourgoal.de\/wp-content\/uploads\/2022\/05\/book-author-challenge.jpg\" alt=\"\" class=\"wp-image-7112\" style=\"width:377px;height:251px\" srcset=\"https:\/\/rockyourgoal.de\/wp-content\/uploads\/2022\/05\/book-author-challenge.jpg 960w, https:\/\/rockyourgoal.de\/wp-content\/uploads\/2022\/05\/book-author-challenge-300x200.jpg 300w, https:\/\/rockyourgoal.de\/wp-content\/uploads\/2022\/05\/book-author-challenge-768x512.jpg 768w, https:\/\/rockyourgoal.de\/wp-content\/uploads\/2022\/05\/book-author-challenge-18x12.jpg 18w, https:\/\/rockyourgoal.de\/wp-content\/uploads\/2022\/05\/book-author-challenge-850x567.jpg 850w\" sizes=\"auto, (max-width: 960px) 100vw, 960px\" \/><\/a><\/figure>\n<\/div>\n\n\n<p>Ein Buch zu schreiben er\u00f6ffnet Dir nicht nur neue T\u00fcren, sondern Du machst das vor allem f\u00fcr Dich. Du wirst enorm viel lernen, denn Du verl\u00e4sst \u00fcber einen l\u00e4ngeren Zeitraum Deine Komfortzone. <\/p>\n\n\n\n<p>Diese Challenge ist ebenfalls ein Teil der Timeless Challenge!<\/p>\n\n\n<div class=\"wp-block-image\">\n<figure class=\"aligncenter\"><a href=\"https:\/\/rockyourgoal.de\/nl\/timeless-challenge\/#Anmeldung_und_Leistungsumfang\"><img loading=\"lazy\" decoding=\"async\" width=\"300\" height=\"145\" src=\"https:\/\/rockyourgoal.de\/wp-content\/uploads\/2022\/11\/image.png\" alt=\"\" class=\"wp-image-9693\" srcset=\"https:\/\/rockyourgoal.de\/wp-content\/uploads\/2022\/11\/image.png 300w, https:\/\/rockyourgoal.de\/wp-content\/uploads\/2022\/11\/image-18x9.png 18w\" sizes=\"auto, (max-width: 300px) 100vw, 300px\" \/><\/a><figcaption class=\"wp-element-caption\"><a href=\"https:\/\/rockyourgoal.de\/nl\/timeless-challenge\/#Anmeldung_und_Leistungsumfang\">Die &#8222;Book-Autor&#8220; Challenge ist Teil der Timeless Challenge. Mach mit!<\/a><\/figcaption><\/figure>\n<\/div>\n\n\n<blockquote class=\"wp-block-quote is-layout-flow wp-block-quote-is-layout-flow\">\n<p><em>Ich glaube daran, dass jeder Mensch mit seinen Handlungen die Welt ver\u00e4ndern kann! Mach Dein Leben durch sinnvolle Aktionen (Challenges) zu etwas Besonderem und Dauerhaftem! Mach Dich unsterblich!<\/em><\/p>\n\n\n\n<p><em>Wir wollen&nbsp;<a href=\"https:\/\/rockyourgoal.de\/nl\/big5forlife\/trees4breeze\/\" target=\"_blank\" rel=\"noreferrer noopener\">eine Million B\u00e4ume weltweit pflanzen<\/a>&nbsp;ohne um Spenden zu betteln!<\/em> Uwe Kauntz<\/p>\n<\/blockquote>\n\n\n\n<p><strong><em>Jeden Montag eine neue Challenge!<\/em><\/strong>&nbsp;<strong><em>Folge uns und bleib informiert!<\/em><\/strong><\/p>\n\n\n\n<ul class=\"wp-block-list\">\n<li><strong>Instagram<\/strong>:&nbsp;<a href=\"https:\/\/www.instagram.com\/timeless_challenge\" target=\"_blank\" rel=\"noreferrer noopener\">@timeless_challenge<\/a><\/li>\n\n\n\n<li><strong>Facebook<\/strong>:&nbsp;<a href=\"https:\/\/www.facebook.com\/rockyourgoal\" target=\"_blank\" rel=\"noreferrer noopener\">Rockyourgoal<\/a><\/li>\n\n\n\n<li><strong>Twitter<\/strong>:&nbsp;<a href=\"https:\/\/www.twitter.com\/goal_rock\" target=\"_blank\" rel=\"noreferrer noopener\">@goal_rock<\/a><\/li>\n<\/ul>\n\n\n\n<h2 class=\"wp-block-heading\">Wie funktioniert die Book Author Challenge?<\/h2>\n\n\n\n<p>Du schreibst Dein eigenes Buch, ver\u00f6ffentlichst dieses und meldest Dich bei uns. Wir versprechen Dir ein Feedback dazu (denn wir sind neugierig), aber vor allem bekommst Du von uns die wohlverdienten Life-Score Punkte. <\/p>\n\n\n\n<h2 class=\"wp-block-heading\">Wie Du bei der Book Author Challenge mitmachen kannst<\/h2>\n\n\n\n<ul class=\"wp-block-list\">\n<li><a href=\"https:\/\/rockyourgoal.de\/nl\/wb-admin\/?action=register\">Melde Dich auf dieser Seite an<\/a>! Einmal angemeldet, kannst Du bei allen unserer Challenges mit diesem Account mitmachen.<\/li>\n\n\n\n<li>Nun hei\u00dft es schreiben, schreiben und ver\u00f6ffentlichen<\/li>\n\n\n\n<li>Wenn Du das geschafft hast, f\u00fcll bitte das Formular unten aus und Du bekommst von uns die wohlverdiente Murmel und die Life-Score Punkte gutgeschrieben. Easy, oder?<\/li>\n<\/ul>\n\n\n\n<p class=\"has-text-align-center\"><a href=\"http:\/\/rockyourgoal.de\/wp-content\/uploads\/2024\/03\/Booklet-Challenge-Tool-1.pdf\">Eine genaue Beschreibung des Tools findest Du in unserem Booklet<\/a><\/p>\n\n\n\n\n\n\n<h2 class=\"wp-block-heading\">Life Score Punkte f\u00fcr die Applied Knowledge Challenge<\/h2>\n\n\n<div class=\"wp-block-image\">\n<figure class=\"aligncenter is-resized\"><img loading=\"lazy\" decoding=\"async\" width=\"300\" height=\"300\" src=\"https:\/\/rockyourgoal.de\/wp-content\/uploads\/2022\/08\/LSP-Persoenlichkeit-300x300.png\" alt=\"\" class=\"wp-image-8297\" style=\"width:120px;height:auto\" srcset=\"https:\/\/rockyourgoal.de\/wp-content\/uploads\/2022\/08\/LSP-Persoenlichkeit-300x300.png 300w, https:\/\/rockyourgoal.de\/wp-content\/uploads\/2022\/08\/LSP-Persoenlichkeit-150x150.png 150w, https:\/\/rockyourgoal.de\/wp-content\/uploads\/2022\/08\/LSP-Persoenlichkeit-768x769.png 768w, https:\/\/rockyourgoal.de\/wp-content\/uploads\/2022\/08\/LSP-Persoenlichkeit-12x12.png 12w, https:\/\/rockyourgoal.de\/wp-content\/uploads\/2022\/08\/LSP-Persoenlichkeit-850x851.png 850w, https:\/\/rockyourgoal.de\/wp-content\/uploads\/2022\/08\/LSP-Persoenlichkeit.png 1000w\" sizes=\"auto, (max-width: 300px) 100vw, 300px\" \/><\/figure>\n<\/div>\n\n\n<p>F\u00fcr Dein Durchhalteverm\u00f6gen und Dein erworbenes Wissen erh\u00e4ltst Du von uns&nbsp;<strong>200 Life-Score Punkte<\/strong>&nbsp;sowie die begehrte Murmel (Durchmesser 20mm)<\/p>\n\n\n\n<h2 class=\"wp-block-heading\">Die Book Author Challenge in Social Media<\/h2>\n\n\n\n<p>Wir freuen uns, wenn Du Deine Erfahrungen mit anderen teilen m\u00f6chtest, und deshalb laden wir Dich dazu ein, unsere Social Media-Kan\u00e4le zu nutzen. <\/p>\n\n\n\n<h3 class=\"wp-block-heading\">Die Book Author Challenge auf Facebook<\/h3>\n\n\n\n<p>Wir laden Dich herzlich zum Austausch in unsere Facebookgruppe &#8222;Pers\u00f6nlichkeit&#8220; ein. <\/p>\n\n\n\n<h3 class=\"wp-block-heading\">Hashtags<\/h3>\n\n\n\n<ul class=\"wp-block-list\">\n<li>#timelesschallenge<\/li>\n\n\n\n<li>#tcbookauthor<\/li>\n<\/ul>","protected":false},"excerpt":{"rendered":"<p>Hast Du nicht schon einmal daran gedacht, dass Du in eine Buchhandlung gehst und dort Dein eigenes Buch siehst? Ich schon. Viele Menschen w\u00fcrden gerne ein eigenes Buch schreiben, aber entweder passt die Zeit gerade nicht, oder man will erst abwarten bis&#8230; und so vergehen die Jahre und das Buch&hellip;<\/p>\n<p> <a class=\"more-link\" href=\"https:\/\/rockyourgoal.de\/nl\/timeless-challenge\/persoenlichkeit\/book-author\/\">Lees verder<\/a><\/p>","protected":false},"author":2,"featured_media":7126,"parent":12691,"menu_order":0,"comment_status":"open","ping_status":"closed","template":"","meta":{"pgc_sgb_lightbox_settings":"","_glsr_average":0,"_glsr_ranking":0,"_glsr_reviews":0,"footnotes":""},"class_list":["post-7106","page","type-page","status-publish","has-post-thumbnail"],"_links":{"self":[{"href":"https:\/\/rockyourgoal.de\/nl\/wp-json\/wp\/v2\/pages\/7106","targetHints":{"allow":["GET"]}}],"collection":[{"href":"https:\/\/rockyourgoal.de\/nl\/wp-json\/wp\/v2\/pages"}],"about":[{"href":"https:\/\/rockyourgoal.de\/nl\/wp-json\/wp\/v2\/types\/page"}],"author":[{"embeddable":true,"href":"https:\/\/rockyourgoal.de\/nl\/wp-json\/wp\/v2\/users\/2"}],"replies":[{"embeddable":true,"href":"https:\/\/rockyourgoal.de\/nl\/wp-json\/wp\/v2\/comments?post=7106"}],"version-history":[{"count":11,"href":"https:\/\/rockyourgoal.de\/nl\/wp-json\/wp\/v2\/pages\/7106\/revisions"}],"predecessor-version":[{"id":19361,"href":"https:\/\/rockyourgoal.de\/nl\/wp-json\/wp\/v2\/pages\/7106\/revisions\/19361"}],"up":[{"embeddable":true,"href":"https:\/\/rockyourgoal.de\/nl\/wp-json\/wp\/v2\/pages\/12691"}],"wp:featuredmedia":[{"embeddable":true,"href":"https:\/\/rockyourgoal.de\/nl\/wp-json\/wp\/v2\/media\/7126"}],"wp:attachment":[{"href":"https:\/\/rockyourgoal.de\/nl\/wp-json\/wp\/v2\/media?parent=7106"}],"curies":[{"name":"wp","href":"https:\/\/api.w.org\/{rel}","templated":true}]}}