{"id":6946,"date":"2023-05-08T07:00:00","date_gmt":"2023-05-08T05:00:00","guid":{"rendered":"https:\/\/rockyourgoal.de\/?page_id=6946"},"modified":"2025-01-09T11:01:07","modified_gmt":"2025-01-09T10:01:07","slug":"avoid-convenience-food","status":"publish","type":"page","link":"https:\/\/rockyourgoal.de\/nl\/timeless-challenge\/gesundheit\/avoid-convenience-food\/","title":{"rendered":"Avoid Convenience food &#8211; Verzicht auf Fertiggerichte"},"content":{"rendered":"<p>Hast Du gewusst, dass mehr als zwei Drittel unserer Lebensmittel industriell verarbeitet sind? <em>Na und<\/em>?&#8230;&#8230; wirst Du Dich fragen. Bei dem sogenannten &#8222;Convenience-Food&#8220; (Fertiggerichte) kannst Du Dir merken, dass je st\u00e4rker das Nahrungsmittel verarbeitet ist, desto mehr Zusatz- und Aromastoffe sind in ihm enthalten. <\/p>\n\n\n\n<p>Doch damit nicht genug, enthalten Fertigprodukte meistens viele Kalorien, ungesunde Fette, Haushaltszucker, einfache Kohlenhydrate und kaum wertvolles Eiwei\u00df und s\u00e4ttigende Ballaststoffe. Sie sollten also nicht gerade Deine erste Wahl sein. Hinzu kommen dann noch chemische Inhaltstoffe wie z.B. Geschmackverst\u00e4rker, Konservierungs- und Farbstoffe, Aromen, S\u00e4urungsmittel u.v.m..<\/p>\n\n\n\n<p>Diese Stoffe k\u00f6nnen die Ursache verschiedener Krankheiten sein und rauben Dir im Alltag Energie. <\/p>\n\n\n\n<p>Es lohnt sich also Fertigprodukte durch selbst gekochtes Essen zu ersetzen oder bewusst so einkaufen, und selbst zu kochen ist nicht schwer, macht Spa\u00df und spart Dir Geld. <\/p>\n\n\n<div class=\"wp-block-image\">\n<figure class=\"aligncenter size-full is-resized\"><a href=\"https:\/\/rockyourgoal.de\/wp-content\/uploads\/2022\/05\/avoid-convenience-food.jpg\"><img loading=\"lazy\" decoding=\"async\" width=\"960\" height=\"641\" src=\"https:\/\/rockyourgoal.de\/wp-content\/uploads\/2022\/05\/avoid-convenience-food.jpg\" alt=\"\" class=\"wp-image-6955\" style=\"width:424px;height:282px\" srcset=\"https:\/\/rockyourgoal.de\/wp-content\/uploads\/2022\/05\/avoid-convenience-food.jpg 960w, https:\/\/rockyourgoal.de\/wp-content\/uploads\/2022\/05\/avoid-convenience-food-300x200.jpg 300w, https:\/\/rockyourgoal.de\/wp-content\/uploads\/2022\/05\/avoid-convenience-food-768x513.jpg 768w, https:\/\/rockyourgoal.de\/wp-content\/uploads\/2022\/05\/avoid-convenience-food-18x12.jpg 18w, https:\/\/rockyourgoal.de\/wp-content\/uploads\/2022\/05\/avoid-convenience-food-850x568.jpg 850w\" sizes=\"auto, (max-width: 960px) 100vw, 960px\" \/><\/a><\/figure>\n<\/div>\n\n\n<p><\/p>\n\n\n\n<p>Aus diesem Grund haben wir f\u00fcr Dich die &#8222;Avoid convenience food&#8220; Challenge gestartet, denn unser Ziel ist es auch hier, Dir mit unseren ausgelobten Life-Score Punkten einen kleinen &#8222;Schubs&#8220; zu einem ges\u00fcnderen Leben zu geben. <\/p>\n\n\n<div class=\"wp-block-image\">\n<figure class=\"aligncenter\"><a href=\"https:\/\/rockyourgoal.de\/nl\/timeless-challenge\/#Anmeldung_und_Leistungsumfang\"><img loading=\"lazy\" decoding=\"async\" width=\"300\" height=\"145\" src=\"https:\/\/rockyourgoal.de\/wp-content\/uploads\/2022\/11\/image-3.png\" alt=\"\" class=\"wp-image-9943\" srcset=\"https:\/\/rockyourgoal.de\/wp-content\/uploads\/2022\/11\/image-3.png 300w, https:\/\/rockyourgoal.de\/wp-content\/uploads\/2022\/11\/image-3-18x9.png 18w\" sizes=\"auto, (max-width: 300px) 100vw, 300px\" \/><\/a><figcaption class=\"wp-element-caption\"><a href=\"https:\/\/rockyourgoal.de\/nl\/timeless-challenge\/#Anmeldung_und_Leistungsumfang\">Die &#8222;<em>Avoid convenience food<\/em>&#8220; Challenge ist eine\u00a0Timeless Challenge. Mach mit!<\/a><\/figcaption><\/figure>\n<\/div>\n\n\n<p><strong><em>Folge uns und bleib informiert!<\/em><\/strong><\/p>\n\n\n\n<ul class=\"wp-block-list\">\n<li><strong>Instagram<\/strong>:&nbsp;<a rel=\"noreferrer noopener\" href=\"https:\/\/www.instagram.com\/timeless_challenge\" target=\"_blank\">@timeless_challenge<\/a><\/li>\n\n\n\n<li><strong>Facebook<\/strong>:&nbsp;<a rel=\"noreferrer noopener\" href=\"https:\/\/www.facebook.com\/rockyourgoal\" target=\"_blank\">Rockyourgoal<\/a><\/li>\n\n\n\n<li><strong>Twitter<\/strong>:&nbsp;<a rel=\"noreferrer noopener\" href=\"https:\/\/www.twitter.com\/goal_rock\" target=\"_blank\">@goal_rock<\/a><\/li>\n<\/ul>\n\n\n\n<blockquote class=\"wp-block-quote is-layout-flow wp-block-quote-is-layout-flow\">\n<p><strong><em>Wir wollen&nbsp;<a rel=\"noreferrer noopener\" href=\"https:\/\/rockyourgoal.de\/nl\/big5forlife\/trees4breeze\/\" target=\"_blank\">eine Million B\u00e4ume weltweit pflanzen<\/a>&nbsp;ohne um Spenden zu betteln!<\/em><\/strong>Uwe Kauntz<\/p>\n<\/blockquote>\n\n\n\n<h2 class=\"wp-block-heading\">Wie funktioniert die Avoid convenience food Challenge?<\/h2>\n\n\n\n<p>Als Erstes solltest Du Dich mal fragen ob und wie viele industriell verarbeitete Fertigprodukte Du normalerweise zu Dir nimmst. Du solltest wissen worauf Du die n\u00e4chsten <strong>30 Tage<\/strong> verzichten wirst \ud83d\ude09 Uns ist nat\u00fcrlich bewusst, dass Du wahrscheinlich keinen Erfolg haben wirst, wenn Du wirklich auf ALLE Fertigprodukte\/verarbeitete Lebensmittel verzichten musst. Deshalb haben wir die folgenden zwei Kategorien gebildet. Das Ziel ist es, dass Du in 30 Tagen auf Fertigprodukte aus mindestens einer Kategorie verzichtest. <\/p>\n\n\n\n<ol class=\"wp-block-list\">\n<li>Verzicht auf &#8222;g\u00e4ngige&#8220; Fertigproduktee (z.B. Aufbackpizza, Mikrowellengerichte oder Fast-Food aus Schnellrestaurants, Dosen- und Instantprodukte wie T\u00fctensuppen, -so\u00dfen, Aufw\u00e4rmnudelgerichte o.\u00e4.)<\/li>\n\n\n\n<li>Verzicht auf alle Fertigprodukte\/verarbeitete Lebensmittel. Also auf alle Produkte aus der ersten Kategorie plus den \u00fcbrigen, verarbeiteten Lebensmitteln wie (z.B. Nudeln, Brot und Pommes selber machen, nur frisches Obst, Gem\u00fcse oder Milch verwenden)<\/li>\n<\/ol>\n\n\n\n<p>Du merkst schon, dass die zweite Kategorie viel schwerer einzuhalten ist als die Erste. Deshalb kannst Du die Life-Score-Points bei der zweiten Kategorie zweimal geltend machen (20 LSP\u00b4s).<\/p>\n\n\n\n<h2 class=\"wp-block-heading\">Wie kannst Du bei der&nbsp;<em>Avoid convenience food Challenge<\/em>&nbsp;mitmachen?<\/h2>\n\n\n\n<ol class=\"wp-block-list\">\n<li><a href=\"https:\/\/rockyourgoal.de\/nl\/timeless-challenge\/#Anmeldung_und_Leistungsumfang\">Melde Dich bei der Timeless Challenge an!<\/a><\/li>\n\n\n\n<li><a href=\"https:\/\/rockyourgoal.de\/nl\/wb-admin\/?action=register\">Registriere Dich (falls noch nicht geschehen) bei dieser Seite (klick auf diesen Satz)<\/a><\/li>\n\n\n\n<li>Wenn Du 30 Tage lang auf verarbeitete Lebensmittel verzichtet hast, dann f\u00fcll bitte das untere Formular (nur sichtbar wenn Du registriert und angemeldet bist) aus. Wir schicken Dir die Murmel zu. Die Life Score Points werden Dir automatisch gutgeschrieben und im\u00a0<a href=\"https:\/\/rockyourgoal.de\/nl\/timeless-challenge\/#Life_Museum\">Life Museum<\/a>\u00a0erg\u00e4nzt. Bitte schreibe Deine Lieferadresse in die \u201eNotes\u201c im Formular.<\/li>\n<\/ol>\n\n\n\n\n\n\n<h2 class=\"wp-block-heading\">Life-Score Punkte f\u00fcr die &#8222;Avoid convenience food challenge&#8220;<\/h2>\n\n\n<div class=\"wp-block-image\">\n<figure class=\"aligncenter size-medium\"><img loading=\"lazy\" decoding=\"async\" width=\"300\" height=\"300\" src=\"https:\/\/rockyourgoal.de\/wp-content\/uploads\/2022\/12\/image-300x300.png\" alt=\"\" class=\"wp-image-10036\" srcset=\"https:\/\/rockyourgoal.de\/wp-content\/uploads\/2022\/12\/image.png 300w, https:\/\/rockyourgoal.de\/wp-content\/uploads\/2022\/12\/image-150x150.png 150w, https:\/\/rockyourgoal.de\/wp-content\/uploads\/2022\/12\/image-12x12.png 12w\" sizes=\"auto, (max-width: 300px) 100vw, 300px\" \/><figcaption class=\"wp-element-caption\">Deine personalisierten Life-Score-Punkte<\/figcaption><\/figure>\n<\/div>\n\n\n<figure class=\"wp-block-table\"><table><tbody><tr><td><strong>Logo<\/strong><\/td><td><strong>Name<\/strong><\/td><td><strong>Life-Score Punkte<\/strong><\/td><td><strong>Anmerkung<\/strong><\/td><\/tr><tr><td><img loading=\"lazy\" decoding=\"async\" width=\"150\" height=\"107\" class=\"wp-image-7004\" style=\"width: 150px;\" src=\"http:\/\/rockyourgoal.de\/wp-content\/uploads\/2022\/05\/avoin-convenience-food-challenge-logo.png\" alt=\"\" srcset=\"https:\/\/rockyourgoal.de\/wp-content\/uploads\/2022\/05\/avoin-convenience-food-challenge-logo.png 3908w, https:\/\/rockyourgoal.de\/wp-content\/uploads\/2022\/05\/avoin-convenience-food-challenge-logo-300x215.png 300w, https:\/\/rockyourgoal.de\/wp-content\/uploads\/2022\/05\/avoin-convenience-food-challenge-logo-1024x734.png 1024w, https:\/\/rockyourgoal.de\/wp-content\/uploads\/2022\/05\/avoin-convenience-food-challenge-logo-768x550.png 768w, https:\/\/rockyourgoal.de\/wp-content\/uploads\/2022\/05\/avoin-convenience-food-challenge-logo-1536x1101.png 1536w, https:\/\/rockyourgoal.de\/wp-content\/uploads\/2022\/05\/avoin-convenience-food-challenge-logo-2048x1467.png 2048w, https:\/\/rockyourgoal.de\/wp-content\/uploads\/2022\/05\/avoin-convenience-food-challenge-logo-18x12.png 18w, https:\/\/rockyourgoal.de\/wp-content\/uploads\/2022\/05\/avoin-convenience-food-challenge-logo-850x609.png 850w\" sizes=\"auto, (max-width: 150px) 100vw, 150px\" \/><\/td><td>avoid convenience food<\/td><td>10 oder 20<\/td><td>30 Tage lang<\/td><\/tr><\/tbody><\/table><\/figure>\n\n\n\n<h2 class=\"wp-block-heading\">Die Avoid Convenenience Food Challenge auf Social Media<\/h2>\n\n\n\n<p>Nat\u00fcrlich kannst Du Deine Erfahrungen auch \u00fcber unsere Social Media Kan\u00e4le austauschen und Dir wertvolle Tipps holen. <\/p>\n\n\n\n<h3 class=\"wp-block-heading\">Die Avoid Convenience Food Challenge auf Facebook<\/h3>\n\n\n\n<p>Du bist herzlich eingeladen Dich in unserer Facebook Gruppe &#8222;<em>Gesundheit<\/em>&#8220; auszutauschen<\/p>\n\n\n\n<h3 class=\"wp-block-heading\">Hashtags<\/h3>\n\n\n\n<ul class=\"wp-block-list\">\n<li>#timelesschallenge<\/li>\n\n\n\n<li>#tcavoidconveniencefoodchallenge<\/li>\n\n\n\n<li>#timelesschallenger<\/li>\n<\/ul>\n\n\n\n<p><br><\/p>","protected":false},"excerpt":{"rendered":"<p>Hast Du gewusst, dass mehr als zwei Drittel unserer Lebensmittel industriell verarbeitet sind? Na und?&#8230;&#8230; wirst Du Dich fragen. Bei dem sogenannten &#8222;Convenience-Food&#8220; (Fertiggerichte) kannst Du Dir merken, dass je st\u00e4rker das Nahrungsmittel verarbeitet ist, desto mehr Zusatz- und Aromastoffe sind in ihm enthalten. Doch damit nicht genug, enthalten Fertigprodukte&hellip;<\/p>\n<p> <a class=\"more-link\" href=\"https:\/\/rockyourgoal.de\/nl\/timeless-challenge\/gesundheit\/avoid-convenience-food\/\">Lees verder<\/a><\/p>","protected":false},"author":2,"featured_media":7004,"parent":12548,"menu_order":0,"comment_status":"open","ping_status":"closed","template":"","meta":{"pgc_sgb_lightbox_settings":"","_glsr_average":0,"_glsr_ranking":0,"_glsr_reviews":0,"footnotes":""},"class_list":["post-6946","page","type-page","status-publish","has-post-thumbnail"],"_links":{"self":[{"href":"https:\/\/rockyourgoal.de\/nl\/wp-json\/wp\/v2\/pages\/6946","targetHints":{"allow":["GET"]}}],"collection":[{"href":"https:\/\/rockyourgoal.de\/nl\/wp-json\/wp\/v2\/pages"}],"about":[{"href":"https:\/\/rockyourgoal.de\/nl\/wp-json\/wp\/v2\/types\/page"}],"author":[{"embeddable":true,"href":"https:\/\/rockyourgoal.de\/nl\/wp-json\/wp\/v2\/users\/2"}],"replies":[{"embeddable":true,"href":"https:\/\/rockyourgoal.de\/nl\/wp-json\/wp\/v2\/comments?post=6946"}],"version-history":[{"count":20,"href":"https:\/\/rockyourgoal.de\/nl\/wp-json\/wp\/v2\/pages\/6946\/revisions"}],"predecessor-version":[{"id":18183,"href":"https:\/\/rockyourgoal.de\/nl\/wp-json\/wp\/v2\/pages\/6946\/revisions\/18183"}],"up":[{"embeddable":true,"href":"https:\/\/rockyourgoal.de\/nl\/wp-json\/wp\/v2\/pages\/12548"}],"wp:featuredmedia":[{"embeddable":true,"href":"https:\/\/rockyourgoal.de\/nl\/wp-json\/wp\/v2\/media\/7004"}],"wp:attachment":[{"href":"https:\/\/rockyourgoal.de\/nl\/wp-json\/wp\/v2\/media?parent=6946"}],"curies":[{"name":"wp","href":"https:\/\/api.w.org\/{rel}","templated":true}]}}