{"id":5704,"date":"2023-01-02T07:00:00","date_gmt":"2023-01-02T06:00:00","guid":{"rendered":"https:\/\/rockyourgoal.de\/?page_id=5704"},"modified":"2025-01-10T10:05:45","modified_gmt":"2025-01-10T09:05:45","slug":"drahtesel-on-tour","status":"publish","type":"page","link":"https:\/\/rockyourgoal.de\/nl\/timeless-challenge\/umwelt\/drahtesel-on-tour\/","title":{"rendered":"Drahtesel on Tour"},"content":{"rendered":"<p>Vor wenigen Jahren bin ich mit meiner Familie den ber\u00fchmten <a rel=\"noreferrer noopener\" href=\"https:\/\/rockyourgoal.de\/nl\/an-der-donau-von-passau-nach-wien\/\" target=\"_blank\">Donauradweg von Passau nach Wien<\/a> gefahren, meine erste gr\u00f6\u00dfere Radtour und seither liebe es seither mit dem Fahrrad unterwegs zu sein. <\/p>\n\n\n\n<p>Touren mit dem Drahtesel haben so viele Vorteile, aber ich sch\u00e4tze vor allem das intensive Erleben von Land und Leuten und die Bewegung. Radtouren kannst Du in jedem Alter machen und es ist eigentlich nicht wichtig ob Du das eBike nutzt oder mit reiner Muskelkraft Fahrrad f\u00e4hrst. Es geht darum aktiv zu werden und wertvolle Lebenszeit mit vielen unvergesslichen Momenten zu erleben. <\/p>\n\n\n\n<p>Aus diesem Grund m\u00f6chten wir Dir auch Life-Score Punkte f\u00fcr Mehrtagestouren mit dem Drahtesel geben. Diese z\u00e4hlen in der Timeless Challenge zu dem Bereich &#8222;<em>Unser Planet<\/em>&#8222;, da Du damit die Umwelt sch\u00fctzt. Du erh\u00e4ltst also eine blaue Murmel.  <\/p>\n\n\n\n<p>Nat\u00fcrlich w\u00fcrden diese Challenges auch f\u00fcr den Bereich Gesundheit passen, aber hier sehen wir die umweltfreundliche Fortbewegung, das Erleben der Natur und die nachhaltige Form des Urlaubs mit dem Fahrrad im Vordergrund. <\/p>\n\n\n<div class=\"wp-block-image\">\n<figure class=\"aligncenter size-full is-resized\"><a href=\"https:\/\/rockyourgoal.de\/wp-content\/uploads\/2022\/02\/fahrradtour-drahtesel-on-tour.jpg\"><img loading=\"lazy\" decoding=\"async\" width=\"960\" height=\"640\" src=\"https:\/\/rockyourgoal.de\/wp-content\/uploads\/2022\/02\/fahrradtour-drahtesel-on-tour.jpg\" alt=\"\" class=\"wp-image-5746\" style=\"width:438px;height:292px\" srcset=\"https:\/\/rockyourgoal.de\/wp-content\/uploads\/2022\/02\/fahrradtour-drahtesel-on-tour.jpg 960w, https:\/\/rockyourgoal.de\/wp-content\/uploads\/2022\/02\/fahrradtour-drahtesel-on-tour-300x200.jpg 300w, https:\/\/rockyourgoal.de\/wp-content\/uploads\/2022\/02\/fahrradtour-drahtesel-on-tour-768x512.jpg 768w, https:\/\/rockyourgoal.de\/wp-content\/uploads\/2022\/02\/fahrradtour-drahtesel-on-tour-850x567.jpg 850w\" sizes=\"auto, (max-width: 960px) 100vw, 960px\" \/><\/a><\/figure>\n<\/div>\n\n\n<h2 class=\"wp-block-heading\" id=\"regeln\">Regeln<\/h2>\n\n\n\n<p>Wir ver\u00f6ffentlichen auf dieser Seite die bekanntesten Rradtouren und vergeben daf\u00fcr individuelle Life-Score Punkte. Je nach L\u00e4nge und Schwierigkeitsgrad werden diese variieren. Sobald Du eine dieser Touren gefahren bist, hast Du Dir die Punkte redlich verdient. Diese z\u00e4hlen dann f\u00fcr Deinen Lebensbereich &#8222;Unser Planet&#8220;. <\/p>\n\n\n<div class=\"wp-block-image\">\n<figure class=\"aligncenter\"><a href=\"https:\/\/rockyourgoal.de\/nl\/timeless-challenge\/#Anmeldung_und_Leistungsumfang\"><img loading=\"lazy\" decoding=\"async\" width=\"300\" height=\"145\" src=\"https:\/\/rockyourgoal.de\/wp-content\/uploads\/2022\/12\/image-1.png\" alt=\"\" class=\"wp-image-10083\" srcset=\"https:\/\/rockyourgoal.de\/wp-content\/uploads\/2022\/12\/image-1.png 300w, https:\/\/rockyourgoal.de\/wp-content\/uploads\/2022\/12\/image-1-18x9.png 18w\" sizes=\"auto, (max-width: 300px) 100vw, 300px\" \/><\/a><figcaption class=\"wp-element-caption\"><a href=\"https:\/\/rockyourgoal.de\/nl\/timeless-challenge\/#Anmeldung_und_Leistungsumfang\">Die &#8222;Drahtesel on Tour&#8220;-Challenge geh\u00f6rt nat\u00fcrlich auch zur Timeless Challenge. Mach mit!<\/a><\/figcaption><\/figure>\n<\/div>\n\n\n<p><strong><em>Folge uns und bleib informiert!<\/em><\/strong><\/p>\n\n\n\n<ul class=\"wp-block-list\">\n<li><strong>Instagram<\/strong>:&nbsp;<a rel=\"noreferrer noopener\" href=\"https:\/\/www.instagram.com\/timeless_challenge\" target=\"_blank\">@timeless_challenge<\/a><\/li>\n\n\n\n<li><strong>Facebook<\/strong>:&nbsp;<a rel=\"noreferrer noopener\" href=\"https:\/\/www.facebook.com\/rockyourgoal\" target=\"_blank\">Rockyourgoal<\/a><\/li>\n\n\n\n<li><strong>Twitter<\/strong>:&nbsp;<a rel=\"noreferrer noopener\" href=\"https:\/\/www.twitter.com\/goal_rock\" target=\"_blank\">@goal_rock<\/a><\/li>\n<\/ul>\n\n\n\n<h2 class=\"wp-block-heading\" id=\"fahrradtouren-und-deren-life-score-punkte\">Radtouren und deren Life-Score Punkte<\/h2>\n\n\n\n<p>Um diese absolut sinnvolle Challenge\/Unterst\u00fctzung zu meistern, hast Du verschiedene M\u00f6glichkeiten (siehe weiter unten). Dem entsprechend kannst Du auch unterschiedlich viele&nbsp;<em>Life-Score<\/em>&nbsp;Punkte und die beliebten Murmeln in blau sammeln.<\/p>\n\n\n<div class=\"wp-block-image\">\n<figure class=\"aligncenter\"><img loading=\"lazy\" decoding=\"async\" width=\"300\" height=\"300\" src=\"https:\/\/rockyourgoal.de\/wp-content\/uploads\/2022\/08\/LSP-Unser_Planet-300x300.png\" alt=\"\" class=\"wp-image-8298\" srcset=\"https:\/\/rockyourgoal.de\/wp-content\/uploads\/2022\/08\/LSP-Unser_Planet-300x300.png 300w, https:\/\/rockyourgoal.de\/wp-content\/uploads\/2022\/08\/LSP-Unser_Planet-150x150.png 150w, https:\/\/rockyourgoal.de\/wp-content\/uploads\/2022\/08\/LSP-Unser_Planet-768x769.png 768w, https:\/\/rockyourgoal.de\/wp-content\/uploads\/2022\/08\/LSP-Unser_Planet-12x12.png 12w, https:\/\/rockyourgoal.de\/wp-content\/uploads\/2022\/08\/LSP-Unser_Planet-850x851.png 850w, https:\/\/rockyourgoal.de\/wp-content\/uploads\/2022\/08\/LSP-Unser_Planet.png 1000w\" sizes=\"auto, (max-width: 300px) 100vw, 300px\" \/><figcaption class=\"wp-element-caption\">Hol Dir die beliebte blaue Murmeln und Life-Score-Punkte in blau!<\/figcaption><\/figure>\n<\/div>\n\n\n<p>Du siehst, dass wir uns viel M\u00fche gegeben haben mit der Auflistung der besten Fahrradtouren. Nat\u00fcrlich haben wir mit Radtouren in Deutschland, \u00d6sterreich und der Schweiz begonnen, m\u00f6chten aber immer mehr Fahrradtouren zur Verf\u00fcgung stellen. Wenn Du diesbez\u00fcglich noch einen Vorschlag hast, dann schreib uns einfach an! Wir pr\u00fcfen Deinen Vorschlag  und nehmen diesen dann gerne auf. <\/p>\n\n\n\n<h3 class=\"wp-block-heading\" id=\"fahrradtouren-in-deutschland\">Radtouren in Deutschland<\/h3>\n\n\n\n<figure class=\"wp-block-table\"><table><tbody><tr><td><strong>Name der Fahrradtour<\/strong><\/td><td><strong>Kilometerzahl<\/strong><\/td><td><strong>Tagesetappen<\/strong><\/td><td><strong>Life-Score Punkte<\/strong><\/td><td><strong>Beschreibung und weiterf\u00fchrende Infos<\/strong><\/td><\/tr><tr><td>Donauradweg von Passau nach Wien<\/td><td>320<\/td><td>4 bis 7<\/td><td>10<\/td><td>Wundersch\u00f6ne Fahrradtour entlang der Donau<\/td><\/tr><tr><td>D-Route 1 &#8211; Nordseek\u00fcste<\/td><td>6000<\/td><td>75 bis 150<\/td><td>200<\/td><td>Der D-1 ist der l\u00e4ngste Radweg der Welt (North Sea \u00adCycle \u00adRoute) und f\u00fchrt Dich durch acht L\u00e4nder. <br><em>Du musst die Etappen nicht &#8222;am St\u00fcck&#8220; fahren<\/em><\/td><\/tr><tr><td>D-Route 2 &#8211; Ostseek\u00fcste<\/td><td>1100<\/td><td>14 bis 20<\/td><td>100<\/td><td>Der D-2 ist unheimlich abwechslungsreich entlang der Ostseek\u00fcste. Dir wird sicher nicht langweilig! <br><em>Du musst die Etappen nicht &#8222;am St\u00fcck&#8220; fahren<\/em><\/td><\/tr><tr><td>D-Route 3 &#8211; Europaradweg R1<\/td><td>1000<\/td><td>13 bis 18<\/td><td>100<\/td><td>Der D-3 ist der deutsche Teil des Europaradweges R1 und f\u00fchrt von der polnischen Grenze bis zur niederl\u00e4ndischen Grenze quer durch Deutschland. <br><em>Du musst die Etappen nicht &#8222;am St\u00fcck&#8220; fahren<\/em><\/td><\/tr><tr><td>D-Route 4 &#8211; Mittellandroute<\/td><td>1074<\/td><td>14 bis 19<\/td><td>100<\/td><td>Der D-4 verbindet mit Aachen und Zittau den westlichsten mit dem \u00f6stlichsten Punkt Deutschlands. <br><em>Du musst die Etappen nicht &#8222;am St\u00fcck&#8220; fahren<\/em><\/td><\/tr><tr><td>D-Route 5: Saar\u2009\u2013\u2009Mosel\u2009\u2013\u2009Main<\/td><td>987<\/td><td>13 bis 18<\/td><td>10<\/td><td>Der D-5 verbindet den Saar-Radweg von Saarbr\u00fccken bis Konz, Mosel-Radweg von Konz bis Koblenz, Rhein-Radweg von Koblenz bis Mainz, Main-Radweg von Mainz bis Bayreuth und der Fichtelgebirgsradweg bzw. die Radroute Burgenstra\u00dfe von Bayreuth bis zur tschechischen Grenze.<br><em>Du musst die Etappen nicht &#8222;am St\u00fcck&#8220; fahren<\/em><\/td><\/tr><tr><td>D-Route 6: Deutsche Donau-Route<\/td><td>600<\/td><td>7 bis 15<\/td><td>10<\/td><td>Der deutsche Routenverlauf des Donau-Radweges f\u00fchrt von Weil am Rhein \u00fcber Sigmaringen und Donauw\u00f6rth nach Passau.<\/td><\/tr><tr><td>D-Route 7: Pilger-Route<\/td><td>1000<\/td><td>13 bis 18<\/td><td>100<\/td><td>Die Pilger-Route ist Teil einer europ\u00e4ischen Eurovelo-Route von Trondheim in Norwegen nach Santiago de Compostela in Spanien. In Deutschland f\u00fchrt sie rund 1000 Kilometer von Flensburg zur Domstadt Aachen.<br><em>Du musst die Etappen nicht &#8222;am St\u00fcck&#8220; fahren<\/em><\/td><\/tr><tr><td>D-Route 8: Rhein-Route<\/td><td>1074<\/td><td>14 bis 19<\/td><td>100<\/td><td>Der deutsche Rhein zwischen Emmerich und Basel f\u00fchrt \u00fcberwiegend asphaltiert, meist autofrei und verl\u00e4uft am mittleren Rhein mit den Highlights wie z.B. das m\u00e4rchenhafte Mittelrheintal begleiten romantische Burgen, Ruinen und Felsen wie die Loreley.<br><em>Du musst die Etappen nicht &#8222;am St\u00fcck&#8220; fahren<\/em><\/td><\/tr><tr><td>D-Route 9: Weser\u2009\u2013\u2009Romantische Stra\u00dfe<\/td><td>1174<\/td><td>15 bis 21<\/td><td>100<\/td><td>Auf dieser Route durchf\u00e4hrt man Deutschland auf der direktesten Nord-S\u00fcd-Linie, die die wesentlichen Landschaftsmerkmale und eine Vielzahl von kulturellen und historischen Sehensw\u00fcrdigkeiten beinhaltet.<br><em>Du musst die Etappen nicht &#8222;am St\u00fcck&#8220; fahren<\/em><\/td><\/tr><tr><td>D-Route 10: Elberadweg<\/td><td>797<\/td><td>10 bis 15<\/td><td>10<\/td><td>Die D-Route 10 ist bis auf kurze Passagen in Sachsen praktisch steigungsfrei. Entlang der Elbe bietet sich eine wahre Vielfalt an Naturerlebnissen. Von der reichen Vogelwelt der Elbtalauen, dem waldreichen Naturschutzgebiet bei Lauenburg, der naturverbundenen Kulturlandschaft \u201eAltes Land\u201c bis hin zum Nationalpark Wattenmeer gibt es viel zu entdecken.<br><em>Du musst die Etappen nicht &#8222;am St\u00fcck&#8220; fahren<\/em><\/td><\/tr><tr><td>D-Route 11: Ostsee \u2013 Oberbayern<\/td><td>1600<\/td><td>20 bis 30<\/td><td>100<\/td><td>Dies ist neben der D-Route 9 die zweite gro\u00dfe Nord-S\u00fcd-Durchquerung Deutschlands. Sie verl\u00e4uft \u00fcber ca. 1600 Kilometer von Rostock nach Freilassing.<br><em>Du musst die Etappen nicht &#8222;am St\u00fcck&#8220; fahren<\/em><\/td><\/tr><tr><td>D-Route 12: Oder-Nei\u00dfe-Radweg<\/td><td>600<\/td><td>7 bis 15<\/td><td>10<\/td><td>Auf dem Oder-Nei\u00dfe-Radweg kann man die Ostgrenze Deutschlands entdecken. Diese Region ist eine d\u00fcnn besiedelte flache Flusstalregion.<br><em>Du musst die Etappen nicht &#8222;am St\u00fcck&#8220; fahren<\/em><\/td><\/tr><\/tbody><\/table><\/figure>\n\n\n\n<h3 class=\"wp-block-heading\">Radtouren in Frankreich<\/h3>\n\n\n\n<figure class=\"wp-block-table\"><table><tbody><tr><td><strong>Name der Fahrradtour<\/strong><\/td><td><strong>Kilometerzahl<\/strong><\/td><td><strong>Tagesetappen<\/strong><\/td><td><strong>Life-Score Punkte<\/strong><\/td><td><strong>Beschreibung und weiterf\u00fchrende Infos<\/strong><\/td><\/tr><tr><td>La V\u00e9lodyss\u00e9e<\/td><td>1300<\/td><td>7+<\/td><td>100<\/td><td>Aus England kommend, beginnt der Radfernweg La V\u00e9lodyss\u00e9e in der Bretagne und f\u00fchrt anschlie\u00dfend auf Radwanderwegen die Atlantikk\u00fcste hinunter bis zur nach Costa Vasca, im Baskenland. <br>Diese Radtour ist einfach wundersch\u00f6n, denn der Atlantik ist Dein st\u00e4ndiger Begleiter und sowohl die vielen Sehensw\u00fcrdigkeiten als auch wunderbare Fischgerichte machen diese Tour unvergesslich. Die V\u00e9lodyss\u00e9e ist gut ausgebaut und leicht zu fahren. Geeignet auch f\u00fcr Anf\u00e4nger und Familien. <br>Weitere Informationen findest Du unter <a href=\"https:\/\/de.francevelotourisme.com\/radroute\/la-velodyssee\" target=\"_blank\" rel=\"noreferrer noopener\">France Velo Tourisme<\/a><\/td><\/tr><\/tbody><\/table><\/figure>\n\n\n\n<h3 class=\"wp-block-heading\" id=\"fahrradtouren-in-osterreich\">Fahrradtouren in \u00d6sterreich<\/h3>\n\n\n\n<figure class=\"wp-block-table\"><table><tbody><tr><td><strong>Name der Fahrradtour<\/strong><\/td><td><strong>Kilometerzahl<\/strong><\/td><td><strong>Tagesetappen<\/strong><\/td><td><strong>Life-Score Punkte<\/strong><\/td><td><strong>Beschreibung und weiterf\u00fchrende Infos<\/strong><\/td><\/tr><tr><td>Alpe-Adria-Radweg<\/td><td>410<\/td><td>5 bis 9<\/td><td>10<\/td><td>Von Salzburg bis an die Urlauberstr\u00e4nde Italiens strampeln \u2013 der Alpe-Adria-Radweg macht diesen Radlertraum tats\u00e4chlich m\u00f6glich.<\/td><\/tr><tr><td>Drauradweg<\/td><td>283<\/td><td>3 bis 5<\/td><td>10<\/td><td>Auf dem bestens ausgeschilderten Drauradweg folgt man dem Fluss auf fast 300 Kilometern von Osttirol \u00fcber S\u00fcdtirol nach K\u00e4rnten<\/td><\/tr><tr><td>Ennsradweg<\/td><td>250<\/td><td>3 bis 6<\/td><td>10<\/td><td>Dieser Radweg f\u00fchrt Dich von der Niederen Tauern bis zur Donau. Die Gegend an der Enns \u00e4ndert sich st\u00e4ndig, so dass der der l\u00e4ngste Binnenfluss des Landes viel Abwechslung zu bieten hat<\/td><\/tr><tr><td>Gro\u00dfglockner-Hochalpenstra\u00dfe-Radweg<\/td><td>252<\/td><td>4 bis 6<\/td><td>10<\/td><td>\u00dcber 1700 H\u00f6henmeter musst Du bei diesem Radweg bew\u00e4ltigen. Teil dieses spektakul\u00e4ren Radweges ist die 48 km lange Panoramastra\u00dfe \u00fcber die P\u00e4sse Fuscher T\u00f6rl und Hochtor.<\/td><\/tr><\/tbody><\/table><\/figure>\n\n\n\n<h3 class=\"wp-block-heading\" id=\"fahrradtouren-in-der-schweiz\">Fahrradtouren in der Schweiz<\/h3>\n\n\n\n<figure class=\"wp-block-table\"><table><tbody><tr><td><strong>Name der Fahrradtour<\/strong><\/td><td><strong>Kilometerzahl<\/strong><\/td><td><strong>Tagesetappen<\/strong><\/td><td><strong>Life-Score Punkte<\/strong><\/td><td><strong>Beschreibung und weiterf\u00fchrende Informationen<\/strong><\/td><\/tr><tr><td>Aare Radtour<\/td><td>345<\/td><td>5 bis 8<\/td><td>10<\/td><td>Der Radweg entlang der Aare ist in der  Schweiz bekannt. Die Strecke startet vor einer beeindruckenden Bergkulisse in Interlaken und f\u00fchrt in die Landeshauptstadt Bern.<\/td><\/tr><tr><td>Alpen\u00fcberquerung \u2013 Von Nord nach S\u00fcd<\/td><td>340<\/td><td>5 bis 8<\/td><td>10<\/td><td>Die Route verbindet zwei der sch\u00f6nsten St\u00e4dte der Schweiz&nbsp;Basel und Lugano<\/td><\/tr><tr><td>Jura-Route<\/td><td>295<\/td><td>5 bis 7<\/td><td>10<\/td><td>Die Tour f\u00fchrt dich \u00fcber einsame&nbsp;Hochebenen, teils mit spektakul\u00e4ren&nbsp;Fernsichten&nbsp;\u00fcber das Schweizer Mittelland und in die&nbsp;Hochalpen<\/td><\/tr><tr><td>Rhein-Radweg in der Schweiz<\/td><td>250<\/td><td>4 bis 6<\/td><td>10<\/td><td>Diese Radtour durch das Hochgebirge f\u00fchrt durch die Alpenl\u00e4nder Schweiz, Liechtenstein und \u00d6sterreich und ist trotzdem leicht einzustufen. <\/td><\/tr><tr><td>Rh\u00f4ne-Route in der Schweiz<\/td><td>290<\/td><td>4 bis 7<\/td><td>10<\/td><td>Der Fernradweg entlang der Rh\u00f4ne f\u00fchrt durch verschiedene Landschaften. Dabei ist die beeindruckende Bergkulisse von Wallis zu sehen<\/td><\/tr><\/tbody><\/table><\/figure>\n\n\n\n<h2 class=\"wp-block-heading\" id=\"so-kannst-du-bei-der-drahtesel-on-tour-challenge-mitmachen\">So kannst Du bei der &#8222;Drahtesel on Tour&#8220; Challenge mitmachen<\/h2>\n\n\n\n<ul class=\"wp-block-list\">\n<li>Such Dir eine sch\u00f6ne Fahrradtour aus, genie\u00df die Erlebnisse sowie Land und Leute.<\/li>\n\n\n\n<li><a href=\"https:\/\/rockyourgoal.de\/nl\/timeless-challenge\/#Anmeldung_und_Leistungsumfang\">Melde Dich bei der Timeless Challenge an!<\/a><\/li>\n\n\n\n<li><a href=\"https:\/\/rockyourgoal.de\/nl\/wb-admin\/?action=register\">Registriere Dich (falls noch nicht geschehen) bei dieser Seite (klick auf diesen Satz)<\/a><\/li>\n\n\n\n<li>Such Dir eine sch\u00f6ne Fahrradtour aus, genie\u00df die Erlebnisse sowie Land und Leute.<\/li>\n\n\n\n<li>Wenn Du die Tour hast, dann f\u00fcll bitte das passende (Punkte beachten), untere Formular (nur sichtbar wenn Du registriert und angemeldet bist) aus. Wir schicken Dir die Murmel zu. Die Life Score Points werden Dir automatisch gutgeschrieben und im\u00a0<a href=\"https:\/\/rockyourgoal.de\/nl\/timeless-challenge\/#Life_Museum\">Life Museum<\/a>\u00a0erg\u00e4nzt. Bitte schreibe Deine Lieferadresse in die \u201eNotes\u201c im Formular.<\/li>\n<\/ul>\n\n\n\n\n\n\n\n\n\n\n\n\n<h2 class=\"wp-block-heading\" id=\"drahtesel-on-tour-in-social-media\">Drahtesel on Tour in Social Media<\/h2>\n\n\n\n<p>Du wirst auf Deinen Radtouren bestimmt viele Orte und tolle Aussichten fotografieren. Wir freuen uns, wenn wir Deine Bilder und Videos anschauen d\u00fcrfen. <\/p>\n\n\n\n<h3 class=\"wp-block-heading\" id=\"facebook-gruppe-fur-drahtesel-on-tour\">Facebook Gruppe f\u00fcr &#8222;Drahtesel on Tour&#8220;<\/h3>\n\n\n\n<p>Wir laden Dich herzlich zum zwanglosen Austausch \u00fcber diese Challenge in unsere Gruppe &#8222;<em>Unser Planet<\/em>&#8220; in Facebook ein.<\/p>\n\n\n\n<h3 class=\"wp-block-heading\" id=\"unsere-hashtags\"># Unsere Hashtags<\/h3>\n\n\n\n<p>Wir haben f\u00fcr Dich die folgenden Hashtags f\u00fcr Instagram, Twitter und Co. vorbereitet:<\/p>\n\n\n\n<ul class=\"wp-block-list\">\n<li>#timelesschallenge (zeig, dass Du die Idee gut findest)<\/li>\n\n\n\n<li>#tcdrahteselontour<\/li>\n\n\n\n<li>#timelesschallenger<\/li>\n<\/ul>","protected":false},"excerpt":{"rendered":"<p>Vor wenigen Jahren bin ich mit meiner Familie den ber\u00fchmten Donauradweg von Passau nach Wien gefahren, meine erste gr\u00f6\u00dfere Radtour und seither liebe es seither mit dem Fahrrad unterwegs zu sein. Touren mit dem Drahtesel haben so viele Vorteile, aber ich sch\u00e4tze vor allem das intensive Erleben von Land und&hellip;<\/p>\n<p> <a class=\"more-link\" href=\"https:\/\/rockyourgoal.de\/nl\/timeless-challenge\/umwelt\/drahtesel-on-tour\/\">Lees verder<\/a><\/p>","protected":false},"author":2,"featured_media":5767,"parent":12595,"menu_order":0,"comment_status":"open","ping_status":"closed","template":"","meta":{"pgc_sgb_lightbox_settings":"","_glsr_average":0,"_glsr_ranking":0,"_glsr_reviews":0,"footnotes":""},"class_list":["post-5704","page","type-page","status-publish","has-post-thumbnail"],"_links":{"self":[{"href":"https:\/\/rockyourgoal.de\/nl\/wp-json\/wp\/v2\/pages\/5704","targetHints":{"allow":["GET"]}}],"collection":[{"href":"https:\/\/rockyourgoal.de\/nl\/wp-json\/wp\/v2\/pages"}],"about":[{"href":"https:\/\/rockyourgoal.de\/nl\/wp-json\/wp\/v2\/types\/page"}],"author":[{"embeddable":true,"href":"https:\/\/rockyourgoal.de\/nl\/wp-json\/wp\/v2\/users\/2"}],"replies":[{"embeddable":true,"href":"https:\/\/rockyourgoal.de\/nl\/wp-json\/wp\/v2\/comments?post=5704"}],"version-history":[{"count":45,"href":"https:\/\/rockyourgoal.de\/nl\/wp-json\/wp\/v2\/pages\/5704\/revisions"}],"predecessor-version":[{"id":18233,"href":"https:\/\/rockyourgoal.de\/nl\/wp-json\/wp\/v2\/pages\/5704\/revisions\/18233"}],"up":[{"embeddable":true,"href":"https:\/\/rockyourgoal.de\/nl\/wp-json\/wp\/v2\/pages\/12595"}],"wp:featuredmedia":[{"embeddable":true,"href":"https:\/\/rockyourgoal.de\/nl\/wp-json\/wp\/v2\/media\/5767"}],"wp:attachment":[{"href":"https:\/\/rockyourgoal.de\/nl\/wp-json\/wp\/v2\/media?parent=5704"}],"curies":[{"name":"wp","href":"https:\/\/api.w.org\/{rel}","templated":true}]}}