{"id":19404,"date":"2025-06-16T12:54:17","date_gmt":"2025-06-16T10:54:17","guid":{"rendered":"https:\/\/rockyourgoal.de\/?page_id=19404"},"modified":"2025-06-20T11:17:57","modified_gmt":"2025-06-20T09:17:57","slug":"world","status":"publish","type":"page","link":"https:\/\/rockyourgoal.de\/nl\/timeless-challenge\/sport-challenge\/bike-lake-challenge\/world\/","title":{"rendered":"Bike Lake WORLD Challenge"},"content":{"rendered":"<p>Unsere Erde ist wundersch\u00f6n, abwechslungsreich und einmalig! Sie ist die sch\u00f6nste Heimat die es geben kann. Die im Zuge der Jahrmillionen entstandenen Landschaften sind unvergleichlich, spannend und werden von unglaublichen Pflanzen, Tieren und uns Menschen bewohnt.<\/p>\n\n\n\n<p>Die Seen der Erde sind nicht nur wichtiger S\u00fc\u00dfwasserspeicher f\u00fcr alle Lebewesen sondern als blaue \u201eDiamanten aus Wasser\u201c wundersch\u00f6n, so dass wir sie ins Herz geschlossen haben.<\/p>\n\n\n\n<p>Einen See mit dem Fahrrad zu umrunden gibt uns wertvolle Lebensmomente, h\u00e4lt uns durch die Bewegung gesund und l\u00e4sst uns die frische Luft tief einatmen.<\/p>\n\n\n\n<p>Mach mit bei der Bike Lake World Challenge und umrunde die sch\u00f6nsten Seen unserer Erde mit dem Fahrrad!<\/p>\n\n\n<div class=\"wp-block-image\">\n<figure class=\"aligncenter size-medium\"><a href=\"https:\/\/www.digistore24.com\/product\/618829\"><img loading=\"lazy\" decoding=\"async\" width=\"300\" height=\"300\" src=\"https:\/\/rockyourgoal.de\/wp-content\/uploads\/2025\/06\/blc-world-klein-300x300.jpg\" alt=\"\" class=\"wp-image-19471\" srcset=\"https:\/\/rockyourgoal.de\/wp-content\/uploads\/2025\/06\/blc-world-klein-300x300.jpg 300w, https:\/\/rockyourgoal.de\/wp-content\/uploads\/2025\/06\/blc-world-klein-150x150.jpg 150w\" sizes=\"auto, (max-width: 300px) 100vw, 300px\" \/><\/a><figcaption class=\"wp-element-caption\">Zur Anmeldung bitte das Bild klicken!<\/figcaption><\/figure>\n<\/div>\n\n\n<h2 class=\"wp-block-heading\">REGELS<\/h2>\n\n\n\n<p>Die Regeln zur Bike Lake World Challenge sind sehr einfach. Trotzdem m\u00f6chten wir sie an dieser Stelle noch einmal klarstellen:<\/p>\n\n\n\n<ul class=\"wp-block-list\">\n<li>Melde Dich bei der&nbsp;Bike Lake World-Challenge&nbsp;an und werde Mitglied der wachsenden \u201e<em>Bike Lake Challenge Community<\/em>\u201e!<\/li>\n\n\n\n<li>Nun hast Du unbegrenzt Zeit um Seen auf der&nbsp;<strong>ganzen Welt<\/strong>&nbsp;mit dem Fahrrad zu umrunden und Dir die sch\u00f6nen Sammlermedaillen zu verdienen. Die jeweiligen Medaillen bekommst Du \u201eautomatisch\u201c zugeschickt, sobald Du die geforderte Anzahl an Seen-Umrundungen geschafft hast.<\/li>\n\n\n\n<li>Seen die Du bereits im Rahmen einer der lokalen Iron Lake Challenges umrundet hast, z\u00e4hlen selbstverst\u00e4ndlich dazu.<\/li>\n\n\n\n<li>Jeder umrundete See muss mindestens eine Uferl\u00e4nge von&nbsp;<strong>zwei Kilometern<\/strong>&nbsp;haben, damit er z\u00e4hlt!<\/li>\n\n\n\n<li>Jeder See muss \u201cam St\u00fcck\u201d umrundet werden. Das hei\u00dft, dass Du gerne Pausen machen darfst, aber Du solltest den See innerhalb eines Tages schaffen. Mach nur einen See pro Tag, denn Du willst ja diese Zeit auch genie\u00dfen!<\/li>\n\n\n\n<li>We vertrouwen erop dat je de meren echt hebt omzeild. Maar als je in de erelijst wilt worden opgenomen, hebben we een kopie van je tracking nodig. Het maakt ons niet uit wat je gebruikt (horloge, smartphone of app).<\/li>\n\n\n\n<li>Diese Challenge wird Dich&nbsp;<strong><em>monatlich 5,- EUR<\/em><\/strong>&nbsp;kosten. Du kannst Deine \u201eMitgliedschaft\u201c jederzeit k\u00fcndigen. Die Life-Score Points und die Medaillen k\u00f6nnen jedoch nur w\u00e4hren Deiner aktiven Mitgliedschaft erworben werden.<\/li>\n<\/ul>\n\n\n\n<p><strong>Algemene informatie LET OP!<\/strong><\/p>\n\n\n\n<ul class=\"wp-block-list\">\n<li>Beachte bitte, dass im \u00f6ffentlichen Verkehrsraum und entlang von Stra\u00dfen und Radwegen die lokale Stra\u00dfenverkehrsordnung gilt. Bewege Dich also r\u00fccksichtsvoll.<\/li>\n\n\n\n<li>Je bevaart de meren op eigen risico. De beheerder van deze website aanvaardt geen enkele aansprakelijkheid.<\/li>\n\n\n\n<li>Volg medisch advies op of laat je medisch onderzoeken voor de start van de uitdaging. Je bent zelf verantwoordelijk voor je gezondheid, uitrusting en conditie. Het is geen schande om een tocht te annuleren, gezondheid komt altijd op de eerste plaats!<\/li>\n<\/ul>\n\n\n\n<p><strong>Een paar regels voor het omgaan met de natuur tijdens je tocht over het meer:<\/strong><\/p>\n\n\n\n<ul class=\"wp-block-list\">\n<li>Volg de plaatselijke instructies voor natuurbescherming.<\/li>\n\n\n\n<li>Ga alstublieft niet buiten de gebaande paden.<\/li>\n\n\n\n<li>Maak alstublieft geen lawaai.<\/li>\n\n\n\n<li>Verzamel geen stenen of mineralen.<\/li>\n\n\n\n<li>Pluk alsjeblieft geen paddenstoelen.<\/li>\n\n\n\n<li>Laat geen afval rondslingeren.<\/li>\n\n\n\n<li>Voer geen dieren.<\/li>\n\n\n\n<li>Maak alstublieft geen open vuur.<\/li>\n\n\n\n<li>Pluk alsjeblieft geen planten.<\/li>\n<\/ul>\n\n\n\n<p>Dit zou eigenlijk voor iedereen duidelijk moeten zijn, maar het kan geen kwaad om er af en toe aan te denken.&nbsp;<\/p>\n\n\n\n<h2 class=\"wp-block-heading\">REGISTRATIE EN OMVANG VAN DIENSTEN<\/h2>\n\n\n\n<p>Die monatliche Geb\u00fchr f\u00fcr die Bike Lake World Challenge kostet Dich&nbsp;<strong>5,- EUR<\/strong>&nbsp;<strong>pro Monat<\/strong>.<\/p>\n\n\n\n<p>In dieser Startgeb\u00fchr sind unsere&nbsp;<em>Bike<\/em>&nbsp;<em>Lake World-Challenge Medaillen<\/em>&nbsp;sowie die Murmel der&nbsp;<a href=\"https:\/\/rockyourgoal.de\/nl\/timeless-challenge\/\" target=\"_blank\" rel=\"noreferrer noopener\">Timeless Challenge<\/a>&nbsp;inbegrepen.<\/p>\n\n\n\n<p>Du bekommst die jeweilige Medaille, sobald Du die daf\u00fcr geforderte Anzahl an Seen umrundet hast!&nbsp;<strong>Alleen dan<\/strong>&nbsp;sturen we je je welverdiende medaille en knikker! Je wilt ze tenslotte verdienen, niet gratis krijgen.<\/p>\n\n\n\n<p>Mit Deiner Anmeldegeb\u00fchr unterst\u00fctzt Du mein Herzensprojekt, die&nbsp;<a href=\"https:\/\/rockyourgoal.de\/nl\/big5forlife\/trees4breeze\/\" target=\"_blank\" rel=\"noreferrer noopener\">Herbebossing van een miljoen bomen wereldwijd!<\/a><\/p>\n\n\n\n<p><strong>Registreren<\/strong>:<\/p>\n\n\n\n<ul class=\"wp-block-list\">\n<li><em><strong><a href=\"https:\/\/www.digistore24.com\/product\/618829\">Klik op het logo en je wordt doorgestuurd naar de registratiepagina van onze partner Digistore24.<\/a><\/strong><\/em><\/li>\n\n\n\n<li>Nun bekommst Du eine Anmeldebest\u00e4tigung<\/li>\n\n\n\n<li>Nun kannst Du sofort anfangen und die sch\u00f6nsten Seen weltweit umrunden. Lade diese im Anschluss in unser Tool. Dort kannst Du Dein Tracking (z.B. Bildschirmkopie Deiner Smartphone-App) als Nachweis hochladen.<\/li>\n\n\n\n<li>Nachdem wir dieses gepr\u00fcft haben, erh\u00e4ltst Du Deine Life-Score Points unverz\u00fcglich und die wohlverdiente Medaille und Murmel sobald Du die Anzahl an Seen geschafft hast. Easy, oder?<\/li>\n<\/ul>\n\n\n<div class=\"wp-block-image\">\n<figure class=\"aligncenter\"><a href=\"https:\/\/www.digistore24.com\/product\/618829\"><img loading=\"lazy\" decoding=\"async\" width=\"720\" height=\"300\" src=\"http:\/\/rockyourgoal.de\/wp-content\/uploads\/2025\/01\/iron-lake-challenge-anmeldung-button-1-klein.jpg\" alt=\"\" class=\"wp-image-18568\" srcset=\"https:\/\/rockyourgoal.de\/wp-content\/uploads\/2025\/01\/iron-lake-challenge-anmeldung-button-1-klein.jpg 720w, https:\/\/rockyourgoal.de\/wp-content\/uploads\/2025\/01\/iron-lake-challenge-anmeldung-button-1-klein-300x125.jpg 300w, https:\/\/rockyourgoal.de\/wp-content\/uploads\/2025\/01\/iron-lake-challenge-anmeldung-button-1-klein-18x8.jpg 18w\" sizes=\"auto, (max-width: 720px) 100vw, 720px\" \/><\/a><figcaption class=\"wp-element-caption\">Ein Klick \u2013 Anmelden \u2013 weltweit Seen umrunden \u2013 Life-Score Points sammeln!<\/figcaption><\/figure>\n<\/div>\n\n\n<h3 class=\"wp-block-heading\"><br>DEINE MEDAILLEN UND DEINE M\u00dcNZEN<\/h3>\n\n\n\n<p>Derzeit kannst Du die folgenden Sammlermedaillen der Bike Lake World Challenge erreichen:<\/p>\n\n\n\n<ul class=\"wp-block-list\">\n<li>\u201eEdition 50\u201c \u2013 Umrunde 50 Seen mit dem Fahrrad<\/li>\n\n\n\n<li>\u201eEdition 100\u201c \u2013 Umrunde 100 Seen mit dem Fahrrad<\/li>\n\n\n\n<li>&#8222;Edition 250&#8220; &#8211; Umrunde 250 Seen mit dem Fahrrad<\/li>\n\n\n\n<li>&#8222;Edition 500&#8220; &#8211; Umrunde 500 Seen mit dem Fahrrad<\/li>\n\n\n\n<li>Ausblick: \u201eEdition 1000\u201c \u2013 Umrunde 1000 Seen mit dem Fahrrad! Ob dies jemals jemand schafft?<\/li>\n<\/ul>\n\n\n\n<figure class=\"wp-block-table\"><table class=\"has-fixed-layout\"><tbody><tr><td><img loading=\"lazy\" decoding=\"async\" width=\"150\" height=\"156\" class=\"wp-image-19473\" style=\"width: 150px;\" src=\"http:\/\/rockyourgoal.de\/wp-content\/uploads\/2025\/06\/blc-world-50.jpg\" alt=\"\" srcset=\"https:\/\/rockyourgoal.de\/wp-content\/uploads\/2025\/06\/blc-world-50.jpg 551w, https:\/\/rockyourgoal.de\/wp-content\/uploads\/2025\/06\/blc-world-50-289x300.jpg 289w, https:\/\/rockyourgoal.de\/wp-content\/uploads\/2025\/06\/blc-world-50-12x12.jpg 12w\" sizes=\"auto, (max-width: 150px) 100vw, 150px\" \/><\/td><td><img loading=\"lazy\" decoding=\"async\" width=\"150\" height=\"150\" class=\"wp-image-19474\" style=\"width: 150px;\" src=\"http:\/\/rockyourgoal.de\/wp-content\/uploads\/2025\/06\/blc-world-100.jpg\" alt=\"\" srcset=\"https:\/\/rockyourgoal.de\/wp-content\/uploads\/2025\/06\/blc-world-100.jpg 557w, https:\/\/rockyourgoal.de\/wp-content\/uploads\/2025\/06\/blc-world-100-300x300.jpg 300w, https:\/\/rockyourgoal.de\/wp-content\/uploads\/2025\/06\/blc-world-100-150x150.jpg 150w, https:\/\/rockyourgoal.de\/wp-content\/uploads\/2025\/06\/blc-world-100-12x12.jpg 12w\" sizes=\"auto, (max-width: 150px) 100vw, 150px\" \/><\/td><td><img loading=\"lazy\" decoding=\"async\" width=\"150\" height=\"156\" class=\"wp-image-19475\" style=\"width: 150px;\" src=\"http:\/\/rockyourgoal.de\/wp-content\/uploads\/2025\/06\/blc-world-250.jpg\" alt=\"\" srcset=\"https:\/\/rockyourgoal.de\/wp-content\/uploads\/2025\/06\/blc-world-250.jpg 540w, https:\/\/rockyourgoal.de\/wp-content\/uploads\/2025\/06\/blc-world-250-289x300.jpg 289w, https:\/\/rockyourgoal.de\/wp-content\/uploads\/2025\/06\/blc-world-250-12x12.jpg 12w\" sizes=\"auto, (max-width: 150px) 100vw, 150px\" \/><\/td><td><img loading=\"lazy\" decoding=\"async\" width=\"150\" height=\"137\" class=\"wp-image-19476\" style=\"width: 150px;\" src=\"http:\/\/rockyourgoal.de\/wp-content\/uploads\/2025\/06\/blc-world-500.jpg\" alt=\"\" srcset=\"https:\/\/rockyourgoal.de\/wp-content\/uploads\/2025\/06\/blc-world-500.jpg 620w, https:\/\/rockyourgoal.de\/wp-content\/uploads\/2025\/06\/blc-world-500-300x274.jpg 300w, https:\/\/rockyourgoal.de\/wp-content\/uploads\/2025\/06\/blc-world-500-13x12.jpg 13w\" sizes=\"auto, (max-width: 150px) 100vw, 150px\" \/><\/td><td><img loading=\"lazy\" decoding=\"async\" width=\"150\" height=\"86\" class=\"wp-image-10260\" style=\"width: 150px;\" src=\"http:\/\/rockyourgoal.de\/wp-content\/uploads\/2022\/12\/murmeln-timeless-challenge.jpg\" alt=\"\" srcset=\"https:\/\/rockyourgoal.de\/wp-content\/uploads\/2022\/12\/murmeln-timeless-challenge.jpg 1072w, https:\/\/rockyourgoal.de\/wp-content\/uploads\/2022\/12\/murmeln-timeless-challenge-300x172.jpg 300w, https:\/\/rockyourgoal.de\/wp-content\/uploads\/2022\/12\/murmeln-timeless-challenge-1024x587.jpg 1024w, https:\/\/rockyourgoal.de\/wp-content\/uploads\/2022\/12\/murmeln-timeless-challenge-768x440.jpg 768w, https:\/\/rockyourgoal.de\/wp-content\/uploads\/2022\/12\/murmeln-timeless-challenge-18x10.jpg 18w, https:\/\/rockyourgoal.de\/wp-content\/uploads\/2022\/12\/murmeln-timeless-challenge-850x487.jpg 850w\" sizes=\"auto, (max-width: 150px) 100vw, 150px\" \/><\/td><\/tr><\/tbody><\/table><\/figure>\n\n\n\n<h2 class=\"wp-block-heading\">Bike Lake World Challenge Ehrentafel<\/h2>\n\n\n\n<p>Hier kun je snel en eenvoudig je resultaten invoeren en bewijs uploaden (bijvoorbeeld een schermafbeelding van je tracking). Wij controleren ze en keuren ze goed. Je resultaat wordt dan opgeslagen en verschijnt in de erelijst.<\/p>\n\n\n\n<p class=\"has-text-align-center\"><strong><a href=\"http:\/\/rockyourgoal.de\/wp-content\/uploads\/2023\/11\/Beschreibung-Challenge-Tool.pdf\">Instructies voor de Challenge Tool<\/a><\/strong><\/p>\n\n\n\n<p>Hoe onze erelijst werkt<\/p>\n\n\n\n<ul class=\"wp-block-list\">\n<li><a href=\"https:\/\/rockyourgoal.de\/nl\/wb-admin\/?action=register\" target=\"_blank\" rel=\"noreferrer noopener\">Registreren op onze site<\/a><\/li>\n\n\n\n<li>Laad deze pagina opnieuw (zodat het systeem herkent dat je bent aangemeld)<\/li>\n\n\n\n<li>W\u00e4hle den von Dir umrundeten See unter \u201cSummit\/Lake\u201d aus oder (falls er nicht in unserer Liste ist), gib ihn unter \u201eNew Lake\u201c ein.<\/li>\n\n\n\n<li>Voer de afstand die je hebt afgelegd (in meters) in onder \"<em>Length (in m)<\/em>\u201c<\/li>\n\n\n\n<li>Voer de gewenste tijd (in minuten) in onder \"<em>Time needed (in min)<\/em>\u201d an<\/li>\n\n\n\n<li>Voer de datum van je rondreis in onder \"datum\".<\/li>\n\n\n\n<li>Da es nun besonders spannend ist, achte bitte auf die korrekte Region (Auswahl des jeweiligen Landes und evtl. Bundesstaates)<\/li>\n\n\n\n<li>Nu kun je het bewijs uploaden (bijvoorbeeld een schermafbeelding van je tracking) onder \"<em>Upload proof (optional)<\/em>\u201c<\/li>\n\n\n\n<li>Nu hoef je alleen nog maar te SAVE!<\/li>\n\n\n\n<li>We zullen je ronde controleren en vrijgeven. Je ziet dan je resultaat in de ranglijst.<\/li>\n\n\n\n<li>Dein Ergebnis erscheint nun in der Iron Lake WORLD Challenge Ehrentafel, aber auch in dem \u201c<a href=\"https:\/\/rockyourgoal.de\/nl\/iron-lake-challenge\/#Die_Iron_Lake_Challenge_Life_Lake_Museum\" target=\"_blank\" rel=\"noreferrer noopener\">Life Lake Museum<\/a>\u201c.<\/li>\n<\/ul>\n\n\n\n<h2 class=\"wp-block-heading\">Die Bike Lake Challenge in Social Media<\/h2>\n\n\n\n<h3 class=\"wp-block-heading\">Hashtags der Iron Lake World Challenge<\/h3>\n\n\n\n<p>Wir freuen uns, wenn Du Bilder, Videos und Deine Erfahrungen rund um die Iron Lake Challenge mit anderen teilst. Daf\u00fcr stellen wir Dir die folgenden Hashtags zur Verf\u00fcgung:<\/p>\n\n\n\n<ul class=\"wp-block-list\">\n<li>#bikelakechallenge<\/li>\n\n\n\n<li>#bikelakeworldchallenge<\/li>\n\n\n\n<li>#timelesschallenge<\/li>\n<\/ul>\n\n\n\n<h3 class=\"wp-block-heading\">Die Bike Lake Challenge in unserem Forum<\/h3>\n\n\n\n<p>Nat\u00fcrlich laden wir Dich herzlich auch in unser Forum in die Gruppe \u201c<a href=\"https:\/\/rockyourgoal.de\/nl\/forum\/forum\/\"><em>Bike Lake Challenge<\/em>&nbsp;<em>Discussion Board<\/em><\/a>\u201d ein.<\/p>\n\n\n\n<h2 class=\"wp-block-heading\">Timeless Shop<\/h2>\n\n\n\n<p>In unserem&nbsp;<a href=\"https:\/\/partner.spreadshirt.de\/shop-area\/100891111\/shop\">Timeless Shop<\/a>&nbsp;findest Du auch f\u00fcr die Bike Lake Challenge tolle Produkte. Schau mal rein! Produkte mit folgenden Designs k\u00f6nnen wir Dir derzeit anbieten:<\/p>\n\n\n\n<figure class=\"wp-block-table\"><table class=\"has-fixed-layout\"><tbody><tr><td class=\"has-text-align-center\" data-align=\"center\"><a href=\"https:\/\/spreadshop-admin.spreadshirt.de\/timeless-shop\/bike+lake+world+challenge+-+d1?idea=685523dcee682a60b267fc25\"><img loading=\"lazy\" decoding=\"async\" width=\"150\" height=\"180\" class=\"wp-image-19541\" style=\"width: 150px;\" src=\"http:\/\/rockyourgoal.de\/wp-content\/uploads\/2025\/06\/blc-world-d1-klein.jpg\" alt=\"\" srcset=\"https:\/\/rockyourgoal.de\/wp-content\/uploads\/2025\/06\/blc-world-d1-klein.jpg 360w, https:\/\/rockyourgoal.de\/wp-content\/uploads\/2025\/06\/blc-world-d1-klein-250x300.jpg 250w, https:\/\/rockyourgoal.de\/wp-content\/uploads\/2025\/06\/blc-world-d1-klein-10x12.jpg 10w\" sizes=\"auto, (max-width: 150px) 100vw, 150px\" \/><\/a><\/td><td>weitere Designs folgen die n\u00e4chsten Wochen&#8230;<\/td><\/tr><\/tbody><\/table><\/figure>\n\n\n\n<h2 class=\"wp-block-heading\">Impressum<\/h2>\n\n\n\n<p><a href=\"https:\/\/rockyourgoal.de\/nl\/deshalb-bist-du-hier\/impressum-und-datenschutz\/\" target=\"_blank\" rel=\"noreferrer noopener\">Naar onze opdruk<\/a><\/p>","protected":false},"excerpt":{"rendered":"<p>Unsere Erde ist wundersch\u00f6n, abwechslungsreich und einmalig! Sie ist die sch\u00f6nste Heimat die es geben kann. Die im Zuge der Jahrmillionen entstandenen Landschaften sind unvergleichlich, spannend und werden von unglaublichen Pflanzen, Tieren und uns Menschen bewohnt. Die Seen der Erde sind nicht nur wichtiger S\u00fc\u00dfwasserspeicher f\u00fcr alle Lebewesen sondern als&hellip;<\/p>\n<p> <a class=\"more-link\" href=\"https:\/\/rockyourgoal.de\/nl\/timeless-challenge\/sport-challenge\/bike-lake-challenge\/world\/\">Lees verder<\/a><\/p>","protected":false},"author":2,"featured_media":0,"parent":18877,"menu_order":0,"comment_status":"closed","ping_status":"closed","template":"","meta":{"pgc_sgb_lightbox_settings":"","_glsr_average":0,"_glsr_ranking":0,"_glsr_reviews":0,"footnotes":""},"class_list":["post-19404","page","type-page","status-publish"],"_links":{"self":[{"href":"https:\/\/rockyourgoal.de\/nl\/wp-json\/wp\/v2\/pages\/19404","targetHints":{"allow":["GET"]}}],"collection":[{"href":"https:\/\/rockyourgoal.de\/nl\/wp-json\/wp\/v2\/pages"}],"about":[{"href":"https:\/\/rockyourgoal.de\/nl\/wp-json\/wp\/v2\/types\/page"}],"author":[{"embeddable":true,"href":"https:\/\/rockyourgoal.de\/nl\/wp-json\/wp\/v2\/users\/2"}],"replies":[{"embeddable":true,"href":"https:\/\/rockyourgoal.de\/nl\/wp-json\/wp\/v2\/comments?post=19404"}],"version-history":[{"count":13,"href":"https:\/\/rockyourgoal.de\/nl\/wp-json\/wp\/v2\/pages\/19404\/revisions"}],"predecessor-version":[{"id":19543,"href":"https:\/\/rockyourgoal.de\/nl\/wp-json\/wp\/v2\/pages\/19404\/revisions\/19543"}],"up":[{"embeddable":true,"href":"https:\/\/rockyourgoal.de\/nl\/wp-json\/wp\/v2\/pages\/18877"}],"wp:attachment":[{"href":"https:\/\/rockyourgoal.de\/nl\/wp-json\/wp\/v2\/media?parent=19404"}],"curies":[{"name":"wp","href":"https:\/\/api.w.org\/{rel}","templated":true}]}}