{"id":125,"date":"2019-07-01T14:19:10","date_gmt":"2019-07-01T12:19:10","guid":{"rendered":"http:\/\/rockyourgoal.de\/?page_id=125"},"modified":"2023-05-16T22:29:29","modified_gmt":"2023-05-16T20:29:29","slug":"meine-angebote","status":"publish","type":"page","link":"https:\/\/rockyourgoal.de\/nl\/meine-angebote\/","title":{"rendered":"Fit f\u00fcr Performance"},"content":{"rendered":"<p>Im Sport und im Leben spielt &#8222;<em>Performance<\/em>&#8220; eine extrem wichtige Rolle, wobei die Definition des von &#8222;<em>Performance<\/em>&#8220; im Sport individuell verschieden sein kann. Es geht nat\u00fcrlich um die Performance, also die Leistung (Ausdauer, Kraft, Technik, Koordination&#8230;.) in einer Sportart. Aber f\u00fcr mich ist die Gesamtperformance, also die Lebensperformance eines Sportlers noch wichtiger. Das hei\u00dft, dass auch ein mittelm\u00e4\u00dfiger Freizeitathlet eine extrem gute Lebensperformance vorweisen kann, wenn er seine anderen Lebensbereiche im Griff hat und dort sehr gut ist. <\/p>\n\n\n<div class=\"wp-block-image\">\n<figure class=\"aligncenter size-large\"><a href=\"http:\/\/rockyourgoal.de\/wp-content\/uploads\/2021\/11\/sport-und-beruf-und-familie.jpg\"><img loading=\"lazy\" decoding=\"async\" width=\"1024\" height=\"683\" src=\"https:\/\/rockyourgoal.de\/wp-content\/uploads\/2021\/11\/sport-und-beruf-und-familie-1024x683.jpg\" alt=\"\" class=\"wp-image-4554\" srcset=\"https:\/\/rockyourgoal.de\/wp-content\/uploads\/2021\/11\/sport-und-beruf-und-familie-1024x683.jpg 1024w, https:\/\/rockyourgoal.de\/wp-content\/uploads\/2021\/11\/sport-und-beruf-und-familie-300x200.jpg 300w, https:\/\/rockyourgoal.de\/wp-content\/uploads\/2021\/11\/sport-und-beruf-und-familie-768x512.jpg 768w, https:\/\/rockyourgoal.de\/wp-content\/uploads\/2021\/11\/sport-und-beruf-und-familie-850x567.jpg 850w, https:\/\/rockyourgoal.de\/wp-content\/uploads\/2021\/11\/sport-und-beruf-und-familie.jpg 1344w\" sizes=\"auto, (max-width: 1024px) 100vw, 1024px\" \/><\/a><figcaption class=\"wp-element-caption\">Die Performance im Zusammenspiel zwischen den Lebensberichen (hier: Sport und Familie) ist entscheidend!<\/figcaption><\/figure>\n<\/div>\n\n\n<p>Ich meine, mal ganz ehrlich&#8230;.. Was bringt es einem Weltklasse Athleten wenn er Weltmeister wird und trotzdem nicht in der Lage ist seine laufenden Kosten zu decken, er keine Zeit f\u00fcr seine Familie hat oder unzufrieden ist weil sein emotionales Gleichgewicht aus dem Ruder gelaufen ist? <\/p>\n\n\n\n<p>Deshalb geht es bei &#8222;<em>Performance<\/em>&#8220; auf diesem Blog immer um den &#8222;ganzheitlichen Ansatz&#8220;, also der Integration der sportlichen Leidenschaft in ein erf\u00fclltes Leben. <\/p>\n\n\n\n<p>Es geht hier darum, seine Grenzen in allen wichtigen Lebensbereichen zu \u00fcberwinden und sein Leben ausgeglichen zu gestalten. <\/p>\n\n\n\n<h2 class=\"wp-block-heading\">Sportlicher Erfolg durch eine gute Perfomance<\/h2>\n\n\n\n<p>Entscheidend f\u00fcr sportlichen Erfolg ist aber eine Gute Performance Kopf und K\u00f6rper. Das beste k\u00f6rperliche Training wird Dich nicht an dein Ziel bringen, wenn Du Deine mentale Fitness vernachl\u00e4ssigst. Ich besch\u00e4ftige mich mit allen Themen, Projekten und in allen Artikeln mit einer hohen Performance die dazu in der Lage ist, Grenzen zu \u00fcberwinden. <\/p>\n\n\n\n<p>Auch wenn dieser Blog sehr dynamisch w\u00e4chst, so besch\u00e4ftige ich mich mit den folgenden Kernthemen: <\/p>\n\n\n<div class=\"wp-block-image\">\n<figure class=\"aligncenter size-medium\"><img loading=\"lazy\" decoding=\"async\" width=\"300\" height=\"199\" src=\"https:\/\/rockyourgoal.de\/wp-content\/uploads\/2020\/11\/sportliche-performance-trailrunning-300x199.jpg\" alt=\"\" class=\"wp-image-2376\" srcset=\"https:\/\/rockyourgoal.de\/wp-content\/uploads\/2020\/11\/sportliche-performance-trailrunning-300x199.jpg 300w, https:\/\/rockyourgoal.de\/wp-content\/uploads\/2020\/11\/sportliche-performance-trailrunning-1024x680.jpg 1024w, https:\/\/rockyourgoal.de\/wp-content\/uploads\/2020\/11\/sportliche-performance-trailrunning-768x510.jpg 768w, https:\/\/rockyourgoal.de\/wp-content\/uploads\/2020\/11\/sportliche-performance-trailrunning-1536x1020.jpg 1536w, https:\/\/rockyourgoal.de\/wp-content\/uploads\/2020\/11\/sportliche-performance-trailrunning-850x564.jpg 850w, https:\/\/rockyourgoal.de\/wp-content\/uploads\/2020\/11\/sportliche-performance-trailrunning.jpg 1920w\" sizes=\"auto, (max-width: 300px) 100vw, 300px\" \/><figcaption class=\"wp-element-caption\">Fit im Kopf und K\u00f6rper<\/figcaption><\/figure>\n<\/div>\n\n\n<h3 class=\"wp-block-heading\">Obstacle Course Racing (OCR)<\/h3>\n\n\n\n<p>Ich brenne f\u00fcr die noch junge Sportart OCR (Obstacle Course Racing). Die Attraktivit\u00e4t bei Hindernisl\u00e4ufen liegt in der Kombination aus Laufen und den unterschiedlichen Hindernissen. Man wei\u00df nie genau was einen erwartet und die Rennen finden an den sch\u00f6nsten Orten der Welt statt. <\/p>\n\n\n\n<p>Das OCR Training ist extrem abwechslungsreich und der Einstieg aus unterschiedlichen Sportarten ist jederzeit m\u00f6glich. Ganz egal ob Du aus dem Fitnessbereich stammst, ob Du Crossfitter bist, Fu\u00dfballer oder L\u00e4ufer. Du musst im OCR nicht von Vorne anfangen, sondern bringst eine wertvolle Basis mit. <\/p>\n\n\n\n<p>Ich trainiere seit vielen Jahren OCR Gruppen und einzelne OCR Athleten und schreibe \u00fcber meine gemachten Erfahrungen. Ich bin sehr froh, dass dabei bereits umfangreiche Tutorials entstanden sind die Dir einen echten Mehrwert bieten werden. <\/p>\n\n\n\n<ul class=\"wp-block-list\">\n<li><a rel=\"noreferrer noopener\" href=\"http:\/\/rockyourgoal.de\/nl\/meine-angebote\/ocr-und-spartanrace\/ocr-training\/\" target=\"_blank\">OCR Training<\/a><\/li>\n\n\n\n<li><a rel=\"noreferrer noopener\" href=\"http:\/\/rockyourgoal.de\/nl\/meine-angebote\/ocr-und-spartanrace\/ocr-trainingsplan\/\" target=\"_blank\">OCR Trainingspl\u00e4ne<\/a><\/li>\n\n\n\n<li><a href=\"http:\/\/rockyourgoal.de\/nl\/meine-angebote\/ocr-und-spartanrace\/griffkrafttraining-ocr\/\">Griffkrafttraining<\/a><\/li>\n\n\n\n<li><a rel=\"noreferrer noopener\" href=\"http:\/\/rockyourgoal.de\/nl\/meine-angebote\/ocr-und-spartanrace\/ocr-training\/klimmzuege-trainieren\/\" target=\"_blank\">Klimmzugtraining<\/a><\/li>\n<\/ul>\n\n\n\n<p>Doch das ist erst der Anfang und ich habe mir noch viel vorgenommen \ud83d\ude42<\/p>\n\n\n\n<h3 class=\"wp-block-heading\">Mentaltraining f\u00fcr Sportler<\/h3>\n\n\n\n<p>Ich habe in den vielen, eigenen Rennen erfahren wie wichtig der Kopf f\u00fcr den Erfolg ist. Bald schon habe ich angefangen mich mit Mentaltraining f\u00fcr Sportler zu besch\u00e4ftigen. Dabei habe ich festgestellt, dass es wissenschaftlich nachgewiesene Methoden gibt mit denen man mental st\u00e4rker werden kann und seinen Kopf ebenso trainieren kann wie seinen K\u00f6rper. <\/p>\n\n\n\n<p>Das hat nichts mit Esoterik oder Chacka zu tun sondern hilft wirklich!<\/p>\n\n\n\n<ul class=\"wp-block-list\">\n<li><a href=\"http:\/\/rockyourgoal.de\/nl\/meine-angebote\/mentaltraining-muenchen\/\">Mentaltraining f\u00fcr Sportler<\/a><\/li>\n<\/ul>\n\n\n\n<p>In diesem Bereich m\u00f6chte ich mich ebenfalls laufend weiterentwickeln, denn der Kopf gibt oft die &#8222;Grenze&#8220; eines Menschen vor. <\/p>\n\n\n\n<h3 class=\"wp-block-heading\">Trailrunning<\/h3>\n\n\n\n<p>In der Natur zu laufen ist f\u00fcr mich nicht nur sehr entspannend sondern auch \u00fcberaus abwechslungsreich. Schon sehr fr\u00fch habe ich die befestigten Wege verlassen und bin quer \u00fcber Wald, Wiesen und Berge gelaufen, deshalb ist Trailrunning f\u00fcr mich normal. <\/p>\n\n\n<div class=\"wp-block-image\">\n<figure class=\"aligncenter size-medium\"><a href=\"https:\/\/rockyourgoal.de\/wp-content\/uploads\/2022\/08\/estergebirgsueberschreitung-uwe-nachdenklich.jpg\"><img loading=\"lazy\" decoding=\"async\" width=\"300\" height=\"200\" src=\"https:\/\/rockyourgoal.de\/wp-content\/uploads\/2022\/08\/estergebirgsueberschreitung-uwe-nachdenklich-300x200.jpg\" alt=\"\" class=\"wp-image-8378\" srcset=\"https:\/\/rockyourgoal.de\/wp-content\/uploads\/2022\/08\/estergebirgsueberschreitung-uwe-nachdenklich-300x200.jpg 300w, https:\/\/rockyourgoal.de\/wp-content\/uploads\/2022\/08\/estergebirgsueberschreitung-uwe-nachdenklich-1024x684.jpg 1024w, https:\/\/rockyourgoal.de\/wp-content\/uploads\/2022\/08\/estergebirgsueberschreitung-uwe-nachdenklich-768x513.jpg 768w, https:\/\/rockyourgoal.de\/wp-content\/uploads\/2022\/08\/estergebirgsueberschreitung-uwe-nachdenklich-1536x1026.jpg 1536w, https:\/\/rockyourgoal.de\/wp-content\/uploads\/2022\/08\/estergebirgsueberschreitung-uwe-nachdenklich-18x12.jpg 18w, https:\/\/rockyourgoal.de\/wp-content\/uploads\/2022\/08\/estergebirgsueberschreitung-uwe-nachdenklich-850x568.jpg 850w, https:\/\/rockyourgoal.de\/wp-content\/uploads\/2022\/08\/estergebirgsueberschreitung-uwe-nachdenklich.jpg 1600w\" sizes=\"auto, (max-width: 300px) 100vw, 300px\" \/><\/a><figcaption class=\"wp-element-caption\">Den Augenblick genie\u00dfen geh\u00f6rt auch beim Trailrunning dazu!<\/figcaption><\/figure>\n<\/div>\n\n\n<p>Ich liebe die Abwechslung und laufe vor allem sehr gerne in den Bergen. Zum Gl\u00fcck kann ich das in Oberbayern sehr gut machen \ud83d\ude09<\/p>\n\n\n\n<p>Ich habe deshalb sehr viele <a rel=\"noreferrer noopener\" href=\"https:\/\/rockyourgoal.de\/nl\/meine-angebote\/trailrunning\/\" target=\"_blank\">Trailrunning Strecken<\/a> selbst getestet und teile meine Erfahrungen sehr gerne mit Dir. Aber ich gewinne bei meinen L\u00e4ufen auch immer bessere Erfahrungen mit <a rel=\"noreferrer noopener\" href=\"https:\/\/rockyourgoal.de\/nl\/meine-angebote\/trailrunning\/ausruestung\/\" target=\"_blank\">Trailrunning Ausr\u00fcstung<\/a>. Aber auch im Trailrunning gilt es, Grenzen zu \u00fcberwinden. Und ich habe mir vorgenommen, dies zuk\u00fcnftig beim <a href=\"https:\/\/rockyourgoal.de\/nl\/meine-angebote\/trailrunning\/fastpacking\/\" target=\"_blank\" rel=\"noreferrer noopener\">Fastpacking<\/a> zu machen!<\/p>\n\n\n\n<h3 class=\"wp-block-heading\">Finanzielle Performance<\/h3>\n\n\n\n<blockquote class=\"wp-block-quote is-layout-flow wp-block-quote-is-layout-flow\">\n<p>&#8222;Du musst die Kontrolle \u00fcber Dein Geld erlangen, oder der Mangel davon wird Dich f\u00fcr immer kontrollieren&#8220;<\/p>\n<cite>Bodo Sch\u00e4fer<\/cite><\/blockquote>\n\n\n\n<p>Dieses Zitat trifft es genau! Du musst und sollst nicht immer ans Geld denken. Aber damit dies m\u00f6glich ist, musst Du daf\u00fcr gesorgt haben, dass Du Dir dar\u00fcber keine Sorgen machen musst. Und genau darum geht es mir. <\/p>\n\n\n\n<p>Gerade Sportler sind in finanziellen Dingen nicht immer fit. Das liegt daran, dass ihnen andere Dinge wichtig sind. Aber auch Sportler leben nicht im Wald und m\u00fcssen finanziell so ausgestattet sein, dass sie und ihre Familien ruhig schlafen k\u00f6nnen. <\/p>\n\n\n\n<p>Deshalb besch\u00e4ftige ich mich (zuk\u00fcnftig) in diesem Blog auch mit Finanzieller Performance!<\/p>","protected":false},"excerpt":{"rendered":"<p>Im Sport und im Leben spielt &#8222;Performance&#8220; eine extrem wichtige Rolle, wobei die Definition des von &#8222;Performance&#8220; im Sport individuell verschieden sein kann. Es geht nat\u00fcrlich um die Performance, also die Leistung (Ausdauer, Kraft, Technik, Koordination&#8230;.) in einer Sportart. Aber f\u00fcr mich ist die Gesamtperformance, also die Lebensperformance eines Sportlers&hellip;<\/p>\n<p> <a class=\"more-link\" href=\"https:\/\/rockyourgoal.de\/nl\/meine-angebote\/\">Lees verder<\/a><\/p>","protected":false},"author":2,"featured_media":12405,"parent":0,"menu_order":4,"comment_status":"closed","ping_status":"closed","template":"","meta":{"pgc_sgb_lightbox_settings":"","_glsr_average":0,"_glsr_ranking":0,"_glsr_reviews":0,"footnotes":""},"class_list":["post-125","page","type-page","status-publish","has-post-thumbnail"],"_links":{"self":[{"href":"https:\/\/rockyourgoal.de\/nl\/wp-json\/wp\/v2\/pages\/125","targetHints":{"allow":["GET"]}}],"collection":[{"href":"https:\/\/rockyourgoal.de\/nl\/wp-json\/wp\/v2\/pages"}],"about":[{"href":"https:\/\/rockyourgoal.de\/nl\/wp-json\/wp\/v2\/types\/page"}],"author":[{"embeddable":true,"href":"https:\/\/rockyourgoal.de\/nl\/wp-json\/wp\/v2\/users\/2"}],"replies":[{"embeddable":true,"href":"https:\/\/rockyourgoal.de\/nl\/wp-json\/wp\/v2\/comments?post=125"}],"version-history":[{"count":25,"href":"https:\/\/rockyourgoal.de\/nl\/wp-json\/wp\/v2\/pages\/125\/revisions"}],"predecessor-version":[{"id":12406,"href":"https:\/\/rockyourgoal.de\/nl\/wp-json\/wp\/v2\/pages\/125\/revisions\/12406"}],"wp:featuredmedia":[{"embeddable":true,"href":"https:\/\/rockyourgoal.de\/nl\/wp-json\/wp\/v2\/media\/12405"}],"wp:attachment":[{"href":"https:\/\/rockyourgoal.de\/nl\/wp-json\/wp\/v2\/media?parent=125"}],"curies":[{"name":"wp","href":"https:\/\/api.w.org\/{rel}","templated":true}]}}