{"id":73,"date":"2022-07-28T19:22:00","date_gmt":"2022-07-28T17:22:00","guid":{"rendered":"http:\/\/rockyourgoal.de\/?page_id=73"},"modified":"2025-12-15T10:42:20","modified_gmt":"2025-12-15T09:42:20","slug":"buch-schreiben","status":"publish","type":"page","link":"https:\/\/rockyourgoal.de\/it\/big5forlife\/buch-schreiben\/","title":{"rendered":"Roman schreiben"},"content":{"rendered":"<p><strong><em>Big5ForLife2<\/em><\/strong><\/p>\n\n\n\n<h2 class=\"wp-block-heading\">Auf dem R\u00fccken der Unsterblichen<\/h2>\n\n\n\n<p>Ich liebe es zu lesen und ich liebe es zu schreiben. Ein gutes Buch kann einen Menschen in ferne Welten entf\u00fchren, ihm neue Ideen schenken und seine Lebenszeit extrem bereichern. Ich habe das vielfach erfahren und bin den Autoren sehr dankbar f\u00fcr ihre tolle Arbeit und die wertvollen Stunden die ich mit ihren Werke verbringen durfte. Diese wunderbaren Menschen haben uns unsterbliche Meisterwerke geschenkt an denen ich mich erfreut habe und an denen sich noch viele Generationen erfreuen werden. Jeder Mensch der ein neues Buch schreibt, steht auf den Schultern dieser literarischen Giganten, denn wir alle wurden durch sie beeinflusst. Ein Buch zu schreiben ist eine ganz besondere Form der Kunst und es ist wahrscheinlich die einzige Form der Kunst die ich auch ansatzweise kann und in der ich mich erheblich verbessern kann. <\/p>\n\n\n<div class=\"wp-block-image\">\n<figure class=\"aligncenter size-large\"><img loading=\"lazy\" decoding=\"async\" width=\"640\" height=\"426\" src=\"https:\/\/rockyourgoal.de\/wp-content\/uploads\/2025\/12\/buch-schreiben-640x426.jpg\" alt=\"\" class=\"wp-image-21046\" srcset=\"https:\/\/rockyourgoal.de\/wp-content\/uploads\/2025\/12\/buch-schreiben.jpg 640w, https:\/\/rockyourgoal.de\/wp-content\/uploads\/2025\/12\/buch-schreiben-18x12.jpg 18w\" sizes=\"auto, (max-width: 640px) 100vw, 640px\" \/><\/figure>\n<\/div>\n\n\n<p>Ich habe eine Idee f\u00fcr ein Buchprojekt das ich sehr gerne verwirklichen m\u00f6chte. Es soll ein ganz besonderer Roman sein, mit einem ganz besonderen Ziel und mit einer ganz besonderen Idee die es bisher (zumindest glaube ich das) so noch nicht gab. <\/p>\n\n\n\n<h2 class=\"wp-block-heading\">Das Buch ist nur das Ergebnis?<\/h2>\n\n\n\n<p>Wen die Freimaurer von der &#8222;<em>Arbeit am unbehauenen Stein<\/em>&#8220; sprechen, dann meinen sie die st\u00e4ndige Fortentwicklung der menschlichen Pers\u00f6nlichkeit und des Wissens durch lebenslanges und aktives Lernen und Handeln. <\/p>\n\n\n\n<p>Und genau so stelle ich mir auch das Leben eines guten Autoren vor. Einem herausragenden Buch geht eine intensive Recherche vorweg die oft mehrere Jahre dauert. Eine solch gr\u00fcndliche Recherche und ein gutes, literarisches Handwerkszeug macht den Unterschied zwischen einem zweitklassigen Ladenh\u00fcter und einem gefeierten Bestseller den Millionen Menschen lesen. <\/p>\n\n\n\n<p>Ich denke, die Recherche f\u00fcr ein Buch ist wie der gr\u00f6\u00dfte Teil des Eisberges den man nicht sieht, weil er unter Wasser ist. Das Buch an sich ist nur die sichtbare Spitze. <\/p>\n\n\n\n<p>Aber genau das ist es auch was ich mir bisher so lange als &#8222;Ausrede&#8220; genommen habe. Vor lauter &#8222;Recherche&#8220; habe ich zu wenig geschrieben. <\/p>\n\n\n\n<h2 class=\"wp-block-heading\">Das Buchprojekt hat begonnen<\/h2>\n\n\n\n<p>Ich finde, dass es wichtig ist ein Ziel zu haben um die Richtung zu bestimmen. Aber ich wei\u00df, dass feste Gewohnheiten der Weg zum Ziel sind. Eine dieser Gewohnheiten wird es zuk\u00fcnftig sein, jeden Tag ein paar Zeilen an dem Buch zu schreiben. &#8222;Ins Handeln kommen&#8220;&#8230;&#8230; das ist wichtig!<\/p>\n\n\n\n<p><\/p>","protected":false},"excerpt":{"rendered":"<p>Big5ForLife2 Auf dem R\u00fccken der Unsterblichen Ich liebe es zu lesen und ich liebe es zu schreiben. Ein gutes Buch kann einen Menschen in ferne Welten entf\u00fchren, ihm neue Ideen schenken und seine Lebenszeit extrem bereichern. Ich habe das vielfach erfahren und bin den Autoren sehr dankbar f\u00fcr ihre tolle&hellip;<\/p>\n<p> <a class=\"more-link\" href=\"https:\/\/rockyourgoal.de\/it\/big5forlife\/buch-schreiben\/\">Leggi tutto<\/a><\/p>","protected":false},"author":2,"featured_media":21045,"parent":37,"menu_order":2,"comment_status":"closed","ping_status":"closed","template":"","meta":{"pgc_sgb_lightbox_settings":"","_glsr_average":0,"_glsr_ranking":0,"_glsr_reviews":0,"footnotes":""},"class_list":["post-73","page","type-page","status-publish","has-post-thumbnail"],"_links":{"self":[{"href":"https:\/\/rockyourgoal.de\/it\/wp-json\/wp\/v2\/pages\/73","targetHints":{"allow":["GET"]}}],"collection":[{"href":"https:\/\/rockyourgoal.de\/it\/wp-json\/wp\/v2\/pages"}],"about":[{"href":"https:\/\/rockyourgoal.de\/it\/wp-json\/wp\/v2\/types\/page"}],"author":[{"embeddable":true,"href":"https:\/\/rockyourgoal.de\/it\/wp-json\/wp\/v2\/users\/2"}],"replies":[{"embeddable":true,"href":"https:\/\/rockyourgoal.de\/it\/wp-json\/wp\/v2\/comments?post=73"}],"version-history":[{"count":34,"href":"https:\/\/rockyourgoal.de\/it\/wp-json\/wp\/v2\/pages\/73\/revisions"}],"predecessor-version":[{"id":21051,"href":"https:\/\/rockyourgoal.de\/it\/wp-json\/wp\/v2\/pages\/73\/revisions\/21051"}],"up":[{"embeddable":true,"href":"https:\/\/rockyourgoal.de\/it\/wp-json\/wp\/v2\/pages\/37"}],"wp:featuredmedia":[{"embeddable":true,"href":"https:\/\/rockyourgoal.de\/it\/wp-json\/wp\/v2\/media\/21045"}],"wp:attachment":[{"href":"https:\/\/rockyourgoal.de\/it\/wp-json\/wp\/v2\/media?parent=73"}],"curies":[{"name":"wp","href":"https:\/\/api.w.org\/{rel}","templated":true}]}}