{"id":7164,"date":"2025-05-16T10:47:21","date_gmt":"2025-05-16T08:47:21","guid":{"rendered":"https:\/\/rockyourgoal.de\/?page_id=7164"},"modified":"2025-05-16T10:47:39","modified_gmt":"2025-05-16T08:47:39","slug":"outside-comfort-zone","status":"publish","type":"page","link":"https:\/\/rockyourgoal.de\/it\/timeless-challenge\/persoenlichkeit\/outside-comfort-zone\/","title":{"rendered":"Outside Comfort Zone &#8211; Verlasse Deine Komfortzone"},"content":{"rendered":"<p>Menschen wie Elon Musk, Mohandas Karamchand Gandhi, Reinhold Messner sind Menschen die unsere Welt in ihrer Nische ver\u00e4ndert haben. Auch wenn diese Menschen sehr unterschiedlich sind in ihren Pers\u00f6nlichkeiten und Zielen, so haben sie doch Eines gemeinsam. <\/p>\n\n\n\n<p>Sie verlassen t\u00e4glich ihre Komfortzone, oder haben sie zu ihren Wirkungszeiten verlassen! Sie tun nahezu jeden Tag Dinge, bei denen sie vorher nicht wussten, dass sie dazu in der Lage sind. <\/p>\n\n\n\n<p>Mit dieser Art zu leben haben sie nicht nur die Welt ver\u00e4ndert, sondern uns auch gezeigt wozu ein einzelner Mensch in der Lage ist.<\/p>\n\n\n\n<p>Es wird Zeit, dass Du dieses Gef\u00fchl auch erlebst! Verlasse Deine Komfortzone einen ganzen Monat lang t\u00e4glich. Mach mit bei der &#8222;<em>Outside Comfort Zone<\/em>&#8220; Challenge!<\/p>\n\n\n<div class=\"wp-block-image\">\n<figure class=\"aligncenter size-large is-resized\"><a href=\"https:\/\/rockyourgoal.de\/wp-content\/uploads\/2022\/05\/komfortzone-verlassen.jpg\"><img loading=\"lazy\" decoding=\"async\" width=\"1024\" height=\"419\" src=\"https:\/\/rockyourgoal.de\/wp-content\/uploads\/2022\/05\/komfortzone-verlassen-1024x419.jpg\" alt=\"\" class=\"wp-image-7172\" style=\"width:618px;height:252px\" srcset=\"https:\/\/rockyourgoal.de\/wp-content\/uploads\/2022\/05\/komfortzone-verlassen-1024x419.jpg 1024w, https:\/\/rockyourgoal.de\/wp-content\/uploads\/2022\/05\/komfortzone-verlassen-300x123.jpg 300w, https:\/\/rockyourgoal.de\/wp-content\/uploads\/2022\/05\/komfortzone-verlassen-768x314.jpg 768w, https:\/\/rockyourgoal.de\/wp-content\/uploads\/2022\/05\/komfortzone-verlassen-1536x629.jpg 1536w, https:\/\/rockyourgoal.de\/wp-content\/uploads\/2022\/05\/komfortzone-verlassen-18x7.jpg 18w, https:\/\/rockyourgoal.de\/wp-content\/uploads\/2022\/05\/komfortzone-verlassen-850x348.jpg 850w, https:\/\/rockyourgoal.de\/wp-content\/uploads\/2022\/05\/komfortzone-verlassen.jpg 1920w\" sizes=\"auto, (max-width: 1024px) 100vw, 1024px\" \/><\/a><\/figure>\n<\/div>\n\n\n<p>Der Sinn dieser Challenge sind nat\u00fcrlich nicht die Life-Score Punkte, sondern Dir zu zeigen was ein intensives Leben bedeutet! Vielleicht findest Du Gefallen daran und schaffst f\u00fcr Dich, Deine Liebsten und die Gesellschaft jeden Tag Mehrwerte! Dann haben wir mit diesem Ansto\u00df alles richtig gemacht.<\/p>\n\n\n<div class=\"wp-block-image\">\n<figure class=\"aligncenter\"><a href=\"https:\/\/rockyourgoal.de\/it\/timeless-challenge\/#Anmeldung_und_Leistungsumfang\"><img loading=\"lazy\" decoding=\"async\" width=\"300\" height=\"145\" src=\"https:\/\/rockyourgoal.de\/wp-content\/uploads\/2022\/01\/timeless-challenge-durchsichtig-300x145.png\" alt=\"\" class=\"wp-image-5448\" srcset=\"https:\/\/rockyourgoal.de\/wp-content\/uploads\/2022\/01\/timeless-challenge-durchsichtig-300x145.png 300w, https:\/\/rockyourgoal.de\/wp-content\/uploads\/2022\/01\/timeless-challenge-durchsichtig-1024x495.png 1024w, https:\/\/rockyourgoal.de\/wp-content\/uploads\/2022\/01\/timeless-challenge-durchsichtig-768x371.png 768w, https:\/\/rockyourgoal.de\/wp-content\/uploads\/2022\/01\/timeless-challenge-durchsichtig-1536x742.png 1536w, https:\/\/rockyourgoal.de\/wp-content\/uploads\/2022\/01\/timeless-challenge-durchsichtig-2048x990.png 2048w, https:\/\/rockyourgoal.de\/wp-content\/uploads\/2022\/01\/timeless-challenge-durchsichtig-850x411.png 850w\" sizes=\"auto, (max-width: 300px) 100vw, 300px\" \/><\/a><figcaption class=\"wp-element-caption\"><a href=\"https:\/\/rockyourgoal.de\/it\/timeless-challenge\/#Anmeldung_und_Leistungsumfang\">Die Outside Comfort Zone Challenge ist eine Challenge der\u00a0Timeless Challenge. Mach mit!<\/a><\/figcaption><\/figure>\n<\/div>\n\n\n<p><strong><em>Folge uns und bleib informiert!<\/em><\/strong><\/p>\n\n\n\n<ul class=\"wp-block-list\">\n<li><strong>Instagram<\/strong>:\u00a0<a href=\"https:\/\/www.instagram.com\/timeless_challenge\" target=\"_blank\" rel=\"noreferrer noopener\">@timeless_challenge<\/a><\/li>\n\n\n\n<li><strong>Facebook<\/strong>:\u00a0<a href=\"https:\/\/www.facebook.com\/rockyourgoal\" target=\"_blank\" rel=\"noreferrer noopener\">Rockyourgoal<\/a><\/li>\n<\/ul>\n\n\n\n<blockquote class=\"wp-block-quote is-layout-flow wp-block-quote-is-layout-flow\">\n<p><strong><em>Wir wollen eine Million B\u00e4ume weltweit pflanzen ohne um Spenden zu betteln!<\/em><\/strong><\/p>\n\n\n\n<p>Uwe (Initiator)<\/p>\n<\/blockquote>\n\n\n\n<h2 class=\"wp-block-heading\">Wie funktioniert die Outside Comfort Zone Challenge?<\/h2>\n\n\n\n<p>Du wirst 30 Tage lang jeden Tag etwas tun was Du entweder schon l\u00e4nger vor Dir hergeschoben hast oder  an das Du Dich bisher nicht herangetraut hast. Du verl\u00e4sst also Deine Comfortzone und wirst zum &#8222;Macher&#8220;!<\/p>\n\n\n\n<p>Wenn Du das 30 Tage lang geschafft hast, dann hast Du Dir die Life-Score Punkte wirklich verdient. <\/p>\n\n\n\n<h3 class=\"wp-block-heading\">Tipps wie Du diese Challenge angehen kannst<\/h3>\n\n\n\n<ol class=\"wp-block-list\">\n<li>Such Dir einen f\u00fcr Dich passenden Monat heraus. <\/li>\n\n\n\n<li>Mach Dir eine Liste die jeden Tag ber\u00fccksichtigt. Anhand der Liste legst Du fest, welche Art von Dingen Du anpacken m\u00f6chtest und dort Deine Komfortzone verl\u00e4sst. <\/li>\n\n\n\n<li>Wenn Du die Komfortzone verlassen willst, dann setz Deine Ziele nicht zu hoch. Wenn Du bisher 100% in einem Bereich gemacht hast, dann nimm Dir 102% vor. 105% ist meistens schon zu viel. Du entwickelst Dich in kleinen Schritten konsequent weiter. Gro\u00dfe Schritte brauchen zu viel Energie und man f\u00e4llt schneller auf die Schn&#8230;&#8230;<\/li>\n\n\n\n<li>Feiere Dich t\u00e4glich, aber feiere Dich immer gleich! Versuch eine bestimmte Art des Feierns zu finden, sobald Du wieder erfolgreich aus der Komfortzone drau\u00dfen warst. Das gibt enorm viel Kraft!<\/li>\n<\/ol>\n\n\n\n<h3 class=\"wp-block-heading\">Beispiele f\u00fcr das Verlassen der Komfortzone<\/h3>\n\n\n\n<ul class=\"wp-block-list\">\n<li>Eine Stunde fr\u00fcher aufstehen und Sport machen oder etwas anderes, lange liegen gebliebenes in der Fr\u00fch erledigen<\/li>\n\n\n\n<li>Mit dem Fahrrad zur Arbeit fahren, egal wie das Wetter ist<\/li>\n\n\n\n<li>Kalt Duschen<\/li>\n\n\n\n<li>Versicherungen pr\u00fcfen ob sie aktuell und wirtschaftlich noch sinnvoll sind<\/li>\n\n\n\n<li>Neues, kleines handwerkliches Projekt in der Wohnung\/Haus alleine erledigen. Notfalls lernen wie es geht (Youtube o.\u00e4.)<\/li>\n\n\n\n<li>Ungeliebten, aber wichtigen Anruf t\u00e4tigen<\/li>\n\n\n\n<li>Versuchen sich in eine Sichtweise des Partners hineinzuversetzen und nicht das Eigeninteresse in den Vordergrund stellen<\/li>\n\n\n\n<li>&#8230;.<\/li>\n<\/ul>\n\n\n\n<p>Du siehst, die Komfortzonen sind bei jedem Menschen sehr unterschiedlich. Vielleicht ist es f\u00fcr Dich selbstverst\u00e4ndlich jeden Tag mit dem Fahrrad in die Arbeit zu fahren, daf\u00fcr f\u00e4llt es Dir schwer Rechnungen rechtzeitig zu \u00fcberweisen&#8230;. Du siehst schon was ich meine&#8230;.<\/p>\n\n\n\n<h2 class=\"wp-block-heading\">So kannst Du bei der Outside Comfort Zone Challenge mitmachen!<\/h2>\n\n\n\n<ul class=\"wp-block-list\">\n<li><a href=\"https:\/\/rockyourgoal.de\/it\/timeless-challenge\/#Anmeldung_und_Leistungsumfang\">Melde Dich bei der Timeless Challenge an!<\/a><\/li>\n\n\n\n<li><a href=\"https:\/\/rockyourgoal.de\/it\/wb-admin\/?action=register\">Registriere Dich (falls noch nicht geschehen) bei dieser Seite (klick auf diesen Satz)<\/a><\/li>\n\n\n\n<li>Nun musst Du die Challenge bew\u00e4ltigen. Du verl\u00e4sst Deine Comfort-Zone 30 Tage lang, dann f\u00fcll bitte das untere Formular (nur sichtbar wenn Du registriert und angemeldet bist) aus. Wir schicken Dir die Murmel zu. Die Life Score Points werden Dir automatisch gutgeschrieben und im\u00a0<a href=\"https:\/\/rockyourgoal.de\/it\/timeless-challenge\/#Life_Museum\">Life Museum<\/a>\u00a0erg\u00e4nzt. Bitte schreibe Deine Lieferadresse in die \u201eNotes\u201c im Formular.<\/li>\n<\/ul>\n\n\n\n\n\n\n<h2 class=\"wp-block-heading\">Life-Score Punkte f\u00fcr die Outside Comfort Zone Cahllenge<\/h2>\n\n\n\n<p>Wenn Du es schaffst einen Monat (30 Tage) lang einen Bereich zu finden um dort die Komfortzone zu verlassen, dann hast Du <strong><em>20 Life-Score Punkte<\/em><\/strong> verdient.<\/p>\n\n\n\n<h2 class=\"wp-block-heading\">Die Outside Comfort Zone Challenge in Social Media<\/h2>\n\n\n\n<p>Wenn Du Dich austauschen m\u00f6chtest, Dir Tipps holen (oder auch geben) willst, dann bist Du herzlich eingeladen unsere Social Media Kan\u00e4le zu nutzen. <\/p>\n\n\n\n<h3 class=\"wp-block-heading\">Unser Diskussionsforum<\/h3>\n\n\n\n<p>Tausch Dich aus in unserem <a href=\"https:\/\/rockyourgoal.de\/it\/forum\/\">neuen Diskussionsforum<\/a>!<\/p>\n\n\n\n<h3 class=\"wp-block-heading\">Die Outside Comfort Zone Challenge auf Facebook<\/h3>\n\n\n\n<p>Wir laden Dich herzlich in unsere Facebookgruppe &#8222;<em>Pers\u00f6nlichkeit<\/em>&#8220; zum Austausch ein. <\/p>\n\n\n\n<h3 class=\"wp-block-heading\">Hashtags<\/h3>\n\n\n\n<ul class=\"wp-block-list\">\n<li>#timelesschallenge<\/li>\n\n\n\n<li>#tcoutsidecomfortzone<\/li>\n<\/ul>","protected":false},"excerpt":{"rendered":"<p>Menschen wie Elon Musk, Mohandas Karamchand Gandhi, Reinhold Messner sind Menschen die unsere Welt in ihrer Nische ver\u00e4ndert haben. Auch wenn diese Menschen sehr unterschiedlich sind in ihren Pers\u00f6nlichkeiten und Zielen, so haben sie doch Eines gemeinsam. Sie verlassen t\u00e4glich ihre Komfortzone, oder haben sie zu ihren Wirkungszeiten verlassen! Sie&hellip;<\/p>\n<p> <a class=\"more-link\" href=\"https:\/\/rockyourgoal.de\/it\/timeless-challenge\/persoenlichkeit\/outside-comfort-zone\/\">Leggi tutto<\/a><\/p>","protected":false},"author":2,"featured_media":7292,"parent":12691,"menu_order":0,"comment_status":"open","ping_status":"closed","template":"","meta":{"pgc_sgb_lightbox_settings":"","_glsr_average":0,"_glsr_ranking":0,"_glsr_reviews":0,"footnotes":""},"class_list":["post-7164","page","type-page","status-publish","has-post-thumbnail"],"_links":{"self":[{"href":"https:\/\/rockyourgoal.de\/it\/wp-json\/wp\/v2\/pages\/7164","targetHints":{"allow":["GET"]}}],"collection":[{"href":"https:\/\/rockyourgoal.de\/it\/wp-json\/wp\/v2\/pages"}],"about":[{"href":"https:\/\/rockyourgoal.de\/it\/wp-json\/wp\/v2\/types\/page"}],"author":[{"embeddable":true,"href":"https:\/\/rockyourgoal.de\/it\/wp-json\/wp\/v2\/users\/2"}],"replies":[{"embeddable":true,"href":"https:\/\/rockyourgoal.de\/it\/wp-json\/wp\/v2\/comments?post=7164"}],"version-history":[{"count":14,"href":"https:\/\/rockyourgoal.de\/it\/wp-json\/wp\/v2\/pages\/7164\/revisions"}],"predecessor-version":[{"id":19323,"href":"https:\/\/rockyourgoal.de\/it\/wp-json\/wp\/v2\/pages\/7164\/revisions\/19323"}],"up":[{"embeddable":true,"href":"https:\/\/rockyourgoal.de\/it\/wp-json\/wp\/v2\/pages\/12691"}],"wp:featuredmedia":[{"embeddable":true,"href":"https:\/\/rockyourgoal.de\/it\/wp-json\/wp\/v2\/media\/7292"}],"wp:attachment":[{"href":"https:\/\/rockyourgoal.de\/it\/wp-json\/wp\/v2\/media?parent=7164"}],"curies":[{"name":"wp","href":"https:\/\/api.w.org\/{rel}","templated":true}]}}