{"id":71,"date":"2019-06-13T15:17:16","date_gmt":"2019-06-13T13:17:16","guid":{"rendered":"http:\/\/rockyourgoal.de\/?page_id=71"},"modified":"2025-10-14T15:23:56","modified_gmt":"2025-10-14T13:23:56","slug":"in-150-laendern-laufen","status":"publish","type":"page","link":"https:\/\/rockyourgoal.de\/it\/big5forlife\/in-150-laendern-laufen\/","title":{"rendered":"Besondere Orte in 150 L\u00e4ndern kennen lernen"},"content":{"rendered":"<p><em><strong>Big5ForLife3<\/strong><\/em><\/p>\n\n\n\n<p>Es gibt \u00fcber 200 Staaten auf der Erde (je nach Rechenmethode) und am Liebsten m\u00f6chte ich sie alle sehen, denn die Erde ist wundersch\u00f6n. Mein Ziel ist jedoch, mindestens 150 Staaten offen, aktiv und in Bewegung zu erkunden. Ich m\u00f6chte diese L\u00e4nder erleben, sp\u00fcren, sie mit dem Fahrrad, in den Laufschuhen oder auch als Wanderer entdecken und mit ihren Menschen interagieren. Ich habe die Erfahrung gemacht, dass man intensiver erlebt wenn man sich bewegt und aktiv ist, denn nur so lernt  viele interessante Menschen kennen.<\/p>\n\n\n\n<p>Komisches Ziel? Nein, eigentlich gar nicht nicht \ud83d\ude42<\/p>\n\n\n\n<p>Unsere Erde ist ein wundervoller Planet und bietet so viel Sch\u00f6nheit,&nbsp;dass wir alles in einem ganzen Leben nicht anschauen k\u00f6nnen. Als L\u00e4ufer genie\u00dfe ich eine sch\u00f6ne Gegend am Liebsten in den Laufschuhen und so gerne ich mir besondere Geb\u00e4ude anschaue, mich faszinieren sch\u00f6ne Landschaften und interessante Menschen viel mehr. Aber um diese Orte zu erreichen nehme ich am liebsten das Fahrrad. Ja, auch ferne Orte lassen sich mit dem Fahrrad erreichen. Aber dazu etwas sp\u00e4ter mehr&#8230;..<\/p>\n\n\n\n<p>Aus dieser Leidenschaft heraus ist dieses Ziel entstanden. Im Laufe der Zeit habe ich neben dem Laufen auch das Fahrradfahren und Wandern sch\u00e4tzen gelernt, denn im Wandern liegt eine Ruhe die dem K\u00f6rper und der Seele gut tut. Deshalb muss es nicht immer laufen sein, auch wenn mir das immer noch am Liebsten ist.<\/p>\n\n\n\n<figure class=\"wp-block-image size-large\"><img loading=\"lazy\" decoding=\"async\" width=\"1024\" height=\"680\" src=\"http:\/\/rockyourgoal.de\/wp-content\/uploads\/2020\/01\/laufen-auf-der-erde-1024x680.jpg\" alt=\"\" class=\"wp-image-959\" srcset=\"https:\/\/rockyourgoal.de\/wp-content\/uploads\/2020\/01\/laufen-auf-der-erde-1024x680.jpg 1024w, https:\/\/rockyourgoal.de\/wp-content\/uploads\/2020\/01\/laufen-auf-der-erde-300x199.jpg 300w, https:\/\/rockyourgoal.de\/wp-content\/uploads\/2020\/01\/laufen-auf-der-erde-768x510.jpg 768w, https:\/\/rockyourgoal.de\/wp-content\/uploads\/2020\/01\/laufen-auf-der-erde-1536x1020.jpg 1536w, https:\/\/rockyourgoal.de\/wp-content\/uploads\/2020\/01\/laufen-auf-der-erde-850x564.jpg 850w, https:\/\/rockyourgoal.de\/wp-content\/uploads\/2020\/01\/laufen-auf-der-erde.jpg 1920w\" sizes=\"auto, (max-width: 1024px) 100vw, 1024px\" \/><figcaption class=\"wp-element-caption\">In Laufschuhen kann man besondere Orte am Besten kennen lernen<\/figcaption><\/figure>\n\n\n\n<p>Ich m\u00f6chte viel von der Erde sehen, vor allem die Berge, interessante Seen und das Meer.&nbsp;So entstand der Wunsch, besondere Orte in \u00fcber 150 Staaten zu sehen, wobei die Zahl an sich zweitrangig ist. Alle L\u00e4nder der Welt zu sehen ist aufgrund von Kriegen und geologischen Gr\u00fcnden meiner Ansicht nach kaum m\u00f6glich, und eigentlich auch nicht unbedingt erstrebenswert!<\/p>\n\n\n\n<p>Wenn man \u00fcber 150 L\u00e4nder anschauen m\u00f6chte, dann reicht es nicht 7x hintereinander an die Adria zu fahren (ohne dass das abwertend klingen soll). Mann muss seinen Hintern hochkriegen und aktiv werden. Es muss geplant werden (sowohl die Finanzierung als auch die Reise), und man muss sich \u00fcber das Land und die sch\u00f6nsten Gegenden dort informieren. Es ist nat\u00fcrlich leicht den Ballermann zu besuchen, wenn man nach Mallorca fliegt. Aber ist das wirklich Mallorca? Hat man dann wirklich die sch\u00f6nsten Gegenden Mallorcas gesehen? Ich denke nicht! Vielleicht gibt es in diesem Punkt aber auch andere Meinungen \ud83d\ude09 Ich akzeptier das.<\/p>\n\n\n\n<p>Und nun kommt die Bewegung ins Spiel. Wenn ich mit dem Fahrrad fahre, einen Traillauf mache oder eine Wanderung plane, dann m\u00f6chte ich sch\u00f6ne Gegenden sehen, das Klima dort sp\u00fcren, Menschen kennen lernen und Neues entdecken.<\/p>\n\n\n\n<p>Ich liebe die Berge und ich liebe Seen! Ich habe wundervolle Stunden dort verbracht und Seen \u00fcben auf mich eine magische Anziehungskraft aus. Am Liebsten gehe oder laufe ich an deren Ufer entlang und umrunde sie. Deshalb war \u00fcbrigens die Initiierung der <a href=\"https:\/\/rockyourgoal.de\/it\/iron-lake-challenge\/\" target=\"_blank\" rel=\"noreferrer noopener\">Iron Lake Challenge<\/a> der naheliegende Schritt. Das gibt mir (und anderen Menschen) den Antrieb, weltweit die gr\u00f6\u00dften Seen zu Fu\u00df zu umrunden und in Kombination mit den Bergen wundersch\u00f6ne Pl\u00e4tze unserer Erde zu erleben. Und ja, genau das ist es was ich mir w\u00fcnsche, wenn ich meine Augen schlie\u00dfe.<\/p>\n\n\n\n<p>Dieses Ziel, dieser Teil meiner &#8222;Big5ForLife&#8220; ist meine Art zu sagen &#8222;<em>Ich m\u00f6chte die Welt sehen<\/em>&#8222;, aber nicht nur als kurzen Abstecher. Ich m\u00f6chte etwas \u00fcber die L\u00e4nder lernen, Menschen kennen lernen und interessante Erlebnisse machen.<\/p>\n\n\n\n<p>Ich m\u00f6chte aber meine Erfahrungen, Laufstrecken und Wanderrouten nicht f\u00fcr mich behalten. Deshalb werde ich sie auf dieser Seite gerne ver\u00f6ffentlichen! Sonst w\u00fcrde ich ja keinen Blog schreiben, oder? \ud83d\ude09<\/p>\n\n\n\n<p>Eine erste \u00dcbersicht meiner <a href=\"http:\/\/rockyourgoal.de\/it\/meine-angebote\/trailrunning\/\" target=\"_blank\" rel=\"noreferrer noopener\">Trailrunning<\/a> &#8222;Abenteuer&#8220; habe ich bereits erstellt und hoffe ich bleibe gesund um diese Liste noch viel, viel l\u00e4nger werden zu lassen. <\/p>\n\n\n\n<p>Wenn ihr sehen wollt wie das dann so aussieht, habe ich auf meinem Instagram Kanal (<a href=\"https:\/\/www.instagram.com\/munichspartan\">https:\/\/www.instagram.com\/munichspartan<\/a>) hunderte Bilder bereits ver\u00f6ffentlicht. Aber eigentlich geht die Reise erst so richtig los&#8230;.<\/p>\n\n\n\n<h2 class=\"wp-block-heading\">Mit dem Fahrrad um die Welt!<\/h2>\n\n\n\n<p>Ich bin sicherlich nicht der erste Mensch der mit dem Fahrrad um die Welt m\u00f6chte und auch nicht der Letzte. Aber ich glaube, dass ich einen Weg gefunden habe der relativ neu ist \ud83d\ude09<\/p>\n\n\n\n<p>Und ja, ich habe bereits damit begonnen!<\/p>\n\n\n\n<p>Hier findest Du meinen Bericht &#8222;<a href=\"https:\/\/rockyourgoal.de\/it\/mit-dem-fahrrad-um-die-welt\/\">Mit dem Fahrrad um die Welt<\/a>&#8222;<\/p>","protected":false},"excerpt":{"rendered":"<p>Big5ForLife3 Es gibt \u00fcber 200 Staaten auf der Erde (je nach Rechenmethode) und am Liebsten m\u00f6chte ich sie alle sehen, denn die Erde ist wundersch\u00f6n. Mein Ziel ist jedoch, mindestens 150 Staaten offen, aktiv und in Bewegung zu erkunden. Ich m\u00f6chte diese L\u00e4nder erleben, sp\u00fcren, sie mit dem Fahrrad, in&hellip;<\/p>\n<p> <a class=\"more-link\" href=\"https:\/\/rockyourgoal.de\/it\/big5forlife\/in-150-laendern-laufen\/\">Leggi tutto<\/a><\/p>","protected":false},"author":2,"featured_media":102,"parent":37,"menu_order":3,"comment_status":"closed","ping_status":"closed","template":"","meta":{"pgc_sgb_lightbox_settings":"","_glsr_average":0,"_glsr_ranking":0,"_glsr_reviews":0,"footnotes":""},"class_list":["post-71","page","type-page","status-publish","has-post-thumbnail"],"_links":{"self":[{"href":"https:\/\/rockyourgoal.de\/it\/wp-json\/wp\/v2\/pages\/71","targetHints":{"allow":["GET"]}}],"collection":[{"href":"https:\/\/rockyourgoal.de\/it\/wp-json\/wp\/v2\/pages"}],"about":[{"href":"https:\/\/rockyourgoal.de\/it\/wp-json\/wp\/v2\/types\/page"}],"author":[{"embeddable":true,"href":"https:\/\/rockyourgoal.de\/it\/wp-json\/wp\/v2\/users\/2"}],"replies":[{"embeddable":true,"href":"https:\/\/rockyourgoal.de\/it\/wp-json\/wp\/v2\/comments?post=71"}],"version-history":[{"count":18,"href":"https:\/\/rockyourgoal.de\/it\/wp-json\/wp\/v2\/pages\/71\/revisions"}],"predecessor-version":[{"id":20515,"href":"https:\/\/rockyourgoal.de\/it\/wp-json\/wp\/v2\/pages\/71\/revisions\/20515"}],"up":[{"embeddable":true,"href":"https:\/\/rockyourgoal.de\/it\/wp-json\/wp\/v2\/pages\/37"}],"wp:featuredmedia":[{"embeddable":true,"href":"https:\/\/rockyourgoal.de\/it\/wp-json\/wp\/v2\/media\/102"}],"wp:attachment":[{"href":"https:\/\/rockyourgoal.de\/it\/wp-json\/wp\/v2\/media?parent=71"}],"curies":[{"name":"wp","href":"https:\/\/api.w.org\/{rel}","templated":true}]}}