{"id":7036,"date":"2023-02-06T07:00:00","date_gmt":"2023-02-06T06:00:00","guid":{"rendered":"https:\/\/rockyourgoal.de\/?page_id=7036"},"modified":"2025-01-09T12:34:15","modified_gmt":"2025-01-09T11:34:15","slug":"clean-oceans","status":"publish","type":"page","link":"https:\/\/rockyourgoal.de\/it\/timeless-challenge\/umwelt\/clean-oceans\/","title":{"rendered":"Clean Oceans &#8211; Die Weltmeere wieder s\u00e4ubern"},"content":{"rendered":"<p>Du hast in der Schule gelernt, dass etwa 70% unserer Erde mit Wasser bedeckt ist. Doch die feuchte Heimat von vielen Pflanzen und Tieren ist mit Plastikm\u00fcll verschmutzt. Auf jedem Quadratkilometer Meer schwimmen tausende Plastikteile. <\/p>\n\n\n\n<p>Dieses Plastik wird von Tieren gefressen, V\u00f6gel und Schildkr\u00f6ten verfangen sich in alten Plastiknetzen und die Verschmutzung steigt von Tag zu Tag weiter an. <\/p>\n\n\n\n<p>Jedes Jahr gelangen zwischen 5 und 12 Millionen Tonnen Plastikm\u00fcll in unsere Meere, Tendenz steigend. Wenn wir dagegen nichts tun, dann zerst\u00f6ren wir den kompletten Lebensraum Meer. Wusstest Du, dass die Meere mehr CO2 absorbieren als unsere W\u00e4lder? Das hei\u00dft konkret: Wenn wir unsere Meere nicht retten, dann sind auch wir nicht mehr zu retten. <\/p>\n\n\n<div class=\"wp-block-image\">\n<figure class=\"aligncenter size-full is-resized\"><a href=\"https:\/\/rockyourgoal.de\/wp-content\/uploads\/2022\/05\/clean-oceans.jpg\"><img loading=\"lazy\" decoding=\"async\" width=\"960\" height=\"640\" src=\"https:\/\/rockyourgoal.de\/wp-content\/uploads\/2022\/05\/clean-oceans.jpg\" alt=\"\" class=\"wp-image-7046\" style=\"width:423px;height:282px\" srcset=\"https:\/\/rockyourgoal.de\/wp-content\/uploads\/2022\/05\/clean-oceans.jpg 960w, https:\/\/rockyourgoal.de\/wp-content\/uploads\/2022\/05\/clean-oceans-300x200.jpg 300w, https:\/\/rockyourgoal.de\/wp-content\/uploads\/2022\/05\/clean-oceans-768x512.jpg 768w, https:\/\/rockyourgoal.de\/wp-content\/uploads\/2022\/05\/clean-oceans-18x12.jpg 18w, https:\/\/rockyourgoal.de\/wp-content\/uploads\/2022\/05\/clean-oceans-850x567.jpg 850w\" sizes=\"auto, (max-width: 960px) 100vw, 960px\" \/><\/a><\/figure>\n<\/div>\n\n\n<p>Aus diesem Grund haben wir uns gedacht, wir geben Dir auch hier einen kleinen &#8222;Schubs&#8220;, verbunden mit ein paar Vorschl\u00e4gen wie Du mithelfen kannst die Meere zu s\u00e4ubern und sauber zu halten. <\/p>\n\n\n<div class=\"wp-block-image\">\n<figure class=\"aligncenter\"><a href=\"https:\/\/rockyourgoal.de\/it\/timeless-challenge\/#Anmeldung_und_Leistungsumfang\"><img loading=\"lazy\" decoding=\"async\" width=\"300\" height=\"145\" src=\"https:\/\/rockyourgoal.de\/wp-content\/uploads\/2022\/11\/image.png\" alt=\"\" class=\"wp-image-9693\" srcset=\"https:\/\/rockyourgoal.de\/wp-content\/uploads\/2022\/11\/image.png 300w, https:\/\/rockyourgoal.de\/wp-content\/uploads\/2022\/11\/image-18x9.png 18w\" sizes=\"auto, (max-width: 300px) 100vw, 300px\" \/><\/a><figcaption class=\"wp-element-caption\">Die Clean Oceans Challenge ist Teil der Timeless Challenge<\/figcaption><\/figure>\n<\/div>\n\n\n<blockquote class=\"wp-block-quote is-layout-flow wp-block-quote-is-layout-flow\">\n<p><em>Ich glaube daran, dass jeder Mensch mit seinen Handlungen die Welt ver\u00e4ndern kann! Mach Dein Leben durch sinnvolle Aktionen (Challenges) zu etwas Besonderem und Dauerhaftem! Mach Dich unsterblich!<\/em><\/p>\n\n\n\n<p><em>Wir wollen&nbsp;<a rel=\"noreferrer noopener\" href=\"https:\/\/rockyourgoal.de\/it\/big5forlife\/trees4breeze\/\" target=\"_blank\">eine Million B\u00e4ume weltweit pflanzen<\/a>&nbsp;senza elemosinare donazioni!<\/em>Uwe Kauntz<\/p>\n<\/blockquote>\n\n\n\n<p><strong><em>Folge uns und bleib informiert!<\/em><\/strong><\/p>\n\n\n\n<ul class=\"wp-block-list\">\n<li><strong>Instagram<\/strong>:&nbsp;<a rel=\"noreferrer noopener\" href=\"https:\/\/www.instagram.com\/timeless_challenge\" target=\"_blank\">@timeless_challenge<\/a><\/li>\n\n\n\n<li><strong>Facebook<\/strong>:&nbsp;<a rel=\"noreferrer noopener\" href=\"https:\/\/www.facebook.com\/rockyourgoal\" target=\"_blank\">Rockyourgoal<\/a><\/li>\n\n\n\n<li><strong>Twitter<\/strong>:&nbsp;<a rel=\"noreferrer noopener\" href=\"https:\/\/www.twitter.com\/goal_rock\" target=\"_blank\">@goal_rock<\/a><\/li>\n<\/ul>\n\n\n\n<h2 class=\"wp-block-heading\">Was kann ich tun gegen die Verschmutzung der Meere?<\/h2>\n\n\n\n<h3 class=\"wp-block-heading\"><strong>Plastik vermeiden<\/strong>: <\/h3>\n\n\n\n<p>Am wirkungsvollsten ist es, wenn Du dazu beitr\u00e4gst, dass immer weniger Plastik ben\u00f6tigt wird. Du kannst Dein Einkaufsverhalten entsprechend anpassen und versuchen immer weniger Produkte die Plastik enthalten zu kaufen. Dazu haben wir eine eigene Challenge &#8222;Reusable&#8220; gestartet. <\/p>\n\n\n\n<h3 class=\"wp-block-heading\">M\u00fclltrennung<\/h3>\n\n\n\n<p>Es mag sich altmodisch anh\u00f6ren, aber Plastik geh\u00f6rt in den gelben Sack! Eine M\u00fclltrennung ist die Voraussetzung, dass gebrauchtes Plastik mit den daf\u00fcr vorgesehenen Prozessen wiederverwendet- oder ordnungsgem\u00e4\u00df vernichtet wird. <\/p>\n\n\n\n<h3 class=\"wp-block-heading\">K\u00fcsten vom M\u00fcll befreien<\/h3>\n\n\n\n<p>Wenn Du an der K\u00fcste wohnst, dann kannst Du regelm\u00e4\u00dfig angeschwemmten M\u00fcll einsammeln und ordnungsgem\u00e4\u00df entsorgen. Wenn Du ein Landei bist und weit weg vom Meer wohnst, dann kannst Du das an einem nahegelegenen See machen. Wir haben dazu mit der Challenge &#8222;<a href=\"https:\/\/rockyourgoal.de\/it\/timeless-challenge\/garbage-grab\/\" target=\"_blank\" rel=\"noreferrer noopener\">Garbage Grab<\/a>&#8220; eine entsprechende Challenge ver\u00f6ffentlicht mit der Du Life-Score Punkte sammeln kannst. <\/p>\n\n\n\n<p>\u00dcbrigens kannst Du unter der Website <a href=\"https:\/\/www.gewaesserretter.de\">https:\/\/www.gewaesserretter.de<\/a> ab Juli 2022 abgestimmte M\u00fcll-Sammelaktionen an der K\u00fcste finden und mithelfen. Nat\u00fcrlich kannst Du auch eigene Aktionen starten!<\/p>\n\n\n\n<h3 class=\"wp-block-heading\">Unterst\u00fctze NGO\u00b4s die aktiv die Meere s\u00e4ubern<\/h3>\n\n\n\n<p>Es gibt ehrenamtliche Organisationen die sich darauf spezialisiert haben, unsere Meere zu s\u00e4ubern. Diese Aktionen kosten jedoch sehr viel Geld, weshalb sie unsere Unterst\u00fctzung brauchen. Ein Beispiel ist der Naturschutzbund <a href=\"https:\/\/www.nabu.de\/natur-und-landschaft\/meere\/muellkippe-meer\/16794.html\">https:\/\/www.nabu.de\/natur-und-landschaft\/meere\/muellkippe-meer\/16794.html<\/a>, aber es gibt noch viele mehr. Auch f\u00fcr das passive Unterst\u00fctzen von solchen Organisationen kannst Du Life-Score Punkte sammeln (siehe hierzu unsere Challenge &#8222;Passionate Supporter&#8220;).<\/p>\n\n\n\n<h2 class=\"wp-block-heading\">Life Score Punkte f\u00fcr die ehrenamtliche Unterst\u00fctzung von Meeress\u00e4uberungsprojekten<\/h2>\n\n\n<div class=\"wp-block-image\">\n<figure class=\"aligncenter size-medium\"><img loading=\"lazy\" decoding=\"async\" width=\"300\" height=\"300\" src=\"https:\/\/rockyourgoal.de\/wp-content\/uploads\/2022\/08\/LSP-Unser_Planet-300x300.png\" alt=\"\" class=\"wp-image-8298\" srcset=\"https:\/\/rockyourgoal.de\/wp-content\/uploads\/2022\/08\/LSP-Unser_Planet-300x300.png 300w, https:\/\/rockyourgoal.de\/wp-content\/uploads\/2022\/08\/LSP-Unser_Planet-150x150.png 150w, https:\/\/rockyourgoal.de\/wp-content\/uploads\/2022\/08\/LSP-Unser_Planet-768x769.png 768w, https:\/\/rockyourgoal.de\/wp-content\/uploads\/2022\/08\/LSP-Unser_Planet-12x12.png 12w, https:\/\/rockyourgoal.de\/wp-content\/uploads\/2022\/08\/LSP-Unser_Planet-850x851.png 850w, https:\/\/rockyourgoal.de\/wp-content\/uploads\/2022\/08\/LSP-Unser_Planet.png 1000w\" sizes=\"auto, (max-width: 300px) 100vw, 300px\" \/><figcaption class=\"wp-element-caption\">Hol Dir die sch\u00f6ne(n) Murmel(n) und die Life-Score Points in blau aus dem Bereich &#8222;Umwelt&#8220;<\/figcaption><\/figure>\n<\/div>\n\n\n<p>Wir m\u00f6chten Dich dazu ermutigen eines der vielen ehrenamtlichen Projekte zur S\u00e4uberung der Meere mit Deiner Arbeitskraft und Deinem Know-How zu unterst\u00fctzen. Hier findest Du ein paar Beispiele was m\u00f6glich ist: <a href=\"https:\/\/www.volunteerworld.com\/de\/filter?f%5BsCN%5D=Marine%20Conservation\">https:\/\/www.volunteerworld.com\/de\/filter?f%5BsCN%5D=Marine%20Conservation<\/a><\/p>\n\n\n\n<p>Du bekommst daf\u00fcr von uns (je nach Einsatz) <em><strong>50<\/strong><\/em><em><strong> Life-Score<\/strong><\/em> Punkte<\/p>\n\n\n\n<h3 class=\"wp-block-heading\">Murmel(n) f\u00fcr die Clean Oceans Challenge<\/h3>\n\n\n\n<p>F\u00fcr die Clean Oceans Challenge kannst Du die wundersch\u00f6ne(n) Murmel(n) in blau (Unser Planet) bekommen. Diese haben die folgende Gr\u00f6\u00dfe:<\/p>\n\n\n\n<ul class=\"wp-block-list\">\n<li>50 Life-Score Punkte \u2013 Blaue Murmel mit einem Durchmesser von 20mm<\/li>\n<\/ul>\n\n\n\n<p>Wenn Du die Murmel haben m\u00f6chtest, dann lies bitte weiter<\/p>\n\n\n\n<h2 class=\"wp-block-heading\" id=\"so-kannst-du-an-der-bavarian-lakes-challenge-teilnehmen\">So kannst Du an der Clean Oceans Challenge teilnehmen<\/h2>\n\n\n\n<ul class=\"wp-block-list\">\n<li><a href=\"https:\/\/rockyourgoal.de\/it\/timeless-challenge\/#Anmeldung_und_Leistungsumfang\">Melde Dich bei der Timeless Challenge an!<\/a><\/li>\n\n\n\n<li><a href=\"https:\/\/rockyourgoal.de\/it\/wb-admin\/?action=register\">Registriere Dich (falls noch nicht geschehen) bei dieser Seite (klick auf diesen Satz)<\/a><\/li>\n\n\n\n<li>Jetzt kannst Du Dich bei einer der Projekte zur S\u00e4uberung der Meere teilnehmen. <\/li>\n\n\n\n<li>Wenn Du Dich hier engagiert hast, dann f\u00fcll bitte das untere Formular (nur sichtbar wenn Du registriert und angemeldet bist) aus. Wir schicken Dir die Murmel zu. Die Life Score Points werden Dir automatisch gutgeschrieben und im\u00a0<a href=\"https:\/\/rockyourgoal.de\/it\/timeless-challenge\/#Life_Museum\">Life Museum<\/a>\u00a0erg\u00e4nzt. Bitte schreibe Deine Lieferadresse in die \u201eNotes\u201c im Formular.<\/li>\n<\/ul>\n\n\n\n\n\n\n<h2 class=\"wp-block-heading\">Die Clean Oceans Challenge in Social Media<\/h2>\n\n\n\n<p>Wenn Du begeistert bist von der Idee und Du selbst bereits Erfahrungen gesammelt hast, dann sag es weiter. Unsere Social Media Kan\u00e4le stehen Dir dazu zur Verf\u00fcgung. <\/p>\n\n\n\n<h3 class=\"wp-block-heading\">Die Clean Oceans Challenge auf Facebook<\/h3>\n\n\n\n<p>Wir laden Dich herzlich zum Austausch mit Gleichgesinnten in unsere Facebook Gruppe &#8222;Unser Planet&#8220; ein. <\/p>\n\n\n\n<h3 class=\"wp-block-heading\">Hashtags<\/h3>\n\n\n\n<ul class=\"wp-block-list\">\n<li>#timelesschallenge<\/li>\n\n\n\n<li>#tccleanoceans<\/li>\n\n\n\n<li>#timelesschallenger<\/li>\n<\/ul>","protected":false},"excerpt":{"rendered":"<p>Du hast in der Schule gelernt, dass etwa 70% unserer Erde mit Wasser bedeckt ist. Doch die feuchte Heimat von vielen Pflanzen und Tieren ist mit Plastikm\u00fcll verschmutzt. Auf jedem Quadratkilometer Meer schwimmen tausende Plastikteile. Dieses Plastik wird von Tieren gefressen, V\u00f6gel und Schildkr\u00f6ten verfangen sich in alten Plastiknetzen und&hellip;<\/p>\n<p> <a class=\"more-link\" href=\"https:\/\/rockyourgoal.de\/it\/timeless-challenge\/umwelt\/clean-oceans\/\">Leggi tutto<\/a><\/p>","protected":false},"author":2,"featured_media":7093,"parent":12595,"menu_order":0,"comment_status":"open","ping_status":"closed","template":"","meta":{"pgc_sgb_lightbox_settings":"","_glsr_average":0,"_glsr_ranking":0,"_glsr_reviews":0,"footnotes":""},"class_list":["post-7036","page","type-page","status-publish","has-post-thumbnail"],"_links":{"self":[{"href":"https:\/\/rockyourgoal.de\/it\/wp-json\/wp\/v2\/pages\/7036","targetHints":{"allow":["GET"]}}],"collection":[{"href":"https:\/\/rockyourgoal.de\/it\/wp-json\/wp\/v2\/pages"}],"about":[{"href":"https:\/\/rockyourgoal.de\/it\/wp-json\/wp\/v2\/types\/page"}],"author":[{"embeddable":true,"href":"https:\/\/rockyourgoal.de\/it\/wp-json\/wp\/v2\/users\/2"}],"replies":[{"embeddable":true,"href":"https:\/\/rockyourgoal.de\/it\/wp-json\/wp\/v2\/comments?post=7036"}],"version-history":[{"count":21,"href":"https:\/\/rockyourgoal.de\/it\/wp-json\/wp\/v2\/pages\/7036\/revisions"}],"predecessor-version":[{"id":18206,"href":"https:\/\/rockyourgoal.de\/it\/wp-json\/wp\/v2\/pages\/7036\/revisions\/18206"}],"up":[{"embeddable":true,"href":"https:\/\/rockyourgoal.de\/it\/wp-json\/wp\/v2\/pages\/12595"}],"wp:featuredmedia":[{"embeddable":true,"href":"https:\/\/rockyourgoal.de\/it\/wp-json\/wp\/v2\/media\/7093"}],"wp:attachment":[{"href":"https:\/\/rockyourgoal.de\/it\/wp-json\/wp\/v2\/media?parent=7036"}],"curies":[{"name":"wp","href":"https:\/\/api.w.org\/{rel}","templated":true}]}}