{"id":6826,"date":"2022-11-17T07:00:00","date_gmt":"2022-11-17T06:00:00","guid":{"rendered":"https:\/\/rockyourgoal.de\/?page_id=6826"},"modified":"2025-01-15T09:25:09","modified_gmt":"2025-01-15T08:25:09","slug":"message-of-trust","status":"publish","type":"page","link":"https:\/\/rockyourgoal.de\/it\/timeless-challenge\/beziehungen\/message-of-trust\/","title":{"rendered":"Message of Trust &#8211; Mit einer kleinen Nachricht Freude verbreiten"},"content":{"rendered":"<p>Du kannst Dich sicherlich noch an die Zeit erinnern in der Du von Deinem Partner laufend kleine Aufmerksamkeiten bekommen hast. Mal eine kleine Schokolade im Aktenkoffer, mal ein Zettel auf dem Kissen, mal eine kurze Nachricht auf der Autoscheibe. <\/p>\n\n\n\n<p>Du hast Dich sehr dar\u00fcber gefreut, denn schlie\u00dflich hat ein Mensch der Dich wichtig ist an Dich gedacht. Es geht also nicht um einen monet\u00e4ren Gegenwert sondern um eine Aufmerksamkeit die Menschen sagt &#8222;<em>Du bist mir wichtig<\/em>&#8222;. <\/p>\n\n\n<div class=\"wp-block-image\">\n<figure class=\"aligncenter size-medium\"><a href=\"https:\/\/rockyourgoal.de\/wp-content\/uploads\/2023\/01\/post-its-dezember2022.jpg\"><img loading=\"lazy\" decoding=\"async\" width=\"284\" height=\"300\" src=\"https:\/\/rockyourgoal.de\/wp-content\/uploads\/2023\/01\/post-its-dezember2022-284x300.jpg\" alt=\"\" class=\"wp-image-10531\" srcset=\"https:\/\/rockyourgoal.de\/wp-content\/uploads\/2023\/01\/post-its-dezember2022-284x300.jpg 284w, https:\/\/rockyourgoal.de\/wp-content\/uploads\/2023\/01\/post-its-dezember2022-768x811.jpg 768w, https:\/\/rockyourgoal.de\/wp-content\/uploads\/2023\/01\/post-its-dezember2022-11x12.jpg 11w, https:\/\/rockyourgoal.de\/wp-content\/uploads\/2023\/01\/post-its-dezember2022-300x317.jpg 300w, https:\/\/rockyourgoal.de\/wp-content\/uploads\/2023\/01\/post-its-dezember2022.jpg 835w\" sizes=\"auto, (max-width: 284px) 100vw, 284px\" \/><\/a><figcaption class=\"wp-element-caption\">Message of Trust im Dezember 2022<\/figcaption><\/figure>\n<\/div>\n\n\n<p><\/p>\n\n\n\n<p>Genau aus diesem Grund haben wir die Challenge &#8222;Message of Trust&#8220; aufgenommen, denn diese Idee (die nicht von uns stammt) finden wir klasse!<\/p>\n\n\n<div class=\"wp-block-image\">\n<figure class=\"aligncenter\"><a href=\"https:\/\/rockyourgoal.de\/it\/timeless-challenge\/#Anmeldung_und_Leistungsumfang\"><img loading=\"lazy\" decoding=\"async\" width=\"300\" height=\"145\" src=\"https:\/\/rockyourgoal.de\/wp-content\/uploads\/2022\/11\/image.png\" alt=\"\" class=\"wp-image-9693\" srcset=\"https:\/\/rockyourgoal.de\/wp-content\/uploads\/2022\/11\/image.png 300w, https:\/\/rockyourgoal.de\/wp-content\/uploads\/2022\/11\/image-18x9.png 18w\" sizes=\"auto, (max-width: 300px) 100vw, 300px\" \/><\/a><figcaption class=\"wp-element-caption\"><a href=\"https:\/\/rockyourgoal.de\/it\/timeless-challenge\/#Anmeldung_und_Leistungsumfang\">Die Message of Trust Challenge ist Teil der Timeless Challenge. Mach mit!<\/a><\/figcaption><\/figure>\n<\/div>\n\n\n<blockquote class=\"wp-block-quote is-layout-flow wp-block-quote-is-layout-flow\">\n<p><em>Ich glaube daran, dass jeder Mensch mit seinen Handlungen die Welt ver\u00e4ndern kann! Mach Dein Leben durch sinnvolle Aktionen (Challenges) zu etwas Besonderem und Dauerhaftem! Mach Dich unsterblich!<\/em><\/p>\n\n\n\n<p><em>Wir wollen&nbsp;<a rel=\"noreferrer noopener\" href=\"https:\/\/rockyourgoal.de\/it\/big5forlife\/trees4breeze\/\" target=\"_blank\">eine Million B\u00e4ume weltweit pflanzen<\/a>&nbsp;senza elemosinare donazioni!<\/em>Uwe Kauntz<\/p>\n<\/blockquote>\n\n\n\n<p><strong><em>Folge uns und bleib informiert!<\/em><\/strong><\/p>\n\n\n\n<ul class=\"wp-block-list\">\n<li><strong>Instagram<\/strong>:&nbsp;<a rel=\"noreferrer noopener\" href=\"https:\/\/www.instagram.com\/timeless_challenge\" target=\"_blank\">@timeless_challenge<\/a><\/li>\n\n\n\n<li><strong>Facebook<\/strong>:&nbsp;<a rel=\"noreferrer noopener\" href=\"https:\/\/www.facebook.com\/rockyourgoal\" target=\"_blank\">Rockyourgoal<\/a><\/li>\n\n\n\n<li><strong>Twitter<\/strong>:&nbsp;<a rel=\"noreferrer noopener\" href=\"https:\/\/www.twitter.com\/goal_rock\" target=\"_blank\">@goal_rock<\/a><\/li>\n<\/ul>\n\n\n\n<h2 class=\"wp-block-heading\">So funktioniert die Challenge &#8222;<em>Message of Trust<\/em>&#8222;<\/h2>\n\n\n\n<p>Schreib einem Familienangeh\u00f6rigen, Deinem Partner, einem Freund, Kollegen oder einem anderen Menschen der Dir wichtig ist 30 Tage lang eine &#8222;Post it&#8220; (selbstklebende Zettelchen) mit einer kurzen Nachricht. Diese sollte den Empf\u00e4nger idealerweise immer zur gleichen Uhrzeit erreichen, denn dann entwickelt dieser bereits nach einer kurzen Zeit eine Vorfreude darauf. Wenn Du das 30 Tage lang gemacht hast, schreib uns und wir schicken Dir die Life-Score Punkte. Aber ganz ehrlich&#8230;. mach einfach weiter! Es geht nicht um die Life-Score Punkte (diese sind, wie immer, nur ein Ausl\u00f6ser) sondern Du wirst sehen wie viel da zur\u00fcck kommt!<\/p>\n\n\n\n<p>Probier es mal aus und schreib Deinem Sohn\/Deiner Tochter oder Deinem Partner eine kurze Nachricht auf ein Post it und kleb es in der Fr\u00fch auf die Zimmert\u00fcr. Du wirst sehen, dass sich da jemand jeden Tag dr\u00fcber freut. Und es entstehen neue Themen \u00fcber die man reden kann. <\/p>\n\n\n\n<h2 class=\"wp-block-heading\">Life-Score Punkte f\u00fcr die &#8222;Massage of Trust&#8220; &#8211; Challenge<\/h2>\n\n\n<div class=\"wp-block-image\">\n<figure class=\"aligncenter size-full is-resized\"><a href=\"https:\/\/rockyourgoal.de\/it\/timeless-challenge\/\"><img loading=\"lazy\" decoding=\"async\" width=\"1000\" height=\"1001\" src=\"http:\/\/rockyourgoal.de\/wp-content\/uploads\/2022\/08\/LSP-Beziehungen-1.png\" alt=\"\" class=\"wp-image-8294\" style=\"width:160px;height:159px\" srcset=\"https:\/\/rockyourgoal.de\/wp-content\/uploads\/2022\/08\/LSP-Beziehungen-1.png 1000w, https:\/\/rockyourgoal.de\/wp-content\/uploads\/2022\/08\/LSP-Beziehungen-1-300x300.png 300w, https:\/\/rockyourgoal.de\/wp-content\/uploads\/2022\/08\/LSP-Beziehungen-1-150x150.png 150w, https:\/\/rockyourgoal.de\/wp-content\/uploads\/2022\/08\/LSP-Beziehungen-1-768x769.png 768w, https:\/\/rockyourgoal.de\/wp-content\/uploads\/2022\/08\/LSP-Beziehungen-1-12x12.png 12w, https:\/\/rockyourgoal.de\/wp-content\/uploads\/2022\/08\/LSP-Beziehungen-1-850x851.png 850w\" sizes=\"auto, (max-width: 1000px) 100vw, 1000px\" \/><\/a><figcaption class=\"wp-element-caption\">10 Life-Score-Punkte f\u00fcr die Challenge &#8222;Message of Trust&#8220;<\/figcaption><\/figure>\n<\/div>\n\n\n<p>F\u00fcr 30 Tage t\u00e4glicher Nachricht erh\u00e4ltst Du <strong>10 Life-Score-Punkte<\/strong>.<\/p>\n\n\n\n<h3 class=\"wp-block-heading\">Murmel f\u00fcr die Message of Trust Challenge<\/h3>\n\n\n\n<p>F\u00fcr die Message of Trust Challenge kannst Du die wundersch\u00f6ne Murmel in rot (Beziehungen) bekommen. Diese haben die folgende Gr\u00f6\u00dfe:<\/p>\n\n\n\n<ul class=\"wp-block-list\">\n<li>10 Life-Score Punkte &#8211; Eine rote Murmel mit einem Durchmesser von 16 mm<\/li>\n<\/ul>\n\n\n\n<p>Wenn Du die Murmel haben m\u00f6chtest, dann lies bitte weiter&#8230;<\/p>\n\n\n\n<h2 class=\"wp-block-heading\">Wie kannst Du mitmachen?<\/h2>\n\n\n\n<ul class=\"wp-block-list\">\n<li><a href=\"https:\/\/rockyourgoal.de\/it\/timeless-challenge\/#Anmeldung_und_Leistungsumfang\">Melde Dich bei der Timeless Challenge an!<\/a><\/li>\n\n\n\n<li><a href=\"https:\/\/rockyourgoal.de\/it\/wb-admin\/?action=register\">Registriere Dich (falls noch nicht geschehen) bei dieser Seite (klick auf diesen Satz)<\/a><\/li>\n\n\n\n<li>Nun kannst Du 30 Tage lang einen geliebten Menschen mit einer Nachricht begl\u00fccken. <\/li>\n\n\n\n<li>Wenn Du 30 Tage lang eine kleine Nachricht geschrieben hast, dann f\u00fcll bitte das untere Formular (nur sichtbar wenn Du registriert und angemeldet bist) aus. Wir schicken Dir die Murmel zu. Die Life Score Points werden Dir automatisch gutgeschrieben und im\u00a0<a href=\"https:\/\/rockyourgoal.de\/it\/timeless-challenge\/#Life_Museum\">Life Museum<\/a>\u00a0erg\u00e4nzt. Bitte schreibe Deine Lieferadresse in die \u201eNotes\u201c im Formular.<\/li>\n<\/ul>\n\n\n\n\n\n\n<h2 class=\"wp-block-heading\">Die Message of Trust challenge in Social Media<\/h2>\n\n\n\n<p>Vielleicht m\u00f6chtest Du jemanden animieren mitzumachen oder \u00fcber diese Challenge berichten. Gerne kannst du daf\u00fcr Social Media nutzen. <\/p>\n\n\n\n<h3 class=\"wp-block-heading\">Die Message of Trust Challenge auf Facebook<\/h3>\n\n\n\n<p>Gerne kannst Du Dich mit Anderen in unserer Facebook Gruppe &#8222;Beziehungen&#8220; austauschen. <\/p>\n\n\n\n<h3 class=\"wp-block-heading\">Hashtags<\/h3>\n\n\n\n<ul class=\"wp-block-list\">\n<li>#timelesschallenge<\/li>\n\n\n\n<li>#tcmessageoftrust<\/li>\n\n\n\n<li>#timelesschallenger<\/li>\n<\/ul>","protected":false},"excerpt":{"rendered":"<p>Du kannst Dich sicherlich noch an die Zeit erinnern in der Du von Deinem Partner laufend kleine Aufmerksamkeiten bekommen hast. Mal eine kleine Schokolade im Aktenkoffer, mal ein Zettel auf dem Kissen, mal eine kurze Nachricht auf der Autoscheibe. Du hast Dich sehr dar\u00fcber gefreut, denn schlie\u00dflich hat ein Mensch&hellip;<\/p>\n<p> <a class=\"more-link\" href=\"https:\/\/rockyourgoal.de\/it\/timeless-challenge\/beziehungen\/message-of-trust\/\">Leggi tutto<\/a><\/p>","protected":false},"author":2,"featured_media":6855,"parent":12936,"menu_order":0,"comment_status":"open","ping_status":"closed","template":"","meta":{"pgc_sgb_lightbox_settings":"","_glsr_average":0,"_glsr_ranking":0,"_glsr_reviews":0,"footnotes":""},"class_list":["post-6826","page","type-page","status-publish","has-post-thumbnail"],"_links":{"self":[{"href":"https:\/\/rockyourgoal.de\/it\/wp-json\/wp\/v2\/pages\/6826","targetHints":{"allow":["GET"]}}],"collection":[{"href":"https:\/\/rockyourgoal.de\/it\/wp-json\/wp\/v2\/pages"}],"about":[{"href":"https:\/\/rockyourgoal.de\/it\/wp-json\/wp\/v2\/types\/page"}],"author":[{"embeddable":true,"href":"https:\/\/rockyourgoal.de\/it\/wp-json\/wp\/v2\/users\/2"}],"replies":[{"embeddable":true,"href":"https:\/\/rockyourgoal.de\/it\/wp-json\/wp\/v2\/comments?post=6826"}],"version-history":[{"count":21,"href":"https:\/\/rockyourgoal.de\/it\/wp-json\/wp\/v2\/pages\/6826\/revisions"}],"predecessor-version":[{"id":18311,"href":"https:\/\/rockyourgoal.de\/it\/wp-json\/wp\/v2\/pages\/6826\/revisions\/18311"}],"up":[{"embeddable":true,"href":"https:\/\/rockyourgoal.de\/it\/wp-json\/wp\/v2\/pages\/12936"}],"wp:featuredmedia":[{"embeddable":true,"href":"https:\/\/rockyourgoal.de\/it\/wp-json\/wp\/v2\/media\/6855"}],"wp:attachment":[{"href":"https:\/\/rockyourgoal.de\/it\/wp-json\/wp\/v2\/media?parent=6826"}],"curies":[{"name":"wp","href":"https:\/\/api.w.org\/{rel}","templated":true}]}}