{"id":6619,"date":"2023-02-20T07:00:00","date_gmt":"2023-02-20T06:00:00","guid":{"rendered":"https:\/\/rockyourgoal.de\/?page_id=6619"},"modified":"2025-01-09T10:22:15","modified_gmt":"2025-01-09T09:22:15","slug":"act-of-kindeness-challenge","status":"publish","type":"page","link":"https:\/\/rockyourgoal.de\/it\/timeless-challenge\/beziehungen\/act-of-kindeness-challenge\/","title":{"rendered":"Act of Kindeness Challenge &#8211; 30 Tage etwas Gutes tun"},"content":{"rendered":"<p>Du hast bestimmt schon h\u00e4ufiger im Leben die Erfahrung gemacht, dass Du mit kleinen Aufmerksamkeiten und Freundlichkeiten den Tag eines Mitmenschen positiv gestalten kannst. Aber auch Du bist nach einer solchen Aufmerksamkeit stolz auf Dich und siehst die Welt aus einer positiven Brille heraus. <\/p>\n\n\n\n<p>Das ist der Grund, warum wir die &#8222;<em>Act of Kindeness<\/em>&#8220; challenge initiieren. Es geht darum, dass Du einen ganzen Monat bewusst eine gute Sache pro Tag tust und damit in Deinem Umfeld Gutes stiftest. \u00dcberleg mal was dabei herauskommen w\u00fcrde, wenn das jeder machen w\u00fcrde&#8230;.<\/p>\n\n\n<div class=\"wp-block-image\">\n<figure class=\"aligncenter size-full is-resized\"><a href=\"https:\/\/rockyourgoal.de\/wp-content\/uploads\/2022\/04\/act-of-kindeness.jpg\"><img loading=\"lazy\" decoding=\"async\" width=\"640\" height=\"960\" src=\"https:\/\/rockyourgoal.de\/wp-content\/uploads\/2022\/04\/act-of-kindeness.jpg\" alt=\"\" class=\"wp-image-6623\" style=\"width:258px;height:387px\" srcset=\"https:\/\/rockyourgoal.de\/wp-content\/uploads\/2022\/04\/act-of-kindeness.jpg 640w, https:\/\/rockyourgoal.de\/wp-content\/uploads\/2022\/04\/act-of-kindeness-200x300.jpg 200w, https:\/\/rockyourgoal.de\/wp-content\/uploads\/2022\/04\/act-of-kindeness-8x12.jpg 8w, https:\/\/rockyourgoal.de\/wp-content\/uploads\/2022\/04\/act-of-kindeness-300x450.jpg 300w\" sizes=\"auto, (max-width: 640px) 100vw, 640px\" \/><\/a><\/figure>\n<\/div>\n\n\n<h2 class=\"wp-block-heading\">Regeln der Act of Kindeness Challenge<\/h2>\n\n\n\n<p>Du tust 30 Tage lang jeden Tag etwas Gutes f\u00fcr Dein Umfeld ohne Gegenleistung. Nat\u00fcrlich muss diese Verhaltensweise nach 30 Tagen nicht vorbei sein. Aber Du bekommst von uns Life Score Punkte wenn Du es schaffst 30 Tage lang etwas gutes zu tun. <\/p>\n\n\n<div class=\"wp-block-image\">\n<figure class=\"aligncenter\"><a href=\"https:\/\/rockyourgoal.de\/it\/timeless-challenge\/#Anmeldung_und_Leistungsumfang\"><img loading=\"lazy\" decoding=\"async\" width=\"300\" height=\"145\" src=\"https:\/\/rockyourgoal.de\/wp-content\/uploads\/2022\/12\/image-1.png\" alt=\"\" class=\"wp-image-10083\" srcset=\"https:\/\/rockyourgoal.de\/wp-content\/uploads\/2022\/12\/image-1.png 300w, https:\/\/rockyourgoal.de\/wp-content\/uploads\/2022\/12\/image-1-18x9.png 18w\" sizes=\"auto, (max-width: 300px) 100vw, 300px\" \/><\/a><figcaption class=\"wp-element-caption\">Die Act of Kindness Challenge geh\u00f6rt ebenfalls zur Timeless Challenge. Mach mit!<\/figcaption><\/figure>\n<\/div>\n\n\n<p><strong><em>Folge uns und bleib informiert!<\/em><\/strong><\/p>\n\n\n\n<ul class=\"wp-block-list\">\n<li><strong>Instagram<\/strong>:&nbsp;<a rel=\"noreferrer noopener\" href=\"https:\/\/www.instagram.com\/timeless_challenge\" target=\"_blank\">@timeless_challenge<\/a><\/li>\n\n\n\n<li><strong>Facebook<\/strong>:&nbsp;<a rel=\"noreferrer noopener\" href=\"https:\/\/www.facebook.com\/rockyourgoal\" target=\"_blank\">Rockyourgoal<\/a><\/li>\n\n\n\n<li><strong>Twitter<\/strong>:&nbsp;<a rel=\"noreferrer noopener\" href=\"https:\/\/www.twitter.com\/goal_rock\" target=\"_blank\">@goal_rock<\/a><\/li>\n<\/ul>\n\n\n\n<h2 class=\"wp-block-heading\">So kannst Du mitmachen bei der Act of Kindeness Challenge<\/h2>\n\n\n\n<ul class=\"wp-block-list\">\n<li><a href=\"https:\/\/rockyourgoal.de\/it\/timeless-challenge\/#Anmeldung_und_Leistungsumfang\">Melde Dich bei der Timeless Challenge an!<\/a><\/li>\n\n\n\n<li><a href=\"https:\/\/rockyourgoal.de\/it\/wb-admin\/?action=register\">Registriere Dich (falls noch nicht geschehen) bei dieser Seite (klick auf diesen Satz)<\/a><\/li>\n\n\n\n<li>Mach Dir eine kleine Liste mit Dingen die Du f\u00fcr Deine Mitmenschen tun kannst. Du kannst aber auch sehr flexibel agieren. Wichtig ist, dass Du 30 Tage lang etwas Gutes tust!<\/li>\n\n\n\n<li>Wenn Du 30 Tage lang jeden Tag etwas Gutes getan hast, dann f\u00fcll bitte das untere Formular (nur sichtbar wenn Du registriert und angemeldet bist) aus. Wir schicken Dir die Murmel zu. Die Life Score Points werden Dir automatisch gutgeschrieben und im\u00a0<a href=\"https:\/\/rockyourgoal.de\/it\/timeless-challenge\/#Life_Museum\">Life Museum<\/a>\u00a0erg\u00e4nzt. Bitte schreibe Deine Lieferadresse in die \u201eNotes\u201c im Formular.<\/li>\n<\/ul>\n\n\n\n\n\n\n<h2 class=\"wp-block-heading\">Life Score Punkte f\u00fcr die Act of Kindeness Challenge<\/h2>\n\n\n<div class=\"wp-block-image\">\n<figure class=\"aligncenter size-medium\"><img loading=\"lazy\" decoding=\"async\" width=\"300\" height=\"300\" src=\"https:\/\/rockyourgoal.de\/wp-content\/uploads\/2022\/08\/LSP-Beziehungen-1-300x300.png\" alt=\"\" class=\"wp-image-8294\" srcset=\"https:\/\/rockyourgoal.de\/wp-content\/uploads\/2022\/08\/LSP-Beziehungen-1-300x300.png 300w, https:\/\/rockyourgoal.de\/wp-content\/uploads\/2022\/08\/LSP-Beziehungen-1-150x150.png 150w, https:\/\/rockyourgoal.de\/wp-content\/uploads\/2022\/08\/LSP-Beziehungen-1-768x769.png 768w, https:\/\/rockyourgoal.de\/wp-content\/uploads\/2022\/08\/LSP-Beziehungen-1-12x12.png 12w, https:\/\/rockyourgoal.de\/wp-content\/uploads\/2022\/08\/LSP-Beziehungen-1-850x851.png 850w, https:\/\/rockyourgoal.de\/wp-content\/uploads\/2022\/08\/LSP-Beziehungen-1.png 1000w\" sizes=\"auto, (max-width: 300px) 100vw, 300px\" \/><figcaption class=\"wp-element-caption\">Hol Dir die wundersch\u00f6ne Murmel (in rot) und die 20 Life Score Punkte f\u00fcr die Act of Kindness Challenge!<\/figcaption><\/figure>\n<\/div>\n\n\n<p>Du erh\u00e4ltst f\u00fcr 30 Tage etwas Gutes Tun <strong><em>20 Life Score Punkte<\/em><\/strong>!<\/p>\n\n\n\n<h2 class=\"wp-block-heading\">Die Act of Kindeness Challenge in Social Media<\/h2>\n\n\n\n<p>Es bleibt nat\u00fcrlich Dir \u00fcberlassen ob Du andere mit Deinen Taten inspirieren m\u00f6chtest, aber wenn, dann kannst Du das nat\u00fcrlich tun. <\/p>\n\n\n\n<h3 class=\"wp-block-heading\">Die Act of Kindeness Challenge auf Facebook<\/h3>\n\n\n\n<p>Wir laden Dich herzlich in unsere Facebook Gruppe &#8222;Beziehungen&#8220; ein. Hier kannst Du Dich mit Anderen austauschen. <\/p>\n\n\n\n<h3 class=\"wp-block-heading\">Unsere Hashtags<\/h3>\n\n\n\n<ul class=\"wp-block-list\">\n<li>#timelesschallenge<\/li>\n\n\n\n<li>#tcactofkindeness<\/li>\n\n\n\n<li>#timelesschallenger<\/li>\n<\/ul>","protected":false},"excerpt":{"rendered":"<p>Du hast bestimmt schon h\u00e4ufiger im Leben die Erfahrung gemacht, dass Du mit kleinen Aufmerksamkeiten und Freundlichkeiten den Tag eines Mitmenschen positiv gestalten kannst. Aber auch Du bist nach einer solchen Aufmerksamkeit stolz auf Dich und siehst die Welt aus einer positiven Brille heraus. Das ist der Grund, warum wir&hellip;<\/p>\n<p> <a class=\"more-link\" href=\"https:\/\/rockyourgoal.de\/it\/timeless-challenge\/beziehungen\/act-of-kindeness-challenge\/\">Leggi tutto<\/a><\/p>","protected":false},"author":2,"featured_media":6653,"parent":12936,"menu_order":0,"comment_status":"open","ping_status":"closed","template":"","meta":{"pgc_sgb_lightbox_settings":"","_glsr_average":0,"_glsr_ranking":0,"_glsr_reviews":0,"footnotes":""},"class_list":["post-6619","page","type-page","status-publish","has-post-thumbnail"],"_links":{"self":[{"href":"https:\/\/rockyourgoal.de\/it\/wp-json\/wp\/v2\/pages\/6619","targetHints":{"allow":["GET"]}}],"collection":[{"href":"https:\/\/rockyourgoal.de\/it\/wp-json\/wp\/v2\/pages"}],"about":[{"href":"https:\/\/rockyourgoal.de\/it\/wp-json\/wp\/v2\/types\/page"}],"author":[{"embeddable":true,"href":"https:\/\/rockyourgoal.de\/it\/wp-json\/wp\/v2\/users\/2"}],"replies":[{"embeddable":true,"href":"https:\/\/rockyourgoal.de\/it\/wp-json\/wp\/v2\/comments?post=6619"}],"version-history":[{"count":14,"href":"https:\/\/rockyourgoal.de\/it\/wp-json\/wp\/v2\/pages\/6619\/revisions"}],"predecessor-version":[{"id":18162,"href":"https:\/\/rockyourgoal.de\/it\/wp-json\/wp\/v2\/pages\/6619\/revisions\/18162"}],"up":[{"embeddable":true,"href":"https:\/\/rockyourgoal.de\/it\/wp-json\/wp\/v2\/pages\/12936"}],"wp:featuredmedia":[{"embeddable":true,"href":"https:\/\/rockyourgoal.de\/it\/wp-json\/wp\/v2\/media\/6653"}],"wp:attachment":[{"href":"https:\/\/rockyourgoal.de\/it\/wp-json\/wp\/v2\/media?parent=6619"}],"curies":[{"name":"wp","href":"https:\/\/api.w.org\/{rel}","templated":true}]}}