{"id":6607,"date":"2025-04-17T11:02:02","date_gmt":"2025-04-17T09:02:02","guid":{"rendered":"https:\/\/rockyourgoal.de\/?page_id=6607"},"modified":"2025-04-17T11:02:39","modified_gmt":"2025-04-17T09:02:39","slug":"save-5","status":"publish","type":"page","link":"https:\/\/rockyourgoal.de\/it\/timeless-challenge\/persoenlichkeit\/save-5\/","title":{"rendered":"Save 5"},"content":{"rendered":"<p>Die &#8222;<em>Save 5<\/em>&#8220; Challenge ist eine nette Idee um f\u00fcr ein sch\u00f6nes Ziel zu sparen ohne dass es weg tut. Es geht darum, dass Du jeden 5-Euro Schein den Du als R\u00fcckgeld bekommst in ein Sparschwein steckst. Wieviel wird es bei Dir?<\/p>\n\n\n\n<h2 class=\"wp-block-heading\">So funktioniert die Save 5 &#8211; Challenge (REGELN)<\/h2>\n\n\n\n<p>Jedes Mal wenn Du als R\u00fcckgeld einen 5,- EUR Schein bekommst sparst Du ihn. Steck ihn am Besten in ein Sparschwein, eine Schatulle oder sonst einen Aufbewahrungsort. <\/p>\n\n\n<div class=\"wp-block-image\">\n<figure class=\"aligncenter size-full is-resized\"><a href=\"https:\/\/rockyourgoal.de\/wp-content\/uploads\/2022\/04\/5-eur-challenge.jpg\"><img loading=\"lazy\" decoding=\"async\" width=\"821\" height=\"404\" src=\"https:\/\/rockyourgoal.de\/wp-content\/uploads\/2022\/04\/5-eur-challenge.jpg\" alt=\"\" class=\"wp-image-6613\" style=\"width:362px;height:178px\" srcset=\"https:\/\/rockyourgoal.de\/wp-content\/uploads\/2022\/04\/5-eur-challenge.jpg 821w, https:\/\/rockyourgoal.de\/wp-content\/uploads\/2022\/04\/5-eur-challenge-300x148.jpg 300w, https:\/\/rockyourgoal.de\/wp-content\/uploads\/2022\/04\/5-eur-challenge-768x378.jpg 768w, https:\/\/rockyourgoal.de\/wp-content\/uploads\/2022\/04\/5-eur-challenge-18x9.jpg 18w\" sizes=\"auto, (max-width: 821px) 100vw, 821px\" \/><\/a><\/figure>\n<\/div>\n\n\n<p>Diese Challenge ist so angelegt, dass Du ein ganzes Jahr jeden 5-Euro-Schein sparst, welchen Du am Abend noch hast. Entscheidend ist, dass Du f\u00fcr ein konkretes Ziel sparst und diese Challenge Dir hilft das konkrete Ziel zu erreichen. Du lernst damit eine f\u00fcr Dich funktionierende Methode des Sparens. Als zus\u00e4tzlichen Anreiz bekommst Du von uns Life-Score Punkte wenn Du es schaffst.<\/p>\n\n\n\n<p>Diese Challenge ist ebenfalls ein Teil der Timeless Challenge!<\/p>\n\n\n<div class=\"wp-block-image\">\n<figure class=\"aligncenter\"><a href=\"https:\/\/rockyourgoal.de\/it\/timeless-challenge\/#Anmeldung_und_Leistungsumfang\"><img loading=\"lazy\" decoding=\"async\" width=\"300\" height=\"145\" src=\"https:\/\/rockyourgoal.de\/wp-content\/uploads\/2022\/11\/image.png\" alt=\"\" class=\"wp-image-9693\" srcset=\"https:\/\/rockyourgoal.de\/wp-content\/uploads\/2022\/11\/image.png 300w, https:\/\/rockyourgoal.de\/wp-content\/uploads\/2022\/11\/image-18x9.png 18w\" sizes=\"auto, (max-width: 300px) 100vw, 300px\" \/><\/a><figcaption class=\"wp-element-caption\">Die Save 5 Challenge ist Teil der Timeless Challenge. Mach mit!<\/figcaption><\/figure>\n<\/div>\n\n\n<blockquote class=\"wp-block-quote is-layout-flow wp-block-quote-is-layout-flow\">\n<p><em>Wir wollen&nbsp;<a href=\"https:\/\/rockyourgoal.de\/it\/big5forlife\/trees4breeze\/\" target=\"_blank\" rel=\"noreferrer noopener\">eine Million B\u00e4ume weltweit pflanzen<\/a>&nbsp;senza elemosinare donazioni!<\/em>&nbsp;<em>Das ist unser \u201eWarum?\u201c der Timeless Challenge<\/em><\/p>\n\n\n\n<p>Uwe Kauntz<\/p>\n<\/blockquote>\n\n\n\n<p><strong><em>Folge uns und bleib informiert!<\/em><\/strong><\/p>\n\n\n\n<ul class=\"wp-block-list\">\n<li><strong>Instagram<\/strong>:&nbsp;<a href=\"https:\/\/www.instagram.com\/timeless_challenge\" target=\"_blank\" rel=\"noreferrer noopener\">@timeless_challenge<\/a><\/li>\n\n\n\n<li><strong>Facebook<\/strong>:&nbsp;<a href=\"https:\/\/www.facebook.com\/rockyourgoal\" target=\"_blank\" rel=\"noreferrer noopener\">Rockyourgoal<\/a><\/li>\n\n\n\n<li><strong>Twitter<\/strong>:&nbsp;<a href=\"https:\/\/www.twitter.com\/goal_rock\" target=\"_blank\" rel=\"noreferrer noopener\">@goal_rock<\/a><\/li>\n<\/ul>\n\n\n\n<h2 class=\"wp-block-heading\">Life-Score Punkte f\u00fcr die Save 5 &#8211; Challenge<\/h2>\n\n\n\n<figure class=\"wp-block-table\"><table><tbody><tr><td>Logo<\/td><td>Name<\/td><td>Life-Score Punkte<\/td><td>Anmerkungen<\/td><\/tr><tr><td><img loading=\"lazy\" decoding=\"async\" width=\"150\" height=\"74\" class=\"wp-image-6615\" style=\"width: 150px;\" src=\"http:\/\/rockyourgoal.de\/wp-content\/uploads\/2022\/04\/save-5-challenge-logo.png\" alt=\"\" srcset=\"https:\/\/rockyourgoal.de\/wp-content\/uploads\/2022\/04\/save-5-challenge-logo.png 4378w, https:\/\/rockyourgoal.de\/wp-content\/uploads\/2022\/04\/save-5-challenge-logo-300x148.png 300w, https:\/\/rockyourgoal.de\/wp-content\/uploads\/2022\/04\/save-5-challenge-logo-1024x506.png 1024w, https:\/\/rockyourgoal.de\/wp-content\/uploads\/2022\/04\/save-5-challenge-logo-768x380.png 768w, https:\/\/rockyourgoal.de\/wp-content\/uploads\/2022\/04\/save-5-challenge-logo-1536x760.png 1536w, https:\/\/rockyourgoal.de\/wp-content\/uploads\/2022\/04\/save-5-challenge-logo-2048x1013.png 2048w, https:\/\/rockyourgoal.de\/wp-content\/uploads\/2022\/04\/save-5-challenge-logo-18x9.png 18w, https:\/\/rockyourgoal.de\/wp-content\/uploads\/2022\/04\/save-5-challenge-logo-850x420.png 850w\" sizes=\"auto, (max-width: 150px) 100vw, 150px\" \/><\/td><td>Save 5 &#8211; Challenge &#8211; 365 Tage<\/td><td>50<\/td><td><\/td><\/tr><\/tbody><\/table><\/figure>\n\n\n\n<h2 class=\"wp-block-heading\">So kannst Du bei der Save 5 Challenge mitmachen<\/h2>\n\n\n\n<ul class=\"wp-block-list\">\n<li><a href=\"https:\/\/rockyourgoal.de\/it\/timeless-challenge\/#Anmeldung_und_Leistungsumfang\">Melde Dich bei der Timeless Challenge an!<\/a><\/li>\n\n\n\n<li><a href=\"https:\/\/rockyourgoal.de\/it\/wb-admin\/?action=register\">Registriere Dich (falls noch nicht geschehen) bei dieser Seite (klick auf diesen Satz)<\/a><\/li>\n\n\n\n<li>Jetzt hei\u00dft es 52 Wochen lang konsequent sein! Spare jeden 5-Euro-Schein den Du am Tagesende hast. <\/li>\n\n\n\n<li>Wenn Du diese Challenge nach einem Jahr geschafft hast, dann kannst Du stolz auf Dich sein! Aber nicht nur das. F\u00fcll bitte das untere Formular (nur sichtbar wenn Du registriert und angemeldet bist) aus. Einen Nachweis brauchen wir nicht, denn diese Challenge hast Du nur f\u00fcr Dich gemacht! Wir schicken Dir die Murmel zu. Die Life 50 Score Points werden Dir automatisch gutgeschrieben und im&nbsp;<a href=\"https:\/\/rockyourgoal.de\/it\/timeless-challenge\/#Life_Museum\">Life Museum<\/a>&nbsp;erg\u00e4nzt. Bitte schreibe Deine Lieferadresse f\u00fcr die Murmel in die \u201eNotes\u201c im Formular.<\/li>\n<\/ul>\n\n\n\n\n\n\n<h2 class=\"wp-block-heading\">Life-Score Punkte mit der Save 5 Challenge<\/h2>\n\n\n<div class=\"wp-block-image\">\n<figure class=\"aligncenter\"><a href=\"https:\/\/rockyourgoal.de\/it\/timeless-challenge\/\"><img loading=\"lazy\" decoding=\"async\" width=\"150\" height=\"150\" src=\"https:\/\/rockyourgoal.de\/wp-content\/uploads\/2022\/08\/LSP-Persoenlichkeit-150x150.png\" alt=\"\" class=\"wp-image-8297\" srcset=\"https:\/\/rockyourgoal.de\/wp-content\/uploads\/2022\/08\/LSP-Persoenlichkeit-150x150.png 150w, https:\/\/rockyourgoal.de\/wp-content\/uploads\/2022\/08\/LSP-Persoenlichkeit-300x300.png 300w, https:\/\/rockyourgoal.de\/wp-content\/uploads\/2022\/08\/LSP-Persoenlichkeit-768x769.png 768w, https:\/\/rockyourgoal.de\/wp-content\/uploads\/2022\/08\/LSP-Persoenlichkeit-12x12.png 12w, https:\/\/rockyourgoal.de\/wp-content\/uploads\/2022\/08\/LSP-Persoenlichkeit-850x851.png 850w, https:\/\/rockyourgoal.de\/wp-content\/uploads\/2022\/08\/LSP-Persoenlichkeit.png 1000w\" sizes=\"auto, (max-width: 150px) 100vw, 150px\" \/><\/a><figcaption class=\"wp-element-caption\">Hol Dir 50 Life-Score Punkte aus dem Bereich Pers\u00f6nlichkeit<\/figcaption><\/figure>\n<\/div>\n\n\n<p>Wenn Du diese Challenge schaffst, dann macht das nicht nur Spa\u00df, sondern Du bekommst von uns auch&nbsp;<strong><em>50 Life-Score<\/em><\/strong>&nbsp;Punkte.<\/p>\n\n\n\n<h3 class=\"wp-block-heading\">Murmel f\u00fcr die Save 5 Challenge<\/h3>\n\n\n\n<p>F\u00fcr die Save 5 Challenge kannst Du die wundersch\u00f6ne Murmel in gelb bekommen. Diese hat eine Gr\u00f6\u00dfe von 20mm<\/p>\n\n\n\n<h2 class=\"wp-block-heading\">Die Save5 Challenge auf Social Media<\/h2>\n\n\n\n<p>Du kannst nat\u00fcrlich selbst entscheiden ob Du Deine Erfahrungen mit Anderen teilen m\u00f6chtest. Wenn dem so ist, dann bieten wir Dir nat\u00fcrlich die M\u00f6glichkeiten dazu. <\/p>\n\n\n\n<h3 class=\"wp-block-heading\">Die Save 5 Challenge auf Facebook<\/h3>\n\n\n\n<p>Du kannst Dich mit Anderen zu Themen rund um Finanzen und Sparen in unserer Facebook-Gruppe im Bereich Pers\u00f6nlichkeit austauschen.<\/p>\n\n\n\n<h3 class=\"wp-block-heading\">Unsere Hashtags<\/h3>\n\n\n\n<ul class=\"wp-block-list\">\n<li>#timelesschallenge<\/li>\n\n\n\n<li>#tcsave5<\/li>\n\n\n\n<li>#timelesschallenger<\/li>\n<\/ul>","protected":false},"excerpt":{"rendered":"<p>Die &#8222;Save 5&#8220; Challenge ist eine nette Idee um f\u00fcr ein sch\u00f6nes Ziel zu sparen ohne dass es weg tut. Es geht darum, dass Du jeden 5-Euro Schein den Du als R\u00fcckgeld bekommst in ein Sparschwein steckst. Wieviel wird es bei Dir? So funktioniert die Save 5 &#8211; Challenge (REGELN)&hellip;<\/p>\n<p> <a class=\"more-link\" href=\"https:\/\/rockyourgoal.de\/it\/timeless-challenge\/persoenlichkeit\/save-5\/\">Leggi tutto<\/a><\/p>","protected":false},"author":2,"featured_media":6615,"parent":12691,"menu_order":0,"comment_status":"open","ping_status":"closed","template":"","meta":{"pgc_sgb_lightbox_settings":"","_glsr_average":0,"_glsr_ranking":0,"_glsr_reviews":0,"footnotes":""},"class_list":["post-6607","page","type-page","status-publish","has-post-thumbnail"],"_links":{"self":[{"href":"https:\/\/rockyourgoal.de\/it\/wp-json\/wp\/v2\/pages\/6607","targetHints":{"allow":["GET"]}}],"collection":[{"href":"https:\/\/rockyourgoal.de\/it\/wp-json\/wp\/v2\/pages"}],"about":[{"href":"https:\/\/rockyourgoal.de\/it\/wp-json\/wp\/v2\/types\/page"}],"author":[{"embeddable":true,"href":"https:\/\/rockyourgoal.de\/it\/wp-json\/wp\/v2\/users\/2"}],"replies":[{"embeddable":true,"href":"https:\/\/rockyourgoal.de\/it\/wp-json\/wp\/v2\/comments?post=6607"}],"version-history":[{"count":11,"href":"https:\/\/rockyourgoal.de\/it\/wp-json\/wp\/v2\/pages\/6607\/revisions"}],"predecessor-version":[{"id":19277,"href":"https:\/\/rockyourgoal.de\/it\/wp-json\/wp\/v2\/pages\/6607\/revisions\/19277"}],"up":[{"embeddable":true,"href":"https:\/\/rockyourgoal.de\/it\/wp-json\/wp\/v2\/pages\/12691"}],"wp:featuredmedia":[{"embeddable":true,"href":"https:\/\/rockyourgoal.de\/it\/wp-json\/wp\/v2\/media\/6615"}],"wp:attachment":[{"href":"https:\/\/rockyourgoal.de\/it\/wp-json\/wp\/v2\/media?parent=6607"}],"curies":[{"name":"wp","href":"https:\/\/api.w.org\/{rel}","templated":true}]}}