{"id":6569,"date":"2023-06-12T07:00:00","date_gmt":"2023-06-12T05:00:00","guid":{"rendered":"https:\/\/rockyourgoal.de\/?page_id=6569"},"modified":"2025-01-09T11:11:50","modified_gmt":"2025-01-09T10:11:50","slug":"bad-habits","status":"publish","type":"page","link":"https:\/\/rockyourgoal.de\/it\/timeless-challenge\/persoenlichkeit\/bad-habits\/","title":{"rendered":"Bad Habits Challenge &#8211; Schlechte Angewohnheiten abgew\u00f6hnen"},"content":{"rendered":"<p>Hast Du auch so eine Angewohnheit die Du gerne loswerden m\u00f6chtest? Ich meine, da gibt es doch die EINE Sache die Dich an Dir selbst schon so lange st\u00f6rt und die Dich trotzdem verfolgt, ohne dass Du sie los wirst. <\/p>\n\n\n\n<p>Ich kenne niemanden der solch eine schlechte Angewohnheit nicht hat. Und genau deshalb haben wir die Bad Habit Challenge gestartet. <\/p>\n\n\n\n<p>Du besiegst diese Angewohnheit 30 Tage lang und bekommst von uns die verdienten <em>Life-Score Punkte<\/em>. <\/p>\n\n\n<div class=\"wp-block-image\">\n<figure class=\"aligncenter size-full is-resized\"><img loading=\"lazy\" decoding=\"async\" width=\"797\" height=\"776\" src=\"https:\/\/rockyourgoal.de\/wp-content\/uploads\/2022\/03\/bad-habits-challenge.jpg\" alt=\"\" class=\"wp-image-6573\" style=\"width:404px;height:393px\" srcset=\"https:\/\/rockyourgoal.de\/wp-content\/uploads\/2022\/03\/bad-habits-challenge.jpg 797w, https:\/\/rockyourgoal.de\/wp-content\/uploads\/2022\/03\/bad-habits-challenge-300x292.jpg 300w, https:\/\/rockyourgoal.de\/wp-content\/uploads\/2022\/03\/bad-habits-challenge-768x748.jpg 768w, https:\/\/rockyourgoal.de\/wp-content\/uploads\/2022\/03\/bad-habits-challenge-12x12.jpg 12w\" sizes=\"auto, (max-width: 797px) 100vw, 797px\" \/><\/figure>\n<\/div>\n\n\n<h2 class=\"wp-block-heading\">Wie kannst Du schlechte Angewohnheiten loswerden?<\/h2>\n\n\n\n<p>Wie man schlechte Angewohnheiten wieder los wird ist Inhalt vieler B\u00fccher, Kurse und selbsternannten Mentoren. Aber halte Dich (ganz grob) an die folgende Vorgehensweise:<\/p>\n\n\n\n<ul class=\"wp-block-list\">\n<li>Erstell eine Liste \u00fcber die schlechten Angewohnheiten die Dich an Dir st\u00f6ren. Denk dabei flexibel, denn Du k\u00f6nntest schlechte Gewohnheiten nicht nur Dir gegen\u00fcber haben, sondern auch gegen\u00fcber Deiner Familie, Freunden, Deinen Kollegen oder anderen Menschengruppen. <\/li>\n\n\n\n<li>Such Dir eine (BITTE NUR EINE) dieser Angewohnheiten aus. Es sollte Diejenige sein, welche Dich am meisten st\u00f6rt oder die einen besonders negativen Einfluss auf Dich hat. <\/li>\n\n\n\n<li>Und nun erstell Dir einen Plan wie Du diese schlechte Angewohnheit f\u00fcr 30 Tage vermeiden kannst. Dabei kannst Du auf Umfeldver\u00e4nderungen, Ersatzbefriedigung anstatt der Angewohnheit, Ver\u00e4nderung der Ausl\u00f6semomente etc. zur\u00fcckgreifen. <\/li>\n\n\n\n<li>Behalte Dein Ziel im Fokus und vermeide diese schlechte Gewohnheit. Wenn Du jedoch irgendwann schwach werden solltest, dann ist das kein Beinbruch! Einfach weiter machen. Lass Dich nicht demotivieren! Du startest vielleicht neu, aber Du startest auf der Basis eines ganz anderen Erfahrungsschatzes. <\/li>\n\n\n\n<li>Sei ehrlich zu Dir selbst, IMMER!<\/li>\n\n\n\n<li>Beende die Challenge und Du wirst sehen, dass Du Dich ver\u00e4ndert hast. <\/li>\n\n\n\n<li>Hast Du 30 Tage auf die schlechte Angewohnheit verzichtest, brauchst Du sie eigentlich gar nicht mehr, oder?<\/li>\n\n\n\n<li>Schreib Deine gemachten Erfahrungen auf<\/li>\n\n\n\n<li>Feiere Dich selbst! Aber so richtig und NICHT mit der abgelegten, schlechten Gewohnheit. <\/li>\n<\/ul>\n\n\n\n<p><\/p>\n\n\n<div class=\"wp-block-image\">\n<figure class=\"aligncenter\"><a href=\"https:\/\/rockyourgoal.de\/it\/timeless-challenge\/#Anmeldung_und_Leistungsumfang\"><img loading=\"lazy\" decoding=\"async\" width=\"300\" height=\"145\" src=\"https:\/\/rockyourgoal.de\/wp-content\/uploads\/2022\/11\/image.png\" alt=\"\" class=\"wp-image-9693\" srcset=\"https:\/\/rockyourgoal.de\/wp-content\/uploads\/2022\/11\/image.png 300w, https:\/\/rockyourgoal.de\/wp-content\/uploads\/2022\/11\/image-18x9.png 18w\" sizes=\"auto, (max-width: 300px) 100vw, 300px\" \/><\/a><figcaption class=\"wp-element-caption\"><a href=\"https:\/\/rockyourgoal.de\/it\/timeless-challenge\/#Anmeldung_und_Leistungsumfang\">Die Bad Habits Challenge ist Teil der Timeless Challenge. Mach mit!<\/a><\/figcaption><\/figure>\n<\/div>\n\n\n<blockquote class=\"wp-block-quote is-layout-flow wp-block-quote-is-layout-flow\">\n<p><em>Ich glaube daran, dass jeder Mensch mit seinen Handlungen die Welt ver\u00e4ndern kann! Mach Dein Leben durch sinnvolle Aktionen (Challenges) zu etwas Besonderem und Dauerhaftem! Mach Dich unsterblich!<\/em><\/p>\n\n\n\n<p><em>Wir wollen&nbsp;<a rel=\"noreferrer noopener\" href=\"https:\/\/rockyourgoal.de\/it\/big5forlife\/trees4breeze\/\" target=\"_blank\">eine Million B\u00e4ume weltweit pflanzen<\/a>&nbsp;senza elemosinare donazioni!<\/em>Uwe Kauntz<\/p>\n<\/blockquote>\n\n\n\n<p><strong><em>Folge uns und bleib informiert!<\/em><\/strong><\/p>\n\n\n\n<ul class=\"wp-block-list\">\n<li><strong>Instagram<\/strong>:&nbsp;<a rel=\"noreferrer noopener\" href=\"https:\/\/www.instagram.com\/timeless_challenge\" target=\"_blank\">@timeless_challenge<\/a><\/li>\n\n\n\n<li><strong>Facebook<\/strong>:&nbsp;<a rel=\"noreferrer noopener\" href=\"https:\/\/www.facebook.com\/rockyourgoal\" target=\"_blank\">Rockyourgoal<\/a><\/li>\n\n\n\n<li><strong>Twitter<\/strong>:&nbsp;<a rel=\"noreferrer noopener\" href=\"https:\/\/www.twitter.com\/goal_rock\" target=\"_blank\">@goal_rock<\/a><\/li>\n<\/ul>\n\n\n\n<h2 class=\"wp-block-heading\">Regeln der Bad Habits Challenge<\/h2>\n\n\n\n<p>Du f\u00fchrst eine negative Gewohnheit 30 Tage lang nicht aus. Ersetz sie einfach durch eine Bessere! Wenn Du eine Gewohnheit nach 30 Tagen abgelegt hast, dann kannst Du nat\u00fcrlich eine weitere, schlechte Angewohnheit in Angriff nehmen und die Challenge erneut starten. Aber nicht mit der Ersten r\u00fcckf\u00e4llig werden! \ud83d\ude09<\/p>\n\n\n\n<h2 class=\"wp-block-heading\">Life Score Punkte f\u00fcr die Bad Habits Challenge<\/h2>\n\n\n<div class=\"wp-block-image\">\n<figure class=\"aligncenter size-medium\"><img loading=\"lazy\" decoding=\"async\" width=\"300\" height=\"300\" src=\"https:\/\/rockyourgoal.de\/wp-content\/uploads\/2022\/08\/LSP-Persoenlichkeit-300x300.png\" alt=\"\" class=\"wp-image-8297\" srcset=\"https:\/\/rockyourgoal.de\/wp-content\/uploads\/2022\/08\/LSP-Persoenlichkeit-300x300.png 300w, https:\/\/rockyourgoal.de\/wp-content\/uploads\/2022\/08\/LSP-Persoenlichkeit-150x150.png 150w, https:\/\/rockyourgoal.de\/wp-content\/uploads\/2022\/08\/LSP-Persoenlichkeit-768x769.png 768w, https:\/\/rockyourgoal.de\/wp-content\/uploads\/2022\/08\/LSP-Persoenlichkeit-12x12.png 12w, https:\/\/rockyourgoal.de\/wp-content\/uploads\/2022\/08\/LSP-Persoenlichkeit-850x851.png 850w, https:\/\/rockyourgoal.de\/wp-content\/uploads\/2022\/08\/LSP-Persoenlichkeit.png 1000w\" sizes=\"auto, (max-width: 300px) 100vw, 300px\" \/><\/figure>\n<\/div>\n\n\n<p>Wenn Du es schaffst, eine schlechte Angewohnheit 30 Tage lang zu verbannen (oder durch eine Gute zu erstetzen), dann hast Du <em><strong>10 Life-Score Punkte<\/strong><\/em> verdient!<\/p>\n\n\n\n<h2 class=\"wp-block-heading\">Wie kannst Du bei der Bad Habits Challenge mitmachen?<\/h2>\n\n\n\n<ul class=\"wp-block-list\">\n<li><a href=\"https:\/\/rockyourgoal.de\/it\/timeless-challenge\/#Anmeldung_und_Leistungsumfang\">Melde Dich bei der Timeless Challenge an!<\/a><\/li>\n\n\n\n<li><a href=\"https:\/\/rockyourgoal.de\/it\/wb-admin\/?action=register\">Registriere Dich (falls noch nicht geschehen) bei dieser Seite (klick auf diesen Satz)<\/a><\/li>\n\n\n\n<li>Jetzt hei\u00dft es konsequent sein! Verzichte 30 Tage auf die schlechte Angewohnheit. <\/li>\n\n\n\n<li>Wenn Du die 30 Tage geschafft hast, dann f\u00fcll bitte das untere Formular (nur sichtbar wenn Du registriert und angemeldet bist) aus. Wir schicken Dir die Murmel zu. Die Life Score Points werden Dir automatisch gutgeschrieben und im\u00a0<a href=\"https:\/\/rockyourgoal.de\/it\/timeless-challenge\/#Life_Museum\">Life Museum<\/a>\u00a0erg\u00e4nzt. Bitte schreibe Deine Lieferadresse in die \u201eNotes\u201c im Formular.<\/li>\n<\/ul>\n\n\n\n\n\n\n<h2 class=\"wp-block-heading\">Die Bad Habits Challenge in Social Media<\/h2>\n\n\n\n<p>Motiviere auch Andere ihre schlechten Angewohnheiten abzulegen. Dazu kannst Du Social Media hervorragend nutzen. <\/p>\n\n\n\n<h3 class=\"wp-block-heading\">Die Bad Habits Challenge auf Facebook<\/h3>\n\n\n\n<p>Wir laden Dich herzlich zum zwanglosen Austausch \u00fcber diese Challenge in unsere Gruppe &#8222;<em>Pers\u00f6nlichkeit<\/em>&#8220; in Facebook ein.<\/p>\n\n\n\n<h3 class=\"wp-block-heading\">Unsere Hashtags<\/h3>\n\n\n\n<h1 class=\"wp-block-heading\">timelesschallenge<\/h1>\n\n\n\n<ul class=\"wp-block-list\">\n<li>#timelesschallenge<\/li>\n\n\n\n<li>#tcbadhabitschallenge<\/li>\n\n\n\n<li>#timelesschallenger<\/li>\n<\/ul>","protected":false},"excerpt":{"rendered":"<p>Hast Du auch so eine Angewohnheit die Du gerne loswerden m\u00f6chtest? Ich meine, da gibt es doch die EINE Sache die Dich an Dir selbst schon so lange st\u00f6rt und die Dich trotzdem verfolgt, ohne dass Du sie los wirst. Ich kenne niemanden der solch eine schlechte Angewohnheit nicht hat.&hellip;<\/p>\n<p> <a class=\"more-link\" href=\"https:\/\/rockyourgoal.de\/it\/timeless-challenge\/persoenlichkeit\/bad-habits\/\">Leggi tutto<\/a><\/p>","protected":false},"author":2,"featured_media":6616,"parent":12691,"menu_order":0,"comment_status":"open","ping_status":"closed","template":"","meta":{"pgc_sgb_lightbox_settings":"","_glsr_average":0,"_glsr_ranking":0,"_glsr_reviews":0,"footnotes":""},"class_list":["post-6569","page","type-page","status-publish","has-post-thumbnail"],"_links":{"self":[{"href":"https:\/\/rockyourgoal.de\/it\/wp-json\/wp\/v2\/pages\/6569","targetHints":{"allow":["GET"]}}],"collection":[{"href":"https:\/\/rockyourgoal.de\/it\/wp-json\/wp\/v2\/pages"}],"about":[{"href":"https:\/\/rockyourgoal.de\/it\/wp-json\/wp\/v2\/types\/page"}],"author":[{"embeddable":true,"href":"https:\/\/rockyourgoal.de\/it\/wp-json\/wp\/v2\/users\/2"}],"replies":[{"embeddable":true,"href":"https:\/\/rockyourgoal.de\/it\/wp-json\/wp\/v2\/comments?post=6569"}],"version-history":[{"count":16,"href":"https:\/\/rockyourgoal.de\/it\/wp-json\/wp\/v2\/pages\/6569\/revisions"}],"predecessor-version":[{"id":18188,"href":"https:\/\/rockyourgoal.de\/it\/wp-json\/wp\/v2\/pages\/6569\/revisions\/18188"}],"up":[{"embeddable":true,"href":"https:\/\/rockyourgoal.de\/it\/wp-json\/wp\/v2\/pages\/12691"}],"wp:featuredmedia":[{"embeddable":true,"href":"https:\/\/rockyourgoal.de\/it\/wp-json\/wp\/v2\/media\/6616"}],"wp:attachment":[{"href":"https:\/\/rockyourgoal.de\/it\/wp-json\/wp\/v2\/media?parent=6569"}],"curies":[{"name":"wp","href":"https:\/\/api.w.org\/{rel}","templated":true}]}}