{"id":6556,"date":"2023-05-15T07:00:00","date_gmt":"2023-05-15T05:00:00","guid":{"rendered":"https:\/\/rockyourgoal.de\/?page_id=6556"},"modified":"2025-01-14T11:04:28","modified_gmt":"2025-01-14T10:04:28","slug":"learn-with-fun","status":"publish","type":"page","link":"https:\/\/rockyourgoal.de\/it\/timeless-challenge\/learn-with-fun\/","title":{"rendered":"Learn with fun &#8211; Lernen mit Spa\u00df Challenge"},"content":{"rendered":"<p>Es gibt wenig was Deinen Charakter so positiv beeinflusst wie lebenslanges Lernen. Der Begriff ist leider schon etwas abgedroschen, aber dass Du Dich st\u00e4ndig weiterentwickelst, Neues lernst und st\u00e4ndig offen f\u00fcr neues Wissen bist, war noch nie so wichtig in unserer heutigen Zeit. <\/p>\n\n\n\n<p>Durch den schnellen technologischen Wandel werden wenig Menschen ihr Leben lang ihren Lehr- oder Studienberuf aus\u00fcben. Ganz im Gegenteil. Konstant ist nur der Wandel. <\/p>\n\n\n\n<p>Damit wir Dich motivieren und belohnen st\u00e4ndig weiter zu lernen vergeben wir Life-Score Punkte f\u00fcr st\u00e4ndiges Lernen. Wenn Du lernst, dann hast nicht nur Du davon Vorteile, sondern auch Deine Liebsten und die Gesellschaft. Letztlich profitieren wir alle davon. <\/p>\n\n\n<div class=\"wp-block-image\">\n<figure class=\"aligncenter size-full is-resized\"><img loading=\"lazy\" decoding=\"async\" width=\"960\" height=\"640\" src=\"http:\/\/rockyourgoal.de\/wp-content\/uploads\/2022\/03\/learn-for-fun-challenge.jpg\" alt=\"\" class=\"wp-image-6563\" style=\"width:521px;height:347px\" srcset=\"https:\/\/rockyourgoal.de\/wp-content\/uploads\/2022\/03\/learn-for-fun-challenge.jpg 960w, https:\/\/rockyourgoal.de\/wp-content\/uploads\/2022\/03\/learn-for-fun-challenge-300x200.jpg 300w, https:\/\/rockyourgoal.de\/wp-content\/uploads\/2022\/03\/learn-for-fun-challenge-768x512.jpg 768w, https:\/\/rockyourgoal.de\/wp-content\/uploads\/2022\/03\/learn-for-fun-challenge-18x12.jpg 18w, https:\/\/rockyourgoal.de\/wp-content\/uploads\/2022\/03\/learn-for-fun-challenge-850x567.jpg 850w\" sizes=\"auto, (max-width: 960px) 100vw, 960px\" \/><\/figure>\n<\/div>\n\n\n<h2 class=\"wp-block-heading\">Regeln der <em>Learn with fun Challenge<\/em><\/h2>\n\n\n\n<p>Die Regeln sind sehr einfach. Du bildest Dich fort und bekommst von uns daf\u00fcr Life-Score Punkte. Dabei vergeben wir je nach Umfang der Fortbildung Life-Score Punkte (Siehe Tabelle weiter unten). Dabei gilt jedoch, dass Du eine Fortbildung abgeschlossen haben musst. <\/p>\n\n\n<div class=\"wp-block-image\">\n<figure class=\"aligncenter\"><a href=\"https:\/\/rockyourgoal.de\/it\/timeless-challenge\/#Anmeldung_und_Leistungsumfang\"><img loading=\"lazy\" decoding=\"async\" width=\"300\" height=\"145\" src=\"https:\/\/rockyourgoal.de\/wp-content\/uploads\/2022\/12\/image-1.png\" alt=\"\" class=\"wp-image-10083\" srcset=\"https:\/\/rockyourgoal.de\/wp-content\/uploads\/2022\/12\/image-1.png 300w, https:\/\/rockyourgoal.de\/wp-content\/uploads\/2022\/12\/image-1-18x9.png 18w\" sizes=\"auto, (max-width: 300px) 100vw, 300px\" \/><\/a><figcaption class=\"wp-element-caption\"><a href=\"https:\/\/rockyourgoal.de\/it\/timeless-challenge\/#Anmeldung_und_Leistungsumfang\">Die Learn with Fun Challenge geh\u00f6rt zur Timeless Challenge. Mach mit!<\/a><\/figcaption><\/figure>\n<\/div>\n\n\n<p><strong><em>Folge uns und bleib informiert!<\/em><\/strong><\/p>\n\n\n\n<ul class=\"wp-block-list\">\n<li><strong>Instagram<\/strong>:&nbsp;<a rel=\"noreferrer noopener\" href=\"https:\/\/www.instagram.com\/timeless_challenge\" target=\"_blank\">@timeless_challenge<\/a><\/li>\n\n\n\n<li><strong>Facebook<\/strong>:&nbsp;<a rel=\"noreferrer noopener\" href=\"https:\/\/www.facebook.com\/rockyourgoal\" target=\"_blank\">Rockyourgoal<\/a><\/li>\n\n\n\n<li><strong>Twitter<\/strong>:&nbsp;<a rel=\"noreferrer noopener\" href=\"https:\/\/www.twitter.com\/goal_rock\" target=\"_blank\">@goal_rock<\/a><\/li>\n<\/ul>\n\n\n\n<h2 class=\"wp-block-heading\">Life Score Punkte f\u00fcr die <em>Learn with Fun Challenge<\/em><\/h2>\n\n\n<div class=\"wp-block-image\">\n<figure class=\"aligncenter size-medium\"><img loading=\"lazy\" decoding=\"async\" width=\"300\" height=\"300\" src=\"https:\/\/rockyourgoal.de\/wp-content\/uploads\/2022\/08\/LSP-Persoenlichkeit-300x300.png\" alt=\"\" class=\"wp-image-8297\" srcset=\"https:\/\/rockyourgoal.de\/wp-content\/uploads\/2022\/08\/LSP-Persoenlichkeit-300x300.png 300w, https:\/\/rockyourgoal.de\/wp-content\/uploads\/2022\/08\/LSP-Persoenlichkeit-150x150.png 150w, https:\/\/rockyourgoal.de\/wp-content\/uploads\/2022\/08\/LSP-Persoenlichkeit-768x769.png 768w, https:\/\/rockyourgoal.de\/wp-content\/uploads\/2022\/08\/LSP-Persoenlichkeit-12x12.png 12w, https:\/\/rockyourgoal.de\/wp-content\/uploads\/2022\/08\/LSP-Persoenlichkeit-850x851.png 850w, https:\/\/rockyourgoal.de\/wp-content\/uploads\/2022\/08\/LSP-Persoenlichkeit.png 1000w\" sizes=\"auto, (max-width: 300px) 100vw, 300px\" \/><\/figure>\n<\/div>\n\n\n<p>Du kannst Dich auf so viele Arten weiterbilden! Wir belohnen mache Weiterbildungen explizit (z.B. eine Sprache zu lernen, Lese challenge, Programmieren lernen etc.), f\u00fcr alle anderen Arten der Fort- und Weiterbildungen gibt es die <em>Learn with Fun Challenge<\/em>. Du bekommst (einmalig) eine Murmle in gelb (16mm) wenn Du eine der folgenden Leistungen erbringst:<\/p>\n\n\n\n<figure class=\"wp-block-table\"><table><tbody><tr><td><strong>Logo<\/strong><\/td><td><strong>Name<\/strong><\/td><td><strong>Life-Score Punkte<\/strong><\/td><td><strong>Anmerkungen<\/strong><\/td><\/tr><tr><td><img loading=\"lazy\" decoding=\"async\" width=\"150\" height=\"110\" class=\"wp-image-6618\" style=\"width: 150px;\" src=\"http:\/\/rockyourgoal.de\/wp-content\/uploads\/2022\/04\/learn-with-fun-challenge-logo.png\" alt=\"\" srcset=\"https:\/\/rockyourgoal.de\/wp-content\/uploads\/2022\/04\/learn-with-fun-challenge-logo.png 4006w, https:\/\/rockyourgoal.de\/wp-content\/uploads\/2022\/04\/learn-with-fun-challenge-logo-300x220.png 300w, https:\/\/rockyourgoal.de\/wp-content\/uploads\/2022\/04\/learn-with-fun-challenge-logo-1024x749.png 1024w, https:\/\/rockyourgoal.de\/wp-content\/uploads\/2022\/04\/learn-with-fun-challenge-logo-768x562.png 768w, https:\/\/rockyourgoal.de\/wp-content\/uploads\/2022\/04\/learn-with-fun-challenge-logo-1536x1124.png 1536w, https:\/\/rockyourgoal.de\/wp-content\/uploads\/2022\/04\/learn-with-fun-challenge-logo-2048x1499.png 2048w, https:\/\/rockyourgoal.de\/wp-content\/uploads\/2022\/04\/learn-with-fun-challenge-logo-16x12.png 16w, https:\/\/rockyourgoal.de\/wp-content\/uploads\/2022\/04\/learn-with-fun-challenge-logo-850x622.png 850w\" sizes=\"auto, (max-width: 150px) 100vw, 150px\" \/><\/td><td>Fortbildungskurse (online oder Anwesenheitskurse), Vortrag<\/td><td>10<\/td><td>Pro Tag (6 Stunden) &#8211; Bei mehrt\u00e4gigen Kursen entsprechend mehr<\/td><\/tr><tr><td><img loading=\"lazy\" decoding=\"async\" width=\"150\" height=\"110\" class=\"wp-image-6618\" style=\"width: 150px;\" src=\"http:\/\/rockyourgoal.de\/wp-content\/uploads\/2022\/04\/learn-with-fun-challenge-logo.png\" alt=\"\" srcset=\"https:\/\/rockyourgoal.de\/wp-content\/uploads\/2022\/04\/learn-with-fun-challenge-logo.png 4006w, https:\/\/rockyourgoal.de\/wp-content\/uploads\/2022\/04\/learn-with-fun-challenge-logo-300x220.png 300w, https:\/\/rockyourgoal.de\/wp-content\/uploads\/2022\/04\/learn-with-fun-challenge-logo-1024x749.png 1024w, https:\/\/rockyourgoal.de\/wp-content\/uploads\/2022\/04\/learn-with-fun-challenge-logo-768x562.png 768w, https:\/\/rockyourgoal.de\/wp-content\/uploads\/2022\/04\/learn-with-fun-challenge-logo-1536x1124.png 1536w, https:\/\/rockyourgoal.de\/wp-content\/uploads\/2022\/04\/learn-with-fun-challenge-logo-2048x1499.png 2048w, https:\/\/rockyourgoal.de\/wp-content\/uploads\/2022\/04\/learn-with-fun-challenge-logo-16x12.png 16w, https:\/\/rockyourgoal.de\/wp-content\/uploads\/2022\/04\/learn-with-fun-challenge-logo-850x622.png 850w\" sizes=\"auto, (max-width: 150px) 100vw, 150px\" \/><\/td><td>30 Tage &#8211; t\u00e4glich eine Stunde in einem Thema forbilden<\/td><td>10<\/td><td><\/td><\/tr><\/tbody><\/table><\/figure>\n\n\n\n<h2 class=\"wp-block-heading\">Wie kann ich bei der Learn with Fun Challenge mitmachen?<\/h2>\n\n\n\n<p>Schreib uns was Du gelernt hast und wie lange Du gebraucht hast. Wir schicken Dir Deine Life-Score Punkte. Easy, oder?<\/p>\n\n\n\n<ul class=\"wp-block-list\">\n<li><a href=\"https:\/\/rockyourgoal.de\/it\/timeless-challenge\/#Anmeldung_und_Leistungsumfang\">Melde Dich bei der Timeless Challenge an!<\/a><\/li>\n\n\n\n<li><a href=\"https:\/\/rockyourgoal.de\/it\/wb-admin\/?action=register\">Registriere Dich (falls noch nicht geschehen) bei dieser Seite (klick auf diesen Satz)<\/a><\/li>\n\n\n\n<li>Besuche Fortbildungskurse, mach Online Kurse oder nimm an Fachvortr\u00e4gen teil. Oder bilde Dich 30 Tage lang t\u00e4glich eine Stunde in einem Spezialgebiet weiter. <\/li>\n\n\n\n<li>Du bekommst f\u00fcr Deine Fortbildungsleistung 10 Life-Score Points! Aber nicht nur das. F\u00fcll bitte das untere Formular (nur sichtbar wenn Du registriert und angemeldet bist) aus. Einen Nachweis brauchen wir nicht, denn diese Challenge hast Du nur f\u00fcr Dich gemacht! Wir schicken Dir die Murmel zu. Die Life 10 Score Points werden Dir automatisch gutgeschrieben und im\u00a0<a href=\"https:\/\/rockyourgoal.de\/it\/timeless-challenge\/#Life_Museum\">Life Museum<\/a>\u00a0erg\u00e4nzt. Bitte schreibe Deine Lieferadresse f\u00fcr die Murmel in die \u201eNotes\u201c im Formular.<\/li>\n<\/ul>\n\n\n\n\n\n\n<h2 class=\"wp-block-heading\">Die Learn with Fun Challenge in Social Media<\/h2>\n\n\n\n<p>Schon klar, manche Fortbildungen wirst Du eher in Deinem Profil auf LinkedIN oder XING eintragen, aber Du kannst auch auf anderen Kan\u00e4len Menschen mit Deinem Vorbild motivieren!<\/p>\n\n\n\n<h3 class=\"wp-block-heading\">Die Learn with Fun Challenge auf Facebook<\/h3>\n\n\n\n<p>Wir laden Dich herzlich zum zwanglosen Austausch \u00fcber diese Challenge in unsere Gruppe <em>Pers\u00f6nlichkeit<\/em> in Facebook ein.<\/p>\n\n\n\n<h3 class=\"wp-block-heading\">Unsere Hashtags<\/h3>\n\n\n\n<ul class=\"wp-block-list\">\n<li><em>#timelesschallenge<\/em> (zeig, dass Du diese Challenge gut findest)<\/li>\n\n\n\n<li>#tclearnwithfun<\/li>\n\n\n\n<li>#timelesschallenger<\/li>\n<\/ul>","protected":false},"excerpt":{"rendered":"<p>Es gibt wenig was Deinen Charakter so positiv beeinflusst wie lebenslanges Lernen. Der Begriff ist leider schon etwas abgedroschen, aber dass Du Dich st\u00e4ndig weiterentwickelst, Neues lernst und st\u00e4ndig offen f\u00fcr neues Wissen bist, war noch nie so wichtig in unserer heutigen Zeit. Durch den schnellen technologischen Wandel werden wenig&hellip;<\/p>\n<p> <a class=\"more-link\" href=\"https:\/\/rockyourgoal.de\/it\/timeless-challenge\/learn-with-fun\/\">Leggi tutto<\/a><\/p>","protected":false},"author":2,"featured_media":6618,"parent":5417,"menu_order":0,"comment_status":"open","ping_status":"closed","template":"","meta":{"pgc_sgb_lightbox_settings":"","_glsr_average":0,"_glsr_ranking":0,"_glsr_reviews":0,"footnotes":""},"class_list":["post-6556","page","type-page","status-publish","has-post-thumbnail"],"_links":{"self":[{"href":"https:\/\/rockyourgoal.de\/it\/wp-json\/wp\/v2\/pages\/6556","targetHints":{"allow":["GET"]}}],"collection":[{"href":"https:\/\/rockyourgoal.de\/it\/wp-json\/wp\/v2\/pages"}],"about":[{"href":"https:\/\/rockyourgoal.de\/it\/wp-json\/wp\/v2\/types\/page"}],"author":[{"embeddable":true,"href":"https:\/\/rockyourgoal.de\/it\/wp-json\/wp\/v2\/users\/2"}],"replies":[{"embeddable":true,"href":"https:\/\/rockyourgoal.de\/it\/wp-json\/wp\/v2\/comments?post=6556"}],"version-history":[{"count":19,"href":"https:\/\/rockyourgoal.de\/it\/wp-json\/wp\/v2\/pages\/6556\/revisions"}],"predecessor-version":[{"id":18281,"href":"https:\/\/rockyourgoal.de\/it\/wp-json\/wp\/v2\/pages\/6556\/revisions\/18281"}],"up":[{"embeddable":true,"href":"https:\/\/rockyourgoal.de\/it\/wp-json\/wp\/v2\/pages\/5417"}],"wp:featuredmedia":[{"embeddable":true,"href":"https:\/\/rockyourgoal.de\/it\/wp-json\/wp\/v2\/media\/6618"}],"wp:attachment":[{"href":"https:\/\/rockyourgoal.de\/it\/wp-json\/wp\/v2\/media?parent=6556"}],"curies":[{"name":"wp","href":"https:\/\/api.w.org\/{rel}","templated":true}]}}