{"id":6453,"date":"2022-11-07T07:00:00","date_gmt":"2022-11-07T06:00:00","guid":{"rendered":"https:\/\/rockyourgoal.de\/?page_id=6453"},"modified":"2025-02-10T14:17:16","modified_gmt":"2025-02-10T13:17:16","slug":"plank-your-day","status":"publish","type":"page","link":"https:\/\/rockyourgoal.de\/it\/timeless-challenge\/sport-challenge\/plank-your-day\/","title":{"rendered":"Plank your Day &#8211; Eine Minute Planke"},"content":{"rendered":"<p>Du hast bestimmt schon einmal geplankt. Der Unterarmst\u00fctz (Planke) kr\u00e4ftigt Deinen gesamten K\u00f6rper, vor allem Deinen oberen und unteren Oberk\u00f6rper. Gerade f\u00fcr Menschen die viel und lange sitzen ist die Planke eine hervorragende \u00dcbung um den R\u00fccken zu kr\u00e4ftigen und gesund zu halten. <\/p>\n\n\n\n<p>Sogenannte &#8222;Plank Challenges&#8220; gibt es sehr viele und Du erinnerst Dich bestimmt an die Anfangszeit von Instagram, als Menschen auf der ganzen Welt an unm\u00f6glichen Orten eine Planke gemacht haben und sich dabei fotografieren lie\u00dfen. <\/p>\n\n\n\n<p>So entstanden tolle Bilder, wie z.B. eine Planke vor dem Eiffelturm oder auf einer Bergspitze im Himalaya. <\/p>\n\n\n\n<p>Um die positiven Eigenschaften dieser \u00dcbung zu nutzen, haben auch wir uns entschieden eine Plank-Challenge durchzuf\u00fchren und Dich mit wertvollen Life-Score Punkten daf\u00fcr zu belohnen. <\/p>\n\n\n<div class=\"wp-block-image\">\n<figure class=\"aligncenter size-full\"><img loading=\"lazy\" decoding=\"async\" width=\"384\" height=\"361\" src=\"https:\/\/rockyourgoal.de\/wp-content\/uploads\/2022\/08\/planke.jpg\" alt=\"\" class=\"wp-image-8531\" srcset=\"https:\/\/rockyourgoal.de\/wp-content\/uploads\/2022\/08\/planke.jpg 384w, https:\/\/rockyourgoal.de\/wp-content\/uploads\/2022\/08\/planke-300x282.jpg 300w, https:\/\/rockyourgoal.de\/wp-content\/uploads\/2022\/08\/planke-13x12.jpg 13w\" sizes=\"auto, (max-width: 384px) 100vw, 384px\" \/><figcaption class=\"wp-element-caption\">Zu Zweit macht Planken noch mehr Spa\u00df!<\/figcaption><\/figure>\n<\/div>\n\n\n<h2 class=\"wp-block-heading\">Regeln der &#8222;Plank your Day&#8220; Challenge<\/h2>\n\n\n\n<p>Du hast bei uns zwei M\u00f6glichkeiten der &#8222;<em>Plank your Day Challenge<\/em>&#8222;. <\/p>\n\n\n\n<h3 class=\"wp-block-heading\">Plank your Day &#8222;Basic&#8220;<\/h3>\n\n\n\n<p>Bei dieser Challenge plankst Du 30 Tage lang jeden Tag eine Minute. Nat\u00fcrlich kannst Du diese Challenge auch nach den 30 Tagen weiterf\u00fchren. Sobald Du 30 Tage geschafft hast, kannst Du Dir bei uns die Life-Score Punkte abholen (siehe Tabelle weiter unten). <\/p>\n\n\n\n<h3 class=\"wp-block-heading\">Plank your Day &#8222;Pro&#8220;<\/h3>\n\n\n\n<p>Bei unserer &#8222;Pro&#8220;-Version beginnst Du am ersten Tag des 30-Tages-Zeitraumes mit einer Minute Planke und erh\u00f6hst das Ganze dann t\u00e4glich um 10 Sekunden. Dabei musst Du die Planke nicht am St\u00fcck machen, sondern es z\u00e4hlen die Gesamtsekunden. Aber forder Dich! Vielleicht schaffst Du es auch am St\u00fcck. <\/p>\n\n\n\n<h2 class=\"wp-block-heading\">Life Score Punkte f\u00fcr die Plank your Day Challenge<\/h2>\n\n\n<div class=\"wp-block-image\">\n<figure class=\"aligncenter size-full\"><a href=\"https:\/\/rockyourgoal.de\/it\/timeless-challenge\/\"><img loading=\"lazy\" decoding=\"async\" width=\"300\" height=\"300\" src=\"https:\/\/rockyourgoal.de\/wp-content\/uploads\/2022\/11\/image-7.png\" alt=\"\" class=\"wp-image-9991\" srcset=\"https:\/\/rockyourgoal.de\/wp-content\/uploads\/2022\/11\/image-7.png 300w, https:\/\/rockyourgoal.de\/wp-content\/uploads\/2022\/11\/image-7-150x150.png 150w, https:\/\/rockyourgoal.de\/wp-content\/uploads\/2022\/11\/image-7-12x12.png 12w\" sizes=\"auto, (max-width: 300px) 100vw, 300px\" \/><\/a><figcaption class=\"wp-element-caption\">Hol Dir die sch\u00f6nen Murmeln oder die wertvollen Life-Score Punkte<\/figcaption><\/figure>\n<\/div>\n\n\n<p>Nat\u00fcrlich erh\u00e4ltst Du auch Life-Score Punkte aus dem Bereich Gesundheit analog der folgenden Tabelle<\/p>\n\n\n\n<figure class=\"wp-block-table\"><table><tbody><tr><td><strong>Logo<\/strong><\/td><td><strong>Name der Challenge<\/strong><\/td><td><strong>Life-Score Punkte<\/strong><\/td><td><strong>Anmerkungen<\/strong><\/td><\/tr><tr><td><img loading=\"lazy\" decoding=\"async\" width=\"150\" height=\"89\" class=\"wp-image-6466\" style=\"width: 150px;\" src=\"http:\/\/rockyourgoal.de\/wp-content\/uploads\/2022\/03\/plank-your-day-logo.png\" alt=\"\" srcset=\"https:\/\/rockyourgoal.de\/wp-content\/uploads\/2022\/03\/plank-your-day-logo.png 4419w, https:\/\/rockyourgoal.de\/wp-content\/uploads\/2022\/03\/plank-your-day-logo-300x180.png 300w, https:\/\/rockyourgoal.de\/wp-content\/uploads\/2022\/03\/plank-your-day-logo-1024x604.png 1024w, https:\/\/rockyourgoal.de\/wp-content\/uploads\/2022\/03\/plank-your-day-logo-768x453.png 768w, https:\/\/rockyourgoal.de\/wp-content\/uploads\/2022\/03\/plank-your-day-logo-1536x907.png 1536w, https:\/\/rockyourgoal.de\/wp-content\/uploads\/2022\/03\/plank-your-day-logo-2048x1209.png 2048w, https:\/\/rockyourgoal.de\/wp-content\/uploads\/2022\/03\/plank-your-day-logo-18x12.png 18w, https:\/\/rockyourgoal.de\/wp-content\/uploads\/2022\/03\/plank-your-day-logo-850x502.png 850w\" sizes=\"auto, (max-width: 150px) 100vw, 150px\" \/><\/td><td>Plank your Day &#8222;Basic&#8220;<\/td><td>10<\/td><td>F\u00fcr den ersten Monat bekommst Du 10 Life-Score Points<\/td><\/tr><tr><td><img loading=\"lazy\" decoding=\"async\" width=\"150\" height=\"89\" class=\"wp-image-6466\" style=\"width: 150px;\" src=\"http:\/\/rockyourgoal.de\/wp-content\/uploads\/2022\/03\/plank-your-day-logo.png\" alt=\"\" srcset=\"https:\/\/rockyourgoal.de\/wp-content\/uploads\/2022\/03\/plank-your-day-logo.png 4419w, https:\/\/rockyourgoal.de\/wp-content\/uploads\/2022\/03\/plank-your-day-logo-300x180.png 300w, https:\/\/rockyourgoal.de\/wp-content\/uploads\/2022\/03\/plank-your-day-logo-1024x604.png 1024w, https:\/\/rockyourgoal.de\/wp-content\/uploads\/2022\/03\/plank-your-day-logo-768x453.png 768w, https:\/\/rockyourgoal.de\/wp-content\/uploads\/2022\/03\/plank-your-day-logo-1536x907.png 1536w, https:\/\/rockyourgoal.de\/wp-content\/uploads\/2022\/03\/plank-your-day-logo-2048x1209.png 2048w, https:\/\/rockyourgoal.de\/wp-content\/uploads\/2022\/03\/plank-your-day-logo-18x12.png 18w, https:\/\/rockyourgoal.de\/wp-content\/uploads\/2022\/03\/plank-your-day-logo-850x502.png 850w\" sizes=\"auto, (max-width: 150px) 100vw, 150px\" \/><\/td><td>Plank your Day &#8222;pro&#8220;<\/td><td>5<\/td><td>F\u00fcr jeden weiteren Monat bekommst Du 5 Life-Score Punkte<\/td><\/tr><\/tbody><\/table><\/figure>\n\n\n\n<h3 class=\"wp-block-heading\">Murmel f\u00fcr die Plank your Day Challenge<\/h3>\n\n\n\n<p>F\u00fcr die Plank your Day Challenge kannst Du die wundersch\u00f6ne Murmel in gr\u00fcn bekommen.<\/p>\n\n\n\n<ul class=\"wp-block-list\">\n<li>Eine gr\u00fcne Murmel mit einem Durchmesser von 20mm<\/li>\n<\/ul>\n\n\n\n<p>Wenn Du die Murmel und Life-Score-Punkte haben m\u00f6chtest, dann lies bitte weiter&#8230;<\/p>\n\n\n\n<h2 class=\"wp-block-heading\">Wie kannst Du mitmachen<\/h2>\n\n\n\n<ul class=\"wp-block-list\">\n<li><a href=\"https:\/\/rockyourgoal.de\/it\/timeless-challenge\/#Anmeldung_und_Leistungsumfang\">Melde Dich bei der Timeless Challenge an!<\/a><\/li>\n\n\n\n<li><a href=\"https:\/\/rockyourgoal.de\/it\/wb-admin\/?action=register\">Registriere Dich (falls noch nicht geschehen) bei dieser Seite (klick auf diesen Satz)<\/a><\/li>\n\n\n\n<li>Beginne mit der Plank-Challenge &#8222;Basic&#8220; und sammele Deine ersten Life-Score Points<\/li>\n\n\n\n<li>Dokumentier Deine gemachten Planks in einem Kalender. Wir vertrauen Dir, denn Du machst das f\u00fcr Dich. Aber trotzdem w\u00fcrden wir uns \u00fcber ein Foto oder eine Bildschirmkopie Deines Kalenders freuen.<\/li>\n\n\n\n<li>Sobald Du 30 Tage lang die vorgegebene Anzahl an Planks gemacht hast, und die Life-Score Punkte und Murmeln haben m\u00f6chtest, dann f\u00fclle das unten stehende Formular aus.<\/li>\n\n\n\n<li>Nun sind wir dran&nbsp;und schicken Dir die Murmel zu. Danach kannst Du nat\u00fcrlich weiter machen und bekommst f\u00fcr jeden weiteren Monat 5 LSP\u00b4s. <\/li>\n<\/ul>\n\n\n\n<h3 class=\"wp-block-heading\">Plank Challenge BASIC &#8211; Erfassung<\/h3>\n\n\n\n\n\n\n<h3 class=\"wp-block-heading\">Plank Challenge PRO &#8211; Erfassung<\/h3>\n\n\n\n\n\n<div class=\"wp-block-image\">\n<figure class=\"aligncenter\"><a href=\"https:\/\/rockyourgoal.de\/it\/timeless-challenge\/\"><img loading=\"lazy\" decoding=\"async\" width=\"300\" height=\"145\" src=\"https:\/\/rockyourgoal.de\/wp-content\/uploads\/2022\/11\/image.png\" alt=\"\" class=\"wp-image-9693\" srcset=\"https:\/\/rockyourgoal.de\/wp-content\/uploads\/2022\/11\/image.png 300w, https:\/\/rockyourgoal.de\/wp-content\/uploads\/2022\/11\/image-18x9.png 18w\" sizes=\"auto, (max-width: 300px) 100vw, 300px\" \/><\/a><figcaption class=\"wp-element-caption\">Die Plank your Day Challenge ist Teil der Timeless Challenge<\/figcaption><\/figure>\n<\/div>\n\n\n<blockquote class=\"wp-block-quote is-layout-flow wp-block-quote-is-layout-flow\">\n<p><em>Ich glaube daran, dass jeder Mensch mit seinen Handlungen die Welt ver\u00e4ndern kann! Mach Dein Leben durch sinnvolle Aktionen (Challenges) zu etwas Besonderem und Dauerhaftem! Mach Dich unsterblich!<\/em><\/p>\n\n\n\n<p><em>Wir wollen&nbsp;<a rel=\"noreferrer noopener\" href=\"https:\/\/rockyourgoal.de\/it\/big5forlife\/trees4breeze\/\" target=\"_blank\">eine Million B\u00e4ume weltweit pflanzen<\/a>&nbsp;senza elemosinare donazioni!<\/em>Uwe Kauntz<\/p>\n<\/blockquote>\n\n\n\n<p><strong><em>Jeden Montag eine neue Challenge!<\/em><\/strong>&nbsp;<strong><em>Folge uns und bleib informiert!<\/em><\/strong><\/p>\n\n\n\n<ul class=\"wp-block-list\">\n<li><strong>Instagram<\/strong>:&nbsp;<a rel=\"noreferrer noopener\" href=\"https:\/\/www.instagram.com\/timeless_challenge\" target=\"_blank\">@timeless_challenge<\/a><\/li>\n\n\n\n<li><strong>Facebook<\/strong>:&nbsp;<a rel=\"noreferrer noopener\" href=\"https:\/\/www.facebook.com\/rockyourgoal\" target=\"_blank\">Rockyourgoal<\/a><\/li>\n\n\n\n<li><strong>Twitter<\/strong>:&nbsp;<a rel=\"noreferrer noopener\" href=\"https:\/\/www.twitter.com\/goal_rock\" target=\"_blank\">@goal_rock<\/a><\/li>\n<\/ul>\n\n\n\n<h2 class=\"wp-block-heading\">Die Plank your Day Challenge in Social Media<\/h2>\n\n\n\n<p>Du kannst Deine Planke zu Hause oder an ausgefallenen Orten machen und dr\u00fcber in Social Media berichten und vielleicht weitere Menschen dazu animieren. <\/p>\n\n\n\n<h3 class=\"wp-block-heading\">Die Plank your Day Challenge auf Facebook<\/h3>\n\n\n\n<p>Wir laden Dich herzlich zum zwanglosen Austausch \u00fcber diese Challenge in unsere Gruppe <em>Sport und Gesundheit<\/em> in Facebook ein.<\/p>\n\n\n\n<h3 class=\"wp-block-heading\">Unsere Hashtags<\/h3>\n\n\n\n<ul class=\"wp-block-list\">\n<li><em>#timelesschallenge<\/em> (zeig, dass Du diese Challenge gut findest)<\/li>\n\n\n\n<li>#tcplankyourday<\/li>\n<\/ul>\n\n\n\n<h2 class=\"wp-block-heading\">R\u00fcckmeldungen unserer Teilnehmer &#8211; Vielen Dank!<\/h2>\n\n\n\n<blockquote class=\"wp-block-quote is-layout-flow wp-block-quote-is-layout-flow\">\n<p>Durch dich kam ich vor langer Zeit auf diese Idee. Ich habe mir direkt angew\u00f6hnt, direkt nach dem Aufstehen und vor der Dusche min. 1 Minute zu Planken. Bei meinem vorigen Job habe ich das mit Kollegen gemacht. Jeden Morgen kam die Frage: \u201eHeute schon geplankt?&#8220; oder \u201eLagst du schon eine Minute auf dem Boden?&#8220; Wenn nicht haben wir uns sofort gemeinsam auf den Boden gest\u00fcrzt.<\/p>\n\n\n\n<p>J\u00f6rg, Februar 2025<\/p>\n\n\n\n<p><\/p>\n<\/blockquote>","protected":false},"excerpt":{"rendered":"<p>Du hast bestimmt schon einmal geplankt. Der Unterarmst\u00fctz (Planke) kr\u00e4ftigt Deinen gesamten K\u00f6rper, vor allem Deinen oberen und unteren Oberk\u00f6rper. Gerade f\u00fcr Menschen die viel und lange sitzen ist die Planke eine hervorragende \u00dcbung um den R\u00fccken zu kr\u00e4ftigen und gesund zu halten. Sogenannte &#8222;Plank Challenges&#8220; gibt es sehr viele&hellip;<\/p>\n<p> <a class=\"more-link\" href=\"https:\/\/rockyourgoal.de\/it\/timeless-challenge\/sport-challenge\/plank-your-day\/\">Leggi tutto<\/a><\/p>","protected":false},"author":2,"featured_media":6466,"parent":7499,"menu_order":0,"comment_status":"open","ping_status":"closed","template":"","meta":{"pgc_sgb_lightbox_settings":"","_glsr_average":0,"_glsr_ranking":0,"_glsr_reviews":0,"footnotes":""},"class_list":["post-6453","page","type-page","status-publish","has-post-thumbnail"],"_links":{"self":[{"href":"https:\/\/rockyourgoal.de\/it\/wp-json\/wp\/v2\/pages\/6453","targetHints":{"allow":["GET"]}}],"collection":[{"href":"https:\/\/rockyourgoal.de\/it\/wp-json\/wp\/v2\/pages"}],"about":[{"href":"https:\/\/rockyourgoal.de\/it\/wp-json\/wp\/v2\/types\/page"}],"author":[{"embeddable":true,"href":"https:\/\/rockyourgoal.de\/it\/wp-json\/wp\/v2\/users\/2"}],"replies":[{"embeddable":true,"href":"https:\/\/rockyourgoal.de\/it\/wp-json\/wp\/v2\/comments?post=6453"}],"version-history":[{"count":24,"href":"https:\/\/rockyourgoal.de\/it\/wp-json\/wp\/v2\/pages\/6453\/revisions"}],"predecessor-version":[{"id":18748,"href":"https:\/\/rockyourgoal.de\/it\/wp-json\/wp\/v2\/pages\/6453\/revisions\/18748"}],"up":[{"embeddable":true,"href":"https:\/\/rockyourgoal.de\/it\/wp-json\/wp\/v2\/pages\/7499"}],"wp:featuredmedia":[{"embeddable":true,"href":"https:\/\/rockyourgoal.de\/it\/wp-json\/wp\/v2\/media\/6466"}],"wp:attachment":[{"href":"https:\/\/rockyourgoal.de\/it\/wp-json\/wp\/v2\/media?parent=6453"}],"curies":[{"name":"wp","href":"https:\/\/api.w.org\/{rel}","templated":true}]}}