{"id":6412,"date":"2023-04-10T07:00:00","date_gmt":"2023-04-10T05:00:00","guid":{"rendered":"https:\/\/rockyourgoal.de\/?page_id=6412"},"modified":"2025-01-09T10:47:31","modified_gmt":"2025-01-09T09:47:31","slug":"applied-knowledge","status":"publish","type":"page","link":"https:\/\/rockyourgoal.de\/it\/timeless-challenge\/applied-knowledge\/","title":{"rendered":"Applied Knowledge Challenge"},"content":{"rendered":"\n<p>Die Applied Knowledge Challenge belohnt Dich f\u00fcr ein erfolgreiches Studium, eine abgeschlossene Lehre oder f\u00fcr einen ernsthaften Versuch (oder Aufbau) einer Selbst\u00e4ndigkeit. <\/p>\n\n\n\n<p>Bei diese Challenge geht es uns darum, dass wir Dich daf\u00fcr belohnen wollen, dass Du f\u00fcr Dein Leben eine angewandte Wissensbasis geschaffen hast. Du hast etwas erlernt was Dir in Deinem Leben Chancen und Stabilit\u00e4t bringen wird, auch wenn es nat\u00fcrlich nur eine Basis f\u00fcr ein lebenslanges Weiterlernen bildet. <\/p>\n\n\n<div class=\"wp-block-image\">\n<figure class=\"aligncenter size-full is-resized\"><a href=\"https:\/\/rockyourgoal.de\/wp-content\/uploads\/2022\/03\/applied-knowledge-challenge.jpg\"><img loading=\"lazy\" decoding=\"async\" width=\"960\" height=\"641\" src=\"https:\/\/rockyourgoal.de\/wp-content\/uploads\/2022\/03\/applied-knowledge-challenge.jpg\" alt=\"\" class=\"wp-image-6416\" style=\"width:500px;height:333px\" srcset=\"https:\/\/rockyourgoal.de\/wp-content\/uploads\/2022\/03\/applied-knowledge-challenge.jpg 960w, https:\/\/rockyourgoal.de\/wp-content\/uploads\/2022\/03\/applied-knowledge-challenge-300x200.jpg 300w, https:\/\/rockyourgoal.de\/wp-content\/uploads\/2022\/03\/applied-knowledge-challenge-768x513.jpg 768w, https:\/\/rockyourgoal.de\/wp-content\/uploads\/2022\/03\/applied-knowledge-challenge-18x12.jpg 18w, https:\/\/rockyourgoal.de\/wp-content\/uploads\/2022\/03\/applied-knowledge-challenge-850x568.jpg 850w\" sizes=\"auto, (max-width: 960px) 100vw, 960px\" \/><\/a><\/figure>\n<\/div>\n\n\n<p>Die Applied Knowledge Challenge soll Dich auch dann motivieren, wenn Du mitten in der manchmal schwierigen Phase einer Lehre, eines Studiums oder am Beginn einer Selbst\u00e4ndigkeit stehst. Zieh\u00b4s durch!<\/p>\n\n\n\n<p>Diese Challenge ist ebenfalls ein Teil der Timeless Challenge!<\/p>\n\n\n<div class=\"wp-block-image\">\n<figure class=\"aligncenter\"><a href=\"https:\/\/rockyourgoal.de\/timeless-challenge\/#Anmeldung_und_Leistungsumfang\"><img loading=\"lazy\" decoding=\"async\" width=\"300\" height=\"145\" src=\"https:\/\/rockyourgoal.de\/wp-content\/uploads\/2022\/11\/image.png\" alt=\"\" class=\"wp-image-9693\" srcset=\"https:\/\/rockyourgoal.de\/wp-content\/uploads\/2022\/11\/image.png 300w, https:\/\/rockyourgoal.de\/wp-content\/uploads\/2022\/11\/image-18x9.png 18w\" sizes=\"auto, (max-width: 300px) 100vw, 300px\" \/><\/a><figcaption class=\"wp-element-caption\"><a href=\"https:\/\/rockyourgoal.de\/timeless-challenge\/#Anmeldung_und_Leistungsumfang\">Die appied knowledge Challenge ist Teil der Timeless Challenge. Mach mit!<\/a><\/figcaption><\/figure>\n<\/div>\n\n\n<blockquote class=\"wp-block-quote is-layout-flow wp-block-quote-is-layout-flow\">\n<p><em>Ich glaube daran, dass jeder Mensch mit seinen Handlungen die Welt ver\u00e4ndern kann! Mach Dein Leben durch sinnvolle Aktionen (Challenges) zu etwas Besonderem und Dauerhaftem! Mach Dich unsterblich!<\/em><\/p>\n\n\n\n<p><em>Wir wollen&nbsp;<a rel=\"noreferrer noopener\" href=\"https:\/\/rockyourgoal.de\/big5forlife\/trees4breeze\/\" target=\"_blank\">eine Million B\u00e4ume weltweit pflanzen<\/a>&nbsp;ohne um Spenden zu betteln!<\/em>Uwe Kauntz<\/p>\n<\/blockquote>\n\n\n\n<p><strong><em>Jeden Montag eine neue Challenge!<\/em><\/strong>&nbsp;<strong><em>Folge uns und bleib informiert!<\/em><\/strong><\/p>\n\n\n\n<ul class=\"wp-block-list\">\n<li><strong>Instagram<\/strong>:&nbsp;<a rel=\"noreferrer noopener\" href=\"https:\/\/www.instagram.com\/timeless_challenge\" target=\"_blank\">@timeless_challenge<\/a><\/li>\n\n\n\n<li><strong>Facebook<\/strong>:&nbsp;<a rel=\"noreferrer noopener\" href=\"https:\/\/www.facebook.com\/rockyourgoal\" target=\"_blank\">Rockyourgoal<\/a><\/li>\n\n\n\n<li><strong>Twitter<\/strong>:&nbsp;<a rel=\"noreferrer noopener\" href=\"https:\/\/www.twitter.com\/goal_rock\" target=\"_blank\">@goal_rock<\/a><\/li>\n<\/ul>\n\n\n\n<h2 class=\"wp-block-heading\">Regeln<\/h2>\n\n\n\n<p>Um die Life-Score Punkte und Deine Murmel zu bekommen, musst Du eine abgeschlossene Lehre, ein abgeschlossenes Studium oder zwei Jahre Selbst\u00e4ndigkeit vorweisen k\u00f6nnen. Bei der Selbst\u00e4ndigkeit ist es nicht relevant ob diese erfolgreich war\/ist oder ob Du damit gescheitert bist. Du hast auf alle F\u00e4lle viel f\u00fcr Dein Leben gelernt. Sie sollte jedoch hauptberuflich gewesen sein. <\/p>\n\n\n\n<h2 class=\"wp-block-heading\">Life Score Punkte f\u00fcr die Applied Knowledge Challenge<\/h2>\n\n\n<div class=\"wp-block-image\">\n<figure class=\"aligncenter size-medium\"><img loading=\"lazy\" decoding=\"async\" width=\"300\" height=\"300\" src=\"https:\/\/rockyourgoal.de\/wp-content\/uploads\/2022\/08\/LSP-Persoenlichkeit-300x300.png\" alt=\"\" class=\"wp-image-8297\" srcset=\"https:\/\/rockyourgoal.de\/wp-content\/uploads\/2022\/08\/LSP-Persoenlichkeit-300x300.png 300w, https:\/\/rockyourgoal.de\/wp-content\/uploads\/2022\/08\/LSP-Persoenlichkeit-150x150.png 150w, https:\/\/rockyourgoal.de\/wp-content\/uploads\/2022\/08\/LSP-Persoenlichkeit-768x769.png 768w, https:\/\/rockyourgoal.de\/wp-content\/uploads\/2022\/08\/LSP-Persoenlichkeit-12x12.png 12w, https:\/\/rockyourgoal.de\/wp-content\/uploads\/2022\/08\/LSP-Persoenlichkeit-850x851.png 850w, https:\/\/rockyourgoal.de\/wp-content\/uploads\/2022\/08\/LSP-Persoenlichkeit.png 1000w\" sizes=\"auto, (max-width: 300px) 100vw, 300px\" \/><\/figure>\n<\/div>\n\n\n<p>F\u00fcr Dein Durchhalteverm\u00f6gen und Dein erworbenes Wissen erh\u00e4ltst Du von uns <strong>200 Life-Score Punkte<\/strong> sowie die begehrte Murmel (Durchmesser 20mm)<\/p>\n\n\n\n<h2 class=\"wp-block-heading\">Wie Du bei der Applied Knowledge Challenge mitmachen kannst<\/h2>\n\n\n\n<ul class=\"wp-block-list\">\n<li><a href=\"https:\/\/rockyourgoal.de\/wb-admin\/?action=register\">Melde Dich auf dieser Seite an<\/a>! Einmal angemeldet, kannst Du bei allen unserer Challenges mit diesem Account mitmachen.<\/li>\n\n\n\n<li>Nun hei\u00dft es das Studium, die Lehre oder mindestens zwei Jahre Selbst\u00e4ndigkeit durchzuziehen!<\/li>\n\n\n\n<li>Wenn Du das geschafft hast, f\u00fcll bitte das Formular unten aus und Du bekommst von uns (kostenlos) die Murmel und die Life-Score Punkte gutgeschrieben. Easy, oder?<\/li>\n<\/ul>\n\n\n\n<p class=\"has-text-align-center\"><a href=\"http:\/\/rockyourgoal.de\/wp-content\/uploads\/2024\/03\/Booklet-Challenge-Tool-1.pdf\">Eine genaue Beschreibung des Tools findest Du in unserem Booklet<\/a><\/p>\n\n\n\n<h3 class=\"wp-block-heading\">Erfasse Dein Ergebnis<\/h3>\n\n\n\n\n\n\n<h3 class=\"wp-block-heading\">Die Applied Knowledge Ehrentabelle<\/h3>\n\n\n\n        <a id=\"table-top-anchor\"><\/a>\n        <div class=\"table\">\n          <div class=\"row header-row\">\n            <div class=\"cell header num-col\">Rank<\/div>\n            <div class=\"cell header\">Athlet<\/div>\n            <div class=\"cell header num-col\">Teilgenommene Challenge<\/div>\n            <div class=\"cell header num-col\">Life Score<\/br>Points<\/div>\n          <\/div>\n          <div class=\"row\">   <div class=\"cell num-col\">1.<\/div>   <div class=\"cell left\">Uwe  <div class='hide-on-desktop'>Summits: Uwe <br \/>Teilgenommene Challenge:  Applied Knowledge Challenge<br \/>Lifescore Points: 200<\/div><\/div>   <div class=\"cell num-col\"> Applied Knowledge Challenge<\/div>   <div class=\"cell num-col\">200<\/div><\/div><div class=\"row\">   <div class=\"cell num-col\">2.<\/div>   <div class=\"cell left\">Corinne Estermann <div class='hide-on-desktop'>Summits: Corinne Estermann<br \/>Teilgenommene Challenge:  Applied Knowledge Challenge<br \/>Lifescore Points: 200<\/div><\/div>   <div class=\"cell num-col\"> Applied Knowledge Challenge<\/div>   <div class=\"cell num-col\">200<\/div><\/div><div class=\"row\">   <div class=\"cell num-col\">3.<\/div>   <div class=\"cell left\"> <div class='hide-on-desktop'>Summits: <br \/>Teilgenommene Challenge:  Applied Knowledge Challenge<br \/>Lifescore Points: 200<\/div><\/div>   <div class=\"cell num-col\"> Applied Knowledge Challenge<\/div>   <div class=\"cell num-col\">200<\/div><\/div><div class=\"row\">   <div class=\"cell num-col\">4.<\/div>   <div class=\"cell left\">Yvonne Saaber <div class='hide-on-desktop'>Summits: Yvonne Saaber<br \/>Teilgenommene Challenge:  Applied Knowledge Challenge<br \/>Lifescore Points: 200<\/div><\/div>   <div class=\"cell num-col\"> Applied Knowledge Challenge<\/div>   <div class=\"cell num-col\">200<\/div><\/div><div class=\"row\">   <div class=\"cell num-col\">5.<\/div>   <div class=\"cell left\">Nicole Runge <div class='hide-on-desktop'>Summits: Nicole Runge<br \/>Teilgenommene Challenge:  Applied Knowledge Challenge<br \/>Lifescore Points: 200<\/div><\/div>   <div class=\"cell num-col\"> Applied Knowledge Challenge<\/div>   <div class=\"cell num-col\">200<\/div><\/div><div class=\"row\">   <div class=\"cell num-col\">6.<\/div>   <div class=\"cell left\">Nicolai Thomas <div class='hide-on-desktop'>Summits: Nicolai Thomas<br \/>Teilgenommene Challenge:  Applied Knowledge Challenge<br \/>Lifescore Points: 200<\/div><\/div>   <div class=\"cell num-col\"> Applied Knowledge Challenge<\/div>   <div class=\"cell num-col\">200<\/div><\/div><div class=\"row\">   <div class=\"cell num-col\">7.<\/div>   <div class=\"cell left\">Verena Schreyer <div class='hide-on-desktop'>Summits: Verena Schreyer<br \/>Teilgenommene Challenge:  Applied Knowledge Challenge<br \/>Lifescore Points: 200<\/div><\/div>   <div class=\"cell num-col\"> Applied Knowledge Challenge<\/div>   <div class=\"cell num-col\">200<\/div><\/div><div class=\"row\">   <div class=\"cell num-col\">8.<\/div>   <div class=\"cell left\">J\u00f6rg Sch\u00f6nbeck <div class='hide-on-desktop'>Summits: J\u00f6rg Sch\u00f6nbeck<br \/>Teilgenommene Challenge:  Applied Knowledge Challenge<br \/>Lifescore Points: 200<\/div><\/div>   <div class=\"cell num-col\"> Applied Knowledge Challenge<\/div>   <div class=\"cell num-col\">200<\/div><\/div>\n          <div class=\"row footer-row\">\n            <div class=\"cell footer no-border hide-mobile\"><a href=\"javascript:void(0);\" class=\"first-page\">&lt;&lt;Erste<\/a><\/div>\n            <div class=\"cell footer no-border hide-mobile\"><a href=\"javascript:void(0);\" class=\"prev\">&lt;Vorherige<\/a><\/div>\n            <div class=\"cell footer no-border hide-mobile\"><a href=\"javascript:void(0);\" class=\"next\">N\u00e4chste&gt;<\/a><\/div>\n            <div class=\"cell footer no-border hide-mobile\"><a href=\"javascript:void(0);\" class=\"last-page\">Letzte&gt;&gt;<\/a><\/div>\n          <\/div>\n          <div class=\"row footer-row hide-on-desktop\">\n            <div class=\"cell footer no-border hide-on-desktop\">Seite:<br \/><span class=\"page-count\">1 \/ 2<\/span><\/div>\n            <div class=\"cell footer no-border hide-on-desktop\"><a class=\"first-page\">&lt;&lt;Erste<\/a><br \/>\n                <a class=\"last-page\">Letzte&gt;&gt;<\/a><\/div>\n            <div class=\"cell footer no-border hide-on-desktop\"><a class=\"prev\">&lt;Vorherige<\/a><br \/>\n                <a class=\"next\">N\u00e4chste&gt;<\/a><\/div>\n          <\/div>\n        <\/div>\n      \n      <style>\n      a.next:hover,a.prev:hover,a.first-page:hover,a.last-page:hover {\n        cursor: pointer;\n      }\n      div.header {\n        text-align: center;\n        background-color: #efbf99;\n        font-weight: 500;\n      }\n      div.footer {\n        background-color: #efbf99;\n        text-align: left;\n      }\n      div.left {\n        text-align: left;\n      }\n      div.center {\n        text-align: center;\n      }\n      div.right {\n        text-align: right;\n      }\n      div.rank {\n        text-align: right;\n      }\n      .cell.no-border {\n        border: none;\n      }\n      @media only screen and (max-width: 767px) {\n        div.hide-mobile {\n          display: none !important;\n        }\n        .show-mobile {\n          display: block !important;\n        }\n      }\n\n      @media only screen and (min-width: 768px) {\n        div.hide-on-desktop {\n          display: none !important;\n        }\n        .show-on-mobile {\n          display: block !important;\n        }\n      }\n\n      .table {\n        display: table;\n        width: 100%;\n        border-collapse: collapse;\n        border: 1px solid black;\n      }\n  \n      .row {\n        display: table-row;\n      }\n  \n      .cell {\n        display: table-cell;\n        padding: 10px;\n        border: 1px solid black;\n        text-align: center;\n      }\n\n      @media (max-width: 768px) {\n        .cell:nth-child(4),\n        .cell:nth-child(5),\n        .cell:nth-child(6),\n        .cell:nth-child(7),\n        .cell:nth-child(8),\n        .cell:nth-child(9) {\n          display: none;\n        }\n      }\n\n      .next-button {\n        display: none;\n        margin-top: 10px;\n        text-align: center;\n      }\n  \n      @media (max-width: 768px) {\n        .next-button {\n          display: block;\n        }\n      }\n      \n      .hidden {\n        display: none;\n      }\n      \n      .num-col {\n        text-align: right;\n      }\n      <\/style>\n\n      <script>\n        document.addEventListener(\"DOMContentLoaded\", function () {\n          var currentPage = 1;\n          var entriesPerPage = 10;\n          var totalEntries = 8\n          var totalPages = Math.ceil(totalEntries \/ entriesPerPage);\n\n          function showPage(page) {\n            var start = (page - 1) * entriesPerPage;\n            var end = start + entriesPerPage;\n\n            var rows = document.querySelectorAll(\".table .row:not(.header-row):not(.footer-row)\");\n            for (var i = 0; i < rows.length; i++) {\n              rows[i].style.display = i >= start && i < end ? \"table-row\" : \"none\";\n            }\n          }\n\n          function updatePageCount() {\n            var pageCountElement = document.querySelector(\".page-count\");\n            pageCountElement.textContent = currentPage + \" \/ \" + totalPages;\n          }\n\n          function handleNavigationClick(event) {\n            event.preventDefault();\n            var action = event.target.getAttribute(\"class\");\n            switch (action) {\n              case \"first-page\":\n                currentPage = 1;\n                break;\n              case \"prev\":\n                if (currentPage > 1) {\n                  currentPage--;\n                }\n                break;\n              case \"next\":\n                if (currentPage < totalPages) {\n                  currentPage++;\n                }\n                break;\n              case \"last-page\":\n                currentPage = totalPages;\n                break;\n            }\n\n            showPage(currentPage);\n            updatePageCount();\n          }\n\n          var navigationLinks = document.querySelectorAll(\".first-page, .prev, .next, .last-page\");\n          for (var i = 0; i < navigationLinks.length; i++) {\n            navigationLinks[i].addEventListener(\"click\", handleNavigationClick);\n          }\n\n          \/\/ Initial page display\n          showPage(currentPage);\n          updatePageCount();\n        });\n      <\/script>\n        \n        <script>\n        document.getElementById(\"select_challenge_summit\").addEventListener(\"change\", (evt) => {\n            const urlParts = document.location.href.split(\"?\");\n            const cleanUrl = urlParts[0];\n            if (urlParts.length > 1 && urlParts[1].indexOf(\"page_id=\") !== -1) {\n                const urlParts2 = document.location.href.split(\"page_id=\");\n                const endId = urlParts2[1].indexOf(\"&\") === -1 ? urlParts2[1].length : urlParts2[1].indexOf(\"&\");\n                const pageId = urlParts2[1].substring(0,endId);\n                window.location.href = cleanUrl + \"?page_id=\" + pageId + \"&c_id=\" + evt.target.value;\n            } else {\n                window.location.href = cleanUrl + \"?c_id=\" + evt.target.value;\n            }\n        });\n      <\/script>\n      \n\n\n\n<h2 class=\"wp-block-heading\">Die Applied Knowledge Challenge auf Social Media<\/h2>\n\n\n\n<p>Wenn Du Deinen Erfolg mit anderen teilen m\u00f6chtest, dann kannst Du dies nat\u00fcrlich tun. <\/p>\n\n\n\n<h3 class=\"wp-block-heading\">Die Applied Knowledge Challenge auf Facebook<\/h3>\n\n\n\n<p>Wir laden Dich herzlich zum zwanglosen Austausch \u00fcber diese Challenge in unsere Gruppe <em>Pers\u00f6nlichkeit<\/em> bei Facebook ein.<\/p>\n\n\n\n<h3 class=\"wp-block-heading\"># Unsere Hashtags<\/h3>\n\n\n\n<ul class=\"wp-block-list\">\n<li>timelesschallenge<\/li>\n\n\n\n<li>tcappliedknowledgechallenge<\/li>\n<\/ul>\n","protected":false},"excerpt":{"rendered":"<p>Die Applied Knowledge Challenge belohnt Dich f\u00fcr ein erfolgreiches Studium, eine abgeschlossene Lehre oder f\u00fcr einen ernsthaften Versuch (oder Aufbau) einer Selbst\u00e4ndigkeit. Bei diese Challenge geht es uns darum, dass wir Dich daf\u00fcr belohnen wollen, dass Du f\u00fcr Dein Leben eine angewandte Wissensbasis geschaffen hast. Du hast etwas erlernt was&hellip;<\/p>\n<p> <a class=\"more-link\" href=\"https:\/\/rockyourgoal.de\/it\/timeless-challenge\/applied-knowledge\/\">Leggi tutto<\/a><\/p>","protected":false},"author":2,"featured_media":11392,"parent":5417,"menu_order":0,"comment_status":"open","ping_status":"closed","template":"","meta":{"pgc_sgb_lightbox_settings":"","_glsr_average":0,"_glsr_ranking":0,"_glsr_reviews":0,"footnotes":""},"class_list":["post-6412","page","type-page","status-publish","has-post-thumbnail"],"_links":{"self":[{"href":"https:\/\/rockyourgoal.de\/it\/wp-json\/wp\/v2\/pages\/6412","targetHints":{"allow":["GET"]}}],"collection":[{"href":"https:\/\/rockyourgoal.de\/it\/wp-json\/wp\/v2\/pages"}],"about":[{"href":"https:\/\/rockyourgoal.de\/it\/wp-json\/wp\/v2\/types\/page"}],"author":[{"embeddable":true,"href":"https:\/\/rockyourgoal.de\/it\/wp-json\/wp\/v2\/users\/2"}],"replies":[{"embeddable":true,"href":"https:\/\/rockyourgoal.de\/it\/wp-json\/wp\/v2\/comments?post=6412"}],"version-history":[{"count":14,"href":"https:\/\/rockyourgoal.de\/it\/wp-json\/wp\/v2\/pages\/6412\/revisions"}],"predecessor-version":[{"id":18175,"href":"https:\/\/rockyourgoal.de\/it\/wp-json\/wp\/v2\/pages\/6412\/revisions\/18175"}],"up":[{"embeddable":true,"href":"https:\/\/rockyourgoal.de\/it\/wp-json\/wp\/v2\/pages\/5417"}],"wp:featuredmedia":[{"embeddable":true,"href":"https:\/\/rockyourgoal.de\/it\/wp-json\/wp\/v2\/media\/11392"}],"wp:attachment":[{"href":"https:\/\/rockyourgoal.de\/it\/wp-json\/wp\/v2\/media?parent=6412"}],"curies":[{"name":"wp","href":"https:\/\/api.w.org\/{rel}","templated":true}]}}