{"id":6281,"date":"2025-04-09T13:49:46","date_gmt":"2025-04-09T11:49:46","guid":{"rendered":"https:\/\/rockyourgoal.de\/?page_id=6281"},"modified":"2025-04-09T13:50:10","modified_gmt":"2025-04-09T11:50:10","slug":"happy-vacation","status":"publish","type":"page","link":"https:\/\/rockyourgoal.de\/it\/timeless-challenge\/emotionen\/happy-vacation\/","title":{"rendered":"Happy Vacation"},"content":{"rendered":"\n<p>Urlaub geh\u00f6rt bestimmt auch f\u00fcr Dich zur sch\u00f6nsten Zeit im Jahr. Du freust Dich bereits beim Recherchieren \u00fcber Deinen Urlaubsort und die Freude steigt je n\u00e4her der eigentliche Urlaub r\u00fcckt. Du freust Dich auf neue Eindr\u00fccke, L\u00e4nder, Kulturen und Menschen. Du freust Dich auf eine Zeit ohne Arbeit und auf die freie Einteilung Deiner Zeit. Endlich das tun, was Du wirklich willst! <\/p>\n\n\n\n<p>Aber h\u00e4lt der Urlaub auch das was er verspricht? Machst Du wirklich das was Du Dir schon lange gew\u00fcnscht hast? Bist Du und Deine Familie gl\u00fccklich mit der Urlaubswahl und seid ihr gl\u00fccklich vor Ort?<\/p>\n\n\n\n<p>Schauen wir uns das Ganze etwas genauer an.<\/p>\n\n\n<div class=\"wp-block-image\">\n<figure class=\"aligncenter size-full is-resized\"><a href=\"https:\/\/rockyourgoal.de\/wp-content\/uploads\/2022\/03\/happy-vacation-bild.jpg\"><img loading=\"lazy\" decoding=\"async\" width=\"960\" height=\"640\" src=\"http:\/\/rockyourgoal.de\/wp-content\/uploads\/2022\/03\/happy-vacation-bild.jpg\" alt=\"\" class=\"wp-image-6285\" style=\"width:588px;height:392px\" srcset=\"https:\/\/rockyourgoal.de\/wp-content\/uploads\/2022\/03\/happy-vacation-bild.jpg 960w, https:\/\/rockyourgoal.de\/wp-content\/uploads\/2022\/03\/happy-vacation-bild-300x200.jpg 300w, https:\/\/rockyourgoal.de\/wp-content\/uploads\/2022\/03\/happy-vacation-bild-768x512.jpg 768w, https:\/\/rockyourgoal.de\/wp-content\/uploads\/2022\/03\/happy-vacation-bild-850x567.jpg 850w\" sizes=\"auto, (max-width: 960px) 100vw, 960px\" \/><\/a><figcaption class=\"wp-element-caption\">Traumurlaub mit Plan<\/figcaption><\/figure>\n<\/div>\n\n\n<h2 class=\"wp-block-heading\">Warum die <em>Happy Vacation Challenge<\/em>?<\/h2>\n\n\n\n<p>Ich kenne viele Menschen die sich viele Wochen vor ihrem Urlaub auf ihre Urlaubsreise freuen und danach ern\u00fcchtert, entt\u00e4uscht und finanziell geschr\u00f6pft wieder an ihrem Arbeitsplatz sitzen. Das Klagen nimmt gar kein Ende mehr! Man hat sich im Urlaub mit dem Partner gestritten, die Kinder waren unzufrieden mit dem Hotel, das Essen war schlecht, die Kosten sind explodiert, und und und&#8230;..<\/p>\n\n\n\n<p>Die Happy Vacation Challenge will Dich mit praktischen Tipps dazu bringen, dass Dir genau das nicht passiert. Etwas mehr Zeit und ein gezieltes Vorgehen bei der Planung erm\u00f6glicht Dir den Urlaub Deiner Tr\u00e4ume und macht richtig Spa\u00df!<\/p>\n\n\n\n<p>Die Happy Vacation Challenge soll Dir dazu Anregungen geben. Wenn Du dann aus dem Urlaub zur\u00fcck gekommen bist, bewertest Du Dich selbst. Wie war Dein Urlaub? Hat die Planung gepasst? Wenn ja, dann hast Du Dir wertvolle <em>Life Score Punkte<\/em> verdient. <\/p>\n\n\n\n<p>Diese Challenge ist ebenfalls ein Teil der Timeless Challenge!<\/p>\n\n\n<div class=\"wp-block-image\">\n<figure class=\"aligncenter\"><a href=\"https:\/\/rockyourgoal.de\/timeless-challenge\/#Anmeldung_und_Leistungsumfang\"><img loading=\"lazy\" decoding=\"async\" width=\"300\" height=\"145\" src=\"https:\/\/rockyourgoal.de\/wp-content\/uploads\/2022\/11\/image.png\" alt=\"\" class=\"wp-image-9693\" srcset=\"https:\/\/rockyourgoal.de\/wp-content\/uploads\/2022\/11\/image.png 300w, https:\/\/rockyourgoal.de\/wp-content\/uploads\/2022\/11\/image-18x9.png 18w\" sizes=\"auto, (max-width: 300px) 100vw, 300px\" \/><\/a><figcaption class=\"wp-element-caption\"><a href=\"https:\/\/rockyourgoal.de\/timeless-challenge\/#Anmeldung_und_Leistungsumfang\">Die Happy Vacation Challenge ist Teil der Timeless Challenge. Mach mit!<\/a><\/figcaption><\/figure>\n<\/div>\n\n\n<blockquote class=\"wp-block-quote is-layout-flow wp-block-quote-is-layout-flow\">\n<p><em>Ich glaube daran, dass jeder Mensch mit seinen Handlungen die Welt ver\u00e4ndern kann! Mach Dein Leben durch sinnvolle Aktionen (Challenges) zu etwas Besonderem und Dauerhaftem! Mach Dich unsterblich!<\/em><\/p>\n\n\n\n<p><em>Wir wollen&nbsp;<a rel=\"noreferrer noopener\" href=\"https:\/\/rockyourgoal.de\/big5forlife\/trees4breeze\/\" target=\"_blank\">eine Million B\u00e4ume weltweit pflanzen<\/a>&nbsp;ohne um Spenden zu betteln!<\/em>Uwe Kauntz<\/p>\n<\/blockquote>\n\n\n\n<p><strong><em>Jeden Montag eine neue Challenge!<\/em><\/strong>&nbsp;<strong><em>Folge uns und bleib informiert!<\/em><\/strong><\/p>\n\n\n\n<ul class=\"wp-block-list\">\n<li><strong>Instagram<\/strong>:\u00a0<a href=\"https:\/\/www.instagram.com\/timeless_challenge\" target=\"_blank\" rel=\"noreferrer noopener\">@timeless_challenge<\/a><\/li>\n\n\n\n<li><strong>Facebook<\/strong>:\u00a0<a href=\"https:\/\/www.facebook.com\/rockyourgoal\" target=\"_blank\" rel=\"noreferrer noopener\">Rockyourgoal<\/a><\/li>\n\n\n\n<li><strong>Twitter<\/strong>:\u00a0<a href=\"https:\/\/www.twitter.com\/goal_rock\" target=\"_blank\" rel=\"noreferrer noopener\">@goal_rock<\/a><\/li>\n<\/ul>\n\n\n\n<h2 class=\"wp-block-heading\">Wie plane ich meinen Urlaub richtig?<\/h2>\n\n\n\n<p>Es gibt kaum eine Planung die mir so viel Freude bereitet wie die Urlaubsplanung. Die Vorfreude auf den Urlaub beginnt bereits bei einer Planung. Aber Dein Ziel sollte es sein, dass Du dank Deiner Planung diese Freude im Urlaub steigerst und diese auch danach nicht abnimmt. Deshalb geben wir Dir hier ein paar Gedankenanregungen und Tipps zur richtigen Urlaubsplanung.<\/p>\n\n\n\n<h3 class=\"wp-block-heading\">Die Frage nach dem &#8222;<em>Warum?<\/em>&#8222;<\/h3>\n\n\n\n<p>Hast Du Dir schon einmal \u00fcberlegt wohin Du gerne reisen w\u00fcrdest wenn es keine finanziellen und zeitlichen Beschr\u00e4nkungen g\u00e4be? Wohin w\u00fcrdest Du mit Deinem Partner und Deiner Familie gerne fahren und was w\u00fcrdet ihr dort unternehmen wollen?<\/p>\n\n\n\n<p>Keine Angst, wir haben den Verstand nicht verloren. Uns ist schon bewusst, dass es nat\u00fcrliche Einschr\u00e4nkungen wie Zeit, Finanzen, gesundheitliche Einschr\u00e4nkungen, Schulferien etc. gibt. aber Du solltest Dich mit Deiner Familie als Erstes ernsthaft fragen &#8222;<em>Was w\u00fcrden wir machen, wenn diese Einschr\u00e4nkungen nicht existieren w\u00fcrden?<\/em> Und vor allem &#8222;<em>Warum w\u00fcrdest Du\/ihr das gerne machen?<\/em>&#8222;. <\/p>\n\n\n\n<p>Die Frage nach dem &#8222;Wie&#8220; sollte erst danach kommen um am Anfang noch keine Rolle spielen. Es ist wichtig, dass Du nicht an Deinen\/Euren W\u00fcnschen zweifelt sondern auch bei der Urlaubsplanung versucht diese (soweit wie m\u00f6glich) zu erf\u00fcllen. Es ist besser wenn Du Dir einen konkreten (Urlaubs-)Wunsch zu einem gewissen Teil erf\u00fcllst, als wenn Du von Vornherein einen f\u00fcr Dich und Deine Familie eine ungeliebte Pauschalalternative planst. Wer gerne mal die Fjorde Norwegens sehen m\u00f6chte kann selbstverst\u00e4ndlich einen g\u00fcnstigen Strandurlaub in die T\u00fcrkei buchen. Aber ist das eine sinnvolle Entscheidung f\u00fcr die &#8222;sch\u00f6nste Zeit des Jahres&#8220;? <strong>Mach Dir als Erstes klar was Du willst und aus welchem Grund!<\/strong><\/p>\n\n\n\n<h3 class=\"wp-block-heading\">Die Frage nach dem &#8222;Wie?&#8220;<\/h3>\n\n\n\n<p>Wenn Du wei\u00dft wohin Du gerne m\u00f6chtest, dann kannst Du anfangen Dir konkrete Gedanken machen wie Du das schaffen kannst. Informiere Dich \u00fcber die M\u00f6glichkeiten die Dir zur Verf\u00fcgung stehen! Du wirst staunen welche Chancen sich bieten. <\/p>\n\n\n\n<p>Kl\u00e4r f\u00fcr Dich die folgenden Fragen:<\/p>\n\n\n\n<ul class=\"wp-block-list\">\n<li>Beste Reisezeit<\/li>\n\n\n\n<li>Anzahl der ben\u00f6tigten Urlaubstage<\/li>\n\n\n\n<li>Kosten (Ausr\u00fcstung, Anreise, \u00dcbernachtungen, Verpflegung, Ausfl\u00fcge, evtl. weitere Kosten wie Mitbringsel etc.)<\/li>\n\n\n\n<li>Gesundheitliche Voraussetzungen (k\u00f6rperliche Fitness, Schutzimpfungen, Krankenversicherung etc.)<\/li>\n<\/ul>\n\n\n\n<p>Kl\u00e4re diese Fragen in einer Art &#8222;Matrix&#8220;. Das bedeutet, dass Du vom Groben (Standard) immer feiner wirst (m\u00f6gliche Varianten). Das kostet Dich Zeit, aber diese ist gut investiert, denn Du hast Spa\u00df dabei, lernst viel und vermeidest unliebsame \u00dcberraschungen. Tausch Dich mit Menschen aus die das schon einmal gemacht haben. Frag Deine Kollegen oder Bekannten. Lies im Internet nach und frag in Foren. Die M\u00f6glichkeiten sind schier endlos und Du wirst sehen, dass viele Dinge viel g\u00fcnstiger und unkomplizierter m\u00f6glich sind als wenn Du mit dem &#8222;Standard&#8220; zufrieden bist. <\/p>\n\n\n\n<p>Als Ergebnis Deiner intensiven Recherchen wirst Du einen Plan bekommen der Dir sagt was m\u00f6glich ist und wie viel es  Dich kosten wird. Ja, es kann passieren, dass die Kosten trotzdem zu hoch f\u00fcr Dein Budget sind. Dann ist es aber meistens sinnvoll Dir (evtl. mit Deinem Partner und Familie) einen Plan f\u00fcr einen sp\u00e4teren Zeitpunkt zu erstellen und bis dahin zu sparen. Du wirst sehen wie sch\u00f6n Sparen sein kann wenn Du wei\u00dft wof\u00fcr Du es tust! Und ihr arbeitet mit dem Partner\/Familie an einem gemeinsamen Ziel. <\/p>\n\n\n\n<p>Das schwei\u00dft zusammen und gibt dem Urlaub dann eine viel  h\u00f6here Wertigkeit!<\/p>\n\n\n\n<h2 class=\"wp-block-heading\"><em>Life-Score Punkte<\/em> bei der Happy Vacation Challenge<\/h2>\n\n\n\n<p>F\u00fcr jeden sinnvoll geplanten Urlaub bekommst Du <strong><em>2 Life-Score Punkte<\/em><\/strong> und eine unvergessliche Zeit.<\/p>\n\n\n\n<h2 class=\"wp-block-heading\">So kannst Du an der Happy Vacation Challenge teilnehmen<\/h2>\n\n\n\n<p>Du planst Deinen (Traum) Urlaub, genie\u00dft diesen und bewertest Dich selbst nach dem Urlaub ob Du die 25 Life Score Punkte verdient hast. Die Frage ist: &#8222;<em>Wie war der Urlaub?<\/em>&#8222;. Wenn Du und Deine Familie sagen k\u00f6nnt &#8222;Traumhaft&#8220;, dann schreib uns und Du bekommst Deine Life-Score Punkte. <\/p>\n\n\n\n<h2 class=\"wp-block-heading\">Wie Du bei der Happy Vacation Challenge mitmachen kannst<\/h2>\n\n\n\n<ul class=\"wp-block-list\">\n<li><a href=\"https:\/\/rockyourgoal.de\/wb-admin\/?action=register\">Melde Dich auf dieser Seite an<\/a>! Einmal angemeldet, kannst Du bei allen unserer Challenges mit diesem Account mitmachen.<\/li>\n\n\n\n<li>Nun hei\u00dft es Deinen Traumurlaub (alleine oder mit Deinen Liebsten) zu planen, wie oben dargestellt!<\/li>\n\n\n\n<li>Wenn Du das geschafft hast, f\u00fcll bitte das Formular unten aus und Du bekommst von uns (kostenlos) die Murmel und die Life-Score Punkte gutgeschrieben. Easy, oder?<\/li>\n<\/ul>\n\n\n\n<p class=\"has-text-align-center\"><a href=\"http:\/\/rockyourgoal.de\/wp-content\/uploads\/2024\/03\/Booklet-Challenge-Tool-1.pdf\">Eine genaue Beschreibung des Tools findest Du in unserem Booklet<\/a><\/p>\n\n\n\n\n\n<h2>Keine Ergebnisse<\/h2>\n        <script>\n        document.getElementById(\"select_challenge_summit\").addEventListener(\"change\", (evt) => {\n            const urlParts = document.location.href.split(\"?\");\n            const cleanUrl = urlParts[0];\n            if (urlParts.length > 1 && urlParts[1].indexOf(\"page_id=\") !== -1) {\n                const urlParts2 = document.location.href.split(\"page_id=\");\n                const endId = urlParts2[1].indexOf(\"&\") === -1 ? urlParts2[1].length : urlParts2[1].indexOf(\"&\");\n                const pageId = urlParts2[1].substring(0,endId);\n                window.location.href = cleanUrl + \"?page_id=\" + pageId + \"&c_id=\" + evt.target.value;\n            } else {\n                window.location.href = cleanUrl + \"?c_id=\" + evt.target.value;\n            }\n        });\n      <\/script>\n      \n\n\n\n<h2 class=\"wp-block-heading\">Die Happy Vacation Challenge in Social Media<\/h2>\n\n\n\n<p>Bist Du endlich im Traumurlaub? Wenn Du Bilder, Videos oder Erfahrungen teilen m\u00f6chtest, dann tu das. Aber nur, wenn Du es sowieso gemacht h\u00e4ttest. Es ist vollkommen ok auch mal etwas f\u00fcr sich selbst zu genie\u00dfen ohne es mit anderen zu teilen. Naja, social media-m\u00e4\u00dfig&#8230; ihr wisst wie ich das meine \ud83d\ude42<\/p>\n\n\n\n<h3 class=\"wp-block-heading\">Die Happy Vacation Challenge auf Facebook<\/h3>\n\n\n\n<p>Wir laden Dich herzlich zum zwanglosen Austausch \u00fcber diese Challenge in unsere Facebook-Gruppe ein.<\/p>\n\n\n\n<h3 class=\"wp-block-heading\"># Unsere Hashtags<\/h3>\n\n\n\n<p>Wir haben f\u00fcr Dich die folgenden Hashtags f\u00fcr Instagram, Twitter und Co. vorbereitet:<\/p>\n\n\n\n<ul class=\"wp-block-list\">\n<li><em>#timelesschallenge<\/em> (zeig, dass Du diese Challenge gut findest)<\/li>\n\n\n\n<li>#tchappyvacation<\/li>\n\n\n\n<li>#timelesschallenger<\/li>\n<\/ul>\n\n\n\n<p><\/p>\n","protected":false},"excerpt":{"rendered":"<p>Urlaub geh\u00f6rt bestimmt auch f\u00fcr Dich zur sch\u00f6nsten Zeit im Jahr. Du freust Dich bereits beim Recherchieren \u00fcber Deinen Urlaubsort und die Freude steigt je n\u00e4her der eigentliche Urlaub r\u00fcckt. Du freust Dich auf neue Eindr\u00fccke, L\u00e4nder, Kulturen und Menschen. Du freust Dich auf eine Zeit ohne Arbeit und auf&hellip;<\/p>\n<p> <a class=\"more-link\" href=\"https:\/\/rockyourgoal.de\/it\/timeless-challenge\/emotionen\/happy-vacation\/\">Leggi tutto<\/a><\/p>","protected":false},"author":2,"featured_media":6305,"parent":13005,"menu_order":0,"comment_status":"open","ping_status":"closed","template":"","meta":{"pgc_sgb_lightbox_settings":"","_glsr_average":0,"_glsr_ranking":0,"_glsr_reviews":0,"footnotes":""},"class_list":["post-6281","page","type-page","status-publish","has-post-thumbnail"],"_links":{"self":[{"href":"https:\/\/rockyourgoal.de\/it\/wp-json\/wp\/v2\/pages\/6281","targetHints":{"allow":["GET"]}}],"collection":[{"href":"https:\/\/rockyourgoal.de\/it\/wp-json\/wp\/v2\/pages"}],"about":[{"href":"https:\/\/rockyourgoal.de\/it\/wp-json\/wp\/v2\/types\/page"}],"author":[{"embeddable":true,"href":"https:\/\/rockyourgoal.de\/it\/wp-json\/wp\/v2\/users\/2"}],"replies":[{"embeddable":true,"href":"https:\/\/rockyourgoal.de\/it\/wp-json\/wp\/v2\/comments?post=6281"}],"version-history":[{"count":13,"href":"https:\/\/rockyourgoal.de\/it\/wp-json\/wp\/v2\/pages\/6281\/revisions"}],"predecessor-version":[{"id":19232,"href":"https:\/\/rockyourgoal.de\/it\/wp-json\/wp\/v2\/pages\/6281\/revisions\/19232"}],"up":[{"embeddable":true,"href":"https:\/\/rockyourgoal.de\/it\/wp-json\/wp\/v2\/pages\/13005"}],"wp:featuredmedia":[{"embeddable":true,"href":"https:\/\/rockyourgoal.de\/it\/wp-json\/wp\/v2\/media\/6305"}],"wp:attachment":[{"href":"https:\/\/rockyourgoal.de\/it\/wp-json\/wp\/v2\/media?parent=6281"}],"curies":[{"name":"wp","href":"https:\/\/api.w.org\/{rel}","templated":true}]}}