{"id":6174,"date":"2025-02-07T12:27:18","date_gmt":"2025-02-07T11:27:18","guid":{"rendered":"https:\/\/rockyourgoal.de\/?page_id=6174"},"modified":"2025-02-07T12:35:56","modified_gmt":"2025-02-07T11:35:56","slug":"happy-morning-routine-challenge","status":"publish","type":"page","link":"https:\/\/rockyourgoal.de\/it\/timeless-challenge\/persoenlichkeit\/happy-morning-routine-challenge\/","title":{"rendered":"Happy Morning Routine Challenge"},"content":{"rendered":"<p>Es wird Zeit f\u00fcr Dich fr\u00fcher aufzustehen! Gestalte Deinen Morgen aktiv und hochwertig als den passenden Start in einen wundervollen Tag. Genau das ist eine gute Morgenroutine. Es geht darum, dass Du die wertvolle &#8222;Zeit der Stille&#8220; nutzt. Es geht darum, dass Du in der Fr\u00fch eigenverantwortlich sein kannst und nicht von Deinem Chef oder Deinem Umfeld gesteuert wirst. Du kannst und sollst all die Dinge tun die Dich gl\u00fccklich machen und Dich im Leben weiter bringen. <\/p>\n\n\n\n<p>Es geht darum, dass Du morgens die <strong>wichtigen<\/strong> Dinge und nicht die dringenden Dinge tust. <\/p>\n\n\n<div class=\"wp-block-image\">\n<figure class=\"aligncenter size-large is-resized\"><a href=\"https:\/\/rockyourgoal.de\/wp-content\/uploads\/2022\/03\/morgen-routine-kaffee-und-notizen.jpg\"><img loading=\"lazy\" decoding=\"async\" width=\"1024\" height=\"683\" src=\"https:\/\/rockyourgoal.de\/wp-content\/uploads\/2022\/03\/morgen-routine-kaffee-und-notizen-1024x683.jpg\" alt=\"\" class=\"wp-image-6183\" style=\"width:507px;height:338px\" srcset=\"https:\/\/rockyourgoal.de\/wp-content\/uploads\/2022\/03\/morgen-routine-kaffee-und-notizen-1024x683.jpg 1024w, https:\/\/rockyourgoal.de\/wp-content\/uploads\/2022\/03\/morgen-routine-kaffee-und-notizen-300x200.jpg 300w, https:\/\/rockyourgoal.de\/wp-content\/uploads\/2022\/03\/morgen-routine-kaffee-und-notizen-768x512.jpg 768w, https:\/\/rockyourgoal.de\/wp-content\/uploads\/2022\/03\/morgen-routine-kaffee-und-notizen-1536x1024.jpg 1536w, https:\/\/rockyourgoal.de\/wp-content\/uploads\/2022\/03\/morgen-routine-kaffee-und-notizen-850x567.jpg 850w, https:\/\/rockyourgoal.de\/wp-content\/uploads\/2022\/03\/morgen-routine-kaffee-und-notizen.jpg 1920w\" sizes=\"auto, (max-width: 1024px) 100vw, 1024px\" \/><\/a><\/figure>\n<\/div>\n\n\n<h2 class=\"wp-block-heading\">Was ist eine Morgenroutine?<\/h2>\n\n\n\n<p>Eine Morgenroutine ist eine feste Abfolge von T\u00e4tigkeiten die Du fr\u00fch Morgens, tust. Du machst wichtige Dinge f\u00fcr die Du sp\u00e4ter wahrscheinlich keine Zeit mehr haben wirst. Eine Morgenroutine dauert meistens zwischen 20 Minuten und einer Stunde und kann die Bereiche Sport, Fortbildung, Entspannen oder das Arbeiten an einem konkreten Ziel beinhalten. Eine Morgenroutine ist immer individuell, auch wenn es dazu gute Empfehlungen gibt. <\/p>\n\n\n\n<p>Ich habe einen umfangreichen Beitrag rund um die <a rel=\"noreferrer noopener\" href=\"https:\/\/rockyourgoal.de\/it\/morgenroutine\/\" target=\"_blank\">Morgenroutine<\/a> geschrieben. Ich hoffe es ist ok, wenn ich Dir diesen empfehle. In diesem Beitrag habe ich viele Beispiele und Erfahrungen aufgeschrieben und ich bin davon \u00fcberzeugt, dass er Dich rund um Deine eigene Morgenroutine inspirieren wird. <\/p>\n\n\n<div class=\"wp-block-image\">\n<figure class=\"aligncenter\"><a href=\"https:\/\/rockyourgoal.de\/it\/timeless-challenge\/#Anmeldung_und_Leistungsumfang\"><img loading=\"lazy\" decoding=\"async\" width=\"300\" height=\"145\" src=\"https:\/\/rockyourgoal.de\/wp-content\/uploads\/2022\/11\/image.png\" alt=\"\" class=\"wp-image-9693\" srcset=\"https:\/\/rockyourgoal.de\/wp-content\/uploads\/2022\/11\/image.png 300w, https:\/\/rockyourgoal.de\/wp-content\/uploads\/2022\/11\/image-18x9.png 18w\" sizes=\"auto, (max-width: 300px) 100vw, 300px\" \/><\/a><figcaption class=\"wp-element-caption\">Die Mindfulness Challenge ist Teil der Timeless Challenge. Mach mit!<\/figcaption><\/figure>\n<\/div>\n\n\n<blockquote class=\"wp-block-quote is-layout-flow wp-block-quote-is-layout-flow\">\n<p><em>Ich glaube daran, dass jeder Mensch mit seinen Handlungen die Welt ver\u00e4ndern kann! Mach Dein Leben durch sinnvolle Aktionen (Challenges) zu etwas Besonderem und Dauerhaftem! Mach Dich unsterblich!<\/em><\/p>\n\n\n\n<p><em>Wir wollen&nbsp;<a rel=\"noreferrer noopener\" href=\"https:\/\/rockyourgoal.de\/it\/big5forlife\/trees4breeze\/\" target=\"_blank\">eine Million B\u00e4ume weltweit pflanzen<\/a>&nbsp;senza elemosinare donazioni!<\/em>Uwe Kauntz<\/p>\n<\/blockquote>\n\n\n\n<p><strong><em>Folge uns und bleib informiert!<\/em><\/strong><\/p>\n\n\n\n<ul class=\"wp-block-list\">\n<li><strong>Instagram<\/strong>:&nbsp;<a href=\"https:\/\/www.instagram.com\/timeless_challenge\" target=\"_blank\" rel=\"noreferrer noopener\">@timeless_challenge<\/a><\/li>\n\n\n\n<li><strong>Facebook<\/strong>:&nbsp;<a href=\"https:\/\/www.facebook.com\/rockyourgoal\" target=\"_blank\" rel=\"noreferrer noopener\">Rockyourgoal<\/a><\/li>\n\n\n\n<li><strong>Twitter<\/strong>:&nbsp;<a href=\"https:\/\/www.twitter.com\/goal_rock\" target=\"_blank\" rel=\"noreferrer noopener\">@goal_rock<\/a><\/li>\n<\/ul>\n\n\n\n<h2 class=\"wp-block-heading\">Regole <\/h2>\n\n\n\n<p>Starte Deinen Tag etwas fr\u00fcher, denn diese gewonnene Zeit wird nur Dir geh\u00f6ren. In diesen gewonnenen Minuten kannst Du Deinen Tag und Dein Leben hochwertiger machen und die Basis zur Erreichung Deiner Ziele setzen. Ich empfehle Dir, mindestens 30 Minuten fr\u00fcher aufzustehen als Du das bisher tust. <\/p>\n\n\n\n<p>\u00dcberleg Dir bevor Du mit Deiner Morgenroutine startest was wirklich wichtig f\u00fcr Dich ist. Brauchst Du Bewegung, Entspannung, m\u00f6chtest Du eine bestimmte Sache lernen oder willst Du vielleicht sogar ein Buch schreiben? Was auch immer&#8230;.. in der Fr\u00fch kannst Du das machen. Nat\u00fcrlich auch mehrere Dinge. Jede Minute die Du in die richtige Richtung gehst, bringt Dich Deinem Ziel n\u00e4her!<\/p>\n\n\n\n<p>Wenn Du wei\u00dft, was Du in der Fr\u00fch tun m\u00f6chtest und wann (Du stehst ja fr\u00fcher auf), dann hei\u00dft es &#8222;aufstehen und MACHEN&#8220;!<\/p>\n\n\n\n<p>Sobald Du mindestens einen Monat Dein Vorhaben konsequent durchgezogen hast, bist Du nicht nur Deinen Zielen n\u00e4her gekommen sondern hast auch wertvolle <em>Life-Score Punkte<\/em> im Bereich &#8222;Pers\u00f6nlichkeit&#8220; verdient.<\/p>\n\n\n\n<h2 class=\"wp-block-heading\">So kannst Du bei der Happy Morning Routine Challenge mitmachen<\/h2>\n\n\n\n<ul class=\"wp-block-list\">\n<li><a href=\"https:\/\/rockyourgoal.de\/it\/timeless-challenge\/#Anmeldung_und_Leistungsumfang\">Melde Dich bei der Timeless Challenge an!<\/a><\/li>\n\n\n\n<li><a href=\"https:\/\/rockyourgoal.de\/it\/wb-admin\/?action=register\">Registriere Dich (falls noch nicht geschehen) bei dieser Seite (klick auf diesen Satz)<\/a><\/li>\n\n\n\n<li>Jetzt hei\u00dft es f\u00fcr Dich 30 Tage lang fr\u00fcher aufstehen und Deine Morgenroutine durchziehen.<\/li>\n\n\n\n<li>Wenn Du das geschafft hast, dann f\u00fcll bitte das untere Formular (nur sichtbar wenn Du registriert und angemeldet bist) aus. Wir schicken Dir die Murmel zu. Die Life Score Points werden Dir automatisch gutgeschrieben und im&nbsp;<a href=\"https:\/\/rockyourgoal.de\/it\/timeless-challenge\/#Life_Museum\">Life Museum<\/a>&nbsp;erg\u00e4nzt. Bitte schreibe Deine Lieferadresse in die \u201eNotes\u201c im Formular.<\/li>\n<\/ul>\n\n\n\n<p>Aber nat\u00fcrlich empfehlen wir Dir, weiter zu machen! Du kannst jeden Monat wertvolle Life-Score Punkte sammeln. <\/p>\n\n\n\n\n\n\n<h2 class=\"wp-block-heading\">Life-Score Punkte bei der Happy Morning Routine Challenge<\/h2>\n\n\n\n<p>Da diese Challenge enorme Verbesserungen in Dein Leben bringt, kannst Du jeden Monat in dem Du Deine Morgenroutine pflegst Life-Score Punkte sammeln. Hinzu kommt noch eine Murmel in gelb (Pers\u00f6nlichkeit) mit einem Durchmesser von 16mm<\/p>\n\n\n\n<figure class=\"wp-block-table\"><table><tbody><tr><td>Logo<\/td><td>Name<\/td><td>Life-Score Punkte<\/td><td>Anmerkung<\/td><\/tr><tr><td><img loading=\"lazy\" decoding=\"async\" width=\"150\" height=\"108\" class=\"wp-image-6196\" style=\"width: 150px;\" src=\"http:\/\/rockyourgoal.de\/wp-content\/uploads\/2022\/03\/happy-morning-challenge-logo.png\" alt=\"\" srcset=\"https:\/\/rockyourgoal.de\/wp-content\/uploads\/2022\/03\/happy-morning-challenge-logo.png 3894w, https:\/\/rockyourgoal.de\/wp-content\/uploads\/2022\/03\/happy-morning-challenge-logo-300x216.png 300w, https:\/\/rockyourgoal.de\/wp-content\/uploads\/2022\/03\/happy-morning-challenge-logo-1024x736.png 1024w, https:\/\/rockyourgoal.de\/wp-content\/uploads\/2022\/03\/happy-morning-challenge-logo-768x552.png 768w, https:\/\/rockyourgoal.de\/wp-content\/uploads\/2022\/03\/happy-morning-challenge-logo-1536x1104.png 1536w, https:\/\/rockyourgoal.de\/wp-content\/uploads\/2022\/03\/happy-morning-challenge-logo-2048x1473.png 2048w, https:\/\/rockyourgoal.de\/wp-content\/uploads\/2022\/03\/happy-morning-challenge-logo-850x611.png 850w\" sizes=\"auto, (max-width: 150px) 100vw, 150px\" \/><\/td><td>Happy Morning Routine<\/td><td>10<\/td><td>Jeder Monat Morgenroutine<\/td><\/tr><\/tbody><\/table><\/figure>\n\n\n\n<h2 class=\"wp-block-heading\">Die Happy Morning Routine Challenge auf Social Media<\/h2>\n\n\n\n<p>Auf diese Challenge kannst Du wirklich stolz sein! Rede dar\u00fcber. Vielleicht inspirierst Du auch andere Menschen!<\/p>\n\n\n\n<h3 class=\"wp-block-heading\">Die Happy Morning Routine Challenge auf Facebook<\/h3>\n\n\n\n<p>Wir laden Dich herzlich zum zwanglosen Austausch \u00fcber diese Challenge in unsere Gruppe &#8222;<em>Pers\u00f6nlichkeit<\/em>&#8220; in Facebook ein.<\/p>\n\n\n\n<h3 class=\"wp-block-heading\"># Unsere Hashtags<\/h3>\n\n\n\n<ul class=\"wp-block-list\">\n<li>#timelesschallenge<\/li>\n\n\n\n<li>#tchappymorningroutine<\/li>\n\n\n\n<li>#timelesschallenger<\/li>\n<\/ul>","protected":false},"excerpt":{"rendered":"<p>Es wird Zeit f\u00fcr Dich fr\u00fcher aufzustehen! Gestalte Deinen Morgen aktiv und hochwertig als den passenden Start in einen wundervollen Tag. Genau das ist eine gute Morgenroutine. Es geht darum, dass Du die wertvolle &#8222;Zeit der Stille&#8220; nutzt. Es geht darum, dass Du in der Fr\u00fch eigenverantwortlich sein kannst und&hellip;<\/p>\n<p> <a class=\"more-link\" href=\"https:\/\/rockyourgoal.de\/it\/timeless-challenge\/persoenlichkeit\/happy-morning-routine-challenge\/\">Leggi tutto<\/a><\/p>","protected":false},"author":2,"featured_media":6196,"parent":12691,"menu_order":0,"comment_status":"open","ping_status":"closed","template":"","meta":{"pgc_sgb_lightbox_settings":"","_glsr_average":0,"_glsr_ranking":0,"_glsr_reviews":0,"footnotes":""},"class_list":["post-6174","page","type-page","status-publish","has-post-thumbnail"],"_links":{"self":[{"href":"https:\/\/rockyourgoal.de\/it\/wp-json\/wp\/v2\/pages\/6174","targetHints":{"allow":["GET"]}}],"collection":[{"href":"https:\/\/rockyourgoal.de\/it\/wp-json\/wp\/v2\/pages"}],"about":[{"href":"https:\/\/rockyourgoal.de\/it\/wp-json\/wp\/v2\/types\/page"}],"author":[{"embeddable":true,"href":"https:\/\/rockyourgoal.de\/it\/wp-json\/wp\/v2\/users\/2"}],"replies":[{"embeddable":true,"href":"https:\/\/rockyourgoal.de\/it\/wp-json\/wp\/v2\/comments?post=6174"}],"version-history":[{"count":14,"href":"https:\/\/rockyourgoal.de\/it\/wp-json\/wp\/v2\/pages\/6174\/revisions"}],"predecessor-version":[{"id":18731,"href":"https:\/\/rockyourgoal.de\/it\/wp-json\/wp\/v2\/pages\/6174\/revisions\/18731"}],"up":[{"embeddable":true,"href":"https:\/\/rockyourgoal.de\/it\/wp-json\/wp\/v2\/pages\/12691"}],"wp:featuredmedia":[{"embeddable":true,"href":"https:\/\/rockyourgoal.de\/it\/wp-json\/wp\/v2\/media\/6196"}],"wp:attachment":[{"href":"https:\/\/rockyourgoal.de\/it\/wp-json\/wp\/v2\/media?parent=6174"}],"curies":[{"name":"wp","href":"https:\/\/api.w.org\/{rel}","templated":true}]}}