{"id":6159,"date":"2022-11-14T07:00:00","date_gmt":"2022-11-14T06:00:00","guid":{"rendered":"https:\/\/rockyourgoal.de\/?page_id=6159"},"modified":"2025-01-08T15:22:59","modified_gmt":"2025-01-08T14:22:59","slug":"1378-challenge","status":"publish","type":"page","link":"https:\/\/rockyourgoal.de\/it\/timeless-challenge\/1378-challenge\/","title":{"rendered":"1378 Spar Challenge"},"content":{"rendered":"<p>Jeder Mensch hat eine andere Methode wie er sparen kann und vielen Menschen f\u00e4llt das Sparen schwer, denn sie haben keine Methode. Wenn Du Dich fragst, warum Du es bisher nicht geschafft hast zu sparen, oder Du eine Challenge machen m\u00f6chtest nach deren Abschluss Du Dir etwas Besonderes leisten kannst, dann mach mit bei der <em>1378 EUR Spar Challenge<\/em>!<\/p>\n\n\n\n<p>Alles was Du f\u00fcr diese Challenge brauchst ist ein Gef\u00e4\u00df z.B. ein Glas, ein Sparschwein oder eine Schachtel in die Du das Geld hineinlegen kannst und einen unersch\u00fctterlichen Willen. <\/p>\n\n\n\n<p>Nur zu, es macht sogar Spa\u00df!<\/p>\n\n\n\n<p>Diese Challenge ist ebenfalls ein Teil der Timeless Challenge!<\/p>\n\n\n<div class=\"wp-block-image\">\n<figure class=\"aligncenter\"><a href=\"https:\/\/rockyourgoal.de\/it\/timeless-challenge\/#Anmeldung_und_Leistungsumfang\"><img loading=\"lazy\" decoding=\"async\" width=\"300\" height=\"145\" src=\"https:\/\/rockyourgoal.de\/wp-content\/uploads\/2022\/11\/image.png\" alt=\"\" class=\"wp-image-9693\" srcset=\"https:\/\/rockyourgoal.de\/wp-content\/uploads\/2022\/11\/image.png 300w, https:\/\/rockyourgoal.de\/wp-content\/uploads\/2022\/11\/image-18x9.png 18w\" sizes=\"auto, (max-width: 300px) 100vw, 300px\" \/><\/a><figcaption class=\"wp-element-caption\">Die 11378 Spar Challenge ist Teil der Timeless Challenge. Mach mit!<\/figcaption><\/figure>\n<\/div>\n\n\n<blockquote class=\"wp-block-quote is-layout-flow wp-block-quote-is-layout-flow\">\n<p><em>Wir wollen\u00a0<a href=\"https:\/\/rockyourgoal.de\/it\/big5forlife\/trees4breeze\/\" target=\"_blank\" rel=\"noreferrer noopener\">eine Million B\u00e4ume weltweit pflanzen<\/a>\u00a0senza elemosinare donazioni!<\/em> <em>Das ist unser &#8222;Warum?&#8220; der Timeless Challenge<\/em><\/p>\n\n\n\n<p>Uwe Kauntz<\/p>\n<\/blockquote>\n\n\n\n<p><strong><em>Folge uns und bleib informiert!<\/em><\/strong><\/p>\n\n\n\n<ul class=\"wp-block-list\">\n<li><strong>Instagram<\/strong>:&nbsp;<a rel=\"noreferrer noopener\" href=\"https:\/\/www.instagram.com\/timeless_challenge\" target=\"_blank\">@timeless_challenge<\/a><\/li>\n\n\n\n<li><strong>Facebook<\/strong>:&nbsp;<a rel=\"noreferrer noopener\" href=\"https:\/\/www.facebook.com\/rockyourgoal\" target=\"_blank\">Rockyourgoal<\/a><\/li>\n\n\n\n<li><strong>Twitter<\/strong>:&nbsp;<a rel=\"noreferrer noopener\" href=\"https:\/\/www.twitter.com\/goal_rock\" target=\"_blank\">@goal_rock<\/a><\/li>\n<\/ul>\n\n\n\n<h2 class=\"wp-block-heading\">Wie funktioniert die 1378 EUR Spar Challenge &#8211; Die Regeln<\/h2>\n\n\n\n<p>Die Regeln dieser Challenge sind sehr einfach. Du f\u00e4ngst an und sparst insgesamt 52 Wochen lang. Wenn Du das schaffst, dann hast Du nicht nur 1378,- EUR gespart, sondern auch wertvolle Life-Score Punkte verdient. <\/p>\n\n\n<div class=\"wp-block-image\">\n<figure class=\"aligncenter size-full is-resized\"><a href=\"https:\/\/rockyourgoal.de\/wp-content\/uploads\/2022\/02\/1378-eur-sparen.jpg\"><img loading=\"lazy\" decoding=\"async\" width=\"960\" height=\"640\" src=\"https:\/\/rockyourgoal.de\/wp-content\/uploads\/2022\/02\/1378-eur-sparen.jpg\" alt=\"\" class=\"wp-image-6166\" style=\"width:512px;height:341px\" srcset=\"https:\/\/rockyourgoal.de\/wp-content\/uploads\/2022\/02\/1378-eur-sparen.jpg 960w, https:\/\/rockyourgoal.de\/wp-content\/uploads\/2022\/02\/1378-eur-sparen-300x200.jpg 300w, https:\/\/rockyourgoal.de\/wp-content\/uploads\/2022\/02\/1378-eur-sparen-768x512.jpg 768w, https:\/\/rockyourgoal.de\/wp-content\/uploads\/2022\/02\/1378-eur-sparen-850x567.jpg 850w\" sizes=\"auto, (max-width: 960px) 100vw, 960px\" \/><\/a><\/figure>\n<\/div>\n\n\n<ul class=\"wp-block-list\">\n<li>Du legst in Deinen Beh\u00e4lter w\u00f6chentlich einen Betrag hinein.<\/li>\n\n\n\n<li>In der&nbsp;ersten Woche legst Du einen Euro hinein, in der zweiten Woche zwei Euro, in der dritten Woche drei Euro, in der vierten Woche vier Euro und so geht das 52 Wochen lang weiter. <\/li>\n\n\n\n<li>In der 52ten Woche (also nach einem Jahr) legst Du genau 52 Euro hinein. <\/li>\n\n\n\n<li>Jetzt kannst Du nachz\u00e4hlen. Es sollten sich darin<strong>&nbsp;1.378 Euro<\/strong>&nbsp;befinden.<\/li>\n<\/ul>\n\n\n\n<p>Easy oder? Aber warum solltest Du das tun?<\/p>\n\n\n\n<h2 class=\"wp-block-heading\">Warum die 1378 EUR Spar Challenge?<\/h2>\n\n\n\n<p>Die Life-Score Punkte sind cool, aber Du ahnst es schon, es geht eigentlich um etwas anderes. Diese Challenge soll Dir ein System zeigen mit dem Du lernst zu sparen. Diese Challenge kann die Basis bieten f\u00fcr Deine finanzielle Sicherheit, vielleicht sogar f\u00fcr Deine finanzielle Freiheit. <\/p>\n\n\n\n<p>Du lernst mit System zu sparen. Einfacher geht\u00b4s erst einmal nicht! Du wirst aber in der Timeless Challenge  noch viele weitere Wege des Sparens lernen. Aber 1378,- EUR werden Deine Basis sein!<\/p>\n\n\n\n<h2 class=\"wp-block-heading\">Life-Score Punkte mit der 1378 Spar Challenge<\/h2>\n\n\n<div class=\"wp-block-image\">\n<figure class=\"aligncenter size-thumbnail\"><a href=\"https:\/\/rockyourgoal.de\/it\/timeless-challenge\/\"><img loading=\"lazy\" decoding=\"async\" width=\"150\" height=\"150\" src=\"https:\/\/rockyourgoal.de\/wp-content\/uploads\/2022\/08\/LSP-Persoenlichkeit-150x150.png\" alt=\"\" class=\"wp-image-8297\" srcset=\"https:\/\/rockyourgoal.de\/wp-content\/uploads\/2022\/08\/LSP-Persoenlichkeit-150x150.png 150w, https:\/\/rockyourgoal.de\/wp-content\/uploads\/2022\/08\/LSP-Persoenlichkeit-300x300.png 300w, https:\/\/rockyourgoal.de\/wp-content\/uploads\/2022\/08\/LSP-Persoenlichkeit-768x769.png 768w, https:\/\/rockyourgoal.de\/wp-content\/uploads\/2022\/08\/LSP-Persoenlichkeit-12x12.png 12w, https:\/\/rockyourgoal.de\/wp-content\/uploads\/2022\/08\/LSP-Persoenlichkeit-850x851.png 850w, https:\/\/rockyourgoal.de\/wp-content\/uploads\/2022\/08\/LSP-Persoenlichkeit.png 1000w\" sizes=\"auto, (max-width: 150px) 100vw, 150px\" \/><\/a><figcaption class=\"wp-element-caption\">Hol Dir 50 Life-Score Punkte aus dem Bereich Pers\u00f6nlichkeit<\/figcaption><\/figure>\n<\/div>\n\n\n<p>Wenn Du diese Challenge schaffst, dann macht das nicht nur Spa\u00df, sondern Du bekommst von uns auch <strong><em>50 Life-Score<\/em><\/strong> Punkte. <\/p>\n\n\n\n<h3 class=\"wp-block-heading\">Murmel(n) f\u00fcr die 1378 Spar Challenge<\/h3>\n\n\n\n<p>F\u00fcr die 1378 Spar Challenge kannst Du die wundersch\u00f6ne(n) Murmel(n) in gelb bekommen. Diese haben die folgende Gr\u00f6\u00dfe:<\/p>\n\n\n\n<ul class=\"wp-block-list\">\n<li>50 Life-Score Punkte &#8211; Eine gelbe Murmel mit einem Durchmesser von 20mm<\/li>\n<\/ul>\n\n\n\n<p>Wenn Du die Murmel(n) haben m\u00f6chtest, dann lies bitte weiter &#8230;.<\/p>\n\n\n\n<h2 class=\"wp-block-heading\">Wie kannst Du mitmachen?<\/h2>\n\n\n\n<ul class=\"wp-block-list\">\n<li><a href=\"https:\/\/rockyourgoal.de\/it\/timeless-challenge\/#Anmeldung_und_Leistungsumfang\">Melde Dich bei der Timeless Challenge an!<\/a><\/li>\n\n\n\n<li><a href=\"https:\/\/rockyourgoal.de\/it\/wb-admin\/?action=register\">Registriere Dich (falls noch nicht geschehen) bei dieser Seite (klick auf diesen Satz)<\/a><\/li>\n\n\n\n<li>Jetzt hei\u00dft es 52 Wochen lang konsequent sein! Spare jede Woche den Betrag analog des oben genannten Planes.<\/li>\n\n\n\n<li>Wenn Du diese Challenge nach einem Jahr geschafft hast, dann kannst Du stolz auf Dich sein! Aber nicht nur das.  F\u00fcll bitte das untere Formular (nur sichtbar wenn Du registriert und angemeldet bist) aus. Einen Nachweis brauchen wir nicht, denn diese Challenge hast Du nur f\u00fcr Dich gemacht! Wir schicken Dir die Murmel zu. Die Life 50 Score Points werden Dir automatisch gutgeschrieben und im\u00a0<a href=\"https:\/\/rockyourgoal.de\/it\/timeless-challenge\/#Life_Museum\">Life Museum<\/a>\u00a0erg\u00e4nzt. Bitte schreibe Deine Lieferadresse f\u00fcr die Murmel in die \u201eNotes\u201c im Formular.<\/li>\n<\/ul>\n\n\n\n\n\n\n<h2 class=\"wp-block-heading\">Die 1378 Spar Challenge in Social Media<\/h2>\n\n\n\n<p>\u00dcber Geld spricht man in Deutschland nicht. Warum eigentlich? Du kannst auf Deine Erfolge stolz sein. <\/p>\n\n\n\n<h3 class=\"wp-block-heading\">Die 1378 Spar Challenge auf Facebook<\/h3>\n\n\n\n<p>Du kannst Dich mit Anderen zu Themen rund um Finanzen und Sparen in unserer Facebook-Gruppe im Bereich Pers\u00f6nlichkeit austauschen.<\/p>\n\n\n\n<h3 class=\"wp-block-heading\"># Unsere Hashtags<\/h3>\n\n\n\n<ul class=\"wp-block-list\">\n<li>#timelesschallenge<\/li>\n\n\n\n<li>#tc1378challenge<\/li>\n\n\n\n<li>#timelesschallenger<\/li>\n<\/ul>\n\n\n\n<p><\/p>","protected":false},"excerpt":{"rendered":"<p>Jeder Mensch hat eine andere Methode wie er sparen kann und vielen Menschen f\u00e4llt das Sparen schwer, denn sie haben keine Methode. Wenn Du Dich fragst, warum Du es bisher nicht geschafft hast zu sparen, oder Du eine Challenge machen m\u00f6chtest nach deren Abschluss Du Dir etwas Besonderes leisten kannst,&hellip;<\/p>\n<p> <a class=\"more-link\" href=\"https:\/\/rockyourgoal.de\/it\/timeless-challenge\/1378-challenge\/\">Leggi tutto<\/a><\/p>","protected":false},"author":2,"featured_media":6194,"parent":5417,"menu_order":0,"comment_status":"open","ping_status":"closed","template":"","meta":{"pgc_sgb_lightbox_settings":"","_glsr_average":0,"_glsr_ranking":0,"_glsr_reviews":0,"footnotes":""},"class_list":["post-6159","page","type-page","status-publish","has-post-thumbnail"],"_links":{"self":[{"href":"https:\/\/rockyourgoal.de\/it\/wp-json\/wp\/v2\/pages\/6159","targetHints":{"allow":["GET"]}}],"collection":[{"href":"https:\/\/rockyourgoal.de\/it\/wp-json\/wp\/v2\/pages"}],"about":[{"href":"https:\/\/rockyourgoal.de\/it\/wp-json\/wp\/v2\/types\/page"}],"author":[{"embeddable":true,"href":"https:\/\/rockyourgoal.de\/it\/wp-json\/wp\/v2\/users\/2"}],"replies":[{"embeddable":true,"href":"https:\/\/rockyourgoal.de\/it\/wp-json\/wp\/v2\/comments?post=6159"}],"version-history":[{"count":26,"href":"https:\/\/rockyourgoal.de\/it\/wp-json\/wp\/v2\/pages\/6159\/revisions"}],"predecessor-version":[{"id":18125,"href":"https:\/\/rockyourgoal.de\/it\/wp-json\/wp\/v2\/pages\/6159\/revisions\/18125"}],"up":[{"embeddable":true,"href":"https:\/\/rockyourgoal.de\/it\/wp-json\/wp\/v2\/pages\/5417"}],"wp:featuredmedia":[{"embeddable":true,"href":"https:\/\/rockyourgoal.de\/it\/wp-json\/wp\/v2\/media\/6194"}],"wp:attachment":[{"href":"https:\/\/rockyourgoal.de\/it\/wp-json\/wp\/v2\/media?parent=6159"}],"curies":[{"name":"wp","href":"https:\/\/api.w.org\/{rel}","templated":true}]}}