{"id":5976,"date":"2022-12-05T07:00:00","date_gmt":"2022-12-05T06:00:00","guid":{"rendered":"https:\/\/rockyourgoal.de\/?page_id=5976"},"modified":"2025-01-14T10:38:10","modified_gmt":"2025-01-14T09:38:10","slug":"healthy-steps","status":"publish","type":"page","link":"https:\/\/rockyourgoal.de\/it\/timeless-challenge\/gesundheit\/healthy-steps\/","title":{"rendered":"Healthy Steps &#8211; 10.000 gesunde Schritte"},"content":{"rendered":"<p>Der absolute Klassiker unter den Challenges sind die 10.000 Schritte pro Tag. Du hast bestimmt davon geh\u00f6rt. Dabei wird Menschen empfohlen, jeden Tag mindestens 10.000 Schritte zu gehen (oder zu laufen).  Auch wenn diese Challenge sich so &#8222;unspektakul\u00e4r&#8220; anh\u00f6rt, so hat sie einen enorm positiven Einfluss auf Deine Gesundheit und ist deshalb absolut zu empfehlen. <\/p>\n\n\n\n<p>Die Sporthochschule K\u00f6ln hat mit dem Bundesland NRW herausgefunden, dass Du mit 10.000 Schritten pro Tag Diabetes des Typs 2 (Altersdiabetes) verhindern kannst. Und wenn Du schon an Diabetes leidest, dann verschafft Dir diese Art de Bewegung erhebliche Verbesserungen<\/p>\n\n\n<div class=\"wp-block-image\">\n<figure class=\"aligncenter size-full is-resized\"><a href=\"https:\/\/rockyourgoal.de\/wp-content\/uploads\/2022\/02\/gehen-ist-gesund-10000-schritte-challenge.jpg\"><img loading=\"lazy\" decoding=\"async\" width=\"960\" height=\"639\" src=\"https:\/\/rockyourgoal.de\/wp-content\/uploads\/2022\/02\/gehen-ist-gesund-10000-schritte-challenge.jpg\" alt=\"\" class=\"wp-image-5983\" style=\"width:512px;height:341px\" srcset=\"https:\/\/rockyourgoal.de\/wp-content\/uploads\/2022\/02\/gehen-ist-gesund-10000-schritte-challenge.jpg 960w, https:\/\/rockyourgoal.de\/wp-content\/uploads\/2022\/02\/gehen-ist-gesund-10000-schritte-challenge-300x200.jpg 300w, https:\/\/rockyourgoal.de\/wp-content\/uploads\/2022\/02\/gehen-ist-gesund-10000-schritte-challenge-768x511.jpg 768w, https:\/\/rockyourgoal.de\/wp-content\/uploads\/2022\/02\/gehen-ist-gesund-10000-schritte-challenge-850x566.jpg 850w\" sizes=\"auto, (max-width: 960px) 100vw, 960px\" \/><\/a><\/figure>\n<\/div>\n\n\n<p>Die deutsche Gesellschaft f\u00fcr Sportmedizin und Pr\u00e4vention (DGSP) epfiehlt:<\/p>\n\n\n\n<ul class=\"wp-block-list\">\n<li>Wer seine k\u00f6rperliche Fitness verbessern m\u00f6chte, sollte 10.000 Schritte t\u00e4glich gehen und auf zus\u00e4tzlich ca. 150 Minuten k\u00f6rperliche Aktivit\u00e4t pro Woche kommen.<\/li>\n\n\n\n<li>Wer gezielt Gewicht abnehmen m\u00f6chte, sollte 13.000 Schritte t\u00e4glich gehen und mindestens 300 Minuten pro Woche moderat aktiv sein.<\/li>\n<\/ul>\n\n\n\n<p>Genau das ist der Grund warum auch wir diese Challenge als gesundheitliche Pr\u00e4ventionsma\u00dfnahme anbieten und mit wertvollen Life-Score Punkten belohnen m\u00f6chten. <\/p>\n\n\n<div class=\"wp-block-image\">\n<figure class=\"aligncenter size-full\"><a href=\"https:\/\/rockyourgoal.de\/it\/timeless-challenge\/#Anmeldung_und_Leistungsumfang\"><img loading=\"lazy\" decoding=\"async\" width=\"300\" height=\"145\" src=\"https:\/\/rockyourgoal.de\/wp-content\/uploads\/2022\/11\/image-3.png\" alt=\"\" class=\"wp-image-9943\" srcset=\"https:\/\/rockyourgoal.de\/wp-content\/uploads\/2022\/11\/image-3.png 300w, https:\/\/rockyourgoal.de\/wp-content\/uploads\/2022\/11\/image-3-18x9.png 18w\" sizes=\"auto, (max-width: 300px) 100vw, 300px\" \/><\/a><figcaption class=\"wp-element-caption\"><a href=\"https:\/\/rockyourgoal.de\/it\/timeless-challenge\/#Anmeldung_und_Leistungsumfang\">Healthy Steps ist eine Timeless Challenge. Mach mit!<\/a><\/figcaption><\/figure>\n<\/div>\n\n\n<p><strong><em>Folge uns und bleib informiert!<\/em><\/strong><\/p>\n\n\n\n<ul class=\"wp-block-list\">\n<li><strong>Instagram<\/strong>:&nbsp;<a rel=\"noreferrer noopener\" href=\"https:\/\/www.instagram.com\/timeless_challenge\" target=\"_blank\">@timeless_challenge<\/a><\/li>\n\n\n\n<li><strong>Facebook<\/strong>:&nbsp;<a rel=\"noreferrer noopener\" href=\"https:\/\/www.facebook.com\/rockyourgoal\" target=\"_blank\">Rockyourgoal<\/a><\/li>\n\n\n\n<li><strong>Twitter<\/strong>:&nbsp;<a rel=\"noreferrer noopener\" href=\"https:\/\/www.twitter.com\/goal_rock\" target=\"_blank\">@goal_rock<\/a><\/li>\n<\/ul>\n\n\n\n<blockquote class=\"wp-block-quote is-layout-flow wp-block-quote-is-layout-flow\">\n<p><strong><em>Wir wollen&nbsp;<a rel=\"noreferrer noopener\" href=\"https:\/\/rockyourgoal.de\/it\/big5forlife\/trees4breeze\/\" target=\"_blank\">eine Million B\u00e4ume weltweit pflanzen<\/a>&nbsp;senza elemosinare donazioni!<\/em><\/strong>Uwe<\/p>\n<cite>Uwe Kauntz<\/cite><\/blockquote>\n\n\n\n<h2 class=\"wp-block-heading\" id=\"regeln\">Regole<\/h2>\n\n\n\n<p>Du legst jeden Tag 10.000 Schritte zur\u00fcck und trackst diese. Ob Du gehst, wanderst oder l\u00e4ufst ist vollkommen egal. Es geht um die Bewegung. <\/p>\n\n\n\n<h2 class=\"wp-block-heading\" id=\"life-score-punkte-fur-die-healthy-steps-challenge\">Life-Score Punkte f\u00fcr die Healthy-Steps Challenge<\/h2>\n\n\n<div class=\"wp-block-image\">\n<figure class=\"aligncenter size-full\"><a href=\"https:\/\/rockyourgoal.de\/wp-content\/uploads\/2022\/11\/image-4.png\"><img loading=\"lazy\" decoding=\"async\" width=\"300\" height=\"300\" src=\"https:\/\/rockyourgoal.de\/wp-content\/uploads\/2022\/11\/image-4.png\" alt=\"\" class=\"wp-image-9956\" srcset=\"https:\/\/rockyourgoal.de\/wp-content\/uploads\/2022\/11\/image-4.png 300w, https:\/\/rockyourgoal.de\/wp-content\/uploads\/2022\/11\/image-4-150x150.png 150w, https:\/\/rockyourgoal.de\/wp-content\/uploads\/2022\/11\/image-4-12x12.png 12w\" sizes=\"auto, (max-width: 300px) 100vw, 300px\" \/><\/a><figcaption class=\"wp-element-caption\">Hol Dir die wertvollen Life-Score Punkte aus dem Bereich Gesundheit (Vorsorge)<\/figcaption><\/figure>\n<\/div>\n\n\n<p>Du kannst f\u00fcr jeden Monat in dem Du (ununterbrochen) 10.000 Schritte pro Tag gesammelt hast, <strong>10 Life-Score Punkte <\/strong>sammeln. Solltest Du in einem Monat mal ein paar Tage dabei haben in denen Du die 10.000 Schritte unterschreitest, so muss Dein Monatsschnitt bei 10.000 Schritten pro Tag liegen. Es lohnt sich also konsequent zu sein \ud83d\ude09<\/p>\n\n\n\n<h2 class=\"wp-block-heading\" id=\"alltagstipps-zum-sammeln-von-10-000-schritten\">Alltagstipps zum Sammeln von 10.000 Schritten<\/h2>\n\n\n\n<p><\/p>\n\n\n\n<ul class=\"wp-block-list\">\n<li>Leg Deinen Arbeitsweg (wenn m\u00f6glich) zu Fu\u00df zur\u00fcck<\/li>\n\n\n\n<li>Nutz die Treppe anstatt des Fahrstuhls<\/li>\n\n\n\n<li>Platziere den Drucker so, dass Du f\u00fcr jeden Ausdruck aufstehen musst.<\/li>\n\n\n\n<li>Telefoniere im Sitzen und geh dabei herum. Vielleicht kannst Du ein Funk Headset bekommen?<\/li>\n\n\n\n<li>Nutz Deine Mittagspause f\u00fcr einen Spaziergang<\/li>\n\n\n\n<li>Verabrede Dich mit Kollegen zum Sport, statt zum Kaffee<\/li>\n\n\n\n<li>Arbeite so viel wie m\u00f6glich im Stehen<\/li>\n\n\n\n<li>Schnapp dir Deinen Hund und geh Gassi mit ihm<\/li>\n<\/ul>\n\n\n\n<h2 class=\"wp-block-heading\" id=\"so-kannst-du-mitmachen\">So kannst Du mitmachen<\/h2>\n\n\n\n<ol class=\"wp-block-list\">\n<li><a href=\"https:\/\/rockyourgoal.de\/it\/timeless-challenge\/#Anmeldung_und_Leistungsumfang\">Melde Dich bei der Timeless Challenge an!<\/a><\/li>\n\n\n\n<li><a href=\"https:\/\/rockyourgoal.de\/it\/wb-admin\/?action=register\">Registriere Dich (falls noch nicht geschehen) bei dieser Seite (klick auf diesen Satz)<\/a><\/li>\n\n\n\n<li>Jetzt hei\u00dft es Gehen! Jeder Tag z\u00e4hlt. F\u00fcr jeden Monat den Du t\u00e4glich mehr als 10.000 Schritte gehst, erh\u00e4ltst Du 10 Life Score Points. <\/li>\n\n\n\n<li>Wenn Du diese Challenge geschafft hast (mindestens ein Monat), dann kannst Du stolz auf Dich sein! Aber nicht nur das. F\u00fcll bitte das untere Formular (nur sichtbar wenn Du registriert und angemeldet bist) aus. Einen Nachweis brauchen wir nicht, denn diese Challenge hast Du nur f\u00fcr Dich gemacht! Wir schicken Dir die Murmel zu. Die Life 10 Score Points werden Dir automatisch gutgeschrieben und im\u00a0<a href=\"https:\/\/rockyourgoal.de\/it\/timeless-challenge\/#Life_Museum\">Life Museum<\/a>\u00a0erg\u00e4nzt. Bitte schreibe Deine Lieferadresse f\u00fcr die Murmel in die \u201eNotes\u201c im Formular.<\/li>\n<\/ol>\n\n\n\n\n\n\n<h3 class=\"wp-block-heading\">Murmeln f\u00fcr die 10000 Schritte Challenge &#8222;Healthy Steps&#8220;<\/h3>\n\n\n\n<p>F\u00fcr die <em>Healthy Steps Challenge<\/em> kannst Du die wundersch\u00f6nen Murmeln in gr\u00fcn (Gesundheit) bekommen. Leider k\u00f6nnen wir die Murmel nur einmal versenden. Das hei\u00dft, Du bekommst sie sobald Du einen Monat lang t\u00e4glich 10.000 Schritte geschafft hast. Aber Life-Score Points kannst Du nat\u00fcrlich monatlich sammeln!<\/p>\n\n\n\n<ul class=\"wp-block-list\">\n<li>10 Life-Score Punkte \u2013 Eine gr\u00fcne Murmel mit einem Durchmesser von 16mm<\/li>\n<\/ul>\n\n\n\n<p><\/p>\n\n\n\n<h2 class=\"wp-block-heading\" id=\"die-healthy-steps-challenge-in-social-media\">Die Healthy-Steps Challenge in Social Media<\/h2>\n\n\n\n<p>Vielleicht hast Du ein paar sch\u00f6ne Momente w\u00e4hrend Deines Spaziergangs erlebt, oder Du hast ein paar Tipps f\u00fcr Menschen die das auch machen m\u00f6chten. Daf\u00fcr bieten wir Dir unsere Social Media Kan\u00e4le an. <\/p>\n\n\n\n<h3 class=\"wp-block-heading\" id=\"die-healthy-steps-challenge-in-facebook\">Die Healthy-Steps Challenge in Facebook<\/h3>\n\n\n\n<p>Wir laden Dich herzlich zum zwanglosen Austausch \u00fcber diese Challenge in unsere Gruppe <em>Sport und Gesundheit<\/em> in Facebook ein.<\/p>\n\n\n\n<h3 class=\"wp-block-heading\" id=\"unsere-hashtags\"># Unsere Hashtags<\/h3>\n\n\n\n<p>Wir haben die folgenden Hashtags f\u00fcr Dich in Twitter, Instagram und Co vorbereitet:<\/p>\n\n\n\n<p><em>#timelesschallenge<\/em> (zeig, dass Du diese Challenge gut findest)<br>#tchappysteps<\/p>\n\n\n\n<p>#timelesschallenger<\/p>\n\n\n\n<h2 class=\"wp-block-heading\">Info Video rund um die 10000 Schritte pro Tag<\/h2>\n\n\n\n<figure class=\"wp-block-embed aligncenter is-type-video is-provider-youtube wp-block-embed-youtube wp-embed-aspect-16-9 wp-has-aspect-ratio\"><div class=\"wp-block-embed__wrapper\">\nhttps:\/\/m.youtube.com\/watch?v=s6jXi5fgcCE\n<\/div><\/figure>\n\n\n\n<h2 class=\"wp-block-heading\"><\/h2>","protected":false},"excerpt":{"rendered":"<p>Der absolute Klassiker unter den Challenges sind die 10.000 Schritte pro Tag. Du hast bestimmt davon geh\u00f6rt. Dabei wird Menschen empfohlen, jeden Tag mindestens 10.000 Schritte zu gehen (oder zu laufen). Auch wenn diese Challenge sich so &#8222;unspektakul\u00e4r&#8220; anh\u00f6rt, so hat sie einen enorm positiven Einfluss auf Deine Gesundheit und&hellip;<\/p>\n<p> <a class=\"more-link\" href=\"https:\/\/rockyourgoal.de\/it\/timeless-challenge\/gesundheit\/healthy-steps\/\">Leggi tutto<\/a><\/p>","protected":false},"author":2,"featured_media":6020,"parent":12548,"menu_order":0,"comment_status":"closed","ping_status":"closed","template":"","meta":{"pgc_sgb_lightbox_settings":"","_glsr_average":0,"_glsr_ranking":0,"_glsr_reviews":0,"footnotes":""},"class_list":["post-5976","page","type-page","status-publish","has-post-thumbnail"],"_links":{"self":[{"href":"https:\/\/rockyourgoal.de\/it\/wp-json\/wp\/v2\/pages\/5976","targetHints":{"allow":["GET"]}}],"collection":[{"href":"https:\/\/rockyourgoal.de\/it\/wp-json\/wp\/v2\/pages"}],"about":[{"href":"https:\/\/rockyourgoal.de\/it\/wp-json\/wp\/v2\/types\/page"}],"author":[{"embeddable":true,"href":"https:\/\/rockyourgoal.de\/it\/wp-json\/wp\/v2\/users\/2"}],"replies":[{"embeddable":true,"href":"https:\/\/rockyourgoal.de\/it\/wp-json\/wp\/v2\/comments?post=5976"}],"version-history":[{"count":19,"href":"https:\/\/rockyourgoal.de\/it\/wp-json\/wp\/v2\/pages\/5976\/revisions"}],"predecessor-version":[{"id":18267,"href":"https:\/\/rockyourgoal.de\/it\/wp-json\/wp\/v2\/pages\/5976\/revisions\/18267"}],"up":[{"embeddable":true,"href":"https:\/\/rockyourgoal.de\/it\/wp-json\/wp\/v2\/pages\/12548"}],"wp:featuredmedia":[{"embeddable":true,"href":"https:\/\/rockyourgoal.de\/it\/wp-json\/wp\/v2\/media\/6020"}],"wp:attachment":[{"href":"https:\/\/rockyourgoal.de\/it\/wp-json\/wp\/v2\/media?parent=5976"}],"curies":[{"name":"wp","href":"https:\/\/api.w.org\/{rel}","templated":true}]}}