{"id":5656,"date":"2022-12-12T07:00:00","date_gmt":"2022-12-12T06:00:00","guid":{"rendered":"https:\/\/rockyourgoal.de\/?page_id=5656"},"modified":"2025-01-08T15:40:31","modified_gmt":"2025-01-08T14:40:31","slug":"100trees","status":"publish","type":"page","link":"https:\/\/rockyourgoal.de\/it\/timeless-challenge\/umwelt\/100trees\/","title":{"rendered":"100 Trees &#8211; B\u00e4ume f\u00fcr die Erde"},"content":{"rendered":"<p>Ich liebe den Wald und der Wald ist der Grund warum ich die Timeless Challenge gestartet habe! Wenn ich durch den Wald laufe, dann genie\u00dfe ich die saubere Luft und diese ganz besondere Atmosph\u00e4re zwischen den B\u00e4umen. Ich kann es gef\u00fchlsm\u00e4\u00dfig nicht nachvollziehen wie Menschen (ich zeige bewusst nicht mit dem Finger auf bestimmte Nationen oder Menschengruppen) so skrupellos Wald zerst\u00f6ren und abholzen, obwohl sie um seine Wichtigkeit f\u00fcr die Sauerstoffgewinnung, das Klima, als Rohstofflieferant und f\u00fcr unser seelisches Gleichgewicht wissen. Tatsache ist, dass wir Menschen schon immer mehr Wald gerodet als gepflanzt haben, aber das war fr\u00fcher kein Problem, denn es gab nicht besonders Viele von uns. <\/p>\n\n\n\n<p>Doch mittlerweile hat sich die Bev\u00f6lkerung der Erde vervielfacht und immer mehr Waldfl\u00e4chen fallen unseren Maschinen und Feuern zum Opfer. <\/p>\n\n\n\n<p>Lange habe ich geglaubt, da k\u00f6nne man nichts dagegen tun. Wie ich mich doch geirrt habe!<\/p>\n\n\n\n<p>Jeder von uns kann seinen kleinen Teil dazu beitragen um Wald zu sch\u00fctzen und bereits zerst\u00f6rten Wald wieder anzupflanzen (aufzuforsten). Und sein es nur 100 B\u00e4ume, und das ist wirklich nicht schwer. <\/p>\n\n\n\n<p>Hier m\u00f6chte ich Dir eine Auswahl an M\u00f6glichkeiten darstellen und hoffe, Du machst mit! Es wird nicht nur Deiner Seele gut tun und unserem Wald auf der Erde helfen, sondern Dir auch wertvolle Life-Score Punkte bei der Timeless Challenge bringen.<\/p>\n\n\n<div class=\"wp-block-image\">\n<figure class=\"aligncenter size-full is-resized\"><a href=\"https:\/\/rockyourgoal.de\/wp-content\/uploads\/2022\/02\/den-wald-schuetzen-und-wiederaufforsten.jpg\"><img loading=\"lazy\" decoding=\"async\" width=\"768\" height=\"512\" src=\"https:\/\/rockyourgoal.de\/wp-content\/uploads\/2022\/02\/den-wald-schuetzen-und-wiederaufforsten.jpg\" alt=\"\" class=\"wp-image-5659\" style=\"width:590px;height:393px\" srcset=\"https:\/\/rockyourgoal.de\/wp-content\/uploads\/2022\/02\/den-wald-schuetzen-und-wiederaufforsten.jpg 768w, https:\/\/rockyourgoal.de\/wp-content\/uploads\/2022\/02\/den-wald-schuetzen-und-wiederaufforsten-300x200.jpg 300w\" sizes=\"auto, (max-width: 768px) 100vw, 768px\" \/><\/a><\/figure>\n<\/div>\n\n\n<p>Die &#8222;100 Trees Challenge&#8220; geh\u00f6rt zur Timeless Challenge!<\/p>\n\n\n<div class=\"wp-block-image\">\n<figure class=\"aligncenter size-full\"><a href=\"https:\/\/rockyourgoal.de\/it\/timeless-challenge\/#Anmeldung_und_Leistungsumfang\"><img loading=\"lazy\" decoding=\"async\" width=\"300\" height=\"145\" src=\"https:\/\/rockyourgoal.de\/wp-content\/uploads\/2022\/12\/image-1.png\" alt=\"\" class=\"wp-image-10083\" srcset=\"https:\/\/rockyourgoal.de\/wp-content\/uploads\/2022\/12\/image-1.png 300w, https:\/\/rockyourgoal.de\/wp-content\/uploads\/2022\/12\/image-1-18x9.png 18w\" sizes=\"auto, (max-width: 300px) 100vw, 300px\" \/><\/a><figcaption class=\"wp-element-caption\">Die 100 Trees Challenge ist Teil der Timeless Challenge. Mach mit!<\/figcaption><\/figure>\n<\/div>\n\n\n<p><strong><em>Folge uns und bleib informiert!<\/em><\/strong><\/p>\n\n\n\n<ul class=\"wp-block-list\">\n<li><strong>Instagram<\/strong>:&nbsp;<a rel=\"noreferrer noopener\" href=\"https:\/\/www.instagram.com\/timeless_challenge\" target=\"_blank\">@timeless_challenge<\/a><\/li>\n\n\n\n<li><strong>Facebook<\/strong>:&nbsp;<a rel=\"noreferrer noopener\" href=\"https:\/\/www.facebook.com\/rockyourgoal\" target=\"_blank\">Rockyourgoal<\/a><\/li>\n\n\n\n<li><strong>Twitter<\/strong>:&nbsp;<a rel=\"noreferrer noopener\" href=\"https:\/\/www.twitter.com\/goal_rock\" target=\"_blank\">@goal_rock<\/a><\/li>\n<\/ul>\n\n\n\n<h2 class=\"wp-block-heading\" id=\"life-score-punkte-fur-die-ad-challenge-laufer\">Life-Score Punkte f\u00fcr die &#8222;<em>100 Trees Challenge<\/em>&#8222;<\/h2>\n\n\n\n<p>Um diese absolut sinnvolle Challenge\/Unterst\u00fctzung zu meistern, hast Du verschiedene M\u00f6glichkeiten (siehe weiter unten) Dem entsprechend kannst Du auch unterschiedlich viele&nbsp;<em>Life-Score<\/em>&nbsp;Punkte und die beliebten Murmeln in blau sammeln.<\/p>\n\n\n<div class=\"wp-block-image\">\n<figure class=\"aligncenter size-medium\"><img loading=\"lazy\" decoding=\"async\" width=\"300\" height=\"300\" src=\"https:\/\/rockyourgoal.de\/wp-content\/uploads\/2022\/08\/LSP-Unser_Planet-300x300.png\" alt=\"\" class=\"wp-image-8298\" srcset=\"https:\/\/rockyourgoal.de\/wp-content\/uploads\/2022\/08\/LSP-Unser_Planet-300x300.png 300w, https:\/\/rockyourgoal.de\/wp-content\/uploads\/2022\/08\/LSP-Unser_Planet-150x150.png 150w, https:\/\/rockyourgoal.de\/wp-content\/uploads\/2022\/08\/LSP-Unser_Planet-768x769.png 768w, https:\/\/rockyourgoal.de\/wp-content\/uploads\/2022\/08\/LSP-Unser_Planet-12x12.png 12w, https:\/\/rockyourgoal.de\/wp-content\/uploads\/2022\/08\/LSP-Unser_Planet-850x851.png 850w, https:\/\/rockyourgoal.de\/wp-content\/uploads\/2022\/08\/LSP-Unser_Planet.png 1000w\" sizes=\"auto, (max-width: 300px) 100vw, 300px\" \/><figcaption class=\"wp-element-caption\">Hol Dir die beliebte blaue Murmel und Life-Score-Punkte f\u00fcr die 100-Trees-Challenge!<\/figcaption><\/figure>\n<\/div>\n\n\n<h2 class=\"wp-block-heading\" id=\"deine-moglichkeiten-den-wald-zu-schutzen\">Deine M\u00f6glichkeiten den Wald zu sch\u00fctzen<\/h2>\n\n\n\n<p>Wir sind uns sicher, dass wir Dir hier nur eine ganz kleine Auswahl an M\u00f6glichkeiten zum Schutz des Waldes darstellen. Wenn Du noch weitere Ideen hast, dann lass es uns bitte wissen! Wir sind wirklich dankbar, wenn wir unseren Lesern noch viel mehr M\u00f6glichkeiten bieten. Es hilft schlie\u00dflich uns allen!<\/p>\n\n\n\n<p>Grunds\u00e4tzlich sollte der Schutz des Waldes unsere erste Priorit\u00e4t sein, denn Tatsache ist &#8222;<em>Ein erst gar nicht gef\u00e4llter Baum hat einen viel h\u00f6heren Mehrwert als ein neu gepflanzter Baum<\/em>&#8222;.<\/p>\n\n\n\n<p>Im Folgenden stellen wir Dir Projekte vor, die wir super cool finden und die eine Unterst\u00fctzung verdienen. Nochmal unser Apell: Wenn Du noch weitere, tolle Projekte zur Wiederaufforstung kennst, schreib uns unter uwe@rockyourgoal.de. Wir freuen uns \u00fcber neue Ideen und vergeben gerne auch daf\u00fcr unsere Life-Score-Punkte sowie die begehrten, blauen Murmeln.<\/p>\n\n\n\n<h3 class=\"wp-block-heading\" id=\"bergwaldprojekt\">Bergwaldprojekt<\/h3>\n\n\n\n<p>Bei meinen Recherchen hat mich dieses Projekt richtig fasziniert. Mit viel pers\u00f6nlichem Engagement wurde das Bergwaldprojekt im Jahr 1987 als Verein gegr\u00fcndet.  Hier kannst Du mit Deinem pers\u00f6nlichen Arbeitseinsatz f\u00fcr den Erhalt, Pflege und den Schutz des Waldes sowie dessen Aufforstung aktiv werden. <\/p>\n\n\n\n<p>Mitmachen kannst Du ab 18 Jahren, die Einsatzorte befinden sich in ganz Deutschland. Ein Einsatz dauert eine Woche und das ist auch die Zeit die Du leisten musst, um Dir <em><strong>100 Life-Score Punkte<\/strong><\/em> zu verdienen. Au\u00dferdem bedeuten 100 Life-Score-Punkte auch eine <strong>blaue Murmel mit einem Durchmesser von 20mm<\/strong>.<\/p>\n\n\n\n<p>Es wird zusammen gekocht, in einfachen Unterk\u00fcnften \u00fcbernachtet und regionale Bergprodukte zusammen, oft \u00fcber dem Lagerfeuer zubereitet, gegessen. <\/p>\n\n\n\n<p>Es ist wird unvergesslich!<\/p>\n\n\n\n<figure class=\"wp-block-table\"><table><tbody><tr><td><strong>Logo<\/strong><\/td><td><strong>Name<\/strong><\/td><td><strong>Life-Score Punkte<\/strong><\/td><td><strong>Anmerkung<\/strong><\/td><\/tr><tr><td><a href=\"https:\/\/www.bergwaldprojekt.de\/\" target=\"_blank\" rel=\"noreferrer noopener\"><img loading=\"lazy\" decoding=\"async\" width=\"150\" height=\"117\" class=\"wp-image-5673\" style=\"width: 150px;\" src=\"http:\/\/rockyourgoal.de\/wp-content\/uploads\/2022\/02\/bergwald-projekt.png\" alt=\"\"><\/a><\/td><td>Bergwaldprojekt<\/td><td>100<\/td><td>Eine Woche Arbeitseinsatz<\/td><\/tr><\/tbody><\/table><\/figure>\n\n\n\n<p>Wenn Du mitmachen m\u00f6chtest, dann melde Dich f\u00fcr eines der tollen <a rel=\"noreferrer noopener\" href=\"https:\/\/www.bergwaldprojekt.de\/\" target=\"_blank\">Projekte des Bergwaldprojekt<\/a> an. Mach Bilder und sammele die 100 Life-Score Punkte f\u00fcr eine unvergessliche Woche Arbeitseinsatz. <\/p>\n\n\n\n<h3 class=\"wp-block-heading\" id=\"trees4breeze-sporteln-fur-die-weltweite-wiederaufforstung\">Trees4Breeze &#8211; Sporteln f\u00fcr die weltweite Wiederaufforstung<\/h3>\n\n\n\n<p>Stell Dir vor, Du l\u00e4ufst Deine Kilometer um fit zu bleiben und f\u00fcr alle 7, von Dir gelaufenen Kilometer wird ein Baum gepflanzt. Du hast keinen Mehraufwand, denn Du w\u00fcrdest sowieso laufen, aber irgendwo auf der Welt wird ein Baum gepflanzt der diese Welt zu einem besseren Ort macht. Wenn Du kein L\u00e4ufer bist, dann funktioniert das auch mit Fahrradfahren (12km f\u00fcr einen Baum) oder auch mit dem Verbrauch Deiner Kalorien im Fitnessstudio oder beim Yoga (250 Kalorien f\u00fcr einen Baum). <\/p>\n\n\n\n<p>Das funktioniert sehr einfach. Stell Dir vor, Du hast einen Sponsor der die Setzlinge bezahlt, eine gemeinn\u00fctzige Organisation welche die Setzlinge pflanzt und eine App die Deine sportliche Leistung darstellt und als Mittler zwischen Sponsor und Baumpflanzer fungiert. Du brauchst Dich nur bei dieser App anzumelden und zu sporteln! Es gibt also keinen Grund das nicht zu tun!<\/p>\n\n\n\n<p>Wir haben \u00fcbrigens ein Team mit dem Namen &#8222;<a rel=\"noreferrer noopener\" href=\"https:\/\/rockyourgoal.de\/it\/big5forlife\/trees4breeze\/\" target=\"_blank\">Trees4Breeze<\/a>&#8220; gegr\u00fcndet, welches sich als Ziel gesetzt hat insgesamt eine Million B\u00e4ume zu pflanzen. Wir w\u00fcrden uns freuen, wenn Du mitmachst. Wie das genau funktioniert findest Du auf unserer <a rel=\"noreferrer noopener\" href=\"https:\/\/rockyourgoal.de\/it\/big5forlife\/trees4breeze\/\" target=\"_blank\">Trees4Breeze<\/a>-Seite. <\/p>\n\n\n\n<p>Wie angek\u00fcndigt kannst Du dabei nicht nur die Welt zu einem besseren Ort machen, sondern auch wertvolle <em>Life-Score<\/em> Punkte sammeln. <\/p>\n\n\n\n<figure class=\"wp-block-table\"><table><tbody><tr><td><strong>Logo<\/strong><\/td><td><strong>Name<\/strong><\/td><td><strong>Life-Score Punkte<\/strong><\/td><td><strong>Anmerkung<\/strong><\/td><\/tr><tr><td><a href=\"https:\/\/rockyourgoal.de\/it\/big5forlife\/trees4breeze\/\" target=\"_blank\" rel=\"noreferrer noopener\"><img loading=\"lazy\" decoding=\"async\" width=\"150\" height=\"113\" class=\"wp-image-3415\" style=\"width: 150px;\" src=\"http:\/\/rockyourgoal.de\/wp-content\/uploads\/2021\/07\/trees4breeze-1.png\" alt=\"\" srcset=\"https:\/\/rockyourgoal.de\/wp-content\/uploads\/2021\/07\/trees4breeze-1.png 1000w, https:\/\/rockyourgoal.de\/wp-content\/uploads\/2021\/07\/trees4breeze-1-300x225.png 300w, https:\/\/rockyourgoal.de\/wp-content\/uploads\/2021\/07\/trees4breeze-1-768x576.png 768w, https:\/\/rockyourgoal.de\/wp-content\/uploads\/2021\/07\/trees4breeze-1-850x638.png 850w\" sizes=\"auto, (max-width: 150px) 100vw, 150px\" \/><\/a><\/td><td>Trees4Breeze<\/td><td>100<\/td><td>F\u00fcr 1000 gepflanzte B\u00e4ume bekommst Du 100 Life-Score Punkte und eine blaue Murmel in der Gr\u00f6\u00dfe 20mm<\/td><\/tr><\/tbody><\/table><\/figure>\n\n\n\n<h2 class=\"wp-block-heading\" id=\"hintergrundinformationen-zu-waldern-und-deren-nutzen\">Hintergrundinformationen zu W\u00e4ldern und deren Nutzen<\/h2>\n\n\n\n<p>Du wirst mir sicher zustimmen wenn ich schreibe, dass W\u00e4lder neben dem wirtschaftlichen, einen noch viel gr\u00f6\u00dferen Nutzen als Umwandler von CO2 in Sauerstoff, Makro- und Mikroklimaregulator und Lebensraum f\u00fcr tausende von Tier- und Pflanzenarten haben. Aber schauen wir uns das doch mal etwas genauer an (wenn Du Lust dazu hast):<\/p>\n\n\n\n<h3 class=\"wp-block-heading\" id=\"baume-pflanzen-gegen-den-klimawandel\">B\u00e4ume pflanzen gegen den Klimawandel<\/h3>\n\n\n\n<p>Die (Wieder-) Aufforstung von W\u00e4ldern stellt das gr\u00f6\u00dfte, nat\u00fcrliche Potential im Kampf gegen den Klimawandel dar, so eine Untersuchung. Diese Art des Klimaschutzes wird als &#8222;Natural Climate Solution&#8220; bezeichnet. <\/p>\n\n\n\n<p>Forscher der ETH Z\u00fcrich werteten in ihrer <a rel=\"noreferrer noopener\" href=\"https:\/\/utopia.de\/forscher-baeume-pflanzen-klimawandel-146378\/\" target=\"_blank\">Studie<\/a> \u00fcber 80.000 Satellitenbilder aus und konnten damit errechnen, dass ca. 900.000 Hektar ungenutztes Waldpotential (z.B. degradierte Fl\u00e4chen, \u00d6dland, Brachfl\u00e4che) auf der Erde vorhanden sind. Interessanterweise, das meiste davon nicht in den Tropen. <\/p>\n\n\n\n<p>Wenn wir diese Fl\u00e4chen aufforsten w\u00fcrden, dann k\u00f6nnten wir damit mehr als ein Drittel des vom Menschen gemachten CO2-Aussto\u00dfes kompensieren. Das ist nat\u00fcrlich kein Freifahrtschein f\u00fcr einen weiteren, solch hohen CO2-Aussto\u00df, aber es hilft schon sehr!<\/p>\n\n\n\n<h3 class=\"wp-block-heading\" id=\"baume-konnen-viel-mehr\">B\u00e4ume k\u00f6nnen viel mehr<\/h3>\n\n\n\n<p>Alleine das ist ein extrem wichtiger Grund sofort B\u00e4ume zu pflanzen, aber W\u00e4lder bieten vielen Tier- und Pflanzenarten eine Heimat. Sie sind damit umverzichtbar f\u00fcr den Erhalt der biologischen Vielfalt. <\/p>\n\n\n\n<p>W\u00e4lder und deren Wurzeln sch\u00fctzen B\u00f6den vor Erosionen, sowie angrenzende Fl\u00e4chen vor Wind und Frost. Au\u00dferdem reinigen sie unsere Luft und lassen uns damit frei Atmen und halten den Wasserhaushalt der Natur im Gleichgewicht.  W\u00e4lder haben einen k\u00fchlenden Effekt und bieten uns wertvollen Erholungsraum.<\/p>\n\n\n\n<h2 class=\"wp-block-heading\">So kannst Du bei der &#8222;<em>100 Trees Challenge<\/em>&#8220; mitmachen?<\/h2>\n\n\n\n<ul class=\"wp-block-list\">\n<li><a href=\"https:\/\/rockyourgoal.de\/it\/timeless-challenge\/#Anmeldung_und_Leistungsumfang\">Melde Dich bei der Timeless Challenge an!<\/a><\/li>\n\n\n\n<li><a href=\"https:\/\/rockyourgoal.de\/it\/wb-admin\/?action=register\">Registriere Dich (falls noch nicht geschehen) bei dieser Seite (klick auf diesen Satz)<\/a><\/li>\n\n\n\n<li>Jetzt hei\u00dft es flei\u00dfig sein f\u00fcr den Naturschutz! Verdiene mit einem der oberen Projekte 100 Life Score Points.<\/li>\n\n\n\n<li>Wenn Du diese Leistung vollbracht hast, dann f\u00fcll bitte das untere Formular (nur sichtbar wenn Du registriert und angemeldet bist) aus. Wir schicken Dir die Murmel zu. Die Life Score Points werden Dir automatisch gutgeschrieben und im\u00a0<a href=\"https:\/\/rockyourgoal.de\/it\/timeless-challenge\/#Life_Museum\">Life Museum<\/a>\u00a0erg\u00e4nzt. Bitte schreibe Deine Lieferadresse in die \u201eNotes\u201c im Formular.<\/li>\n<\/ul>\n\n\n\n\n\n\n<h2 class=\"wp-block-heading\" id=\"die-ad-challenge-in-social-media\">L\u00b4 <em>&#8222;100 Trees Challenge&#8220;<\/em> in Social Media<\/h2>\n\n\n\n<p>Wenn Du Deine Fortschritte gerne in Social Media teilst, dann kannst Du das nat\u00fcrlich auch bei dieser Challenge wunderbar tun.<\/p>\n\n\n\n<h3 class=\"wp-block-heading\" id=\"facebook-gruppe-fur-die-ad-challenge\">Facebook Gruppe f\u00fcr die 100 Trees Challenge<\/h3>\n\n\n\n<p>Wir laden Dich herzlich zum zwanglosen Austausch \u00fcber diese Challenge in unsere Gruppe&nbsp;Umwelt&nbsp;in Facebook ein.<\/p>\n\n\n\n<h3 class=\"wp-block-heading\" id=\"unsere-hashtags\"># Unsere Hashtags<\/h3>\n\n\n\n<p>Wir haben f\u00fcr Dich die folgenden Hashtags f\u00fcr Instagram, Twitter und Co. vorbereitet:<\/p>\n\n\n\n<ul class=\"wp-block-list\">\n<li><em>#timelesschallenge<\/em>&nbsp;(zeig, dass Du diese Challenge gut findest)<\/li>\n\n\n\n<li>#trees4breeze<\/li>\n\n\n\n<li>#tc100trees<\/li>\n\n\n\n<li>#timelesschallenger<\/li>\n<\/ul>","protected":false},"excerpt":{"rendered":"<p>Ich liebe den Wald und der Wald ist der Grund warum ich die Timeless Challenge gestartet habe! Wenn ich durch den Wald laufe, dann genie\u00dfe ich die saubere Luft und diese ganz besondere Atmosph\u00e4re zwischen den B\u00e4umen. Ich kann es gef\u00fchlsm\u00e4\u00dfig nicht nachvollziehen wie Menschen (ich zeige bewusst nicht mit&hellip;<\/p>\n<p> <a class=\"more-link\" href=\"https:\/\/rockyourgoal.de\/it\/timeless-challenge\/umwelt\/100trees\/\">Leggi tutto<\/a><\/p>","protected":false},"author":2,"featured_media":10173,"parent":12595,"menu_order":0,"comment_status":"open","ping_status":"closed","template":"","meta":{"pgc_sgb_lightbox_settings":"","_glsr_average":0,"_glsr_ranking":0,"_glsr_reviews":0,"footnotes":""},"class_list":["post-5656","page","type-page","status-publish","has-post-thumbnail"],"_links":{"self":[{"href":"https:\/\/rockyourgoal.de\/it\/wp-json\/wp\/v2\/pages\/5656","targetHints":{"allow":["GET"]}}],"collection":[{"href":"https:\/\/rockyourgoal.de\/it\/wp-json\/wp\/v2\/pages"}],"about":[{"href":"https:\/\/rockyourgoal.de\/it\/wp-json\/wp\/v2\/types\/page"}],"author":[{"embeddable":true,"href":"https:\/\/rockyourgoal.de\/it\/wp-json\/wp\/v2\/users\/2"}],"replies":[{"embeddable":true,"href":"https:\/\/rockyourgoal.de\/it\/wp-json\/wp\/v2\/comments?post=5656"}],"version-history":[{"count":41,"href":"https:\/\/rockyourgoal.de\/it\/wp-json\/wp\/v2\/pages\/5656\/revisions"}],"predecessor-version":[{"id":18134,"href":"https:\/\/rockyourgoal.de\/it\/wp-json\/wp\/v2\/pages\/5656\/revisions\/18134"}],"up":[{"embeddable":true,"href":"https:\/\/rockyourgoal.de\/it\/wp-json\/wp\/v2\/pages\/12595"}],"wp:featuredmedia":[{"embeddable":true,"href":"https:\/\/rockyourgoal.de\/it\/wp-json\/wp\/v2\/media\/10173"}],"wp:attachment":[{"href":"https:\/\/rockyourgoal.de\/it\/wp-json\/wp\/v2\/media?parent=5656"}],"curies":[{"name":"wp","href":"https:\/\/api.w.org\/{rel}","templated":true}]}}