{"id":46,"date":"2019-06-12T16:33:39","date_gmt":"2019-06-12T14:33:39","guid":{"rendered":"http:\/\/rockyourgoal.de\/?page_id=46"},"modified":"2025-12-19T12:38:05","modified_gmt":"2025-12-19T11:38:05","slug":"das-prinzip-der-big5forlife","status":"publish","type":"page","link":"https:\/\/rockyourgoal.de\/it\/big5forlife\/das-prinzip-der-big5forlife\/","title":{"rendered":"Das Prinzip der Big5ForLife"},"content":{"rendered":"<p>Vor einigen Jahren habe ich das Buch &#8222;<a href=\"https:\/\/amzn.to\/2RbH7dz\">The Big Five for Life<\/a>&#8220; von John Strelecky gelesen und das Buch hat mich fasziniert, aber so richtig. <\/p>\n\n\n\n<p>Ich werde euch das Buch bei Gelegenheit noch etwas genauer vorstellen, versprochen. Heute nur mal so viel:<\/p>\n\n\n\n<p>Unter den &#8222;BIG5&#8220; verstand man fr\u00fcher in der afrikanischen Gro\u00dfwildjagd die Jagd auf Elefant, Nashorn, B\u00fcffel, L\u00f6we und Leopard. Auch wenn der Begriff mittlerweile eher auf Safaris verwendet wird und&nbsp;sich der Schwerpunkt von der Jagd hin zur Beobachtung des&nbsp;Gro\u00dfwildes verschoben hat, bleibt Eines jedoch bestehen:&nbsp;Eine Safari ist&nbsp;dann als besonders erfolgreich anzusehen, wenn das&nbsp;dahinter steckende Ziel, die&nbsp;&#8222;BIG5&#8220;&nbsp;gesehen zu haben erf\u00fcllt ist. <\/p>\n\n\n<div class=\"wp-block-image\">\n<figure class=\"aligncenter size-full\"><a href=\"http:\/\/rockyourgoal.de\/wp-content\/uploads\/2020\/01\/big5.jpg\"><img loading=\"lazy\" decoding=\"async\" width=\"1920\" height=\"964\" src=\"https:\/\/rockyourgoal.de\/wp-content\/uploads\/2020\/01\/big5.jpg\" alt=\"\" class=\"wp-image-949\" srcset=\"https:\/\/rockyourgoal.de\/wp-content\/uploads\/2020\/01\/big5.jpg 1920w, https:\/\/rockyourgoal.de\/wp-content\/uploads\/2020\/01\/big5-300x151.jpg 300w, https:\/\/rockyourgoal.de\/wp-content\/uploads\/2020\/01\/big5-1024x514.jpg 1024w, https:\/\/rockyourgoal.de\/wp-content\/uploads\/2020\/01\/big5-768x386.jpg 768w, https:\/\/rockyourgoal.de\/wp-content\/uploads\/2020\/01\/big5-1536x771.jpg 1536w, https:\/\/rockyourgoal.de\/wp-content\/uploads\/2020\/01\/big5-850x427.jpg 850w\" sizes=\"auto, (max-width: 1920px) 100vw, 1920px\" \/><\/a><figcaption class=\"wp-element-caption\">Der Begriff &#8222;Big 5&#8220; meint eigentlich Elefant, B\u00fcffel, L\u00f6we, Nashorn und Leopard<\/figcaption><\/figure>\n<\/div>\n\n\n<p>John Strelecky verwendet diese Analogie in dem Buch f\u00fcr die <strong>5 wichtigsten Lebensziele.<\/strong> Es geht also um die f\u00fcnf wichtigsten Dinge die Dir so wichtig sind, dass es sich lohnt, daf\u00fcr sein Leben zu verwenden. Es sind Deine individuellen Ziele, die Du gerne erf\u00fcllen w\u00fcrdest, bevor Du Deinen Platz auf dieser Erde zur Verf\u00fcgung stellt. <\/p>\n\n\n\n<p>Ich habe meine eigenen &#8222;BIG5&#8220; definiert und das war gar nicht so einfach und ich schlie\u00dfe es nicht aus, dass sich&nbsp;diese noch ver\u00e4ndern werden. Ein Mensch ver\u00e4ndert sich im Laufe seines gesamten Lebens und mit ihm ab und zu seine BIG5. Allerdings ist die Wahrscheinlichkeit, dass sich die &#8222;echten BIG5&#8220; ver\u00e4ndern gering, denn es handelt sich um die Ziele, welche einem (bewusst und unbewusst) wirklich und von ganzem Herzen&nbsp;wichtig sind. Ver\u00e4ndert sich also eines der BIG5, dann bestand der Fehler wahrscheinlich bei der Findung und Definition.<\/p>\n\n\n<div class=\"wp-block-image\">\n<figure class=\"aligncenter size-large is-resized\"><a href=\"http:\/\/rockyourgoal.de\/wp-content\/uploads\/2020\/01\/ziel-mentaltraining-m\u00fcnchen.jpg\"><img loading=\"lazy\" decoding=\"async\" width=\"1024\" height=\"683\" src=\"http:\/\/rockyourgoal.de\/wp-content\/uploads\/2020\/01\/ziel-mentaltraining-m\u00fcnchen-1024x683.jpg\" alt=\"\" class=\"wp-image-951\" style=\"width:521px;height:347px\" srcset=\"https:\/\/rockyourgoal.de\/wp-content\/uploads\/2020\/01\/ziel-mentaltraining-m\u00fcnchen-1024x683.jpg 1024w, https:\/\/rockyourgoal.de\/wp-content\/uploads\/2020\/01\/ziel-mentaltraining-m\u00fcnchen-300x200.jpg 300w, https:\/\/rockyourgoal.de\/wp-content\/uploads\/2020\/01\/ziel-mentaltraining-m\u00fcnchen-768x512.jpg 768w, https:\/\/rockyourgoal.de\/wp-content\/uploads\/2020\/01\/ziel-mentaltraining-m\u00fcnchen-1536x1024.jpg 1536w, https:\/\/rockyourgoal.de\/wp-content\/uploads\/2020\/01\/ziel-mentaltraining-m\u00fcnchen-850x567.jpg 850w, https:\/\/rockyourgoal.de\/wp-content\/uploads\/2020\/01\/ziel-mentaltraining-m\u00fcnchen.jpg 1920w\" sizes=\"auto, (max-width: 1024px) 100vw, 1024px\" \/><\/a><figcaption class=\"wp-element-caption\">Wer kein Ziel hat, kann auch keines erreichen!<\/figcaption><\/figure>\n<\/div>\n\n\n<p>Mich pers\u00f6nlich hat&nbsp;in dem oben genannten Buch&nbsp;vor allem die&nbsp;Vorstellung eines&nbsp;&#8222;Lebensmuseums&#8220; beeindruckt. In diesem werden alle Momente, Erfahrungen&nbsp;und Erlebnisse aus dem eigenen Leben als &#8222;Exponate&#8220; ausgestellt. <\/p>\n\n\n\n<p><em>Das hei\u00dft<\/em>: Immer wenn Du einen ganz besonderen Moment erlebt hast, wird dieser in &#8222;Deinem&#8220; Museum verewigt. Wenn Du Dich aus dem Leben verabschiedet, f\u00fchrst Du Deine Besucher bis in alle Ewigkeit durch Dein pers\u00f6nliches Lebensmuseum! <\/p>\n\n\n\n<p>Die Kernfragen lauten also: &#8222;<em>Was willst Du ihnen zeigen und worauf bist Du so stolz? So stolz, dass Du Dich \u00fcber jeden Besucher freust dem Du Deine &#8222;Exponate&#8220; zeigen kannst?<\/em>&#8220; Es geht aber auch darum, dass es Dir nicht egal ist, welche Gef\u00fchle sich bei Deinen Besuchern beim Betrachten Deiner Exponate einstellen.<\/p>\n\n\n\n<p>Das hat alles direkt mit Deinen &#8222;Big5ForLife&#8220; zu tun. Denn es geht nicht darum ob Du Deine Ziele erreichst, sondern um den Weg mit seinen besonderen Momenten, Erlebnissen und Menschen. Es geht um ein aktives, bewusstes und zielgerichtetes Leben. Es geht darum, mit einem Kompass durchs Leben zu gehen der Dich immer in die richtige Richtung f\u00fchrt. In genau die Richtung in die jeder Schritt erf\u00fcllend, sinnvoll und mit Freude gesetzt werden kann. <\/p>\n\n\n\n<p><\/p>","protected":false},"excerpt":{"rendered":"<p>Vor einigen Jahren habe ich das Buch &#8222;The Big Five for Life&#8220; von John Strelecky gelesen und das Buch hat mich fasziniert, aber so richtig. Ich werde euch das Buch bei Gelegenheit noch etwas genauer vorstellen, versprochen. Heute nur mal so viel: Unter den &#8222;BIG5&#8220; verstand man fr\u00fcher in der&hellip;<\/p>\n<p> <a class=\"more-link\" href=\"https:\/\/rockyourgoal.de\/it\/big5forlife\/das-prinzip-der-big5forlife\/\">Leggi tutto<\/a><\/p>","protected":false},"author":2,"featured_media":12404,"parent":37,"menu_order":0,"comment_status":"closed","ping_status":"closed","template":"","meta":{"pgc_sgb_lightbox_settings":"","_glsr_average":0,"_glsr_ranking":0,"_glsr_reviews":0,"footnotes":""},"class_list":["post-46","page","type-page","status-publish","has-post-thumbnail"],"_links":{"self":[{"href":"https:\/\/rockyourgoal.de\/it\/wp-json\/wp\/v2\/pages\/46","targetHints":{"allow":["GET"]}}],"collection":[{"href":"https:\/\/rockyourgoal.de\/it\/wp-json\/wp\/v2\/pages"}],"about":[{"href":"https:\/\/rockyourgoal.de\/it\/wp-json\/wp\/v2\/types\/page"}],"author":[{"embeddable":true,"href":"https:\/\/rockyourgoal.de\/it\/wp-json\/wp\/v2\/users\/2"}],"replies":[{"embeddable":true,"href":"https:\/\/rockyourgoal.de\/it\/wp-json\/wp\/v2\/comments?post=46"}],"version-history":[{"count":20,"href":"https:\/\/rockyourgoal.de\/it\/wp-json\/wp\/v2\/pages\/46\/revisions"}],"predecessor-version":[{"id":21069,"href":"https:\/\/rockyourgoal.de\/it\/wp-json\/wp\/v2\/pages\/46\/revisions\/21069"}],"up":[{"embeddable":true,"href":"https:\/\/rockyourgoal.de\/it\/wp-json\/wp\/v2\/pages\/37"}],"wp:featuredmedia":[{"embeddable":true,"href":"https:\/\/rockyourgoal.de\/it\/wp-json\/wp\/v2\/media\/12404"}],"wp:attachment":[{"href":"https:\/\/rockyourgoal.de\/it\/wp-json\/wp\/v2\/media?parent=46"}],"curies":[{"name":"wp","href":"https:\/\/api.w.org\/{rel}","templated":true}]}}