{"id":3345,"date":"2021-06-05T12:38:32","date_gmt":"2021-06-05T10:38:32","guid":{"rendered":"http:\/\/rockyourgoal.de\/?page_id=3345"},"modified":"2023-05-05T13:53:50","modified_gmt":"2023-05-05T11:53:50","slug":"faire-partnerschaft","status":"publish","type":"page","link":"https:\/\/rockyourgoal.de\/it\/hindernislauf-trainingsplan\/faire-partnerschaft\/","title":{"rendered":"Gemeinsam erfolgreich"},"content":{"rendered":"<p>Als begeisterter Hindernisl\u00e4ufer sch\u00e4tze ich die Gemeinschaft w\u00e4hrend der Rennen, weshalb wir uns in der Szene gerne als #ocrfamily bezeichnen. Man hilft sich und erreicht somit seine Ziele gemeinsam leichter. <\/p>\n\n\n\n<p>Das ist im &#8222;echten Leben&#8220; genau so! Ich bin der Meinung, dass eine wirklich faire Partnerschaft f\u00fcr alle Beteiligten mittel- und langfristig einen h\u00f6heren Mehrwert bringt als eine Konkurrenzsituation. <\/p>\n\n\n<div class=\"wp-block-image\">\n<figure class=\"aligncenter size-large is-resized\"><img decoding=\"async\" src=\"http:\/\/rockyourgoal.de\/wp-content\/uploads\/2021\/06\/als-team-den-erfolg-anziehen-1024x659.jpg\" alt=\"\" class=\"wp-image-3348\" width=\"-259\" height=\"-166\" srcset=\"https:\/\/rockyourgoal.de\/wp-content\/uploads\/2021\/06\/als-team-den-erfolg-anziehen-1024x659.jpg 1024w, https:\/\/rockyourgoal.de\/wp-content\/uploads\/2021\/06\/als-team-den-erfolg-anziehen-300x193.jpg 300w, https:\/\/rockyourgoal.de\/wp-content\/uploads\/2021\/06\/als-team-den-erfolg-anziehen-768x495.jpg 768w, https:\/\/rockyourgoal.de\/wp-content\/uploads\/2021\/06\/als-team-den-erfolg-anziehen-850x547.jpg 850w, https:\/\/rockyourgoal.de\/wp-content\/uploads\/2021\/06\/als-team-den-erfolg-anziehen.jpg 1536w\" sizes=\"(max-width: 1024px) 100vw, 1024px\" \/><figcaption class=\"wp-element-caption\">Im Sport ist es wie im echten Leben &#8211; Teamwork gewinnt!<\/figcaption><\/figure>\n<\/div>\n\n\n<p>Aus diesem Grund biete ich Dir an, mit meinen Trainingspl\u00e4nen eigenen Umsatz zu machen. Wie das genau funktioniert, m\u00f6chte ich Dir im Folgenden kurz erkl\u00e4ren. <\/p>\n\n\n\n<h2 class=\"wp-block-heading\" id=\"meine-idee-einer-fairen-partnerschaft\">Meine Idee einer fairen Partnerschaft<\/h2>\n\n\n\n<p>Die hier angebotenen Trainingspl\u00e4ne sind das Ergebnis von vielen Jahren eigener Erfahrung, Fortbildung als Trainer und vielen Tagen m\u00fchevoller Konzeptions- und Schreibarbeit. Es steckt also richtig viel M\u00fche darin! <\/p>\n\n\n\n<p>Das Problem ist, dass all diese M\u00fche umsonst war, wenn niemand wei\u00df, dass es sie gibt. Die hohe Qualit\u00e4t und die fairen Preise helfen nichts, wenn diese Angebote unsichtbar bleiben. <\/p>\n\n\n\n<p>Da mir die gro\u00dfe Reichweite fehlt, brauche ich Dich damit die Menschen von diesem Plan erfahren!&nbsp;<strong>Daf\u00fcr biete ich Dir 50% der Einnahmen hinter jedem, \u00fcber Dich verkauften Trainingsplan an<\/strong>! <\/p>\n\n\n\n<p>Damit Du jederzeit die volle Transparenz \u00fcber die \u00fcber Dich verkauften Trainingspl\u00e4ne und Deine Einnahmen hast, nutze ich digistore24. Dieser bekannte Anbieter ist zertifiziert und genie\u00dft einen extrem guten Ruf. <\/p>\n\n\n\n<p>Erfahrene Trainer und ich haben den Plan geschrieben, Du bewirbst ihn weiter und wir teilen uns den Umsatz. Das ist meine Idee einer fairen Partnerschaft und genau das ist mein Angebot an Dich!<\/p>\n\n\n\n<h2 class=\"wp-block-heading\" id=\"wie-funktioniert-das-ganz-konkret\">Wie funktioniert das ganz konkret?<\/h2>\n\n\n\n<p>So kannst Du Deinen pers\u00f6nlichen Affiliate Link bekommen:<\/p>\n\n\n\n<ol class=\"wp-block-list\" id=\"block-5fc2d2cf-5a3d-4978-9eed-73009fe02c89\">\n<li>Melde Dich kostenlos bei Digistore24 an (falls Du es nicht eh schon bist)!&nbsp;<a href=\"https:\/\/www.digistore24.com\/signup\/315225\/\">https:\/\/www.digistore24.com\/signup<\/a><\/li>\n\n\n\n<li>Kopiere den Promotion Link des Planes den Du bewerben m\u00f6chtest. <\/li>\n\n\n\n<li>Bitte ersetze \u201eAFFILIATE\u201c durch deine DigiStore24 ID<\/li>\n\n\n\n<li>Solltest Du eine eigene Kampagne daf\u00fcr eingerichtet haben, so gib den CAMPAIGNKEY an. Ansonsten lass dieses Feld bitte einfach leer.<\/li>\n\n\n\n<li>Wenn du deine ID einsetzt hast, ist keine zus\u00e4tzliche Anmeldung f\u00fcr das Produkt als Affiliate notwendig! Teile nun Deinen Link auf beliebige Art auf Deiner Website oder in Deinem Social Media Account (gerne kannst Du dazu auch unsere Werbemittel nutzen und verdien f\u00fcr jeden Verkauf 50% des Nettoverkaufspreises. <\/li>\n<\/ol>\n\n\n\n<p>Wenn Du dazu technische Unterst\u00fctzung brauchst, dann melde Dich bei mir!<\/p>\n\n\n\n<p><strong>Noch eine ehrliche und wichtige Anmerkung zum &#8222;Nettoverkaufspreis&#8220;<\/strong>: Digistore24 verlangt eine Geb\u00fchr f\u00fcr die Dienstleistung und f\u00fchrt Steuern ab. Wenn ein Trainingsplan z.B. 12,- EUR kostet, dann verlangt Digistore24 ca. 2,50, EUR als Geb\u00fchren und Steuern. Die verbliebenen 9,50,- EUR sind der oben genannte &#8222;Nettoverkaufspreis&#8220; den wir uns dann teilen. <\/p>\n\n\n\n<h2 class=\"wp-block-heading\" id=\"mein-angebot-fur-veranstalter-von-hindernislaufen\">Mein Angebot f\u00fcr Veranstalter von Hindernisl\u00e4ufen<\/h2>\n\n\n\n<p>Ich bin der Meinung, dass gerade Einsteiger, aber auch ambitionierte Hindernisl\u00e4ufer vor einem bestimmten Rennen einen Bedarf an einem hochwertigen Trainingsplan haben. <\/p>\n\n\n\n<p>Als Anbieter von Hindernislauf Rennen bietest Du also mit meinen Trainingspl\u00e4nen einen Zusatzservice an bei dem Du ohne eigenen Aufwand 50% des Nettoverkaufspreises erh\u00e4ltst. Nat\u00fcrlich bei voller Transparenz \u00fcber eine Digistore24-Abrechnung. <\/p>\n\n\n\n<p>Gerne unterst\u00fctze ich Dich mit meinen Ideen und meinen Erfahrungen. <\/p>\n\n\n\n<p><strong>Ich schlage Dir das folgende Vorgehen vor:<\/strong><\/p>\n\n\n\n<ul class=\"wp-block-list\">\n<li>Ich schreibe zum Einstieg einen hochwertigen und auf Deine Veranstaltung abgestimmten Artikel rund um das Hindernislauftraining f\u00fcr diese Veranstaltung. Diesen darfst Du gerne auf Deiner Seite ver\u00f6ffentlichen. <\/li>\n\n\n\n<li>Unter diesem Artikel oder an gesonderter Stelle kannst Du meine eBook-Covers mit Direktverlinkung zu den Trainingspl\u00e4nen ver\u00f6ffentlichen. Bei jedem Verkauf \u00fcber Deinen personalisierten Partner-Link wird Deinem Digistore24-Konto automatisch 50% des Nettoverkaufspreises gutgeschrieben. <\/li>\n\n\n\n<li>Die technische Vorgehensweise findest Du etwas weiter oben<\/li>\n<\/ul>\n\n\n\n<h2 class=\"wp-block-heading\" id=\"die-volle-vielfalt-der-trainingsplane\">Die volle Vielfalt der Trainingspl\u00e4ne<\/h2>\n\n\n\n<p>In der folgenden Tabelle findest Du \u00fcbersichtlich alle unsere angebotenen Trainingspl\u00e4nen samt der Promotion Links zum Einbinden in Deine Website. Die dazu verf\u00fcgbaren Bildwerbemittel findest Du im Absatz danach.<\/p>\n\n\n\n<figure class=\"wp-block-table\"><table><tbody><tr><td><strong>Produkt<\/strong><\/td><td><strong>Verkaufspreis<\/strong><\/td><td><strong>Promotion Link<\/strong><\/td><\/tr><tr><td><a href=\"http:\/\/rockyourgoal.de\/it\/meine-angebote\/ocr-und-spartanrace\/ocr-trainingsplan\/einsteiger-kurzdistanz\/\" target=\"_blank\" rel=\"noreferrer noopener\">12 Wochen Hindernislauf Trainingsplan Einsteiger Kurzdistanz<\/a><\/td><td>7,- EUR<\/td><td>https:\/\/www.digistore24.com\/redir\/355914\/AFFILIATE\/CAMPAIGNKEY<\/td><\/tr><tr><td><a href=\"http:\/\/rockyourgoal.de\/it\/meine-angebote\/ocr-und-spartanrace\/ocr-trainingsplan\/12-wochen-ocr-trainingsplan-einsteiger-mitteldistanz\/\" target=\"_blank\" rel=\"noreferrer noopener\">12 Wochen Hindernislauf Trainingsplan Einsteiger Mitteldistanz<\/a><\/td><td>10,- EUR<\/td><td>https:\/\/www.digistore24.com\/redir\/358492\/AFFILIATE\/CAMPAIGNKEY<\/td><\/tr><tr><td><a href=\"http:\/\/rockyourgoal.de\/it\/meine-angebote\/ocr-und-spartanrace\/ocr-trainingsplan\/12-wochen-ocr-trainingsplan-einsteiger-langdistanz\/\" target=\"_blank\" rel=\"noreferrer noopener\">12 Wochen Hindernislauf Trainingsplan Einsteiger Langdistanz<\/a><\/td><td>12,- EUR<\/td><td>https:\/\/www.digistore24.com\/redir\/360829\/AFFILIATE\/CAMPAIGNKEY<\/td><\/tr><tr><td><a href=\"http:\/\/rockyourgoal.de\/it\/meine-angebote\/ocr-und-spartanrace\/ocr-trainingsplan\/hindernislauf-trainingsplan-fuer-fortgeschrittene-kurzdistanz\/\" target=\"_blank\" rel=\"noreferrer noopener\">12 Wochen Hindernislauf Trainingsplan Fortgeschrittene Kurzdistanz<\/a><\/td><td>12,- EUR<\/td><td>https:\/\/www.digistore24.com\/redir\/386893\/AFFILIATE\/CAMPAIGNKEY<\/td><\/tr><tr><td><a href=\"http:\/\/rockyourgoal.de\/it\/meine-angebote\/ocr-und-spartanrace\/ocr-trainingsplan\/hindernislauf-trainingsplan-fuer-fortgeschrittene-mitteldistanz\/\" target=\"_blank\" rel=\"noreferrer noopener\">12 Wochen Hindernislauf Trainingsplan Fortgeschrittene Mitteldistanz<\/a><\/td><td>15,- EUR<\/td><td>https:\/\/www.digistore24.com\/redir\/386893\/AFFILIATE\/CAMPAIGNKEY<\/td><\/tr><tr><td><a href=\"http:\/\/rockyourgoal.de\/it\/meine-angebote\/ocr-und-spartanrace\/ocr-trainingsplan\/hindernislauf-trainingsplan-langistanz-fortgeschrittene\/\" target=\"_blank\" rel=\"noreferrer noopener\">12 Wochen Hindernislauf Trainingsplan Fortgeschrittene Langdistanz<\/a><\/td><td>15,- EUR<\/td><td>https:\/\/www.digistore24.com\/redir\/393399\/AFFILIATE\/CAMPAIGNKEY<\/td><\/tr><tr><td><a href=\"http:\/\/rockyourgoal.de\/it\/hindernislauf-trainingsplan\/lucas-kempe\/\" target=\"_blank\" rel=\"noreferrer noopener\">12 Wochen OCR TP Ambitionierte Kurzdistanz &#8211; Lucas Kempe<\/a><\/td><td>49,- EUR<\/td><td>https:\/\/www.digistore24.com\/redir\/389805\/AFFILIATE\/CAMPAIGNKEY<\/td><\/tr><tr><td><a href=\"http:\/\/rockyourgoal.de\/it\/hindernislauf-trainingsplan\/lucas-kempe\/\" target=\"_blank\" rel=\"noreferrer noopener\">12 Wochen OCR TP Ambitionierte Mitteldistanz &#8211; Lucas Kempe<\/a><\/td><td>49,- EUR<\/td><td>https:\/\/www.digistore24.com\/redir\/389806\/AFFILIATE\/CAMPAIGNKEY<\/td><\/tr><tr><td><a href=\"http:\/\/rockyourgoal.de\/it\/hindernislauf-trainingsplan\/lucas-kempe\/\" target=\"_blank\" rel=\"noreferrer noopener\">12 Wochen OCR TP Ambitionierte Langdistanz &#8211; Lucas Kempe<\/a><\/td><td>49,- EUR<\/td><td>https:\/\/www.digistore24.com\/redir\/389810\/AFFILIATE\/CAMPAIGNKEY<\/td><\/tr><tr><td><a href=\"http:\/\/rockyourgoal.de\/it\/meine-angebote\/ocr-und-spartanrace\/griffkrafttraining-ocr\/#12_Wochen_Trainingsplan_Grip_wins_Races\" target=\"_blank\" rel=\"noreferrer noopener\">12 Wochen Trainingsplan Griffkrafttraining F\u00fcr Hindernisl\u00e4ufer<\/a><\/td><td>4,95 EUR<\/td><td>https:\/\/www.digistore24.com\/redir\/315225\/AFFILIATE\/CAMPAIGNKEY<\/td><\/tr><\/tbody><\/table><\/figure>\n\n\n\n<h2 class=\"wp-block-heading\" id=\"bildwerbemittel\">Bildwerbemittel<\/h2>\n\n\n\n<p>Wenn Du Dich entschieden hast ein Partner zu werden und und f\u00fcr die Trainingspl\u00e4ne werben m\u00f6chtest, dann stehen Dir die folgenden Bildwerbemittel zur Verf\u00fcgung. Bitte hab daf\u00fcr Verst\u00e4ndnis, dass diese nur zweckgebunden verwendet werden d\u00fcrfen. Ich bem\u00fche mich, diese Werbemittel laufend zu erg\u00e4nzen, weshalb es Sinn macht immer wieder mal hier reinzuschauen!<\/p>\n\n\n\n<figure class=\"wp-block-gallery has-nested-images columns-default is-cropped wp-block-gallery-1 is-layout-flex wp-block-gallery-is-layout-flex\">\n<figure class=\"wp-block-image size-large\"><a href=\"https:\/\/rockyourgoal.de\/wp-content\/uploads\/2020\/03\/200-200-Banner-Griffkraft-Training-12-Wochen.jpg\"><img loading=\"lazy\" decoding=\"async\" width=\"200\" height=\"200\" data-id=\"1458\" src=\"http:\/\/rockyourgoal.de\/wp-content\/uploads\/2020\/03\/200-200-Banner-Griffkraft-Training-12-Wochen.jpg\" alt=\"\" class=\"wp-image-1458\" srcset=\"https:\/\/rockyourgoal.de\/wp-content\/uploads\/2020\/03\/200-200-Banner-Griffkraft-Training-12-Wochen.jpg 200w, https:\/\/rockyourgoal.de\/wp-content\/uploads\/2020\/03\/200-200-Banner-Griffkraft-Training-12-Wochen-150x150.jpg 150w\" sizes=\"auto, (max-width: 200px) 100vw, 200px\" \/><\/a><figcaption class=\"wp-element-caption\">Griffkraft Trainingsplan<\/figcaption><\/figure>\n\n\n\n<figure class=\"wp-block-image size-large\"><a href=\"https:\/\/rockyourgoal.de\/wp-content\/uploads\/2020\/11\/ocr-trainingsplan-einsteiger-kurzdistanz-teaserbild.png\"><img loading=\"lazy\" decoding=\"async\" width=\"976\" height=\"902\" data-id=\"2393\" src=\"http:\/\/rockyourgoal.de\/wp-content\/uploads\/2020\/11\/ocr-trainingsplan-einsteiger-kurzdistanz-teaserbild.png\" alt=\"\" class=\"wp-image-2393\" srcset=\"https:\/\/rockyourgoal.de\/wp-content\/uploads\/2020\/11\/ocr-trainingsplan-einsteiger-kurzdistanz-teaserbild.png 976w, https:\/\/rockyourgoal.de\/wp-content\/uploads\/2020\/11\/ocr-trainingsplan-einsteiger-kurzdistanz-teaserbild-300x277.png 300w, https:\/\/rockyourgoal.de\/wp-content\/uploads\/2020\/11\/ocr-trainingsplan-einsteiger-kurzdistanz-teaserbild-768x710.png 768w, https:\/\/rockyourgoal.de\/wp-content\/uploads\/2020\/11\/ocr-trainingsplan-einsteiger-kurzdistanz-teaserbild-850x786.png 850w\" sizes=\"auto, (max-width: 976px) 100vw, 976px\" \/><\/a><figcaption class=\"wp-element-caption\">12 Wochen Trainingsplan Einsteiger &#8211; Kurzdistanz<\/figcaption><\/figure>\n\n\n\n<figure class=\"wp-block-image size-large\"><a href=\"https:\/\/rockyourgoal.de\/wp-content\/uploads\/2020\/11\/ocr-trainingsplan-einsteiger-kurzdistanz-Ebookdesign.jpg\"><img loading=\"lazy\" decoding=\"async\" width=\"683\" height=\"1024\" data-id=\"2414\" src=\"http:\/\/rockyourgoal.de\/wp-content\/uploads\/2020\/11\/ocr-trainingsplan-einsteiger-kurzdistanz-Ebookdesign-683x1024.jpg\" alt=\"\" class=\"wp-image-2414\" srcset=\"https:\/\/rockyourgoal.de\/wp-content\/uploads\/2020\/11\/ocr-trainingsplan-einsteiger-kurzdistanz-Ebookdesign-683x1024.jpg 683w, https:\/\/rockyourgoal.de\/wp-content\/uploads\/2020\/11\/ocr-trainingsplan-einsteiger-kurzdistanz-Ebookdesign-200x300.jpg 200w, https:\/\/rockyourgoal.de\/wp-content\/uploads\/2020\/11\/ocr-trainingsplan-einsteiger-kurzdistanz-Ebookdesign-768x1152.jpg 768w, https:\/\/rockyourgoal.de\/wp-content\/uploads\/2020\/11\/ocr-trainingsplan-einsteiger-kurzdistanz-Ebookdesign-300x450.jpg 300w, https:\/\/rockyourgoal.de\/wp-content\/uploads\/2020\/11\/ocr-trainingsplan-einsteiger-kurzdistanz-Ebookdesign-850x1275.jpg 850w, https:\/\/rockyourgoal.de\/wp-content\/uploads\/2020\/11\/ocr-trainingsplan-einsteiger-kurzdistanz-Ebookdesign.jpg 900w\" sizes=\"auto, (max-width: 683px) 100vw, 683px\" \/><\/a><\/figure>\n\n\n\n<figure class=\"wp-block-image size-large\"><a href=\"https:\/\/rockyourgoal.de\/wp-content\/uploads\/2020\/11\/OCR-Trainingsplan-Einsteiger-Mitteldistanz-Cover-3D.jpg\"><img loading=\"lazy\" decoding=\"async\" width=\"1024\" height=\"945\" data-id=\"2438\" src=\"http:\/\/rockyourgoal.de\/wp-content\/uploads\/2020\/11\/OCR-Trainingsplan-Einsteiger-Mitteldistanz-Cover-3D-1024x945.jpg\" alt=\"\" class=\"wp-image-2438\" srcset=\"https:\/\/rockyourgoal.de\/wp-content\/uploads\/2020\/11\/OCR-Trainingsplan-Einsteiger-Mitteldistanz-Cover-3D-1024x945.jpg 1024w, https:\/\/rockyourgoal.de\/wp-content\/uploads\/2020\/11\/OCR-Trainingsplan-Einsteiger-Mitteldistanz-Cover-3D-300x277.jpg 300w, https:\/\/rockyourgoal.de\/wp-content\/uploads\/2020\/11\/OCR-Trainingsplan-Einsteiger-Mitteldistanz-Cover-3D-768x709.jpg 768w, https:\/\/rockyourgoal.de\/wp-content\/uploads\/2020\/11\/OCR-Trainingsplan-Einsteiger-Mitteldistanz-Cover-3D-850x785.jpg 850w, https:\/\/rockyourgoal.de\/wp-content\/uploads\/2020\/11\/OCR-Trainingsplan-Einsteiger-Mitteldistanz-Cover-3D.jpg 1525w\" sizes=\"auto, (max-width: 1024px) 100vw, 1024px\" \/><\/a><figcaption class=\"wp-element-caption\">12 Wochen Trainingplan Einsteiger &#8211; Mitteldistanz<\/figcaption><\/figure>\n\n\n\n<figure class=\"wp-block-image size-large\"><a href=\"https:\/\/rockyourgoal.de\/wp-content\/uploads\/2020\/11\/Zero-to-HeroV2-klein.jpg\"><img loading=\"lazy\" decoding=\"async\" width=\"683\" height=\"1024\" data-id=\"2463\" src=\"http:\/\/rockyourgoal.de\/wp-content\/uploads\/2020\/11\/Zero-to-HeroV2-klein-683x1024.jpg\" alt=\"\" class=\"wp-image-2463\" srcset=\"https:\/\/rockyourgoal.de\/wp-content\/uploads\/2020\/11\/Zero-to-HeroV2-klein-683x1024.jpg 683w, https:\/\/rockyourgoal.de\/wp-content\/uploads\/2020\/11\/Zero-to-HeroV2-klein-200x300.jpg 200w, https:\/\/rockyourgoal.de\/wp-content\/uploads\/2020\/11\/Zero-to-HeroV2-klein-768x1152.jpg 768w, https:\/\/rockyourgoal.de\/wp-content\/uploads\/2020\/11\/Zero-to-HeroV2-klein-300x450.jpg 300w, https:\/\/rockyourgoal.de\/wp-content\/uploads\/2020\/11\/Zero-to-HeroV2-klein-850x1275.jpg 850w, https:\/\/rockyourgoal.de\/wp-content\/uploads\/2020\/11\/Zero-to-HeroV2-klein.jpg 900w\" sizes=\"auto, (max-width: 683px) 100vw, 683px\" \/><\/a><figcaption class=\"wp-element-caption\">Cover des Trainingsplans<\/figcaption><\/figure>\n\n\n\n<figure class=\"wp-block-image size-large\"><a href=\"https:\/\/rockyourgoal.de\/wp-content\/uploads\/2020\/12\/ocr-trainingsplan-langdistanz-einsteiger.png\"><img loading=\"lazy\" decoding=\"async\" width=\"915\" height=\"845\" data-id=\"2492\" src=\"http:\/\/rockyourgoal.de\/wp-content\/uploads\/2020\/12\/ocr-trainingsplan-langdistanz-einsteiger.png\" alt=\"\" class=\"wp-image-2492\" srcset=\"https:\/\/rockyourgoal.de\/wp-content\/uploads\/2020\/12\/ocr-trainingsplan-langdistanz-einsteiger.png 915w, https:\/\/rockyourgoal.de\/wp-content\/uploads\/2020\/12\/ocr-trainingsplan-langdistanz-einsteiger-300x277.png 300w, https:\/\/rockyourgoal.de\/wp-content\/uploads\/2020\/12\/ocr-trainingsplan-langdistanz-einsteiger-768x709.png 768w, https:\/\/rockyourgoal.de\/wp-content\/uploads\/2020\/12\/ocr-trainingsplan-langdistanz-einsteiger-850x785.png 850w\" sizes=\"auto, (max-width: 915px) 100vw, 915px\" \/><\/a><figcaption class=\"wp-element-caption\">12 Wochen Trainingsplan Einsteiger &#8211; Langdistanz<\/figcaption><\/figure>\n\n\n\n<figure class=\"wp-block-image size-large\"><a href=\"https:\/\/rockyourgoal.de\/wp-content\/uploads\/2020\/12\/Zero-to-HeroV3-scaled.jpg\"><img loading=\"lazy\" decoding=\"async\" width=\"683\" height=\"1024\" data-id=\"2692\" src=\"http:\/\/rockyourgoal.de\/wp-content\/uploads\/2020\/12\/Zero-to-HeroV3-683x1024.jpg\" alt=\"\" class=\"wp-image-2692\" srcset=\"https:\/\/rockyourgoal.de\/wp-content\/uploads\/2020\/12\/Zero-to-HeroV3-683x1024.jpg 683w, https:\/\/rockyourgoal.de\/wp-content\/uploads\/2020\/12\/Zero-to-HeroV3-200x300.jpg 200w, https:\/\/rockyourgoal.de\/wp-content\/uploads\/2020\/12\/Zero-to-HeroV3-768x1152.jpg 768w, https:\/\/rockyourgoal.de\/wp-content\/uploads\/2020\/12\/Zero-to-HeroV3-1024x1536.jpg 1024w, https:\/\/rockyourgoal.de\/wp-content\/uploads\/2020\/12\/Zero-to-HeroV3-1365x2048.jpg 1365w, https:\/\/rockyourgoal.de\/wp-content\/uploads\/2020\/12\/Zero-to-HeroV3-300x450.jpg 300w, https:\/\/rockyourgoal.de\/wp-content\/uploads\/2020\/12\/Zero-to-HeroV3-850x1275.jpg 850w, https:\/\/rockyourgoal.de\/wp-content\/uploads\/2020\/12\/Zero-to-HeroV3-scaled.jpg 1707w\" sizes=\"auto, (max-width: 683px) 100vw, 683px\" \/><\/a><figcaption class=\"wp-element-caption\">12 Wochen OCR Trainingsplan Langdistanz Cover<\/figcaption><\/figure>\n\n\n\n<figure class=\"wp-block-image size-large\"><a href=\"https:\/\/rockyourgoal.de\/wp-content\/uploads\/2021\/04\/trainingsplan-hindernislauf-kurzdistanz-fortgeschrittene-ebook.png\"><img loading=\"lazy\" decoding=\"async\" width=\"495\" height=\"652\" data-id=\"3058\" src=\"http:\/\/rockyourgoal.de\/wp-content\/uploads\/2021\/04\/trainingsplan-hindernislauf-kurzdistanz-fortgeschrittene-ebook.png\" alt=\"\" class=\"wp-image-3058\" srcset=\"https:\/\/rockyourgoal.de\/wp-content\/uploads\/2021\/04\/trainingsplan-hindernislauf-kurzdistanz-fortgeschrittene-ebook.png 495w, https:\/\/rockyourgoal.de\/wp-content\/uploads\/2021\/04\/trainingsplan-hindernislauf-kurzdistanz-fortgeschrittene-ebook-228x300.png 228w, https:\/\/rockyourgoal.de\/wp-content\/uploads\/2021\/04\/trainingsplan-hindernislauf-kurzdistanz-fortgeschrittene-ebook-300x395.png 300w\" sizes=\"auto, (max-width: 495px) 100vw, 495px\" \/><\/a><figcaption class=\"wp-element-caption\">12 Wochen Hindernislauf Trainingsplan f\u00fcr Fortgeschrittene &#8211; Kurzdistanz (12, -EUR)<\/figcaption><\/figure>\n\n\n\n<figure class=\"wp-block-image size-large\"><a href=\"https:\/\/rockyourgoal.de\/wp-content\/uploads\/2021\/04\/trainingsplan-hindernislauf-mitteldistanz-fortgeschrittene-ebook.png\"><img loading=\"lazy\" decoding=\"async\" width=\"464\" height=\"611\" data-id=\"3072\" src=\"http:\/\/rockyourgoal.de\/wp-content\/uploads\/2021\/04\/trainingsplan-hindernislauf-mitteldistanz-fortgeschrittene-ebook.png\" alt=\"\" class=\"wp-image-3072\" srcset=\"https:\/\/rockyourgoal.de\/wp-content\/uploads\/2021\/04\/trainingsplan-hindernislauf-mitteldistanz-fortgeschrittene-ebook.png 464w, https:\/\/rockyourgoal.de\/wp-content\/uploads\/2021\/04\/trainingsplan-hindernislauf-mitteldistanz-fortgeschrittene-ebook-228x300.png 228w, https:\/\/rockyourgoal.de\/wp-content\/uploads\/2021\/04\/trainingsplan-hindernislauf-mitteldistanz-fortgeschrittene-ebook-300x395.png 300w\" sizes=\"auto, (max-width: 464px) 100vw, 464px\" \/><\/a><figcaption class=\"wp-element-caption\">12 Wochen Hindernislauf Trainingsplan f\u00fcr Fortgeschrittene &#8211; Mitteldistanz (15, -EUR)<\/figcaption><\/figure>\n\n\n\n<figure class=\"wp-block-image size-large\"><a href=\"https:\/\/rockyourgoal.de\/wp-content\/uploads\/2021\/05\/ocr-trainingsplan-fortgeschrittene-langdistanz-3d-cover.png\"><img loading=\"lazy\" decoding=\"async\" width=\"557\" height=\"733\" data-id=\"3179\" src=\"http:\/\/rockyourgoal.de\/wp-content\/uploads\/2021\/05\/ocr-trainingsplan-fortgeschrittene-langdistanz-3d-cover.png\" alt=\"\" class=\"wp-image-3179\" srcset=\"https:\/\/rockyourgoal.de\/wp-content\/uploads\/2021\/05\/ocr-trainingsplan-fortgeschrittene-langdistanz-3d-cover.png 557w, https:\/\/rockyourgoal.de\/wp-content\/uploads\/2021\/05\/ocr-trainingsplan-fortgeschrittene-langdistanz-3d-cover-228x300.png 228w, https:\/\/rockyourgoal.de\/wp-content\/uploads\/2021\/05\/ocr-trainingsplan-fortgeschrittene-langdistanz-3d-cover-300x395.png 300w\" sizes=\"auto, (max-width: 557px) 100vw, 557px\" \/><\/a><figcaption class=\"wp-element-caption\">12 Wochen Hindernislauf Trainingsplan f\u00fcr Fortgeschrittene &#8211; Langdistanz<\/figcaption><\/figure>\n\n\n\n<figure class=\"wp-block-image size-large\"><a href=\"https:\/\/rockyourgoal.de\/wp-content\/uploads\/2021\/05\/ocr-trainingsplan-ambitioniert-kurzdistanz.png\"><img loading=\"lazy\" decoding=\"async\" width=\"464\" height=\"611\" data-id=\"3187\" src=\"http:\/\/rockyourgoal.de\/wp-content\/uploads\/2021\/05\/ocr-trainingsplan-ambitioniert-kurzdistanz.png\" alt=\"\" class=\"wp-image-3187\" srcset=\"https:\/\/rockyourgoal.de\/wp-content\/uploads\/2021\/05\/ocr-trainingsplan-ambitioniert-kurzdistanz.png 464w, https:\/\/rockyourgoal.de\/wp-content\/uploads\/2021\/05\/ocr-trainingsplan-ambitioniert-kurzdistanz-228x300.png 228w, https:\/\/rockyourgoal.de\/wp-content\/uploads\/2021\/05\/ocr-trainingsplan-ambitioniert-kurzdistanz-300x395.png 300w\" sizes=\"auto, (max-width: 464px) 100vw, 464px\" \/><\/a><\/figure>\n\n\n\n<figure class=\"wp-block-image size-large\"><a href=\"https:\/\/rockyourgoal.de\/wp-content\/uploads\/2021\/05\/ocr-trainingsplan-ambitioniert-mitteldistanz.png\"><img loading=\"lazy\" decoding=\"async\" width=\"464\" height=\"611\" data-id=\"3189\" src=\"http:\/\/rockyourgoal.de\/wp-content\/uploads\/2021\/05\/ocr-trainingsplan-ambitioniert-mitteldistanz.png\" alt=\"\" class=\"wp-image-3189\" srcset=\"https:\/\/rockyourgoal.de\/wp-content\/uploads\/2021\/05\/ocr-trainingsplan-ambitioniert-mitteldistanz.png 464w, https:\/\/rockyourgoal.de\/wp-content\/uploads\/2021\/05\/ocr-trainingsplan-ambitioniert-mitteldistanz-228x300.png 228w, https:\/\/rockyourgoal.de\/wp-content\/uploads\/2021\/05\/ocr-trainingsplan-ambitioniert-mitteldistanz-300x395.png 300w\" sizes=\"auto, (max-width: 464px) 100vw, 464px\" \/><\/a><\/figure>\n\n\n\n<figure class=\"wp-block-image size-large\"><a href=\"https:\/\/rockyourgoal.de\/wp-content\/uploads\/2021\/05\/ocr-trainingsplan-ambitioniert-langdistanz.png\"><img loading=\"lazy\" decoding=\"async\" width=\"464\" height=\"611\" data-id=\"3188\" src=\"http:\/\/rockyourgoal.de\/wp-content\/uploads\/2021\/05\/ocr-trainingsplan-ambitioniert-langdistanz.png\" alt=\"\" class=\"wp-image-3188\" srcset=\"https:\/\/rockyourgoal.de\/wp-content\/uploads\/2021\/05\/ocr-trainingsplan-ambitioniert-langdistanz.png 464w, https:\/\/rockyourgoal.de\/wp-content\/uploads\/2021\/05\/ocr-trainingsplan-ambitioniert-langdistanz-228x300.png 228w, https:\/\/rockyourgoal.de\/wp-content\/uploads\/2021\/05\/ocr-trainingsplan-ambitioniert-langdistanz-300x395.png 300w\" sizes=\"auto, (max-width: 464px) 100vw, 464px\" \/><\/a><\/figure>\n<\/figure>","protected":false},"excerpt":{"rendered":"<p>Als begeisterter Hindernisl\u00e4ufer sch\u00e4tze ich die Gemeinschaft w\u00e4hrend der Rennen, weshalb wir uns in der Szene gerne als #ocrfamily bezeichnen. Man hilft sich und erreicht somit seine Ziele gemeinsam leichter. Das ist im &#8222;echten Leben&#8220; genau so! Ich bin der Meinung, dass eine wirklich faire Partnerschaft f\u00fcr alle Beteiligten mittel-&hellip;<\/p>\n<p> <a class=\"more-link\" href=\"https:\/\/rockyourgoal.de\/it\/hindernislauf-trainingsplan\/faire-partnerschaft\/\">Leggi tutto<\/a><\/p>","protected":false},"author":2,"featured_media":12419,"parent":3163,"menu_order":2,"comment_status":"open","ping_status":"closed","template":"","meta":{"pgc_sgb_lightbox_settings":"","_glsr_average":0,"_glsr_ranking":0,"_glsr_reviews":0,"footnotes":""},"class_list":["post-3345","page","type-page","status-publish","has-post-thumbnail"],"_links":{"self":[{"href":"https:\/\/rockyourgoal.de\/it\/wp-json\/wp\/v2\/pages\/3345","targetHints":{"allow":["GET"]}}],"collection":[{"href":"https:\/\/rockyourgoal.de\/it\/wp-json\/wp\/v2\/pages"}],"about":[{"href":"https:\/\/rockyourgoal.de\/it\/wp-json\/wp\/v2\/types\/page"}],"author":[{"embeddable":true,"href":"https:\/\/rockyourgoal.de\/it\/wp-json\/wp\/v2\/users\/2"}],"replies":[{"embeddable":true,"href":"https:\/\/rockyourgoal.de\/it\/wp-json\/wp\/v2\/comments?post=3345"}],"version-history":[{"count":21,"href":"https:\/\/rockyourgoal.de\/it\/wp-json\/wp\/v2\/pages\/3345\/revisions"}],"predecessor-version":[{"id":12420,"href":"https:\/\/rockyourgoal.de\/it\/wp-json\/wp\/v2\/pages\/3345\/revisions\/12420"}],"up":[{"embeddable":true,"href":"https:\/\/rockyourgoal.de\/it\/wp-json\/wp\/v2\/pages\/3163"}],"wp:featuredmedia":[{"embeddable":true,"href":"https:\/\/rockyourgoal.de\/it\/wp-json\/wp\/v2\/media\/12419"}],"wp:attachment":[{"href":"https:\/\/rockyourgoal.de\/it\/wp-json\/wp\/v2\/media?parent=3345"}],"curies":[{"name":"wp","href":"https:\/\/api.w.org\/{rel}","templated":true}]}}