{"id":3339,"date":"2021-06-05T11:13:04","date_gmt":"2021-06-05T09:13:04","guid":{"rendered":"http:\/\/rockyourgoal.de\/?page_id=3339"},"modified":"2021-06-05T11:13:04","modified_gmt":"2021-06-05T09:13:04","slug":"teile-mit-mir","status":"publish","type":"page","link":"https:\/\/rockyourgoal.de\/it\/meine-angebote\/ocr-und-spartanrace\/ocr-trainingsplan\/hindernislauf-trainingsplan-fuer-fortgeschrittene-mitteldistanz\/teile-mit-mir\/","title":{"rendered":"Die H\u00e4lfte f\u00fcr Dich"},"content":{"rendered":"<p>Wie bei meinen anderen Hindernislauf Trainingspl\u00e4nen biete ich Dir f\u00fcr einen Verkauf meines <a rel=\"noreferrer noopener\" href=\"http:\/\/rockyourgoal.de\/it\/meine-angebote\/ocr-und-spartanrace\/ocr-trainingsplan\/hindernislauf-trainingsplan-fuer-fortgeschrittene-mitteldistanz\/\" target=\"_blank\">12 Wochen OCR Trainingsplanes f\u00fcr Fortgeschrittene auf die Mitteldistanz<\/a> die H\u00e4lfte meiner Einnahmen wenn dieser \u00fcber Deine Website oder Deine Reichweite in Social Media verkauft wird. <\/p>\n\n\n\n<p>Ich finde, dass dieses Angebot fair ist und hoffe, Du siehst es auch so. Mir ist es wichtig, dass sich meine Arbeit zur Erstellung dieses Plans (es stecken viele Stunden Arbeit und viel Know How drin) f\u00fcr mich aber vor allem auch f\u00fcr m\u00f6glichst viele OCR Athleten gelohnt hat. <\/p>\n\n\n\n<p>Da mir die gro\u00dfe Reichweite fehlt, brauche ich Dich damit die Menschen von diesem Plan erfahren!&nbsp;<strong>Daf\u00fcr biete ich Dir 50% der Einnahmen hinter jedem, \u00fcber Dich verkauften Trainingsplan an<\/strong>!<\/p>\n\n\n\n<p>Ich verlange f\u00fcr diesen Trainingsplan 15,- EUR. Digistore24 zieht von jedem Verkauf ca. 3,00 EUR an Geb\u00fchren und Steuern ab.\u00a0<strong>Somit bleiben Dir ca. 6,00 EUR an Provision hinter jedem Verkauf!<\/strong><\/p>\n\n\n\n<p>Du hast also nur einmal den Aufwand den Plan auf Deiner Website zu bewerben, dann hast Du eine Chance auf ein passives Einkommen (je nach Reichweite Deiner Seite). <\/p>\n\n\n\n<h2 class=\"wp-block-heading\">Wie kannst Du mitmachen?<\/h2>\n\n\n\n<p>So kannst Du Deinen pers\u00f6nlichen Affiliate Link bekommen:<\/p>\n\n\n\n<ol class=\"wp-block-list\" id=\"block-5fc2d2cf-5a3d-4978-9eed-73009fe02c89\"><li>Melde Dich kostenlos bei Digistore24 an (falls Du es noch nicht bist)!\u00a0<a href=\"https:\/\/www.digistore24.com\/signup\/315225\/\">https:\/\/www.digistore24.com\/signup\/<\/a><\/li><li>Kopiere den Promotion Link.\u00a0<a href=\"https:\/\/www.digistore24.com\/redir\/358492\/AFFILIATE\/CAMPAIGNKEY\">https:\/\/www.digistore24.com\/redir\/386893\/AFFILIATE\/CAMPAIGNKEY<\/a><\/li><li>Bitte ersetze \u201eAFFILIATE\u201c durch deine DigiStore24 ID<\/li><li>Solltest Du eine eigene Kampagne daf\u00fcr eingerichtet haben, so gib den CAMPAIGNKEY an. Ansonsten lass dieses Feld bitte einfach leer.<\/li><li>Wenn du deine ID einsetzt hast, ist keine zus\u00e4tzliche Anmeldung f\u00fcr das Produkt als Affiliate notwendig! Teile nun Deinen Link auf beliebige Art und verdien f\u00fcr jeden Verkauf 50% des Nettoverkaufspreises (ca. 6,00 EUR).<\/li><\/ol>\n\n\n\n<h2 class=\"wp-block-heading\">Hintergr\u00fcnde zu meinem Angebot (Partnerprogramm)<\/h2>\n\n\n\n<p>Ich wollte mit diesem Trainingsplan die bereits Erfahrung gewonnen haben und nun ihre Leistung auf die OCR Mitteldistanz sp\u00fcrbar- und messbar verbessern m\u00f6chten, ein optimales Training zu einem fairen Preis bieten. So ist dieser Plan entstanden.<\/p>\n\n\n\n<p>Wenn Du einen eigenen Blog hast oder eine gro\u00dfe Zahl an Social Media Followern, dann werde einfach ein Affiliate f\u00fcr diesen Trainingsplan, sprich \u00fcber diesen Plan und verdiene hinter jedem Verkauf hinter Deinem Empfehlungslink (Affiliate-Link) die H\u00e4lfte des Umsatzes!<\/p>\n\n\n\n<p>Du kannst mit wenig Aufwand ein passives Einkommen erzielen. Wie gesagt, ich teile br\u00fcderlich (50% der Einnahmen).<\/p>\n\n\n\n<h2 class=\"wp-block-heading\">Diese Werbemittel darfst Du gerne nutzen<\/h2>\n\n\n\n<p>F\u00fcr die Werbung f\u00fcr dieses Produkt stelle ich Dir folgende Bilddateien zur Verf\u00fcgung:<\/p>\n\n\n\n<div class=\"wp-block-image\"><figure class=\"aligncenter size-large\"><img loading=\"lazy\" decoding=\"async\" width=\"464\" height=\"611\" src=\"http:\/\/rockyourgoal.de\/wp-content\/uploads\/2021\/04\/trainingsplan-hindernislauf-mitteldistanz-fortgeschrittene-ebook.png\" alt=\"\" class=\"wp-image-3072\" srcset=\"https:\/\/rockyourgoal.de\/wp-content\/uploads\/2021\/04\/trainingsplan-hindernislauf-mitteldistanz-fortgeschrittene-ebook.png 464w, https:\/\/rockyourgoal.de\/wp-content\/uploads\/2021\/04\/trainingsplan-hindernislauf-mitteldistanz-fortgeschrittene-ebook-228x300.png 228w, https:\/\/rockyourgoal.de\/wp-content\/uploads\/2021\/04\/trainingsplan-hindernislauf-mitteldistanz-fortgeschrittene-ebook-300x395.png 300w\" sizes=\"auto, (max-width: 464px) 100vw, 464px\" \/><figcaption>12 Wochen Hindernislauf Trainingsplan f\u00fcr Fortgeschrittene &#8211; Mitteldistanz (15, -EUR)<\/figcaption><\/figure><\/div>\n\n\n\n<p>Wenn Du noch Fragen hast, dann kontaktiere mich gerne. Nur keine Scheu, ich freue mich \u00fcber jede Zusammenarbeit!<\/p>","protected":false},"excerpt":{"rendered":"<p>Wie bei meinen anderen Hindernislauf Trainingspl\u00e4nen biete ich Dir f\u00fcr einen Verkauf meines 12 Wochen OCR Trainingsplanes f\u00fcr Fortgeschrittene auf die Mitteldistanz die H\u00e4lfte meiner Einnahmen wenn dieser \u00fcber Deine Website oder Deine Reichweite in Social Media verkauft wird. Ich finde, dass dieses Angebot fair ist und hoffe, Du siehst&hellip;<\/p>\n<p> <a class=\"more-link\" href=\"https:\/\/rockyourgoal.de\/it\/meine-angebote\/ocr-und-spartanrace\/ocr-trainingsplan\/hindernislauf-trainingsplan-fuer-fortgeschrittene-mitteldistanz\/teile-mit-mir\/\">Leggi tutto<\/a><\/p>","protected":false},"author":2,"featured_media":0,"parent":3070,"menu_order":0,"comment_status":"closed","ping_status":"closed","template":"","meta":{"pgc_sgb_lightbox_settings":"","_glsr_average":0,"_glsr_ranking":0,"_glsr_reviews":0,"footnotes":""},"class_list":["post-3339","page","type-page","status-publish"],"_links":{"self":[{"href":"https:\/\/rockyourgoal.de\/it\/wp-json\/wp\/v2\/pages\/3339","targetHints":{"allow":["GET"]}}],"collection":[{"href":"https:\/\/rockyourgoal.de\/it\/wp-json\/wp\/v2\/pages"}],"about":[{"href":"https:\/\/rockyourgoal.de\/it\/wp-json\/wp\/v2\/types\/page"}],"author":[{"embeddable":true,"href":"https:\/\/rockyourgoal.de\/it\/wp-json\/wp\/v2\/users\/2"}],"replies":[{"embeddable":true,"href":"https:\/\/rockyourgoal.de\/it\/wp-json\/wp\/v2\/comments?post=3339"}],"version-history":[{"count":5,"href":"https:\/\/rockyourgoal.de\/it\/wp-json\/wp\/v2\/pages\/3339\/revisions"}],"predecessor-version":[{"id":3344,"href":"https:\/\/rockyourgoal.de\/it\/wp-json\/wp\/v2\/pages\/3339\/revisions\/3344"}],"up":[{"embeddable":true,"href":"https:\/\/rockyourgoal.de\/it\/wp-json\/wp\/v2\/pages\/3070"}],"wp:attachment":[{"href":"https:\/\/rockyourgoal.de\/it\/wp-json\/wp\/v2\/media?parent=3339"}],"curies":[{"name":"wp","href":"https:\/\/api.w.org\/{rel}","templated":true}]}}