{"id":3070,"date":"2021-04-29T11:33:05","date_gmt":"2021-04-29T09:33:05","guid":{"rendered":"http:\/\/rockyourgoal.de\/?page_id=3070"},"modified":"2021-11-08T16:15:52","modified_gmt":"2021-11-08T15:15:52","slug":"hindernislauf-trainingsplan-fuer-fortgeschrittene-mitteldistanz","status":"publish","type":"page","link":"https:\/\/rockyourgoal.de\/it\/meine-angebote\/ocr-und-spartanrace\/ocr-trainingsplan\/hindernislauf-trainingsplan-fuer-fortgeschrittene-mitteldistanz\/","title":{"rendered":"12 Wochen Hindernislauf Trainingsplan auf die Mitteldistanz f\u00fcr Fortgeschrittene"},"content":{"rendered":"<p>Dies ist ein Plan f\u00fcr Fortgeschrittene Hindernisl\u00e4ufer die ihre Performance auf der Mitteldistanz weiter verbessern wollen. Du solltest f\u00fcr diesen Plan bereits ein paar Hindernisl\u00e4ufe erfolgreich absolviert haben und mindestens zehn Kilometer ohne Pausen laufen k\u00f6nnen und den Wunsch haben Dich erheblich zu verbessern.<\/p>\n\n\n\n<p>Dieser Plan ist f\u00fcr Dich der Richtige, wenn Du bei Deinem n\u00e4chsten Rennen nicht nur ankommen m\u00f6chtest, sondern auch Wert auf ein z\u00fcgiges Ankommen mit einer guten Platzierung legst. Sei aber bitte f\u00fcr Dich selbst realistisch. Die Laufeinheiten sind so geplant, dass Du Deine Laufzeiten erheblich verbessern kannst. Doch auch Deine Griffkraft und  funktionelle Fitness wird sich mit diesem Plan erheblich verbessern. <\/p>\n\n\n\n<div class=\"wp-block-image\"><figure class=\"aligncenter size-large\"><a href=\"https:\/\/www.digistore24.com\/product\/387358\"><img loading=\"lazy\" decoding=\"async\" width=\"464\" height=\"611\" src=\"http:\/\/rockyourgoal.de\/wp-content\/uploads\/2021\/04\/trainingsplan-hindernislauf-mitteldistanz-fortgeschrittene-ebook.png\" alt=\"\" class=\"wp-image-3072\" srcset=\"https:\/\/rockyourgoal.de\/wp-content\/uploads\/2021\/04\/trainingsplan-hindernislauf-mitteldistanz-fortgeschrittene-ebook.png 464w, https:\/\/rockyourgoal.de\/wp-content\/uploads\/2021\/04\/trainingsplan-hindernislauf-mitteldistanz-fortgeschrittene-ebook-228x300.png 228w, https:\/\/rockyourgoal.de\/wp-content\/uploads\/2021\/04\/trainingsplan-hindernislauf-mitteldistanz-fortgeschrittene-ebook-300x395.png 300w\" sizes=\"auto, (max-width: 464px) 100vw, 464px\" \/><\/a><figcaption><a href=\"https:\/\/www.digistore24.com\/product\/387358\" target=\"_blank\" rel=\"noreferrer noopener\">In 12 Wochen wirst Du Deine Performance erheblich verbessern mit meinem Hindernislauf Trainingsplan auf die Mitteldistanz<\/a><\/figcaption><\/figure><\/div>\n\n\n\n<p>Wenn Du Dir noch unsicher bist, ob dies der richtige Trainingsplan f\u00fcr Dich ist, dann versuche ich Dir mit einem konkreten Beispiel zu helfen.<\/p>\n\n\n\n<p>Du hast bereits mehrere Hindernisl\u00e4ufe auf die Kurzdistanz oder sogar schon etwas Erfahrung auf die Mitteldistanz (zwischen 10 Kilometern und 18 Kilometern) bereits hinter Dir und hast gemerkt, dass Du diesen Sport weiter betreiben m\u00f6chtest und bereit bist Dein Training zu intensivieren, weil Du Deine Leistung weiter systematisch steigern m\u00f6chtest. Du brauchst einen Weg der Dir zeigt wie Du Dich den schnellen L\u00e4ufern weiter n\u00e4herst und wie Du Dich gezielt auf gute Ergebnisse auf die Mitteldistanz vorbereiten kannst. <\/p>\n\n\n\n<p>Der Plan ist aber NICHT f\u00fcr L\u00e4ufer gedacht die bereits vorne in ihrer Altersgruppe in der Mitteldistanz mitlaufen und nun auf das Podest m\u00f6chten. Dazu empfehle ich Dir den Plan von Lucas Kempe \u201eAmbitionierte L\u00e4ufer\u201c.<\/p>\n\n\n\n<h2 class=\"wp-block-heading\">Preis und Inhalt des 12 Wochen Hindernislauf Trainingsplans f\u00fcr Fortgeschrittene Mitteldistanz<\/h2>\n\n\n\n<p>Dieser 12 Wochen OCR Trainingsplan kostet Dich 15,- EUR<\/p>\n\n\n\n<p>Du erh\u00e4ltst daf\u00fcr ein 30 Seiten eBook (.pdf) mit folgenden Inhalten:<\/p>\n\n\n\n<ul class=\"wp-block-list\"><li><em>Anleitung zum Umgang mit dem Trainingsplan<\/em><\/li><li><em>Laufplan&nbsp;<\/em>\u201ePerformance\u201c \u2013 Mitteldistanz: Der Plan ist so aufgebaut, dass Du in 12 Wochen Deine Laufzeiten auf eine Strecke von zehn bis 18 Kilometern steigerst und wertvolle Erfahrungen f\u00fcr Dein Lauftraining sammelst. Du bekommst eine Systematik mit der Du Dein Lauftraining auch f\u00fcr die Zukunft laufend verbessern kannst.<\/li><li><em>Funktionelles Training<\/em>: Dein K\u00f6rper wird durch ein systematisches, funktionelles Training gest\u00e4rkt. Dabei spielt Deine K\u00f6rperstabilit\u00e4t, Kraftausdauer und Koordination eine entscheidende Rolle.<\/li><li>G<em>riffkrafttraining f\u00fcr Hindernisl\u00e4ufer:<\/em>&nbsp;Griffkrafttraining spielt in diesem Plan eine zentrale Rolle. Du baust die notwendige Griffkraft auf um die vor Dir liegenden Hindernisse sicher bew\u00e4ltigen zu k\u00f6nnen und auch Hindernisse wie Rigs, Olympus etc. ohne Probleme besiegst.<\/li><li><em>4-Wochen-Mental-Tipps<\/em>: Alle vier Wochen erh\u00e4ltst Du eine Aufgabe die Deine Gewohnheiten verbessern wird und Dich fitter und selbstsicherer macht<\/li><li><em>Laufende Betreuung \u00fcber eine eigene Facebook-Gruppe<\/em><\/li><\/ul>\n\n\n\n<h2 class=\"wp-block-heading\">Dein Coach<\/h2>\n\n\n\n<div class=\"wp-block-image\"><figure class=\"aligncenter size-large\"><img loading=\"lazy\" decoding=\"async\" width=\"260\" height=\"239\" src=\"http:\/\/rockyourgoal.de\/wp-content\/uploads\/2019\/07\/uwe.jpg\" alt=\"\" class=\"wp-image-140\"\/><figcaption>Ich bin Uwe und coache Sportler bereits seit \u00fcber zehn Jahren. OCR Sportler seit \u00fcber sieben Jahren. <\/figcaption><\/figure><\/div>\n\n\n\n<p>Weitere Details \u00fcber mich und meine Qualifikationen findest Du unter \u201e<a rel=\"noreferrer noopener\" href=\"http:\/\/rockyourgoal.de\/it\/meine-angebote\/ocr-und-spartanrace\/ocr-trainingsplan\/#Dein_Coach_und_seine_Qualifikationen\" target=\"_blank\">Dein Coach und seine Qualifikationen<\/a>.<\/p>\n\n\n\n<h2 class=\"wp-block-heading\">Hast Du noch Fragen?<\/h2>\n\n\n\n<p>Du kannst mich gerne jederzeit unter den folgenden Kontaktdaten erreichen:<\/p>\n\n\n\n<p>Uwe Kauntz, Ludwigstr. 28, 85551 Kirchheim, Mobil: 0152\/01877946, Email: uwe@rockyourgoal.de<\/p>\n\n\n\n<p>Nach den vielen Wochen Arbeit w\u00fcrde ich mich sehr \u00fcber Dein Feedback freuen. Was ist gut, was fehlt Dir? \u00dcber einen Kommentar w\u00fcrde ich mich freuen!<\/p>\n\n\n\n<h2 class=\"wp-block-heading\">Feedback zu diesem Trainingsplan<\/h2>\n\n\n\n<div class=\"wp-block-media-text alignwide is-stacked-on-mobile\"><figure class=\"wp-block-media-text__media\"><img loading=\"lazy\" decoding=\"async\" width=\"518\" height=\"841\" src=\"http:\/\/rockyourgoal.de\/wp-content\/uploads\/2021\/11\/feedback-zum-hindernislaufplan-fuer-fortgeschrittene.png\" alt=\"\" class=\"wp-image-4165 size-full\" srcset=\"https:\/\/rockyourgoal.de\/wp-content\/uploads\/2021\/11\/feedback-zum-hindernislaufplan-fuer-fortgeschrittene.png 518w, https:\/\/rockyourgoal.de\/wp-content\/uploads\/2021\/11\/feedback-zum-hindernislaufplan-fuer-fortgeschrittene-185x300.png 185w, https:\/\/rockyourgoal.de\/wp-content\/uploads\/2021\/11\/feedback-zum-hindernislaufplan-fuer-fortgeschrittene-300x487.png 300w\" sizes=\"auto, (max-width: 518px) 100vw, 518px\" \/><\/figure><div class=\"wp-block-media-text__content\">\n<p class=\"has-large-font-size\">Vielen Dank Bernhard f\u00fcr die positive R\u00fcckmeldung. Solche R\u00fcckmeldungen ermutigen mich weiter zu machen und noch besser zu werden! <\/p>\n\n\n\n<p>R\u00fcckmeldung ver\u00f6ffentlicht am 08.11.2021 auf Instagram unter https:\/\/www.instagram.com\/p\/CWAbm7Asuvk\/?utm_medium=copy_link<\/p>\n<\/div><\/div>","protected":false},"excerpt":{"rendered":"<p>Dies ist ein Plan f\u00fcr Fortgeschrittene Hindernisl\u00e4ufer die ihre Performance auf der Mitteldistanz weiter verbessern wollen. Du solltest f\u00fcr diesen Plan bereits ein paar Hindernisl\u00e4ufe erfolgreich absolviert haben und mindestens zehn Kilometer ohne Pausen laufen k\u00f6nnen und den Wunsch haben Dich erheblich zu verbessern. Dieser Plan ist f\u00fcr Dich der&hellip;<\/p>\n<p> <a class=\"more-link\" href=\"https:\/\/rockyourgoal.de\/it\/meine-angebote\/ocr-und-spartanrace\/ocr-trainingsplan\/hindernislauf-trainingsplan-fuer-fortgeschrittene-mitteldistanz\/\">Leggi tutto<\/a><\/p>","protected":false},"author":2,"featured_media":0,"parent":132,"menu_order":5,"comment_status":"open","ping_status":"closed","template":"","meta":{"pgc_sgb_lightbox_settings":"","_glsr_average":0,"_glsr_ranking":0,"_glsr_reviews":0,"footnotes":""},"class_list":["post-3070","page","type-page","status-publish"],"_links":{"self":[{"href":"https:\/\/rockyourgoal.de\/it\/wp-json\/wp\/v2\/pages\/3070","targetHints":{"allow":["GET"]}}],"collection":[{"href":"https:\/\/rockyourgoal.de\/it\/wp-json\/wp\/v2\/pages"}],"about":[{"href":"https:\/\/rockyourgoal.de\/it\/wp-json\/wp\/v2\/types\/page"}],"author":[{"embeddable":true,"href":"https:\/\/rockyourgoal.de\/it\/wp-json\/wp\/v2\/users\/2"}],"replies":[{"embeddable":true,"href":"https:\/\/rockyourgoal.de\/it\/wp-json\/wp\/v2\/comments?post=3070"}],"version-history":[{"count":8,"href":"https:\/\/rockyourgoal.de\/it\/wp-json\/wp\/v2\/pages\/3070\/revisions"}],"predecessor-version":[{"id":4168,"href":"https:\/\/rockyourgoal.de\/it\/wp-json\/wp\/v2\/pages\/3070\/revisions\/4168"}],"up":[{"embeddable":true,"href":"https:\/\/rockyourgoal.de\/it\/wp-json\/wp\/v2\/pages\/132"}],"wp:attachment":[{"href":"https:\/\/rockyourgoal.de\/it\/wp-json\/wp\/v2\/media?parent=3070"}],"curies":[{"name":"wp","href":"https:\/\/api.w.org\/{rel}","templated":true}]}}