{"id":3030,"date":"2021-04-27T12:55:10","date_gmt":"2021-04-27T10:55:10","guid":{"rendered":"http:\/\/rockyourgoal.de\/?page_id=3030"},"modified":"2021-04-27T15:21:43","modified_gmt":"2021-04-27T13:21:43","slug":"hindernislauf-trainingsplan-fuer-fortgeschrittene-kurzdistanz","status":"publish","type":"page","link":"https:\/\/rockyourgoal.de\/it\/meine-angebote\/ocr-und-spartanrace\/ocr-trainingsplan\/hindernislauf-trainingsplan-fuer-fortgeschrittene-kurzdistanz\/","title":{"rendered":"12 Wochen Hindernislauf Trainingsplan f\u00fcr Fortgeschrittene auf die Kurzdistanz"},"content":{"rendered":"<p>Dies ist ein Plan f\u00fcr Fortgeschrittene Hindernisl\u00e4ufer die ihre Performance weiter verbessern wollen. Du solltest also bereits ein paar Hindernisl\u00e4ufe erfolgreich absolviert haben und mindestens f\u00fcnf Kilometer ohne Pausen laufen k\u00f6nnen. <\/p>\n\n\n\n<p>Dieser Plan ist f\u00fcr Dich der Richtige, wenn Du bei Deinem n\u00e4chsten Rennen nicht nur ankommen m\u00f6chtest, sondern auch Wert auf ein z\u00fcgiges Ankommen mit einer guten Platzierung legst. Sei aber bitte f\u00fcr Dich selbst realistisch. <\/p>\n\n\n\n<div class=\"wp-block-image\"><figure class=\"aligncenter size-large\"><a href=\"https:\/\/www.digistore24.com\/product\/386893\"><img loading=\"lazy\" decoding=\"async\" width=\"495\" height=\"652\" src=\"http:\/\/rockyourgoal.de\/wp-content\/uploads\/2021\/04\/trainingsplan-hindernislauf-kurzdistanz-fortgeschrittene-ebook.png\" alt=\"\" class=\"wp-image-3058\" srcset=\"https:\/\/rockyourgoal.de\/wp-content\/uploads\/2021\/04\/trainingsplan-hindernislauf-kurzdistanz-fortgeschrittene-ebook.png 495w, https:\/\/rockyourgoal.de\/wp-content\/uploads\/2021\/04\/trainingsplan-hindernislauf-kurzdistanz-fortgeschrittene-ebook-228x300.png 228w, https:\/\/rockyourgoal.de\/wp-content\/uploads\/2021\/04\/trainingsplan-hindernislauf-kurzdistanz-fortgeschrittene-ebook-300x395.png 300w\" sizes=\"auto, (max-width: 495px) 100vw, 495px\" \/><\/a><figcaption><a href=\"https:\/\/www.digistore24.com\/product\/386893\" target=\"_blank\" rel=\"noreferrer noopener\">In 12 Wochen erheblich schneller werden mit meinem Hindernislauf Trainingsplan auf die Kurzdistanz f\u00fcr Fortgeschrittene &#8211; 12,- EUR <\/a><\/figcaption><\/figure><\/div>\n\n\n\n<p>Wenn Du Dir unsicher bist, ob dies der richtige Plan f\u00fcr Dich ist, dann versuche ich Dir mit einem Beispiel zu helfen. <\/p>\n\n\n\n<p>Du hast Deinen ersten Hindernislauf oder sogar mehrere OCR Rennen bereits hinter Dir und hast gemerkt, dass Du diesen Sport weiter betreiben m\u00f6chtest und bereit bist Dein Training zu intensivieren, weil Du Deine Leistung weiter systematisch steigern m\u00f6chtest. Du brauchst einen Weg der Dir zeigt wie Du Dich den schnellen L\u00e4ufern weiter n\u00e4herst. Du m\u00f6chtest Dich speziell auf eine Kurzdistanz vorbereiten. <\/p>\n\n\n\n<p>Der Plan ist aber NICHT f\u00fcr L\u00e4ufer gedacht die bereits vorne in ihrer Altersgruppe mitlaufen und nun ganz nach Vorne m\u00f6chten. Dazu empfehle ich Dir den Plan von Lucas Kempe &#8222;Ambitionierte L\u00e4ufer&#8220;. <\/p>\n\n\n\n<h2 class=\"wp-block-heading\">Preis und Inhalt des 12 Wochen Hindernislauf Trainingsplans f\u00fcr Fortgeschrittene Kurzdistanz<\/h2>\n\n\n\n<p><a href=\"https:\/\/www.digistore24.com\/product\/386893\" target=\"_blank\" rel=\"noreferrer noopener\">Der 12 Wochen OCR Trainingsplan (Kurzdistanz) kostet 12,- EUR<\/a><\/p>\n\n\n\n<p>&nbsp;Du erh\u00e4ltst f\u00fcr den \u00fcberaus fairen Preis von 12,- EUR ein 30 Seiten eBook (.pdf) mit folgenden Inhalten:<\/p>\n\n\n\n<ul class=\"wp-block-list\"><li><em>Anleitung zum Umgang mit dem Trainingsplan<\/em><\/li><li><em>Laufplan <\/em>&#8222;Performance&#8220; &#8211; Kurzdistanz: Der Plan ist so aufgebaut, dass Du in 12 Wochen Deine Laufzeiten auf eine Strecke von f\u00fcnf bis sieben Kilometern steigerst und wertvolle Erfahrungen f\u00fcr Dein Lauftraining sammelst. Du bekommst eine Systematik mit der Du Dein Lauftraining auch f\u00fcr die Zukunft laufend verbessern kannst. <\/li><li><em>Funktionelles Training<\/em>: Dein K\u00f6rper wird durch ein systematisches, funktionelles Training gest\u00e4rkt. Dabei spielt Deine K\u00f6rperstabilit\u00e4t, Kraftausdauer und Koordination eine entscheidende Rolle.<\/li><li>G<em>riffkrafttraining f\u00fcr Hindernisl\u00e4ufer:<\/em>&nbsp;Griffkrafttraining spielt in diesem Plan eine zentrale Rolle. Du baust die notwendige Griffkraft auf um die vor Dir liegenden Hindernisse sicher bew\u00e4ltigen zu k\u00f6nnen und auch Hindernisse wie Rigs, Olympus etc. ohne Probleme besiegst. <\/li><li><em>4-Wochen-Mental-Tipps<\/em>: Alle vier Wochen erh\u00e4ltst Du eine Aufgabe die Deine Gewohnheiten verbessern wird und Dich fitter und selbstsicherer macht<\/li><li><em>Laufende Betreuung \u00fcber eine eigene Facebook-Gruppe<\/em><\/li><\/ul>\n\n\n\n<h2 class=\"wp-block-heading\">Dein Coach<\/h2>\n\n\n\n<div class=\"wp-block-image\"><figure class=\"aligncenter size-large is-resized\"><img loading=\"lazy\" decoding=\"async\" src=\"http:\/\/rockyourgoal.de\/wp-content\/uploads\/2020\/03\/hurricane-heat-uwe-kauntz.jpg\" alt=\"\" class=\"wp-image-1212\" width=\"224\" height=\"261\" srcset=\"https:\/\/rockyourgoal.de\/wp-content\/uploads\/2020\/03\/hurricane-heat-uwe-kauntz.jpg 435w, https:\/\/rockyourgoal.de\/wp-content\/uploads\/2020\/03\/hurricane-heat-uwe-kauntz-258x300.jpg 258w, https:\/\/rockyourgoal.de\/wp-content\/uploads\/2020\/03\/hurricane-heat-uwe-kauntz-300x349.jpg 300w\" sizes=\"auto, (max-width: 224px) 100vw, 224px\" \/><figcaption>Ich bin Uwe und coache Hindernisl\u00e4ufer seit mehr als sieben Jahren<\/figcaption><\/figure><\/div>\n\n\n\n<p>Weitere Details \u00fcber mich und meine Qualifikationen findest Du unter &#8222;<a href=\"http:\/\/rockyourgoal.de\/it\/meine-angebote\/ocr-und-spartanrace\/ocr-trainingsplan\/#Dein_Coach_und_seine_Qualifikationen\" data-type=\"URL\" data-id=\"http:\/\/rockyourgoal.de\/meine-angebote\/ocr-und-spartanrace\/ocr-trainingsplan\/#Dein_Coach_und_seine_Qualifikationen\" target=\"_blank\" rel=\"noreferrer noopener\">Dein Coach und seine Qualifikationen<\/a>&#8222;<\/p>\n\n\n\n<h2 class=\"wp-block-heading\">Hast Du noch Fragen?<\/h2>\n\n\n\n<p>Du kannst mich gerne jederzeit unter den folgenden Kontaktdaten erreichen:<\/p>\n\n\n\n<p>Uwe Kauntz, Ludwigstr. 28, 85551 Kirchheim, Mobil: 0152\/01877946, Email: uwe@rockyourgoal.de<\/p>\n\n\n\n<p>Nach den vielen Wochen Arbeit w\u00fcrde ich mich sehr \u00fcber Dein Feedback freuen. Was ist gut, was fehlt Dir? \u00dcber einen Kommentar w\u00fcrde ich mich freuen!<\/p>","protected":false},"excerpt":{"rendered":"<p>Dies ist ein Plan f\u00fcr Fortgeschrittene Hindernisl\u00e4ufer die ihre Performance weiter verbessern wollen. Du solltest also bereits ein paar Hindernisl\u00e4ufe erfolgreich absolviert haben und mindestens f\u00fcnf Kilometer ohne Pausen laufen k\u00f6nnen. Dieser Plan ist f\u00fcr Dich der Richtige, wenn Du bei Deinem n\u00e4chsten Rennen nicht nur ankommen m\u00f6chtest, sondern auch&hellip;<\/p>\n<p> <a class=\"more-link\" href=\"https:\/\/rockyourgoal.de\/it\/meine-angebote\/ocr-und-spartanrace\/ocr-trainingsplan\/hindernislauf-trainingsplan-fuer-fortgeschrittene-kurzdistanz\/\">Leggi tutto<\/a><\/p>","protected":false},"author":2,"featured_media":0,"parent":132,"menu_order":4,"comment_status":"closed","ping_status":"closed","template":"","meta":{"pgc_sgb_lightbox_settings":"","_glsr_average":0,"_glsr_ranking":0,"_glsr_reviews":0,"footnotes":""},"class_list":["post-3030","page","type-page","status-publish"],"_links":{"self":[{"href":"https:\/\/rockyourgoal.de\/it\/wp-json\/wp\/v2\/pages\/3030","targetHints":{"allow":["GET"]}}],"collection":[{"href":"https:\/\/rockyourgoal.de\/it\/wp-json\/wp\/v2\/pages"}],"about":[{"href":"https:\/\/rockyourgoal.de\/it\/wp-json\/wp\/v2\/types\/page"}],"author":[{"embeddable":true,"href":"https:\/\/rockyourgoal.de\/it\/wp-json\/wp\/v2\/users\/2"}],"replies":[{"embeddable":true,"href":"https:\/\/rockyourgoal.de\/it\/wp-json\/wp\/v2\/comments?post=3030"}],"version-history":[{"count":8,"href":"https:\/\/rockyourgoal.de\/it\/wp-json\/wp\/v2\/pages\/3030\/revisions"}],"predecessor-version":[{"id":3063,"href":"https:\/\/rockyourgoal.de\/it\/wp-json\/wp\/v2\/pages\/3030\/revisions\/3063"}],"up":[{"embeddable":true,"href":"https:\/\/rockyourgoal.de\/it\/wp-json\/wp\/v2\/pages\/132"}],"wp:attachment":[{"href":"https:\/\/rockyourgoal.de\/it\/wp-json\/wp\/v2\/media?parent=3030"}],"curies":[{"name":"wp","href":"https:\/\/api.w.org\/{rel}","templated":true}]}}