{"id":2457,"date":"2020-11-21T12:14:35","date_gmt":"2020-11-21T11:14:35","guid":{"rendered":"http:\/\/rockyourgoal.de\/?page_id=2457"},"modified":"2020-11-21T12:14:36","modified_gmt":"2020-11-21T11:14:36","slug":"50-prozent-einsteiger-mitteldistanz","status":"publish","type":"page","link":"https:\/\/rockyourgoal.de\/it\/meine-angebote\/ocr-und-spartanrace\/ocr-trainingsplan\/12-wochen-ocr-trainingsplan-einsteiger-mitteldistanz\/50-prozent-einsteiger-mitteldistanz\/","title":{"rendered":"50 Prozent Provision"},"content":{"rendered":"<p>Die M\u00fche f\u00fcr die Erstellung meiner OCR Trainingspl\u00e4ne hat sich nur gelohnt, wenn m\u00f6glichst viele Menschen von dem Plan erfahren und davon einen Mehrwert erzielen k\u00f6nnen. Dieser Trainingsplan f\u00fchrt Sportler zum Finish auf die OCR Mitteldistanz und ist ein effizienter Weg zur Erreichung dieses Ziels. <\/p>\n\n\n\n<p>Da mir die gro\u00dfe Reichweite fehlt, brauche ich Dich damit die Menschen von diesem Plan erfahren!&nbsp;<strong>Daf\u00fcr biete ich Dir 50% der Einnahmen hinter jedem, \u00fcber Dich verkauften Trainingsplan an<\/strong>!<\/p>\n\n\n\n<p>Ich verlange f\u00fcr diesen Trainingsplan 10,- EUR. Digistore24 zieht von jedem Verkauf ca. 2,00 EUR an Geb\u00fchren ab.&nbsp;<strong>Somit bleiben Dir ca. 4,00 EUR an Provision hinter jedem Verkauf!<\/strong> <\/p>\n\n\n\n<p>Ich habe den Plan geschrieben, Du bewirbst ihn weiter und wir teilen uns den Umsatz. Ich denke, das ist mehr als fair \ud83d\ude09<\/p>\n\n\n\n<h2 class=\"wp-block-heading\">Wie kannst Du mitmachen?<\/h2>\n\n\n\n<p>So kannst Du Deinen pers\u00f6nlichen Affiliate Link bekommen:<\/p>\n\n\n\n<ol class=\"wp-block-list\" id=\"block-5fc2d2cf-5a3d-4978-9eed-73009fe02c89\"><li>Melde Dich kostenlos bei Digistore24 an (falls Du es noch nicht bist)!&nbsp;<a href=\"https:\/\/www.digistore24.com\/signup\/315225\/\">https:\/\/www.digistore24.com\/signup\/355914,315225,358492,317414\/<\/a><\/li><li>Kopiere den Promotion Link. <a href=\"https:\/\/www.digistore24.com\/redir\/358492\/AFFILIATE\/CAMPAIGNKEY\">https:\/\/www.digistore24.com\/redir\/358492\/AFFILIATE\/CAMPAIGNKEY<\/a><\/li><li>Bitte ersetze \u201eAFFILIATE\u201c durch deine DigiStore24 ID<\/li><li>Solltest Du eine eigene Kampagne daf\u00fcr eingerichtet haben, so gib den CAMPAIGNKEY an. Ansonsten lass dieses Feld bitte einfach leer.<\/li><li>Wenn du deine ID einsetzt hast, ist keine zus\u00e4tzliche Anmeldung f\u00fcr das Produkt als Affiliate notwendig! Teile nun Deinen Link auf beliebige Art und verdien f\u00fcr jeden Verkauf 50% des Nettoverkaufspreises (ca. 4,00 EUR).<\/li><\/ol>\n\n\n\n<h2 class=\"wp-block-heading\">Hintergr\u00fcnde zu dem Partnerprogramm<\/h2>\n\n\n\n<p>Ich wollte mit diesem Trainingsplan Sportlern die ihre erste OCR Mitteldistanz bestreiten m\u00f6chten ein optimales Training zu einem fairen Preis bieten. So ist dieser Plan entstanden. <\/p>\n\n\n\n<p>Wenn Du einen eigenen Blog hast oder eine gro\u00dfe Zahl an Social Media Followern, dann werde einfach ein Affiliate f\u00fcr diesen Trainingsplan, sprich \u00fcber diesen Plan und verdiene hinter jedem Verkauf hinter Deinem Empfehlungslink (Affiliate-Link) die H\u00e4lfte des Umsatzes!<\/p>\n\n\n\n<p>Du kannst mit wenig Aufwand ein passives Einkommen erzielen. Wie gesagt, ich teile br\u00fcderlich (50% der Einnahmen).<\/p>\n\n\n\n<h2 class=\"wp-block-heading\">Werbemittel die Du nutzen darfst<\/h2>\n\n\n\n<p>F\u00fcr die Werbung f\u00fcr dieses Produkt stelle ich Dir folgende Bilddateien zur Verf\u00fcgung:<\/p>\n\n\n\n<figure class=\"wp-block-gallery columns-2 is-cropped wp-block-gallery-1 is-layout-flex wp-block-gallery-is-layout-flex\"><ul class=\"blocks-gallery-grid\"><li class=\"blocks-gallery-item\"><figure><a href=\"http:\/\/rockyourgoal.de\/wp-content\/uploads\/2020\/11\/Zero-to-HeroV2-klein.jpg\"><img loading=\"lazy\" decoding=\"async\" width=\"683\" height=\"1024\" src=\"http:\/\/rockyourgoal.de\/wp-content\/uploads\/2020\/11\/Zero-to-HeroV2-klein-683x1024.jpg\" alt=\"\" data-id=\"2463\" data-full-url=\"http:\/\/rockyourgoal.de\/wp-content\/uploads\/2020\/11\/Zero-to-HeroV2-klein.jpg\" data-link=\"http:\/\/rockyourgoal.de\/?attachment_id=2463\" class=\"wp-image-2463\" srcset=\"https:\/\/rockyourgoal.de\/wp-content\/uploads\/2020\/11\/Zero-to-HeroV2-klein-683x1024.jpg 683w, https:\/\/rockyourgoal.de\/wp-content\/uploads\/2020\/11\/Zero-to-HeroV2-klein-200x300.jpg 200w, https:\/\/rockyourgoal.de\/wp-content\/uploads\/2020\/11\/Zero-to-HeroV2-klein-768x1152.jpg 768w, https:\/\/rockyourgoal.de\/wp-content\/uploads\/2020\/11\/Zero-to-HeroV2-klein-300x450.jpg 300w, https:\/\/rockyourgoal.de\/wp-content\/uploads\/2020\/11\/Zero-to-HeroV2-klein-850x1275.jpg 850w, https:\/\/rockyourgoal.de\/wp-content\/uploads\/2020\/11\/Zero-to-HeroV2-klein.jpg 900w\" sizes=\"auto, (max-width: 683px) 100vw, 683px\" \/><\/a><figcaption class=\"blocks-gallery-item__caption\">Cover des Trainingsplans<\/figcaption><\/figure><\/li><li class=\"blocks-gallery-item\"><figure><a href=\"http:\/\/rockyourgoal.de\/wp-content\/uploads\/2020\/11\/OCR-Trainingsplan-Einsteiger-Mitteldistanz-Cover-3D.jpg\"><img loading=\"lazy\" decoding=\"async\" width=\"1024\" height=\"945\" src=\"http:\/\/rockyourgoal.de\/wp-content\/uploads\/2020\/11\/OCR-Trainingsplan-Einsteiger-Mitteldistanz-Cover-3D-1024x945.jpg\" alt=\"\" data-id=\"2438\" data-full-url=\"http:\/\/rockyourgoal.de\/wp-content\/uploads\/2020\/11\/OCR-Trainingsplan-Einsteiger-Mitteldistanz-Cover-3D.jpg\" data-link=\"http:\/\/rockyourgoal.de\/meine-angebote\/ocr-und-spartanrace\/ocr-trainingsplan\/12-wochen-ocr-trainingsplan-einsteiger-mitteldistanz\/ocr-trainingsplan-einsteiger-mitteldistanz-cover-3d\/\" class=\"wp-image-2438\" srcset=\"https:\/\/rockyourgoal.de\/wp-content\/uploads\/2020\/11\/OCR-Trainingsplan-Einsteiger-Mitteldistanz-Cover-3D-1024x945.jpg 1024w, https:\/\/rockyourgoal.de\/wp-content\/uploads\/2020\/11\/OCR-Trainingsplan-Einsteiger-Mitteldistanz-Cover-3D-300x277.jpg 300w, https:\/\/rockyourgoal.de\/wp-content\/uploads\/2020\/11\/OCR-Trainingsplan-Einsteiger-Mitteldistanz-Cover-3D-768x709.jpg 768w, https:\/\/rockyourgoal.de\/wp-content\/uploads\/2020\/11\/OCR-Trainingsplan-Einsteiger-Mitteldistanz-Cover-3D-850x785.jpg 850w, https:\/\/rockyourgoal.de\/wp-content\/uploads\/2020\/11\/OCR-Trainingsplan-Einsteiger-Mitteldistanz-Cover-3D.jpg 1525w\" sizes=\"auto, (max-width: 1024px) 100vw, 1024px\" \/><\/a><figcaption class=\"blocks-gallery-item__caption\">3D Ansicht eBook des Trainingsplans<\/figcaption><\/figure><\/li><\/ul><\/figure>","protected":false},"excerpt":{"rendered":"<p>Die M\u00fche f\u00fcr die Erstellung meiner OCR Trainingspl\u00e4ne hat sich nur gelohnt, wenn m\u00f6glichst viele Menschen von dem Plan erfahren und davon einen Mehrwert erzielen k\u00f6nnen. Dieser Trainingsplan f\u00fchrt Sportler zum Finish auf die OCR Mitteldistanz und ist ein effizienter Weg zur Erreichung dieses Ziels. Da mir die gro\u00dfe Reichweite&hellip;<\/p>\n<p> <a class=\"more-link\" href=\"https:\/\/rockyourgoal.de\/it\/meine-angebote\/ocr-und-spartanrace\/ocr-trainingsplan\/12-wochen-ocr-trainingsplan-einsteiger-mitteldistanz\/50-prozent-einsteiger-mitteldistanz\/\">Leggi tutto<\/a><\/p>","protected":false},"author":2,"featured_media":0,"parent":2436,"menu_order":0,"comment_status":"open","ping_status":"closed","template":"","meta":{"pgc_sgb_lightbox_settings":"","_glsr_average":0,"_glsr_ranking":0,"_glsr_reviews":0,"footnotes":""},"class_list":["post-2457","page","type-page","status-publish"],"_links":{"self":[{"href":"https:\/\/rockyourgoal.de\/it\/wp-json\/wp\/v2\/pages\/2457","targetHints":{"allow":["GET"]}}],"collection":[{"href":"https:\/\/rockyourgoal.de\/it\/wp-json\/wp\/v2\/pages"}],"about":[{"href":"https:\/\/rockyourgoal.de\/it\/wp-json\/wp\/v2\/types\/page"}],"author":[{"embeddable":true,"href":"https:\/\/rockyourgoal.de\/it\/wp-json\/wp\/v2\/users\/2"}],"replies":[{"embeddable":true,"href":"https:\/\/rockyourgoal.de\/it\/wp-json\/wp\/v2\/comments?post=2457"}],"version-history":[{"count":7,"href":"https:\/\/rockyourgoal.de\/it\/wp-json\/wp\/v2\/pages\/2457\/revisions"}],"predecessor-version":[{"id":2469,"href":"https:\/\/rockyourgoal.de\/it\/wp-json\/wp\/v2\/pages\/2457\/revisions\/2469"}],"up":[{"embeddable":true,"href":"https:\/\/rockyourgoal.de\/it\/wp-json\/wp\/v2\/pages\/2436"}],"wp:attachment":[{"href":"https:\/\/rockyourgoal.de\/it\/wp-json\/wp\/v2\/media?parent=2457"}],"curies":[{"name":"wp","href":"https:\/\/api.w.org\/{rel}","templated":true}]}}