{"id":2407,"date":"2020-11-05T17:00:49","date_gmt":"2020-11-05T16:00:49","guid":{"rendered":"http:\/\/rockyourgoal.de\/?page_id=2407"},"modified":"2022-02-03T15:24:09","modified_gmt":"2022-02-03T14:24:09","slug":"50-prozent-provision","status":"publish","type":"page","link":"https:\/\/rockyourgoal.de\/it\/meine-angebote\/ocr-und-spartanrace\/ocr-trainingsplan\/einsteiger-kurzdistanz\/50-prozent-provision\/","title":{"rendered":"50 Prozent Provision"},"content":{"rendered":"<p>Ich habe mir viel M\u00fche mit der Erstellung meiner OCR Trainingspl\u00e4ne gegeben und habe ein Interesse daran, dass m\u00f6glichst viele Menschen von dem Plan erfahren. Mein Ziel war es, dass ich m\u00f6glichst viele Menschen motivieren kann zu einem aktiveren Leben. <\/p>\n\n\n\n<p>Seinen ersten Hindernislauf zu finishen ist ein wunderbares Ziel, welches f\u00fcr jeden Menschen unvergesslich ist. <\/p>\n\n\n\n<p>Da mir die gro\u00dfe Reichweite fehlt brauche ich Dich! <strong>Ich biete Dir 50% der Einnahmen hinter jedem \u00fcber Dich verkauften Trainingsplan an<\/strong>! <\/p>\n\n\n\n<p>Ich verlange f\u00fcr das Produkt 7,- EUR. Digistore24 zieht von jedem Verkauf ca. 2,00 EUR an Geb\u00fchren ab. <strong>Somit bleiben Dir ca. 2,50 EUR an Provision hinter jedem Verkauf!<\/strong><\/p>\n\n\n\n<p>Ich habe geschrieben, Du sagst es weiter!<\/p>\n\n\n\n<h2 class=\"wp-block-heading\" id=\"wie-kannst-du-mitmachen\">Wie kannst Du mitmachen?<\/h2>\n\n\n\n<p>So kannst Du Deinen pers\u00f6nlichen Affiliate Link bekommen:<\/p>\n\n\n\n<ol class=\"wp-block-list\" id=\"block-5fc2d2cf-5a3d-4978-9eed-73009fe02c89\"><li>Melde Dich kostenlos bei Digistore24 an (falls Du es noch nicht bist)! <a href=\"https:\/\/www.digistore24.com\/signup\/315225\/\">https:\/\/www.digistore24.com\/signup\/355914\/<\/a><\/li><li>Kopiere den Promotion Link. https:\/\/www.digistore24.com\/redir\/355914\/AFFILIATE\/CAMPAIGNKEY<\/li><li>Bitte ersetze \u201eAFFILIATE\u201c durch deine DigiStore24 ID<\/li><li>Solltest Du eine eigene Kampagne daf\u00fcr eingerichtet haben, so gib den CAMPAIGNKEY an. Ansonsten lass dieses Feld bitte einfach leer.<\/li><li>Wenn du deine ID einsetzt hast, ist keine zus\u00e4tzliche Anmeldung f\u00fcr das Produkt als Affiliate notwendig! Teile nun Deinen Link auf beliebige Art und verdien f\u00fcr jeden Verkauf 50% des Nettoverkaufspreises (ca. 2,50 EUR).<\/li><\/ol>\n\n\n\n<h2 class=\"wp-block-heading\" id=\"hintergrunde-zu-dem-partnerprogramm\">Hintergr\u00fcnde zu dem Partnerprogramm<\/h2>\n\n\n\n<p>Ich habe viel Zeit und Know How in die Erstellung dieses Trainingsplans gesteckt. Gerade der erste Hindernislauf soll f\u00fcr den Sportler unvergesslich sein, weshalb ich sehr viel Wert darauf gelegt habe einen Weg von der Couch zur Medaille zu beschreiben. <\/p>\n\n\n\n<p>Wenn Du also einen eigenen Blog hast oder eine gro\u00dfe Zahl an Social Media Follower, dann werde einfach ein Affiliate f\u00fcr diesen Trainingsplan! <\/p>\n\n\n\n<p>Du kannst mit wenig Aufwand ein passives Einkommen erzielen. Wie gesagt, ich teile br\u00fcderlich (50% der Einnahmen). <\/p>\n\n\n\n<h2 class=\"wp-block-heading\" id=\"werbemittel-die-du-nutzen-darfst\">Werbemittel die Du nutzen darfst<\/h2>\n\n\n\n<p>F\u00fcr die Werbung f\u00fcr unser Produkt stellen wir Dir folgende Bilddateien zur Verf\u00fcgung:<\/p>\n\n\n\n<figure class=\"wp-block-gallery has-nested-images columns-default is-cropped wp-block-gallery-1 is-layout-flex wp-block-gallery-is-layout-flex\">\n<figure class=\"wp-block-image size-large\"><a href=\"https:\/\/rockyourgoal.de\/wp-content\/uploads\/2020\/11\/ocr-trainingsplan-einsteiger-kurzdistanz-Ebookdesign.jpg\"><img loading=\"lazy\" decoding=\"async\" width=\"683\" height=\"1024\" data-id=\"2414\" src=\"http:\/\/rockyourgoal.de\/wp-content\/uploads\/2020\/11\/ocr-trainingsplan-einsteiger-kurzdistanz-Ebookdesign-683x1024.jpg\" alt=\"\" class=\"wp-image-2414\" srcset=\"https:\/\/rockyourgoal.de\/wp-content\/uploads\/2020\/11\/ocr-trainingsplan-einsteiger-kurzdistanz-Ebookdesign-683x1024.jpg 683w, https:\/\/rockyourgoal.de\/wp-content\/uploads\/2020\/11\/ocr-trainingsplan-einsteiger-kurzdistanz-Ebookdesign-200x300.jpg 200w, https:\/\/rockyourgoal.de\/wp-content\/uploads\/2020\/11\/ocr-trainingsplan-einsteiger-kurzdistanz-Ebookdesign-768x1152.jpg 768w, https:\/\/rockyourgoal.de\/wp-content\/uploads\/2020\/11\/ocr-trainingsplan-einsteiger-kurzdistanz-Ebookdesign-300x450.jpg 300w, https:\/\/rockyourgoal.de\/wp-content\/uploads\/2020\/11\/ocr-trainingsplan-einsteiger-kurzdistanz-Ebookdesign-850x1275.jpg 850w, https:\/\/rockyourgoal.de\/wp-content\/uploads\/2020\/11\/ocr-trainingsplan-einsteiger-kurzdistanz-Ebookdesign.jpg 900w\" sizes=\"auto, (max-width: 683px) 100vw, 683px\" \/><\/a><\/figure>\n\n\n\n<figure class=\"wp-block-image size-large\"><a href=\"https:\/\/rockyourgoal.de\/wp-content\/uploads\/2020\/11\/ocr-trainingsplan-einsteiger-kurzdistanz-teaserbild-1.png\"><img loading=\"lazy\" decoding=\"async\" width=\"1024\" height=\"946\" data-id=\"2413\" src=\"http:\/\/rockyourgoal.de\/wp-content\/uploads\/2020\/11\/ocr-trainingsplan-einsteiger-kurzdistanz-teaserbild-1-1024x946.png\" alt=\"\" class=\"wp-image-2413\" srcset=\"https:\/\/rockyourgoal.de\/wp-content\/uploads\/2020\/11\/ocr-trainingsplan-einsteiger-kurzdistanz-teaserbild-1-1024x946.png 1024w, https:\/\/rockyourgoal.de\/wp-content\/uploads\/2020\/11\/ocr-trainingsplan-einsteiger-kurzdistanz-teaserbild-1-300x277.png 300w, https:\/\/rockyourgoal.de\/wp-content\/uploads\/2020\/11\/ocr-trainingsplan-einsteiger-kurzdistanz-teaserbild-1-768x709.png 768w, https:\/\/rockyourgoal.de\/wp-content\/uploads\/2020\/11\/ocr-trainingsplan-einsteiger-kurzdistanz-teaserbild-1-1536x1419.png 1536w, https:\/\/rockyourgoal.de\/wp-content\/uploads\/2020\/11\/ocr-trainingsplan-einsteiger-kurzdistanz-teaserbild-1-2048x1891.png 2048w, https:\/\/rockyourgoal.de\/wp-content\/uploads\/2020\/11\/ocr-trainingsplan-einsteiger-kurzdistanz-teaserbild-1-850x785.png 850w\" sizes=\"auto, (max-width: 1024px) 100vw, 1024px\" \/><\/a><\/figure>\n<\/figure>\n\n\n\n<p><\/p>","protected":false},"excerpt":{"rendered":"<p>Ich habe mir viel M\u00fche mit der Erstellung meiner OCR Trainingspl\u00e4ne gegeben und habe ein Interesse daran, dass m\u00f6glichst viele Menschen von dem Plan erfahren. Mein Ziel war es, dass ich m\u00f6glichst viele Menschen motivieren kann zu einem aktiveren Leben. Seinen ersten Hindernislauf zu finishen ist ein wunderbares Ziel, welches&hellip;<\/p>\n<p> <a class=\"more-link\" href=\"https:\/\/rockyourgoal.de\/it\/meine-angebote\/ocr-und-spartanrace\/ocr-trainingsplan\/einsteiger-kurzdistanz\/50-prozent-provision\/\">Leggi tutto<\/a><\/p>","protected":false},"author":2,"featured_media":0,"parent":2339,"menu_order":0,"comment_status":"closed","ping_status":"closed","template":"","meta":{"pgc_sgb_lightbox_settings":"","_glsr_average":0,"_glsr_ranking":0,"_glsr_reviews":0,"footnotes":""},"class_list":["post-2407","page","type-page","status-publish"],"_links":{"self":[{"href":"https:\/\/rockyourgoal.de\/it\/wp-json\/wp\/v2\/pages\/2407","targetHints":{"allow":["GET"]}}],"collection":[{"href":"https:\/\/rockyourgoal.de\/it\/wp-json\/wp\/v2\/pages"}],"about":[{"href":"https:\/\/rockyourgoal.de\/it\/wp-json\/wp\/v2\/types\/page"}],"author":[{"embeddable":true,"href":"https:\/\/rockyourgoal.de\/it\/wp-json\/wp\/v2\/users\/2"}],"replies":[{"embeddable":true,"href":"https:\/\/rockyourgoal.de\/it\/wp-json\/wp\/v2\/comments?post=2407"}],"version-history":[{"count":6,"href":"https:\/\/rockyourgoal.de\/it\/wp-json\/wp\/v2\/pages\/2407\/revisions"}],"predecessor-version":[{"id":5749,"href":"https:\/\/rockyourgoal.de\/it\/wp-json\/wp\/v2\/pages\/2407\/revisions\/5749"}],"up":[{"embeddable":true,"href":"https:\/\/rockyourgoal.de\/it\/wp-json\/wp\/v2\/pages\/2339"}],"wp:attachment":[{"href":"https:\/\/rockyourgoal.de\/it\/wp-json\/wp\/v2\/media?parent=2407"}],"curies":[{"name":"wp","href":"https:\/\/api.w.org\/{rel}","templated":true}]}}