{"id":2362,"date":"2020-11-03T14:35:14","date_gmt":"2020-11-03T13:35:14","guid":{"rendered":"http:\/\/rockyourgoal.de\/?page_id=2362"},"modified":"2021-11-09T13:43:11","modified_gmt":"2021-11-09T12:43:11","slug":"finanzielle-performance","status":"publish","type":"page","link":"https:\/\/rockyourgoal.de\/it\/meine-angebote\/finanzielle-performance\/","title":{"rendered":"Finanzielle Performance"},"content":{"rendered":"<p>Ich habe im Laufe meines Lebens festgestellt, dass Finanzen eine gro\u00dfe Rolle im Leben eines Menschen spielen. Deine Finanzen entscheiden zu einem gro\u00dfen Teil \u00fcber Deine Zufriedenheit und \u00fcber die Freiheit das Leben zu f\u00fchren welches Du Dir w\u00fcnschst. <\/p>\n\n\n\n<p>Das hat nichts mit Gier zu tun sondern ist ein Faktum! <\/p>\n\n\n\n<p>Du solltest so fr\u00fch wie m\u00f6glich aktiv \u00fcber Dein finanzielles Ziel entscheiden und sofort einen Plan entwickeln der Dir die Chance er\u00f6ffnet dieses Ziel zu erreichen. Jedes Jahr das Du dies nicht tust, ist unwiederbringlich verloren!<\/p>\n\n\n\n<p>Mir ist bewusst geworden, dass auch jedes meiner Big5ForLife eine finanzielle Komponente hat und klare, finanzielle Entscheidungen erfordert. <\/p>\n\n\n\n<p>Der Sinn dieses Bereiches meiner Website ist es, euch meine ehrlichen Erfahrungen weiter zu geben. Dabei geht es nicht um abstrakte Vorschl\u00e4ge wie &#8222;<em>Du wirst was Du denkst<\/em>&#8220; sondern um ganz konkrete Finanzthemen. Du sollst schlie\u00dflich einen echten Mehrwert bekommen. <\/p>\n\n\n\n<figure class=\"wp-block-image size-large\"><img loading=\"lazy\" decoding=\"async\" width=\"1024\" height=\"680\" src=\"http:\/\/rockyourgoal.de\/wp-content\/uploads\/2020\/11\/finanzielle-performance-1024x680.jpg\" alt=\"\" class=\"wp-image-2367\" srcset=\"https:\/\/rockyourgoal.de\/wp-content\/uploads\/2020\/11\/finanzielle-performance-1024x680.jpg 1024w, https:\/\/rockyourgoal.de\/wp-content\/uploads\/2020\/11\/finanzielle-performance-300x199.jpg 300w, https:\/\/rockyourgoal.de\/wp-content\/uploads\/2020\/11\/finanzielle-performance-768x510.jpg 768w, https:\/\/rockyourgoal.de\/wp-content\/uploads\/2020\/11\/finanzielle-performance-1536x1020.jpg 1536w, https:\/\/rockyourgoal.de\/wp-content\/uploads\/2020\/11\/finanzielle-performance-850x564.jpg 850w, https:\/\/rockyourgoal.de\/wp-content\/uploads\/2020\/11\/finanzielle-performance.jpg 1920w\" sizes=\"auto, (max-width: 1024px) 100vw, 1024px\" \/><figcaption>Deine finanzielle Performance entscheidet \u00fcber das Leben das Du f\u00fchrst<\/figcaption><\/figure>\n\n\n\n<p>Wenn Du Dein finanzielles Ziel klar festgelegt hast, dann spielen   Einnahmen, Ausgaben und Sparen die entscheidende Rolle. Aber das sind nur \u00dcberschriften die mit Inhalt gef\u00fcllt werden m\u00fcssen. Und genau darum geht\u00b4s hier!<\/p>\n\n\n\n<p><\/p>","protected":false},"excerpt":{"rendered":"<p>Ich habe im Laufe meines Lebens festgestellt, dass Finanzen eine gro\u00dfe Rolle im Leben eines Menschen spielen. Deine Finanzen entscheiden zu einem gro\u00dfen Teil \u00fcber Deine Zufriedenheit und \u00fcber die Freiheit das Leben zu f\u00fchren welches Du Dir w\u00fcnschst. Das hat nichts mit Gier zu tun sondern ist ein Faktum!&hellip;<\/p>\n<p> <a class=\"more-link\" href=\"https:\/\/rockyourgoal.de\/it\/meine-angebote\/finanzielle-performance\/\">Leggi tutto<\/a><\/p>","protected":false},"author":2,"featured_media":0,"parent":125,"menu_order":4,"comment_status":"closed","ping_status":"closed","template":"","meta":{"pgc_sgb_lightbox_settings":"","_glsr_average":0,"_glsr_ranking":0,"_glsr_reviews":0,"footnotes":""},"class_list":["post-2362","page","type-page","status-publish"],"_links":{"self":[{"href":"https:\/\/rockyourgoal.de\/it\/wp-json\/wp\/v2\/pages\/2362","targetHints":{"allow":["GET"]}}],"collection":[{"href":"https:\/\/rockyourgoal.de\/it\/wp-json\/wp\/v2\/pages"}],"about":[{"href":"https:\/\/rockyourgoal.de\/it\/wp-json\/wp\/v2\/types\/page"}],"author":[{"embeddable":true,"href":"https:\/\/rockyourgoal.de\/it\/wp-json\/wp\/v2\/users\/2"}],"replies":[{"embeddable":true,"href":"https:\/\/rockyourgoal.de\/it\/wp-json\/wp\/v2\/comments?post=2362"}],"version-history":[{"count":5,"href":"https:\/\/rockyourgoal.de\/it\/wp-json\/wp\/v2\/pages\/2362\/revisions"}],"predecessor-version":[{"id":2370,"href":"https:\/\/rockyourgoal.de\/it\/wp-json\/wp\/v2\/pages\/2362\/revisions\/2370"}],"up":[{"embeddable":true,"href":"https:\/\/rockyourgoal.de\/it\/wp-json\/wp\/v2\/pages\/125"}],"wp:attachment":[{"href":"https:\/\/rockyourgoal.de\/it\/wp-json\/wp\/v2\/media?parent=2362"}],"curies":[{"name":"wp","href":"https:\/\/api.w.org\/{rel}","templated":true}]}}