{"id":21153,"date":"2026-01-15T10:50:35","date_gmt":"2026-01-15T09:50:35","guid":{"rendered":"https:\/\/rockyourgoal.de\/?page_id=21153"},"modified":"2026-01-15T11:09:38","modified_gmt":"2026-01-15T10:09:38","slug":"aller","status":"publish","type":"page","link":"https:\/\/rockyourgoal.de\/it\/riverflow-ride\/aller\/","title":{"rendered":"RiverFlow RIDE &#8211; Aller"},"content":{"rendered":"<p>Entlang der Aller zu radeln bedeutet, eine der abwechslungsreichsten Flusslandschaften Norddeutschlands zu entdecken. Der <strong>Aller-Radweg<\/strong> erstreckt sich \u00fcber rund <strong>328 Kilometer<\/strong> und verbindet die sanften H\u00fcgel der Magdeburger B\u00f6rde mit der weiten Flussmarsch der Weser. Diese Route f\u00fchrt Sie durch historische Residenzst\u00e4dte, idyllische Heidelandschaften und modernste Technikwelten.<\/p>\n\n\n\n<p>Begleite diesen wundersch\u00f6nen Flu\u00df von seiner Quelle bis zur M\u00fcndung und hol Dir die wundersch\u00f6ne Sammlerm\u00fcnze in der Edition &#8222;Aller&#8220;. <\/p>\n\n\n<div class=\"wp-block-image\">\n<figure class=\"aligncenter size-large is-resized\"><a href=\"https:\/\/www.digistore24.com\/product\/661538\"><img loading=\"lazy\" decoding=\"async\" width=\"967\" height=\"667\" src=\"https:\/\/rockyourgoal.de\/wp-content\/uploads\/2026\/01\/RiverFlow-Aller-967x667.jpg\" alt=\"\" class=\"wp-image-21164\" style=\"aspect-ratio:1.4497990884819718;width:349px;height:auto\" srcset=\"https:\/\/rockyourgoal.de\/wp-content\/uploads\/2026\/01\/RiverFlow-Aller.jpg 967w, https:\/\/rockyourgoal.de\/wp-content\/uploads\/2026\/01\/RiverFlow-Aller-768x529.jpg 768w, https:\/\/rockyourgoal.de\/wp-content\/uploads\/2026\/01\/RiverFlow-Aller-18x12.jpg 18w\" sizes=\"auto, (max-width: 967px) 100vw, 967px\" \/><\/a><\/figure>\n<\/div>\n\n\n<h2 class=\"wp-block-heading\">ISCRIZIONE E SCOPO DELLA SFIDA<\/h2>\n\n\n\n<ul class=\"wp-block-list\">\n<li><em><strong>Solltest Du die Timeless Challenge (bei der diese Challenge inklusive ist) noch nicht gebucht haben,\u00a0<a href=\"https:\/\/www.digistore24.com\/product\/661538\">dann klick bitte auf das Logo und Du wirst zur Anmeldeseite unseres Partners Digistore24 geleitet.<\/a><\/strong><\/em><\/li>\n\n\n\n<li>Riceverai una conferma di registrazione<\/li>\n\n\n\n<li>Nun musst Du die Aller von der Quelle bis ins Delta mit dem Fahrrad begleiten. Sobald Du das geschafft hast, lade bitte einen Auszug Deines Trackings in unser Tool oder schick ihn uns per Email. Wir glauben Dir auch ohne Tracking, allerdings wirst Du dann nicht in die RiverFlow-Lake-Museum-Ehrentabelle aufgenommen.<\/li>\n\n\n\n<li>Dopo la nostra verifica, riceverai la tua meritata medaglia e la sfera. Facile, no?<\/li>\n<\/ul>\n\n\n<div class=\"wp-block-image\">\n<figure class=\"aligncenter size-large is-resized\"><a href=\"https:\/\/www.digistore24.com\/product\/661538\"><img loading=\"lazy\" decoding=\"async\" width=\"967\" height=\"667\" src=\"http:\/\/rockyourgoal.de\/wp-content\/uploads\/2026\/01\/RiverFlow-Aller-967x667.jpg\" alt=\"\" class=\"wp-image-21164\" style=\"aspect-ratio:1.4497990884819718;width:296px;height:auto\" srcset=\"https:\/\/rockyourgoal.de\/wp-content\/uploads\/2026\/01\/RiverFlow-Aller.jpg 967w, https:\/\/rockyourgoal.de\/wp-content\/uploads\/2026\/01\/RiverFlow-Aller-768x529.jpg 768w, https:\/\/rockyourgoal.de\/wp-content\/uploads\/2026\/01\/RiverFlow-Aller-18x12.jpg 18w\" sizes=\"auto, (max-width: 967px) 100vw, 967px\" \/><\/a><figcaption class=\"wp-element-caption\"><a href=\"https:\/\/www.digistore24.com\/product\/661538\">Klick auf das Logo um Dich anzumelden<\/a><\/figcaption><\/figure>\n<\/div>\n\n\n<p>Die Anmeldung zur RiverFlow RIDE Aller kostet Dich&nbsp;<strong>19,- EUR<\/strong>.<\/p>\n\n\n\n<p>In dieser Startgeb\u00fchr ist unsere&nbsp;RiverFlow RIDE Challenge Sammlerm\u00fcnze in der<em>&nbsp;Edition \u201cAller\u201c <\/em>&nbsp;sowie die gr\u00fcne Murmel (16mm) der&nbsp;<a href=\"https:\/\/rockyourgoal.de\/it\/timeless-challenge\/\" target=\"_blank\" rel=\"noreferrer noopener\">Timeless Challenge<\/a>&nbsp;enthalten. Nat\u00fcrlich erh\u00e4ltst Du daf\u00fcr auch unsere Life-Score-Points gutgeschrieben.<\/p>\n\n\n\n<p>Allerdings musst Du daf\u00fcr erst einmal radeln!&nbsp;<strong>Solo allora<\/strong>&nbsp;ti invieremo la meritata medaglia e la sfera! Dopotutto, vuoi guadagnarteli, non riceverli gratuitamente.<\/p>\n\n\n\n<figure class=\"wp-block-table\"><table class=\"has-fixed-layout\"><tbody><tr><td class=\"has-text-align-center\" data-align=\"center\"><img loading=\"lazy\" decoding=\"async\" width=\"150\" height=\"132\" class=\"wp-image-21168\" style=\"width: 150px;\" src=\"http:\/\/rockyourgoal.de\/wp-content\/uploads\/2026\/01\/muenze-river-flow-ride-aller.jpg\" alt=\"\" srcset=\"https:\/\/rockyourgoal.de\/wp-content\/uploads\/2026\/01\/muenze-river-flow-ride-aller.jpg 544w, https:\/\/rockyourgoal.de\/wp-content\/uploads\/2026\/01\/muenze-river-flow-ride-aller-300x265.jpg 300w, https:\/\/rockyourgoal.de\/wp-content\/uploads\/2026\/01\/muenze-river-flow-ride-aller-14x12.jpg 14w\" sizes=\"auto, (max-width: 150px) 100vw, 150px\" \/><\/td><td class=\"has-text-align-center\" data-align=\"center\"><img loading=\"lazy\" decoding=\"async\" width=\"150\" height=\"86\" class=\"wp-image-10260\" style=\"width: 150px;\" src=\"http:\/\/rockyourgoal.de\/wp-content\/uploads\/2022\/12\/murmeln-timeless-challenge.jpg\" alt=\"\" srcset=\"https:\/\/rockyourgoal.de\/wp-content\/uploads\/2022\/12\/murmeln-timeless-challenge.jpg 1072w, https:\/\/rockyourgoal.de\/wp-content\/uploads\/2022\/12\/murmeln-timeless-challenge-300x172.jpg 300w, https:\/\/rockyourgoal.de\/wp-content\/uploads\/2022\/12\/murmeln-timeless-challenge-1024x587.jpg 1024w, https:\/\/rockyourgoal.de\/wp-content\/uploads\/2022\/12\/murmeln-timeless-challenge-768x440.jpg 768w, https:\/\/rockyourgoal.de\/wp-content\/uploads\/2022\/12\/murmeln-timeless-challenge-18x10.jpg 18w, https:\/\/rockyourgoal.de\/wp-content\/uploads\/2022\/12\/murmeln-timeless-challenge-850x487.jpg 850w\" sizes=\"auto, (max-width: 150px) 100vw, 150px\" \/><\/td><\/tr><\/tbody><\/table><\/figure>\n\n\n\n<p>Mit Deiner Anmeldegeb\u00fchr unterst\u00fctzt Du mein Herzensprojekt, die&nbsp;<a href=\"https:\/\/rockyourgoal.de\/it\/big5forlife\/trees4breeze\/\" target=\"_blank\" rel=\"noreferrer noopener\">Riforestazione di un milione di alberi in tutto il mondo!<\/a><\/p>\n\n\n\n<h2 class=\"wp-block-heading\">Regole<\/h2>\n\n\n\n<p>Il regolamento dell'&nbsp;<em>RiverFlow RIDE Aller<\/em>&nbsp;sono molto semplici. Tuttavia, a questo punto vorremmo chiarirli ancora una volta:<\/p>\n\n\n\n<ul class=\"wp-block-list\">\n<li><a href=\"https:\/\/www.digistore24.com\/product\/661538\">Melde Dich bei der RiverFlow RIDE Challenge Aller an<\/a>! Solltest Du bereits das Timeless Challenge Paket gebucht haben, ist diese Challenge inklusive.<\/li>\n\n\n\n<li>Um die RiverFlow RIDE Challenge Aller zu bezwingen und Dir die sch\u00f6ne Sammlermedaille zu verdienen, musst Du nach Deiner Anmeldung die Aller von der Quellle bis zur M\u00fcndung mit dem Fahrrad begleiten.<\/li>\n\n\n\n<li>Die Challenge ist in verschiedene Etappen eingeteilt, aber es bleibt Dir gleich ob Du alle Etappen am St\u00fcck machst, oder diese aufteilst. Du hast keinen Zeitstress, denn es gibt keine zeitliche Begrenzung. Der Genuss steht im Vordergrund.<\/li>\n\n\n\n<li>Wir vertrauen Dir, dass Du den Fluss auf ganzer Strecke begleitet hast. Wenn Du jedoch in die Ehrentabelle aufgenommen werden willst, dann brauchen wir eine Kopie Deines Trackings. Dabei ist es uns egal womit (welche Uhr, Smartphone oder App Du nutzt).<\/li>\n<\/ul>\n\n\n\n<h3 class=\"wp-block-heading\"><strong>Informazioni generali ATTENZIONE!<\/strong><\/h3>\n\n\n\n<ul class=\"wp-block-list\">\n<li>Tenete presente che l'StVO si applica nelle aree a traffico pubblico e lungo le strade e le piste ciclabili. Quindi muovetevi con cautela.<\/li>\n\n\n\n<li>Du f\u00e4hrst auf eigene Gefahr und auf eigenes Risiko. Der Betreiber dieser Internetseite \u00fcbernimmt keinerlei Haftung.<\/li>\n\n\n\n<li>Ti invitiamo a seguire eventuali consigli medici o a sottoporti a visite mediche prima dell'inizio della sfida. Sei responsabile del tuo stato di salute, del tuo equipaggiamento e della tua forma fisica. Non c'\u00e8 vergogna nell'annullare un tour, la salute viene sempre prima di tutto!<\/li>\n<\/ul>\n\n\n\n<h3 class=\"wp-block-heading\"><strong>Ein paar wichtige Regeln zum Umgang mit der Natur<\/strong><\/h3>\n\n\n\n<ul class=\"wp-block-list\">\n<li>Segui le istruzioni locali per la protezione della natura.<\/li>\n\n\n\n<li>Bitte nicht abseits der Wege fahren.<\/li>\n\n\n\n<li>Non fare rumore.<\/li>\n\n\n\n<li>Non raccogliere pietre o minerali.<\/li>\n\n\n\n<li>Non raccogliere funghi.<\/li>\n\n\n\n<li>Si prega di non lasciare rifiuti.<\/li>\n\n\n\n<li>Non dare da mangiare agli animali.<\/li>\n\n\n\n<li>Non accendere un fuoco all'aperto.<\/li>\n\n\n\n<li>Non raccogliere piante.<\/li>\n<\/ul>\n\n\n\n<p>Questo dovrebbe essere chiaro a tutti, ma non fa male ricordarlo di tanto in tanto.&nbsp;<\/p>\n\n\n\n<h3 class=\"wp-block-heading\">Deine Medaille und Deine Murmel und die Life-Score Punkte<\/h3>\n\n\n\n<p>Wenn Du die RiverFlow RIDE Challenge Aller geschafft hast, dann hast Du Dir die wundersch\u00f6ne Sammlerm\u00fcnze verdient. Diese kann die Erste, in Deiner kommenden Sammlung aus der RiverFlow RIDE Serie werden. Hinzu kommt, dass Du f\u00fcr 20 zur\u00fcckgelegte Kilometer jeweils einen Life-Score Punkt f\u00fcr die Ehrentabelle und unser Life Lake Museum der Timeless Challenge erh\u00e4ltst.<\/p>\n\n\n<div class=\"wp-block-image\">\n<figure class=\"aligncenter is-resized\"><img loading=\"lazy\" decoding=\"async\" width=\"300\" height=\"300\" src=\"http:\/\/rockyourgoal.de\/wp-content\/uploads\/2022\/12\/image.png\" alt=\"\" class=\"wp-image-10036\" style=\"width:164px;height:auto\" srcset=\"https:\/\/rockyourgoal.de\/wp-content\/uploads\/2022\/12\/image.png 300w, https:\/\/rockyourgoal.de\/wp-content\/uploads\/2022\/12\/image-150x150.png 150w, https:\/\/rockyourgoal.de\/wp-content\/uploads\/2022\/12\/image-12x12.png 12w\" sizes=\"auto, (max-width: 300px) 100vw, 300px\" \/><figcaption class=\"wp-element-caption\">Verdien Dir Deine Life-Score-Punkte<\/figcaption><\/figure>\n<\/div>\n\n\n<h2 class=\"wp-block-heading\">Die Aller von der Quelle bis zur M\u00fcndung<\/h2>\n\n\n\n<h3 class=\"wp-block-heading\">Der Start: Die Allerquelle in Eggenstedt<\/h3>\n\n\n\n<p>Ihre Reise beginnt im beschaulichen <strong>Eggenstedt<\/strong> (Sachsen-Anhalt), am Rande des sanft gewellten Flechtinger H\u00f6henzuges. Hier, inmitten von Wiesen und W\u00e4ldern, entspringt die Aller. Die gefasste Quelle l\u00e4dt zu einem Moment der Ruhe ein, bevor Sie sich auf den Weg Richtung Nordwesten machen.<\/p>\n\n\n\n<p><strong>Sehenswertes in der Umgebung:<\/strong> Nur wenige Kilometer von der Quelle entfernt liegt das pr\u00e4chtige <strong>Schloss Hundisburg<\/strong> bei Haldensleben. Die barocke Schlossanlage mit ihrem weitl\u00e4ufigen Landschaftspark und dem bedeutenden Barockgarten ist ein absolutes Highlight der Region. Es verk\u00f6rpert den perfekten Startpunkt f\u00fcr eine Tour, die Natur und Hochkultur vereint.<\/p>\n\n\n\n<h3 class=\"wp-block-heading\">Etappe 1: Durch den Dr\u00f6mling nach Wolfsburg<\/h3>\n\n\n\n<p>Die Route f\u00fchrt Sie durch das \u201eLand der tausend Gr\u00e4ben\u201c, den <strong>Naturpark Dr\u00f6mling<\/strong>. Dieses ehemalige Niedermoor ist heute ein Paradies f\u00fcr St\u00f6rche, Biber und seltene Vogelarten. Auf flachen Wegen radeln Sie entspannt in Richtung Niedersachsen, bis die Silhouette der \u201eAutostadt\u201c am Horizont erscheint.<\/p>\n\n\n\n<p><strong>Wolfsburg \u2013 Die Stadt der Kontraste:<\/strong> Wolfsburg ist weit mehr als nur ein Industriestandort. Hier trifft futuristische Architektur auf gr\u00fcne Oasen.<\/p>\n\n\n\n<ul class=\"wp-block-list\">\n<li><strong>Die Autostadt:<\/strong> Ein 28 Hektar gro\u00dfer Themenpark, der Mobilit\u00e4t erlebbar macht. Die gl\u00e4sernen Autot\u00fcrme sind das weithin sichtbare Wahrzeichen.<\/li>\n\n\n\n<li><strong>phaeno:<\/strong> In dem spektakul\u00e4ren Bauwerk der Stararchitektin Zaha Hadid wartet eine Experimentierlandschaft, die Wissenschaft zum Anfassen bietet.<\/li>\n\n\n\n<li><strong>Schloss Wolfsburg:<\/strong> Ein wundersch\u00f6nes Schloss der Weserrenaissance, das einen reizvollen Kontrast zur modernen Architektur der Innenstadt bildet.<\/li>\n<\/ul>\n\n\n\n<h3 class=\"wp-block-heading\">Etappe 2: Die M\u00fchlenstadt Gifhorn und die S\u00fcdheide<\/h3>\n\n\n\n<p>Hinter Wolfsburg wird es wieder l\u00e4ndlicher. Die Aller schl\u00e4ngelt sich durch weite Wiesenauen. Sie erreichen <strong>Gifhorn<\/strong>, eine Stadt, die f\u00fcr ihr maritimes Flair am Flusslauf von Aller und Ise bekannt ist.<\/p>\n\n\n\n<p><strong>Highlights in Gifhorn:<\/strong><\/p>\n\n\n\n<ul class=\"wp-block-list\">\n<li><strong>Internationales M\u00fchlenmuseum:<\/strong> Ein weltweit einzigartiges Freilichtmuseum mit originalgetreuen Wind- und Wasserm\u00fchlen aus vielen L\u00e4ndern. Besonders sehenswert ist die russisch-orthodoxe Holzkirche auf dem Gel\u00e4nde.<\/li>\n\n\n\n<li><strong>Welfenschloss Gifhorn:<\/strong> Das Schloss im Stil der Weserrenaissance beherbergt heute das Historische Museum und ist von einem idyllischen Schlosssee umgeben.<\/li>\n<\/ul>\n\n\n\n<h3 class=\"wp-block-heading\">Etappe 3: Residenzstadt Celle \u2013 Ein Fachwerkjuwel<\/h3>\n\n\n\n<p>Die Fahrt von Gifhorn nach Celle f\u00fchrt Sie durch das Aller-Urstromtal. Die Wege sind herrlich ausgebaut und bieten immer wieder Ausblicke auf den ruhig dahinflie\u00dfenden Fluss. In <strong>Celle<\/strong> angekommen, erwartet Sie eine der sch\u00f6nsten Altst\u00e4dte Europas.<\/p>\n\n\n\n<p><strong>Sehensw\u00fcrdigkeiten in Celle:<\/strong><\/p>\n\n\n\n<ul class=\"wp-block-list\">\n<li><strong>Die Altstadt:<\/strong> Mit fast 500 liebevoll restaurierten Fachwerkh\u00e4usern besitzt Celle eines der gr\u00f6\u00dften zusammenh\u00e4ngenden Ensembles dieser Art weltweit. Ein Spaziergang durch die Gassen wie die \u201eZ\u00f6llnerstra\u00dfe\u201c ist wie eine Zeitreise.<\/li>\n\n\n\n<li><strong>Celler Schloss:<\/strong> Einst Residenz der Herz\u00f6ge von Braunschweig-L\u00fcneburg. Besonders beeindruckend sind die Schlosskapelle mit ihrer Renaissance-Ausstattung und das Schlosstheater \u2013 das \u00e4lteste regelm\u00e4\u00dfig bespielte Barocktheater Europas.<\/li>\n\n\n\n<li><strong>Bauhaus-Architektur:<\/strong> Celle gilt als bedeutender Ort des \u201eNeuen Bauens\u201c. Der Architekt Otto Haesler pr\u00e4gte hier das Stadtbild mit ikonischen Siedlungen wie dem \u201eItalienischen Garten\u201c.<\/li>\n<\/ul>\n\n\n\n<h3 class=\"wp-block-heading\">Etappe 4: Durch das Aller-Leine-Tal<\/h3>\n\n\n\n<p>Westlich von Celle weitet sich die Landschaft. Der Fluss bildet hier viele Altarme, die Lebensraum f\u00fcr zahlreiche Tierarten bieten. Sie passieren beschauliche Orte wie <strong>Winsen (Aller)<\/strong> mit seinem Museumshof und <strong>Wietze<\/strong>, den Geburtsort der weltweiten Erd\u00f6lindustrie (das Deutsche Erd\u00f6lmuseum ist einen Abstecher wert!).<\/p>\n\n\n\n<p>Weiter geht es Richtung <strong>Schwarmstedt<\/strong>, wo die Leine in die Aller m\u00fcndet. Die Region ist bekannt f\u00fcr ihren Spargelanbau \u2013 zur Saison ein kulinarisches Muss f\u00fcr jeden Radfahrer.<\/p>\n\n\n\n<h3 class=\"wp-block-heading\">Etappe 5: Das Ziel \u2013 Verden an der Aller<\/h3>\n\n\n\n<p>Die letzte Etappe f\u00fchrt durch das Untere Allertal. Die Deiche werden h\u00f6her, die Weiden weiter. Schlie\u00dflich erreichen Sie die \u201eReiterstadt\u201c <strong>Verden<\/strong>, kurz vor der M\u00fcndung der Aller in die Weser.<\/p>\n\n\n\n<p><strong>Highlights in Verden:<\/strong><\/p>\n\n\n\n<ul class=\"wp-block-list\">\n<li><strong>Verdener Dom:<\/strong> Der imposante gotische Backsteindom St. Maria und Cecillia pr\u00e4gt das Stadtbild seit \u00fcber 1000 Jahren.<\/li>\n\n\n\n<li><strong>Deutsches Pferdemuseum:<\/strong> Verden ist das Zentrum der Pferdezucht. Das Museum am Holzmarkt zeigt alles zur Kulturgeschichte des Pferdes \u2013 ein Muss, nicht nur f\u00fcr Reiter.<\/li>\n\n\n\n<li><strong>Historische Altstadt:<\/strong> Enge Gassen und das Fischerviertel direkt am Flussufer laden zum Verweilen ein.<\/li>\n<\/ul>\n\n\n\n<p><strong>Die M\u00fcndung:<\/strong> N\u00f6rdlich von Verden, im Ortsteil Eissel, vollendet die Aller ihren Lauf. Hier flie\u00dft sie ruhig in die Weser. Ein kleiner Aussichtspunkt markiert diesen geografisch bedeutenden Ort \u2013 der perfekte Platz, um die Reise Revue passieren zu lassen.<\/p>\n\n\n\n<h3 class=\"wp-block-heading\">Praktische Tipps f\u00fcr Deine Tour:<\/h3>\n\n\n\n<ul class=\"wp-block-list\">\n<li><strong>Beste Reisezeit:<\/strong> Von Mai bis September, wenn die Heidelandschaft bl\u00fcht und die Bierg\u00e4rten am Flussufer ge\u00f6ffnet haben.<\/li>\n\n\n\n<li><strong>Beschaffenheit:<\/strong> Die Strecke ist \u00fcberwiegend flach und sehr gut asphaltiert oder geschottert, was sie ideal f\u00fcr Familien und Genussradler macht.<\/li>\n\n\n\n<li><strong>Anreise:<\/strong> Sowohl der Startpunkt (nahe Magdeburg) als auch das Ziel Verden sind hervorragend an das Bahnnetz angebunden.<\/li>\n<\/ul>\n\n\n\n<p>Diese Tour ist eine Einladung, die Langsamkeit zu entdecken. Folge dem Lauf der Aller und genie\u00df die herzliche Gastfreundschaft in den Regionen zwischen B\u00f6rde und Weser. <strong>Viel Freude bei Deinem Radabenteuer!<\/strong><\/p>\n\n\n\n<h2 class=\"wp-block-heading\">RiverFlow RIDE Challenge Aller EHRENTAFEL<\/h2>\n\n\n\n<p>Qui puoi inserire i tuoi risultati in modo semplice e veloce e caricare una prova (ad esempio una schermata del tuo tracking). Noi li controlleremo e li approveremo. Il tuo risultato verr\u00e0 poi salvato e apparir\u00e0 nell'albo d'oro.<\/p>\n\n\n\n<p class=\"has-text-align-center\"><strong><a href=\"http:\/\/rockyourgoal.de\/wp-content\/uploads\/2023\/11\/Beschreibung-Challenge-Tool.pdf\">Istruzioni per il Challenge Tool<\/a><\/strong><\/p>\n\n\n\n<p>Come funziona il nostro albo d'oro<\/p>\n\n\n\n<ul class=\"wp-block-list\">\n<li><a href=\"https:\/\/rockyourgoal.de\/it\/wb-admin\/?action=register\">Registrati sul nostro sito<\/a><\/li>\n\n\n\n<li>W\u00e4hle die von Dir zur\u00fcckgelegte Teilstrecke unter \u201eLake\u201c aus. Wunder Dich nicht, wir nutzen aus Kostengr\u00fcnden f\u00fcr die RiverFlow Challenge das Tool der Bike Lake Challenge, deshalb passen die Begriffe nur ansatzweise.<\/li>\n\n\n\n<li>Inserite la distanza percorsa (in metri) alla voce \"<em>Length (in m)<\/em>\u201c<\/li>\n\n\n\n<li>Inserire il tempo richiesto (in minuti) in \"<em>Time needed (in min)<\/em>\u201d<\/li>\n\n\n\n<li>Gib das Datum Deiner Fahrt unter \u201cdate\u201d an. Bei mehreren Tagen bitte den letzten Tag (Tag an dem Du ins Ziel kamst)<\/li>\n\n\n\n<li>Ora \u00e8 possibile caricare le prove (ad esempio uno screenshot del tracciamento) sotto la voce \"<em>Upload proof (optional)<\/em>\u201c<\/li>\n\n\n\n<li>Ora non vi resta che SALVARE!<\/li>\n\n\n\n<li>Wir pr\u00fcfen Deine Fahrt und geben sie frei. Dann siehst Du Dein Ergebnis in der Rangliste.<\/li>\n<\/ul>\n\n\n\n<p>&#8211;Tool&#8211;<\/p>\n\n\n\n<h2 class=\"wp-block-heading\">DIE RiverFlow RIDE CHALLENGE IN SOCIAL MEDIA<\/h2>\n\n\n\n<h3 class=\"wp-block-heading\">Mach mit in unserem Forum<\/h3>\n\n\n\n<p>Tausch Dich aus in unserer Community! Unser Forum f\u00fcr Erfahrungen, Berichte, Fragen und mehr<\/p>\n\n\n<div class=\"wp-block-image\">\n<figure class=\"aligncenter is-resized\"><a href=\"https:\/\/rockyourgoal.de\/it\/forum\/\"><img loading=\"lazy\" decoding=\"async\" width=\"808\" height=\"494\" src=\"http:\/\/rockyourgoal.de\/wp-content\/uploads\/2025\/06\/logo-rockyourgoal-forum-808x494.jpg\" alt=\"Tausch Dich aus in unserer Community! Unser Forum f\u00fcr Erfahrungen, Berichte, Fragen und mehr\" class=\"wp-image-19411\" style=\"width:466px;height:auto\" srcset=\"https:\/\/rockyourgoal.de\/wp-content\/uploads\/2025\/06\/logo-rockyourgoal-forum.jpg 808w, https:\/\/rockyourgoal.de\/wp-content\/uploads\/2025\/06\/logo-rockyourgoal-forum-768x469.jpg 768w, https:\/\/rockyourgoal.de\/wp-content\/uploads\/2025\/06\/logo-rockyourgoal-forum-18x12.jpg 18w\" sizes=\"auto, (max-width: 808px) 100vw, 808px\" \/><\/a><\/figure>\n<\/div>\n\n\n<h3 class=\"wp-block-heading\"><br>HASHTAGS DER RiverFlow RIDE CHALLENGE<\/h3>\n\n\n\n<p>Wir freuen uns, wenn Du Bilder, Videos und Deine Erfahrungen rund um die RiverFlow RIDE Challenge mit anderen teilst. Daf\u00fcr stellen wir Dir die folgenden Hashtags zur Verf\u00fcgung:<\/p>\n\n\n\n<ul class=\"wp-block-list\">\n<li>#riverflowride<\/li>\n\n\n\n<li>#riverflowridealler<\/li>\n\n\n\n<li>#timelesschallenge<\/li>\n\n\n\n<li>#timelesschallenger<\/li>\n<\/ul>\n\n\n\n<h3 class=\"wp-block-heading\">DIE RIVER FLOW CHALLENGE AUF FACEBOOK<\/h3>\n\n\n\n<p>Naturalmente, vorremmo anche invitarti a unirti al nostro gruppo Facebook<em>Bike Challenge Discussion Board<\/em>\u201d.<\/p>\n\n\n\n<h2 class=\"wp-block-heading\">IMPRONTA<\/h2>\n\n\n\n<p><a href=\"https:\/\/rockyourgoal.de\/it\/deshalb-bist-du-hier\/impressum-und-datenschutz\/\" target=\"_blank\" rel=\"noreferrer noopener\">Alla nostra impronta<\/a><\/p>","protected":false},"excerpt":{"rendered":"<p>Entlang der Aller zu radeln bedeutet, eine der abwechslungsreichsten Flusslandschaften Norddeutschlands zu entdecken. Der Aller-Radweg erstreckt sich \u00fcber rund 328 Kilometer und verbindet die sanften H\u00fcgel der Magdeburger B\u00f6rde mit der weiten Flussmarsch der Weser. Diese Route f\u00fchrt Sie durch historische Residenzst\u00e4dte, idyllische Heidelandschaften und modernste Technikwelten. Begleite diesen wundersch\u00f6nen&hellip;<\/p>\n<p> <a class=\"more-link\" href=\"https:\/\/rockyourgoal.de\/it\/riverflow-ride\/aller\/\">Leggi tutto<\/a><\/p>","protected":false},"author":2,"featured_media":21163,"parent":21084,"menu_order":0,"comment_status":"closed","ping_status":"closed","template":"","meta":{"pgc_sgb_lightbox_settings":"","_glsr_average":0,"_glsr_ranking":0,"_glsr_reviews":0,"footnotes":""},"class_list":["post-21153","page","type-page","status-publish","has-post-thumbnail"],"_links":{"self":[{"href":"https:\/\/rockyourgoal.de\/it\/wp-json\/wp\/v2\/pages\/21153","targetHints":{"allow":["GET"]}}],"collection":[{"href":"https:\/\/rockyourgoal.de\/it\/wp-json\/wp\/v2\/pages"}],"about":[{"href":"https:\/\/rockyourgoal.de\/it\/wp-json\/wp\/v2\/types\/page"}],"author":[{"embeddable":true,"href":"https:\/\/rockyourgoal.de\/it\/wp-json\/wp\/v2\/users\/2"}],"replies":[{"embeddable":true,"href":"https:\/\/rockyourgoal.de\/it\/wp-json\/wp\/v2\/comments?post=21153"}],"version-history":[{"count":8,"href":"https:\/\/rockyourgoal.de\/it\/wp-json\/wp\/v2\/pages\/21153\/revisions"}],"predecessor-version":[{"id":21170,"href":"https:\/\/rockyourgoal.de\/it\/wp-json\/wp\/v2\/pages\/21153\/revisions\/21170"}],"up":[{"embeddable":true,"href":"https:\/\/rockyourgoal.de\/it\/wp-json\/wp\/v2\/pages\/21084"}],"wp:featuredmedia":[{"embeddable":true,"href":"https:\/\/rockyourgoal.de\/it\/wp-json\/wp\/v2\/media\/21163"}],"wp:attachment":[{"href":"https:\/\/rockyourgoal.de\/it\/wp-json\/wp\/v2\/media?parent=21153"}],"curies":[{"name":"wp","href":"https:\/\/api.w.org\/{rel}","templated":true}]}}