{"id":21084,"date":"2026-01-10T14:08:22","date_gmt":"2026-01-10T13:08:22","guid":{"rendered":"https:\/\/rockyourgoal.de\/?page_id=21084"},"modified":"2026-01-15T11:24:43","modified_gmt":"2026-01-15T10:24:43","slug":"riverflow-ride","status":"publish","type":"page","link":"https:\/\/rockyourgoal.de\/it\/riverflow-ride\/","title":{"rendered":"RiverFlow Ride"},"content":{"rendered":"<p>Unsere wundersch\u00f6ne Erde ist durchzogen von lebenswichtigen Adern aus Wasser, den Fl\u00fcssen. Ihr Wasser und ihre Ufer bieten Pflanzen, Tieren und Menschen seit jeher beste Voraussetzungen um zu leben und sich weiter zu entwickeln. Ein Fluss durchl\u00e4uft von seiner Quelle bis zur M\u00fcndung verschiedene Stadien und Gr\u00f6\u00dfen und alle haben ihren eigenen Reiz. <\/p>\n\n\n\n<p>Die Menschen haben bereits vor vielen tausend Jahren begriffen, dass es gro\u00dfe Vorteile bringt in der N\u00e4he eines Flusses zu wohnen und zu leben. So entstanden wunderbare und vielf\u00e4ltige Orte und St\u00e4dte, reich an Kultur, Kulinarik und Geheimnissen. <\/p>\n\n\n\n<p>Mittlerweile haben wir erkannt, dass ein Fluss dar\u00fcber hinaus vielf\u00e4ltige M\u00f6glichkeiten der Erholung bietet, und so ist die Idee des RiverFlow entstanden. Es bedeutet nicht mehr und auch nicht weniger als einem Fluss von der Quelle bis zur M\u00fcndung zu folgen. <\/p>\n\n\n\n<p>Egal ob es sich um einen kleinen oder gro\u00dfen Fluss handelt, die Strecken sind oft lang. Deshalb starten wir mit der &#8222;RIDE&#8220; Edition. Du begleitest den Fluss also in Flie\u00dfrichtung von der Quelle bis zur M\u00fcndung mit dem Fahrrad. <\/p>\n\n\n\n<figure class=\"wp-block-image size-full\"><img loading=\"lazy\" decoding=\"async\" width=\"2064\" height=\"1266\" src=\"https:\/\/rockyourgoal.de\/wp-content\/uploads\/2026\/01\/RiverFlow-Ride.jpg\" alt=\"\" class=\"wp-image-21086\" srcset=\"https:\/\/rockyourgoal.de\/wp-content\/uploads\/2026\/01\/RiverFlow-Ride.jpg 2064w, https:\/\/rockyourgoal.de\/wp-content\/uploads\/2026\/01\/RiverFlow-Ride-768x471.jpg 768w, https:\/\/rockyourgoal.de\/wp-content\/uploads\/2026\/01\/RiverFlow-Ride-18x12.jpg 18w\" sizes=\"auto, (max-width: 2064px) 100vw, 2064px\" \/><\/figure>\n\n\n\n<p>Das Ziel von RiverFlow RIDE ist es, die Fl\u00fcsse Europas auf dem Fahrrad zu erkunden und dabei wunderbare Momente zu erleben. Du wirst Menschen, St\u00e4dte und unvergleichliche Natur kennen lernen. Aber w\u00e4hrend dieser kurzen Radreisen wirst Du Dich auch selbst kennen lernen und wieder sp\u00fcren wie sich die Elemente anf\u00fchlen. <\/p>\n\n\n<div class=\"wp-block-image\">\n<figure class=\"aligncenter\"><a href=\"https:\/\/rockyourgoal.de\/it\/timeless-challenge\/#Anmeldung_und_Leistungsumfang\"><img loading=\"lazy\" decoding=\"async\" width=\"300\" height=\"145\" src=\"https:\/\/rockyourgoal.de\/wp-content\/uploads\/2022\/11\/image-3.png\" alt=\"\" class=\"wp-image-9943\" srcset=\"https:\/\/rockyourgoal.de\/wp-content\/uploads\/2022\/11\/image-3.png 300w, https:\/\/rockyourgoal.de\/wp-content\/uploads\/2022\/11\/image-3-18x9.png 18w\" sizes=\"auto, (max-width: 300px) 100vw, 300px\" \/><\/a><figcaption class=\"wp-element-caption\"><a href=\"https:\/\/rockyourgoal.de\/it\/timeless-challenge\/#Anmeldung_und_Leistungsumfang\">RiverFlow RIDE ist eine Timeless Challenge. Mach mit!<\/a><\/figcaption><\/figure>\n<\/div>\n\n\n<p><strong><em>Folge uns und bleib informiert!<\/em><\/strong><\/p>\n\n\n\n<ul class=\"wp-block-list\">\n<li><strong>Instagram<\/strong>:&nbsp;<a href=\"https:\/\/www.instagram.com\/timeless_challenge\" target=\"_blank\" rel=\"noreferrer noopener\">@timeless_challenge<\/a><\/li>\n\n\n\n<li><strong>Facebook<\/strong>:&nbsp;<a href=\"https:\/\/www.facebook.com\/rockyourgoal\" target=\"_blank\" rel=\"noreferrer noopener\">Rockyourgoal<\/a><\/li>\n\n\n\n<li><strong>Twitter<\/strong>:&nbsp;<a href=\"https:\/\/www.twitter.com\/goal_rock\" target=\"_blank\" rel=\"noreferrer noopener\">@goal_rock<\/a><\/li>\n<\/ul>\n\n\n\n<blockquote class=\"wp-block-quote is-layout-flow wp-block-quote-is-layout-flow\">\n<p><strong><em>Wir wollen&nbsp;<a href=\"https:\/\/rockyourgoal.de\/it\/big5forlife\/trees4breeze\/\" target=\"_blank\" rel=\"noreferrer noopener\">eine Million B\u00e4ume weltweit pflanzen<\/a>&nbsp;senza elemosinare donazioni!<\/em><\/strong> Uwe Kauntz<\/p>\n<\/blockquote>\n\n\n\n<p>Nat\u00fcrlich ist RiverFlow RIDE voll und ganz in die Timeless Challenge integriert, so dass Du Life Score Points, eine Murmel und eine spezifische Medaille f\u00fcr Deine Leistung bekommst. Aber auch hier gilt: Zuerst die Arbeit, dann die Belohnung.<\/p>\n\n\n\n<p>RiverFlow ist in dem <a href=\"https:\/\/rockyourgoal.de\/it\/timeless-challenge\/#Anmeldung_und_Leistungsumfang\">Leistungsumfang der Timeless Challenge<\/a> enthalten, aber nat\u00fcrlich kannst Du diese Challenges auch einzeln buchen.<\/p>\n\n\n\n<p>Also, ab auf\u00b4s Fahrrad und los geht\u00b4s!<\/p>\n\n\n\n<h2 class=\"wp-block-heading\">RiverFlow RIDE gibt es bisher in folgenden Editionen:<\/h2>\n\n\n\n<figure class=\"wp-block-table\"><table class=\"has-fixed-layout\"><tbody><tr><td class=\"has-text-align-center\" data-align=\"center\"><strong>RiverFlow RIDE &#8211; Challenge<\/strong><\/td><td class=\"has-text-align-center\" data-align=\"center\"><strong>L\u00e4nge<\/strong><\/td><\/tr><tr><td class=\"has-text-align-center\" data-align=\"center\"><a href=\"https:\/\/rockyourgoal.de\/it\/riverflow-ride\/aller\/\"><img loading=\"lazy\" decoding=\"async\" width=\"150\" height=\"103\" class=\"wp-image-21164\" style=\"width: 150px;\" src=\"http:\/\/rockyourgoal.de\/wp-content\/uploads\/2026\/01\/RiverFlow-Aller.jpg\" alt=\"\" srcset=\"https:\/\/rockyourgoal.de\/wp-content\/uploads\/2026\/01\/RiverFlow-Aller.jpg 967w, https:\/\/rockyourgoal.de\/wp-content\/uploads\/2026\/01\/RiverFlow-Aller-768x529.jpg 768w, https:\/\/rockyourgoal.de\/wp-content\/uploads\/2026\/01\/RiverFlow-Aller-18x12.jpg 18w\" sizes=\"auto, (max-width: 150px) 100vw, 150px\" \/><\/a><br><a href=\"https:\/\/rockyourgoal.de\/it\/riverflow-ride\/aller\/\">RiverFlow RIDE &#8211; Aller<\/a><\/td><td class=\"has-text-align-center\" data-align=\"center\">ca. 300 Kilometer<\/td><\/tr><tr><td class=\"has-text-align-center\" data-align=\"center\"><a href=\"https:\/\/rockyourgoal.de\/it\/riverflow-ride\/danube\/\"><img loading=\"lazy\" decoding=\"async\" width=\"150\" height=\"127\" class=\"wp-image-21092\" style=\"width: 150px;\" src=\"http:\/\/rockyourgoal.de\/wp-content\/uploads\/2026\/01\/RiverFlow-Danube-klein.jpg\" alt=\"\"><br>RiverFlow RIDE &#8211; Danube (Donau)<\/a><\/td><td class=\"has-text-align-center\" data-align=\"center\">ca. 2800 Kilometer<\/td><\/tr><\/tbody><\/table><\/figure>\n\n\n\n<p><\/p>","protected":false},"excerpt":{"rendered":"<p>Unsere wundersch\u00f6ne Erde ist durchzogen von lebenswichtigen Adern aus Wasser, den Fl\u00fcssen. Ihr Wasser und ihre Ufer bieten Pflanzen, Tieren und Menschen seit jeher beste Voraussetzungen um zu leben und sich weiter zu entwickeln. Ein Fluss durchl\u00e4uft von seiner Quelle bis zur M\u00fcndung verschiedene Stadien und Gr\u00f6\u00dfen und alle haben&hellip;<\/p>\n<p> <a class=\"more-link\" href=\"https:\/\/rockyourgoal.de\/it\/riverflow-ride\/\">Leggi tutto<\/a><\/p>","protected":false},"author":2,"featured_media":21088,"parent":0,"menu_order":0,"comment_status":"closed","ping_status":"closed","template":"","meta":{"pgc_sgb_lightbox_settings":"","_glsr_average":0,"_glsr_ranking":0,"_glsr_reviews":0,"footnotes":""},"class_list":["post-21084","page","type-page","status-publish","has-post-thumbnail"],"_links":{"self":[{"href":"https:\/\/rockyourgoal.de\/it\/wp-json\/wp\/v2\/pages\/21084","targetHints":{"allow":["GET"]}}],"collection":[{"href":"https:\/\/rockyourgoal.de\/it\/wp-json\/wp\/v2\/pages"}],"about":[{"href":"https:\/\/rockyourgoal.de\/it\/wp-json\/wp\/v2\/types\/page"}],"author":[{"embeddable":true,"href":"https:\/\/rockyourgoal.de\/it\/wp-json\/wp\/v2\/users\/2"}],"replies":[{"embeddable":true,"href":"https:\/\/rockyourgoal.de\/it\/wp-json\/wp\/v2\/comments?post=21084"}],"version-history":[{"count":10,"href":"https:\/\/rockyourgoal.de\/it\/wp-json\/wp\/v2\/pages\/21084\/revisions"}],"predecessor-version":[{"id":21173,"href":"https:\/\/rockyourgoal.de\/it\/wp-json\/wp\/v2\/pages\/21084\/revisions\/21173"}],"wp:featuredmedia":[{"embeddable":true,"href":"https:\/\/rockyourgoal.de\/it\/wp-json\/wp\/v2\/media\/21088"}],"wp:attachment":[{"href":"https:\/\/rockyourgoal.de\/it\/wp-json\/wp\/v2\/media?parent=21084"}],"curies":[{"name":"wp","href":"https:\/\/api.w.org\/{rel}","templated":true}]}}